{"id":84847,"date":"2026-04-14T16:18:14","date_gmt":"2026-04-14T14:18:14","guid":{"rendered":"https:\/\/www.koonings.com\/product\/abrazi-o6-bg-2\/"},"modified":"2025-06-05T14:01:33","modified_gmt":"2025-06-05T12:01:33","slug":"abrazi-o6-bg-2","status":"publish","type":"product","link":"https:\/\/www.koonings.com\/fr\/product\/abrazi-o6-bg-2\/","title":{"rendered":"Abrazi O6-BG"},"content":{"rendered":"<p>Les boucles d&#8217;oreilles Bieke sont des boucles d&#8217;oreilles d&#8217;apparat que vous devez avoir dans votre bo\u00eete \u00e0 bijoux, si vous croyez notre \u00e9quipe. Ces boucles d&#8217;oreilles sont parfaites pour le jour de votre mariage, mais aussi pour d&#8217;autres occasions sp\u00e9ciales. Les boucles d&#8217;oreilles sont fabriqu\u00e9es avec la cha\u00eene en cristal la plus sophistiqu\u00e9e. Elles sont disponibles avec un rev\u00eatement en rhodium, en or rose ou en or 14kt.   <\/p>\n","protected":false},"featured_media":84079,"template":"","meta":{"_acf_changed":false,"ghostkit_customizer_options":"","ghostkit_custom_css":"","ghostkit_custom_js_head":"","ghostkit_custom_js_foot":"","ghostkit_typography":""},"productdetails":[],"productneck":[],"productcolor":[],"maat":[],"productsupplier":[510],"productsleeve":[],"productcategory":[511],"productsilhouette":[],"productstyle":[],"class_list":["post-84847","product","type-product","status-publish","has-post-thumbnail","hentry","productsupplier-abrazi","productcategory-sieraden"],"acf":[],"yoast_head":"<!-- This site is optimized with the Yoast SEO plugin v27.3 - https:\/\/yoast.com\/product\/yoast-seo-wordpress\/ -->\n<title>Abrazi O6-BG | Koonings<\/title>\n<meta name=\"description\" content=\"Les boucles d&#039;oreilles Bieke sont des boucles d&#039;oreilles d&#039;apparat que vous devez avoir dans votre bo\u00eete \u00e0 bijoux, si vous croyez notre \u00e9quipe. Ces boucles d&#039;oreilles sont parfaites pour le jour de votre mariage, mais aussi pour d&#039;autres occasions sp\u00e9ciales. Les boucles d&#039;oreilles sont fabriqu\u00e9es avec la cha\u00eene en cristal la plus sophistiqu\u00e9e. Elles sont disponibles avec un rev\u00eatement en rhodium, en or rose ou en or 14kt.\" \/>\n<meta name=\"robots\" content=\"index, follow, max-snippet:-1, max-image-preview:large, max-video-preview:-1\" \/>\n<link rel=\"canonical\" href=\"https:\/\/www.koonings.com\/fr\/product\/abrazi-o6-bg-2\/\" \/>\n<meta property=\"og:locale\" content=\"fr_FR\" \/>\n<meta property=\"og:type\" content=\"article\" \/>\n<meta property=\"og:title\" content=\"Abrazi O6-BG | Koonings\" \/>\n<meta property=\"og:description\" content=\"Les boucles d&#039;oreilles Bieke sont des boucles d&#039;oreilles d&#039;apparat que vous devez avoir dans votre bo\u00eete \u00e0 bijoux, si vous croyez notre \u00e9quipe. Ces boucles d&#039;oreilles sont parfaites pour le jour de votre mariage, mais aussi pour d&#039;autres occasions sp\u00e9ciales. Les boucles d&#039;oreilles sont fabriqu\u00e9es avec la cha\u00eene en cristal la plus sophistiqu\u00e9e. Elles sont disponibles avec un rev\u00eatement en rhodium, en or rose ou en or 14kt.\" \/>\n<meta property=\"og:url\" content=\"https:\/\/www.koonings.com\/fr\/product\/abrazi-o6-bg-2\/\" \/>\n<meta property=\"og:site_name\" content=\"Koonings\" \/>\n<meta property=\"article:publisher\" content=\"https:\/\/www.facebook.com\/kooningstheweddingpalace\" \/>\n<meta property=\"og:image\" content=\"https:\/\/www.koonings.com\/wp-content\/uploads\/2025\/04\/40124_464b4bc41e95e8db399d3908a870493fda79232b75709a2792c75239d02a10f0fedbb1d4.jpeg\" \/>\n\t<meta property=\"og:image:width\" content=\"998\" \/>\n\t<meta property=\"og:image:height\" content=\"1498\" \/>\n\t<meta property=\"og:image:type\" content=\"image\/jpeg\" \/>\n<meta name=\"twitter:card\" content=\"summary_large_image\" \/>\n<script type=\"application\/ld+json\" class=\"yoast-schema-graph\">{\"@context\":\"https:\\\/\\\/schema.org\",\"@graph\":[{\"@type\":\"WebPage\",\"@id\":\"https:\\\/\\\/www.koonings.com\\\/fr\\\/product\\\/abrazi-o6-bg-2\\\/\",\"url\":\"https:\\\/\\\/www.koonings.com\\\/fr\\\/product\\\/abrazi-o6-bg-2\\\/\",\"name\":\"Abrazi O6-BG | Koonings\",\"isPartOf\":{\"@id\":\"https:\\\/\\\/www.koonings.com\\\/fr\\\/#website\"},\"primaryImageOfPage\":{\"@id\":\"https:\\\/\\\/www.koonings.com\\\/fr\\\/product\\\/abrazi-o6-bg-2\\\/#primaryimage\"},\"image\":{\"@id\":\"https:\\\/\\\/www.koonings.com\\\/fr\\\/product\\\/abrazi-o6-bg-2\\\/#primaryimage\"},\"thumbnailUrl\":\"https:\\\/\\\/www.koonings.com\\\/wp-content\\\/uploads\\\/2025\\\/04\\\/40124_464b4bc41e95e8db399d3908a870493fda79232b75709a2792c75239d02a10f0fedbb1d4.jpeg\",\"datePublished\":\"2026-04-14T14:18:14+00:00\",\"description\":\"Les boucles d'oreilles Bieke sont des boucles d'oreilles d'apparat que vous devez avoir dans votre bo\u00eete \u00e0 bijoux, si vous croyez notre \u00e9quipe. Ces boucles d'oreilles sont parfaites pour le jour de votre mariage, mais aussi pour d'autres occasions sp\u00e9ciales. Les boucles d'oreilles sont fabriqu\u00e9es avec la cha\u00eene en cristal la plus sophistiqu\u00e9e. Elles sont disponibles avec un rev\u00eatement en rhodium, en or rose ou en or 14kt.\",\"breadcrumb\":{\"@id\":\"https:\\\/\\\/www.koonings.com\\\/fr\\\/product\\\/abrazi-o6-bg-2\\\/#breadcrumb\"},\"inLanguage\":\"fr-FR\",\"potentialAction\":[{\"@type\":\"ReadAction\",\"target\":[\"https:\\\/\\\/www.koonings.com\\\/fr\\\/product\\\/abrazi-o6-bg-2\\\/\"]}]},{\"@type\":\"ImageObject\",\"inLanguage\":\"fr-FR\",\"@id\":\"https:\\\/\\\/www.koonings.com\\\/fr\\\/product\\\/abrazi-o6-bg-2\\\/#primaryimage\",\"url\":\"https:\\\/\\\/www.koonings.com\\\/wp-content\\\/uploads\\\/2025\\\/04\\\/40124_464b4bc41e95e8db399d3908a870493fda79232b75709a2792c75239d02a10f0fedbb1d4.jpeg\",\"contentUrl\":\"https:\\\/\\\/www.koonings.com\\\/wp-content\\\/uploads\\\/2025\\\/04\\\/40124_464b4bc41e95e8db399d3908a870493fda79232b75709a2792c75239d02a10f0fedbb1d4.jpeg\",\"width\":998,\"height\":1498},{\"@type\":\"BreadcrumbList\",\"@id\":\"https:\\\/\\\/www.koonings.com\\\/fr\\\/product\\\/abrazi-o6-bg-2\\\/#breadcrumb\",\"itemListElement\":[{\"@type\":\"ListItem\",\"position\":1,\"name\":\"Home\",\"item\":\"https:\\\/\\\/www.koonings.com\\\/fr\\\/\"},{\"@type\":\"ListItem\",\"position\":2,\"name\":\"Abrazi O6-BG\"}]},{\"@type\":\"WebSite\",\"@id\":\"https:\\\/\\\/www.koonings.com\\\/fr\\\/#website\",\"url\":\"https:\\\/\\\/www.koonings.com\\\/fr\\\/\",\"name\":\"Koonings\",\"description\":\"De grootste bruidsmodewinkel ter wereld\",\"publisher\":{\"@id\":\"https:\\\/\\\/www.koonings.com\\\/fr\\\/#organization\"},\"potentialAction\":[{\"@type\":\"SearchAction\",\"target\":{\"@type\":\"EntryPoint\",\"urlTemplate\":\"https:\\\/\\\/www.koonings.com\\\/fr\\\/?s={search_term_string}\"},\"query-input\":{\"@type\":\"PropertyValueSpecification\",\"valueRequired\":true,\"valueName\":\"search_term_string\"}}],\"inLanguage\":\"fr-FR\"},{\"@type\":\"Organization\",\"@id\":\"https:\\\/\\\/www.koonings.com\\\/fr\\\/#organization\",\"name\":\"Koonings\",\"url\":\"https:\\\/\\\/www.koonings.com\\\/fr\\\/\",\"logo\":{\"@type\":\"ImageObject\",\"inLanguage\":\"fr-FR\",\"@id\":\"https:\\\/\\\/www.koonings.com\\\/fr\\\/#\\\/schema\\\/logo\\\/image\\\/\",\"url\":\"https:\\\/\\\/www.koonings.com\\\/wp-content\\\/uploads\\\/2024\\\/07\\\/logo.png\",\"contentUrl\":\"https:\\\/\\\/www.koonings.com\\\/wp-content\\\/uploads\\\/2024\\\/07\\\/logo.png\",\"width\":600,\"height\":428,\"caption\":\"Koonings\"},\"image\":{\"@id\":\"https:\\\/\\\/www.koonings.com\\\/fr\\\/#\\\/schema\\\/logo\\\/image\\\/\"},\"sameAs\":[\"https:\\\/\\\/www.facebook.com\\\/kooningstheweddingpalace\",\"https:\\\/\\\/www.instagram.com\\\/kooningstheweddingpalace\",\"https:\\\/\\\/www.pinterest.com\\\/koonings\",\"https:\\\/\\\/www.youtube.com\\\/kooningstheweddingpalace\"]}]}<\/script>\n<!-- \/ Yoast SEO plugin. -->","yoast_head_json":{"title":"Abrazi O6-BG | Koonings","description":"Les boucles d'oreilles Bieke sont des boucles d'oreilles d'apparat que vous devez avoir dans votre bo\u00eete \u00e0 bijoux, si vous croyez notre \u00e9quipe. Ces boucles d'oreilles sont parfaites pour le jour de votre mariage, mais aussi pour d'autres occasions sp\u00e9ciales. Les boucles d'oreilles sont fabriqu\u00e9es avec la cha\u00eene en cristal la plus sophistiqu\u00e9e. Elles sont disponibles avec un rev\u00eatement en rhodium, en or rose ou en or 14kt.","robots":{"index":"index","follow":"follow","max-snippet":"max-snippet:-1","max-image-preview":"max-image-preview:large","max-video-preview":"max-video-preview:-1"},"canonical":"https:\/\/www.koonings.com\/fr\/product\/abrazi-o6-bg-2\/","og_locale":"fr_FR","og_type":"article","og_title":"Abrazi O6-BG | Koonings","og_description":"Les boucles d'oreilles Bieke sont des boucles d'oreilles d'apparat que vous devez avoir dans votre bo\u00eete \u00e0 bijoux, si vous croyez notre \u00e9quipe. Ces boucles d'oreilles sont parfaites pour le jour de votre mariage, mais aussi pour d'autres occasions sp\u00e9ciales. Les boucles d'oreilles sont fabriqu\u00e9es avec la cha\u00eene en cristal la plus sophistiqu\u00e9e. Elles sont disponibles avec un rev\u00eatement en rhodium, en or rose ou en or 14kt.","og_url":"https:\/\/www.koonings.com\/fr\/product\/abrazi-o6-bg-2\/","og_site_name":"Koonings","article_publisher":"https:\/\/www.facebook.com\/kooningstheweddingpalace","og_image":[{"width":998,"height":1498,"url":"https:\/\/www.koonings.com\/wp-content\/uploads\/2025\/04\/40124_464b4bc41e95e8db399d3908a870493fda79232b75709a2792c75239d02a10f0fedbb1d4.jpeg","type":"image\/jpeg"}],"twitter_card":"summary_large_image","schema":{"@context":"https:\/\/schema.org","@graph":[{"@type":"WebPage","@id":"https:\/\/www.koonings.com\/fr\/product\/abrazi-o6-bg-2\/","url":"https:\/\/www.koonings.com\/fr\/product\/abrazi-o6-bg-2\/","name":"Abrazi O6-BG | Koonings","isPartOf":{"@id":"https:\/\/www.koonings.com\/fr\/#website"},"primaryImageOfPage":{"@id":"https:\/\/www.koonings.com\/fr\/product\/abrazi-o6-bg-2\/#primaryimage"},"image":{"@id":"https:\/\/www.koonings.com\/fr\/product\/abrazi-o6-bg-2\/#primaryimage"},"thumbnailUrl":"https:\/\/www.koonings.com\/wp-content\/uploads\/2025\/04\/40124_464b4bc41e95e8db399d3908a870493fda79232b75709a2792c75239d02a10f0fedbb1d4.jpeg","datePublished":"2026-04-14T14:18:14+00:00","description":"Les boucles d'oreilles Bieke sont des boucles d'oreilles d'apparat que vous devez avoir dans votre bo\u00eete \u00e0 bijoux, si vous croyez notre \u00e9quipe. Ces boucles d'oreilles sont parfaites pour le jour de votre mariage, mais aussi pour d'autres occasions sp\u00e9ciales. Les boucles d'oreilles sont fabriqu\u00e9es avec la cha\u00eene en cristal la plus sophistiqu\u00e9e. Elles sont disponibles avec un rev\u00eatement en rhodium, en or rose ou en or 14kt.","breadcrumb":{"@id":"https:\/\/www.koonings.com\/fr\/product\/abrazi-o6-bg-2\/#breadcrumb"},"inLanguage":"fr-FR","potentialAction":[{"@type":"ReadAction","target":["https:\/\/www.koonings.com\/fr\/product\/abrazi-o6-bg-2\/"]}]},{"@type":"ImageObject","inLanguage":"fr-FR","@id":"https:\/\/www.koonings.com\/fr\/product\/abrazi-o6-bg-2\/#primaryimage","url":"https:\/\/www.koonings.com\/wp-content\/uploads\/2025\/04\/40124_464b4bc41e95e8db399d3908a870493fda79232b75709a2792c75239d02a10f0fedbb1d4.jpeg","contentUrl":"https:\/\/www.koonings.com\/wp-content\/uploads\/2025\/04\/40124_464b4bc41e95e8db399d3908a870493fda79232b75709a2792c75239d02a10f0fedbb1d4.jpeg","width":998,"height":1498},{"@type":"BreadcrumbList","@id":"https:\/\/www.koonings.com\/fr\/product\/abrazi-o6-bg-2\/#breadcrumb","itemListElement":[{"@type":"ListItem","position":1,"name":"Home","item":"https:\/\/www.koonings.com\/fr\/"},{"@type":"ListItem","position":2,"name":"Abrazi O6-BG"}]},{"@type":"WebSite","@id":"https:\/\/www.koonings.com\/fr\/#website","url":"https:\/\/www.koonings.com\/fr\/","name":"Koonings","description":"De grootste bruidsmodewinkel ter wereld","publisher":{"@id":"https:\/\/www.koonings.com\/fr\/#organization"},"potentialAction":[{"@type":"SearchAction","target":{"@type":"EntryPoint","urlTemplate":"https:\/\/www.koonings.com\/fr\/?s={search_term_string}"},"query-input":{"@type":"PropertyValueSpecification","valueRequired":true,"valueName":"search_term_string"}}],"inLanguage":"fr-FR"},{"@type":"Organization","@id":"https:\/\/www.koonings.com\/fr\/#organization","name":"Koonings","url":"https:\/\/www.koonings.com\/fr\/","logo":{"@type":"ImageObject","inLanguage":"fr-FR","@id":"https:\/\/www.koonings.com\/fr\/#\/schema\/logo\/image\/","url":"https:\/\/www.koonings.com\/wp-content\/uploads\/2024\/07\/logo.png","contentUrl":"https:\/\/www.koonings.com\/wp-content\/uploads\/2024\/07\/logo.png","width":600,"height":428,"caption":"Koonings"},"image":{"@id":"https:\/\/www.koonings.com\/fr\/#\/schema\/logo\/image\/"},"sameAs":["https:\/\/www.facebook.com\/kooningstheweddingpalace","https:\/\/www.instagram.com\/kooningstheweddingpalace","https:\/\/www.pinterest.com\/koonings","https:\/\/www.youtube.com\/kooningstheweddingpalace"]}]}},"_links":{"self":[{"href":"https:\/\/www.koonings.com\/fr\/wp-json\/wp\/v2\/product\/84847","targetHints":{"allow":["GET"]}}],"collection":[{"href":"https:\/\/www.koonings.com\/fr\/wp-json\/wp\/v2\/product"}],"about":[{"href":"https:\/\/www.koonings.com\/fr\/wp-json\/wp\/v2\/types\/product"}],"wp:featuredmedia":[{"embeddable":true,"href":"https:\/\/www.koonings.com\/fr\/wp-json\/wp\/v2\/media\/84079"}],"wp:attachment":[{"href":"https:\/\/www.koonings.com\/fr\/wp-json\/wp\/v2\/media?parent=84847"}],"wp:term":[{"taxonomy":"productdetails","embeddable":true,"href":"https:\/\/www.koonings.com\/fr\/wp-json\/wp\/v2\/productdetails?post=84847"},{"taxonomy":"productneck","embeddable":true,"href":"https:\/\/www.koonings.com\/fr\/wp-json\/wp\/v2\/productneck?post=84847"},{"taxonomy":"productcolor","embeddable":true,"href":"https:\/\/www.koonings.com\/fr\/wp-json\/wp\/v2\/productcolor?post=84847"},{"taxonomy":"maat","embeddable":true,"href":"https:\/\/www.koonings.com\/fr\/wp-json\/wp\/v2\/maat?post=84847"},{"taxonomy":"productsupplier","embeddable":true,"href":"https:\/\/www.koonings.com\/fr\/wp-json\/wp\/v2\/productsupplier?post=84847"},{"taxonomy":"productsleeve","embeddable":true,"href":"https:\/\/www.koonings.com\/fr\/wp-json\/wp\/v2\/productsleeve?post=84847"},{"taxonomy":"productcategory","embeddable":true,"href":"https:\/\/www.koonings.com\/fr\/wp-json\/wp\/v2\/productcategory?post=84847"},{"taxonomy":"productsilhouette","embeddable":true,"href":"https:\/\/www.koonings.com\/fr\/wp-json\/wp\/v2\/productsilhouette?post=84847"},{"taxonomy":"productstyle","embeddable":true,"href":"https:\/\/www.koonings.com\/fr\/wp-json\/wp\/v2\/productstyle?post=84847"}],"curies":[{"name":"wp","href":"https:\/\/api.w.org\/{rel}","templated":true}]}}