{"id":84846,"date":"2026-04-14T16:32:08","date_gmt":"2026-04-14T14:32:08","guid":{"rendered":"https:\/\/www.koonings.com\/product\/abrazi-o5-dp-julie-2\/"},"modified":"2025-06-05T14:01:11","modified_gmt":"2025-06-05T12:01:11","slug":"abrazi-o5-dp-julie-2","status":"publish","type":"product","link":"https:\/\/www.koonings.com\/fr\/product\/abrazi-o5-dp-julie-2\/","title":{"rendered":"Abrazi O5-DP Julie"},"content":{"rendered":"<p>Les boucles d&#8217;oreilles Julie Pearl sont de magnifiques boucles d&#8217;oreilles classiques avec une seule perle Swarovski en forme de goutte &#8211; un favori absolu de notre collection. Les boucles d&#8217;oreilles Julie sont disponibles avec un placage en rhodium, en or 14ct ou en or rose. Si vous \u00eates \u00e0 la recherche d&#8217;une parure de mariage, d\u00e9couvrez \u00e9galement le collier Julie.  <\/p>\n","protected":false},"featured_media":84097,"template":"","meta":{"_acf_changed":false,"ghostkit_customizer_options":"","ghostkit_custom_css":"","ghostkit_custom_js_head":"","ghostkit_custom_js_foot":"","ghostkit_typography":""},"productdetails":[],"productneck":[],"productcolor":[],"maat":[],"productsupplier":[510],"productsleeve":[],"productcategory":[511],"productsilhouette":[],"productstyle":[],"class_list":["post-84846","product","type-product","status-publish","has-post-thumbnail","hentry","productsupplier-abrazi","productcategory-sieraden"],"acf":[],"yoast_head":"<!-- This site is optimized with the Yoast SEO plugin v27.3 - https:\/\/yoast.com\/product\/yoast-seo-wordpress\/ -->\n<title>Abrazi O5-DP Julie | Koonings<\/title>\n<meta name=\"description\" content=\"Les boucles d&#039;oreilles Julie Pearl sont de magnifiques boucles d&#039;oreilles classiques avec une seule perle Swarovski en forme de goutte - un favori absolu de notre collection. Les boucles d&#039;oreilles Julie sont disponibles avec un placage en rhodium, en or 14ct ou en or rose. Si vous \u00eates \u00e0 la recherche d&#039;une parure de mariage, d\u00e9couvrez \u00e9galement le collier Julie.\" \/>\n<meta name=\"robots\" content=\"index, follow, max-snippet:-1, max-image-preview:large, max-video-preview:-1\" \/>\n<link rel=\"canonical\" href=\"https:\/\/www.koonings.com\/fr\/product\/abrazi-o5-dp-julie-2\/\" \/>\n<meta property=\"og:locale\" content=\"fr_FR\" \/>\n<meta property=\"og:type\" content=\"article\" \/>\n<meta property=\"og:title\" content=\"Abrazi O5-DP Julie | Koonings\" \/>\n<meta property=\"og:description\" content=\"Les boucles d&#039;oreilles Julie Pearl sont de magnifiques boucles d&#039;oreilles classiques avec une seule perle Swarovski en forme de goutte - un favori absolu de notre collection. Les boucles d&#039;oreilles Julie sont disponibles avec un placage en rhodium, en or 14ct ou en or rose. Si vous \u00eates \u00e0 la recherche d&#039;une parure de mariage, d\u00e9couvrez \u00e9galement le collier Julie.\" \/>\n<meta property=\"og:url\" content=\"https:\/\/www.koonings.com\/fr\/product\/abrazi-o5-dp-julie-2\/\" \/>\n<meta property=\"og:site_name\" content=\"Koonings\" \/>\n<meta property=\"article:publisher\" content=\"https:\/\/www.facebook.com\/kooningstheweddingpalace\" \/>\n<meta property=\"og:image\" content=\"https:\/\/www.koonings.com\/wp-content\/uploads\/2025\/04\/49781_ef89cb4d15fe9840952069512529ae24710f66e39511a3755d165d63ae822585f8c98c84.jpeg\" \/>\n\t<meta property=\"og:image:width\" content=\"1067\" \/>\n\t<meta property=\"og:image:height\" content=\"1600\" \/>\n\t<meta property=\"og:image:type\" content=\"image\/jpeg\" \/>\n<meta name=\"twitter:card\" content=\"summary_large_image\" \/>\n<script type=\"application\/ld+json\" class=\"yoast-schema-graph\">{\"@context\":\"https:\\\/\\\/schema.org\",\"@graph\":[{\"@type\":\"WebPage\",\"@id\":\"https:\\\/\\\/www.koonings.com\\\/fr\\\/product\\\/abrazi-o5-dp-julie-2\\\/\",\"url\":\"https:\\\/\\\/www.koonings.com\\\/fr\\\/product\\\/abrazi-o5-dp-julie-2\\\/\",\"name\":\"Abrazi O5-DP Julie | Koonings\",\"isPartOf\":{\"@id\":\"https:\\\/\\\/www.koonings.com\\\/fr\\\/#website\"},\"primaryImageOfPage\":{\"@id\":\"https:\\\/\\\/www.koonings.com\\\/fr\\\/product\\\/abrazi-o5-dp-julie-2\\\/#primaryimage\"},\"image\":{\"@id\":\"https:\\\/\\\/www.koonings.com\\\/fr\\\/product\\\/abrazi-o5-dp-julie-2\\\/#primaryimage\"},\"thumbnailUrl\":\"https:\\\/\\\/www.koonings.com\\\/wp-content\\\/uploads\\\/2025\\\/04\\\/49781_ef89cb4d15fe9840952069512529ae24710f66e39511a3755d165d63ae822585f8c98c84.jpeg\",\"datePublished\":\"2026-04-14T14:32:08+00:00\",\"description\":\"Les boucles d'oreilles Julie Pearl sont de magnifiques boucles d'oreilles classiques avec une seule perle Swarovski en forme de goutte - un favori absolu de notre collection. Les boucles d'oreilles Julie sont disponibles avec un placage en rhodium, en or 14ct ou en or rose. Si vous \u00eates \u00e0 la recherche d'une parure de mariage, d\u00e9couvrez \u00e9galement le collier Julie.\",\"breadcrumb\":{\"@id\":\"https:\\\/\\\/www.koonings.com\\\/fr\\\/product\\\/abrazi-o5-dp-julie-2\\\/#breadcrumb\"},\"inLanguage\":\"fr-FR\",\"potentialAction\":[{\"@type\":\"ReadAction\",\"target\":[\"https:\\\/\\\/www.koonings.com\\\/fr\\\/product\\\/abrazi-o5-dp-julie-2\\\/\"]}]},{\"@type\":\"ImageObject\",\"inLanguage\":\"fr-FR\",\"@id\":\"https:\\\/\\\/www.koonings.com\\\/fr\\\/product\\\/abrazi-o5-dp-julie-2\\\/#primaryimage\",\"url\":\"https:\\\/\\\/www.koonings.com\\\/wp-content\\\/uploads\\\/2025\\\/04\\\/49781_ef89cb4d15fe9840952069512529ae24710f66e39511a3755d165d63ae822585f8c98c84.jpeg\",\"contentUrl\":\"https:\\\/\\\/www.koonings.com\\\/wp-content\\\/uploads\\\/2025\\\/04\\\/49781_ef89cb4d15fe9840952069512529ae24710f66e39511a3755d165d63ae822585f8c98c84.jpeg\",\"width\":1067,\"height\":1600},{\"@type\":\"BreadcrumbList\",\"@id\":\"https:\\\/\\\/www.koonings.com\\\/fr\\\/product\\\/abrazi-o5-dp-julie-2\\\/#breadcrumb\",\"itemListElement\":[{\"@type\":\"ListItem\",\"position\":1,\"name\":\"Home\",\"item\":\"https:\\\/\\\/www.koonings.com\\\/fr\\\/\"},{\"@type\":\"ListItem\",\"position\":2,\"name\":\"Abrazi O5-DP Julie\"}]},{\"@type\":\"WebSite\",\"@id\":\"https:\\\/\\\/www.koonings.com\\\/fr\\\/#website\",\"url\":\"https:\\\/\\\/www.koonings.com\\\/fr\\\/\",\"name\":\"Koonings\",\"description\":\"De grootste bruidsmodewinkel ter wereld\",\"publisher\":{\"@id\":\"https:\\\/\\\/www.koonings.com\\\/fr\\\/#organization\"},\"potentialAction\":[{\"@type\":\"SearchAction\",\"target\":{\"@type\":\"EntryPoint\",\"urlTemplate\":\"https:\\\/\\\/www.koonings.com\\\/fr\\\/?s={search_term_string}\"},\"query-input\":{\"@type\":\"PropertyValueSpecification\",\"valueRequired\":true,\"valueName\":\"search_term_string\"}}],\"inLanguage\":\"fr-FR\"},{\"@type\":\"Organization\",\"@id\":\"https:\\\/\\\/www.koonings.com\\\/fr\\\/#organization\",\"name\":\"Koonings\",\"url\":\"https:\\\/\\\/www.koonings.com\\\/fr\\\/\",\"logo\":{\"@type\":\"ImageObject\",\"inLanguage\":\"fr-FR\",\"@id\":\"https:\\\/\\\/www.koonings.com\\\/fr\\\/#\\\/schema\\\/logo\\\/image\\\/\",\"url\":\"https:\\\/\\\/www.koonings.com\\\/wp-content\\\/uploads\\\/2024\\\/07\\\/logo.png\",\"contentUrl\":\"https:\\\/\\\/www.koonings.com\\\/wp-content\\\/uploads\\\/2024\\\/07\\\/logo.png\",\"width\":600,\"height\":428,\"caption\":\"Koonings\"},\"image\":{\"@id\":\"https:\\\/\\\/www.koonings.com\\\/fr\\\/#\\\/schema\\\/logo\\\/image\\\/\"},\"sameAs\":[\"https:\\\/\\\/www.facebook.com\\\/kooningstheweddingpalace\",\"https:\\\/\\\/www.instagram.com\\\/kooningstheweddingpalace\",\"https:\\\/\\\/www.pinterest.com\\\/koonings\",\"https:\\\/\\\/www.youtube.com\\\/kooningstheweddingpalace\"]}]}<\/script>\n<!-- \/ Yoast SEO plugin. -->","yoast_head_json":{"title":"Abrazi O5-DP Julie | Koonings","description":"Les boucles d'oreilles Julie Pearl sont de magnifiques boucles d'oreilles classiques avec une seule perle Swarovski en forme de goutte - un favori absolu de notre collection. Les boucles d'oreilles Julie sont disponibles avec un placage en rhodium, en or 14ct ou en or rose. Si vous \u00eates \u00e0 la recherche d'une parure de mariage, d\u00e9couvrez \u00e9galement le collier Julie.","robots":{"index":"index","follow":"follow","max-snippet":"max-snippet:-1","max-image-preview":"max-image-preview:large","max-video-preview":"max-video-preview:-1"},"canonical":"https:\/\/www.koonings.com\/fr\/product\/abrazi-o5-dp-julie-2\/","og_locale":"fr_FR","og_type":"article","og_title":"Abrazi O5-DP Julie | Koonings","og_description":"Les boucles d'oreilles Julie Pearl sont de magnifiques boucles d'oreilles classiques avec une seule perle Swarovski en forme de goutte - un favori absolu de notre collection. Les boucles d'oreilles Julie sont disponibles avec un placage en rhodium, en or 14ct ou en or rose. Si vous \u00eates \u00e0 la recherche d'une parure de mariage, d\u00e9couvrez \u00e9galement le collier Julie.","og_url":"https:\/\/www.koonings.com\/fr\/product\/abrazi-o5-dp-julie-2\/","og_site_name":"Koonings","article_publisher":"https:\/\/www.facebook.com\/kooningstheweddingpalace","og_image":[{"width":1067,"height":1600,"url":"https:\/\/www.koonings.com\/wp-content\/uploads\/2025\/04\/49781_ef89cb4d15fe9840952069512529ae24710f66e39511a3755d165d63ae822585f8c98c84.jpeg","type":"image\/jpeg"}],"twitter_card":"summary_large_image","schema":{"@context":"https:\/\/schema.org","@graph":[{"@type":"WebPage","@id":"https:\/\/www.koonings.com\/fr\/product\/abrazi-o5-dp-julie-2\/","url":"https:\/\/www.koonings.com\/fr\/product\/abrazi-o5-dp-julie-2\/","name":"Abrazi O5-DP Julie | Koonings","isPartOf":{"@id":"https:\/\/www.koonings.com\/fr\/#website"},"primaryImageOfPage":{"@id":"https:\/\/www.koonings.com\/fr\/product\/abrazi-o5-dp-julie-2\/#primaryimage"},"image":{"@id":"https:\/\/www.koonings.com\/fr\/product\/abrazi-o5-dp-julie-2\/#primaryimage"},"thumbnailUrl":"https:\/\/www.koonings.com\/wp-content\/uploads\/2025\/04\/49781_ef89cb4d15fe9840952069512529ae24710f66e39511a3755d165d63ae822585f8c98c84.jpeg","datePublished":"2026-04-14T14:32:08+00:00","description":"Les boucles d'oreilles Julie Pearl sont de magnifiques boucles d'oreilles classiques avec une seule perle Swarovski en forme de goutte - un favori absolu de notre collection. Les boucles d'oreilles Julie sont disponibles avec un placage en rhodium, en or 14ct ou en or rose. Si vous \u00eates \u00e0 la recherche d'une parure de mariage, d\u00e9couvrez \u00e9galement le collier Julie.","breadcrumb":{"@id":"https:\/\/www.koonings.com\/fr\/product\/abrazi-o5-dp-julie-2\/#breadcrumb"},"inLanguage":"fr-FR","potentialAction":[{"@type":"ReadAction","target":["https:\/\/www.koonings.com\/fr\/product\/abrazi-o5-dp-julie-2\/"]}]},{"@type":"ImageObject","inLanguage":"fr-FR","@id":"https:\/\/www.koonings.com\/fr\/product\/abrazi-o5-dp-julie-2\/#primaryimage","url":"https:\/\/www.koonings.com\/wp-content\/uploads\/2025\/04\/49781_ef89cb4d15fe9840952069512529ae24710f66e39511a3755d165d63ae822585f8c98c84.jpeg","contentUrl":"https:\/\/www.koonings.com\/wp-content\/uploads\/2025\/04\/49781_ef89cb4d15fe9840952069512529ae24710f66e39511a3755d165d63ae822585f8c98c84.jpeg","width":1067,"height":1600},{"@type":"BreadcrumbList","@id":"https:\/\/www.koonings.com\/fr\/product\/abrazi-o5-dp-julie-2\/#breadcrumb","itemListElement":[{"@type":"ListItem","position":1,"name":"Home","item":"https:\/\/www.koonings.com\/fr\/"},{"@type":"ListItem","position":2,"name":"Abrazi O5-DP Julie"}]},{"@type":"WebSite","@id":"https:\/\/www.koonings.com\/fr\/#website","url":"https:\/\/www.koonings.com\/fr\/","name":"Koonings","description":"De grootste bruidsmodewinkel ter wereld","publisher":{"@id":"https:\/\/www.koonings.com\/fr\/#organization"},"potentialAction":[{"@type":"SearchAction","target":{"@type":"EntryPoint","urlTemplate":"https:\/\/www.koonings.com\/fr\/?s={search_term_string}"},"query-input":{"@type":"PropertyValueSpecification","valueRequired":true,"valueName":"search_term_string"}}],"inLanguage":"fr-FR"},{"@type":"Organization","@id":"https:\/\/www.koonings.com\/fr\/#organization","name":"Koonings","url":"https:\/\/www.koonings.com\/fr\/","logo":{"@type":"ImageObject","inLanguage":"fr-FR","@id":"https:\/\/www.koonings.com\/fr\/#\/schema\/logo\/image\/","url":"https:\/\/www.koonings.com\/wp-content\/uploads\/2024\/07\/logo.png","contentUrl":"https:\/\/www.koonings.com\/wp-content\/uploads\/2024\/07\/logo.png","width":600,"height":428,"caption":"Koonings"},"image":{"@id":"https:\/\/www.koonings.com\/fr\/#\/schema\/logo\/image\/"},"sameAs":["https:\/\/www.facebook.com\/kooningstheweddingpalace","https:\/\/www.instagram.com\/kooningstheweddingpalace","https:\/\/www.pinterest.com\/koonings","https:\/\/www.youtube.com\/kooningstheweddingpalace"]}]}},"_links":{"self":[{"href":"https:\/\/www.koonings.com\/fr\/wp-json\/wp\/v2\/product\/84846","targetHints":{"allow":["GET"]}}],"collection":[{"href":"https:\/\/www.koonings.com\/fr\/wp-json\/wp\/v2\/product"}],"about":[{"href":"https:\/\/www.koonings.com\/fr\/wp-json\/wp\/v2\/types\/product"}],"wp:featuredmedia":[{"embeddable":true,"href":"https:\/\/www.koonings.com\/fr\/wp-json\/wp\/v2\/media\/84097"}],"wp:attachment":[{"href":"https:\/\/www.koonings.com\/fr\/wp-json\/wp\/v2\/media?parent=84846"}],"wp:term":[{"taxonomy":"productdetails","embeddable":true,"href":"https:\/\/www.koonings.com\/fr\/wp-json\/wp\/v2\/productdetails?post=84846"},{"taxonomy":"productneck","embeddable":true,"href":"https:\/\/www.koonings.com\/fr\/wp-json\/wp\/v2\/productneck?post=84846"},{"taxonomy":"productcolor","embeddable":true,"href":"https:\/\/www.koonings.com\/fr\/wp-json\/wp\/v2\/productcolor?post=84846"},{"taxonomy":"maat","embeddable":true,"href":"https:\/\/www.koonings.com\/fr\/wp-json\/wp\/v2\/maat?post=84846"},{"taxonomy":"productsupplier","embeddable":true,"href":"https:\/\/www.koonings.com\/fr\/wp-json\/wp\/v2\/productsupplier?post=84846"},{"taxonomy":"productsleeve","embeddable":true,"href":"https:\/\/www.koonings.com\/fr\/wp-json\/wp\/v2\/productsleeve?post=84846"},{"taxonomy":"productcategory","embeddable":true,"href":"https:\/\/www.koonings.com\/fr\/wp-json\/wp\/v2\/productcategory?post=84846"},{"taxonomy":"productsilhouette","embeddable":true,"href":"https:\/\/www.koonings.com\/fr\/wp-json\/wp\/v2\/productsilhouette?post=84846"},{"taxonomy":"productstyle","embeddable":true,"href":"https:\/\/www.koonings.com\/fr\/wp-json\/wp\/v2\/productstyle?post=84846"}],"curies":[{"name":"wp","href":"https:\/\/api.w.org\/{rel}","templated":true}]}}