{"id":84840,"date":"2026-04-14T16:32:09","date_gmt":"2026-04-14T14:32:09","guid":{"rendered":"https:\/\/www.koonings.com\/product\/abrazi-k1s-dp-julie-2\/"},"modified":"2025-06-05T14:00:59","modified_gmt":"2025-06-05T12:00:59","slug":"abrazi-k1s-dp-julie-2","status":"publish","type":"product","link":"https:\/\/www.koonings.com\/fr\/product\/abrazi-k1s-dp-julie-2\/","title":{"rendered":"Abrazi K1S-DP Julie"},"content":{"rendered":"<p>Le collier Julie est un bijou de mariage sophistiqu\u00e9 et magnifiquement simple. L&#8217;\u00e9l\u00e9gante perle Swarovski en forme de goutte sur la fine cha\u00eene en forme de bo\u00eete rend ce collier facile \u00e0 porter le jour de votre mariage. Le collier Julie est disponible en deux longueurs pour s&#8217;adapter \u00e0 votre robe de mari\u00e9e, et en plaqu\u00e9 rhodium, or 14kt ou or rose.  <\/p>\n","protected":false},"featured_media":84124,"template":"","meta":{"_acf_changed":false,"ghostkit_customizer_options":"","ghostkit_custom_css":"","ghostkit_custom_js_head":"","ghostkit_custom_js_foot":"","ghostkit_typography":""},"productdetails":[],"productneck":[],"productcolor":[],"maat":[],"productsupplier":[510],"productsleeve":[],"productcategory":[511],"productsilhouette":[],"productstyle":[],"class_list":["post-84840","product","type-product","status-publish","has-post-thumbnail","hentry","productsupplier-abrazi","productcategory-sieraden"],"acf":[],"yoast_head":"<!-- This site is optimized with the Yoast SEO plugin v27.3 - https:\/\/yoast.com\/product\/yoast-seo-wordpress\/ -->\n<title>Abrazi K1S-DP Julie | Koonings<\/title>\n<meta name=\"description\" content=\"Le collier Julie est un bijou de mariage sophistiqu\u00e9 et magnifiquement simple. L&#039;\u00e9l\u00e9gante perle Swarovski en forme de goutte sur la fine cha\u00eene en forme de bo\u00eete rend ce collier facile \u00e0 porter le jour de votre mariage. Le collier Julie est disponible en deux longueurs pour s&#039;adapter \u00e0 votre robe de mari\u00e9e, et en plaqu\u00e9 rhodium, or 14kt ou or rose.\" \/>\n<meta name=\"robots\" content=\"index, follow, max-snippet:-1, max-image-preview:large, max-video-preview:-1\" \/>\n<link rel=\"canonical\" href=\"https:\/\/www.koonings.com\/fr\/product\/abrazi-k1s-dp-julie-2\/\" \/>\n<meta property=\"og:locale\" content=\"fr_FR\" \/>\n<meta property=\"og:type\" content=\"article\" \/>\n<meta property=\"og:title\" content=\"Abrazi K1S-DP Julie | Koonings\" \/>\n<meta property=\"og:description\" content=\"Le collier Julie est un bijou de mariage sophistiqu\u00e9 et magnifiquement simple. L&#039;\u00e9l\u00e9gante perle Swarovski en forme de goutte sur la fine cha\u00eene en forme de bo\u00eete rend ce collier facile \u00e0 porter le jour de votre mariage. Le collier Julie est disponible en deux longueurs pour s&#039;adapter \u00e0 votre robe de mari\u00e9e, et en plaqu\u00e9 rhodium, or 14kt ou or rose.\" \/>\n<meta property=\"og:url\" content=\"https:\/\/www.koonings.com\/fr\/product\/abrazi-k1s-dp-julie-2\/\" \/>\n<meta property=\"og:site_name\" content=\"Koonings\" \/>\n<meta property=\"article:publisher\" content=\"https:\/\/www.facebook.com\/kooningstheweddingpalace\" \/>\n<meta property=\"og:image\" content=\"https:\/\/www.koonings.com\/wp-content\/uploads\/2025\/04\/49785_60cf90d490bc109e5490b330fde115d269074ecdc7c01f4358644f8fe8dd9a569e2c2a10.jpeg\" \/>\n\t<meta property=\"og:image:width\" content=\"533\" \/>\n\t<meta property=\"og:image:height\" content=\"800\" \/>\n\t<meta property=\"og:image:type\" content=\"image\/jpeg\" \/>\n<meta name=\"twitter:card\" content=\"summary_large_image\" \/>\n<script type=\"application\/ld+json\" class=\"yoast-schema-graph\">{\"@context\":\"https:\\\/\\\/schema.org\",\"@graph\":[{\"@type\":\"WebPage\",\"@id\":\"https:\\\/\\\/www.koonings.com\\\/fr\\\/product\\\/abrazi-k1s-dp-julie-2\\\/\",\"url\":\"https:\\\/\\\/www.koonings.com\\\/fr\\\/product\\\/abrazi-k1s-dp-julie-2\\\/\",\"name\":\"Abrazi K1S-DP Julie | Koonings\",\"isPartOf\":{\"@id\":\"https:\\\/\\\/www.koonings.com\\\/fr\\\/#website\"},\"primaryImageOfPage\":{\"@id\":\"https:\\\/\\\/www.koonings.com\\\/fr\\\/product\\\/abrazi-k1s-dp-julie-2\\\/#primaryimage\"},\"image\":{\"@id\":\"https:\\\/\\\/www.koonings.com\\\/fr\\\/product\\\/abrazi-k1s-dp-julie-2\\\/#primaryimage\"},\"thumbnailUrl\":\"https:\\\/\\\/www.koonings.com\\\/wp-content\\\/uploads\\\/2025\\\/04\\\/49785_60cf90d490bc109e5490b330fde115d269074ecdc7c01f4358644f8fe8dd9a569e2c2a10.jpeg\",\"datePublished\":\"2026-04-14T14:32:09+00:00\",\"description\":\"Le collier Julie est un bijou de mariage sophistiqu\u00e9 et magnifiquement simple. L'\u00e9l\u00e9gante perle Swarovski en forme de goutte sur la fine cha\u00eene en forme de bo\u00eete rend ce collier facile \u00e0 porter le jour de votre mariage. Le collier Julie est disponible en deux longueurs pour s'adapter \u00e0 votre robe de mari\u00e9e, et en plaqu\u00e9 rhodium, or 14kt ou or rose.\",\"breadcrumb\":{\"@id\":\"https:\\\/\\\/www.koonings.com\\\/fr\\\/product\\\/abrazi-k1s-dp-julie-2\\\/#breadcrumb\"},\"inLanguage\":\"fr-FR\",\"potentialAction\":[{\"@type\":\"ReadAction\",\"target\":[\"https:\\\/\\\/www.koonings.com\\\/fr\\\/product\\\/abrazi-k1s-dp-julie-2\\\/\"]}]},{\"@type\":\"ImageObject\",\"inLanguage\":\"fr-FR\",\"@id\":\"https:\\\/\\\/www.koonings.com\\\/fr\\\/product\\\/abrazi-k1s-dp-julie-2\\\/#primaryimage\",\"url\":\"https:\\\/\\\/www.koonings.com\\\/wp-content\\\/uploads\\\/2025\\\/04\\\/49785_60cf90d490bc109e5490b330fde115d269074ecdc7c01f4358644f8fe8dd9a569e2c2a10.jpeg\",\"contentUrl\":\"https:\\\/\\\/www.koonings.com\\\/wp-content\\\/uploads\\\/2025\\\/04\\\/49785_60cf90d490bc109e5490b330fde115d269074ecdc7c01f4358644f8fe8dd9a569e2c2a10.jpeg\",\"width\":533,\"height\":800},{\"@type\":\"BreadcrumbList\",\"@id\":\"https:\\\/\\\/www.koonings.com\\\/fr\\\/product\\\/abrazi-k1s-dp-julie-2\\\/#breadcrumb\",\"itemListElement\":[{\"@type\":\"ListItem\",\"position\":1,\"name\":\"Home\",\"item\":\"https:\\\/\\\/www.koonings.com\\\/fr\\\/\"},{\"@type\":\"ListItem\",\"position\":2,\"name\":\"Abrazi K1S-DP Julie\"}]},{\"@type\":\"WebSite\",\"@id\":\"https:\\\/\\\/www.koonings.com\\\/fr\\\/#website\",\"url\":\"https:\\\/\\\/www.koonings.com\\\/fr\\\/\",\"name\":\"Koonings\",\"description\":\"De grootste bruidsmodewinkel ter wereld\",\"publisher\":{\"@id\":\"https:\\\/\\\/www.koonings.com\\\/fr\\\/#organization\"},\"potentialAction\":[{\"@type\":\"SearchAction\",\"target\":{\"@type\":\"EntryPoint\",\"urlTemplate\":\"https:\\\/\\\/www.koonings.com\\\/fr\\\/?s={search_term_string}\"},\"query-input\":{\"@type\":\"PropertyValueSpecification\",\"valueRequired\":true,\"valueName\":\"search_term_string\"}}],\"inLanguage\":\"fr-FR\"},{\"@type\":\"Organization\",\"@id\":\"https:\\\/\\\/www.koonings.com\\\/fr\\\/#organization\",\"name\":\"Koonings\",\"url\":\"https:\\\/\\\/www.koonings.com\\\/fr\\\/\",\"logo\":{\"@type\":\"ImageObject\",\"inLanguage\":\"fr-FR\",\"@id\":\"https:\\\/\\\/www.koonings.com\\\/fr\\\/#\\\/schema\\\/logo\\\/image\\\/\",\"url\":\"https:\\\/\\\/www.koonings.com\\\/wp-content\\\/uploads\\\/2024\\\/07\\\/logo.png\",\"contentUrl\":\"https:\\\/\\\/www.koonings.com\\\/wp-content\\\/uploads\\\/2024\\\/07\\\/logo.png\",\"width\":600,\"height\":428,\"caption\":\"Koonings\"},\"image\":{\"@id\":\"https:\\\/\\\/www.koonings.com\\\/fr\\\/#\\\/schema\\\/logo\\\/image\\\/\"},\"sameAs\":[\"https:\\\/\\\/www.facebook.com\\\/kooningstheweddingpalace\",\"https:\\\/\\\/www.instagram.com\\\/kooningstheweddingpalace\",\"https:\\\/\\\/www.pinterest.com\\\/koonings\",\"https:\\\/\\\/www.youtube.com\\\/kooningstheweddingpalace\"]}]}<\/script>\n<!-- \/ Yoast SEO plugin. -->","yoast_head_json":{"title":"Abrazi K1S-DP Julie | Koonings","description":"Le collier Julie est un bijou de mariage sophistiqu\u00e9 et magnifiquement simple. L'\u00e9l\u00e9gante perle Swarovski en forme de goutte sur la fine cha\u00eene en forme de bo\u00eete rend ce collier facile \u00e0 porter le jour de votre mariage. Le collier Julie est disponible en deux longueurs pour s'adapter \u00e0 votre robe de mari\u00e9e, et en plaqu\u00e9 rhodium, or 14kt ou or rose.","robots":{"index":"index","follow":"follow","max-snippet":"max-snippet:-1","max-image-preview":"max-image-preview:large","max-video-preview":"max-video-preview:-1"},"canonical":"https:\/\/www.koonings.com\/fr\/product\/abrazi-k1s-dp-julie-2\/","og_locale":"fr_FR","og_type":"article","og_title":"Abrazi K1S-DP Julie | Koonings","og_description":"Le collier Julie est un bijou de mariage sophistiqu\u00e9 et magnifiquement simple. L'\u00e9l\u00e9gante perle Swarovski en forme de goutte sur la fine cha\u00eene en forme de bo\u00eete rend ce collier facile \u00e0 porter le jour de votre mariage. Le collier Julie est disponible en deux longueurs pour s'adapter \u00e0 votre robe de mari\u00e9e, et en plaqu\u00e9 rhodium, or 14kt ou or rose.","og_url":"https:\/\/www.koonings.com\/fr\/product\/abrazi-k1s-dp-julie-2\/","og_site_name":"Koonings","article_publisher":"https:\/\/www.facebook.com\/kooningstheweddingpalace","og_image":[{"width":533,"height":800,"url":"https:\/\/www.koonings.com\/wp-content\/uploads\/2025\/04\/49785_60cf90d490bc109e5490b330fde115d269074ecdc7c01f4358644f8fe8dd9a569e2c2a10.jpeg","type":"image\/jpeg"}],"twitter_card":"summary_large_image","schema":{"@context":"https:\/\/schema.org","@graph":[{"@type":"WebPage","@id":"https:\/\/www.koonings.com\/fr\/product\/abrazi-k1s-dp-julie-2\/","url":"https:\/\/www.koonings.com\/fr\/product\/abrazi-k1s-dp-julie-2\/","name":"Abrazi K1S-DP Julie | Koonings","isPartOf":{"@id":"https:\/\/www.koonings.com\/fr\/#website"},"primaryImageOfPage":{"@id":"https:\/\/www.koonings.com\/fr\/product\/abrazi-k1s-dp-julie-2\/#primaryimage"},"image":{"@id":"https:\/\/www.koonings.com\/fr\/product\/abrazi-k1s-dp-julie-2\/#primaryimage"},"thumbnailUrl":"https:\/\/www.koonings.com\/wp-content\/uploads\/2025\/04\/49785_60cf90d490bc109e5490b330fde115d269074ecdc7c01f4358644f8fe8dd9a569e2c2a10.jpeg","datePublished":"2026-04-14T14:32:09+00:00","description":"Le collier Julie est un bijou de mariage sophistiqu\u00e9 et magnifiquement simple. L'\u00e9l\u00e9gante perle Swarovski en forme de goutte sur la fine cha\u00eene en forme de bo\u00eete rend ce collier facile \u00e0 porter le jour de votre mariage. Le collier Julie est disponible en deux longueurs pour s'adapter \u00e0 votre robe de mari\u00e9e, et en plaqu\u00e9 rhodium, or 14kt ou or rose.","breadcrumb":{"@id":"https:\/\/www.koonings.com\/fr\/product\/abrazi-k1s-dp-julie-2\/#breadcrumb"},"inLanguage":"fr-FR","potentialAction":[{"@type":"ReadAction","target":["https:\/\/www.koonings.com\/fr\/product\/abrazi-k1s-dp-julie-2\/"]}]},{"@type":"ImageObject","inLanguage":"fr-FR","@id":"https:\/\/www.koonings.com\/fr\/product\/abrazi-k1s-dp-julie-2\/#primaryimage","url":"https:\/\/www.koonings.com\/wp-content\/uploads\/2025\/04\/49785_60cf90d490bc109e5490b330fde115d269074ecdc7c01f4358644f8fe8dd9a569e2c2a10.jpeg","contentUrl":"https:\/\/www.koonings.com\/wp-content\/uploads\/2025\/04\/49785_60cf90d490bc109e5490b330fde115d269074ecdc7c01f4358644f8fe8dd9a569e2c2a10.jpeg","width":533,"height":800},{"@type":"BreadcrumbList","@id":"https:\/\/www.koonings.com\/fr\/product\/abrazi-k1s-dp-julie-2\/#breadcrumb","itemListElement":[{"@type":"ListItem","position":1,"name":"Home","item":"https:\/\/www.koonings.com\/fr\/"},{"@type":"ListItem","position":2,"name":"Abrazi K1S-DP Julie"}]},{"@type":"WebSite","@id":"https:\/\/www.koonings.com\/fr\/#website","url":"https:\/\/www.koonings.com\/fr\/","name":"Koonings","description":"De grootste bruidsmodewinkel ter wereld","publisher":{"@id":"https:\/\/www.koonings.com\/fr\/#organization"},"potentialAction":[{"@type":"SearchAction","target":{"@type":"EntryPoint","urlTemplate":"https:\/\/www.koonings.com\/fr\/?s={search_term_string}"},"query-input":{"@type":"PropertyValueSpecification","valueRequired":true,"valueName":"search_term_string"}}],"inLanguage":"fr-FR"},{"@type":"Organization","@id":"https:\/\/www.koonings.com\/fr\/#organization","name":"Koonings","url":"https:\/\/www.koonings.com\/fr\/","logo":{"@type":"ImageObject","inLanguage":"fr-FR","@id":"https:\/\/www.koonings.com\/fr\/#\/schema\/logo\/image\/","url":"https:\/\/www.koonings.com\/wp-content\/uploads\/2024\/07\/logo.png","contentUrl":"https:\/\/www.koonings.com\/wp-content\/uploads\/2024\/07\/logo.png","width":600,"height":428,"caption":"Koonings"},"image":{"@id":"https:\/\/www.koonings.com\/fr\/#\/schema\/logo\/image\/"},"sameAs":["https:\/\/www.facebook.com\/kooningstheweddingpalace","https:\/\/www.instagram.com\/kooningstheweddingpalace","https:\/\/www.pinterest.com\/koonings","https:\/\/www.youtube.com\/kooningstheweddingpalace"]}]}},"_links":{"self":[{"href":"https:\/\/www.koonings.com\/fr\/wp-json\/wp\/v2\/product\/84840","targetHints":{"allow":["GET"]}}],"collection":[{"href":"https:\/\/www.koonings.com\/fr\/wp-json\/wp\/v2\/product"}],"about":[{"href":"https:\/\/www.koonings.com\/fr\/wp-json\/wp\/v2\/types\/product"}],"wp:featuredmedia":[{"embeddable":true,"href":"https:\/\/www.koonings.com\/fr\/wp-json\/wp\/v2\/media\/84124"}],"wp:attachment":[{"href":"https:\/\/www.koonings.com\/fr\/wp-json\/wp\/v2\/media?parent=84840"}],"wp:term":[{"taxonomy":"productdetails","embeddable":true,"href":"https:\/\/www.koonings.com\/fr\/wp-json\/wp\/v2\/productdetails?post=84840"},{"taxonomy":"productneck","embeddable":true,"href":"https:\/\/www.koonings.com\/fr\/wp-json\/wp\/v2\/productneck?post=84840"},{"taxonomy":"productcolor","embeddable":true,"href":"https:\/\/www.koonings.com\/fr\/wp-json\/wp\/v2\/productcolor?post=84840"},{"taxonomy":"maat","embeddable":true,"href":"https:\/\/www.koonings.com\/fr\/wp-json\/wp\/v2\/maat?post=84840"},{"taxonomy":"productsupplier","embeddable":true,"href":"https:\/\/www.koonings.com\/fr\/wp-json\/wp\/v2\/productsupplier?post=84840"},{"taxonomy":"productsleeve","embeddable":true,"href":"https:\/\/www.koonings.com\/fr\/wp-json\/wp\/v2\/productsleeve?post=84840"},{"taxonomy":"productcategory","embeddable":true,"href":"https:\/\/www.koonings.com\/fr\/wp-json\/wp\/v2\/productcategory?post=84840"},{"taxonomy":"productsilhouette","embeddable":true,"href":"https:\/\/www.koonings.com\/fr\/wp-json\/wp\/v2\/productsilhouette?post=84840"},{"taxonomy":"productstyle","embeddable":true,"href":"https:\/\/www.koonings.com\/fr\/wp-json\/wp\/v2\/productstyle?post=84840"}],"curies":[{"name":"wp","href":"https:\/\/api.w.org\/{rel}","templated":true}]}}