{"id":84830,"date":"2026-04-14T16:32:10","date_gmt":"2026-04-14T14:32:10","guid":{"rendered":"https:\/\/www.koonings.com\/product\/abrazi-o6-dbg-max\/"},"modified":"2025-06-05T14:01:26","modified_gmt":"2025-06-05T12:01:26","slug":"abrazi-o6-dbg-max","status":"publish","type":"product","link":"https:\/\/www.koonings.com\/fr\/product\/abrazi-o6-dbg-max\/","title":{"rendered":"Abrazi O6-DBG Max"},"content":{"rendered":"<p>Les boucles d&#8217;oreilles Max : la fille des boucles d&#8217;oreilles Bieke. De v\u00e9ritables boucles d&#8217;oreilles qui s&#8217;imposent dans votre collection de bijoux. Ces boucles d&#8217;oreilles accrocheuses sont parfaites pour le jour de votre mariage et d&#8217;autres occasions sp\u00e9ciales. Fabriqu\u00e9es avec la cha\u00eene en cristal la plus exquise. Disponibles avec un placage en rhodium ou en or 14 carats.    <\/p>\n","protected":false},"featured_media":84162,"template":"","meta":{"_acf_changed":false,"ghostkit_customizer_options":"","ghostkit_custom_css":"","ghostkit_custom_js_head":"","ghostkit_custom_js_foot":"","ghostkit_typography":""},"productdetails":[],"productneck":[],"productcolor":[],"maat":[],"productsupplier":[510],"productsleeve":[],"productcategory":[511],"productsilhouette":[],"productstyle":[],"class_list":["post-84830","product","type-product","status-publish","has-post-thumbnail","hentry","productsupplier-abrazi","productcategory-sieraden"],"acf":[],"yoast_head":"<!-- This site is optimized with the Yoast SEO plugin v27.3 - https:\/\/yoast.com\/product\/yoast-seo-wordpress\/ -->\n<title>Abrazi O6-DBG Max | Koonings<\/title>\n<meta name=\"description\" content=\"Les boucles d&#039;oreilles Max : la fille des boucles d&#039;oreilles Bieke. De v\u00e9ritables boucles d&#039;oreilles qui s&#039;imposent dans votre collection de bijoux. Ces boucles d&#039;oreilles accrocheuses sont parfaites pour le jour de votre mariage et d&#039;autres occasions sp\u00e9ciales. Fabriqu\u00e9es avec la cha\u00eene en cristal la plus exquise. Disponibles avec un placage en rhodium ou en or 14 carats.\" \/>\n<meta name=\"robots\" content=\"index, follow, max-snippet:-1, max-image-preview:large, max-video-preview:-1\" \/>\n<link rel=\"canonical\" href=\"https:\/\/www.koonings.com\/fr\/product\/abrazi-o6-dbg-max\/\" \/>\n<meta property=\"og:locale\" content=\"fr_FR\" \/>\n<meta property=\"og:type\" content=\"article\" \/>\n<meta property=\"og:title\" content=\"Abrazi O6-DBG Max | Koonings\" \/>\n<meta property=\"og:description\" content=\"Les boucles d&#039;oreilles Max : la fille des boucles d&#039;oreilles Bieke. De v\u00e9ritables boucles d&#039;oreilles qui s&#039;imposent dans votre collection de bijoux. Ces boucles d&#039;oreilles accrocheuses sont parfaites pour le jour de votre mariage et d&#039;autres occasions sp\u00e9ciales. Fabriqu\u00e9es avec la cha\u00eene en cristal la plus exquise. Disponibles avec un placage en rhodium ou en or 14 carats.\" \/>\n<meta property=\"og:url\" content=\"https:\/\/www.koonings.com\/fr\/product\/abrazi-o6-dbg-max\/\" \/>\n<meta property=\"og:site_name\" content=\"Koonings\" \/>\n<meta property=\"article:publisher\" content=\"https:\/\/www.facebook.com\/kooningstheweddingpalace\" \/>\n<meta property=\"og:image\" content=\"https:\/\/www.koonings.com\/wp-content\/uploads\/2025\/04\/49787_cc7c4f6edf8317428562d8395599d37a1c4c7e59e32f1670118b274a3ed57e56b8fc8c31.jpeg\" \/>\n\t<meta property=\"og:image:width\" content=\"1333\" \/>\n\t<meta property=\"og:image:height\" content=\"2000\" \/>\n\t<meta property=\"og:image:type\" content=\"image\/jpeg\" \/>\n<meta name=\"twitter:card\" content=\"summary_large_image\" \/>\n<script type=\"application\/ld+json\" class=\"yoast-schema-graph\">{\"@context\":\"https:\\\/\\\/schema.org\",\"@graph\":[{\"@type\":\"WebPage\",\"@id\":\"https:\\\/\\\/www.koonings.com\\\/fr\\\/product\\\/abrazi-o6-dbg-max\\\/\",\"url\":\"https:\\\/\\\/www.koonings.com\\\/fr\\\/product\\\/abrazi-o6-dbg-max\\\/\",\"name\":\"Abrazi O6-DBG Max | Koonings\",\"isPartOf\":{\"@id\":\"https:\\\/\\\/www.koonings.com\\\/fr\\\/#website\"},\"primaryImageOfPage\":{\"@id\":\"https:\\\/\\\/www.koonings.com\\\/fr\\\/product\\\/abrazi-o6-dbg-max\\\/#primaryimage\"},\"image\":{\"@id\":\"https:\\\/\\\/www.koonings.com\\\/fr\\\/product\\\/abrazi-o6-dbg-max\\\/#primaryimage\"},\"thumbnailUrl\":\"https:\\\/\\\/www.koonings.com\\\/wp-content\\\/uploads\\\/2025\\\/04\\\/49787_cc7c4f6edf8317428562d8395599d37a1c4c7e59e32f1670118b274a3ed57e56b8fc8c31.jpeg\",\"datePublished\":\"2026-04-14T14:32:10+00:00\",\"description\":\"Les boucles d'oreilles Max : la fille des boucles d'oreilles Bieke. De v\u00e9ritables boucles d'oreilles qui s'imposent dans votre collection de bijoux. Ces boucles d'oreilles accrocheuses sont parfaites pour le jour de votre mariage et d'autres occasions sp\u00e9ciales. Fabriqu\u00e9es avec la cha\u00eene en cristal la plus exquise. Disponibles avec un placage en rhodium ou en or 14 carats.\",\"breadcrumb\":{\"@id\":\"https:\\\/\\\/www.koonings.com\\\/fr\\\/product\\\/abrazi-o6-dbg-max\\\/#breadcrumb\"},\"inLanguage\":\"fr-FR\",\"potentialAction\":[{\"@type\":\"ReadAction\",\"target\":[\"https:\\\/\\\/www.koonings.com\\\/fr\\\/product\\\/abrazi-o6-dbg-max\\\/\"]}]},{\"@type\":\"ImageObject\",\"inLanguage\":\"fr-FR\",\"@id\":\"https:\\\/\\\/www.koonings.com\\\/fr\\\/product\\\/abrazi-o6-dbg-max\\\/#primaryimage\",\"url\":\"https:\\\/\\\/www.koonings.com\\\/wp-content\\\/uploads\\\/2025\\\/04\\\/49787_cc7c4f6edf8317428562d8395599d37a1c4c7e59e32f1670118b274a3ed57e56b8fc8c31.jpeg\",\"contentUrl\":\"https:\\\/\\\/www.koonings.com\\\/wp-content\\\/uploads\\\/2025\\\/04\\\/49787_cc7c4f6edf8317428562d8395599d37a1c4c7e59e32f1670118b274a3ed57e56b8fc8c31.jpeg\",\"width\":1333,\"height\":2000},{\"@type\":\"BreadcrumbList\",\"@id\":\"https:\\\/\\\/www.koonings.com\\\/fr\\\/product\\\/abrazi-o6-dbg-max\\\/#breadcrumb\",\"itemListElement\":[{\"@type\":\"ListItem\",\"position\":1,\"name\":\"Home\",\"item\":\"https:\\\/\\\/www.koonings.com\\\/fr\\\/\"},{\"@type\":\"ListItem\",\"position\":2,\"name\":\"Abrazi O6-DBG Max\"}]},{\"@type\":\"WebSite\",\"@id\":\"https:\\\/\\\/www.koonings.com\\\/fr\\\/#website\",\"url\":\"https:\\\/\\\/www.koonings.com\\\/fr\\\/\",\"name\":\"Koonings\",\"description\":\"De grootste bruidsmodewinkel ter wereld\",\"publisher\":{\"@id\":\"https:\\\/\\\/www.koonings.com\\\/fr\\\/#organization\"},\"potentialAction\":[{\"@type\":\"SearchAction\",\"target\":{\"@type\":\"EntryPoint\",\"urlTemplate\":\"https:\\\/\\\/www.koonings.com\\\/fr\\\/?s={search_term_string}\"},\"query-input\":{\"@type\":\"PropertyValueSpecification\",\"valueRequired\":true,\"valueName\":\"search_term_string\"}}],\"inLanguage\":\"fr-FR\"},{\"@type\":\"Organization\",\"@id\":\"https:\\\/\\\/www.koonings.com\\\/fr\\\/#organization\",\"name\":\"Koonings\",\"url\":\"https:\\\/\\\/www.koonings.com\\\/fr\\\/\",\"logo\":{\"@type\":\"ImageObject\",\"inLanguage\":\"fr-FR\",\"@id\":\"https:\\\/\\\/www.koonings.com\\\/fr\\\/#\\\/schema\\\/logo\\\/image\\\/\",\"url\":\"https:\\\/\\\/www.koonings.com\\\/wp-content\\\/uploads\\\/2024\\\/07\\\/logo.png\",\"contentUrl\":\"https:\\\/\\\/www.koonings.com\\\/wp-content\\\/uploads\\\/2024\\\/07\\\/logo.png\",\"width\":600,\"height\":428,\"caption\":\"Koonings\"},\"image\":{\"@id\":\"https:\\\/\\\/www.koonings.com\\\/fr\\\/#\\\/schema\\\/logo\\\/image\\\/\"},\"sameAs\":[\"https:\\\/\\\/www.facebook.com\\\/kooningstheweddingpalace\",\"https:\\\/\\\/www.instagram.com\\\/kooningstheweddingpalace\",\"https:\\\/\\\/www.pinterest.com\\\/koonings\",\"https:\\\/\\\/www.youtube.com\\\/kooningstheweddingpalace\"]}]}<\/script>\n<!-- \/ Yoast SEO plugin. -->","yoast_head_json":{"title":"Abrazi O6-DBG Max | Koonings","description":"Les boucles d'oreilles Max : la fille des boucles d'oreilles Bieke. De v\u00e9ritables boucles d'oreilles qui s'imposent dans votre collection de bijoux. Ces boucles d'oreilles accrocheuses sont parfaites pour le jour de votre mariage et d'autres occasions sp\u00e9ciales. Fabriqu\u00e9es avec la cha\u00eene en cristal la plus exquise. Disponibles avec un placage en rhodium ou en or 14 carats.","robots":{"index":"index","follow":"follow","max-snippet":"max-snippet:-1","max-image-preview":"max-image-preview:large","max-video-preview":"max-video-preview:-1"},"canonical":"https:\/\/www.koonings.com\/fr\/product\/abrazi-o6-dbg-max\/","og_locale":"fr_FR","og_type":"article","og_title":"Abrazi O6-DBG Max | Koonings","og_description":"Les boucles d'oreilles Max : la fille des boucles d'oreilles Bieke. De v\u00e9ritables boucles d'oreilles qui s'imposent dans votre collection de bijoux. Ces boucles d'oreilles accrocheuses sont parfaites pour le jour de votre mariage et d'autres occasions sp\u00e9ciales. Fabriqu\u00e9es avec la cha\u00eene en cristal la plus exquise. Disponibles avec un placage en rhodium ou en or 14 carats.","og_url":"https:\/\/www.koonings.com\/fr\/product\/abrazi-o6-dbg-max\/","og_site_name":"Koonings","article_publisher":"https:\/\/www.facebook.com\/kooningstheweddingpalace","og_image":[{"width":1333,"height":2000,"url":"https:\/\/www.koonings.com\/wp-content\/uploads\/2025\/04\/49787_cc7c4f6edf8317428562d8395599d37a1c4c7e59e32f1670118b274a3ed57e56b8fc8c31.jpeg","type":"image\/jpeg"}],"twitter_card":"summary_large_image","schema":{"@context":"https:\/\/schema.org","@graph":[{"@type":"WebPage","@id":"https:\/\/www.koonings.com\/fr\/product\/abrazi-o6-dbg-max\/","url":"https:\/\/www.koonings.com\/fr\/product\/abrazi-o6-dbg-max\/","name":"Abrazi O6-DBG Max | Koonings","isPartOf":{"@id":"https:\/\/www.koonings.com\/fr\/#website"},"primaryImageOfPage":{"@id":"https:\/\/www.koonings.com\/fr\/product\/abrazi-o6-dbg-max\/#primaryimage"},"image":{"@id":"https:\/\/www.koonings.com\/fr\/product\/abrazi-o6-dbg-max\/#primaryimage"},"thumbnailUrl":"https:\/\/www.koonings.com\/wp-content\/uploads\/2025\/04\/49787_cc7c4f6edf8317428562d8395599d37a1c4c7e59e32f1670118b274a3ed57e56b8fc8c31.jpeg","datePublished":"2026-04-14T14:32:10+00:00","description":"Les boucles d'oreilles Max : la fille des boucles d'oreilles Bieke. De v\u00e9ritables boucles d'oreilles qui s'imposent dans votre collection de bijoux. Ces boucles d'oreilles accrocheuses sont parfaites pour le jour de votre mariage et d'autres occasions sp\u00e9ciales. Fabriqu\u00e9es avec la cha\u00eene en cristal la plus exquise. Disponibles avec un placage en rhodium ou en or 14 carats.","breadcrumb":{"@id":"https:\/\/www.koonings.com\/fr\/product\/abrazi-o6-dbg-max\/#breadcrumb"},"inLanguage":"fr-FR","potentialAction":[{"@type":"ReadAction","target":["https:\/\/www.koonings.com\/fr\/product\/abrazi-o6-dbg-max\/"]}]},{"@type":"ImageObject","inLanguage":"fr-FR","@id":"https:\/\/www.koonings.com\/fr\/product\/abrazi-o6-dbg-max\/#primaryimage","url":"https:\/\/www.koonings.com\/wp-content\/uploads\/2025\/04\/49787_cc7c4f6edf8317428562d8395599d37a1c4c7e59e32f1670118b274a3ed57e56b8fc8c31.jpeg","contentUrl":"https:\/\/www.koonings.com\/wp-content\/uploads\/2025\/04\/49787_cc7c4f6edf8317428562d8395599d37a1c4c7e59e32f1670118b274a3ed57e56b8fc8c31.jpeg","width":1333,"height":2000},{"@type":"BreadcrumbList","@id":"https:\/\/www.koonings.com\/fr\/product\/abrazi-o6-dbg-max\/#breadcrumb","itemListElement":[{"@type":"ListItem","position":1,"name":"Home","item":"https:\/\/www.koonings.com\/fr\/"},{"@type":"ListItem","position":2,"name":"Abrazi O6-DBG Max"}]},{"@type":"WebSite","@id":"https:\/\/www.koonings.com\/fr\/#website","url":"https:\/\/www.koonings.com\/fr\/","name":"Koonings","description":"De grootste bruidsmodewinkel ter wereld","publisher":{"@id":"https:\/\/www.koonings.com\/fr\/#organization"},"potentialAction":[{"@type":"SearchAction","target":{"@type":"EntryPoint","urlTemplate":"https:\/\/www.koonings.com\/fr\/?s={search_term_string}"},"query-input":{"@type":"PropertyValueSpecification","valueRequired":true,"valueName":"search_term_string"}}],"inLanguage":"fr-FR"},{"@type":"Organization","@id":"https:\/\/www.koonings.com\/fr\/#organization","name":"Koonings","url":"https:\/\/www.koonings.com\/fr\/","logo":{"@type":"ImageObject","inLanguage":"fr-FR","@id":"https:\/\/www.koonings.com\/fr\/#\/schema\/logo\/image\/","url":"https:\/\/www.koonings.com\/wp-content\/uploads\/2024\/07\/logo.png","contentUrl":"https:\/\/www.koonings.com\/wp-content\/uploads\/2024\/07\/logo.png","width":600,"height":428,"caption":"Koonings"},"image":{"@id":"https:\/\/www.koonings.com\/fr\/#\/schema\/logo\/image\/"},"sameAs":["https:\/\/www.facebook.com\/kooningstheweddingpalace","https:\/\/www.instagram.com\/kooningstheweddingpalace","https:\/\/www.pinterest.com\/koonings","https:\/\/www.youtube.com\/kooningstheweddingpalace"]}]}},"_links":{"self":[{"href":"https:\/\/www.koonings.com\/fr\/wp-json\/wp\/v2\/product\/84830","targetHints":{"allow":["GET"]}}],"collection":[{"href":"https:\/\/www.koonings.com\/fr\/wp-json\/wp\/v2\/product"}],"about":[{"href":"https:\/\/www.koonings.com\/fr\/wp-json\/wp\/v2\/types\/product"}],"wp:featuredmedia":[{"embeddable":true,"href":"https:\/\/www.koonings.com\/fr\/wp-json\/wp\/v2\/media\/84162"}],"wp:attachment":[{"href":"https:\/\/www.koonings.com\/fr\/wp-json\/wp\/v2\/media?parent=84830"}],"wp:term":[{"taxonomy":"productdetails","embeddable":true,"href":"https:\/\/www.koonings.com\/fr\/wp-json\/wp\/v2\/productdetails?post=84830"},{"taxonomy":"productneck","embeddable":true,"href":"https:\/\/www.koonings.com\/fr\/wp-json\/wp\/v2\/productneck?post=84830"},{"taxonomy":"productcolor","embeddable":true,"href":"https:\/\/www.koonings.com\/fr\/wp-json\/wp\/v2\/productcolor?post=84830"},{"taxonomy":"maat","embeddable":true,"href":"https:\/\/www.koonings.com\/fr\/wp-json\/wp\/v2\/maat?post=84830"},{"taxonomy":"productsupplier","embeddable":true,"href":"https:\/\/www.koonings.com\/fr\/wp-json\/wp\/v2\/productsupplier?post=84830"},{"taxonomy":"productsleeve","embeddable":true,"href":"https:\/\/www.koonings.com\/fr\/wp-json\/wp\/v2\/productsleeve?post=84830"},{"taxonomy":"productcategory","embeddable":true,"href":"https:\/\/www.koonings.com\/fr\/wp-json\/wp\/v2\/productcategory?post=84830"},{"taxonomy":"productsilhouette","embeddable":true,"href":"https:\/\/www.koonings.com\/fr\/wp-json\/wp\/v2\/productsilhouette?post=84830"},{"taxonomy":"productstyle","embeddable":true,"href":"https:\/\/www.koonings.com\/fr\/wp-json\/wp\/v2\/productstyle?post=84830"}],"curies":[{"name":"wp","href":"https:\/\/api.w.org\/{rel}","templated":true}]}}