{"id":84826,"date":"2026-04-28T18:28:34","date_gmt":"2026-04-28T16:28:34","guid":{"rendered":"https:\/\/www.koonings.com\/product\/fashion-queen-amera-vera-light-al129-2\/"},"modified":"2025-06-05T13:57:38","modified_gmt":"2025-06-05T11:57:38","slug":"fashion-queen-amera-vera-light-al129-2","status":"publish","type":"product","link":"https:\/\/www.koonings.com\/fr\/product\/fashion-queen-amera-vera-light-al129-2\/","title":{"rendered":"Fashion Queen Amera Vera Light AL129"},"content":{"rendered":"<p>La robe de mari\u00e9e Amera Vera Light AL129 de Fashion Queen est un choix \u00e9l\u00e9gant et sophistiqu\u00e9 pour la mari\u00e9e qui recherche un look intemporel avec une touche de modernit\u00e9. La conception de cette robe allie un romantisme subtil \u00e0 des d\u00e9tails luxueux. Le corsage est magnifiquement orn\u00e9 de dentelle d\u00e9taill\u00e9e et d&#8217;appliques d\u00e9licates qui cr\u00e9ent un look sophistiqu\u00e9 et f\u00e9minin. Les tissus l\u00e9gers et translucides conf\u00e8rent \u00e0 la robe un aspect r\u00eaveur et \u00e9th\u00e9r\u00e9, tandis que la jupe trap\u00e8ze tombe en douceur et met en valeur la silhouette de mani\u00e8re flatteuse.   <\/p>\n<p>La robe Amera Vera Light AL129 est l&#8217;\u00e9quilibre parfait entre le classique et le moderne, avec une allure \u00e9l\u00e9gante et a\u00e9r\u00e9e qui donne \u00e0 la mari\u00e9e un sentiment de confort et de beaut\u00e9. La robe est con\u00e7ue pour offrir un look sophistiqu\u00e9 et intemporel qui convient \u00e0 tous les mariages, qu&#8217;il s&#8217;agisse d&#8217;une c\u00e9r\u00e9monie intime ou d&#8217;une c\u00e9l\u00e9bration grandiose. <\/p>\n<p>Cette robe est destin\u00e9e \u00e0 la mari\u00e9e qui souhaite c\u00e9l\u00e9brer son mariage dans une robe qui met en valeur sa beaut\u00e9 naturelle, avec une touche de sophistication moderne. La robe Amera Vera Light AL129 est un choix parfait pour un mariage \u00e0 la fois \u00e9l\u00e9gant et inoubliable. <\/p>\n","protected":false},"featured_media":82274,"template":"","meta":{"_acf_changed":false,"ghostkit_customizer_options":"","ghostkit_custom_css":"","ghostkit_custom_js_head":"","ghostkit_custom_js_foot":"","ghostkit_typography":""},"productdetails":[],"productneck":[355],"productcolor":[392],"maat":[],"productsupplier":[480],"productsleeve":[359],"productcategory":[18],"productsilhouette":[384,389],"productstyle":[365],"class_list":["post-84826","product","type-product","status-publish","has-post-thumbnail","hentry","productneck-355","productcolor-392","productsupplier-fashion-queen","productsleeve-359","productcategory-trouwjurken","productsilhouette-384","productsilhouette-389","productstyle-365"],"acf":[],"yoast_head":"<!-- This site is optimized with the Yoast SEO plugin v27.3 - https:\/\/yoast.com\/product\/yoast-seo-wordpress\/ -->\n<title>Fashion Queen Amera Vera Light AL129 | Koonings<\/title>\n<meta name=\"description\" content=\"La robe de mari\u00e9e Amera Vera Light AL129 de Fashion Queen est un choix \u00e9l\u00e9gant et sophistiqu\u00e9 pour la mari\u00e9e qui recherche un look intemporel avec une touche de modernit\u00e9. La conception de cette robe allie un romantisme subtil \u00e0 des d\u00e9tails luxueux. Le corsage est magnifiquement orn\u00e9 de dentelle d\u00e9taill\u00e9e et d&#039;appliques d\u00e9licates qui cr\u00e9ent un look sophistiqu\u00e9 et f\u00e9minin. Les tissus l\u00e9gers et translucides conf\u00e8rent \u00e0 la robe un aspect r\u00eaveur et \u00e9th\u00e9r\u00e9, tandis que la jupe trap\u00e8ze tombe en douceur et met en valeur la silhouette de mani\u00e8re flatteuse. La robe Amera Vera Light AL129 est l&#039;\u00e9quilibre parfait entre le classique et le moderne, avec une allure \u00e9l\u00e9gante et a\u00e9r\u00e9e qui donne \u00e0 la mari\u00e9e un sentiment de confort et de beaut\u00e9. La robe est con\u00e7ue pour offrir un look sophistiqu\u00e9 et intemporel qui convient \u00e0 tous les mariages, qu&#039;il s&#039;agisse d&#039;une c\u00e9r\u00e9monie intime ou d&#039;une c\u00e9l\u00e9bration grandiose. Cette robe est destin\u00e9e \u00e0 la mari\u00e9e qui souhaite c\u00e9l\u00e9brer son mariage dans une robe qui met en valeur sa beaut\u00e9 naturelle, avec une touche de sophistication moderne. La robe Amera Vera Light AL129 est un choix parfait pour un mariage \u00e0 la fois \u00e9l\u00e9gant et inoubliable.\" \/>\n<meta name=\"robots\" content=\"index, follow, max-snippet:-1, max-image-preview:large, max-video-preview:-1\" \/>\n<link rel=\"canonical\" href=\"https:\/\/www.koonings.com\/fr\/product\/fashion-queen-amera-vera-light-al129-2\/\" \/>\n<meta property=\"og:locale\" content=\"fr_FR\" \/>\n<meta property=\"og:type\" content=\"article\" \/>\n<meta property=\"og:title\" content=\"Fashion Queen Amera Vera Light AL129 | Koonings\" \/>\n<meta property=\"og:description\" content=\"La robe de mari\u00e9e Amera Vera Light AL129 de Fashion Queen est un choix \u00e9l\u00e9gant et sophistiqu\u00e9 pour la mari\u00e9e qui recherche un look intemporel avec une touche de modernit\u00e9. La conception de cette robe allie un romantisme subtil \u00e0 des d\u00e9tails luxueux. Le corsage est magnifiquement orn\u00e9 de dentelle d\u00e9taill\u00e9e et d&#039;appliques d\u00e9licates qui cr\u00e9ent un look sophistiqu\u00e9 et f\u00e9minin. Les tissus l\u00e9gers et translucides conf\u00e8rent \u00e0 la robe un aspect r\u00eaveur et \u00e9th\u00e9r\u00e9, tandis que la jupe trap\u00e8ze tombe en douceur et met en valeur la silhouette de mani\u00e8re flatteuse. La robe Amera Vera Light AL129 est l&#039;\u00e9quilibre parfait entre le classique et le moderne, avec une allure \u00e9l\u00e9gante et a\u00e9r\u00e9e qui donne \u00e0 la mari\u00e9e un sentiment de confort et de beaut\u00e9. La robe est con\u00e7ue pour offrir un look sophistiqu\u00e9 et intemporel qui convient \u00e0 tous les mariages, qu&#039;il s&#039;agisse d&#039;une c\u00e9r\u00e9monie intime ou d&#039;une c\u00e9l\u00e9bration grandiose. Cette robe est destin\u00e9e \u00e0 la mari\u00e9e qui souhaite c\u00e9l\u00e9brer son mariage dans une robe qui met en valeur sa beaut\u00e9 naturelle, avec une touche de sophistication moderne. La robe Amera Vera Light AL129 est un choix parfait pour un mariage \u00e0 la fois \u00e9l\u00e9gant et inoubliable.\" \/>\n<meta property=\"og:url\" content=\"https:\/\/www.koonings.com\/fr\/product\/fashion-queen-amera-vera-light-al129-2\/\" \/>\n<meta property=\"og:site_name\" content=\"Koonings\" \/>\n<meta property=\"article:publisher\" content=\"https:\/\/www.facebook.com\/kooningstheweddingpalace\" \/>\n<meta property=\"og:image\" content=\"https:\/\/www.koonings.com\/wp-content\/uploads\/2025\/03\/49174_af23b504e9ca2bc68fa8bf4e5fe65e705443db1daca26471d5c1b65e3cfeed5ec2bfafbf.jpeg\" \/>\n\t<meta property=\"og:image:width\" content=\"1348\" \/>\n\t<meta property=\"og:image:height\" content=\"1988\" \/>\n\t<meta property=\"og:image:type\" content=\"image\/jpeg\" \/>\n<meta name=\"twitter:card\" content=\"summary_large_image\" \/>\n<meta name=\"twitter:label1\" content=\"Dur\u00e9e de lecture estim\u00e9e\" \/>\n\t<meta name=\"twitter:data1\" content=\"1 minute\" \/>\n<script type=\"application\/ld+json\" class=\"yoast-schema-graph\">{\"@context\":\"https:\\\/\\\/schema.org\",\"@graph\":[{\"@type\":\"WebPage\",\"@id\":\"https:\\\/\\\/www.koonings.com\\\/fr\\\/product\\\/fashion-queen-amera-vera-light-al129-2\\\/\",\"url\":\"https:\\\/\\\/www.koonings.com\\\/fr\\\/product\\\/fashion-queen-amera-vera-light-al129-2\\\/\",\"name\":\"Fashion Queen Amera Vera Light AL129 | Koonings\",\"isPartOf\":{\"@id\":\"https:\\\/\\\/www.koonings.com\\\/fr\\\/#website\"},\"primaryImageOfPage\":{\"@id\":\"https:\\\/\\\/www.koonings.com\\\/fr\\\/product\\\/fashion-queen-amera-vera-light-al129-2\\\/#primaryimage\"},\"image\":{\"@id\":\"https:\\\/\\\/www.koonings.com\\\/fr\\\/product\\\/fashion-queen-amera-vera-light-al129-2\\\/#primaryimage\"},\"thumbnailUrl\":\"https:\\\/\\\/www.koonings.com\\\/wp-content\\\/uploads\\\/2025\\\/03\\\/49174_af23b504e9ca2bc68fa8bf4e5fe65e705443db1daca26471d5c1b65e3cfeed5ec2bfafbf.jpeg\",\"datePublished\":\"2026-04-28T16:28:34+00:00\",\"description\":\"La robe de mari\u00e9e Amera Vera Light AL129 de Fashion Queen est un choix \u00e9l\u00e9gant et sophistiqu\u00e9 pour la mari\u00e9e qui recherche un look intemporel avec une touche de modernit\u00e9. La conception de cette robe allie un romantisme subtil \u00e0 des d\u00e9tails luxueux. Le corsage est magnifiquement orn\u00e9 de dentelle d\u00e9taill\u00e9e et d'appliques d\u00e9licates qui cr\u00e9ent un look sophistiqu\u00e9 et f\u00e9minin. Les tissus l\u00e9gers et translucides conf\u00e8rent \u00e0 la robe un aspect r\u00eaveur et \u00e9th\u00e9r\u00e9, tandis que la jupe trap\u00e8ze tombe en douceur et met en valeur la silhouette de mani\u00e8re flatteuse. La robe Amera Vera Light AL129 est l'\u00e9quilibre parfait entre le classique et le moderne, avec une allure \u00e9l\u00e9gante et a\u00e9r\u00e9e qui donne \u00e0 la mari\u00e9e un sentiment de confort et de beaut\u00e9. La robe est con\u00e7ue pour offrir un look sophistiqu\u00e9 et intemporel qui convient \u00e0 tous les mariages, qu'il s'agisse d'une c\u00e9r\u00e9monie intime ou d'une c\u00e9l\u00e9bration grandiose. Cette robe est destin\u00e9e \u00e0 la mari\u00e9e qui souhaite c\u00e9l\u00e9brer son mariage dans une robe qui met en valeur sa beaut\u00e9 naturelle, avec une touche de sophistication moderne. La robe Amera Vera Light AL129 est un choix parfait pour un mariage \u00e0 la fois \u00e9l\u00e9gant et inoubliable.\",\"breadcrumb\":{\"@id\":\"https:\\\/\\\/www.koonings.com\\\/fr\\\/product\\\/fashion-queen-amera-vera-light-al129-2\\\/#breadcrumb\"},\"inLanguage\":\"fr-FR\",\"potentialAction\":[{\"@type\":\"ReadAction\",\"target\":[\"https:\\\/\\\/www.koonings.com\\\/fr\\\/product\\\/fashion-queen-amera-vera-light-al129-2\\\/\"]}]},{\"@type\":\"ImageObject\",\"inLanguage\":\"fr-FR\",\"@id\":\"https:\\\/\\\/www.koonings.com\\\/fr\\\/product\\\/fashion-queen-amera-vera-light-al129-2\\\/#primaryimage\",\"url\":\"https:\\\/\\\/www.koonings.com\\\/wp-content\\\/uploads\\\/2025\\\/03\\\/49174_af23b504e9ca2bc68fa8bf4e5fe65e705443db1daca26471d5c1b65e3cfeed5ec2bfafbf.jpeg\",\"contentUrl\":\"https:\\\/\\\/www.koonings.com\\\/wp-content\\\/uploads\\\/2025\\\/03\\\/49174_af23b504e9ca2bc68fa8bf4e5fe65e705443db1daca26471d5c1b65e3cfeed5ec2bfafbf.jpeg\",\"width\":1348,\"height\":1988},{\"@type\":\"BreadcrumbList\",\"@id\":\"https:\\\/\\\/www.koonings.com\\\/fr\\\/product\\\/fashion-queen-amera-vera-light-al129-2\\\/#breadcrumb\",\"itemListElement\":[{\"@type\":\"ListItem\",\"position\":1,\"name\":\"Home\",\"item\":\"https:\\\/\\\/www.koonings.com\\\/fr\\\/\"},{\"@type\":\"ListItem\",\"position\":2,\"name\":\"Fashion Queen Amera Vera Light AL129\"}]},{\"@type\":\"WebSite\",\"@id\":\"https:\\\/\\\/www.koonings.com\\\/fr\\\/#website\",\"url\":\"https:\\\/\\\/www.koonings.com\\\/fr\\\/\",\"name\":\"Koonings\",\"description\":\"De grootste bruidsmodewinkel ter wereld\",\"publisher\":{\"@id\":\"https:\\\/\\\/www.koonings.com\\\/fr\\\/#organization\"},\"potentialAction\":[{\"@type\":\"SearchAction\",\"target\":{\"@type\":\"EntryPoint\",\"urlTemplate\":\"https:\\\/\\\/www.koonings.com\\\/fr\\\/?s={search_term_string}\"},\"query-input\":{\"@type\":\"PropertyValueSpecification\",\"valueRequired\":true,\"valueName\":\"search_term_string\"}}],\"inLanguage\":\"fr-FR\"},{\"@type\":\"Organization\",\"@id\":\"https:\\\/\\\/www.koonings.com\\\/fr\\\/#organization\",\"name\":\"Koonings\",\"url\":\"https:\\\/\\\/www.koonings.com\\\/fr\\\/\",\"logo\":{\"@type\":\"ImageObject\",\"inLanguage\":\"fr-FR\",\"@id\":\"https:\\\/\\\/www.koonings.com\\\/fr\\\/#\\\/schema\\\/logo\\\/image\\\/\",\"url\":\"https:\\\/\\\/www.koonings.com\\\/wp-content\\\/uploads\\\/2024\\\/07\\\/logo.png\",\"contentUrl\":\"https:\\\/\\\/www.koonings.com\\\/wp-content\\\/uploads\\\/2024\\\/07\\\/logo.png\",\"width\":600,\"height\":428,\"caption\":\"Koonings\"},\"image\":{\"@id\":\"https:\\\/\\\/www.koonings.com\\\/fr\\\/#\\\/schema\\\/logo\\\/image\\\/\"},\"sameAs\":[\"https:\\\/\\\/www.facebook.com\\\/kooningstheweddingpalace\",\"https:\\\/\\\/www.instagram.com\\\/kooningstheweddingpalace\",\"https:\\\/\\\/www.pinterest.com\\\/koonings\",\"https:\\\/\\\/www.youtube.com\\\/kooningstheweddingpalace\"]}]}<\/script>\n<!-- \/ Yoast SEO plugin. -->","yoast_head_json":{"title":"Fashion Queen Amera Vera Light AL129 | Koonings","description":"La robe de mari\u00e9e Amera Vera Light AL129 de Fashion Queen est un choix \u00e9l\u00e9gant et sophistiqu\u00e9 pour la mari\u00e9e qui recherche un look intemporel avec une touche de modernit\u00e9. La conception de cette robe allie un romantisme subtil \u00e0 des d\u00e9tails luxueux. Le corsage est magnifiquement orn\u00e9 de dentelle d\u00e9taill\u00e9e et d'appliques d\u00e9licates qui cr\u00e9ent un look sophistiqu\u00e9 et f\u00e9minin. Les tissus l\u00e9gers et translucides conf\u00e8rent \u00e0 la robe un aspect r\u00eaveur et \u00e9th\u00e9r\u00e9, tandis que la jupe trap\u00e8ze tombe en douceur et met en valeur la silhouette de mani\u00e8re flatteuse. La robe Amera Vera Light AL129 est l'\u00e9quilibre parfait entre le classique et le moderne, avec une allure \u00e9l\u00e9gante et a\u00e9r\u00e9e qui donne \u00e0 la mari\u00e9e un sentiment de confort et de beaut\u00e9. La robe est con\u00e7ue pour offrir un look sophistiqu\u00e9 et intemporel qui convient \u00e0 tous les mariages, qu'il s'agisse d'une c\u00e9r\u00e9monie intime ou d'une c\u00e9l\u00e9bration grandiose. Cette robe est destin\u00e9e \u00e0 la mari\u00e9e qui souhaite c\u00e9l\u00e9brer son mariage dans une robe qui met en valeur sa beaut\u00e9 naturelle, avec une touche de sophistication moderne. La robe Amera Vera Light AL129 est un choix parfait pour un mariage \u00e0 la fois \u00e9l\u00e9gant et inoubliable.","robots":{"index":"index","follow":"follow","max-snippet":"max-snippet:-1","max-image-preview":"max-image-preview:large","max-video-preview":"max-video-preview:-1"},"canonical":"https:\/\/www.koonings.com\/fr\/product\/fashion-queen-amera-vera-light-al129-2\/","og_locale":"fr_FR","og_type":"article","og_title":"Fashion Queen Amera Vera Light AL129 | Koonings","og_description":"La robe de mari\u00e9e Amera Vera Light AL129 de Fashion Queen est un choix \u00e9l\u00e9gant et sophistiqu\u00e9 pour la mari\u00e9e qui recherche un look intemporel avec une touche de modernit\u00e9. La conception de cette robe allie un romantisme subtil \u00e0 des d\u00e9tails luxueux. Le corsage est magnifiquement orn\u00e9 de dentelle d\u00e9taill\u00e9e et d'appliques d\u00e9licates qui cr\u00e9ent un look sophistiqu\u00e9 et f\u00e9minin. Les tissus l\u00e9gers et translucides conf\u00e8rent \u00e0 la robe un aspect r\u00eaveur et \u00e9th\u00e9r\u00e9, tandis que la jupe trap\u00e8ze tombe en douceur et met en valeur la silhouette de mani\u00e8re flatteuse. La robe Amera Vera Light AL129 est l'\u00e9quilibre parfait entre le classique et le moderne, avec une allure \u00e9l\u00e9gante et a\u00e9r\u00e9e qui donne \u00e0 la mari\u00e9e un sentiment de confort et de beaut\u00e9. La robe est con\u00e7ue pour offrir un look sophistiqu\u00e9 et intemporel qui convient \u00e0 tous les mariages, qu'il s'agisse d'une c\u00e9r\u00e9monie intime ou d'une c\u00e9l\u00e9bration grandiose. Cette robe est destin\u00e9e \u00e0 la mari\u00e9e qui souhaite c\u00e9l\u00e9brer son mariage dans une robe qui met en valeur sa beaut\u00e9 naturelle, avec une touche de sophistication moderne. La robe Amera Vera Light AL129 est un choix parfait pour un mariage \u00e0 la fois \u00e9l\u00e9gant et inoubliable.","og_url":"https:\/\/www.koonings.com\/fr\/product\/fashion-queen-amera-vera-light-al129-2\/","og_site_name":"Koonings","article_publisher":"https:\/\/www.facebook.com\/kooningstheweddingpalace","og_image":[{"width":1348,"height":1988,"url":"https:\/\/www.koonings.com\/wp-content\/uploads\/2025\/03\/49174_af23b504e9ca2bc68fa8bf4e5fe65e705443db1daca26471d5c1b65e3cfeed5ec2bfafbf.jpeg","type":"image\/jpeg"}],"twitter_card":"summary_large_image","twitter_misc":{"Dur\u00e9e de lecture estim\u00e9e":"1 minute"},"schema":{"@context":"https:\/\/schema.org","@graph":[{"@type":"WebPage","@id":"https:\/\/www.koonings.com\/fr\/product\/fashion-queen-amera-vera-light-al129-2\/","url":"https:\/\/www.koonings.com\/fr\/product\/fashion-queen-amera-vera-light-al129-2\/","name":"Fashion Queen Amera Vera Light AL129 | Koonings","isPartOf":{"@id":"https:\/\/www.koonings.com\/fr\/#website"},"primaryImageOfPage":{"@id":"https:\/\/www.koonings.com\/fr\/product\/fashion-queen-amera-vera-light-al129-2\/#primaryimage"},"image":{"@id":"https:\/\/www.koonings.com\/fr\/product\/fashion-queen-amera-vera-light-al129-2\/#primaryimage"},"thumbnailUrl":"https:\/\/www.koonings.com\/wp-content\/uploads\/2025\/03\/49174_af23b504e9ca2bc68fa8bf4e5fe65e705443db1daca26471d5c1b65e3cfeed5ec2bfafbf.jpeg","datePublished":"2026-04-28T16:28:34+00:00","description":"La robe de mari\u00e9e Amera Vera Light AL129 de Fashion Queen est un choix \u00e9l\u00e9gant et sophistiqu\u00e9 pour la mari\u00e9e qui recherche un look intemporel avec une touche de modernit\u00e9. La conception de cette robe allie un romantisme subtil \u00e0 des d\u00e9tails luxueux. Le corsage est magnifiquement orn\u00e9 de dentelle d\u00e9taill\u00e9e et d'appliques d\u00e9licates qui cr\u00e9ent un look sophistiqu\u00e9 et f\u00e9minin. Les tissus l\u00e9gers et translucides conf\u00e8rent \u00e0 la robe un aspect r\u00eaveur et \u00e9th\u00e9r\u00e9, tandis que la jupe trap\u00e8ze tombe en douceur et met en valeur la silhouette de mani\u00e8re flatteuse. La robe Amera Vera Light AL129 est l'\u00e9quilibre parfait entre le classique et le moderne, avec une allure \u00e9l\u00e9gante et a\u00e9r\u00e9e qui donne \u00e0 la mari\u00e9e un sentiment de confort et de beaut\u00e9. La robe est con\u00e7ue pour offrir un look sophistiqu\u00e9 et intemporel qui convient \u00e0 tous les mariages, qu'il s'agisse d'une c\u00e9r\u00e9monie intime ou d'une c\u00e9l\u00e9bration grandiose. Cette robe est destin\u00e9e \u00e0 la mari\u00e9e qui souhaite c\u00e9l\u00e9brer son mariage dans une robe qui met en valeur sa beaut\u00e9 naturelle, avec une touche de sophistication moderne. La robe Amera Vera Light AL129 est un choix parfait pour un mariage \u00e0 la fois \u00e9l\u00e9gant et inoubliable.","breadcrumb":{"@id":"https:\/\/www.koonings.com\/fr\/product\/fashion-queen-amera-vera-light-al129-2\/#breadcrumb"},"inLanguage":"fr-FR","potentialAction":[{"@type":"ReadAction","target":["https:\/\/www.koonings.com\/fr\/product\/fashion-queen-amera-vera-light-al129-2\/"]}]},{"@type":"ImageObject","inLanguage":"fr-FR","@id":"https:\/\/www.koonings.com\/fr\/product\/fashion-queen-amera-vera-light-al129-2\/#primaryimage","url":"https:\/\/www.koonings.com\/wp-content\/uploads\/2025\/03\/49174_af23b504e9ca2bc68fa8bf4e5fe65e705443db1daca26471d5c1b65e3cfeed5ec2bfafbf.jpeg","contentUrl":"https:\/\/www.koonings.com\/wp-content\/uploads\/2025\/03\/49174_af23b504e9ca2bc68fa8bf4e5fe65e705443db1daca26471d5c1b65e3cfeed5ec2bfafbf.jpeg","width":1348,"height":1988},{"@type":"BreadcrumbList","@id":"https:\/\/www.koonings.com\/fr\/product\/fashion-queen-amera-vera-light-al129-2\/#breadcrumb","itemListElement":[{"@type":"ListItem","position":1,"name":"Home","item":"https:\/\/www.koonings.com\/fr\/"},{"@type":"ListItem","position":2,"name":"Fashion Queen Amera Vera Light AL129"}]},{"@type":"WebSite","@id":"https:\/\/www.koonings.com\/fr\/#website","url":"https:\/\/www.koonings.com\/fr\/","name":"Koonings","description":"De grootste bruidsmodewinkel ter wereld","publisher":{"@id":"https:\/\/www.koonings.com\/fr\/#organization"},"potentialAction":[{"@type":"SearchAction","target":{"@type":"EntryPoint","urlTemplate":"https:\/\/www.koonings.com\/fr\/?s={search_term_string}"},"query-input":{"@type":"PropertyValueSpecification","valueRequired":true,"valueName":"search_term_string"}}],"inLanguage":"fr-FR"},{"@type":"Organization","@id":"https:\/\/www.koonings.com\/fr\/#organization","name":"Koonings","url":"https:\/\/www.koonings.com\/fr\/","logo":{"@type":"ImageObject","inLanguage":"fr-FR","@id":"https:\/\/www.koonings.com\/fr\/#\/schema\/logo\/image\/","url":"https:\/\/www.koonings.com\/wp-content\/uploads\/2024\/07\/logo.png","contentUrl":"https:\/\/www.koonings.com\/wp-content\/uploads\/2024\/07\/logo.png","width":600,"height":428,"caption":"Koonings"},"image":{"@id":"https:\/\/www.koonings.com\/fr\/#\/schema\/logo\/image\/"},"sameAs":["https:\/\/www.facebook.com\/kooningstheweddingpalace","https:\/\/www.instagram.com\/kooningstheweddingpalace","https:\/\/www.pinterest.com\/koonings","https:\/\/www.youtube.com\/kooningstheweddingpalace"]}]}},"_links":{"self":[{"href":"https:\/\/www.koonings.com\/fr\/wp-json\/wp\/v2\/product\/84826","targetHints":{"allow":["GET"]}}],"collection":[{"href":"https:\/\/www.koonings.com\/fr\/wp-json\/wp\/v2\/product"}],"about":[{"href":"https:\/\/www.koonings.com\/fr\/wp-json\/wp\/v2\/types\/product"}],"wp:featuredmedia":[{"embeddable":true,"href":"https:\/\/www.koonings.com\/fr\/wp-json\/wp\/v2\/media\/82274"}],"wp:attachment":[{"href":"https:\/\/www.koonings.com\/fr\/wp-json\/wp\/v2\/media?parent=84826"}],"wp:term":[{"taxonomy":"productdetails","embeddable":true,"href":"https:\/\/www.koonings.com\/fr\/wp-json\/wp\/v2\/productdetails?post=84826"},{"taxonomy":"productneck","embeddable":true,"href":"https:\/\/www.koonings.com\/fr\/wp-json\/wp\/v2\/productneck?post=84826"},{"taxonomy":"productcolor","embeddable":true,"href":"https:\/\/www.koonings.com\/fr\/wp-json\/wp\/v2\/productcolor?post=84826"},{"taxonomy":"maat","embeddable":true,"href":"https:\/\/www.koonings.com\/fr\/wp-json\/wp\/v2\/maat?post=84826"},{"taxonomy":"productsupplier","embeddable":true,"href":"https:\/\/www.koonings.com\/fr\/wp-json\/wp\/v2\/productsupplier?post=84826"},{"taxonomy":"productsleeve","embeddable":true,"href":"https:\/\/www.koonings.com\/fr\/wp-json\/wp\/v2\/productsleeve?post=84826"},{"taxonomy":"productcategory","embeddable":true,"href":"https:\/\/www.koonings.com\/fr\/wp-json\/wp\/v2\/productcategory?post=84826"},{"taxonomy":"productsilhouette","embeddable":true,"href":"https:\/\/www.koonings.com\/fr\/wp-json\/wp\/v2\/productsilhouette?post=84826"},{"taxonomy":"productstyle","embeddable":true,"href":"https:\/\/www.koonings.com\/fr\/wp-json\/wp\/v2\/productstyle?post=84826"}],"curies":[{"name":"wp","href":"https:\/\/api.w.org\/{rel}","templated":true}]}}