{"id":84819,"date":"2025-12-15T00:50:05","date_gmt":"2025-12-14T23:50:05","guid":{"rendered":"https:\/\/www.koonings.com\/product\/fashion-queen-b2516\/"},"modified":"2026-02-03T20:21:30","modified_gmt":"2026-02-03T19:21:30","slug":"fashion-queen-b2516","status":"publish","type":"product","link":"https:\/\/www.koonings.com\/fr\/product\/fashion-queen-b2516\/","title":{"rendered":"Reine de la mode B2516"},"content":{"rendered":"<p>La robe de mari\u00e9e B2516 de Fashion Queen est un mod\u00e8le \u00e9blouissant pour les mari\u00e9es \u00e0 la recherche d&#8217;un look classique et sophistiqu\u00e9. Le corsage de la robe est magnifiquement d\u00e9cor\u00e9 de dentelle d\u00e9taill\u00e9e et d&#8217;appliques d\u00e9licates, donnant \u00e0 la robe un aspect romantique et luxueux. La jupe trap\u00e8ze tombe \u00e9l\u00e9gamment et cr\u00e9e une silhouette f\u00e9minine de r\u00eave, tandis que les tissus souples offrent \u00e0 la mari\u00e9e confort et libert\u00e9 de mouvement. La B2516 d\u00e9gage un charme intemporel, avec des touches modernes qui rendent la robe tout \u00e0 fait contemporaine.   <\/p>\n<p>Ce qui rend cette robe encore plus sp\u00e9ciale, c&#8217;est que la B2516 est \u00e9galement disponible en taille plus. Ainsi, chaque mari\u00e9e, quelle que soit sa taille, peut se sentir confiante et belle dans une robe qui lui va parfaitement et qui met sa silhouette en valeur de mani\u00e8re \u00e9l\u00e9gante. <\/p>\n<p>La B2516 est disponible exclusivement chez Koonings The Wedding Palace \u00e0 Deurne, la plus grande boutique de mode nuptiale au monde. Koonings offre une exp\u00e9rience d&#8217;achat luxueuse et accueillante, o\u00f9 les mari\u00e9es de toutes tailles peuvent compter sur les conseils personnalis\u00e9s de stylistes experts. Avec une gamme impressionnante de grandes marques, dont Fashion Queen, Koonings s&#8217;assure que chaque mari\u00e9e trouve la robe de ses r\u00eaves. La B2516 est destin\u00e9e \u00e0 la mari\u00e9e qui souhaite c\u00e9l\u00e9brer son mariage dans une robe \u00e0 la fois \u00e9l\u00e9gante et intemporelle, avec une touche de modernit\u00e9 qui ne se d\u00e9mode jamais.   <\/p>\n","protected":false},"featured_media":82376,"template":"","meta":{"_acf_changed":false,"ghostkit_customizer_options":"","ghostkit_custom_css":"","ghostkit_custom_js_head":"","ghostkit_custom_js_foot":"","ghostkit_typography":""},"productdetails":[379,381],"productneck":[356],"productcolor":[392],"maat":[],"productsupplier":[480],"productsleeve":[359],"productcategory":[18],"productsilhouette":[384],"productstyle":[366],"class_list":["post-84819","product","type-product","status-publish","has-post-thumbnail","hentry","productdetails-379","productdetails-381","productneck-356","productcolor-392","productsupplier-fashion-queen","productsleeve-359","productcategory-trouwjurken","productsilhouette-384","productstyle-366"],"acf":[],"yoast_head":"<!-- This site is optimized with the Yoast SEO plugin v27.3 - https:\/\/yoast.com\/product\/yoast-seo-wordpress\/ -->\n<title>Reine de la mode B2516 | Koonings<\/title>\n<meta name=\"description\" content=\"La robe de mari\u00e9e B2516 de Fashion Queen est un mod\u00e8le \u00e9blouissant pour les mari\u00e9es \u00e0 la recherche d&#039;un look classique et sophistiqu\u00e9. Le corsage de la robe est magnifiquement d\u00e9cor\u00e9 de dentelle d\u00e9taill\u00e9e et d&#039;appliques d\u00e9licates, ce qui donne \u00e0 la robe un aspect romantique et luxueux. La jupe trap\u00e8ze tombe \u00e9l\u00e9gamment et cr\u00e9e une silhouette f\u00e9minine de r\u00eave, tandis que les tissus souples offrent \u00e0 la mari\u00e9e confort et libert\u00e9 de mouvement. La B2516 d\u00e9gage un charme intemporel, avec des touches modernes qui rendent la robe tout \u00e0 fait contemporaine. Ce qui rend cette robe encore plus sp\u00e9ciale, c&#039;est que la B2516 est \u00e9galement disponible en taille plus. Ainsi, chaque mari\u00e9e, quelle que soit sa taille, peut se sentir confiante et belle dans une robe qui lui va parfaitement et qui met sa silhouette en valeur de mani\u00e8re \u00e9l\u00e9gante. La B2516 est disponible exclusivement chez Koonings The Wedding Palace \u00e0 Deurne, la plus grande boutique de mode nuptiale au monde. Koonings offre une exp\u00e9rience d&#039;achat luxueuse et accueillante, o\u00f9 les mari\u00e9es de toutes tailles peuvent compter sur les conseils personnalis\u00e9s de stylistes experts. Avec une gamme impressionnante de grandes marques, dont Fashion Queen, Koonings s&#039;assure que chaque mari\u00e9e trouve la robe de ses r\u00eaves. La B2516 est destin\u00e9e \u00e0 la mari\u00e9e qui souhaite c\u00e9l\u00e9brer son mariage dans une robe \u00e0 la fois \u00e9l\u00e9gante et intemporelle, avec une touche de modernit\u00e9 qui ne se d\u00e9mode jamais.\" \/>\n<meta name=\"robots\" content=\"index, follow, max-snippet:-1, max-image-preview:large, max-video-preview:-1\" \/>\n<link rel=\"canonical\" href=\"https:\/\/www.koonings.com\/fr\/product\/fashion-queen-b2516\/\" \/>\n<meta property=\"og:locale\" content=\"fr_FR\" \/>\n<meta property=\"og:type\" content=\"article\" \/>\n<meta property=\"og:title\" content=\"Reine de la mode B2516 | Koonings\" \/>\n<meta property=\"og:description\" content=\"La robe de mari\u00e9e B2516 de Fashion Queen est un mod\u00e8le \u00e9blouissant pour les mari\u00e9es \u00e0 la recherche d&#039;un look classique et sophistiqu\u00e9. Le corsage de la robe est magnifiquement d\u00e9cor\u00e9 de dentelle d\u00e9taill\u00e9e et d&#039;appliques d\u00e9licates, ce qui donne \u00e0 la robe un aspect romantique et luxueux. La jupe trap\u00e8ze tombe \u00e9l\u00e9gamment et cr\u00e9e une silhouette f\u00e9minine de r\u00eave, tandis que les tissus souples offrent \u00e0 la mari\u00e9e confort et libert\u00e9 de mouvement. La B2516 d\u00e9gage un charme intemporel, avec des touches modernes qui rendent la robe tout \u00e0 fait contemporaine. Ce qui rend cette robe encore plus sp\u00e9ciale, c&#039;est que la B2516 est \u00e9galement disponible en taille plus. Ainsi, chaque mari\u00e9e, quelle que soit sa taille, peut se sentir confiante et belle dans une robe qui lui va parfaitement et qui met sa silhouette en valeur de mani\u00e8re \u00e9l\u00e9gante. La B2516 est disponible exclusivement chez Koonings The Wedding Palace \u00e0 Deurne, la plus grande boutique de mode nuptiale au monde. Koonings offre une exp\u00e9rience d&#039;achat luxueuse et accueillante, o\u00f9 les mari\u00e9es de toutes tailles peuvent compter sur les conseils personnalis\u00e9s de stylistes experts. Avec une gamme impressionnante de grandes marques, dont Fashion Queen, Koonings s&#039;assure que chaque mari\u00e9e trouve la robe de ses r\u00eaves. La B2516 est destin\u00e9e \u00e0 la mari\u00e9e qui souhaite c\u00e9l\u00e9brer son mariage dans une robe \u00e0 la fois \u00e9l\u00e9gante et intemporelle, avec une touche de modernit\u00e9 qui ne se d\u00e9mode jamais.\" \/>\n<meta property=\"og:url\" content=\"https:\/\/www.koonings.com\/fr\/product\/fashion-queen-b2516\/\" \/>\n<meta property=\"og:site_name\" content=\"Koonings\" \/>\n<meta property=\"article:publisher\" content=\"https:\/\/www.facebook.com\/kooningstheweddingpalace\" \/>\n<meta property=\"article:modified_time\" content=\"2026-02-03T19:21:30+00:00\" \/>\n<meta property=\"og:image\" content=\"https:\/\/www.koonings.com\/wp-content\/uploads\/2025\/03\/49457_4f494c6c212bdccfa0cc46adcc9a66e1026ebeaa87026840353c44dee88fabb33cf35fbe.jpeg\" \/>\n\t<meta property=\"og:image:width\" content=\"1257\" \/>\n\t<meta property=\"og:image:height\" content=\"1778\" \/>\n\t<meta property=\"og:image:type\" content=\"image\/jpeg\" \/>\n<meta name=\"twitter:card\" content=\"summary_large_image\" \/>\n<meta name=\"twitter:label1\" content=\"Dur\u00e9e de lecture estim\u00e9e\" \/>\n\t<meta name=\"twitter:data1\" content=\"1 minute\" \/>\n<script type=\"application\/ld+json\" class=\"yoast-schema-graph\">{\"@context\":\"https:\\\/\\\/schema.org\",\"@graph\":[{\"@type\":\"WebPage\",\"@id\":\"https:\\\/\\\/www.koonings.com\\\/fr\\\/product\\\/fashion-queen-b2516\\\/\",\"url\":\"https:\\\/\\\/www.koonings.com\\\/fr\\\/product\\\/fashion-queen-b2516\\\/\",\"name\":\"Reine de la mode B2516 | Koonings\",\"isPartOf\":{\"@id\":\"https:\\\/\\\/www.koonings.com\\\/fr\\\/#website\"},\"primaryImageOfPage\":{\"@id\":\"https:\\\/\\\/www.koonings.com\\\/fr\\\/product\\\/fashion-queen-b2516\\\/#primaryimage\"},\"image\":{\"@id\":\"https:\\\/\\\/www.koonings.com\\\/fr\\\/product\\\/fashion-queen-b2516\\\/#primaryimage\"},\"thumbnailUrl\":\"https:\\\/\\\/www.koonings.com\\\/wp-content\\\/uploads\\\/2025\\\/03\\\/49457_4f494c6c212bdccfa0cc46adcc9a66e1026ebeaa87026840353c44dee88fabb33cf35fbe.jpeg\",\"datePublished\":\"2025-12-14T23:50:05+00:00\",\"dateModified\":\"2026-02-03T19:21:30+00:00\",\"description\":\"La robe de mari\u00e9e B2516 de Fashion Queen est un mod\u00e8le \u00e9blouissant pour les mari\u00e9es \u00e0 la recherche d'un look classique et sophistiqu\u00e9. Le corsage de la robe est magnifiquement d\u00e9cor\u00e9 de dentelle d\u00e9taill\u00e9e et d'appliques d\u00e9licates, ce qui donne \u00e0 la robe un aspect romantique et luxueux. La jupe trap\u00e8ze tombe \u00e9l\u00e9gamment et cr\u00e9e une silhouette f\u00e9minine de r\u00eave, tandis que les tissus souples offrent \u00e0 la mari\u00e9e confort et libert\u00e9 de mouvement. La B2516 d\u00e9gage un charme intemporel, avec des touches modernes qui rendent la robe tout \u00e0 fait contemporaine. Ce qui rend cette robe encore plus sp\u00e9ciale, c'est que la B2516 est \u00e9galement disponible en taille plus. Ainsi, chaque mari\u00e9e, quelle que soit sa taille, peut se sentir confiante et belle dans une robe qui lui va parfaitement et qui met sa silhouette en valeur de mani\u00e8re \u00e9l\u00e9gante. La B2516 est disponible exclusivement chez Koonings The Wedding Palace \u00e0 Deurne, la plus grande boutique de mode nuptiale au monde. Koonings offre une exp\u00e9rience d'achat luxueuse et accueillante, o\u00f9 les mari\u00e9es de toutes tailles peuvent compter sur les conseils personnalis\u00e9s de stylistes experts. Avec une gamme impressionnante de grandes marques, dont Fashion Queen, Koonings s'assure que chaque mari\u00e9e trouve la robe de ses r\u00eaves. La B2516 est destin\u00e9e \u00e0 la mari\u00e9e qui souhaite c\u00e9l\u00e9brer son mariage dans une robe \u00e0 la fois \u00e9l\u00e9gante et intemporelle, avec une touche de modernit\u00e9 qui ne se d\u00e9mode jamais.\",\"breadcrumb\":{\"@id\":\"https:\\\/\\\/www.koonings.com\\\/fr\\\/product\\\/fashion-queen-b2516\\\/#breadcrumb\"},\"inLanguage\":\"fr-FR\",\"potentialAction\":[{\"@type\":\"ReadAction\",\"target\":[\"https:\\\/\\\/www.koonings.com\\\/fr\\\/product\\\/fashion-queen-b2516\\\/\"]}]},{\"@type\":\"ImageObject\",\"inLanguage\":\"fr-FR\",\"@id\":\"https:\\\/\\\/www.koonings.com\\\/fr\\\/product\\\/fashion-queen-b2516\\\/#primaryimage\",\"url\":\"https:\\\/\\\/www.koonings.com\\\/wp-content\\\/uploads\\\/2025\\\/03\\\/49457_4f494c6c212bdccfa0cc46adcc9a66e1026ebeaa87026840353c44dee88fabb33cf35fbe.jpeg\",\"contentUrl\":\"https:\\\/\\\/www.koonings.com\\\/wp-content\\\/uploads\\\/2025\\\/03\\\/49457_4f494c6c212bdccfa0cc46adcc9a66e1026ebeaa87026840353c44dee88fabb33cf35fbe.jpeg\",\"width\":1257,\"height\":1778},{\"@type\":\"BreadcrumbList\",\"@id\":\"https:\\\/\\\/www.koonings.com\\\/fr\\\/product\\\/fashion-queen-b2516\\\/#breadcrumb\",\"itemListElement\":[{\"@type\":\"ListItem\",\"position\":1,\"name\":\"Home\",\"item\":\"https:\\\/\\\/www.koonings.com\\\/fr\\\/\"},{\"@type\":\"ListItem\",\"position\":2,\"name\":\"Reine de la mode B2516\"}]},{\"@type\":\"WebSite\",\"@id\":\"https:\\\/\\\/www.koonings.com\\\/fr\\\/#website\",\"url\":\"https:\\\/\\\/www.koonings.com\\\/fr\\\/\",\"name\":\"Koonings\",\"description\":\"De grootste bruidsmodewinkel ter wereld\",\"publisher\":{\"@id\":\"https:\\\/\\\/www.koonings.com\\\/fr\\\/#organization\"},\"potentialAction\":[{\"@type\":\"SearchAction\",\"target\":{\"@type\":\"EntryPoint\",\"urlTemplate\":\"https:\\\/\\\/www.koonings.com\\\/fr\\\/?s={search_term_string}\"},\"query-input\":{\"@type\":\"PropertyValueSpecification\",\"valueRequired\":true,\"valueName\":\"search_term_string\"}}],\"inLanguage\":\"fr-FR\"},{\"@type\":\"Organization\",\"@id\":\"https:\\\/\\\/www.koonings.com\\\/fr\\\/#organization\",\"name\":\"Koonings\",\"url\":\"https:\\\/\\\/www.koonings.com\\\/fr\\\/\",\"logo\":{\"@type\":\"ImageObject\",\"inLanguage\":\"fr-FR\",\"@id\":\"https:\\\/\\\/www.koonings.com\\\/fr\\\/#\\\/schema\\\/logo\\\/image\\\/\",\"url\":\"https:\\\/\\\/www.koonings.com\\\/wp-content\\\/uploads\\\/2024\\\/07\\\/logo.png\",\"contentUrl\":\"https:\\\/\\\/www.koonings.com\\\/wp-content\\\/uploads\\\/2024\\\/07\\\/logo.png\",\"width\":600,\"height\":428,\"caption\":\"Koonings\"},\"image\":{\"@id\":\"https:\\\/\\\/www.koonings.com\\\/fr\\\/#\\\/schema\\\/logo\\\/image\\\/\"},\"sameAs\":[\"https:\\\/\\\/www.facebook.com\\\/kooningstheweddingpalace\",\"https:\\\/\\\/www.instagram.com\\\/kooningstheweddingpalace\",\"https:\\\/\\\/www.pinterest.com\\\/koonings\",\"https:\\\/\\\/www.youtube.com\\\/kooningstheweddingpalace\"]}]}<\/script>\n<!-- \/ Yoast SEO plugin. -->","yoast_head_json":{"title":"Reine de la mode B2516 | Koonings","description":"La robe de mari\u00e9e B2516 de Fashion Queen est un mod\u00e8le \u00e9blouissant pour les mari\u00e9es \u00e0 la recherche d'un look classique et sophistiqu\u00e9. Le corsage de la robe est magnifiquement d\u00e9cor\u00e9 de dentelle d\u00e9taill\u00e9e et d'appliques d\u00e9licates, ce qui donne \u00e0 la robe un aspect romantique et luxueux. La jupe trap\u00e8ze tombe \u00e9l\u00e9gamment et cr\u00e9e une silhouette f\u00e9minine de r\u00eave, tandis que les tissus souples offrent \u00e0 la mari\u00e9e confort et libert\u00e9 de mouvement. La B2516 d\u00e9gage un charme intemporel, avec des touches modernes qui rendent la robe tout \u00e0 fait contemporaine. Ce qui rend cette robe encore plus sp\u00e9ciale, c'est que la B2516 est \u00e9galement disponible en taille plus. Ainsi, chaque mari\u00e9e, quelle que soit sa taille, peut se sentir confiante et belle dans une robe qui lui va parfaitement et qui met sa silhouette en valeur de mani\u00e8re \u00e9l\u00e9gante. La B2516 est disponible exclusivement chez Koonings The Wedding Palace \u00e0 Deurne, la plus grande boutique de mode nuptiale au monde. Koonings offre une exp\u00e9rience d'achat luxueuse et accueillante, o\u00f9 les mari\u00e9es de toutes tailles peuvent compter sur les conseils personnalis\u00e9s de stylistes experts. Avec une gamme impressionnante de grandes marques, dont Fashion Queen, Koonings s'assure que chaque mari\u00e9e trouve la robe de ses r\u00eaves. La B2516 est destin\u00e9e \u00e0 la mari\u00e9e qui souhaite c\u00e9l\u00e9brer son mariage dans une robe \u00e0 la fois \u00e9l\u00e9gante et intemporelle, avec une touche de modernit\u00e9 qui ne se d\u00e9mode jamais.","robots":{"index":"index","follow":"follow","max-snippet":"max-snippet:-1","max-image-preview":"max-image-preview:large","max-video-preview":"max-video-preview:-1"},"canonical":"https:\/\/www.koonings.com\/fr\/product\/fashion-queen-b2516\/","og_locale":"fr_FR","og_type":"article","og_title":"Reine de la mode B2516 | Koonings","og_description":"La robe de mari\u00e9e B2516 de Fashion Queen est un mod\u00e8le \u00e9blouissant pour les mari\u00e9es \u00e0 la recherche d'un look classique et sophistiqu\u00e9. Le corsage de la robe est magnifiquement d\u00e9cor\u00e9 de dentelle d\u00e9taill\u00e9e et d'appliques d\u00e9licates, ce qui donne \u00e0 la robe un aspect romantique et luxueux. La jupe trap\u00e8ze tombe \u00e9l\u00e9gamment et cr\u00e9e une silhouette f\u00e9minine de r\u00eave, tandis que les tissus souples offrent \u00e0 la mari\u00e9e confort et libert\u00e9 de mouvement. La B2516 d\u00e9gage un charme intemporel, avec des touches modernes qui rendent la robe tout \u00e0 fait contemporaine. Ce qui rend cette robe encore plus sp\u00e9ciale, c'est que la B2516 est \u00e9galement disponible en taille plus. Ainsi, chaque mari\u00e9e, quelle que soit sa taille, peut se sentir confiante et belle dans une robe qui lui va parfaitement et qui met sa silhouette en valeur de mani\u00e8re \u00e9l\u00e9gante. La B2516 est disponible exclusivement chez Koonings The Wedding Palace \u00e0 Deurne, la plus grande boutique de mode nuptiale au monde. Koonings offre une exp\u00e9rience d'achat luxueuse et accueillante, o\u00f9 les mari\u00e9es de toutes tailles peuvent compter sur les conseils personnalis\u00e9s de stylistes experts. Avec une gamme impressionnante de grandes marques, dont Fashion Queen, Koonings s'assure que chaque mari\u00e9e trouve la robe de ses r\u00eaves. La B2516 est destin\u00e9e \u00e0 la mari\u00e9e qui souhaite c\u00e9l\u00e9brer son mariage dans une robe \u00e0 la fois \u00e9l\u00e9gante et intemporelle, avec une touche de modernit\u00e9 qui ne se d\u00e9mode jamais.","og_url":"https:\/\/www.koonings.com\/fr\/product\/fashion-queen-b2516\/","og_site_name":"Koonings","article_publisher":"https:\/\/www.facebook.com\/kooningstheweddingpalace","article_modified_time":"2026-02-03T19:21:30+00:00","og_image":[{"width":1257,"height":1778,"url":"https:\/\/www.koonings.com\/wp-content\/uploads\/2025\/03\/49457_4f494c6c212bdccfa0cc46adcc9a66e1026ebeaa87026840353c44dee88fabb33cf35fbe.jpeg","type":"image\/jpeg"}],"twitter_card":"summary_large_image","twitter_misc":{"Dur\u00e9e de lecture estim\u00e9e":"1 minute"},"schema":{"@context":"https:\/\/schema.org","@graph":[{"@type":"WebPage","@id":"https:\/\/www.koonings.com\/fr\/product\/fashion-queen-b2516\/","url":"https:\/\/www.koonings.com\/fr\/product\/fashion-queen-b2516\/","name":"Reine de la mode B2516 | Koonings","isPartOf":{"@id":"https:\/\/www.koonings.com\/fr\/#website"},"primaryImageOfPage":{"@id":"https:\/\/www.koonings.com\/fr\/product\/fashion-queen-b2516\/#primaryimage"},"image":{"@id":"https:\/\/www.koonings.com\/fr\/product\/fashion-queen-b2516\/#primaryimage"},"thumbnailUrl":"https:\/\/www.koonings.com\/wp-content\/uploads\/2025\/03\/49457_4f494c6c212bdccfa0cc46adcc9a66e1026ebeaa87026840353c44dee88fabb33cf35fbe.jpeg","datePublished":"2025-12-14T23:50:05+00:00","dateModified":"2026-02-03T19:21:30+00:00","description":"La robe de mari\u00e9e B2516 de Fashion Queen est un mod\u00e8le \u00e9blouissant pour les mari\u00e9es \u00e0 la recherche d'un look classique et sophistiqu\u00e9. Le corsage de la robe est magnifiquement d\u00e9cor\u00e9 de dentelle d\u00e9taill\u00e9e et d'appliques d\u00e9licates, ce qui donne \u00e0 la robe un aspect romantique et luxueux. La jupe trap\u00e8ze tombe \u00e9l\u00e9gamment et cr\u00e9e une silhouette f\u00e9minine de r\u00eave, tandis que les tissus souples offrent \u00e0 la mari\u00e9e confort et libert\u00e9 de mouvement. La B2516 d\u00e9gage un charme intemporel, avec des touches modernes qui rendent la robe tout \u00e0 fait contemporaine. Ce qui rend cette robe encore plus sp\u00e9ciale, c'est que la B2516 est \u00e9galement disponible en taille plus. Ainsi, chaque mari\u00e9e, quelle que soit sa taille, peut se sentir confiante et belle dans une robe qui lui va parfaitement et qui met sa silhouette en valeur de mani\u00e8re \u00e9l\u00e9gante. La B2516 est disponible exclusivement chez Koonings The Wedding Palace \u00e0 Deurne, la plus grande boutique de mode nuptiale au monde. Koonings offre une exp\u00e9rience d'achat luxueuse et accueillante, o\u00f9 les mari\u00e9es de toutes tailles peuvent compter sur les conseils personnalis\u00e9s de stylistes experts. Avec une gamme impressionnante de grandes marques, dont Fashion Queen, Koonings s'assure que chaque mari\u00e9e trouve la robe de ses r\u00eaves. La B2516 est destin\u00e9e \u00e0 la mari\u00e9e qui souhaite c\u00e9l\u00e9brer son mariage dans une robe \u00e0 la fois \u00e9l\u00e9gante et intemporelle, avec une touche de modernit\u00e9 qui ne se d\u00e9mode jamais.","breadcrumb":{"@id":"https:\/\/www.koonings.com\/fr\/product\/fashion-queen-b2516\/#breadcrumb"},"inLanguage":"fr-FR","potentialAction":[{"@type":"ReadAction","target":["https:\/\/www.koonings.com\/fr\/product\/fashion-queen-b2516\/"]}]},{"@type":"ImageObject","inLanguage":"fr-FR","@id":"https:\/\/www.koonings.com\/fr\/product\/fashion-queen-b2516\/#primaryimage","url":"https:\/\/www.koonings.com\/wp-content\/uploads\/2025\/03\/49457_4f494c6c212bdccfa0cc46adcc9a66e1026ebeaa87026840353c44dee88fabb33cf35fbe.jpeg","contentUrl":"https:\/\/www.koonings.com\/wp-content\/uploads\/2025\/03\/49457_4f494c6c212bdccfa0cc46adcc9a66e1026ebeaa87026840353c44dee88fabb33cf35fbe.jpeg","width":1257,"height":1778},{"@type":"BreadcrumbList","@id":"https:\/\/www.koonings.com\/fr\/product\/fashion-queen-b2516\/#breadcrumb","itemListElement":[{"@type":"ListItem","position":1,"name":"Home","item":"https:\/\/www.koonings.com\/fr\/"},{"@type":"ListItem","position":2,"name":"Reine de la mode B2516"}]},{"@type":"WebSite","@id":"https:\/\/www.koonings.com\/fr\/#website","url":"https:\/\/www.koonings.com\/fr\/","name":"Koonings","description":"De grootste bruidsmodewinkel ter wereld","publisher":{"@id":"https:\/\/www.koonings.com\/fr\/#organization"},"potentialAction":[{"@type":"SearchAction","target":{"@type":"EntryPoint","urlTemplate":"https:\/\/www.koonings.com\/fr\/?s={search_term_string}"},"query-input":{"@type":"PropertyValueSpecification","valueRequired":true,"valueName":"search_term_string"}}],"inLanguage":"fr-FR"},{"@type":"Organization","@id":"https:\/\/www.koonings.com\/fr\/#organization","name":"Koonings","url":"https:\/\/www.koonings.com\/fr\/","logo":{"@type":"ImageObject","inLanguage":"fr-FR","@id":"https:\/\/www.koonings.com\/fr\/#\/schema\/logo\/image\/","url":"https:\/\/www.koonings.com\/wp-content\/uploads\/2024\/07\/logo.png","contentUrl":"https:\/\/www.koonings.com\/wp-content\/uploads\/2024\/07\/logo.png","width":600,"height":428,"caption":"Koonings"},"image":{"@id":"https:\/\/www.koonings.com\/fr\/#\/schema\/logo\/image\/"},"sameAs":["https:\/\/www.facebook.com\/kooningstheweddingpalace","https:\/\/www.instagram.com\/kooningstheweddingpalace","https:\/\/www.pinterest.com\/koonings","https:\/\/www.youtube.com\/kooningstheweddingpalace"]}]}},"_links":{"self":[{"href":"https:\/\/www.koonings.com\/fr\/wp-json\/wp\/v2\/product\/84819","targetHints":{"allow":["GET"]}}],"collection":[{"href":"https:\/\/www.koonings.com\/fr\/wp-json\/wp\/v2\/product"}],"about":[{"href":"https:\/\/www.koonings.com\/fr\/wp-json\/wp\/v2\/types\/product"}],"wp:featuredmedia":[{"embeddable":true,"href":"https:\/\/www.koonings.com\/fr\/wp-json\/wp\/v2\/media\/82376"}],"wp:attachment":[{"href":"https:\/\/www.koonings.com\/fr\/wp-json\/wp\/v2\/media?parent=84819"}],"wp:term":[{"taxonomy":"productdetails","embeddable":true,"href":"https:\/\/www.koonings.com\/fr\/wp-json\/wp\/v2\/productdetails?post=84819"},{"taxonomy":"productneck","embeddable":true,"href":"https:\/\/www.koonings.com\/fr\/wp-json\/wp\/v2\/productneck?post=84819"},{"taxonomy":"productcolor","embeddable":true,"href":"https:\/\/www.koonings.com\/fr\/wp-json\/wp\/v2\/productcolor?post=84819"},{"taxonomy":"maat","embeddable":true,"href":"https:\/\/www.koonings.com\/fr\/wp-json\/wp\/v2\/maat?post=84819"},{"taxonomy":"productsupplier","embeddable":true,"href":"https:\/\/www.koonings.com\/fr\/wp-json\/wp\/v2\/productsupplier?post=84819"},{"taxonomy":"productsleeve","embeddable":true,"href":"https:\/\/www.koonings.com\/fr\/wp-json\/wp\/v2\/productsleeve?post=84819"},{"taxonomy":"productcategory","embeddable":true,"href":"https:\/\/www.koonings.com\/fr\/wp-json\/wp\/v2\/productcategory?post=84819"},{"taxonomy":"productsilhouette","embeddable":true,"href":"https:\/\/www.koonings.com\/fr\/wp-json\/wp\/v2\/productsilhouette?post=84819"},{"taxonomy":"productstyle","embeddable":true,"href":"https:\/\/www.koonings.com\/fr\/wp-json\/wp\/v2\/productstyle?post=84819"}],"curies":[{"name":"wp","href":"https:\/\/api.w.org\/{rel}","templated":true}]}}