{"id":84812,"date":"2026-04-28T18:30:11","date_gmt":"2026-04-28T16:30:11","guid":{"rendered":"https:\/\/www.koonings.com\/product\/fashion-queen-mgb203\/"},"modified":"2025-06-05T13:57:56","modified_gmt":"2025-06-05T11:57:56","slug":"fashion-queen-mgb203","status":"publish","type":"product","link":"https:\/\/www.koonings.com\/fr\/product\/fashion-queen-mgb203\/","title":{"rendered":"Fashion Queen MGB203"},"content":{"rendered":"<p>La robe de mari\u00e9e MGB203 de Lohrengel Miss Beautiful Bride est un choix magnifique pour la mari\u00e9e qui recherche un look \u00e9l\u00e9gant et romantique. Le design de cette robe est empreint de sophistication, avec une dentelle magnifiquement embellie qui orne le corsage et conf\u00e8re \u00e0 la robe un charme subtil et f\u00e9minin. La jupe trap\u00e8ze tombe en douceur pour cr\u00e9er un mouvement de r\u00eave, tandis que la mati\u00e8re l\u00e9g\u00e8re et respirante assure un confort maximal lors de votre journ\u00e9e sp\u00e9ciale. La MGB203 est d&#8217;une beaut\u00e9 intemporelle, avec des d\u00e9tails modernes qui donnent \u00e0 la robe une touche contemporaine.   <\/p>\n<p>La particularit\u00e9 de cette robe est que la MGB203 est \u00e9galement disponible en taille plus, de sorte que toute mari\u00e9e, quelle que soit sa taille, peut se sentir \u00e9blouissante dans une robe qui met en valeur sa silhouette de mani\u00e8re sophistiqu\u00e9e et flatteuse, sans faire de compromis sur le style ou le confort.<\/p>\n<p>Le MGB203 est disponible exclusivement chez Koonings The Wedding Palace \u00e0 Deurne, la plus grande boutique de mode nuptiale au monde. Koonings offre un environnement luxueux et accueillant o\u00f9 les mari\u00e9es de toutes tailles peuvent compter sur les conseils avis\u00e9s de stylistes exp\u00e9riment\u00e9s. Avec une vaste collection de grandes marques, dont Lohrengel Miss Beautiful Bride, Koonings veille \u00e0 ce que chaque mari\u00e9e trouve la robe de ses r\u00eaves. La MGB203 est destin\u00e9e \u00e0 la mari\u00e9e qui souhaite c\u00e9l\u00e9brer son mariage dans une robe \u00e0 la fois \u00e9l\u00e9gante et romantique, avec un look intemporel qui impressionne toujours.   <\/p>\n","protected":false},"featured_media":82410,"template":"","meta":{"_acf_changed":false,"ghostkit_customizer_options":"","ghostkit_custom_css":"","ghostkit_custom_js_head":"","ghostkit_custom_js_foot":"","ghostkit_typography":""},"productdetails":[379,376],"productneck":[356],"productcolor":[392],"maat":[],"productsupplier":[480],"productsleeve":[359],"productcategory":[18],"productsilhouette":[384],"productstyle":[365,366],"class_list":["post-84812","product","type-product","status-publish","has-post-thumbnail","hentry","productdetails-379","productdetails-376","productneck-356","productcolor-392","productsupplier-fashion-queen","productsleeve-359","productcategory-trouwjurken","productsilhouette-384","productstyle-365","productstyle-366"],"acf":[],"yoast_head":"<!-- This site is optimized with the Yoast SEO plugin v27.3 - https:\/\/yoast.com\/product\/yoast-seo-wordpress\/ -->\n<title>Fashion Queen MGB203 | Koonings<\/title>\n<meta name=\"description\" content=\"La robe de mari\u00e9e MGB203 de Lohrengel Miss Beautiful Bride est un choix magnifique pour la mari\u00e9e qui recherche un look \u00e9l\u00e9gant et romantique. Le design de cette robe est empreint de sophistication, avec une dentelle magnifiquement embellie qui orne le corsage et conf\u00e8re \u00e0 la robe un charme subtil et f\u00e9minin. La jupe trap\u00e8ze tombe en douceur pour cr\u00e9er un mouvement de r\u00eave, tandis que la mati\u00e8re l\u00e9g\u00e8re et respirante assure un confort maximal lors de votre journ\u00e9e sp\u00e9ciale. La MGB203 est d&#039;une beaut\u00e9 intemporelle, avec des d\u00e9tails modernes qui donnent \u00e0 la robe une touche contemporaine. La particularit\u00e9 de cette robe est que la MGB203 est \u00e9galement disponible en taille plus, de sorte que toute mari\u00e9e, quelle que soit sa taille, peut se sentir \u00e9blouissante dans une robe qui met en valeur sa silhouette de mani\u00e8re sophistiqu\u00e9e et flatteuse, sans faire de compromis sur le style ou le confort. Le MGB203 est disponible exclusivement chez Koonings The Wedding Palace \u00e0 Deurne, la plus grande boutique de mode nuptiale au monde. Koonings offre un environnement luxueux et accueillant o\u00f9 les mari\u00e9es de toutes tailles peuvent compter sur les conseils avis\u00e9s de stylistes exp\u00e9riment\u00e9s. Avec une vaste collection de grandes marques, dont Lohrengel Miss Beautiful Bride, Koonings veille \u00e0 ce que chaque mari\u00e9e trouve la robe de ses r\u00eaves. La MGB203 est destin\u00e9e \u00e0 la mari\u00e9e qui souhaite c\u00e9l\u00e9brer son mariage dans une robe \u00e0 la fois \u00e9l\u00e9gante et romantique, avec un look intemporel qui impressionne toujours.\" \/>\n<meta name=\"robots\" content=\"index, follow, max-snippet:-1, max-image-preview:large, max-video-preview:-1\" \/>\n<link rel=\"canonical\" href=\"https:\/\/www.koonings.com\/fr\/product\/fashion-queen-mgb203\/\" \/>\n<meta property=\"og:locale\" content=\"fr_FR\" \/>\n<meta property=\"og:type\" content=\"article\" \/>\n<meta property=\"og:title\" content=\"Fashion Queen MGB203 | Koonings\" \/>\n<meta property=\"og:description\" content=\"La robe de mari\u00e9e MGB203 de Lohrengel Miss Beautiful Bride est un choix magnifique pour la mari\u00e9e qui recherche un look \u00e9l\u00e9gant et romantique. Le design de cette robe est empreint de sophistication, avec une dentelle magnifiquement embellie qui orne le corsage et conf\u00e8re \u00e0 la robe un charme subtil et f\u00e9minin. La jupe trap\u00e8ze tombe en douceur pour cr\u00e9er un mouvement de r\u00eave, tandis que la mati\u00e8re l\u00e9g\u00e8re et respirante assure un confort maximal lors de votre journ\u00e9e sp\u00e9ciale. La MGB203 est d&#039;une beaut\u00e9 intemporelle, avec des d\u00e9tails modernes qui donnent \u00e0 la robe une touche contemporaine. La particularit\u00e9 de cette robe est que la MGB203 est \u00e9galement disponible en taille plus, de sorte que toute mari\u00e9e, quelle que soit sa taille, peut se sentir \u00e9blouissante dans une robe qui met en valeur sa silhouette de mani\u00e8re sophistiqu\u00e9e et flatteuse, sans faire de compromis sur le style ou le confort. Le MGB203 est disponible exclusivement chez Koonings The Wedding Palace \u00e0 Deurne, la plus grande boutique de mode nuptiale au monde. Koonings offre un environnement luxueux et accueillant o\u00f9 les mari\u00e9es de toutes tailles peuvent compter sur les conseils avis\u00e9s de stylistes exp\u00e9riment\u00e9s. Avec une vaste collection de grandes marques, dont Lohrengel Miss Beautiful Bride, Koonings veille \u00e0 ce que chaque mari\u00e9e trouve la robe de ses r\u00eaves. La MGB203 est destin\u00e9e \u00e0 la mari\u00e9e qui souhaite c\u00e9l\u00e9brer son mariage dans une robe \u00e0 la fois \u00e9l\u00e9gante et romantique, avec un look intemporel qui impressionne toujours.\" \/>\n<meta property=\"og:url\" content=\"https:\/\/www.koonings.com\/fr\/product\/fashion-queen-mgb203\/\" \/>\n<meta property=\"og:site_name\" content=\"Koonings\" \/>\n<meta property=\"article:publisher\" content=\"https:\/\/www.facebook.com\/kooningstheweddingpalace\" \/>\n<meta property=\"og:image\" content=\"https:\/\/www.koonings.com\/wp-content\/uploads\/2025\/03\/49459_8e20302afc523849072d30bc7c1321979244ecb6d02b1691e923a13724a50bb17d4c7cc2.jpeg\" \/>\n\t<meta property=\"og:image:width\" content=\"1212\" \/>\n\t<meta property=\"og:image:height\" content=\"1714\" \/>\n\t<meta property=\"og:image:type\" content=\"image\/jpeg\" \/>\n<meta name=\"twitter:card\" content=\"summary_large_image\" \/>\n<meta name=\"twitter:label1\" content=\"Dur\u00e9e de lecture estim\u00e9e\" \/>\n\t<meta name=\"twitter:data1\" content=\"1 minute\" \/>\n<script type=\"application\/ld+json\" class=\"yoast-schema-graph\">{\"@context\":\"https:\\\/\\\/schema.org\",\"@graph\":[{\"@type\":\"WebPage\",\"@id\":\"https:\\\/\\\/www.koonings.com\\\/fr\\\/product\\\/fashion-queen-mgb203\\\/\",\"url\":\"https:\\\/\\\/www.koonings.com\\\/fr\\\/product\\\/fashion-queen-mgb203\\\/\",\"name\":\"Fashion Queen MGB203 | Koonings\",\"isPartOf\":{\"@id\":\"https:\\\/\\\/www.koonings.com\\\/fr\\\/#website\"},\"primaryImageOfPage\":{\"@id\":\"https:\\\/\\\/www.koonings.com\\\/fr\\\/product\\\/fashion-queen-mgb203\\\/#primaryimage\"},\"image\":{\"@id\":\"https:\\\/\\\/www.koonings.com\\\/fr\\\/product\\\/fashion-queen-mgb203\\\/#primaryimage\"},\"thumbnailUrl\":\"https:\\\/\\\/www.koonings.com\\\/wp-content\\\/uploads\\\/2025\\\/03\\\/49459_8e20302afc523849072d30bc7c1321979244ecb6d02b1691e923a13724a50bb17d4c7cc2.jpeg\",\"datePublished\":\"2026-04-28T16:30:11+00:00\",\"description\":\"La robe de mari\u00e9e MGB203 de Lohrengel Miss Beautiful Bride est un choix magnifique pour la mari\u00e9e qui recherche un look \u00e9l\u00e9gant et romantique. Le design de cette robe est empreint de sophistication, avec une dentelle magnifiquement embellie qui orne le corsage et conf\u00e8re \u00e0 la robe un charme subtil et f\u00e9minin. La jupe trap\u00e8ze tombe en douceur pour cr\u00e9er un mouvement de r\u00eave, tandis que la mati\u00e8re l\u00e9g\u00e8re et respirante assure un confort maximal lors de votre journ\u00e9e sp\u00e9ciale. La MGB203 est d'une beaut\u00e9 intemporelle, avec des d\u00e9tails modernes qui donnent \u00e0 la robe une touche contemporaine. La particularit\u00e9 de cette robe est que la MGB203 est \u00e9galement disponible en taille plus, de sorte que toute mari\u00e9e, quelle que soit sa taille, peut se sentir \u00e9blouissante dans une robe qui met en valeur sa silhouette de mani\u00e8re sophistiqu\u00e9e et flatteuse, sans faire de compromis sur le style ou le confort. Le MGB203 est disponible exclusivement chez Koonings The Wedding Palace \u00e0 Deurne, la plus grande boutique de mode nuptiale au monde. Koonings offre un environnement luxueux et accueillant o\u00f9 les mari\u00e9es de toutes tailles peuvent compter sur les conseils avis\u00e9s de stylistes exp\u00e9riment\u00e9s. Avec une vaste collection de grandes marques, dont Lohrengel Miss Beautiful Bride, Koonings veille \u00e0 ce que chaque mari\u00e9e trouve la robe de ses r\u00eaves. La MGB203 est destin\u00e9e \u00e0 la mari\u00e9e qui souhaite c\u00e9l\u00e9brer son mariage dans une robe \u00e0 la fois \u00e9l\u00e9gante et romantique, avec un look intemporel qui impressionne toujours.\",\"breadcrumb\":{\"@id\":\"https:\\\/\\\/www.koonings.com\\\/fr\\\/product\\\/fashion-queen-mgb203\\\/#breadcrumb\"},\"inLanguage\":\"fr-FR\",\"potentialAction\":[{\"@type\":\"ReadAction\",\"target\":[\"https:\\\/\\\/www.koonings.com\\\/fr\\\/product\\\/fashion-queen-mgb203\\\/\"]}]},{\"@type\":\"ImageObject\",\"inLanguage\":\"fr-FR\",\"@id\":\"https:\\\/\\\/www.koonings.com\\\/fr\\\/product\\\/fashion-queen-mgb203\\\/#primaryimage\",\"url\":\"https:\\\/\\\/www.koonings.com\\\/wp-content\\\/uploads\\\/2025\\\/03\\\/49459_8e20302afc523849072d30bc7c1321979244ecb6d02b1691e923a13724a50bb17d4c7cc2.jpeg\",\"contentUrl\":\"https:\\\/\\\/www.koonings.com\\\/wp-content\\\/uploads\\\/2025\\\/03\\\/49459_8e20302afc523849072d30bc7c1321979244ecb6d02b1691e923a13724a50bb17d4c7cc2.jpeg\",\"width\":1212,\"height\":1714},{\"@type\":\"BreadcrumbList\",\"@id\":\"https:\\\/\\\/www.koonings.com\\\/fr\\\/product\\\/fashion-queen-mgb203\\\/#breadcrumb\",\"itemListElement\":[{\"@type\":\"ListItem\",\"position\":1,\"name\":\"Home\",\"item\":\"https:\\\/\\\/www.koonings.com\\\/fr\\\/\"},{\"@type\":\"ListItem\",\"position\":2,\"name\":\"Fashion Queen MGB203\"}]},{\"@type\":\"WebSite\",\"@id\":\"https:\\\/\\\/www.koonings.com\\\/fr\\\/#website\",\"url\":\"https:\\\/\\\/www.koonings.com\\\/fr\\\/\",\"name\":\"Koonings\",\"description\":\"De grootste bruidsmodewinkel ter wereld\",\"publisher\":{\"@id\":\"https:\\\/\\\/www.koonings.com\\\/fr\\\/#organization\"},\"potentialAction\":[{\"@type\":\"SearchAction\",\"target\":{\"@type\":\"EntryPoint\",\"urlTemplate\":\"https:\\\/\\\/www.koonings.com\\\/fr\\\/?s={search_term_string}\"},\"query-input\":{\"@type\":\"PropertyValueSpecification\",\"valueRequired\":true,\"valueName\":\"search_term_string\"}}],\"inLanguage\":\"fr-FR\"},{\"@type\":\"Organization\",\"@id\":\"https:\\\/\\\/www.koonings.com\\\/fr\\\/#organization\",\"name\":\"Koonings\",\"url\":\"https:\\\/\\\/www.koonings.com\\\/fr\\\/\",\"logo\":{\"@type\":\"ImageObject\",\"inLanguage\":\"fr-FR\",\"@id\":\"https:\\\/\\\/www.koonings.com\\\/fr\\\/#\\\/schema\\\/logo\\\/image\\\/\",\"url\":\"https:\\\/\\\/www.koonings.com\\\/wp-content\\\/uploads\\\/2024\\\/07\\\/logo.png\",\"contentUrl\":\"https:\\\/\\\/www.koonings.com\\\/wp-content\\\/uploads\\\/2024\\\/07\\\/logo.png\",\"width\":600,\"height\":428,\"caption\":\"Koonings\"},\"image\":{\"@id\":\"https:\\\/\\\/www.koonings.com\\\/fr\\\/#\\\/schema\\\/logo\\\/image\\\/\"},\"sameAs\":[\"https:\\\/\\\/www.facebook.com\\\/kooningstheweddingpalace\",\"https:\\\/\\\/www.instagram.com\\\/kooningstheweddingpalace\",\"https:\\\/\\\/www.pinterest.com\\\/koonings\",\"https:\\\/\\\/www.youtube.com\\\/kooningstheweddingpalace\"]}]}<\/script>\n<!-- \/ Yoast SEO plugin. -->","yoast_head_json":{"title":"Fashion Queen MGB203 | Koonings","description":"La robe de mari\u00e9e MGB203 de Lohrengel Miss Beautiful Bride est un choix magnifique pour la mari\u00e9e qui recherche un look \u00e9l\u00e9gant et romantique. Le design de cette robe est empreint de sophistication, avec une dentelle magnifiquement embellie qui orne le corsage et conf\u00e8re \u00e0 la robe un charme subtil et f\u00e9minin. La jupe trap\u00e8ze tombe en douceur pour cr\u00e9er un mouvement de r\u00eave, tandis que la mati\u00e8re l\u00e9g\u00e8re et respirante assure un confort maximal lors de votre journ\u00e9e sp\u00e9ciale. La MGB203 est d'une beaut\u00e9 intemporelle, avec des d\u00e9tails modernes qui donnent \u00e0 la robe une touche contemporaine. La particularit\u00e9 de cette robe est que la MGB203 est \u00e9galement disponible en taille plus, de sorte que toute mari\u00e9e, quelle que soit sa taille, peut se sentir \u00e9blouissante dans une robe qui met en valeur sa silhouette de mani\u00e8re sophistiqu\u00e9e et flatteuse, sans faire de compromis sur le style ou le confort. Le MGB203 est disponible exclusivement chez Koonings The Wedding Palace \u00e0 Deurne, la plus grande boutique de mode nuptiale au monde. Koonings offre un environnement luxueux et accueillant o\u00f9 les mari\u00e9es de toutes tailles peuvent compter sur les conseils avis\u00e9s de stylistes exp\u00e9riment\u00e9s. Avec une vaste collection de grandes marques, dont Lohrengel Miss Beautiful Bride, Koonings veille \u00e0 ce que chaque mari\u00e9e trouve la robe de ses r\u00eaves. La MGB203 est destin\u00e9e \u00e0 la mari\u00e9e qui souhaite c\u00e9l\u00e9brer son mariage dans une robe \u00e0 la fois \u00e9l\u00e9gante et romantique, avec un look intemporel qui impressionne toujours.","robots":{"index":"index","follow":"follow","max-snippet":"max-snippet:-1","max-image-preview":"max-image-preview:large","max-video-preview":"max-video-preview:-1"},"canonical":"https:\/\/www.koonings.com\/fr\/product\/fashion-queen-mgb203\/","og_locale":"fr_FR","og_type":"article","og_title":"Fashion Queen MGB203 | Koonings","og_description":"La robe de mari\u00e9e MGB203 de Lohrengel Miss Beautiful Bride est un choix magnifique pour la mari\u00e9e qui recherche un look \u00e9l\u00e9gant et romantique. Le design de cette robe est empreint de sophistication, avec une dentelle magnifiquement embellie qui orne le corsage et conf\u00e8re \u00e0 la robe un charme subtil et f\u00e9minin. La jupe trap\u00e8ze tombe en douceur pour cr\u00e9er un mouvement de r\u00eave, tandis que la mati\u00e8re l\u00e9g\u00e8re et respirante assure un confort maximal lors de votre journ\u00e9e sp\u00e9ciale. La MGB203 est d'une beaut\u00e9 intemporelle, avec des d\u00e9tails modernes qui donnent \u00e0 la robe une touche contemporaine. La particularit\u00e9 de cette robe est que la MGB203 est \u00e9galement disponible en taille plus, de sorte que toute mari\u00e9e, quelle que soit sa taille, peut se sentir \u00e9blouissante dans une robe qui met en valeur sa silhouette de mani\u00e8re sophistiqu\u00e9e et flatteuse, sans faire de compromis sur le style ou le confort. Le MGB203 est disponible exclusivement chez Koonings The Wedding Palace \u00e0 Deurne, la plus grande boutique de mode nuptiale au monde. Koonings offre un environnement luxueux et accueillant o\u00f9 les mari\u00e9es de toutes tailles peuvent compter sur les conseils avis\u00e9s de stylistes exp\u00e9riment\u00e9s. Avec une vaste collection de grandes marques, dont Lohrengel Miss Beautiful Bride, Koonings veille \u00e0 ce que chaque mari\u00e9e trouve la robe de ses r\u00eaves. La MGB203 est destin\u00e9e \u00e0 la mari\u00e9e qui souhaite c\u00e9l\u00e9brer son mariage dans une robe \u00e0 la fois \u00e9l\u00e9gante et romantique, avec un look intemporel qui impressionne toujours.","og_url":"https:\/\/www.koonings.com\/fr\/product\/fashion-queen-mgb203\/","og_site_name":"Koonings","article_publisher":"https:\/\/www.facebook.com\/kooningstheweddingpalace","og_image":[{"width":1212,"height":1714,"url":"https:\/\/www.koonings.com\/wp-content\/uploads\/2025\/03\/49459_8e20302afc523849072d30bc7c1321979244ecb6d02b1691e923a13724a50bb17d4c7cc2.jpeg","type":"image\/jpeg"}],"twitter_card":"summary_large_image","twitter_misc":{"Dur\u00e9e de lecture estim\u00e9e":"1 minute"},"schema":{"@context":"https:\/\/schema.org","@graph":[{"@type":"WebPage","@id":"https:\/\/www.koonings.com\/fr\/product\/fashion-queen-mgb203\/","url":"https:\/\/www.koonings.com\/fr\/product\/fashion-queen-mgb203\/","name":"Fashion Queen MGB203 | Koonings","isPartOf":{"@id":"https:\/\/www.koonings.com\/fr\/#website"},"primaryImageOfPage":{"@id":"https:\/\/www.koonings.com\/fr\/product\/fashion-queen-mgb203\/#primaryimage"},"image":{"@id":"https:\/\/www.koonings.com\/fr\/product\/fashion-queen-mgb203\/#primaryimage"},"thumbnailUrl":"https:\/\/www.koonings.com\/wp-content\/uploads\/2025\/03\/49459_8e20302afc523849072d30bc7c1321979244ecb6d02b1691e923a13724a50bb17d4c7cc2.jpeg","datePublished":"2026-04-28T16:30:11+00:00","description":"La robe de mari\u00e9e MGB203 de Lohrengel Miss Beautiful Bride est un choix magnifique pour la mari\u00e9e qui recherche un look \u00e9l\u00e9gant et romantique. Le design de cette robe est empreint de sophistication, avec une dentelle magnifiquement embellie qui orne le corsage et conf\u00e8re \u00e0 la robe un charme subtil et f\u00e9minin. La jupe trap\u00e8ze tombe en douceur pour cr\u00e9er un mouvement de r\u00eave, tandis que la mati\u00e8re l\u00e9g\u00e8re et respirante assure un confort maximal lors de votre journ\u00e9e sp\u00e9ciale. La MGB203 est d'une beaut\u00e9 intemporelle, avec des d\u00e9tails modernes qui donnent \u00e0 la robe une touche contemporaine. La particularit\u00e9 de cette robe est que la MGB203 est \u00e9galement disponible en taille plus, de sorte que toute mari\u00e9e, quelle que soit sa taille, peut se sentir \u00e9blouissante dans une robe qui met en valeur sa silhouette de mani\u00e8re sophistiqu\u00e9e et flatteuse, sans faire de compromis sur le style ou le confort. Le MGB203 est disponible exclusivement chez Koonings The Wedding Palace \u00e0 Deurne, la plus grande boutique de mode nuptiale au monde. Koonings offre un environnement luxueux et accueillant o\u00f9 les mari\u00e9es de toutes tailles peuvent compter sur les conseils avis\u00e9s de stylistes exp\u00e9riment\u00e9s. Avec une vaste collection de grandes marques, dont Lohrengel Miss Beautiful Bride, Koonings veille \u00e0 ce que chaque mari\u00e9e trouve la robe de ses r\u00eaves. La MGB203 est destin\u00e9e \u00e0 la mari\u00e9e qui souhaite c\u00e9l\u00e9brer son mariage dans une robe \u00e0 la fois \u00e9l\u00e9gante et romantique, avec un look intemporel qui impressionne toujours.","breadcrumb":{"@id":"https:\/\/www.koonings.com\/fr\/product\/fashion-queen-mgb203\/#breadcrumb"},"inLanguage":"fr-FR","potentialAction":[{"@type":"ReadAction","target":["https:\/\/www.koonings.com\/fr\/product\/fashion-queen-mgb203\/"]}]},{"@type":"ImageObject","inLanguage":"fr-FR","@id":"https:\/\/www.koonings.com\/fr\/product\/fashion-queen-mgb203\/#primaryimage","url":"https:\/\/www.koonings.com\/wp-content\/uploads\/2025\/03\/49459_8e20302afc523849072d30bc7c1321979244ecb6d02b1691e923a13724a50bb17d4c7cc2.jpeg","contentUrl":"https:\/\/www.koonings.com\/wp-content\/uploads\/2025\/03\/49459_8e20302afc523849072d30bc7c1321979244ecb6d02b1691e923a13724a50bb17d4c7cc2.jpeg","width":1212,"height":1714},{"@type":"BreadcrumbList","@id":"https:\/\/www.koonings.com\/fr\/product\/fashion-queen-mgb203\/#breadcrumb","itemListElement":[{"@type":"ListItem","position":1,"name":"Home","item":"https:\/\/www.koonings.com\/fr\/"},{"@type":"ListItem","position":2,"name":"Fashion Queen MGB203"}]},{"@type":"WebSite","@id":"https:\/\/www.koonings.com\/fr\/#website","url":"https:\/\/www.koonings.com\/fr\/","name":"Koonings","description":"De grootste bruidsmodewinkel ter wereld","publisher":{"@id":"https:\/\/www.koonings.com\/fr\/#organization"},"potentialAction":[{"@type":"SearchAction","target":{"@type":"EntryPoint","urlTemplate":"https:\/\/www.koonings.com\/fr\/?s={search_term_string}"},"query-input":{"@type":"PropertyValueSpecification","valueRequired":true,"valueName":"search_term_string"}}],"inLanguage":"fr-FR"},{"@type":"Organization","@id":"https:\/\/www.koonings.com\/fr\/#organization","name":"Koonings","url":"https:\/\/www.koonings.com\/fr\/","logo":{"@type":"ImageObject","inLanguage":"fr-FR","@id":"https:\/\/www.koonings.com\/fr\/#\/schema\/logo\/image\/","url":"https:\/\/www.koonings.com\/wp-content\/uploads\/2024\/07\/logo.png","contentUrl":"https:\/\/www.koonings.com\/wp-content\/uploads\/2024\/07\/logo.png","width":600,"height":428,"caption":"Koonings"},"image":{"@id":"https:\/\/www.koonings.com\/fr\/#\/schema\/logo\/image\/"},"sameAs":["https:\/\/www.facebook.com\/kooningstheweddingpalace","https:\/\/www.instagram.com\/kooningstheweddingpalace","https:\/\/www.pinterest.com\/koonings","https:\/\/www.youtube.com\/kooningstheweddingpalace"]}]}},"_links":{"self":[{"href":"https:\/\/www.koonings.com\/fr\/wp-json\/wp\/v2\/product\/84812","targetHints":{"allow":["GET"]}}],"collection":[{"href":"https:\/\/www.koonings.com\/fr\/wp-json\/wp\/v2\/product"}],"about":[{"href":"https:\/\/www.koonings.com\/fr\/wp-json\/wp\/v2\/types\/product"}],"wp:featuredmedia":[{"embeddable":true,"href":"https:\/\/www.koonings.com\/fr\/wp-json\/wp\/v2\/media\/82410"}],"wp:attachment":[{"href":"https:\/\/www.koonings.com\/fr\/wp-json\/wp\/v2\/media?parent=84812"}],"wp:term":[{"taxonomy":"productdetails","embeddable":true,"href":"https:\/\/www.koonings.com\/fr\/wp-json\/wp\/v2\/productdetails?post=84812"},{"taxonomy":"productneck","embeddable":true,"href":"https:\/\/www.koonings.com\/fr\/wp-json\/wp\/v2\/productneck?post=84812"},{"taxonomy":"productcolor","embeddable":true,"href":"https:\/\/www.koonings.com\/fr\/wp-json\/wp\/v2\/productcolor?post=84812"},{"taxonomy":"maat","embeddable":true,"href":"https:\/\/www.koonings.com\/fr\/wp-json\/wp\/v2\/maat?post=84812"},{"taxonomy":"productsupplier","embeddable":true,"href":"https:\/\/www.koonings.com\/fr\/wp-json\/wp\/v2\/productsupplier?post=84812"},{"taxonomy":"productsleeve","embeddable":true,"href":"https:\/\/www.koonings.com\/fr\/wp-json\/wp\/v2\/productsleeve?post=84812"},{"taxonomy":"productcategory","embeddable":true,"href":"https:\/\/www.koonings.com\/fr\/wp-json\/wp\/v2\/productcategory?post=84812"},{"taxonomy":"productsilhouette","embeddable":true,"href":"https:\/\/www.koonings.com\/fr\/wp-json\/wp\/v2\/productsilhouette?post=84812"},{"taxonomy":"productstyle","embeddable":true,"href":"https:\/\/www.koonings.com\/fr\/wp-json\/wp\/v2\/productstyle?post=84812"}],"curies":[{"name":"wp","href":"https:\/\/api.w.org\/{rel}","templated":true}]}}