{"id":84805,"date":"2026-04-14T16:32:25","date_gmt":"2026-04-14T14:32:25","guid":{"rendered":"https:\/\/www.koonings.com\/product\/sonia-pena-11250075a\/"},"modified":"2025-06-05T14:00:25","modified_gmt":"2025-06-05T12:00:25","slug":"sonia-pena-11250075a","status":"publish","type":"product","link":"https:\/\/www.koonings.com\/fr\/product\/sonia-pena-11250075a\/","title":{"rendered":"Sonia Pena 11250075A"},"content":{"rendered":"<p>Le mod\u00e8le 1250075 de Sonia Pe\u00f1a est un tailleur pantalon d&#8217;un rouge \u00e9clatant qui respire l&#8217;\u00e9l\u00e9gance et le flair. Le haut \u00e0 bretelles est compos\u00e9 de plusieurs couches de tissu souple, cr\u00e9ant un effet ludique et a\u00e9rien. Une ceinture en tissu rouge assortie souligne la taille et ajoute une touche de f\u00e9minit\u00e9. Cet ensemble \u00e9l\u00e9gant est id\u00e9al pour les occasions festives o\u00f9 vous souhaitez vous d\u00e9marquer.   <\/p>\n","protected":false},"featured_media":84007,"template":"","meta":{"_acf_changed":false,"ghostkit_customizer_options":"","ghostkit_custom_css":"","ghostkit_custom_js_head":"","ghostkit_custom_js_foot":"","ghostkit_typography":""},"productdetails":[],"productneck":[352],"productcolor":[394],"maat":[],"productsupplier":[493],"productsleeve":[],"productcategory":[259],"productsilhouette":[],"productstyle":[],"class_list":["post-84805","product","type-product","status-publish","has-post-thumbnail","hentry","productneck-352","productcolor-394","productsupplier-sonia-pena","productcategory-avondkleding"],"acf":[],"yoast_head":"<!-- This site is optimized with the Yoast SEO plugin v27.3 - https:\/\/yoast.com\/product\/yoast-seo-wordpress\/ -->\n<title>Sonia Pena 11250075A | Koonings<\/title>\n<meta name=\"description\" content=\"Le mod\u00e8le 1250075 de Sonia Pe\u00f1a est un tailleur pantalon d&#039;un rouge \u00e9clatant qui respire l&#039;\u00e9l\u00e9gance et le flair. Le haut \u00e0 bretelles est compos\u00e9 de plusieurs couches de tissu souple, cr\u00e9ant un effet ludique et a\u00e9rien. Une ceinture en tissu rouge assortie souligne la taille et ajoute une touche de f\u00e9minit\u00e9. Cet ensemble \u00e9l\u00e9gant est id\u00e9al pour les occasions festives o\u00f9 vous souhaitez vous d\u00e9marquer.\" \/>\n<meta name=\"robots\" content=\"index, follow, max-snippet:-1, max-image-preview:large, max-video-preview:-1\" \/>\n<link rel=\"canonical\" href=\"https:\/\/www.koonings.com\/fr\/product\/sonia-pena-11250075a\/\" \/>\n<meta property=\"og:locale\" content=\"fr_FR\" \/>\n<meta property=\"og:type\" content=\"article\" \/>\n<meta property=\"og:title\" content=\"Sonia Pena 11250075A | Koonings\" \/>\n<meta property=\"og:description\" content=\"Le mod\u00e8le 1250075 de Sonia Pe\u00f1a est un tailleur pantalon d&#039;un rouge \u00e9clatant qui respire l&#039;\u00e9l\u00e9gance et le flair. Le haut \u00e0 bretelles est compos\u00e9 de plusieurs couches de tissu souple, cr\u00e9ant un effet ludique et a\u00e9rien. Une ceinture en tissu rouge assortie souligne la taille et ajoute une touche de f\u00e9minit\u00e9. Cet ensemble \u00e9l\u00e9gant est id\u00e9al pour les occasions festives o\u00f9 vous souhaitez vous d\u00e9marquer.\" \/>\n<meta property=\"og:url\" content=\"https:\/\/www.koonings.com\/fr\/product\/sonia-pena-11250075a\/\" \/>\n<meta property=\"og:site_name\" content=\"Koonings\" \/>\n<meta property=\"article:publisher\" content=\"https:\/\/www.facebook.com\/kooningstheweddingpalace\" \/>\n<meta property=\"og:image\" content=\"https:\/\/www.koonings.com\/wp-content\/uploads\/2025\/04\/49876_7a136c5978d1e9a99eb868d9eadba121f9d1759a7c96f870aa6d24f5af72377dc158a4b7.png\" \/>\n\t<meta property=\"og:image:width\" content=\"864\" \/>\n\t<meta property=\"og:image:height\" content=\"1080\" \/>\n\t<meta property=\"og:image:type\" content=\"image\/png\" \/>\n<meta name=\"twitter:card\" content=\"summary_large_image\" \/>\n<script type=\"application\/ld+json\" class=\"yoast-schema-graph\">{\"@context\":\"https:\\\/\\\/schema.org\",\"@graph\":[{\"@type\":\"WebPage\",\"@id\":\"https:\\\/\\\/www.koonings.com\\\/fr\\\/product\\\/sonia-pena-11250075a\\\/\",\"url\":\"https:\\\/\\\/www.koonings.com\\\/fr\\\/product\\\/sonia-pena-11250075a\\\/\",\"name\":\"Sonia Pena 11250075A | Koonings\",\"isPartOf\":{\"@id\":\"https:\\\/\\\/www.koonings.com\\\/fr\\\/#website\"},\"primaryImageOfPage\":{\"@id\":\"https:\\\/\\\/www.koonings.com\\\/fr\\\/product\\\/sonia-pena-11250075a\\\/#primaryimage\"},\"image\":{\"@id\":\"https:\\\/\\\/www.koonings.com\\\/fr\\\/product\\\/sonia-pena-11250075a\\\/#primaryimage\"},\"thumbnailUrl\":\"https:\\\/\\\/www.koonings.com\\\/wp-content\\\/uploads\\\/2025\\\/04\\\/49876_7a136c5978d1e9a99eb868d9eadba121f9d1759a7c96f870aa6d24f5af72377dc158a4b7.png\",\"datePublished\":\"2026-04-14T14:32:25+00:00\",\"description\":\"Le mod\u00e8le 1250075 de Sonia Pe\u00f1a est un tailleur pantalon d'un rouge \u00e9clatant qui respire l'\u00e9l\u00e9gance et le flair. Le haut \u00e0 bretelles est compos\u00e9 de plusieurs couches de tissu souple, cr\u00e9ant un effet ludique et a\u00e9rien. Une ceinture en tissu rouge assortie souligne la taille et ajoute une touche de f\u00e9minit\u00e9. Cet ensemble \u00e9l\u00e9gant est id\u00e9al pour les occasions festives o\u00f9 vous souhaitez vous d\u00e9marquer.\",\"breadcrumb\":{\"@id\":\"https:\\\/\\\/www.koonings.com\\\/fr\\\/product\\\/sonia-pena-11250075a\\\/#breadcrumb\"},\"inLanguage\":\"fr-FR\",\"potentialAction\":[{\"@type\":\"ReadAction\",\"target\":[\"https:\\\/\\\/www.koonings.com\\\/fr\\\/product\\\/sonia-pena-11250075a\\\/\"]}]},{\"@type\":\"ImageObject\",\"inLanguage\":\"fr-FR\",\"@id\":\"https:\\\/\\\/www.koonings.com\\\/fr\\\/product\\\/sonia-pena-11250075a\\\/#primaryimage\",\"url\":\"https:\\\/\\\/www.koonings.com\\\/wp-content\\\/uploads\\\/2025\\\/04\\\/49876_7a136c5978d1e9a99eb868d9eadba121f9d1759a7c96f870aa6d24f5af72377dc158a4b7.png\",\"contentUrl\":\"https:\\\/\\\/www.koonings.com\\\/wp-content\\\/uploads\\\/2025\\\/04\\\/49876_7a136c5978d1e9a99eb868d9eadba121f9d1759a7c96f870aa6d24f5af72377dc158a4b7.png\",\"width\":864,\"height\":1080},{\"@type\":\"BreadcrumbList\",\"@id\":\"https:\\\/\\\/www.koonings.com\\\/fr\\\/product\\\/sonia-pena-11250075a\\\/#breadcrumb\",\"itemListElement\":[{\"@type\":\"ListItem\",\"position\":1,\"name\":\"Home\",\"item\":\"https:\\\/\\\/www.koonings.com\\\/fr\\\/\"},{\"@type\":\"ListItem\",\"position\":2,\"name\":\"Sonia Pena 11250075A\"}]},{\"@type\":\"WebSite\",\"@id\":\"https:\\\/\\\/www.koonings.com\\\/fr\\\/#website\",\"url\":\"https:\\\/\\\/www.koonings.com\\\/fr\\\/\",\"name\":\"Koonings\",\"description\":\"De grootste bruidsmodewinkel ter wereld\",\"publisher\":{\"@id\":\"https:\\\/\\\/www.koonings.com\\\/fr\\\/#organization\"},\"potentialAction\":[{\"@type\":\"SearchAction\",\"target\":{\"@type\":\"EntryPoint\",\"urlTemplate\":\"https:\\\/\\\/www.koonings.com\\\/fr\\\/?s={search_term_string}\"},\"query-input\":{\"@type\":\"PropertyValueSpecification\",\"valueRequired\":true,\"valueName\":\"search_term_string\"}}],\"inLanguage\":\"fr-FR\"},{\"@type\":\"Organization\",\"@id\":\"https:\\\/\\\/www.koonings.com\\\/fr\\\/#organization\",\"name\":\"Koonings\",\"url\":\"https:\\\/\\\/www.koonings.com\\\/fr\\\/\",\"logo\":{\"@type\":\"ImageObject\",\"inLanguage\":\"fr-FR\",\"@id\":\"https:\\\/\\\/www.koonings.com\\\/fr\\\/#\\\/schema\\\/logo\\\/image\\\/\",\"url\":\"https:\\\/\\\/www.koonings.com\\\/wp-content\\\/uploads\\\/2024\\\/07\\\/logo.png\",\"contentUrl\":\"https:\\\/\\\/www.koonings.com\\\/wp-content\\\/uploads\\\/2024\\\/07\\\/logo.png\",\"width\":600,\"height\":428,\"caption\":\"Koonings\"},\"image\":{\"@id\":\"https:\\\/\\\/www.koonings.com\\\/fr\\\/#\\\/schema\\\/logo\\\/image\\\/\"},\"sameAs\":[\"https:\\\/\\\/www.facebook.com\\\/kooningstheweddingpalace\",\"https:\\\/\\\/www.instagram.com\\\/kooningstheweddingpalace\",\"https:\\\/\\\/www.pinterest.com\\\/koonings\",\"https:\\\/\\\/www.youtube.com\\\/kooningstheweddingpalace\"]}]}<\/script>\n<!-- \/ Yoast SEO plugin. -->","yoast_head_json":{"title":"Sonia Pena 11250075A | Koonings","description":"Le mod\u00e8le 1250075 de Sonia Pe\u00f1a est un tailleur pantalon d'un rouge \u00e9clatant qui respire l'\u00e9l\u00e9gance et le flair. Le haut \u00e0 bretelles est compos\u00e9 de plusieurs couches de tissu souple, cr\u00e9ant un effet ludique et a\u00e9rien. Une ceinture en tissu rouge assortie souligne la taille et ajoute une touche de f\u00e9minit\u00e9. Cet ensemble \u00e9l\u00e9gant est id\u00e9al pour les occasions festives o\u00f9 vous souhaitez vous d\u00e9marquer.","robots":{"index":"index","follow":"follow","max-snippet":"max-snippet:-1","max-image-preview":"max-image-preview:large","max-video-preview":"max-video-preview:-1"},"canonical":"https:\/\/www.koonings.com\/fr\/product\/sonia-pena-11250075a\/","og_locale":"fr_FR","og_type":"article","og_title":"Sonia Pena 11250075A | Koonings","og_description":"Le mod\u00e8le 1250075 de Sonia Pe\u00f1a est un tailleur pantalon d'un rouge \u00e9clatant qui respire l'\u00e9l\u00e9gance et le flair. Le haut \u00e0 bretelles est compos\u00e9 de plusieurs couches de tissu souple, cr\u00e9ant un effet ludique et a\u00e9rien. Une ceinture en tissu rouge assortie souligne la taille et ajoute une touche de f\u00e9minit\u00e9. Cet ensemble \u00e9l\u00e9gant est id\u00e9al pour les occasions festives o\u00f9 vous souhaitez vous d\u00e9marquer.","og_url":"https:\/\/www.koonings.com\/fr\/product\/sonia-pena-11250075a\/","og_site_name":"Koonings","article_publisher":"https:\/\/www.facebook.com\/kooningstheweddingpalace","og_image":[{"width":864,"height":1080,"url":"https:\/\/www.koonings.com\/wp-content\/uploads\/2025\/04\/49876_7a136c5978d1e9a99eb868d9eadba121f9d1759a7c96f870aa6d24f5af72377dc158a4b7.png","type":"image\/png"}],"twitter_card":"summary_large_image","schema":{"@context":"https:\/\/schema.org","@graph":[{"@type":"WebPage","@id":"https:\/\/www.koonings.com\/fr\/product\/sonia-pena-11250075a\/","url":"https:\/\/www.koonings.com\/fr\/product\/sonia-pena-11250075a\/","name":"Sonia Pena 11250075A | Koonings","isPartOf":{"@id":"https:\/\/www.koonings.com\/fr\/#website"},"primaryImageOfPage":{"@id":"https:\/\/www.koonings.com\/fr\/product\/sonia-pena-11250075a\/#primaryimage"},"image":{"@id":"https:\/\/www.koonings.com\/fr\/product\/sonia-pena-11250075a\/#primaryimage"},"thumbnailUrl":"https:\/\/www.koonings.com\/wp-content\/uploads\/2025\/04\/49876_7a136c5978d1e9a99eb868d9eadba121f9d1759a7c96f870aa6d24f5af72377dc158a4b7.png","datePublished":"2026-04-14T14:32:25+00:00","description":"Le mod\u00e8le 1250075 de Sonia Pe\u00f1a est un tailleur pantalon d'un rouge \u00e9clatant qui respire l'\u00e9l\u00e9gance et le flair. Le haut \u00e0 bretelles est compos\u00e9 de plusieurs couches de tissu souple, cr\u00e9ant un effet ludique et a\u00e9rien. Une ceinture en tissu rouge assortie souligne la taille et ajoute une touche de f\u00e9minit\u00e9. Cet ensemble \u00e9l\u00e9gant est id\u00e9al pour les occasions festives o\u00f9 vous souhaitez vous d\u00e9marquer.","breadcrumb":{"@id":"https:\/\/www.koonings.com\/fr\/product\/sonia-pena-11250075a\/#breadcrumb"},"inLanguage":"fr-FR","potentialAction":[{"@type":"ReadAction","target":["https:\/\/www.koonings.com\/fr\/product\/sonia-pena-11250075a\/"]}]},{"@type":"ImageObject","inLanguage":"fr-FR","@id":"https:\/\/www.koonings.com\/fr\/product\/sonia-pena-11250075a\/#primaryimage","url":"https:\/\/www.koonings.com\/wp-content\/uploads\/2025\/04\/49876_7a136c5978d1e9a99eb868d9eadba121f9d1759a7c96f870aa6d24f5af72377dc158a4b7.png","contentUrl":"https:\/\/www.koonings.com\/wp-content\/uploads\/2025\/04\/49876_7a136c5978d1e9a99eb868d9eadba121f9d1759a7c96f870aa6d24f5af72377dc158a4b7.png","width":864,"height":1080},{"@type":"BreadcrumbList","@id":"https:\/\/www.koonings.com\/fr\/product\/sonia-pena-11250075a\/#breadcrumb","itemListElement":[{"@type":"ListItem","position":1,"name":"Home","item":"https:\/\/www.koonings.com\/fr\/"},{"@type":"ListItem","position":2,"name":"Sonia Pena 11250075A"}]},{"@type":"WebSite","@id":"https:\/\/www.koonings.com\/fr\/#website","url":"https:\/\/www.koonings.com\/fr\/","name":"Koonings","description":"De grootste bruidsmodewinkel ter wereld","publisher":{"@id":"https:\/\/www.koonings.com\/fr\/#organization"},"potentialAction":[{"@type":"SearchAction","target":{"@type":"EntryPoint","urlTemplate":"https:\/\/www.koonings.com\/fr\/?s={search_term_string}"},"query-input":{"@type":"PropertyValueSpecification","valueRequired":true,"valueName":"search_term_string"}}],"inLanguage":"fr-FR"},{"@type":"Organization","@id":"https:\/\/www.koonings.com\/fr\/#organization","name":"Koonings","url":"https:\/\/www.koonings.com\/fr\/","logo":{"@type":"ImageObject","inLanguage":"fr-FR","@id":"https:\/\/www.koonings.com\/fr\/#\/schema\/logo\/image\/","url":"https:\/\/www.koonings.com\/wp-content\/uploads\/2024\/07\/logo.png","contentUrl":"https:\/\/www.koonings.com\/wp-content\/uploads\/2024\/07\/logo.png","width":600,"height":428,"caption":"Koonings"},"image":{"@id":"https:\/\/www.koonings.com\/fr\/#\/schema\/logo\/image\/"},"sameAs":["https:\/\/www.facebook.com\/kooningstheweddingpalace","https:\/\/www.instagram.com\/kooningstheweddingpalace","https:\/\/www.pinterest.com\/koonings","https:\/\/www.youtube.com\/kooningstheweddingpalace"]}]}},"_links":{"self":[{"href":"https:\/\/www.koonings.com\/fr\/wp-json\/wp\/v2\/product\/84805","targetHints":{"allow":["GET"]}}],"collection":[{"href":"https:\/\/www.koonings.com\/fr\/wp-json\/wp\/v2\/product"}],"about":[{"href":"https:\/\/www.koonings.com\/fr\/wp-json\/wp\/v2\/types\/product"}],"wp:featuredmedia":[{"embeddable":true,"href":"https:\/\/www.koonings.com\/fr\/wp-json\/wp\/v2\/media\/84007"}],"wp:attachment":[{"href":"https:\/\/www.koonings.com\/fr\/wp-json\/wp\/v2\/media?parent=84805"}],"wp:term":[{"taxonomy":"productdetails","embeddable":true,"href":"https:\/\/www.koonings.com\/fr\/wp-json\/wp\/v2\/productdetails?post=84805"},{"taxonomy":"productneck","embeddable":true,"href":"https:\/\/www.koonings.com\/fr\/wp-json\/wp\/v2\/productneck?post=84805"},{"taxonomy":"productcolor","embeddable":true,"href":"https:\/\/www.koonings.com\/fr\/wp-json\/wp\/v2\/productcolor?post=84805"},{"taxonomy":"maat","embeddable":true,"href":"https:\/\/www.koonings.com\/fr\/wp-json\/wp\/v2\/maat?post=84805"},{"taxonomy":"productsupplier","embeddable":true,"href":"https:\/\/www.koonings.com\/fr\/wp-json\/wp\/v2\/productsupplier?post=84805"},{"taxonomy":"productsleeve","embeddable":true,"href":"https:\/\/www.koonings.com\/fr\/wp-json\/wp\/v2\/productsleeve?post=84805"},{"taxonomy":"productcategory","embeddable":true,"href":"https:\/\/www.koonings.com\/fr\/wp-json\/wp\/v2\/productcategory?post=84805"},{"taxonomy":"productsilhouette","embeddable":true,"href":"https:\/\/www.koonings.com\/fr\/wp-json\/wp\/v2\/productsilhouette?post=84805"},{"taxonomy":"productstyle","embeddable":true,"href":"https:\/\/www.koonings.com\/fr\/wp-json\/wp\/v2\/productstyle?post=84805"}],"curies":[{"name":"wp","href":"https:\/\/api.w.org\/{rel}","templated":true}]}}