{"id":84801,"date":"2026-04-14T16:32:29","date_gmt":"2026-04-14T14:32:29","guid":{"rendered":"https:\/\/www.koonings.com\/product\/sonia-pena-11250041a\/"},"modified":"2026-02-16T15:15:45","modified_gmt":"2026-02-16T14:15:45","slug":"sonia-pena-11250041a","status":"publish","type":"product","link":"https:\/\/www.koonings.com\/fr\/product\/sonia-pena-11250041a\/","title":{"rendered":"Sonia Pena 11250041A"},"content":{"rendered":"<p>La robe Sonia Pe\u00f1a mod\u00e8le 1250041 est une \u00e9l\u00e9gante robe midi qui tombe \u00e0 mi-cuisse. Elle est confectionn\u00e9e dans un tissu de couleur cr\u00e8me et pr\u00e9sente un d\u00e9collet\u00e9 en V flatteur. Un motif floral bleu est appliqu\u00e9 sur l&#8217;ensemble de la robe, ce qui lui conf\u00e8re un aspect sophistiqu\u00e9 et f\u00e9minin. Cette robe est parfaite pour les occasions festives o\u00f9 vous souhaitez \u00eatre \u00e9l\u00e9gante.   <\/p>\n","protected":false},"featured_media":84012,"template":"","meta":{"_acf_changed":false,"ghostkit_customizer_options":"","ghostkit_custom_css":"","ghostkit_custom_js_head":"","ghostkit_custom_js_foot":"","ghostkit_typography":""},"productdetails":[],"productneck":[],"productcolor":[394],"maat":[],"productsupplier":[493],"productsleeve":[],"productcategory":[259],"productsilhouette":[],"productstyle":[],"class_list":["post-84801","product","type-product","status-publish","has-post-thumbnail","hentry","productcolor-394","productsupplier-sonia-pena","productcategory-avondkleding"],"acf":[],"yoast_head":"<!-- This site is optimized with the Yoast SEO plugin v27.3 - https:\/\/yoast.com\/product\/yoast-seo-wordpress\/ -->\n<title>Sonia Pena 11250041A | Koonings<\/title>\n<meta name=\"description\" content=\"La robe Sonia Pe\u00f1a mod\u00e8le 1250041 est une \u00e9l\u00e9gante robe midi qui tombe \u00e0 mi-cuisse. Elle est confectionn\u00e9e dans un tissu de couleur cr\u00e8me et pr\u00e9sente un d\u00e9collet\u00e9 en V flatteur. Un motif floral bleu est appliqu\u00e9 sur l&#039;ensemble de la robe, ce qui lui conf\u00e8re un aspect sophistiqu\u00e9 et f\u00e9minin. Cette robe est parfaite pour les occasions festives o\u00f9 vous souhaitez \u00eatre \u00e9l\u00e9gante.\" \/>\n<meta name=\"robots\" content=\"index, follow, max-snippet:-1, max-image-preview:large, max-video-preview:-1\" \/>\n<link rel=\"canonical\" href=\"https:\/\/www.koonings.com\/fr\/product\/sonia-pena-11250041a\/\" \/>\n<meta property=\"og:locale\" content=\"fr_FR\" \/>\n<meta property=\"og:type\" content=\"article\" \/>\n<meta property=\"og:title\" content=\"Sonia Pena 11250041A | Koonings\" \/>\n<meta property=\"og:description\" content=\"La robe Sonia Pe\u00f1a mod\u00e8le 1250041 est une \u00e9l\u00e9gante robe midi qui tombe \u00e0 mi-cuisse. Elle est confectionn\u00e9e dans un tissu de couleur cr\u00e8me et pr\u00e9sente un d\u00e9collet\u00e9 en V flatteur. Un motif floral bleu est appliqu\u00e9 sur l&#039;ensemble de la robe, ce qui lui conf\u00e8re un aspect sophistiqu\u00e9 et f\u00e9minin. Cette robe est parfaite pour les occasions festives o\u00f9 vous souhaitez \u00eatre \u00e9l\u00e9gante.\" \/>\n<meta property=\"og:url\" content=\"https:\/\/www.koonings.com\/fr\/product\/sonia-pena-11250041a\/\" \/>\n<meta property=\"og:site_name\" content=\"Koonings\" \/>\n<meta property=\"article:publisher\" content=\"https:\/\/www.facebook.com\/kooningstheweddingpalace\" \/>\n<meta property=\"og:image\" content=\"https:\/\/www.koonings.com\/wp-content\/uploads\/2025\/04\/49887_7d4a79fe85a612a1b3d565d478fca248b6f828502c391521cab78ebbdad386314dd32e04.png\" \/>\n\t<meta property=\"og:image:width\" content=\"864\" \/>\n\t<meta property=\"og:image:height\" content=\"1080\" \/>\n\t<meta property=\"og:image:type\" content=\"image\/png\" \/>\n<meta name=\"twitter:card\" content=\"summary_large_image\" \/>\n<script type=\"application\/ld+json\" class=\"yoast-schema-graph\">{\"@context\":\"https:\\\/\\\/schema.org\",\"@graph\":[{\"@type\":\"WebPage\",\"@id\":\"https:\\\/\\\/www.koonings.com\\\/fr\\\/product\\\/sonia-pena-11250041a\\\/\",\"url\":\"https:\\\/\\\/www.koonings.com\\\/fr\\\/product\\\/sonia-pena-11250041a\\\/\",\"name\":\"Sonia Pena 11250041A | Koonings\",\"isPartOf\":{\"@id\":\"https:\\\/\\\/www.koonings.com\\\/fr\\\/#website\"},\"primaryImageOfPage\":{\"@id\":\"https:\\\/\\\/www.koonings.com\\\/fr\\\/product\\\/sonia-pena-11250041a\\\/#primaryimage\"},\"image\":{\"@id\":\"https:\\\/\\\/www.koonings.com\\\/fr\\\/product\\\/sonia-pena-11250041a\\\/#primaryimage\"},\"thumbnailUrl\":\"https:\\\/\\\/www.koonings.com\\\/wp-content\\\/uploads\\\/2025\\\/04\\\/49887_7d4a79fe85a612a1b3d565d478fca248b6f828502c391521cab78ebbdad386314dd32e04.png\",\"datePublished\":\"2026-04-14T14:32:29+00:00\",\"description\":\"La robe Sonia Pe\u00f1a mod\u00e8le 1250041 est une \u00e9l\u00e9gante robe midi qui tombe \u00e0 mi-cuisse. Elle est confectionn\u00e9e dans un tissu de couleur cr\u00e8me et pr\u00e9sente un d\u00e9collet\u00e9 en V flatteur. Un motif floral bleu est appliqu\u00e9 sur l'ensemble de la robe, ce qui lui conf\u00e8re un aspect sophistiqu\u00e9 et f\u00e9minin. Cette robe est parfaite pour les occasions festives o\u00f9 vous souhaitez \u00eatre \u00e9l\u00e9gante.\",\"breadcrumb\":{\"@id\":\"https:\\\/\\\/www.koonings.com\\\/fr\\\/product\\\/sonia-pena-11250041a\\\/#breadcrumb\"},\"inLanguage\":\"fr-FR\",\"potentialAction\":[{\"@type\":\"ReadAction\",\"target\":[\"https:\\\/\\\/www.koonings.com\\\/fr\\\/product\\\/sonia-pena-11250041a\\\/\"]}]},{\"@type\":\"ImageObject\",\"inLanguage\":\"fr-FR\",\"@id\":\"https:\\\/\\\/www.koonings.com\\\/fr\\\/product\\\/sonia-pena-11250041a\\\/#primaryimage\",\"url\":\"https:\\\/\\\/www.koonings.com\\\/wp-content\\\/uploads\\\/2025\\\/04\\\/49887_7d4a79fe85a612a1b3d565d478fca248b6f828502c391521cab78ebbdad386314dd32e04.png\",\"contentUrl\":\"https:\\\/\\\/www.koonings.com\\\/wp-content\\\/uploads\\\/2025\\\/04\\\/49887_7d4a79fe85a612a1b3d565d478fca248b6f828502c391521cab78ebbdad386314dd32e04.png\",\"width\":864,\"height\":1080},{\"@type\":\"BreadcrumbList\",\"@id\":\"https:\\\/\\\/www.koonings.com\\\/fr\\\/product\\\/sonia-pena-11250041a\\\/#breadcrumb\",\"itemListElement\":[{\"@type\":\"ListItem\",\"position\":1,\"name\":\"Home\",\"item\":\"https:\\\/\\\/www.koonings.com\\\/fr\\\/\"},{\"@type\":\"ListItem\",\"position\":2,\"name\":\"Sonia Pena 11250041A\"}]},{\"@type\":\"WebSite\",\"@id\":\"https:\\\/\\\/www.koonings.com\\\/fr\\\/#website\",\"url\":\"https:\\\/\\\/www.koonings.com\\\/fr\\\/\",\"name\":\"Koonings\",\"description\":\"De grootste bruidsmodewinkel ter wereld\",\"publisher\":{\"@id\":\"https:\\\/\\\/www.koonings.com\\\/fr\\\/#organization\"},\"potentialAction\":[{\"@type\":\"SearchAction\",\"target\":{\"@type\":\"EntryPoint\",\"urlTemplate\":\"https:\\\/\\\/www.koonings.com\\\/fr\\\/?s={search_term_string}\"},\"query-input\":{\"@type\":\"PropertyValueSpecification\",\"valueRequired\":true,\"valueName\":\"search_term_string\"}}],\"inLanguage\":\"fr-FR\"},{\"@type\":\"Organization\",\"@id\":\"https:\\\/\\\/www.koonings.com\\\/fr\\\/#organization\",\"name\":\"Koonings\",\"url\":\"https:\\\/\\\/www.koonings.com\\\/fr\\\/\",\"logo\":{\"@type\":\"ImageObject\",\"inLanguage\":\"fr-FR\",\"@id\":\"https:\\\/\\\/www.koonings.com\\\/fr\\\/#\\\/schema\\\/logo\\\/image\\\/\",\"url\":\"https:\\\/\\\/www.koonings.com\\\/wp-content\\\/uploads\\\/2024\\\/07\\\/logo.png\",\"contentUrl\":\"https:\\\/\\\/www.koonings.com\\\/wp-content\\\/uploads\\\/2024\\\/07\\\/logo.png\",\"width\":600,\"height\":428,\"caption\":\"Koonings\"},\"image\":{\"@id\":\"https:\\\/\\\/www.koonings.com\\\/fr\\\/#\\\/schema\\\/logo\\\/image\\\/\"},\"sameAs\":[\"https:\\\/\\\/www.facebook.com\\\/kooningstheweddingpalace\",\"https:\\\/\\\/www.instagram.com\\\/kooningstheweddingpalace\",\"https:\\\/\\\/www.pinterest.com\\\/koonings\",\"https:\\\/\\\/www.youtube.com\\\/kooningstheweddingpalace\"]}]}<\/script>\n<!-- \/ Yoast SEO plugin. -->","yoast_head_json":{"title":"Sonia Pena 11250041A | Koonings","description":"La robe Sonia Pe\u00f1a mod\u00e8le 1250041 est une \u00e9l\u00e9gante robe midi qui tombe \u00e0 mi-cuisse. Elle est confectionn\u00e9e dans un tissu de couleur cr\u00e8me et pr\u00e9sente un d\u00e9collet\u00e9 en V flatteur. Un motif floral bleu est appliqu\u00e9 sur l'ensemble de la robe, ce qui lui conf\u00e8re un aspect sophistiqu\u00e9 et f\u00e9minin. Cette robe est parfaite pour les occasions festives o\u00f9 vous souhaitez \u00eatre \u00e9l\u00e9gante.","robots":{"index":"index","follow":"follow","max-snippet":"max-snippet:-1","max-image-preview":"max-image-preview:large","max-video-preview":"max-video-preview:-1"},"canonical":"https:\/\/www.koonings.com\/fr\/product\/sonia-pena-11250041a\/","og_locale":"fr_FR","og_type":"article","og_title":"Sonia Pena 11250041A | Koonings","og_description":"La robe Sonia Pe\u00f1a mod\u00e8le 1250041 est une \u00e9l\u00e9gante robe midi qui tombe \u00e0 mi-cuisse. Elle est confectionn\u00e9e dans un tissu de couleur cr\u00e8me et pr\u00e9sente un d\u00e9collet\u00e9 en V flatteur. Un motif floral bleu est appliqu\u00e9 sur l'ensemble de la robe, ce qui lui conf\u00e8re un aspect sophistiqu\u00e9 et f\u00e9minin. Cette robe est parfaite pour les occasions festives o\u00f9 vous souhaitez \u00eatre \u00e9l\u00e9gante.","og_url":"https:\/\/www.koonings.com\/fr\/product\/sonia-pena-11250041a\/","og_site_name":"Koonings","article_publisher":"https:\/\/www.facebook.com\/kooningstheweddingpalace","og_image":[{"width":864,"height":1080,"url":"https:\/\/www.koonings.com\/wp-content\/uploads\/2025\/04\/49887_7d4a79fe85a612a1b3d565d478fca248b6f828502c391521cab78ebbdad386314dd32e04.png","type":"image\/png"}],"twitter_card":"summary_large_image","schema":{"@context":"https:\/\/schema.org","@graph":[{"@type":"WebPage","@id":"https:\/\/www.koonings.com\/fr\/product\/sonia-pena-11250041a\/","url":"https:\/\/www.koonings.com\/fr\/product\/sonia-pena-11250041a\/","name":"Sonia Pena 11250041A | Koonings","isPartOf":{"@id":"https:\/\/www.koonings.com\/fr\/#website"},"primaryImageOfPage":{"@id":"https:\/\/www.koonings.com\/fr\/product\/sonia-pena-11250041a\/#primaryimage"},"image":{"@id":"https:\/\/www.koonings.com\/fr\/product\/sonia-pena-11250041a\/#primaryimage"},"thumbnailUrl":"https:\/\/www.koonings.com\/wp-content\/uploads\/2025\/04\/49887_7d4a79fe85a612a1b3d565d478fca248b6f828502c391521cab78ebbdad386314dd32e04.png","datePublished":"2026-04-14T14:32:29+00:00","description":"La robe Sonia Pe\u00f1a mod\u00e8le 1250041 est une \u00e9l\u00e9gante robe midi qui tombe \u00e0 mi-cuisse. Elle est confectionn\u00e9e dans un tissu de couleur cr\u00e8me et pr\u00e9sente un d\u00e9collet\u00e9 en V flatteur. Un motif floral bleu est appliqu\u00e9 sur l'ensemble de la robe, ce qui lui conf\u00e8re un aspect sophistiqu\u00e9 et f\u00e9minin. Cette robe est parfaite pour les occasions festives o\u00f9 vous souhaitez \u00eatre \u00e9l\u00e9gante.","breadcrumb":{"@id":"https:\/\/www.koonings.com\/fr\/product\/sonia-pena-11250041a\/#breadcrumb"},"inLanguage":"fr-FR","potentialAction":[{"@type":"ReadAction","target":["https:\/\/www.koonings.com\/fr\/product\/sonia-pena-11250041a\/"]}]},{"@type":"ImageObject","inLanguage":"fr-FR","@id":"https:\/\/www.koonings.com\/fr\/product\/sonia-pena-11250041a\/#primaryimage","url":"https:\/\/www.koonings.com\/wp-content\/uploads\/2025\/04\/49887_7d4a79fe85a612a1b3d565d478fca248b6f828502c391521cab78ebbdad386314dd32e04.png","contentUrl":"https:\/\/www.koonings.com\/wp-content\/uploads\/2025\/04\/49887_7d4a79fe85a612a1b3d565d478fca248b6f828502c391521cab78ebbdad386314dd32e04.png","width":864,"height":1080},{"@type":"BreadcrumbList","@id":"https:\/\/www.koonings.com\/fr\/product\/sonia-pena-11250041a\/#breadcrumb","itemListElement":[{"@type":"ListItem","position":1,"name":"Home","item":"https:\/\/www.koonings.com\/fr\/"},{"@type":"ListItem","position":2,"name":"Sonia Pena 11250041A"}]},{"@type":"WebSite","@id":"https:\/\/www.koonings.com\/fr\/#website","url":"https:\/\/www.koonings.com\/fr\/","name":"Koonings","description":"De grootste bruidsmodewinkel ter wereld","publisher":{"@id":"https:\/\/www.koonings.com\/fr\/#organization"},"potentialAction":[{"@type":"SearchAction","target":{"@type":"EntryPoint","urlTemplate":"https:\/\/www.koonings.com\/fr\/?s={search_term_string}"},"query-input":{"@type":"PropertyValueSpecification","valueRequired":true,"valueName":"search_term_string"}}],"inLanguage":"fr-FR"},{"@type":"Organization","@id":"https:\/\/www.koonings.com\/fr\/#organization","name":"Koonings","url":"https:\/\/www.koonings.com\/fr\/","logo":{"@type":"ImageObject","inLanguage":"fr-FR","@id":"https:\/\/www.koonings.com\/fr\/#\/schema\/logo\/image\/","url":"https:\/\/www.koonings.com\/wp-content\/uploads\/2024\/07\/logo.png","contentUrl":"https:\/\/www.koonings.com\/wp-content\/uploads\/2024\/07\/logo.png","width":600,"height":428,"caption":"Koonings"},"image":{"@id":"https:\/\/www.koonings.com\/fr\/#\/schema\/logo\/image\/"},"sameAs":["https:\/\/www.facebook.com\/kooningstheweddingpalace","https:\/\/www.instagram.com\/kooningstheweddingpalace","https:\/\/www.pinterest.com\/koonings","https:\/\/www.youtube.com\/kooningstheweddingpalace"]}]}},"_links":{"self":[{"href":"https:\/\/www.koonings.com\/fr\/wp-json\/wp\/v2\/product\/84801","targetHints":{"allow":["GET"]}}],"collection":[{"href":"https:\/\/www.koonings.com\/fr\/wp-json\/wp\/v2\/product"}],"about":[{"href":"https:\/\/www.koonings.com\/fr\/wp-json\/wp\/v2\/types\/product"}],"wp:featuredmedia":[{"embeddable":true,"href":"https:\/\/www.koonings.com\/fr\/wp-json\/wp\/v2\/media\/84012"}],"wp:attachment":[{"href":"https:\/\/www.koonings.com\/fr\/wp-json\/wp\/v2\/media?parent=84801"}],"wp:term":[{"taxonomy":"productdetails","embeddable":true,"href":"https:\/\/www.koonings.com\/fr\/wp-json\/wp\/v2\/productdetails?post=84801"},{"taxonomy":"productneck","embeddable":true,"href":"https:\/\/www.koonings.com\/fr\/wp-json\/wp\/v2\/productneck?post=84801"},{"taxonomy":"productcolor","embeddable":true,"href":"https:\/\/www.koonings.com\/fr\/wp-json\/wp\/v2\/productcolor?post=84801"},{"taxonomy":"maat","embeddable":true,"href":"https:\/\/www.koonings.com\/fr\/wp-json\/wp\/v2\/maat?post=84801"},{"taxonomy":"productsupplier","embeddable":true,"href":"https:\/\/www.koonings.com\/fr\/wp-json\/wp\/v2\/productsupplier?post=84801"},{"taxonomy":"productsleeve","embeddable":true,"href":"https:\/\/www.koonings.com\/fr\/wp-json\/wp\/v2\/productsleeve?post=84801"},{"taxonomy":"productcategory","embeddable":true,"href":"https:\/\/www.koonings.com\/fr\/wp-json\/wp\/v2\/productcategory?post=84801"},{"taxonomy":"productsilhouette","embeddable":true,"href":"https:\/\/www.koonings.com\/fr\/wp-json\/wp\/v2\/productsilhouette?post=84801"},{"taxonomy":"productstyle","embeddable":true,"href":"https:\/\/www.koonings.com\/fr\/wp-json\/wp\/v2\/productstyle?post=84801"}],"curies":[{"name":"wp","href":"https:\/\/api.w.org\/{rel}","templated":true}]}}