{"id":84785,"date":"2026-04-14T16:12:41","date_gmt":"2026-04-14T14:12:41","guid":{"rendered":"https:\/\/www.koonings.com\/product\/abrazi-o7-jb-resa-2\/"},"modified":"2026-02-16T15:16:56","modified_gmt":"2026-02-16T14:16:56","slug":"abrazi-o7-jb-resa-2","status":"publish","type":"product","link":"https:\/\/www.koonings.com\/fr\/product\/abrazi-o7-jb-resa-2\/","title":{"rendered":"Abrazi O7-JB Resa"},"content":{"rendered":"<p>Les boucles d&#8217;oreilles Resa sont le choix id\u00e9al pour les mari\u00e9es \u00e9l\u00e9gantes. Elles peuvent \u00eatre port\u00e9es de deux mani\u00e8res diff\u00e9rentes : comme de simples boucles d&#8217;oreilles en perles, ou avec le rang de perles pour un look plus prononc\u00e9. Elles sont parfaites si vous souhaitez changer de look \u00e0 un moment donn\u00e9, par exemple pour passer du jour \u00e0 la nuit. Ces magnifiques boucles d&#8217;oreilles de mariage sont compos\u00e9es de perles Swarovski et d&#8217;argent 925, et sont disponibles avec un rev\u00eatement en rhodium ou en or 14kt.   <\/p>\n","protected":false},"featured_media":84212,"template":"","meta":{"_acf_changed":false,"ghostkit_customizer_options":"","ghostkit_custom_css":"","ghostkit_custom_js_head":"","ghostkit_custom_js_foot":"","ghostkit_typography":""},"productdetails":[],"productneck":[],"productcolor":[],"maat":[],"productsupplier":[510],"productsleeve":[],"productcategory":[511],"productsilhouette":[],"productstyle":[],"class_list":["post-84785","product","type-product","status-publish","has-post-thumbnail","hentry","productsupplier-abrazi","productcategory-sieraden"],"acf":[],"yoast_head":"<!-- This site is optimized with the Yoast SEO plugin v27.3 - https:\/\/yoast.com\/product\/yoast-seo-wordpress\/ -->\n<title>Abrazi O7-JB Resa | Koonings<\/title>\n<meta name=\"description\" content=\"Les boucles d&#039;oreilles Resa sont le choix id\u00e9al pour les mari\u00e9es \u00e9l\u00e9gantes. Elles peuvent \u00eatre port\u00e9es de deux mani\u00e8res diff\u00e9rentes : comme de simples boucles d&#039;oreilles en perles, ou avec le rang de perles pour un look plus prononc\u00e9. Elles sont parfaites si vous souhaitez changer de look \u00e0 un moment donn\u00e9, par exemple pour passer du jour \u00e0 la nuit. Ces magnifiques boucles d&#039;oreilles de mariage sont compos\u00e9es de perles Swarovski et d&#039;argent 925, et sont disponibles avec un rev\u00eatement en rhodium ou en or 14kt.\" \/>\n<meta name=\"robots\" content=\"index, follow, max-snippet:-1, max-image-preview:large, max-video-preview:-1\" \/>\n<link rel=\"canonical\" href=\"https:\/\/www.koonings.com\/fr\/product\/abrazi-o7-jb-resa-2\/\" \/>\n<meta property=\"og:locale\" content=\"fr_FR\" \/>\n<meta property=\"og:type\" content=\"article\" \/>\n<meta property=\"og:title\" content=\"Abrazi O7-JB Resa | Koonings\" \/>\n<meta property=\"og:description\" content=\"Les boucles d&#039;oreilles Resa sont le choix id\u00e9al pour les mari\u00e9es \u00e9l\u00e9gantes. Elles peuvent \u00eatre port\u00e9es de deux mani\u00e8res diff\u00e9rentes : comme de simples boucles d&#039;oreilles en perles, ou avec le rang de perles pour un look plus prononc\u00e9. Elles sont parfaites si vous souhaitez changer de look \u00e0 un moment donn\u00e9, par exemple pour passer du jour \u00e0 la nuit. Ces magnifiques boucles d&#039;oreilles de mariage sont compos\u00e9es de perles Swarovski et d&#039;argent 925, et sont disponibles avec un rev\u00eatement en rhodium ou en or 14kt.\" \/>\n<meta property=\"og:url\" content=\"https:\/\/www.koonings.com\/fr\/product\/abrazi-o7-jb-resa-2\/\" \/>\n<meta property=\"og:site_name\" content=\"Koonings\" \/>\n<meta property=\"article:publisher\" content=\"https:\/\/www.facebook.com\/kooningstheweddingpalace\" \/>\n<meta property=\"og:image\" content=\"https:\/\/www.koonings.com\/wp-content\/uploads\/2025\/04\/39075_987d1672d499ed833061698a7d8a74b6517552a3998d4ec0f80cb9e6bc2c196303391b1d.jpeg\" \/>\n\t<meta property=\"og:image:width\" content=\"1333\" \/>\n\t<meta property=\"og:image:height\" content=\"2000\" \/>\n\t<meta property=\"og:image:type\" content=\"image\/jpeg\" \/>\n<meta name=\"twitter:card\" content=\"summary_large_image\" \/>\n<script type=\"application\/ld+json\" class=\"yoast-schema-graph\">{\"@context\":\"https:\\\/\\\/schema.org\",\"@graph\":[{\"@type\":\"WebPage\",\"@id\":\"https:\\\/\\\/www.koonings.com\\\/fr\\\/product\\\/abrazi-o7-jb-resa-2\\\/\",\"url\":\"https:\\\/\\\/www.koonings.com\\\/fr\\\/product\\\/abrazi-o7-jb-resa-2\\\/\",\"name\":\"Abrazi O7-JB Resa | Koonings\",\"isPartOf\":{\"@id\":\"https:\\\/\\\/www.koonings.com\\\/fr\\\/#website\"},\"primaryImageOfPage\":{\"@id\":\"https:\\\/\\\/www.koonings.com\\\/fr\\\/product\\\/abrazi-o7-jb-resa-2\\\/#primaryimage\"},\"image\":{\"@id\":\"https:\\\/\\\/www.koonings.com\\\/fr\\\/product\\\/abrazi-o7-jb-resa-2\\\/#primaryimage\"},\"thumbnailUrl\":\"https:\\\/\\\/www.koonings.com\\\/wp-content\\\/uploads\\\/2025\\\/04\\\/39075_987d1672d499ed833061698a7d8a74b6517552a3998d4ec0f80cb9e6bc2c196303391b1d.jpeg\",\"datePublished\":\"2026-04-14T14:12:41+00:00\",\"description\":\"Les boucles d'oreilles Resa sont le choix id\u00e9al pour les mari\u00e9es \u00e9l\u00e9gantes. Elles peuvent \u00eatre port\u00e9es de deux mani\u00e8res diff\u00e9rentes : comme de simples boucles d'oreilles en perles, ou avec le rang de perles pour un look plus prononc\u00e9. Elles sont parfaites si vous souhaitez changer de look \u00e0 un moment donn\u00e9, par exemple pour passer du jour \u00e0 la nuit. Ces magnifiques boucles d'oreilles de mariage sont compos\u00e9es de perles Swarovski et d'argent 925, et sont disponibles avec un rev\u00eatement en rhodium ou en or 14kt.\",\"breadcrumb\":{\"@id\":\"https:\\\/\\\/www.koonings.com\\\/fr\\\/product\\\/abrazi-o7-jb-resa-2\\\/#breadcrumb\"},\"inLanguage\":\"fr-FR\",\"potentialAction\":[{\"@type\":\"ReadAction\",\"target\":[\"https:\\\/\\\/www.koonings.com\\\/fr\\\/product\\\/abrazi-o7-jb-resa-2\\\/\"]}]},{\"@type\":\"ImageObject\",\"inLanguage\":\"fr-FR\",\"@id\":\"https:\\\/\\\/www.koonings.com\\\/fr\\\/product\\\/abrazi-o7-jb-resa-2\\\/#primaryimage\",\"url\":\"https:\\\/\\\/www.koonings.com\\\/wp-content\\\/uploads\\\/2025\\\/04\\\/39075_987d1672d499ed833061698a7d8a74b6517552a3998d4ec0f80cb9e6bc2c196303391b1d.jpeg\",\"contentUrl\":\"https:\\\/\\\/www.koonings.com\\\/wp-content\\\/uploads\\\/2025\\\/04\\\/39075_987d1672d499ed833061698a7d8a74b6517552a3998d4ec0f80cb9e6bc2c196303391b1d.jpeg\",\"width\":1333,\"height\":2000},{\"@type\":\"BreadcrumbList\",\"@id\":\"https:\\\/\\\/www.koonings.com\\\/fr\\\/product\\\/abrazi-o7-jb-resa-2\\\/#breadcrumb\",\"itemListElement\":[{\"@type\":\"ListItem\",\"position\":1,\"name\":\"Home\",\"item\":\"https:\\\/\\\/www.koonings.com\\\/fr\\\/\"},{\"@type\":\"ListItem\",\"position\":2,\"name\":\"Abrazi O7-JB Resa\"}]},{\"@type\":\"WebSite\",\"@id\":\"https:\\\/\\\/www.koonings.com\\\/fr\\\/#website\",\"url\":\"https:\\\/\\\/www.koonings.com\\\/fr\\\/\",\"name\":\"Koonings\",\"description\":\"De grootste bruidsmodewinkel ter wereld\",\"publisher\":{\"@id\":\"https:\\\/\\\/www.koonings.com\\\/fr\\\/#organization\"},\"potentialAction\":[{\"@type\":\"SearchAction\",\"target\":{\"@type\":\"EntryPoint\",\"urlTemplate\":\"https:\\\/\\\/www.koonings.com\\\/fr\\\/?s={search_term_string}\"},\"query-input\":{\"@type\":\"PropertyValueSpecification\",\"valueRequired\":true,\"valueName\":\"search_term_string\"}}],\"inLanguage\":\"fr-FR\"},{\"@type\":\"Organization\",\"@id\":\"https:\\\/\\\/www.koonings.com\\\/fr\\\/#organization\",\"name\":\"Koonings\",\"url\":\"https:\\\/\\\/www.koonings.com\\\/fr\\\/\",\"logo\":{\"@type\":\"ImageObject\",\"inLanguage\":\"fr-FR\",\"@id\":\"https:\\\/\\\/www.koonings.com\\\/fr\\\/#\\\/schema\\\/logo\\\/image\\\/\",\"url\":\"https:\\\/\\\/www.koonings.com\\\/wp-content\\\/uploads\\\/2024\\\/07\\\/logo.png\",\"contentUrl\":\"https:\\\/\\\/www.koonings.com\\\/wp-content\\\/uploads\\\/2024\\\/07\\\/logo.png\",\"width\":600,\"height\":428,\"caption\":\"Koonings\"},\"image\":{\"@id\":\"https:\\\/\\\/www.koonings.com\\\/fr\\\/#\\\/schema\\\/logo\\\/image\\\/\"},\"sameAs\":[\"https:\\\/\\\/www.facebook.com\\\/kooningstheweddingpalace\",\"https:\\\/\\\/www.instagram.com\\\/kooningstheweddingpalace\",\"https:\\\/\\\/www.pinterest.com\\\/koonings\",\"https:\\\/\\\/www.youtube.com\\\/kooningstheweddingpalace\"]}]}<\/script>\n<!-- \/ Yoast SEO plugin. -->","yoast_head_json":{"title":"Abrazi O7-JB Resa | Koonings","description":"Les boucles d'oreilles Resa sont le choix id\u00e9al pour les mari\u00e9es \u00e9l\u00e9gantes. Elles peuvent \u00eatre port\u00e9es de deux mani\u00e8res diff\u00e9rentes : comme de simples boucles d'oreilles en perles, ou avec le rang de perles pour un look plus prononc\u00e9. Elles sont parfaites si vous souhaitez changer de look \u00e0 un moment donn\u00e9, par exemple pour passer du jour \u00e0 la nuit. Ces magnifiques boucles d'oreilles de mariage sont compos\u00e9es de perles Swarovski et d'argent 925, et sont disponibles avec un rev\u00eatement en rhodium ou en or 14kt.","robots":{"index":"index","follow":"follow","max-snippet":"max-snippet:-1","max-image-preview":"max-image-preview:large","max-video-preview":"max-video-preview:-1"},"canonical":"https:\/\/www.koonings.com\/fr\/product\/abrazi-o7-jb-resa-2\/","og_locale":"fr_FR","og_type":"article","og_title":"Abrazi O7-JB Resa | Koonings","og_description":"Les boucles d'oreilles Resa sont le choix id\u00e9al pour les mari\u00e9es \u00e9l\u00e9gantes. Elles peuvent \u00eatre port\u00e9es de deux mani\u00e8res diff\u00e9rentes : comme de simples boucles d'oreilles en perles, ou avec le rang de perles pour un look plus prononc\u00e9. Elles sont parfaites si vous souhaitez changer de look \u00e0 un moment donn\u00e9, par exemple pour passer du jour \u00e0 la nuit. Ces magnifiques boucles d'oreilles de mariage sont compos\u00e9es de perles Swarovski et d'argent 925, et sont disponibles avec un rev\u00eatement en rhodium ou en or 14kt.","og_url":"https:\/\/www.koonings.com\/fr\/product\/abrazi-o7-jb-resa-2\/","og_site_name":"Koonings","article_publisher":"https:\/\/www.facebook.com\/kooningstheweddingpalace","og_image":[{"width":1333,"height":2000,"url":"https:\/\/www.koonings.com\/wp-content\/uploads\/2025\/04\/39075_987d1672d499ed833061698a7d8a74b6517552a3998d4ec0f80cb9e6bc2c196303391b1d.jpeg","type":"image\/jpeg"}],"twitter_card":"summary_large_image","schema":{"@context":"https:\/\/schema.org","@graph":[{"@type":"WebPage","@id":"https:\/\/www.koonings.com\/fr\/product\/abrazi-o7-jb-resa-2\/","url":"https:\/\/www.koonings.com\/fr\/product\/abrazi-o7-jb-resa-2\/","name":"Abrazi O7-JB Resa | Koonings","isPartOf":{"@id":"https:\/\/www.koonings.com\/fr\/#website"},"primaryImageOfPage":{"@id":"https:\/\/www.koonings.com\/fr\/product\/abrazi-o7-jb-resa-2\/#primaryimage"},"image":{"@id":"https:\/\/www.koonings.com\/fr\/product\/abrazi-o7-jb-resa-2\/#primaryimage"},"thumbnailUrl":"https:\/\/www.koonings.com\/wp-content\/uploads\/2025\/04\/39075_987d1672d499ed833061698a7d8a74b6517552a3998d4ec0f80cb9e6bc2c196303391b1d.jpeg","datePublished":"2026-04-14T14:12:41+00:00","description":"Les boucles d'oreilles Resa sont le choix id\u00e9al pour les mari\u00e9es \u00e9l\u00e9gantes. Elles peuvent \u00eatre port\u00e9es de deux mani\u00e8res diff\u00e9rentes : comme de simples boucles d'oreilles en perles, ou avec le rang de perles pour un look plus prononc\u00e9. Elles sont parfaites si vous souhaitez changer de look \u00e0 un moment donn\u00e9, par exemple pour passer du jour \u00e0 la nuit. Ces magnifiques boucles d'oreilles de mariage sont compos\u00e9es de perles Swarovski et d'argent 925, et sont disponibles avec un rev\u00eatement en rhodium ou en or 14kt.","breadcrumb":{"@id":"https:\/\/www.koonings.com\/fr\/product\/abrazi-o7-jb-resa-2\/#breadcrumb"},"inLanguage":"fr-FR","potentialAction":[{"@type":"ReadAction","target":["https:\/\/www.koonings.com\/fr\/product\/abrazi-o7-jb-resa-2\/"]}]},{"@type":"ImageObject","inLanguage":"fr-FR","@id":"https:\/\/www.koonings.com\/fr\/product\/abrazi-o7-jb-resa-2\/#primaryimage","url":"https:\/\/www.koonings.com\/wp-content\/uploads\/2025\/04\/39075_987d1672d499ed833061698a7d8a74b6517552a3998d4ec0f80cb9e6bc2c196303391b1d.jpeg","contentUrl":"https:\/\/www.koonings.com\/wp-content\/uploads\/2025\/04\/39075_987d1672d499ed833061698a7d8a74b6517552a3998d4ec0f80cb9e6bc2c196303391b1d.jpeg","width":1333,"height":2000},{"@type":"BreadcrumbList","@id":"https:\/\/www.koonings.com\/fr\/product\/abrazi-o7-jb-resa-2\/#breadcrumb","itemListElement":[{"@type":"ListItem","position":1,"name":"Home","item":"https:\/\/www.koonings.com\/fr\/"},{"@type":"ListItem","position":2,"name":"Abrazi O7-JB Resa"}]},{"@type":"WebSite","@id":"https:\/\/www.koonings.com\/fr\/#website","url":"https:\/\/www.koonings.com\/fr\/","name":"Koonings","description":"De grootste bruidsmodewinkel ter wereld","publisher":{"@id":"https:\/\/www.koonings.com\/fr\/#organization"},"potentialAction":[{"@type":"SearchAction","target":{"@type":"EntryPoint","urlTemplate":"https:\/\/www.koonings.com\/fr\/?s={search_term_string}"},"query-input":{"@type":"PropertyValueSpecification","valueRequired":true,"valueName":"search_term_string"}}],"inLanguage":"fr-FR"},{"@type":"Organization","@id":"https:\/\/www.koonings.com\/fr\/#organization","name":"Koonings","url":"https:\/\/www.koonings.com\/fr\/","logo":{"@type":"ImageObject","inLanguage":"fr-FR","@id":"https:\/\/www.koonings.com\/fr\/#\/schema\/logo\/image\/","url":"https:\/\/www.koonings.com\/wp-content\/uploads\/2024\/07\/logo.png","contentUrl":"https:\/\/www.koonings.com\/wp-content\/uploads\/2024\/07\/logo.png","width":600,"height":428,"caption":"Koonings"},"image":{"@id":"https:\/\/www.koonings.com\/fr\/#\/schema\/logo\/image\/"},"sameAs":["https:\/\/www.facebook.com\/kooningstheweddingpalace","https:\/\/www.instagram.com\/kooningstheweddingpalace","https:\/\/www.pinterest.com\/koonings","https:\/\/www.youtube.com\/kooningstheweddingpalace"]}]}},"_links":{"self":[{"href":"https:\/\/www.koonings.com\/fr\/wp-json\/wp\/v2\/product\/84785","targetHints":{"allow":["GET"]}}],"collection":[{"href":"https:\/\/www.koonings.com\/fr\/wp-json\/wp\/v2\/product"}],"about":[{"href":"https:\/\/www.koonings.com\/fr\/wp-json\/wp\/v2\/types\/product"}],"wp:featuredmedia":[{"embeddable":true,"href":"https:\/\/www.koonings.com\/fr\/wp-json\/wp\/v2\/media\/84212"}],"wp:attachment":[{"href":"https:\/\/www.koonings.com\/fr\/wp-json\/wp\/v2\/media?parent=84785"}],"wp:term":[{"taxonomy":"productdetails","embeddable":true,"href":"https:\/\/www.koonings.com\/fr\/wp-json\/wp\/v2\/productdetails?post=84785"},{"taxonomy":"productneck","embeddable":true,"href":"https:\/\/www.koonings.com\/fr\/wp-json\/wp\/v2\/productneck?post=84785"},{"taxonomy":"productcolor","embeddable":true,"href":"https:\/\/www.koonings.com\/fr\/wp-json\/wp\/v2\/productcolor?post=84785"},{"taxonomy":"maat","embeddable":true,"href":"https:\/\/www.koonings.com\/fr\/wp-json\/wp\/v2\/maat?post=84785"},{"taxonomy":"productsupplier","embeddable":true,"href":"https:\/\/www.koonings.com\/fr\/wp-json\/wp\/v2\/productsupplier?post=84785"},{"taxonomy":"productsleeve","embeddable":true,"href":"https:\/\/www.koonings.com\/fr\/wp-json\/wp\/v2\/productsleeve?post=84785"},{"taxonomy":"productcategory","embeddable":true,"href":"https:\/\/www.koonings.com\/fr\/wp-json\/wp\/v2\/productcategory?post=84785"},{"taxonomy":"productsilhouette","embeddable":true,"href":"https:\/\/www.koonings.com\/fr\/wp-json\/wp\/v2\/productsilhouette?post=84785"},{"taxonomy":"productstyle","embeddable":true,"href":"https:\/\/www.koonings.com\/fr\/wp-json\/wp\/v2\/productstyle?post=84785"}],"curies":[{"name":"wp","href":"https:\/\/api.w.org\/{rel}","templated":true}]}}