{"id":84776,"date":"2026-04-14T16:32:18","date_gmt":"2026-04-14T14:32:18","guid":{"rendered":"https:\/\/www.koonings.com\/product\/abrazi-a1s-mc-3-lux\/"},"modified":"2025-06-05T14:04:45","modified_gmt":"2025-06-05T12:04:45","slug":"abrazi-a1s-mc-3-lux","status":"publish","type":"product","link":"https:\/\/www.koonings.com\/fr\/product\/abrazi-a1s-mc-3-lux\/","title":{"rendered":"Abrazi A1S-MC-3 Lux"},"content":{"rendered":"<p>Ce bracelet \u00e0 maillons sophistiqu\u00e9 pr\u00e9sente trois petites perles au centre, d\u00e9cor\u00e9es de minuscules cristaux. Ce bracelet est forg\u00e9 en argent sterling et se ferme \u00e0 l&#8217;aide d&#8217;un fermoir \u00e0 ressort fondu. Subtil et classique, ce bracelet est agr\u00e9able \u00e0 porter et facile \u00e0 assortir. Disponible avec un placage de rhodium, d&#8217;or 14ct ou d&#8217;or rose.   <\/p>\n","protected":false},"featured_media":84593,"template":"","meta":{"_acf_changed":false,"ghostkit_customizer_options":"","ghostkit_custom_css":"","ghostkit_custom_js_head":"","ghostkit_custom_js_foot":"","ghostkit_typography":""},"productdetails":[],"productneck":[],"productcolor":[],"maat":[],"productsupplier":[510],"productsleeve":[],"productcategory":[511],"productsilhouette":[],"productstyle":[],"class_list":["post-84776","product","type-product","status-publish","has-post-thumbnail","hentry","productsupplier-abrazi","productcategory-sieraden"],"acf":[],"yoast_head":"<!-- This site is optimized with the Yoast SEO plugin v27.3 - https:\/\/yoast.com\/product\/yoast-seo-wordpress\/ -->\n<title>Abrazi A1S-MC-3 Lux | Koonings<\/title>\n<meta name=\"description\" content=\"Ce bracelet \u00e0 maillons sophistiqu\u00e9 pr\u00e9sente trois petites perles au centre, d\u00e9cor\u00e9es de minuscules cristaux. Ce bracelet est forg\u00e9 en argent sterling et se ferme \u00e0 l&#039;aide d&#039;un fermoir \u00e0 ressort fondu. Subtil et classique, ce bracelet est agr\u00e9able \u00e0 porter et facile \u00e0 assortir. Disponible avec un placage de rhodium, d&#039;or 14ct ou d&#039;or rose.\" \/>\n<meta name=\"robots\" content=\"index, follow, max-snippet:-1, max-image-preview:large, max-video-preview:-1\" \/>\n<link rel=\"canonical\" href=\"https:\/\/www.koonings.com\/fr\/product\/abrazi-a1s-mc-3-lux\/\" \/>\n<meta property=\"og:locale\" content=\"fr_FR\" \/>\n<meta property=\"og:type\" content=\"article\" \/>\n<meta property=\"og:title\" content=\"Abrazi A1S-MC-3 Lux | Koonings\" \/>\n<meta property=\"og:description\" content=\"Ce bracelet \u00e0 maillons sophistiqu\u00e9 pr\u00e9sente trois petites perles au centre, d\u00e9cor\u00e9es de minuscules cristaux. Ce bracelet est forg\u00e9 en argent sterling et se ferme \u00e0 l&#039;aide d&#039;un fermoir \u00e0 ressort fondu. Subtil et classique, ce bracelet est agr\u00e9able \u00e0 porter et facile \u00e0 assortir. Disponible avec un placage de rhodium, d&#039;or 14ct ou d&#039;or rose.\" \/>\n<meta property=\"og:url\" content=\"https:\/\/www.koonings.com\/fr\/product\/abrazi-a1s-mc-3-lux\/\" \/>\n<meta property=\"og:site_name\" content=\"Koonings\" \/>\n<meta property=\"article:publisher\" content=\"https:\/\/www.facebook.com\/kooningstheweddingpalace\" \/>\n<meta property=\"og:image\" content=\"https:\/\/www.koonings.com\/wp-content\/uploads\/2025\/04\/49819_fae116ea082ed4faf25f238fe2294de6dce7709ac1409173c8e8fca94dc6256efa6b705e.jpeg\" \/>\n\t<meta property=\"og:image:width\" content=\"667\" \/>\n\t<meta property=\"og:image:height\" content=\"1000\" \/>\n\t<meta property=\"og:image:type\" content=\"image\/jpeg\" \/>\n<meta name=\"twitter:card\" content=\"summary_large_image\" \/>\n<script type=\"application\/ld+json\" class=\"yoast-schema-graph\">{\"@context\":\"https:\\\/\\\/schema.org\",\"@graph\":[{\"@type\":\"WebPage\",\"@id\":\"https:\\\/\\\/www.koonings.com\\\/fr\\\/product\\\/abrazi-a1s-mc-3-lux\\\/\",\"url\":\"https:\\\/\\\/www.koonings.com\\\/fr\\\/product\\\/abrazi-a1s-mc-3-lux\\\/\",\"name\":\"Abrazi A1S-MC-3 Lux | Koonings\",\"isPartOf\":{\"@id\":\"https:\\\/\\\/www.koonings.com\\\/fr\\\/#website\"},\"primaryImageOfPage\":{\"@id\":\"https:\\\/\\\/www.koonings.com\\\/fr\\\/product\\\/abrazi-a1s-mc-3-lux\\\/#primaryimage\"},\"image\":{\"@id\":\"https:\\\/\\\/www.koonings.com\\\/fr\\\/product\\\/abrazi-a1s-mc-3-lux\\\/#primaryimage\"},\"thumbnailUrl\":\"https:\\\/\\\/www.koonings.com\\\/wp-content\\\/uploads\\\/2025\\\/04\\\/49819_fae116ea082ed4faf25f238fe2294de6dce7709ac1409173c8e8fca94dc6256efa6b705e.jpeg\",\"datePublished\":\"2026-04-14T14:32:18+00:00\",\"description\":\"Ce bracelet \u00e0 maillons sophistiqu\u00e9 pr\u00e9sente trois petites perles au centre, d\u00e9cor\u00e9es de minuscules cristaux. Ce bracelet est forg\u00e9 en argent sterling et se ferme \u00e0 l'aide d'un fermoir \u00e0 ressort fondu. Subtil et classique, ce bracelet est agr\u00e9able \u00e0 porter et facile \u00e0 assortir. Disponible avec un placage de rhodium, d'or 14ct ou d'or rose.\",\"breadcrumb\":{\"@id\":\"https:\\\/\\\/www.koonings.com\\\/fr\\\/product\\\/abrazi-a1s-mc-3-lux\\\/#breadcrumb\"},\"inLanguage\":\"fr-FR\",\"potentialAction\":[{\"@type\":\"ReadAction\",\"target\":[\"https:\\\/\\\/www.koonings.com\\\/fr\\\/product\\\/abrazi-a1s-mc-3-lux\\\/\"]}]},{\"@type\":\"ImageObject\",\"inLanguage\":\"fr-FR\",\"@id\":\"https:\\\/\\\/www.koonings.com\\\/fr\\\/product\\\/abrazi-a1s-mc-3-lux\\\/#primaryimage\",\"url\":\"https:\\\/\\\/www.koonings.com\\\/wp-content\\\/uploads\\\/2025\\\/04\\\/49819_fae116ea082ed4faf25f238fe2294de6dce7709ac1409173c8e8fca94dc6256efa6b705e.jpeg\",\"contentUrl\":\"https:\\\/\\\/www.koonings.com\\\/wp-content\\\/uploads\\\/2025\\\/04\\\/49819_fae116ea082ed4faf25f238fe2294de6dce7709ac1409173c8e8fca94dc6256efa6b705e.jpeg\",\"width\":667,\"height\":1000},{\"@type\":\"BreadcrumbList\",\"@id\":\"https:\\\/\\\/www.koonings.com\\\/fr\\\/product\\\/abrazi-a1s-mc-3-lux\\\/#breadcrumb\",\"itemListElement\":[{\"@type\":\"ListItem\",\"position\":1,\"name\":\"Home\",\"item\":\"https:\\\/\\\/www.koonings.com\\\/fr\\\/\"},{\"@type\":\"ListItem\",\"position\":2,\"name\":\"Abrazi A1S-MC-3 Lux\"}]},{\"@type\":\"WebSite\",\"@id\":\"https:\\\/\\\/www.koonings.com\\\/fr\\\/#website\",\"url\":\"https:\\\/\\\/www.koonings.com\\\/fr\\\/\",\"name\":\"Koonings\",\"description\":\"De grootste bruidsmodewinkel ter wereld\",\"publisher\":{\"@id\":\"https:\\\/\\\/www.koonings.com\\\/fr\\\/#organization\"},\"potentialAction\":[{\"@type\":\"SearchAction\",\"target\":{\"@type\":\"EntryPoint\",\"urlTemplate\":\"https:\\\/\\\/www.koonings.com\\\/fr\\\/?s={search_term_string}\"},\"query-input\":{\"@type\":\"PropertyValueSpecification\",\"valueRequired\":true,\"valueName\":\"search_term_string\"}}],\"inLanguage\":\"fr-FR\"},{\"@type\":\"Organization\",\"@id\":\"https:\\\/\\\/www.koonings.com\\\/fr\\\/#organization\",\"name\":\"Koonings\",\"url\":\"https:\\\/\\\/www.koonings.com\\\/fr\\\/\",\"logo\":{\"@type\":\"ImageObject\",\"inLanguage\":\"fr-FR\",\"@id\":\"https:\\\/\\\/www.koonings.com\\\/fr\\\/#\\\/schema\\\/logo\\\/image\\\/\",\"url\":\"https:\\\/\\\/www.koonings.com\\\/wp-content\\\/uploads\\\/2024\\\/07\\\/logo.png\",\"contentUrl\":\"https:\\\/\\\/www.koonings.com\\\/wp-content\\\/uploads\\\/2024\\\/07\\\/logo.png\",\"width\":600,\"height\":428,\"caption\":\"Koonings\"},\"image\":{\"@id\":\"https:\\\/\\\/www.koonings.com\\\/fr\\\/#\\\/schema\\\/logo\\\/image\\\/\"},\"sameAs\":[\"https:\\\/\\\/www.facebook.com\\\/kooningstheweddingpalace\",\"https:\\\/\\\/www.instagram.com\\\/kooningstheweddingpalace\",\"https:\\\/\\\/www.pinterest.com\\\/koonings\",\"https:\\\/\\\/www.youtube.com\\\/kooningstheweddingpalace\"]}]}<\/script>\n<!-- \/ Yoast SEO plugin. -->","yoast_head_json":{"title":"Abrazi A1S-MC-3 Lux | Koonings","description":"Ce bracelet \u00e0 maillons sophistiqu\u00e9 pr\u00e9sente trois petites perles au centre, d\u00e9cor\u00e9es de minuscules cristaux. Ce bracelet est forg\u00e9 en argent sterling et se ferme \u00e0 l'aide d'un fermoir \u00e0 ressort fondu. Subtil et classique, ce bracelet est agr\u00e9able \u00e0 porter et facile \u00e0 assortir. Disponible avec un placage de rhodium, d'or 14ct ou d'or rose.","robots":{"index":"index","follow":"follow","max-snippet":"max-snippet:-1","max-image-preview":"max-image-preview:large","max-video-preview":"max-video-preview:-1"},"canonical":"https:\/\/www.koonings.com\/fr\/product\/abrazi-a1s-mc-3-lux\/","og_locale":"fr_FR","og_type":"article","og_title":"Abrazi A1S-MC-3 Lux | Koonings","og_description":"Ce bracelet \u00e0 maillons sophistiqu\u00e9 pr\u00e9sente trois petites perles au centre, d\u00e9cor\u00e9es de minuscules cristaux. Ce bracelet est forg\u00e9 en argent sterling et se ferme \u00e0 l'aide d'un fermoir \u00e0 ressort fondu. Subtil et classique, ce bracelet est agr\u00e9able \u00e0 porter et facile \u00e0 assortir. Disponible avec un placage de rhodium, d'or 14ct ou d'or rose.","og_url":"https:\/\/www.koonings.com\/fr\/product\/abrazi-a1s-mc-3-lux\/","og_site_name":"Koonings","article_publisher":"https:\/\/www.facebook.com\/kooningstheweddingpalace","og_image":[{"width":667,"height":1000,"url":"https:\/\/www.koonings.com\/wp-content\/uploads\/2025\/04\/49819_fae116ea082ed4faf25f238fe2294de6dce7709ac1409173c8e8fca94dc6256efa6b705e.jpeg","type":"image\/jpeg"}],"twitter_card":"summary_large_image","schema":{"@context":"https:\/\/schema.org","@graph":[{"@type":"WebPage","@id":"https:\/\/www.koonings.com\/fr\/product\/abrazi-a1s-mc-3-lux\/","url":"https:\/\/www.koonings.com\/fr\/product\/abrazi-a1s-mc-3-lux\/","name":"Abrazi A1S-MC-3 Lux | Koonings","isPartOf":{"@id":"https:\/\/www.koonings.com\/fr\/#website"},"primaryImageOfPage":{"@id":"https:\/\/www.koonings.com\/fr\/product\/abrazi-a1s-mc-3-lux\/#primaryimage"},"image":{"@id":"https:\/\/www.koonings.com\/fr\/product\/abrazi-a1s-mc-3-lux\/#primaryimage"},"thumbnailUrl":"https:\/\/www.koonings.com\/wp-content\/uploads\/2025\/04\/49819_fae116ea082ed4faf25f238fe2294de6dce7709ac1409173c8e8fca94dc6256efa6b705e.jpeg","datePublished":"2026-04-14T14:32:18+00:00","description":"Ce bracelet \u00e0 maillons sophistiqu\u00e9 pr\u00e9sente trois petites perles au centre, d\u00e9cor\u00e9es de minuscules cristaux. Ce bracelet est forg\u00e9 en argent sterling et se ferme \u00e0 l'aide d'un fermoir \u00e0 ressort fondu. Subtil et classique, ce bracelet est agr\u00e9able \u00e0 porter et facile \u00e0 assortir. Disponible avec un placage de rhodium, d'or 14ct ou d'or rose.","breadcrumb":{"@id":"https:\/\/www.koonings.com\/fr\/product\/abrazi-a1s-mc-3-lux\/#breadcrumb"},"inLanguage":"fr-FR","potentialAction":[{"@type":"ReadAction","target":["https:\/\/www.koonings.com\/fr\/product\/abrazi-a1s-mc-3-lux\/"]}]},{"@type":"ImageObject","inLanguage":"fr-FR","@id":"https:\/\/www.koonings.com\/fr\/product\/abrazi-a1s-mc-3-lux\/#primaryimage","url":"https:\/\/www.koonings.com\/wp-content\/uploads\/2025\/04\/49819_fae116ea082ed4faf25f238fe2294de6dce7709ac1409173c8e8fca94dc6256efa6b705e.jpeg","contentUrl":"https:\/\/www.koonings.com\/wp-content\/uploads\/2025\/04\/49819_fae116ea082ed4faf25f238fe2294de6dce7709ac1409173c8e8fca94dc6256efa6b705e.jpeg","width":667,"height":1000},{"@type":"BreadcrumbList","@id":"https:\/\/www.koonings.com\/fr\/product\/abrazi-a1s-mc-3-lux\/#breadcrumb","itemListElement":[{"@type":"ListItem","position":1,"name":"Home","item":"https:\/\/www.koonings.com\/fr\/"},{"@type":"ListItem","position":2,"name":"Abrazi A1S-MC-3 Lux"}]},{"@type":"WebSite","@id":"https:\/\/www.koonings.com\/fr\/#website","url":"https:\/\/www.koonings.com\/fr\/","name":"Koonings","description":"De grootste bruidsmodewinkel ter wereld","publisher":{"@id":"https:\/\/www.koonings.com\/fr\/#organization"},"potentialAction":[{"@type":"SearchAction","target":{"@type":"EntryPoint","urlTemplate":"https:\/\/www.koonings.com\/fr\/?s={search_term_string}"},"query-input":{"@type":"PropertyValueSpecification","valueRequired":true,"valueName":"search_term_string"}}],"inLanguage":"fr-FR"},{"@type":"Organization","@id":"https:\/\/www.koonings.com\/fr\/#organization","name":"Koonings","url":"https:\/\/www.koonings.com\/fr\/","logo":{"@type":"ImageObject","inLanguage":"fr-FR","@id":"https:\/\/www.koonings.com\/fr\/#\/schema\/logo\/image\/","url":"https:\/\/www.koonings.com\/wp-content\/uploads\/2024\/07\/logo.png","contentUrl":"https:\/\/www.koonings.com\/wp-content\/uploads\/2024\/07\/logo.png","width":600,"height":428,"caption":"Koonings"},"image":{"@id":"https:\/\/www.koonings.com\/fr\/#\/schema\/logo\/image\/"},"sameAs":["https:\/\/www.facebook.com\/kooningstheweddingpalace","https:\/\/www.instagram.com\/kooningstheweddingpalace","https:\/\/www.pinterest.com\/koonings","https:\/\/www.youtube.com\/kooningstheweddingpalace"]}]}},"_links":{"self":[{"href":"https:\/\/www.koonings.com\/fr\/wp-json\/wp\/v2\/product\/84776","targetHints":{"allow":["GET"]}}],"collection":[{"href":"https:\/\/www.koonings.com\/fr\/wp-json\/wp\/v2\/product"}],"about":[{"href":"https:\/\/www.koonings.com\/fr\/wp-json\/wp\/v2\/types\/product"}],"wp:featuredmedia":[{"embeddable":true,"href":"https:\/\/www.koonings.com\/fr\/wp-json\/wp\/v2\/media\/84593"}],"wp:attachment":[{"href":"https:\/\/www.koonings.com\/fr\/wp-json\/wp\/v2\/media?parent=84776"}],"wp:term":[{"taxonomy":"productdetails","embeddable":true,"href":"https:\/\/www.koonings.com\/fr\/wp-json\/wp\/v2\/productdetails?post=84776"},{"taxonomy":"productneck","embeddable":true,"href":"https:\/\/www.koonings.com\/fr\/wp-json\/wp\/v2\/productneck?post=84776"},{"taxonomy":"productcolor","embeddable":true,"href":"https:\/\/www.koonings.com\/fr\/wp-json\/wp\/v2\/productcolor?post=84776"},{"taxonomy":"maat","embeddable":true,"href":"https:\/\/www.koonings.com\/fr\/wp-json\/wp\/v2\/maat?post=84776"},{"taxonomy":"productsupplier","embeddable":true,"href":"https:\/\/www.koonings.com\/fr\/wp-json\/wp\/v2\/productsupplier?post=84776"},{"taxonomy":"productsleeve","embeddable":true,"href":"https:\/\/www.koonings.com\/fr\/wp-json\/wp\/v2\/productsleeve?post=84776"},{"taxonomy":"productcategory","embeddable":true,"href":"https:\/\/www.koonings.com\/fr\/wp-json\/wp\/v2\/productcategory?post=84776"},{"taxonomy":"productsilhouette","embeddable":true,"href":"https:\/\/www.koonings.com\/fr\/wp-json\/wp\/v2\/productsilhouette?post=84776"},{"taxonomy":"productstyle","embeddable":true,"href":"https:\/\/www.koonings.com\/fr\/wp-json\/wp\/v2\/productstyle?post=84776"}],"curies":[{"name":"wp","href":"https:\/\/api.w.org\/{rel}","templated":true}]}}