{"id":84766,"date":"2026-04-14T16:32:15","date_gmt":"2026-04-14T14:32:15","guid":{"rendered":"https:\/\/www.koonings.com\/product\/abrazi-k1s-ts-legend-42cm-2\/"},"modified":"2025-06-05T14:01:50","modified_gmt":"2025-06-05T12:01:50","slug":"abrazi-k1s-ts-legend-42cm-2","status":"publish","type":"product","link":"https:\/\/www.koonings.com\/fr\/product\/abrazi-k1s-ts-legend-42cm-2\/","title":{"rendered":"Abrazi K1S-TS Legend 42cm"},"content":{"rendered":"<p>Cette cha\u00eene \u00e0 maillons sophistiqu\u00e9e est orn\u00e9e de trois petites perles de 3 mm au centre de la cha\u00eene. Ce collier est forg\u00e9 en argent sterling et se ferme \u00e0 l&#8217;aide d&#8217;un fermoir \u00e0 ressort fondu. Subtil et classique, ce collier est agr\u00e9able \u00e0 porter et facile \u00e0 combiner. Disponible avec un placage de rhodium, d&#8217;or 14ct ou d&#8217;or rose.   <\/p>\n","protected":false},"featured_media":84579,"template":"","meta":{"_acf_changed":false,"ghostkit_customizer_options":"","ghostkit_custom_css":"","ghostkit_custom_js_head":"","ghostkit_custom_js_foot":"","ghostkit_typography":""},"productdetails":[],"productneck":[],"productcolor":[],"maat":[],"productsupplier":[510],"productsleeve":[],"productcategory":[511],"productsilhouette":[],"productstyle":[],"class_list":["post-84766","product","type-product","status-publish","has-post-thumbnail","hentry","productsupplier-abrazi","productcategory-sieraden"],"acf":[],"yoast_head":"<!-- This site is optimized with the Yoast SEO plugin v27.3 - https:\/\/yoast.com\/product\/yoast-seo-wordpress\/ -->\n<title>Abrazi K1S-TS Legend 42cm | Koonings<\/title>\n<meta name=\"description\" content=\"Cette cha\u00eene \u00e0 maillons sophistiqu\u00e9e est orn\u00e9e de trois petites perles de 3 mm au centre de la cha\u00eene. Ce collier est forg\u00e9 en argent sterling et se ferme \u00e0 l&#039;aide d&#039;un fermoir \u00e0 ressort fondu. Subtil et classique, ce collier est agr\u00e9able \u00e0 porter et facile \u00e0 combiner. Disponible avec un placage de rhodium, d&#039;or 14ct ou d&#039;or rose.\" \/>\n<meta name=\"robots\" content=\"index, follow, max-snippet:-1, max-image-preview:large, max-video-preview:-1\" \/>\n<link rel=\"canonical\" href=\"https:\/\/www.koonings.com\/fr\/product\/abrazi-k1s-ts-legend-42cm-2\/\" \/>\n<meta property=\"og:locale\" content=\"fr_FR\" \/>\n<meta property=\"og:type\" content=\"article\" \/>\n<meta property=\"og:title\" content=\"Abrazi K1S-TS Legend 42cm | Koonings\" \/>\n<meta property=\"og:description\" content=\"Cette cha\u00eene \u00e0 maillons sophistiqu\u00e9e est orn\u00e9e de trois petites perles de 3 mm au centre de la cha\u00eene. Ce collier est forg\u00e9 en argent sterling et se ferme \u00e0 l&#039;aide d&#039;un fermoir \u00e0 ressort fondu. Subtil et classique, ce collier est agr\u00e9able \u00e0 porter et facile \u00e0 combiner. Disponible avec un placage de rhodium, d&#039;or 14ct ou d&#039;or rose.\" \/>\n<meta property=\"og:url\" content=\"https:\/\/www.koonings.com\/fr\/product\/abrazi-k1s-ts-legend-42cm-2\/\" \/>\n<meta property=\"og:site_name\" content=\"Koonings\" \/>\n<meta property=\"article:publisher\" content=\"https:\/\/www.facebook.com\/kooningstheweddingpalace\" \/>\n<meta property=\"og:image\" content=\"https:\/\/www.koonings.com\/wp-content\/uploads\/2025\/04\/49812_169c1441f64a094c18f09e3df842dd39fa246773ec0ce8b74e2f590b505c38c26b007ade.jpeg\" \/>\n\t<meta property=\"og:image:width\" content=\"1333\" \/>\n\t<meta property=\"og:image:height\" content=\"2000\" \/>\n\t<meta property=\"og:image:type\" content=\"image\/jpeg\" \/>\n<meta name=\"twitter:card\" content=\"summary_large_image\" \/>\n<script type=\"application\/ld+json\" class=\"yoast-schema-graph\">{\"@context\":\"https:\\\/\\\/schema.org\",\"@graph\":[{\"@type\":\"WebPage\",\"@id\":\"https:\\\/\\\/www.koonings.com\\\/fr\\\/product\\\/abrazi-k1s-ts-legend-42cm-2\\\/\",\"url\":\"https:\\\/\\\/www.koonings.com\\\/fr\\\/product\\\/abrazi-k1s-ts-legend-42cm-2\\\/\",\"name\":\"Abrazi K1S-TS Legend 42cm | Koonings\",\"isPartOf\":{\"@id\":\"https:\\\/\\\/www.koonings.com\\\/fr\\\/#website\"},\"primaryImageOfPage\":{\"@id\":\"https:\\\/\\\/www.koonings.com\\\/fr\\\/product\\\/abrazi-k1s-ts-legend-42cm-2\\\/#primaryimage\"},\"image\":{\"@id\":\"https:\\\/\\\/www.koonings.com\\\/fr\\\/product\\\/abrazi-k1s-ts-legend-42cm-2\\\/#primaryimage\"},\"thumbnailUrl\":\"https:\\\/\\\/www.koonings.com\\\/wp-content\\\/uploads\\\/2025\\\/04\\\/49812_169c1441f64a094c18f09e3df842dd39fa246773ec0ce8b74e2f590b505c38c26b007ade.jpeg\",\"datePublished\":\"2026-04-14T14:32:15+00:00\",\"description\":\"Cette cha\u00eene \u00e0 maillons sophistiqu\u00e9e est orn\u00e9e de trois petites perles de 3 mm au centre de la cha\u00eene. Ce collier est forg\u00e9 en argent sterling et se ferme \u00e0 l'aide d'un fermoir \u00e0 ressort fondu. Subtil et classique, ce collier est agr\u00e9able \u00e0 porter et facile \u00e0 combiner. Disponible avec un placage de rhodium, d'or 14ct ou d'or rose.\",\"breadcrumb\":{\"@id\":\"https:\\\/\\\/www.koonings.com\\\/fr\\\/product\\\/abrazi-k1s-ts-legend-42cm-2\\\/#breadcrumb\"},\"inLanguage\":\"fr-FR\",\"potentialAction\":[{\"@type\":\"ReadAction\",\"target\":[\"https:\\\/\\\/www.koonings.com\\\/fr\\\/product\\\/abrazi-k1s-ts-legend-42cm-2\\\/\"]}]},{\"@type\":\"ImageObject\",\"inLanguage\":\"fr-FR\",\"@id\":\"https:\\\/\\\/www.koonings.com\\\/fr\\\/product\\\/abrazi-k1s-ts-legend-42cm-2\\\/#primaryimage\",\"url\":\"https:\\\/\\\/www.koonings.com\\\/wp-content\\\/uploads\\\/2025\\\/04\\\/49812_169c1441f64a094c18f09e3df842dd39fa246773ec0ce8b74e2f590b505c38c26b007ade.jpeg\",\"contentUrl\":\"https:\\\/\\\/www.koonings.com\\\/wp-content\\\/uploads\\\/2025\\\/04\\\/49812_169c1441f64a094c18f09e3df842dd39fa246773ec0ce8b74e2f590b505c38c26b007ade.jpeg\",\"width\":1333,\"height\":2000},{\"@type\":\"BreadcrumbList\",\"@id\":\"https:\\\/\\\/www.koonings.com\\\/fr\\\/product\\\/abrazi-k1s-ts-legend-42cm-2\\\/#breadcrumb\",\"itemListElement\":[{\"@type\":\"ListItem\",\"position\":1,\"name\":\"Home\",\"item\":\"https:\\\/\\\/www.koonings.com\\\/fr\\\/\"},{\"@type\":\"ListItem\",\"position\":2,\"name\":\"Abrazi K1S-TS Legend 42cm\"}]},{\"@type\":\"WebSite\",\"@id\":\"https:\\\/\\\/www.koonings.com\\\/fr\\\/#website\",\"url\":\"https:\\\/\\\/www.koonings.com\\\/fr\\\/\",\"name\":\"Koonings\",\"description\":\"De grootste bruidsmodewinkel ter wereld\",\"publisher\":{\"@id\":\"https:\\\/\\\/www.koonings.com\\\/fr\\\/#organization\"},\"potentialAction\":[{\"@type\":\"SearchAction\",\"target\":{\"@type\":\"EntryPoint\",\"urlTemplate\":\"https:\\\/\\\/www.koonings.com\\\/fr\\\/?s={search_term_string}\"},\"query-input\":{\"@type\":\"PropertyValueSpecification\",\"valueRequired\":true,\"valueName\":\"search_term_string\"}}],\"inLanguage\":\"fr-FR\"},{\"@type\":\"Organization\",\"@id\":\"https:\\\/\\\/www.koonings.com\\\/fr\\\/#organization\",\"name\":\"Koonings\",\"url\":\"https:\\\/\\\/www.koonings.com\\\/fr\\\/\",\"logo\":{\"@type\":\"ImageObject\",\"inLanguage\":\"fr-FR\",\"@id\":\"https:\\\/\\\/www.koonings.com\\\/fr\\\/#\\\/schema\\\/logo\\\/image\\\/\",\"url\":\"https:\\\/\\\/www.koonings.com\\\/wp-content\\\/uploads\\\/2024\\\/07\\\/logo.png\",\"contentUrl\":\"https:\\\/\\\/www.koonings.com\\\/wp-content\\\/uploads\\\/2024\\\/07\\\/logo.png\",\"width\":600,\"height\":428,\"caption\":\"Koonings\"},\"image\":{\"@id\":\"https:\\\/\\\/www.koonings.com\\\/fr\\\/#\\\/schema\\\/logo\\\/image\\\/\"},\"sameAs\":[\"https:\\\/\\\/www.facebook.com\\\/kooningstheweddingpalace\",\"https:\\\/\\\/www.instagram.com\\\/kooningstheweddingpalace\",\"https:\\\/\\\/www.pinterest.com\\\/koonings\",\"https:\\\/\\\/www.youtube.com\\\/kooningstheweddingpalace\"]}]}<\/script>\n<!-- \/ Yoast SEO plugin. -->","yoast_head_json":{"title":"Abrazi K1S-TS Legend 42cm | Koonings","description":"Cette cha\u00eene \u00e0 maillons sophistiqu\u00e9e est orn\u00e9e de trois petites perles de 3 mm au centre de la cha\u00eene. Ce collier est forg\u00e9 en argent sterling et se ferme \u00e0 l'aide d'un fermoir \u00e0 ressort fondu. Subtil et classique, ce collier est agr\u00e9able \u00e0 porter et facile \u00e0 combiner. Disponible avec un placage de rhodium, d'or 14ct ou d'or rose.","robots":{"index":"index","follow":"follow","max-snippet":"max-snippet:-1","max-image-preview":"max-image-preview:large","max-video-preview":"max-video-preview:-1"},"canonical":"https:\/\/www.koonings.com\/fr\/product\/abrazi-k1s-ts-legend-42cm-2\/","og_locale":"fr_FR","og_type":"article","og_title":"Abrazi K1S-TS Legend 42cm | Koonings","og_description":"Cette cha\u00eene \u00e0 maillons sophistiqu\u00e9e est orn\u00e9e de trois petites perles de 3 mm au centre de la cha\u00eene. Ce collier est forg\u00e9 en argent sterling et se ferme \u00e0 l'aide d'un fermoir \u00e0 ressort fondu. Subtil et classique, ce collier est agr\u00e9able \u00e0 porter et facile \u00e0 combiner. Disponible avec un placage de rhodium, d'or 14ct ou d'or rose.","og_url":"https:\/\/www.koonings.com\/fr\/product\/abrazi-k1s-ts-legend-42cm-2\/","og_site_name":"Koonings","article_publisher":"https:\/\/www.facebook.com\/kooningstheweddingpalace","og_image":[{"width":1333,"height":2000,"url":"https:\/\/www.koonings.com\/wp-content\/uploads\/2025\/04\/49812_169c1441f64a094c18f09e3df842dd39fa246773ec0ce8b74e2f590b505c38c26b007ade.jpeg","type":"image\/jpeg"}],"twitter_card":"summary_large_image","schema":{"@context":"https:\/\/schema.org","@graph":[{"@type":"WebPage","@id":"https:\/\/www.koonings.com\/fr\/product\/abrazi-k1s-ts-legend-42cm-2\/","url":"https:\/\/www.koonings.com\/fr\/product\/abrazi-k1s-ts-legend-42cm-2\/","name":"Abrazi K1S-TS Legend 42cm | Koonings","isPartOf":{"@id":"https:\/\/www.koonings.com\/fr\/#website"},"primaryImageOfPage":{"@id":"https:\/\/www.koonings.com\/fr\/product\/abrazi-k1s-ts-legend-42cm-2\/#primaryimage"},"image":{"@id":"https:\/\/www.koonings.com\/fr\/product\/abrazi-k1s-ts-legend-42cm-2\/#primaryimage"},"thumbnailUrl":"https:\/\/www.koonings.com\/wp-content\/uploads\/2025\/04\/49812_169c1441f64a094c18f09e3df842dd39fa246773ec0ce8b74e2f590b505c38c26b007ade.jpeg","datePublished":"2026-04-14T14:32:15+00:00","description":"Cette cha\u00eene \u00e0 maillons sophistiqu\u00e9e est orn\u00e9e de trois petites perles de 3 mm au centre de la cha\u00eene. Ce collier est forg\u00e9 en argent sterling et se ferme \u00e0 l'aide d'un fermoir \u00e0 ressort fondu. Subtil et classique, ce collier est agr\u00e9able \u00e0 porter et facile \u00e0 combiner. Disponible avec un placage de rhodium, d'or 14ct ou d'or rose.","breadcrumb":{"@id":"https:\/\/www.koonings.com\/fr\/product\/abrazi-k1s-ts-legend-42cm-2\/#breadcrumb"},"inLanguage":"fr-FR","potentialAction":[{"@type":"ReadAction","target":["https:\/\/www.koonings.com\/fr\/product\/abrazi-k1s-ts-legend-42cm-2\/"]}]},{"@type":"ImageObject","inLanguage":"fr-FR","@id":"https:\/\/www.koonings.com\/fr\/product\/abrazi-k1s-ts-legend-42cm-2\/#primaryimage","url":"https:\/\/www.koonings.com\/wp-content\/uploads\/2025\/04\/49812_169c1441f64a094c18f09e3df842dd39fa246773ec0ce8b74e2f590b505c38c26b007ade.jpeg","contentUrl":"https:\/\/www.koonings.com\/wp-content\/uploads\/2025\/04\/49812_169c1441f64a094c18f09e3df842dd39fa246773ec0ce8b74e2f590b505c38c26b007ade.jpeg","width":1333,"height":2000},{"@type":"BreadcrumbList","@id":"https:\/\/www.koonings.com\/fr\/product\/abrazi-k1s-ts-legend-42cm-2\/#breadcrumb","itemListElement":[{"@type":"ListItem","position":1,"name":"Home","item":"https:\/\/www.koonings.com\/fr\/"},{"@type":"ListItem","position":2,"name":"Abrazi K1S-TS Legend 42cm"}]},{"@type":"WebSite","@id":"https:\/\/www.koonings.com\/fr\/#website","url":"https:\/\/www.koonings.com\/fr\/","name":"Koonings","description":"De grootste bruidsmodewinkel ter wereld","publisher":{"@id":"https:\/\/www.koonings.com\/fr\/#organization"},"potentialAction":[{"@type":"SearchAction","target":{"@type":"EntryPoint","urlTemplate":"https:\/\/www.koonings.com\/fr\/?s={search_term_string}"},"query-input":{"@type":"PropertyValueSpecification","valueRequired":true,"valueName":"search_term_string"}}],"inLanguage":"fr-FR"},{"@type":"Organization","@id":"https:\/\/www.koonings.com\/fr\/#organization","name":"Koonings","url":"https:\/\/www.koonings.com\/fr\/","logo":{"@type":"ImageObject","inLanguage":"fr-FR","@id":"https:\/\/www.koonings.com\/fr\/#\/schema\/logo\/image\/","url":"https:\/\/www.koonings.com\/wp-content\/uploads\/2024\/07\/logo.png","contentUrl":"https:\/\/www.koonings.com\/wp-content\/uploads\/2024\/07\/logo.png","width":600,"height":428,"caption":"Koonings"},"image":{"@id":"https:\/\/www.koonings.com\/fr\/#\/schema\/logo\/image\/"},"sameAs":["https:\/\/www.facebook.com\/kooningstheweddingpalace","https:\/\/www.instagram.com\/kooningstheweddingpalace","https:\/\/www.pinterest.com\/koonings","https:\/\/www.youtube.com\/kooningstheweddingpalace"]}]}},"_links":{"self":[{"href":"https:\/\/www.koonings.com\/fr\/wp-json\/wp\/v2\/product\/84766","targetHints":{"allow":["GET"]}}],"collection":[{"href":"https:\/\/www.koonings.com\/fr\/wp-json\/wp\/v2\/product"}],"about":[{"href":"https:\/\/www.koonings.com\/fr\/wp-json\/wp\/v2\/types\/product"}],"wp:featuredmedia":[{"embeddable":true,"href":"https:\/\/www.koonings.com\/fr\/wp-json\/wp\/v2\/media\/84579"}],"wp:attachment":[{"href":"https:\/\/www.koonings.com\/fr\/wp-json\/wp\/v2\/media?parent=84766"}],"wp:term":[{"taxonomy":"productdetails","embeddable":true,"href":"https:\/\/www.koonings.com\/fr\/wp-json\/wp\/v2\/productdetails?post=84766"},{"taxonomy":"productneck","embeddable":true,"href":"https:\/\/www.koonings.com\/fr\/wp-json\/wp\/v2\/productneck?post=84766"},{"taxonomy":"productcolor","embeddable":true,"href":"https:\/\/www.koonings.com\/fr\/wp-json\/wp\/v2\/productcolor?post=84766"},{"taxonomy":"maat","embeddable":true,"href":"https:\/\/www.koonings.com\/fr\/wp-json\/wp\/v2\/maat?post=84766"},{"taxonomy":"productsupplier","embeddable":true,"href":"https:\/\/www.koonings.com\/fr\/wp-json\/wp\/v2\/productsupplier?post=84766"},{"taxonomy":"productsleeve","embeddable":true,"href":"https:\/\/www.koonings.com\/fr\/wp-json\/wp\/v2\/productsleeve?post=84766"},{"taxonomy":"productcategory","embeddable":true,"href":"https:\/\/www.koonings.com\/fr\/wp-json\/wp\/v2\/productcategory?post=84766"},{"taxonomy":"productsilhouette","embeddable":true,"href":"https:\/\/www.koonings.com\/fr\/wp-json\/wp\/v2\/productsilhouette?post=84766"},{"taxonomy":"productstyle","embeddable":true,"href":"https:\/\/www.koonings.com\/fr\/wp-json\/wp\/v2\/productstyle?post=84766"}],"curies":[{"name":"wp","href":"https:\/\/api.w.org\/{rel}","templated":true}]}}