{"id":84758,"date":"2026-04-14T16:08:12","date_gmt":"2026-04-14T14:08:12","guid":{"rendered":"https:\/\/www.koonings.com\/product\/abrazi-o7-nv\/"},"modified":"2026-02-16T15:18:41","modified_gmt":"2026-02-16T14:18:41","slug":"abrazi-o7-nv","status":"publish","type":"product","link":"https:\/\/www.koonings.com\/fr\/product\/abrazi-o7-nv\/","title":{"rendered":"Abrazi O7-NV Jane"},"content":{"rendered":"<p>Les boucles d&#8217;oreilles Jane sont de v\u00e9ritables pi\u00e8ces d&#8217;apparat pour votre mariage et des favoris absolus de la collection Abrazi. Ces magnifiques boucles d&#8217;oreilles de mariage sont fabriqu\u00e9es \u00e0 la main en Italie \u00e0 partir de laiton durable et de cristaux Swarovski de diff\u00e9rentes formes et tailles. Nos boucles d&#8217;oreilles Jane sont disponibles avec un placage en rhodium ou en or 14kt de tr\u00e8s haute qualit\u00e9. Vous recherchez ce mod\u00e8le dans une taille plus petite ? Essayez nos boucles d&#8217;oreilles Janey !    <\/p>\n","protected":false},"featured_media":84502,"template":"","meta":{"_acf_changed":false,"ghostkit_customizer_options":"","ghostkit_custom_css":"","ghostkit_custom_js_head":"","ghostkit_custom_js_foot":"","ghostkit_typography":""},"productdetails":[],"productneck":[],"productcolor":[],"maat":[],"productsupplier":[510],"productsleeve":[],"productcategory":[511],"productsilhouette":[],"productstyle":[],"class_list":["post-84758","product","type-product","status-publish","has-post-thumbnail","hentry","productsupplier-abrazi","productcategory-sieraden"],"acf":[],"yoast_head":"<!-- This site is optimized with the Yoast SEO plugin v27.3 - https:\/\/yoast.com\/product\/yoast-seo-wordpress\/ -->\n<title>Abrazi O7-NV Jane | Koonings<\/title>\n<meta name=\"description\" content=\"Les boucles d&#039;oreilles Jane sont de v\u00e9ritables pi\u00e8ces d&#039;apparat pour votre mariage et des favoris absolus de la collection Abrazi. Ces magnifiques boucles d&#039;oreilles de mariage sont fabriqu\u00e9es \u00e0 la main en Italie \u00e0 partir de laiton durable et de cristaux Swarovski de diff\u00e9rentes formes et tailles. Nos boucles d&#039;oreilles Jane sont disponibles avec un placage en rhodium ou en or 14kt de tr\u00e8s haute qualit\u00e9. Vous recherchez ce mod\u00e8le dans une taille plus petite ? Essayez nos boucles d&#039;oreilles Janey !\" \/>\n<meta name=\"robots\" content=\"index, follow, max-snippet:-1, max-image-preview:large, max-video-preview:-1\" \/>\n<link rel=\"canonical\" href=\"https:\/\/www.koonings.com\/fr\/product\/abrazi-o7-nv\/\" \/>\n<meta property=\"og:locale\" content=\"fr_FR\" \/>\n<meta property=\"og:type\" content=\"article\" \/>\n<meta property=\"og:title\" content=\"Abrazi O7-NV Jane | Koonings\" \/>\n<meta property=\"og:description\" content=\"Les boucles d&#039;oreilles Jane sont de v\u00e9ritables pi\u00e8ces d&#039;apparat pour votre mariage et des favoris absolus de la collection Abrazi. Ces magnifiques boucles d&#039;oreilles de mariage sont fabriqu\u00e9es \u00e0 la main en Italie \u00e0 partir de laiton durable et de cristaux Swarovski de diff\u00e9rentes formes et tailles. Nos boucles d&#039;oreilles Jane sont disponibles avec un placage en rhodium ou en or 14kt de tr\u00e8s haute qualit\u00e9. Vous recherchez ce mod\u00e8le dans une taille plus petite ? Essayez nos boucles d&#039;oreilles Janey !\" \/>\n<meta property=\"og:url\" content=\"https:\/\/www.koonings.com\/fr\/product\/abrazi-o7-nv\/\" \/>\n<meta property=\"og:site_name\" content=\"Koonings\" \/>\n<meta property=\"article:publisher\" content=\"https:\/\/www.facebook.com\/kooningstheweddingpalace\" \/>\n<meta property=\"og:image\" content=\"https:\/\/www.koonings.com\/wp-content\/uploads\/2025\/04\/37068_cefdf43d2edfa89b969a81fcce4b44147ebda563b88de8c43ce37afa55b00dbd783dad06.jpeg\" \/>\n\t<meta property=\"og:image:width\" content=\"1000\" \/>\n\t<meta property=\"og:image:height\" content=\"1500\" \/>\n\t<meta property=\"og:image:type\" content=\"image\/jpeg\" \/>\n<meta name=\"twitter:card\" content=\"summary_large_image\" \/>\n<script type=\"application\/ld+json\" class=\"yoast-schema-graph\">{\"@context\":\"https:\\\/\\\/schema.org\",\"@graph\":[{\"@type\":\"WebPage\",\"@id\":\"https:\\\/\\\/www.koonings.com\\\/fr\\\/product\\\/abrazi-o7-nv\\\/\",\"url\":\"https:\\\/\\\/www.koonings.com\\\/fr\\\/product\\\/abrazi-o7-nv\\\/\",\"name\":\"Abrazi O7-NV Jane | Koonings\",\"isPartOf\":{\"@id\":\"https:\\\/\\\/www.koonings.com\\\/fr\\\/#website\"},\"primaryImageOfPage\":{\"@id\":\"https:\\\/\\\/www.koonings.com\\\/fr\\\/product\\\/abrazi-o7-nv\\\/#primaryimage\"},\"image\":{\"@id\":\"https:\\\/\\\/www.koonings.com\\\/fr\\\/product\\\/abrazi-o7-nv\\\/#primaryimage\"},\"thumbnailUrl\":\"https:\\\/\\\/www.koonings.com\\\/wp-content\\\/uploads\\\/2025\\\/04\\\/37068_cefdf43d2edfa89b969a81fcce4b44147ebda563b88de8c43ce37afa55b00dbd783dad06.jpeg\",\"datePublished\":\"2026-04-14T14:08:12+00:00\",\"description\":\"Les boucles d'oreilles Jane sont de v\u00e9ritables pi\u00e8ces d'apparat pour votre mariage et des favoris absolus de la collection Abrazi. Ces magnifiques boucles d'oreilles de mariage sont fabriqu\u00e9es \u00e0 la main en Italie \u00e0 partir de laiton durable et de cristaux Swarovski de diff\u00e9rentes formes et tailles. Nos boucles d'oreilles Jane sont disponibles avec un placage en rhodium ou en or 14kt de tr\u00e8s haute qualit\u00e9. Vous recherchez ce mod\u00e8le dans une taille plus petite ? Essayez nos boucles d'oreilles Janey !\",\"breadcrumb\":{\"@id\":\"https:\\\/\\\/www.koonings.com\\\/fr\\\/product\\\/abrazi-o7-nv\\\/#breadcrumb\"},\"inLanguage\":\"fr-FR\",\"potentialAction\":[{\"@type\":\"ReadAction\",\"target\":[\"https:\\\/\\\/www.koonings.com\\\/fr\\\/product\\\/abrazi-o7-nv\\\/\"]}]},{\"@type\":\"ImageObject\",\"inLanguage\":\"fr-FR\",\"@id\":\"https:\\\/\\\/www.koonings.com\\\/fr\\\/product\\\/abrazi-o7-nv\\\/#primaryimage\",\"url\":\"https:\\\/\\\/www.koonings.com\\\/wp-content\\\/uploads\\\/2025\\\/04\\\/37068_cefdf43d2edfa89b969a81fcce4b44147ebda563b88de8c43ce37afa55b00dbd783dad06.jpeg\",\"contentUrl\":\"https:\\\/\\\/www.koonings.com\\\/wp-content\\\/uploads\\\/2025\\\/04\\\/37068_cefdf43d2edfa89b969a81fcce4b44147ebda563b88de8c43ce37afa55b00dbd783dad06.jpeg\",\"width\":1000,\"height\":1500},{\"@type\":\"BreadcrumbList\",\"@id\":\"https:\\\/\\\/www.koonings.com\\\/fr\\\/product\\\/abrazi-o7-nv\\\/#breadcrumb\",\"itemListElement\":[{\"@type\":\"ListItem\",\"position\":1,\"name\":\"Home\",\"item\":\"https:\\\/\\\/www.koonings.com\\\/fr\\\/\"},{\"@type\":\"ListItem\",\"position\":2,\"name\":\"Abrazi O7-NV Jane\"}]},{\"@type\":\"WebSite\",\"@id\":\"https:\\\/\\\/www.koonings.com\\\/fr\\\/#website\",\"url\":\"https:\\\/\\\/www.koonings.com\\\/fr\\\/\",\"name\":\"Koonings\",\"description\":\"De grootste bruidsmodewinkel ter wereld\",\"publisher\":{\"@id\":\"https:\\\/\\\/www.koonings.com\\\/fr\\\/#organization\"},\"potentialAction\":[{\"@type\":\"SearchAction\",\"target\":{\"@type\":\"EntryPoint\",\"urlTemplate\":\"https:\\\/\\\/www.koonings.com\\\/fr\\\/?s={search_term_string}\"},\"query-input\":{\"@type\":\"PropertyValueSpecification\",\"valueRequired\":true,\"valueName\":\"search_term_string\"}}],\"inLanguage\":\"fr-FR\"},{\"@type\":\"Organization\",\"@id\":\"https:\\\/\\\/www.koonings.com\\\/fr\\\/#organization\",\"name\":\"Koonings\",\"url\":\"https:\\\/\\\/www.koonings.com\\\/fr\\\/\",\"logo\":{\"@type\":\"ImageObject\",\"inLanguage\":\"fr-FR\",\"@id\":\"https:\\\/\\\/www.koonings.com\\\/fr\\\/#\\\/schema\\\/logo\\\/image\\\/\",\"url\":\"https:\\\/\\\/www.koonings.com\\\/wp-content\\\/uploads\\\/2024\\\/07\\\/logo.png\",\"contentUrl\":\"https:\\\/\\\/www.koonings.com\\\/wp-content\\\/uploads\\\/2024\\\/07\\\/logo.png\",\"width\":600,\"height\":428,\"caption\":\"Koonings\"},\"image\":{\"@id\":\"https:\\\/\\\/www.koonings.com\\\/fr\\\/#\\\/schema\\\/logo\\\/image\\\/\"},\"sameAs\":[\"https:\\\/\\\/www.facebook.com\\\/kooningstheweddingpalace\",\"https:\\\/\\\/www.instagram.com\\\/kooningstheweddingpalace\",\"https:\\\/\\\/www.pinterest.com\\\/koonings\",\"https:\\\/\\\/www.youtube.com\\\/kooningstheweddingpalace\"]}]}<\/script>\n<!-- \/ Yoast SEO plugin. -->","yoast_head_json":{"title":"Abrazi O7-NV Jane | Koonings","description":"Les boucles d'oreilles Jane sont de v\u00e9ritables pi\u00e8ces d'apparat pour votre mariage et des favoris absolus de la collection Abrazi. Ces magnifiques boucles d'oreilles de mariage sont fabriqu\u00e9es \u00e0 la main en Italie \u00e0 partir de laiton durable et de cristaux Swarovski de diff\u00e9rentes formes et tailles. Nos boucles d'oreilles Jane sont disponibles avec un placage en rhodium ou en or 14kt de tr\u00e8s haute qualit\u00e9. Vous recherchez ce mod\u00e8le dans une taille plus petite ? Essayez nos boucles d'oreilles Janey !","robots":{"index":"index","follow":"follow","max-snippet":"max-snippet:-1","max-image-preview":"max-image-preview:large","max-video-preview":"max-video-preview:-1"},"canonical":"https:\/\/www.koonings.com\/fr\/product\/abrazi-o7-nv\/","og_locale":"fr_FR","og_type":"article","og_title":"Abrazi O7-NV Jane | Koonings","og_description":"Les boucles d'oreilles Jane sont de v\u00e9ritables pi\u00e8ces d'apparat pour votre mariage et des favoris absolus de la collection Abrazi. Ces magnifiques boucles d'oreilles de mariage sont fabriqu\u00e9es \u00e0 la main en Italie \u00e0 partir de laiton durable et de cristaux Swarovski de diff\u00e9rentes formes et tailles. Nos boucles d'oreilles Jane sont disponibles avec un placage en rhodium ou en or 14kt de tr\u00e8s haute qualit\u00e9. Vous recherchez ce mod\u00e8le dans une taille plus petite ? Essayez nos boucles d'oreilles Janey !","og_url":"https:\/\/www.koonings.com\/fr\/product\/abrazi-o7-nv\/","og_site_name":"Koonings","article_publisher":"https:\/\/www.facebook.com\/kooningstheweddingpalace","og_image":[{"width":1000,"height":1500,"url":"https:\/\/www.koonings.com\/wp-content\/uploads\/2025\/04\/37068_cefdf43d2edfa89b969a81fcce4b44147ebda563b88de8c43ce37afa55b00dbd783dad06.jpeg","type":"image\/jpeg"}],"twitter_card":"summary_large_image","schema":{"@context":"https:\/\/schema.org","@graph":[{"@type":"WebPage","@id":"https:\/\/www.koonings.com\/fr\/product\/abrazi-o7-nv\/","url":"https:\/\/www.koonings.com\/fr\/product\/abrazi-o7-nv\/","name":"Abrazi O7-NV Jane | Koonings","isPartOf":{"@id":"https:\/\/www.koonings.com\/fr\/#website"},"primaryImageOfPage":{"@id":"https:\/\/www.koonings.com\/fr\/product\/abrazi-o7-nv\/#primaryimage"},"image":{"@id":"https:\/\/www.koonings.com\/fr\/product\/abrazi-o7-nv\/#primaryimage"},"thumbnailUrl":"https:\/\/www.koonings.com\/wp-content\/uploads\/2025\/04\/37068_cefdf43d2edfa89b969a81fcce4b44147ebda563b88de8c43ce37afa55b00dbd783dad06.jpeg","datePublished":"2026-04-14T14:08:12+00:00","description":"Les boucles d'oreilles Jane sont de v\u00e9ritables pi\u00e8ces d'apparat pour votre mariage et des favoris absolus de la collection Abrazi. Ces magnifiques boucles d'oreilles de mariage sont fabriqu\u00e9es \u00e0 la main en Italie \u00e0 partir de laiton durable et de cristaux Swarovski de diff\u00e9rentes formes et tailles. Nos boucles d'oreilles Jane sont disponibles avec un placage en rhodium ou en or 14kt de tr\u00e8s haute qualit\u00e9. Vous recherchez ce mod\u00e8le dans une taille plus petite ? Essayez nos boucles d'oreilles Janey !","breadcrumb":{"@id":"https:\/\/www.koonings.com\/fr\/product\/abrazi-o7-nv\/#breadcrumb"},"inLanguage":"fr-FR","potentialAction":[{"@type":"ReadAction","target":["https:\/\/www.koonings.com\/fr\/product\/abrazi-o7-nv\/"]}]},{"@type":"ImageObject","inLanguage":"fr-FR","@id":"https:\/\/www.koonings.com\/fr\/product\/abrazi-o7-nv\/#primaryimage","url":"https:\/\/www.koonings.com\/wp-content\/uploads\/2025\/04\/37068_cefdf43d2edfa89b969a81fcce4b44147ebda563b88de8c43ce37afa55b00dbd783dad06.jpeg","contentUrl":"https:\/\/www.koonings.com\/wp-content\/uploads\/2025\/04\/37068_cefdf43d2edfa89b969a81fcce4b44147ebda563b88de8c43ce37afa55b00dbd783dad06.jpeg","width":1000,"height":1500},{"@type":"BreadcrumbList","@id":"https:\/\/www.koonings.com\/fr\/product\/abrazi-o7-nv\/#breadcrumb","itemListElement":[{"@type":"ListItem","position":1,"name":"Home","item":"https:\/\/www.koonings.com\/fr\/"},{"@type":"ListItem","position":2,"name":"Abrazi O7-NV Jane"}]},{"@type":"WebSite","@id":"https:\/\/www.koonings.com\/fr\/#website","url":"https:\/\/www.koonings.com\/fr\/","name":"Koonings","description":"De grootste bruidsmodewinkel ter wereld","publisher":{"@id":"https:\/\/www.koonings.com\/fr\/#organization"},"potentialAction":[{"@type":"SearchAction","target":{"@type":"EntryPoint","urlTemplate":"https:\/\/www.koonings.com\/fr\/?s={search_term_string}"},"query-input":{"@type":"PropertyValueSpecification","valueRequired":true,"valueName":"search_term_string"}}],"inLanguage":"fr-FR"},{"@type":"Organization","@id":"https:\/\/www.koonings.com\/fr\/#organization","name":"Koonings","url":"https:\/\/www.koonings.com\/fr\/","logo":{"@type":"ImageObject","inLanguage":"fr-FR","@id":"https:\/\/www.koonings.com\/fr\/#\/schema\/logo\/image\/","url":"https:\/\/www.koonings.com\/wp-content\/uploads\/2024\/07\/logo.png","contentUrl":"https:\/\/www.koonings.com\/wp-content\/uploads\/2024\/07\/logo.png","width":600,"height":428,"caption":"Koonings"},"image":{"@id":"https:\/\/www.koonings.com\/fr\/#\/schema\/logo\/image\/"},"sameAs":["https:\/\/www.facebook.com\/kooningstheweddingpalace","https:\/\/www.instagram.com\/kooningstheweddingpalace","https:\/\/www.pinterest.com\/koonings","https:\/\/www.youtube.com\/kooningstheweddingpalace"]}]}},"_links":{"self":[{"href":"https:\/\/www.koonings.com\/fr\/wp-json\/wp\/v2\/product\/84758","targetHints":{"allow":["GET"]}}],"collection":[{"href":"https:\/\/www.koonings.com\/fr\/wp-json\/wp\/v2\/product"}],"about":[{"href":"https:\/\/www.koonings.com\/fr\/wp-json\/wp\/v2\/types\/product"}],"wp:featuredmedia":[{"embeddable":true,"href":"https:\/\/www.koonings.com\/fr\/wp-json\/wp\/v2\/media\/84502"}],"wp:attachment":[{"href":"https:\/\/www.koonings.com\/fr\/wp-json\/wp\/v2\/media?parent=84758"}],"wp:term":[{"taxonomy":"productdetails","embeddable":true,"href":"https:\/\/www.koonings.com\/fr\/wp-json\/wp\/v2\/productdetails?post=84758"},{"taxonomy":"productneck","embeddable":true,"href":"https:\/\/www.koonings.com\/fr\/wp-json\/wp\/v2\/productneck?post=84758"},{"taxonomy":"productcolor","embeddable":true,"href":"https:\/\/www.koonings.com\/fr\/wp-json\/wp\/v2\/productcolor?post=84758"},{"taxonomy":"maat","embeddable":true,"href":"https:\/\/www.koonings.com\/fr\/wp-json\/wp\/v2\/maat?post=84758"},{"taxonomy":"productsupplier","embeddable":true,"href":"https:\/\/www.koonings.com\/fr\/wp-json\/wp\/v2\/productsupplier?post=84758"},{"taxonomy":"productsleeve","embeddable":true,"href":"https:\/\/www.koonings.com\/fr\/wp-json\/wp\/v2\/productsleeve?post=84758"},{"taxonomy":"productcategory","embeddable":true,"href":"https:\/\/www.koonings.com\/fr\/wp-json\/wp\/v2\/productcategory?post=84758"},{"taxonomy":"productsilhouette","embeddable":true,"href":"https:\/\/www.koonings.com\/fr\/wp-json\/wp\/v2\/productsilhouette?post=84758"},{"taxonomy":"productstyle","embeddable":true,"href":"https:\/\/www.koonings.com\/fr\/wp-json\/wp\/v2\/productstyle?post=84758"}],"curies":[{"name":"wp","href":"https:\/\/api.w.org\/{rel}","templated":true}]}}