{"id":84752,"date":"2026-04-14T16:08:14","date_gmt":"2026-04-14T14:08:14","guid":{"rendered":"https:\/\/www.koonings.com\/product\/abrazi-k1s-so\/"},"modified":"2026-02-16T15:18:46","modified_gmt":"2026-02-16T14:18:46","slug":"abrazi-k1s-so","status":"publish","type":"product","link":"https:\/\/www.koonings.com\/fr\/product\/abrazi-k1s-so\/","title":{"rendered":"Abrazi K1S-SO"},"content":{"rendered":"<p>Le collier Soraya est un classique d&#8217;Abrazi, un collier \u00e0 la fois chic et moderne pour la mari\u00e9e. Un pendentif en cristal sur une cha\u00eene \u00e0 maillons subtile, en argent sterling 925. Facile \u00e0 combiner avec d&#8217;autres bijoux et \u00e0 porter le jour de votre mariage. Le collier Soraya est disponible en plaqu\u00e9 rhodium, or 14kt ou or rose, et en deux longueurs : 42cm et 50cm.   <\/p>\n","protected":false},"featured_media":84523,"template":"","meta":{"_acf_changed":false,"ghostkit_customizer_options":"","ghostkit_custom_css":"","ghostkit_custom_js_head":"","ghostkit_custom_js_foot":"","ghostkit_typography":""},"productdetails":[],"productneck":[],"productcolor":[],"maat":[],"productsupplier":[510],"productsleeve":[],"productcategory":[511],"productsilhouette":[],"productstyle":[],"class_list":["post-84752","product","type-product","status-publish","has-post-thumbnail","hentry","productsupplier-abrazi","productcategory-sieraden"],"acf":[],"yoast_head":"<!-- This site is optimized with the Yoast SEO plugin v27.3 - https:\/\/yoast.com\/product\/yoast-seo-wordpress\/ -->\n<title>Abrazi K1S-SO | Koonings<\/title>\n<meta name=\"description\" content=\"Le collier Soraya est un classique d&#039;Abrazi, un collier \u00e0 la fois chic et moderne pour la mari\u00e9e. Un pendentif en cristal sur une cha\u00eene \u00e0 maillons subtile, en argent sterling 925. Facile \u00e0 combiner avec d&#039;autres bijoux et \u00e0 porter le jour de votre mariage. Le collier Soraya est disponible en plaqu\u00e9 rhodium, or 14kt ou or rose, et en deux longueurs : 42cm et 50cm.\" \/>\n<meta name=\"robots\" content=\"index, follow, max-snippet:-1, max-image-preview:large, max-video-preview:-1\" \/>\n<link rel=\"canonical\" href=\"https:\/\/www.koonings.com\/fr\/product\/abrazi-k1s-so\/\" \/>\n<meta property=\"og:locale\" content=\"fr_FR\" \/>\n<meta property=\"og:type\" content=\"article\" \/>\n<meta property=\"og:title\" content=\"Abrazi K1S-SO | Koonings\" \/>\n<meta property=\"og:description\" content=\"Le collier Soraya est un classique d&#039;Abrazi, un collier \u00e0 la fois chic et moderne pour la mari\u00e9e. Un pendentif en cristal sur une cha\u00eene \u00e0 maillons subtile, en argent sterling 925. Facile \u00e0 combiner avec d&#039;autres bijoux et \u00e0 porter le jour de votre mariage. Le collier Soraya est disponible en plaqu\u00e9 rhodium, or 14kt ou or rose, et en deux longueurs : 42cm et 50cm.\" \/>\n<meta property=\"og:url\" content=\"https:\/\/www.koonings.com\/fr\/product\/abrazi-k1s-so\/\" \/>\n<meta property=\"og:site_name\" content=\"Koonings\" \/>\n<meta property=\"article:publisher\" content=\"https:\/\/www.facebook.com\/kooningstheweddingpalace\" \/>\n<meta property=\"og:image\" content=\"https:\/\/www.koonings.com\/wp-content\/uploads\/2025\/04\/37104_4377409d5950ea02b69f0522edacecc6f80f1147d5fe5c819d5c7e8b6b7cfc8273f064ae.jpeg\" \/>\n\t<meta property=\"og:image:width\" content=\"1333\" \/>\n\t<meta property=\"og:image:height\" content=\"2000\" \/>\n\t<meta property=\"og:image:type\" content=\"image\/jpeg\" \/>\n<meta name=\"twitter:card\" content=\"summary_large_image\" \/>\n<script type=\"application\/ld+json\" class=\"yoast-schema-graph\">{\"@context\":\"https:\\\/\\\/schema.org\",\"@graph\":[{\"@type\":\"WebPage\",\"@id\":\"https:\\\/\\\/www.koonings.com\\\/fr\\\/product\\\/abrazi-k1s-so\\\/\",\"url\":\"https:\\\/\\\/www.koonings.com\\\/fr\\\/product\\\/abrazi-k1s-so\\\/\",\"name\":\"Abrazi K1S-SO | Koonings\",\"isPartOf\":{\"@id\":\"https:\\\/\\\/www.koonings.com\\\/fr\\\/#website\"},\"primaryImageOfPage\":{\"@id\":\"https:\\\/\\\/www.koonings.com\\\/fr\\\/product\\\/abrazi-k1s-so\\\/#primaryimage\"},\"image\":{\"@id\":\"https:\\\/\\\/www.koonings.com\\\/fr\\\/product\\\/abrazi-k1s-so\\\/#primaryimage\"},\"thumbnailUrl\":\"https:\\\/\\\/www.koonings.com\\\/wp-content\\\/uploads\\\/2025\\\/04\\\/37104_4377409d5950ea02b69f0522edacecc6f80f1147d5fe5c819d5c7e8b6b7cfc8273f064ae.jpeg\",\"datePublished\":\"2026-04-14T14:08:14+00:00\",\"description\":\"Le collier Soraya est un classique d'Abrazi, un collier \u00e0 la fois chic et moderne pour la mari\u00e9e. Un pendentif en cristal sur une cha\u00eene \u00e0 maillons subtile, en argent sterling 925. Facile \u00e0 combiner avec d'autres bijoux et \u00e0 porter le jour de votre mariage. Le collier Soraya est disponible en plaqu\u00e9 rhodium, or 14kt ou or rose, et en deux longueurs : 42cm et 50cm.\",\"breadcrumb\":{\"@id\":\"https:\\\/\\\/www.koonings.com\\\/fr\\\/product\\\/abrazi-k1s-so\\\/#breadcrumb\"},\"inLanguage\":\"fr-FR\",\"potentialAction\":[{\"@type\":\"ReadAction\",\"target\":[\"https:\\\/\\\/www.koonings.com\\\/fr\\\/product\\\/abrazi-k1s-so\\\/\"]}]},{\"@type\":\"ImageObject\",\"inLanguage\":\"fr-FR\",\"@id\":\"https:\\\/\\\/www.koonings.com\\\/fr\\\/product\\\/abrazi-k1s-so\\\/#primaryimage\",\"url\":\"https:\\\/\\\/www.koonings.com\\\/wp-content\\\/uploads\\\/2025\\\/04\\\/37104_4377409d5950ea02b69f0522edacecc6f80f1147d5fe5c819d5c7e8b6b7cfc8273f064ae.jpeg\",\"contentUrl\":\"https:\\\/\\\/www.koonings.com\\\/wp-content\\\/uploads\\\/2025\\\/04\\\/37104_4377409d5950ea02b69f0522edacecc6f80f1147d5fe5c819d5c7e8b6b7cfc8273f064ae.jpeg\",\"width\":1333,\"height\":2000},{\"@type\":\"BreadcrumbList\",\"@id\":\"https:\\\/\\\/www.koonings.com\\\/fr\\\/product\\\/abrazi-k1s-so\\\/#breadcrumb\",\"itemListElement\":[{\"@type\":\"ListItem\",\"position\":1,\"name\":\"Home\",\"item\":\"https:\\\/\\\/www.koonings.com\\\/fr\\\/\"},{\"@type\":\"ListItem\",\"position\":2,\"name\":\"Abrazi K1S-SO\"}]},{\"@type\":\"WebSite\",\"@id\":\"https:\\\/\\\/www.koonings.com\\\/fr\\\/#website\",\"url\":\"https:\\\/\\\/www.koonings.com\\\/fr\\\/\",\"name\":\"Koonings\",\"description\":\"De grootste bruidsmodewinkel ter wereld\",\"publisher\":{\"@id\":\"https:\\\/\\\/www.koonings.com\\\/fr\\\/#organization\"},\"potentialAction\":[{\"@type\":\"SearchAction\",\"target\":{\"@type\":\"EntryPoint\",\"urlTemplate\":\"https:\\\/\\\/www.koonings.com\\\/fr\\\/?s={search_term_string}\"},\"query-input\":{\"@type\":\"PropertyValueSpecification\",\"valueRequired\":true,\"valueName\":\"search_term_string\"}}],\"inLanguage\":\"fr-FR\"},{\"@type\":\"Organization\",\"@id\":\"https:\\\/\\\/www.koonings.com\\\/fr\\\/#organization\",\"name\":\"Koonings\",\"url\":\"https:\\\/\\\/www.koonings.com\\\/fr\\\/\",\"logo\":{\"@type\":\"ImageObject\",\"inLanguage\":\"fr-FR\",\"@id\":\"https:\\\/\\\/www.koonings.com\\\/fr\\\/#\\\/schema\\\/logo\\\/image\\\/\",\"url\":\"https:\\\/\\\/www.koonings.com\\\/wp-content\\\/uploads\\\/2024\\\/07\\\/logo.png\",\"contentUrl\":\"https:\\\/\\\/www.koonings.com\\\/wp-content\\\/uploads\\\/2024\\\/07\\\/logo.png\",\"width\":600,\"height\":428,\"caption\":\"Koonings\"},\"image\":{\"@id\":\"https:\\\/\\\/www.koonings.com\\\/fr\\\/#\\\/schema\\\/logo\\\/image\\\/\"},\"sameAs\":[\"https:\\\/\\\/www.facebook.com\\\/kooningstheweddingpalace\",\"https:\\\/\\\/www.instagram.com\\\/kooningstheweddingpalace\",\"https:\\\/\\\/www.pinterest.com\\\/koonings\",\"https:\\\/\\\/www.youtube.com\\\/kooningstheweddingpalace\"]}]}<\/script>\n<!-- \/ Yoast SEO plugin. -->","yoast_head_json":{"title":"Abrazi K1S-SO | Koonings","description":"Le collier Soraya est un classique d'Abrazi, un collier \u00e0 la fois chic et moderne pour la mari\u00e9e. Un pendentif en cristal sur une cha\u00eene \u00e0 maillons subtile, en argent sterling 925. Facile \u00e0 combiner avec d'autres bijoux et \u00e0 porter le jour de votre mariage. Le collier Soraya est disponible en plaqu\u00e9 rhodium, or 14kt ou or rose, et en deux longueurs : 42cm et 50cm.","robots":{"index":"index","follow":"follow","max-snippet":"max-snippet:-1","max-image-preview":"max-image-preview:large","max-video-preview":"max-video-preview:-1"},"canonical":"https:\/\/www.koonings.com\/fr\/product\/abrazi-k1s-so\/","og_locale":"fr_FR","og_type":"article","og_title":"Abrazi K1S-SO | Koonings","og_description":"Le collier Soraya est un classique d'Abrazi, un collier \u00e0 la fois chic et moderne pour la mari\u00e9e. Un pendentif en cristal sur une cha\u00eene \u00e0 maillons subtile, en argent sterling 925. Facile \u00e0 combiner avec d'autres bijoux et \u00e0 porter le jour de votre mariage. Le collier Soraya est disponible en plaqu\u00e9 rhodium, or 14kt ou or rose, et en deux longueurs : 42cm et 50cm.","og_url":"https:\/\/www.koonings.com\/fr\/product\/abrazi-k1s-so\/","og_site_name":"Koonings","article_publisher":"https:\/\/www.facebook.com\/kooningstheweddingpalace","og_image":[{"width":1333,"height":2000,"url":"https:\/\/www.koonings.com\/wp-content\/uploads\/2025\/04\/37104_4377409d5950ea02b69f0522edacecc6f80f1147d5fe5c819d5c7e8b6b7cfc8273f064ae.jpeg","type":"image\/jpeg"}],"twitter_card":"summary_large_image","schema":{"@context":"https:\/\/schema.org","@graph":[{"@type":"WebPage","@id":"https:\/\/www.koonings.com\/fr\/product\/abrazi-k1s-so\/","url":"https:\/\/www.koonings.com\/fr\/product\/abrazi-k1s-so\/","name":"Abrazi K1S-SO | Koonings","isPartOf":{"@id":"https:\/\/www.koonings.com\/fr\/#website"},"primaryImageOfPage":{"@id":"https:\/\/www.koonings.com\/fr\/product\/abrazi-k1s-so\/#primaryimage"},"image":{"@id":"https:\/\/www.koonings.com\/fr\/product\/abrazi-k1s-so\/#primaryimage"},"thumbnailUrl":"https:\/\/www.koonings.com\/wp-content\/uploads\/2025\/04\/37104_4377409d5950ea02b69f0522edacecc6f80f1147d5fe5c819d5c7e8b6b7cfc8273f064ae.jpeg","datePublished":"2026-04-14T14:08:14+00:00","description":"Le collier Soraya est un classique d'Abrazi, un collier \u00e0 la fois chic et moderne pour la mari\u00e9e. Un pendentif en cristal sur une cha\u00eene \u00e0 maillons subtile, en argent sterling 925. Facile \u00e0 combiner avec d'autres bijoux et \u00e0 porter le jour de votre mariage. Le collier Soraya est disponible en plaqu\u00e9 rhodium, or 14kt ou or rose, et en deux longueurs : 42cm et 50cm.","breadcrumb":{"@id":"https:\/\/www.koonings.com\/fr\/product\/abrazi-k1s-so\/#breadcrumb"},"inLanguage":"fr-FR","potentialAction":[{"@type":"ReadAction","target":["https:\/\/www.koonings.com\/fr\/product\/abrazi-k1s-so\/"]}]},{"@type":"ImageObject","inLanguage":"fr-FR","@id":"https:\/\/www.koonings.com\/fr\/product\/abrazi-k1s-so\/#primaryimage","url":"https:\/\/www.koonings.com\/wp-content\/uploads\/2025\/04\/37104_4377409d5950ea02b69f0522edacecc6f80f1147d5fe5c819d5c7e8b6b7cfc8273f064ae.jpeg","contentUrl":"https:\/\/www.koonings.com\/wp-content\/uploads\/2025\/04\/37104_4377409d5950ea02b69f0522edacecc6f80f1147d5fe5c819d5c7e8b6b7cfc8273f064ae.jpeg","width":1333,"height":2000},{"@type":"BreadcrumbList","@id":"https:\/\/www.koonings.com\/fr\/product\/abrazi-k1s-so\/#breadcrumb","itemListElement":[{"@type":"ListItem","position":1,"name":"Home","item":"https:\/\/www.koonings.com\/fr\/"},{"@type":"ListItem","position":2,"name":"Abrazi K1S-SO"}]},{"@type":"WebSite","@id":"https:\/\/www.koonings.com\/fr\/#website","url":"https:\/\/www.koonings.com\/fr\/","name":"Koonings","description":"De grootste bruidsmodewinkel ter wereld","publisher":{"@id":"https:\/\/www.koonings.com\/fr\/#organization"},"potentialAction":[{"@type":"SearchAction","target":{"@type":"EntryPoint","urlTemplate":"https:\/\/www.koonings.com\/fr\/?s={search_term_string}"},"query-input":{"@type":"PropertyValueSpecification","valueRequired":true,"valueName":"search_term_string"}}],"inLanguage":"fr-FR"},{"@type":"Organization","@id":"https:\/\/www.koonings.com\/fr\/#organization","name":"Koonings","url":"https:\/\/www.koonings.com\/fr\/","logo":{"@type":"ImageObject","inLanguage":"fr-FR","@id":"https:\/\/www.koonings.com\/fr\/#\/schema\/logo\/image\/","url":"https:\/\/www.koonings.com\/wp-content\/uploads\/2024\/07\/logo.png","contentUrl":"https:\/\/www.koonings.com\/wp-content\/uploads\/2024\/07\/logo.png","width":600,"height":428,"caption":"Koonings"},"image":{"@id":"https:\/\/www.koonings.com\/fr\/#\/schema\/logo\/image\/"},"sameAs":["https:\/\/www.facebook.com\/kooningstheweddingpalace","https:\/\/www.instagram.com\/kooningstheweddingpalace","https:\/\/www.pinterest.com\/koonings","https:\/\/www.youtube.com\/kooningstheweddingpalace"]}]}},"_links":{"self":[{"href":"https:\/\/www.koonings.com\/fr\/wp-json\/wp\/v2\/product\/84752","targetHints":{"allow":["GET"]}}],"collection":[{"href":"https:\/\/www.koonings.com\/fr\/wp-json\/wp\/v2\/product"}],"about":[{"href":"https:\/\/www.koonings.com\/fr\/wp-json\/wp\/v2\/types\/product"}],"wp:featuredmedia":[{"embeddable":true,"href":"https:\/\/www.koonings.com\/fr\/wp-json\/wp\/v2\/media\/84523"}],"wp:attachment":[{"href":"https:\/\/www.koonings.com\/fr\/wp-json\/wp\/v2\/media?parent=84752"}],"wp:term":[{"taxonomy":"productdetails","embeddable":true,"href":"https:\/\/www.koonings.com\/fr\/wp-json\/wp\/v2\/productdetails?post=84752"},{"taxonomy":"productneck","embeddable":true,"href":"https:\/\/www.koonings.com\/fr\/wp-json\/wp\/v2\/productneck?post=84752"},{"taxonomy":"productcolor","embeddable":true,"href":"https:\/\/www.koonings.com\/fr\/wp-json\/wp\/v2\/productcolor?post=84752"},{"taxonomy":"maat","embeddable":true,"href":"https:\/\/www.koonings.com\/fr\/wp-json\/wp\/v2\/maat?post=84752"},{"taxonomy":"productsupplier","embeddable":true,"href":"https:\/\/www.koonings.com\/fr\/wp-json\/wp\/v2\/productsupplier?post=84752"},{"taxonomy":"productsleeve","embeddable":true,"href":"https:\/\/www.koonings.com\/fr\/wp-json\/wp\/v2\/productsleeve?post=84752"},{"taxonomy":"productcategory","embeddable":true,"href":"https:\/\/www.koonings.com\/fr\/wp-json\/wp\/v2\/productcategory?post=84752"},{"taxonomy":"productsilhouette","embeddable":true,"href":"https:\/\/www.koonings.com\/fr\/wp-json\/wp\/v2\/productsilhouette?post=84752"},{"taxonomy":"productstyle","embeddable":true,"href":"https:\/\/www.koonings.com\/fr\/wp-json\/wp\/v2\/productstyle?post=84752"}],"curies":[{"name":"wp","href":"https:\/\/api.w.org\/{rel}","templated":true}]}}