{"id":84747,"date":"2025-12-15T00:16:50","date_gmt":"2025-12-14T23:16:50","guid":{"rendered":"https:\/\/www.koonings.com\/product\/abrazi-o7-tmp-2\/"},"modified":"2026-02-03T20:24:38","modified_gmt":"2026-02-03T19:24:38","slug":"abrazi-o7-tmp-2","status":"publish","type":"product","link":"https:\/\/www.koonings.com\/fr\/product\/abrazi-o7-tmp-2\/","title":{"rendered":"Abrazi O7-TMP"},"content":{"rendered":"<p>Les \u00e9l\u00e9gants enfileurs Rosaline contiennent un certain nombre de petites perles et sont parfaits pour les mari\u00e9es modernes. Ils sont l\u00e9g\u00e8rement plus ludiques que les boucles d&#8217;oreilles Maren et constituent donc un bon choix si vous recherchez un look moins classique. Le crochet au milieu de l&#8217;enfileur garantit qu&#8217;elles resteront en place. Les boucles d&#8217;oreilles Rosaline sont disponibles en plaqu\u00e9 or 14kt et en plaqu\u00e9 rhodium.   <\/p>\n","protected":false},"featured_media":84472,"template":"","meta":{"_acf_changed":false,"ghostkit_customizer_options":"","ghostkit_custom_css":"","ghostkit_custom_js_head":"","ghostkit_custom_js_foot":"","ghostkit_typography":""},"productdetails":[],"productneck":[],"productcolor":[],"maat":[],"productsupplier":[510],"productsleeve":[],"productcategory":[511],"productsilhouette":[],"productstyle":[],"class_list":["post-84747","product","type-product","status-publish","has-post-thumbnail","hentry","productsupplier-abrazi","productcategory-sieraden"],"acf":[],"yoast_head":"<!-- This site is optimized with the Yoast SEO plugin v27.3 - https:\/\/yoast.com\/product\/yoast-seo-wordpress\/ -->\n<title>Abrazi O7-TMP | Koonings<\/title>\n<meta name=\"description\" content=\"Les \u00e9l\u00e9gants enfileurs Rosaline contiennent un certain nombre de petites perles et sont parfaits pour les mari\u00e9es modernes. Ils sont l\u00e9g\u00e8rement plus ludiques que les boucles d&#039;oreilles Maren et constituent donc un bon choix si vous recherchez un look moins classique. Le crochet au milieu de l&#039;enfileur garantit qu&#039;elles resteront en place. Les boucles d&#039;oreilles Rosaline sont disponibles en plaqu\u00e9 or 14kt et en plaqu\u00e9 rhodium.\" \/>\n<meta name=\"robots\" content=\"index, follow, max-snippet:-1, max-image-preview:large, max-video-preview:-1\" \/>\n<link rel=\"canonical\" href=\"https:\/\/www.koonings.com\/fr\/product\/abrazi-o7-tmp-2\/\" \/>\n<meta property=\"og:locale\" content=\"fr_FR\" \/>\n<meta property=\"og:type\" content=\"article\" \/>\n<meta property=\"og:title\" content=\"Abrazi O7-TMP | Koonings\" \/>\n<meta property=\"og:description\" content=\"Les \u00e9l\u00e9gants enfileurs Rosaline contiennent un certain nombre de petites perles et sont parfaits pour les mari\u00e9es modernes. Ils sont l\u00e9g\u00e8rement plus ludiques que les boucles d&#039;oreilles Maren et constituent donc un bon choix si vous recherchez un look moins classique. Le crochet au milieu de l&#039;enfileur garantit qu&#039;elles resteront en place. Les boucles d&#039;oreilles Rosaline sont disponibles en plaqu\u00e9 or 14kt et en plaqu\u00e9 rhodium.\" \/>\n<meta property=\"og:url\" content=\"https:\/\/www.koonings.com\/fr\/product\/abrazi-o7-tmp-2\/\" \/>\n<meta property=\"og:site_name\" content=\"Koonings\" \/>\n<meta property=\"article:publisher\" content=\"https:\/\/www.facebook.com\/kooningstheweddingpalace\" \/>\n<meta property=\"article:modified_time\" content=\"2026-02-03T19:24:38+00:00\" \/>\n<meta property=\"og:image\" content=\"https:\/\/www.koonings.com\/wp-content\/uploads\/2025\/04\/39070_3dcc33ad391c454a62bdae92c4eb96eefb39022ba0cc4c0644e21b21ae3c92baa34e7295.jpeg\" \/>\n\t<meta property=\"og:image:width\" content=\"1334\" \/>\n\t<meta property=\"og:image:height\" content=\"2000\" \/>\n\t<meta property=\"og:image:type\" content=\"image\/jpeg\" \/>\n<meta name=\"twitter:card\" content=\"summary_large_image\" \/>\n<script type=\"application\/ld+json\" class=\"yoast-schema-graph\">{\"@context\":\"https:\\\/\\\/schema.org\",\"@graph\":[{\"@type\":\"WebPage\",\"@id\":\"https:\\\/\\\/www.koonings.com\\\/fr\\\/product\\\/abrazi-o7-tmp-2\\\/\",\"url\":\"https:\\\/\\\/www.koonings.com\\\/fr\\\/product\\\/abrazi-o7-tmp-2\\\/\",\"name\":\"Abrazi O7-TMP | Koonings\",\"isPartOf\":{\"@id\":\"https:\\\/\\\/www.koonings.com\\\/fr\\\/#website\"},\"primaryImageOfPage\":{\"@id\":\"https:\\\/\\\/www.koonings.com\\\/fr\\\/product\\\/abrazi-o7-tmp-2\\\/#primaryimage\"},\"image\":{\"@id\":\"https:\\\/\\\/www.koonings.com\\\/fr\\\/product\\\/abrazi-o7-tmp-2\\\/#primaryimage\"},\"thumbnailUrl\":\"https:\\\/\\\/www.koonings.com\\\/wp-content\\\/uploads\\\/2025\\\/04\\\/39070_3dcc33ad391c454a62bdae92c4eb96eefb39022ba0cc4c0644e21b21ae3c92baa34e7295.jpeg\",\"datePublished\":\"2025-12-14T23:16:50+00:00\",\"dateModified\":\"2026-02-03T19:24:38+00:00\",\"description\":\"Les \u00e9l\u00e9gants enfileurs Rosaline contiennent un certain nombre de petites perles et sont parfaits pour les mari\u00e9es modernes. Ils sont l\u00e9g\u00e8rement plus ludiques que les boucles d'oreilles Maren et constituent donc un bon choix si vous recherchez un look moins classique. Le crochet au milieu de l'enfileur garantit qu'elles resteront en place. Les boucles d'oreilles Rosaline sont disponibles en plaqu\u00e9 or 14kt et en plaqu\u00e9 rhodium.\",\"breadcrumb\":{\"@id\":\"https:\\\/\\\/www.koonings.com\\\/fr\\\/product\\\/abrazi-o7-tmp-2\\\/#breadcrumb\"},\"inLanguage\":\"fr-FR\",\"potentialAction\":[{\"@type\":\"ReadAction\",\"target\":[\"https:\\\/\\\/www.koonings.com\\\/fr\\\/product\\\/abrazi-o7-tmp-2\\\/\"]}]},{\"@type\":\"ImageObject\",\"inLanguage\":\"fr-FR\",\"@id\":\"https:\\\/\\\/www.koonings.com\\\/fr\\\/product\\\/abrazi-o7-tmp-2\\\/#primaryimage\",\"url\":\"https:\\\/\\\/www.koonings.com\\\/wp-content\\\/uploads\\\/2025\\\/04\\\/39070_3dcc33ad391c454a62bdae92c4eb96eefb39022ba0cc4c0644e21b21ae3c92baa34e7295.jpeg\",\"contentUrl\":\"https:\\\/\\\/www.koonings.com\\\/wp-content\\\/uploads\\\/2025\\\/04\\\/39070_3dcc33ad391c454a62bdae92c4eb96eefb39022ba0cc4c0644e21b21ae3c92baa34e7295.jpeg\",\"width\":1334,\"height\":2000},{\"@type\":\"BreadcrumbList\",\"@id\":\"https:\\\/\\\/www.koonings.com\\\/fr\\\/product\\\/abrazi-o7-tmp-2\\\/#breadcrumb\",\"itemListElement\":[{\"@type\":\"ListItem\",\"position\":1,\"name\":\"Home\",\"item\":\"https:\\\/\\\/www.koonings.com\\\/fr\\\/\"},{\"@type\":\"ListItem\",\"position\":2,\"name\":\"Abrazi O7-TMP\"}]},{\"@type\":\"WebSite\",\"@id\":\"https:\\\/\\\/www.koonings.com\\\/fr\\\/#website\",\"url\":\"https:\\\/\\\/www.koonings.com\\\/fr\\\/\",\"name\":\"Koonings\",\"description\":\"De grootste bruidsmodewinkel ter wereld\",\"publisher\":{\"@id\":\"https:\\\/\\\/www.koonings.com\\\/fr\\\/#organization\"},\"potentialAction\":[{\"@type\":\"SearchAction\",\"target\":{\"@type\":\"EntryPoint\",\"urlTemplate\":\"https:\\\/\\\/www.koonings.com\\\/fr\\\/?s={search_term_string}\"},\"query-input\":{\"@type\":\"PropertyValueSpecification\",\"valueRequired\":true,\"valueName\":\"search_term_string\"}}],\"inLanguage\":\"fr-FR\"},{\"@type\":\"Organization\",\"@id\":\"https:\\\/\\\/www.koonings.com\\\/fr\\\/#organization\",\"name\":\"Koonings\",\"url\":\"https:\\\/\\\/www.koonings.com\\\/fr\\\/\",\"logo\":{\"@type\":\"ImageObject\",\"inLanguage\":\"fr-FR\",\"@id\":\"https:\\\/\\\/www.koonings.com\\\/fr\\\/#\\\/schema\\\/logo\\\/image\\\/\",\"url\":\"https:\\\/\\\/www.koonings.com\\\/wp-content\\\/uploads\\\/2024\\\/07\\\/logo.png\",\"contentUrl\":\"https:\\\/\\\/www.koonings.com\\\/wp-content\\\/uploads\\\/2024\\\/07\\\/logo.png\",\"width\":600,\"height\":428,\"caption\":\"Koonings\"},\"image\":{\"@id\":\"https:\\\/\\\/www.koonings.com\\\/fr\\\/#\\\/schema\\\/logo\\\/image\\\/\"},\"sameAs\":[\"https:\\\/\\\/www.facebook.com\\\/kooningstheweddingpalace\",\"https:\\\/\\\/www.instagram.com\\\/kooningstheweddingpalace\",\"https:\\\/\\\/www.pinterest.com\\\/koonings\",\"https:\\\/\\\/www.youtube.com\\\/kooningstheweddingpalace\"]}]}<\/script>\n<!-- \/ Yoast SEO plugin. -->","yoast_head_json":{"title":"Abrazi O7-TMP | Koonings","description":"Les \u00e9l\u00e9gants enfileurs Rosaline contiennent un certain nombre de petites perles et sont parfaits pour les mari\u00e9es modernes. Ils sont l\u00e9g\u00e8rement plus ludiques que les boucles d'oreilles Maren et constituent donc un bon choix si vous recherchez un look moins classique. Le crochet au milieu de l'enfileur garantit qu'elles resteront en place. Les boucles d'oreilles Rosaline sont disponibles en plaqu\u00e9 or 14kt et en plaqu\u00e9 rhodium.","robots":{"index":"index","follow":"follow","max-snippet":"max-snippet:-1","max-image-preview":"max-image-preview:large","max-video-preview":"max-video-preview:-1"},"canonical":"https:\/\/www.koonings.com\/fr\/product\/abrazi-o7-tmp-2\/","og_locale":"fr_FR","og_type":"article","og_title":"Abrazi O7-TMP | Koonings","og_description":"Les \u00e9l\u00e9gants enfileurs Rosaline contiennent un certain nombre de petites perles et sont parfaits pour les mari\u00e9es modernes. Ils sont l\u00e9g\u00e8rement plus ludiques que les boucles d'oreilles Maren et constituent donc un bon choix si vous recherchez un look moins classique. Le crochet au milieu de l'enfileur garantit qu'elles resteront en place. Les boucles d'oreilles Rosaline sont disponibles en plaqu\u00e9 or 14kt et en plaqu\u00e9 rhodium.","og_url":"https:\/\/www.koonings.com\/fr\/product\/abrazi-o7-tmp-2\/","og_site_name":"Koonings","article_publisher":"https:\/\/www.facebook.com\/kooningstheweddingpalace","article_modified_time":"2026-02-03T19:24:38+00:00","og_image":[{"width":1334,"height":2000,"url":"https:\/\/www.koonings.com\/wp-content\/uploads\/2025\/04\/39070_3dcc33ad391c454a62bdae92c4eb96eefb39022ba0cc4c0644e21b21ae3c92baa34e7295.jpeg","type":"image\/jpeg"}],"twitter_card":"summary_large_image","schema":{"@context":"https:\/\/schema.org","@graph":[{"@type":"WebPage","@id":"https:\/\/www.koonings.com\/fr\/product\/abrazi-o7-tmp-2\/","url":"https:\/\/www.koonings.com\/fr\/product\/abrazi-o7-tmp-2\/","name":"Abrazi O7-TMP | Koonings","isPartOf":{"@id":"https:\/\/www.koonings.com\/fr\/#website"},"primaryImageOfPage":{"@id":"https:\/\/www.koonings.com\/fr\/product\/abrazi-o7-tmp-2\/#primaryimage"},"image":{"@id":"https:\/\/www.koonings.com\/fr\/product\/abrazi-o7-tmp-2\/#primaryimage"},"thumbnailUrl":"https:\/\/www.koonings.com\/wp-content\/uploads\/2025\/04\/39070_3dcc33ad391c454a62bdae92c4eb96eefb39022ba0cc4c0644e21b21ae3c92baa34e7295.jpeg","datePublished":"2025-12-14T23:16:50+00:00","dateModified":"2026-02-03T19:24:38+00:00","description":"Les \u00e9l\u00e9gants enfileurs Rosaline contiennent un certain nombre de petites perles et sont parfaits pour les mari\u00e9es modernes. Ils sont l\u00e9g\u00e8rement plus ludiques que les boucles d'oreilles Maren et constituent donc un bon choix si vous recherchez un look moins classique. Le crochet au milieu de l'enfileur garantit qu'elles resteront en place. Les boucles d'oreilles Rosaline sont disponibles en plaqu\u00e9 or 14kt et en plaqu\u00e9 rhodium.","breadcrumb":{"@id":"https:\/\/www.koonings.com\/fr\/product\/abrazi-o7-tmp-2\/#breadcrumb"},"inLanguage":"fr-FR","potentialAction":[{"@type":"ReadAction","target":["https:\/\/www.koonings.com\/fr\/product\/abrazi-o7-tmp-2\/"]}]},{"@type":"ImageObject","inLanguage":"fr-FR","@id":"https:\/\/www.koonings.com\/fr\/product\/abrazi-o7-tmp-2\/#primaryimage","url":"https:\/\/www.koonings.com\/wp-content\/uploads\/2025\/04\/39070_3dcc33ad391c454a62bdae92c4eb96eefb39022ba0cc4c0644e21b21ae3c92baa34e7295.jpeg","contentUrl":"https:\/\/www.koonings.com\/wp-content\/uploads\/2025\/04\/39070_3dcc33ad391c454a62bdae92c4eb96eefb39022ba0cc4c0644e21b21ae3c92baa34e7295.jpeg","width":1334,"height":2000},{"@type":"BreadcrumbList","@id":"https:\/\/www.koonings.com\/fr\/product\/abrazi-o7-tmp-2\/#breadcrumb","itemListElement":[{"@type":"ListItem","position":1,"name":"Home","item":"https:\/\/www.koonings.com\/fr\/"},{"@type":"ListItem","position":2,"name":"Abrazi O7-TMP"}]},{"@type":"WebSite","@id":"https:\/\/www.koonings.com\/fr\/#website","url":"https:\/\/www.koonings.com\/fr\/","name":"Koonings","description":"De grootste bruidsmodewinkel ter wereld","publisher":{"@id":"https:\/\/www.koonings.com\/fr\/#organization"},"potentialAction":[{"@type":"SearchAction","target":{"@type":"EntryPoint","urlTemplate":"https:\/\/www.koonings.com\/fr\/?s={search_term_string}"},"query-input":{"@type":"PropertyValueSpecification","valueRequired":true,"valueName":"search_term_string"}}],"inLanguage":"fr-FR"},{"@type":"Organization","@id":"https:\/\/www.koonings.com\/fr\/#organization","name":"Koonings","url":"https:\/\/www.koonings.com\/fr\/","logo":{"@type":"ImageObject","inLanguage":"fr-FR","@id":"https:\/\/www.koonings.com\/fr\/#\/schema\/logo\/image\/","url":"https:\/\/www.koonings.com\/wp-content\/uploads\/2024\/07\/logo.png","contentUrl":"https:\/\/www.koonings.com\/wp-content\/uploads\/2024\/07\/logo.png","width":600,"height":428,"caption":"Koonings"},"image":{"@id":"https:\/\/www.koonings.com\/fr\/#\/schema\/logo\/image\/"},"sameAs":["https:\/\/www.facebook.com\/kooningstheweddingpalace","https:\/\/www.instagram.com\/kooningstheweddingpalace","https:\/\/www.pinterest.com\/koonings","https:\/\/www.youtube.com\/kooningstheweddingpalace"]}]}},"_links":{"self":[{"href":"https:\/\/www.koonings.com\/fr\/wp-json\/wp\/v2\/product\/84747","targetHints":{"allow":["GET"]}}],"collection":[{"href":"https:\/\/www.koonings.com\/fr\/wp-json\/wp\/v2\/product"}],"about":[{"href":"https:\/\/www.koonings.com\/fr\/wp-json\/wp\/v2\/types\/product"}],"wp:featuredmedia":[{"embeddable":true,"href":"https:\/\/www.koonings.com\/fr\/wp-json\/wp\/v2\/media\/84472"}],"wp:attachment":[{"href":"https:\/\/www.koonings.com\/fr\/wp-json\/wp\/v2\/media?parent=84747"}],"wp:term":[{"taxonomy":"productdetails","embeddable":true,"href":"https:\/\/www.koonings.com\/fr\/wp-json\/wp\/v2\/productdetails?post=84747"},{"taxonomy":"productneck","embeddable":true,"href":"https:\/\/www.koonings.com\/fr\/wp-json\/wp\/v2\/productneck?post=84747"},{"taxonomy":"productcolor","embeddable":true,"href":"https:\/\/www.koonings.com\/fr\/wp-json\/wp\/v2\/productcolor?post=84747"},{"taxonomy":"maat","embeddable":true,"href":"https:\/\/www.koonings.com\/fr\/wp-json\/wp\/v2\/maat?post=84747"},{"taxonomy":"productsupplier","embeddable":true,"href":"https:\/\/www.koonings.com\/fr\/wp-json\/wp\/v2\/productsupplier?post=84747"},{"taxonomy":"productsleeve","embeddable":true,"href":"https:\/\/www.koonings.com\/fr\/wp-json\/wp\/v2\/productsleeve?post=84747"},{"taxonomy":"productcategory","embeddable":true,"href":"https:\/\/www.koonings.com\/fr\/wp-json\/wp\/v2\/productcategory?post=84747"},{"taxonomy":"productsilhouette","embeddable":true,"href":"https:\/\/www.koonings.com\/fr\/wp-json\/wp\/v2\/productsilhouette?post=84747"},{"taxonomy":"productstyle","embeddable":true,"href":"https:\/\/www.koonings.com\/fr\/wp-json\/wp\/v2\/productstyle?post=84747"}],"curies":[{"name":"wp","href":"https:\/\/api.w.org\/{rel}","templated":true}]}}