{"id":84743,"date":"2026-04-21T18:08:03","date_gmt":"2026-04-21T16:08:03","guid":{"rendered":"https:\/\/www.koonings.com\/product\/abrazi-a2-4-650-mc\/"},"modified":"2026-02-16T15:18:37","modified_gmt":"2026-02-16T14:18:37","slug":"abrazi-a2-4-650-mc","status":"publish","type":"product","link":"https:\/\/www.koonings.com\/fr\/product\/abrazi-a2-4-650-mc\/","title":{"rendered":"Abrazi A2-4-650-MC Selena"},"content":{"rendered":"<p>Le bracelet Selena Double Pearl est un v\u00e9ritable classique d&#8217;Abrazi et fait partie de notre collection depuis de nombreuses ann\u00e9es. Ce bracelet de mariage est compos\u00e9 de perles Swarovski, de perles interm\u00e9diaires orn\u00e9es de mini-cristaux et d&#8217;un fermoir en argent 925 rhodi\u00e9. Si vous recherchez une parure de mariage classique avec collier, d\u00e9couvrez \u00e9galement le collier et les boucles d&#8217;oreilles Selena.  <\/p>\n","protected":false},"featured_media":84485,"template":"","meta":{"_acf_changed":false,"ghostkit_customizer_options":"","ghostkit_custom_css":"","ghostkit_custom_js_head":"","ghostkit_custom_js_foot":"","ghostkit_typography":""},"productdetails":[],"productneck":[],"productcolor":[],"maat":[],"productsupplier":[510],"productsleeve":[],"productcategory":[511],"productsilhouette":[],"productstyle":[],"class_list":["post-84743","product","type-product","status-publish","has-post-thumbnail","hentry","productsupplier-abrazi","productcategory-sieraden"],"acf":[],"yoast_head":"<!-- This site is optimized with the Yoast SEO plugin v27.3 - https:\/\/yoast.com\/product\/yoast-seo-wordpress\/ -->\n<title>Abrazi A2-4-650-MC Selena | Koonings<\/title>\n<meta name=\"description\" content=\"Le bracelet Selena Double Pearl est un v\u00e9ritable classique d&#039;Abrazi et fait partie de notre collection depuis de nombreuses ann\u00e9es. Ce bracelet de mariage est compos\u00e9 de perles Swarovski, de perles interm\u00e9diaires orn\u00e9es de mini-cristaux et d&#039;un fermoir en argent 925 rhodi\u00e9. Si vous recherchez une parure de mariage classique avec collier, d\u00e9couvrez \u00e9galement le collier et les boucles d&#039;oreilles Selena.\" \/>\n<meta name=\"robots\" content=\"index, follow, max-snippet:-1, max-image-preview:large, max-video-preview:-1\" \/>\n<link rel=\"canonical\" href=\"https:\/\/www.koonings.com\/fr\/product\/abrazi-a2-4-650-mc\/\" \/>\n<meta property=\"og:locale\" content=\"fr_FR\" \/>\n<meta property=\"og:type\" content=\"article\" \/>\n<meta property=\"og:title\" content=\"Abrazi A2-4-650-MC Selena | Koonings\" \/>\n<meta property=\"og:description\" content=\"Le bracelet Selena Double Pearl est un v\u00e9ritable classique d&#039;Abrazi et fait partie de notre collection depuis de nombreuses ann\u00e9es. Ce bracelet de mariage est compos\u00e9 de perles Swarovski, de perles interm\u00e9diaires orn\u00e9es de mini-cristaux et d&#039;un fermoir en argent 925 rhodi\u00e9. Si vous recherchez une parure de mariage classique avec collier, d\u00e9couvrez \u00e9galement le collier et les boucles d&#039;oreilles Selena.\" \/>\n<meta property=\"og:url\" content=\"https:\/\/www.koonings.com\/fr\/product\/abrazi-a2-4-650-mc\/\" \/>\n<meta property=\"og:site_name\" content=\"Koonings\" \/>\n<meta property=\"article:publisher\" content=\"https:\/\/www.facebook.com\/kooningstheweddingpalace\" \/>\n<meta property=\"og:image\" content=\"https:\/\/www.koonings.com\/wp-content\/uploads\/2025\/04\/37067_e6beba40582412da3171bd4a81c3592b96530ecacd7c06c1ae29714d592678171b21f25d.jpeg\" \/>\n\t<meta property=\"og:image:width\" content=\"1334\" \/>\n\t<meta property=\"og:image:height\" content=\"2000\" \/>\n\t<meta property=\"og:image:type\" content=\"image\/jpeg\" \/>\n<meta name=\"twitter:card\" content=\"summary_large_image\" \/>\n<script type=\"application\/ld+json\" class=\"yoast-schema-graph\">{\"@context\":\"https:\\\/\\\/schema.org\",\"@graph\":[{\"@type\":\"WebPage\",\"@id\":\"https:\\\/\\\/www.koonings.com\\\/fr\\\/product\\\/abrazi-a2-4-650-mc\\\/\",\"url\":\"https:\\\/\\\/www.koonings.com\\\/fr\\\/product\\\/abrazi-a2-4-650-mc\\\/\",\"name\":\"Abrazi A2-4-650-MC Selena | Koonings\",\"isPartOf\":{\"@id\":\"https:\\\/\\\/www.koonings.com\\\/fr\\\/#website\"},\"primaryImageOfPage\":{\"@id\":\"https:\\\/\\\/www.koonings.com\\\/fr\\\/product\\\/abrazi-a2-4-650-mc\\\/#primaryimage\"},\"image\":{\"@id\":\"https:\\\/\\\/www.koonings.com\\\/fr\\\/product\\\/abrazi-a2-4-650-mc\\\/#primaryimage\"},\"thumbnailUrl\":\"https:\\\/\\\/www.koonings.com\\\/wp-content\\\/uploads\\\/2025\\\/04\\\/37067_e6beba40582412da3171bd4a81c3592b96530ecacd7c06c1ae29714d592678171b21f25d.jpeg\",\"datePublished\":\"2026-04-21T16:08:03+00:00\",\"description\":\"Le bracelet Selena Double Pearl est un v\u00e9ritable classique d'Abrazi et fait partie de notre collection depuis de nombreuses ann\u00e9es. Ce bracelet de mariage est compos\u00e9 de perles Swarovski, de perles interm\u00e9diaires orn\u00e9es de mini-cristaux et d'un fermoir en argent 925 rhodi\u00e9. Si vous recherchez une parure de mariage classique avec collier, d\u00e9couvrez \u00e9galement le collier et les boucles d'oreilles Selena.\",\"breadcrumb\":{\"@id\":\"https:\\\/\\\/www.koonings.com\\\/fr\\\/product\\\/abrazi-a2-4-650-mc\\\/#breadcrumb\"},\"inLanguage\":\"fr-FR\",\"potentialAction\":[{\"@type\":\"ReadAction\",\"target\":[\"https:\\\/\\\/www.koonings.com\\\/fr\\\/product\\\/abrazi-a2-4-650-mc\\\/\"]}]},{\"@type\":\"ImageObject\",\"inLanguage\":\"fr-FR\",\"@id\":\"https:\\\/\\\/www.koonings.com\\\/fr\\\/product\\\/abrazi-a2-4-650-mc\\\/#primaryimage\",\"url\":\"https:\\\/\\\/www.koonings.com\\\/wp-content\\\/uploads\\\/2025\\\/04\\\/37067_e6beba40582412da3171bd4a81c3592b96530ecacd7c06c1ae29714d592678171b21f25d.jpeg\",\"contentUrl\":\"https:\\\/\\\/www.koonings.com\\\/wp-content\\\/uploads\\\/2025\\\/04\\\/37067_e6beba40582412da3171bd4a81c3592b96530ecacd7c06c1ae29714d592678171b21f25d.jpeg\",\"width\":1334,\"height\":2000},{\"@type\":\"BreadcrumbList\",\"@id\":\"https:\\\/\\\/www.koonings.com\\\/fr\\\/product\\\/abrazi-a2-4-650-mc\\\/#breadcrumb\",\"itemListElement\":[{\"@type\":\"ListItem\",\"position\":1,\"name\":\"Home\",\"item\":\"https:\\\/\\\/www.koonings.com\\\/fr\\\/\"},{\"@type\":\"ListItem\",\"position\":2,\"name\":\"Abrazi A2-4-650-MC Selena\"}]},{\"@type\":\"WebSite\",\"@id\":\"https:\\\/\\\/www.koonings.com\\\/fr\\\/#website\",\"url\":\"https:\\\/\\\/www.koonings.com\\\/fr\\\/\",\"name\":\"Koonings\",\"description\":\"De grootste bruidsmodewinkel ter wereld\",\"publisher\":{\"@id\":\"https:\\\/\\\/www.koonings.com\\\/fr\\\/#organization\"},\"potentialAction\":[{\"@type\":\"SearchAction\",\"target\":{\"@type\":\"EntryPoint\",\"urlTemplate\":\"https:\\\/\\\/www.koonings.com\\\/fr\\\/?s={search_term_string}\"},\"query-input\":{\"@type\":\"PropertyValueSpecification\",\"valueRequired\":true,\"valueName\":\"search_term_string\"}}],\"inLanguage\":\"fr-FR\"},{\"@type\":\"Organization\",\"@id\":\"https:\\\/\\\/www.koonings.com\\\/fr\\\/#organization\",\"name\":\"Koonings\",\"url\":\"https:\\\/\\\/www.koonings.com\\\/fr\\\/\",\"logo\":{\"@type\":\"ImageObject\",\"inLanguage\":\"fr-FR\",\"@id\":\"https:\\\/\\\/www.koonings.com\\\/fr\\\/#\\\/schema\\\/logo\\\/image\\\/\",\"url\":\"https:\\\/\\\/www.koonings.com\\\/wp-content\\\/uploads\\\/2024\\\/07\\\/logo.png\",\"contentUrl\":\"https:\\\/\\\/www.koonings.com\\\/wp-content\\\/uploads\\\/2024\\\/07\\\/logo.png\",\"width\":600,\"height\":428,\"caption\":\"Koonings\"},\"image\":{\"@id\":\"https:\\\/\\\/www.koonings.com\\\/fr\\\/#\\\/schema\\\/logo\\\/image\\\/\"},\"sameAs\":[\"https:\\\/\\\/www.facebook.com\\\/kooningstheweddingpalace\",\"https:\\\/\\\/www.instagram.com\\\/kooningstheweddingpalace\",\"https:\\\/\\\/www.pinterest.com\\\/koonings\",\"https:\\\/\\\/www.youtube.com\\\/kooningstheweddingpalace\"]}]}<\/script>\n<!-- \/ Yoast SEO plugin. -->","yoast_head_json":{"title":"Abrazi A2-4-650-MC Selena | Koonings","description":"Le bracelet Selena Double Pearl est un v\u00e9ritable classique d'Abrazi et fait partie de notre collection depuis de nombreuses ann\u00e9es. Ce bracelet de mariage est compos\u00e9 de perles Swarovski, de perles interm\u00e9diaires orn\u00e9es de mini-cristaux et d'un fermoir en argent 925 rhodi\u00e9. Si vous recherchez une parure de mariage classique avec collier, d\u00e9couvrez \u00e9galement le collier et les boucles d'oreilles Selena.","robots":{"index":"index","follow":"follow","max-snippet":"max-snippet:-1","max-image-preview":"max-image-preview:large","max-video-preview":"max-video-preview:-1"},"canonical":"https:\/\/www.koonings.com\/fr\/product\/abrazi-a2-4-650-mc\/","og_locale":"fr_FR","og_type":"article","og_title":"Abrazi A2-4-650-MC Selena | Koonings","og_description":"Le bracelet Selena Double Pearl est un v\u00e9ritable classique d'Abrazi et fait partie de notre collection depuis de nombreuses ann\u00e9es. Ce bracelet de mariage est compos\u00e9 de perles Swarovski, de perles interm\u00e9diaires orn\u00e9es de mini-cristaux et d'un fermoir en argent 925 rhodi\u00e9. Si vous recherchez une parure de mariage classique avec collier, d\u00e9couvrez \u00e9galement le collier et les boucles d'oreilles Selena.","og_url":"https:\/\/www.koonings.com\/fr\/product\/abrazi-a2-4-650-mc\/","og_site_name":"Koonings","article_publisher":"https:\/\/www.facebook.com\/kooningstheweddingpalace","og_image":[{"width":1334,"height":2000,"url":"https:\/\/www.koonings.com\/wp-content\/uploads\/2025\/04\/37067_e6beba40582412da3171bd4a81c3592b96530ecacd7c06c1ae29714d592678171b21f25d.jpeg","type":"image\/jpeg"}],"twitter_card":"summary_large_image","schema":{"@context":"https:\/\/schema.org","@graph":[{"@type":"WebPage","@id":"https:\/\/www.koonings.com\/fr\/product\/abrazi-a2-4-650-mc\/","url":"https:\/\/www.koonings.com\/fr\/product\/abrazi-a2-4-650-mc\/","name":"Abrazi A2-4-650-MC Selena | Koonings","isPartOf":{"@id":"https:\/\/www.koonings.com\/fr\/#website"},"primaryImageOfPage":{"@id":"https:\/\/www.koonings.com\/fr\/product\/abrazi-a2-4-650-mc\/#primaryimage"},"image":{"@id":"https:\/\/www.koonings.com\/fr\/product\/abrazi-a2-4-650-mc\/#primaryimage"},"thumbnailUrl":"https:\/\/www.koonings.com\/wp-content\/uploads\/2025\/04\/37067_e6beba40582412da3171bd4a81c3592b96530ecacd7c06c1ae29714d592678171b21f25d.jpeg","datePublished":"2026-04-21T16:08:03+00:00","description":"Le bracelet Selena Double Pearl est un v\u00e9ritable classique d'Abrazi et fait partie de notre collection depuis de nombreuses ann\u00e9es. Ce bracelet de mariage est compos\u00e9 de perles Swarovski, de perles interm\u00e9diaires orn\u00e9es de mini-cristaux et d'un fermoir en argent 925 rhodi\u00e9. Si vous recherchez une parure de mariage classique avec collier, d\u00e9couvrez \u00e9galement le collier et les boucles d'oreilles Selena.","breadcrumb":{"@id":"https:\/\/www.koonings.com\/fr\/product\/abrazi-a2-4-650-mc\/#breadcrumb"},"inLanguage":"fr-FR","potentialAction":[{"@type":"ReadAction","target":["https:\/\/www.koonings.com\/fr\/product\/abrazi-a2-4-650-mc\/"]}]},{"@type":"ImageObject","inLanguage":"fr-FR","@id":"https:\/\/www.koonings.com\/fr\/product\/abrazi-a2-4-650-mc\/#primaryimage","url":"https:\/\/www.koonings.com\/wp-content\/uploads\/2025\/04\/37067_e6beba40582412da3171bd4a81c3592b96530ecacd7c06c1ae29714d592678171b21f25d.jpeg","contentUrl":"https:\/\/www.koonings.com\/wp-content\/uploads\/2025\/04\/37067_e6beba40582412da3171bd4a81c3592b96530ecacd7c06c1ae29714d592678171b21f25d.jpeg","width":1334,"height":2000},{"@type":"BreadcrumbList","@id":"https:\/\/www.koonings.com\/fr\/product\/abrazi-a2-4-650-mc\/#breadcrumb","itemListElement":[{"@type":"ListItem","position":1,"name":"Home","item":"https:\/\/www.koonings.com\/fr\/"},{"@type":"ListItem","position":2,"name":"Abrazi A2-4-650-MC Selena"}]},{"@type":"WebSite","@id":"https:\/\/www.koonings.com\/fr\/#website","url":"https:\/\/www.koonings.com\/fr\/","name":"Koonings","description":"De grootste bruidsmodewinkel ter wereld","publisher":{"@id":"https:\/\/www.koonings.com\/fr\/#organization"},"potentialAction":[{"@type":"SearchAction","target":{"@type":"EntryPoint","urlTemplate":"https:\/\/www.koonings.com\/fr\/?s={search_term_string}"},"query-input":{"@type":"PropertyValueSpecification","valueRequired":true,"valueName":"search_term_string"}}],"inLanguage":"fr-FR"},{"@type":"Organization","@id":"https:\/\/www.koonings.com\/fr\/#organization","name":"Koonings","url":"https:\/\/www.koonings.com\/fr\/","logo":{"@type":"ImageObject","inLanguage":"fr-FR","@id":"https:\/\/www.koonings.com\/fr\/#\/schema\/logo\/image\/","url":"https:\/\/www.koonings.com\/wp-content\/uploads\/2024\/07\/logo.png","contentUrl":"https:\/\/www.koonings.com\/wp-content\/uploads\/2024\/07\/logo.png","width":600,"height":428,"caption":"Koonings"},"image":{"@id":"https:\/\/www.koonings.com\/fr\/#\/schema\/logo\/image\/"},"sameAs":["https:\/\/www.facebook.com\/kooningstheweddingpalace","https:\/\/www.instagram.com\/kooningstheweddingpalace","https:\/\/www.pinterest.com\/koonings","https:\/\/www.youtube.com\/kooningstheweddingpalace"]}]}},"_links":{"self":[{"href":"https:\/\/www.koonings.com\/fr\/wp-json\/wp\/v2\/product\/84743","targetHints":{"allow":["GET"]}}],"collection":[{"href":"https:\/\/www.koonings.com\/fr\/wp-json\/wp\/v2\/product"}],"about":[{"href":"https:\/\/www.koonings.com\/fr\/wp-json\/wp\/v2\/types\/product"}],"wp:featuredmedia":[{"embeddable":true,"href":"https:\/\/www.koonings.com\/fr\/wp-json\/wp\/v2\/media\/84485"}],"wp:attachment":[{"href":"https:\/\/www.koonings.com\/fr\/wp-json\/wp\/v2\/media?parent=84743"}],"wp:term":[{"taxonomy":"productdetails","embeddable":true,"href":"https:\/\/www.koonings.com\/fr\/wp-json\/wp\/v2\/productdetails?post=84743"},{"taxonomy":"productneck","embeddable":true,"href":"https:\/\/www.koonings.com\/fr\/wp-json\/wp\/v2\/productneck?post=84743"},{"taxonomy":"productcolor","embeddable":true,"href":"https:\/\/www.koonings.com\/fr\/wp-json\/wp\/v2\/productcolor?post=84743"},{"taxonomy":"maat","embeddable":true,"href":"https:\/\/www.koonings.com\/fr\/wp-json\/wp\/v2\/maat?post=84743"},{"taxonomy":"productsupplier","embeddable":true,"href":"https:\/\/www.koonings.com\/fr\/wp-json\/wp\/v2\/productsupplier?post=84743"},{"taxonomy":"productsleeve","embeddable":true,"href":"https:\/\/www.koonings.com\/fr\/wp-json\/wp\/v2\/productsleeve?post=84743"},{"taxonomy":"productcategory","embeddable":true,"href":"https:\/\/www.koonings.com\/fr\/wp-json\/wp\/v2\/productcategory?post=84743"},{"taxonomy":"productsilhouette","embeddable":true,"href":"https:\/\/www.koonings.com\/fr\/wp-json\/wp\/v2\/productsilhouette?post=84743"},{"taxonomy":"productstyle","embeddable":true,"href":"https:\/\/www.koonings.com\/fr\/wp-json\/wp\/v2\/productstyle?post=84743"}],"curies":[{"name":"wp","href":"https:\/\/api.w.org\/{rel}","templated":true}]}}