{"id":84738,"date":"2026-04-14T16:16:16","date_gmt":"2026-04-14T14:16:16","guid":{"rendered":"https:\/\/www.koonings.com\/product\/abrazi-o5-dc-jet-3\/"},"modified":"2025-06-05T14:01:18","modified_gmt":"2025-06-05T12:01:18","slug":"abrazi-o5-dc-jet-3","status":"publish","type":"product","link":"https:\/\/www.koonings.com\/fr\/product\/abrazi-o5-dc-jet-3\/","title":{"rendered":"Abrazi O5-DC Jet"},"content":{"rendered":"<p>Les boucles d&#8217;oreilles Jet sont des boucles d&#8217;oreilles simples, classiques et sophistiqu\u00e9es, incrust\u00e9es de minuscules cristaux. Les boucles d&#8217;oreilles Jet sont disponibles avec un placage rhodium, or 14ct ou rose. Si vous \u00eates \u00e0 la recherche d&#8217;une parure de mariage, d\u00e9couvrez \u00e9galement le collier Jet.  <\/p>\n","protected":false},"featured_media":84360,"template":"","meta":{"_acf_changed":false,"ghostkit_customizer_options":"","ghostkit_custom_css":"","ghostkit_custom_js_head":"","ghostkit_custom_js_foot":"","ghostkit_typography":""},"productdetails":[],"productneck":[],"productcolor":[],"maat":[],"productsupplier":[510],"productsleeve":[],"productcategory":[511],"productsilhouette":[],"productstyle":[],"class_list":["post-84738","product","type-product","status-publish","has-post-thumbnail","hentry","productsupplier-abrazi","productcategory-sieraden"],"acf":[],"yoast_head":"<!-- This site is optimized with the Yoast SEO plugin v27.3 - https:\/\/yoast.com\/product\/yoast-seo-wordpress\/ -->\n<title>Abrazi O5-DC Jet | Koonings<\/title>\n<meta name=\"description\" content=\"Les boucles d&#039;oreilles Jet sont des boucles d&#039;oreilles simples, classiques et sophistiqu\u00e9es, incrust\u00e9es de minuscules cristaux. Les boucles d&#039;oreilles Jet sont disponibles avec un placage rhodium, or 14ct ou rose. Si vous \u00eates \u00e0 la recherche d&#039;une parure de mariage, d\u00e9couvrez \u00e9galement le collier Jet.\" \/>\n<meta name=\"robots\" content=\"index, follow, max-snippet:-1, max-image-preview:large, max-video-preview:-1\" \/>\n<link rel=\"canonical\" href=\"https:\/\/www.koonings.com\/fr\/product\/abrazi-o5-dc-jet-3\/\" \/>\n<meta property=\"og:locale\" content=\"fr_FR\" \/>\n<meta property=\"og:type\" content=\"article\" \/>\n<meta property=\"og:title\" content=\"Abrazi O5-DC Jet | Koonings\" \/>\n<meta property=\"og:description\" content=\"Les boucles d&#039;oreilles Jet sont des boucles d&#039;oreilles simples, classiques et sophistiqu\u00e9es, incrust\u00e9es de minuscules cristaux. Les boucles d&#039;oreilles Jet sont disponibles avec un placage rhodium, or 14ct ou rose. Si vous \u00eates \u00e0 la recherche d&#039;une parure de mariage, d\u00e9couvrez \u00e9galement le collier Jet.\" \/>\n<meta property=\"og:url\" content=\"https:\/\/www.koonings.com\/fr\/product\/abrazi-o5-dc-jet-3\/\" \/>\n<meta property=\"og:site_name\" content=\"Koonings\" \/>\n<meta property=\"article:publisher\" content=\"https:\/\/www.facebook.com\/kooningstheweddingpalace\" \/>\n<meta property=\"og:image\" content=\"https:\/\/www.koonings.com\/wp-content\/uploads\/2025\/04\/39722_a337266b4410c77ba0bc3bade282540c204950c9c2bc61e0afdb0dcac7491eae374a6cbd.jpeg\" \/>\n\t<meta property=\"og:image:width\" content=\"1334\" \/>\n\t<meta property=\"og:image:height\" content=\"2000\" \/>\n\t<meta property=\"og:image:type\" content=\"image\/jpeg\" \/>\n<meta name=\"twitter:card\" content=\"summary_large_image\" \/>\n<script type=\"application\/ld+json\" class=\"yoast-schema-graph\">{\"@context\":\"https:\\\/\\\/schema.org\",\"@graph\":[{\"@type\":\"WebPage\",\"@id\":\"https:\\\/\\\/www.koonings.com\\\/fr\\\/product\\\/abrazi-o5-dc-jet-3\\\/\",\"url\":\"https:\\\/\\\/www.koonings.com\\\/fr\\\/product\\\/abrazi-o5-dc-jet-3\\\/\",\"name\":\"Abrazi O5-DC Jet | Koonings\",\"isPartOf\":{\"@id\":\"https:\\\/\\\/www.koonings.com\\\/fr\\\/#website\"},\"primaryImageOfPage\":{\"@id\":\"https:\\\/\\\/www.koonings.com\\\/fr\\\/product\\\/abrazi-o5-dc-jet-3\\\/#primaryimage\"},\"image\":{\"@id\":\"https:\\\/\\\/www.koonings.com\\\/fr\\\/product\\\/abrazi-o5-dc-jet-3\\\/#primaryimage\"},\"thumbnailUrl\":\"https:\\\/\\\/www.koonings.com\\\/wp-content\\\/uploads\\\/2025\\\/04\\\/39722_a337266b4410c77ba0bc3bade282540c204950c9c2bc61e0afdb0dcac7491eae374a6cbd.jpeg\",\"datePublished\":\"2026-04-14T14:16:16+00:00\",\"description\":\"Les boucles d'oreilles Jet sont des boucles d'oreilles simples, classiques et sophistiqu\u00e9es, incrust\u00e9es de minuscules cristaux. Les boucles d'oreilles Jet sont disponibles avec un placage rhodium, or 14ct ou rose. Si vous \u00eates \u00e0 la recherche d'une parure de mariage, d\u00e9couvrez \u00e9galement le collier Jet.\",\"breadcrumb\":{\"@id\":\"https:\\\/\\\/www.koonings.com\\\/fr\\\/product\\\/abrazi-o5-dc-jet-3\\\/#breadcrumb\"},\"inLanguage\":\"fr-FR\",\"potentialAction\":[{\"@type\":\"ReadAction\",\"target\":[\"https:\\\/\\\/www.koonings.com\\\/fr\\\/product\\\/abrazi-o5-dc-jet-3\\\/\"]}]},{\"@type\":\"ImageObject\",\"inLanguage\":\"fr-FR\",\"@id\":\"https:\\\/\\\/www.koonings.com\\\/fr\\\/product\\\/abrazi-o5-dc-jet-3\\\/#primaryimage\",\"url\":\"https:\\\/\\\/www.koonings.com\\\/wp-content\\\/uploads\\\/2025\\\/04\\\/39722_a337266b4410c77ba0bc3bade282540c204950c9c2bc61e0afdb0dcac7491eae374a6cbd.jpeg\",\"contentUrl\":\"https:\\\/\\\/www.koonings.com\\\/wp-content\\\/uploads\\\/2025\\\/04\\\/39722_a337266b4410c77ba0bc3bade282540c204950c9c2bc61e0afdb0dcac7491eae374a6cbd.jpeg\",\"width\":1334,\"height\":2000},{\"@type\":\"BreadcrumbList\",\"@id\":\"https:\\\/\\\/www.koonings.com\\\/fr\\\/product\\\/abrazi-o5-dc-jet-3\\\/#breadcrumb\",\"itemListElement\":[{\"@type\":\"ListItem\",\"position\":1,\"name\":\"Home\",\"item\":\"https:\\\/\\\/www.koonings.com\\\/fr\\\/\"},{\"@type\":\"ListItem\",\"position\":2,\"name\":\"Abrazi O5-DC Jet\"}]},{\"@type\":\"WebSite\",\"@id\":\"https:\\\/\\\/www.koonings.com\\\/fr\\\/#website\",\"url\":\"https:\\\/\\\/www.koonings.com\\\/fr\\\/\",\"name\":\"Koonings\",\"description\":\"De grootste bruidsmodewinkel ter wereld\",\"publisher\":{\"@id\":\"https:\\\/\\\/www.koonings.com\\\/fr\\\/#organization\"},\"potentialAction\":[{\"@type\":\"SearchAction\",\"target\":{\"@type\":\"EntryPoint\",\"urlTemplate\":\"https:\\\/\\\/www.koonings.com\\\/fr\\\/?s={search_term_string}\"},\"query-input\":{\"@type\":\"PropertyValueSpecification\",\"valueRequired\":true,\"valueName\":\"search_term_string\"}}],\"inLanguage\":\"fr-FR\"},{\"@type\":\"Organization\",\"@id\":\"https:\\\/\\\/www.koonings.com\\\/fr\\\/#organization\",\"name\":\"Koonings\",\"url\":\"https:\\\/\\\/www.koonings.com\\\/fr\\\/\",\"logo\":{\"@type\":\"ImageObject\",\"inLanguage\":\"fr-FR\",\"@id\":\"https:\\\/\\\/www.koonings.com\\\/fr\\\/#\\\/schema\\\/logo\\\/image\\\/\",\"url\":\"https:\\\/\\\/www.koonings.com\\\/wp-content\\\/uploads\\\/2024\\\/07\\\/logo.png\",\"contentUrl\":\"https:\\\/\\\/www.koonings.com\\\/wp-content\\\/uploads\\\/2024\\\/07\\\/logo.png\",\"width\":600,\"height\":428,\"caption\":\"Koonings\"},\"image\":{\"@id\":\"https:\\\/\\\/www.koonings.com\\\/fr\\\/#\\\/schema\\\/logo\\\/image\\\/\"},\"sameAs\":[\"https:\\\/\\\/www.facebook.com\\\/kooningstheweddingpalace\",\"https:\\\/\\\/www.instagram.com\\\/kooningstheweddingpalace\",\"https:\\\/\\\/www.pinterest.com\\\/koonings\",\"https:\\\/\\\/www.youtube.com\\\/kooningstheweddingpalace\"]}]}<\/script>\n<!-- \/ Yoast SEO plugin. -->","yoast_head_json":{"title":"Abrazi O5-DC Jet | Koonings","description":"Les boucles d'oreilles Jet sont des boucles d'oreilles simples, classiques et sophistiqu\u00e9es, incrust\u00e9es de minuscules cristaux. Les boucles d'oreilles Jet sont disponibles avec un placage rhodium, or 14ct ou rose. Si vous \u00eates \u00e0 la recherche d'une parure de mariage, d\u00e9couvrez \u00e9galement le collier Jet.","robots":{"index":"index","follow":"follow","max-snippet":"max-snippet:-1","max-image-preview":"max-image-preview:large","max-video-preview":"max-video-preview:-1"},"canonical":"https:\/\/www.koonings.com\/fr\/product\/abrazi-o5-dc-jet-3\/","og_locale":"fr_FR","og_type":"article","og_title":"Abrazi O5-DC Jet | Koonings","og_description":"Les boucles d'oreilles Jet sont des boucles d'oreilles simples, classiques et sophistiqu\u00e9es, incrust\u00e9es de minuscules cristaux. Les boucles d'oreilles Jet sont disponibles avec un placage rhodium, or 14ct ou rose. Si vous \u00eates \u00e0 la recherche d'une parure de mariage, d\u00e9couvrez \u00e9galement le collier Jet.","og_url":"https:\/\/www.koonings.com\/fr\/product\/abrazi-o5-dc-jet-3\/","og_site_name":"Koonings","article_publisher":"https:\/\/www.facebook.com\/kooningstheweddingpalace","og_image":[{"width":1334,"height":2000,"url":"https:\/\/www.koonings.com\/wp-content\/uploads\/2025\/04\/39722_a337266b4410c77ba0bc3bade282540c204950c9c2bc61e0afdb0dcac7491eae374a6cbd.jpeg","type":"image\/jpeg"}],"twitter_card":"summary_large_image","schema":{"@context":"https:\/\/schema.org","@graph":[{"@type":"WebPage","@id":"https:\/\/www.koonings.com\/fr\/product\/abrazi-o5-dc-jet-3\/","url":"https:\/\/www.koonings.com\/fr\/product\/abrazi-o5-dc-jet-3\/","name":"Abrazi O5-DC Jet | Koonings","isPartOf":{"@id":"https:\/\/www.koonings.com\/fr\/#website"},"primaryImageOfPage":{"@id":"https:\/\/www.koonings.com\/fr\/product\/abrazi-o5-dc-jet-3\/#primaryimage"},"image":{"@id":"https:\/\/www.koonings.com\/fr\/product\/abrazi-o5-dc-jet-3\/#primaryimage"},"thumbnailUrl":"https:\/\/www.koonings.com\/wp-content\/uploads\/2025\/04\/39722_a337266b4410c77ba0bc3bade282540c204950c9c2bc61e0afdb0dcac7491eae374a6cbd.jpeg","datePublished":"2026-04-14T14:16:16+00:00","description":"Les boucles d'oreilles Jet sont des boucles d'oreilles simples, classiques et sophistiqu\u00e9es, incrust\u00e9es de minuscules cristaux. Les boucles d'oreilles Jet sont disponibles avec un placage rhodium, or 14ct ou rose. Si vous \u00eates \u00e0 la recherche d'une parure de mariage, d\u00e9couvrez \u00e9galement le collier Jet.","breadcrumb":{"@id":"https:\/\/www.koonings.com\/fr\/product\/abrazi-o5-dc-jet-3\/#breadcrumb"},"inLanguage":"fr-FR","potentialAction":[{"@type":"ReadAction","target":["https:\/\/www.koonings.com\/fr\/product\/abrazi-o5-dc-jet-3\/"]}]},{"@type":"ImageObject","inLanguage":"fr-FR","@id":"https:\/\/www.koonings.com\/fr\/product\/abrazi-o5-dc-jet-3\/#primaryimage","url":"https:\/\/www.koonings.com\/wp-content\/uploads\/2025\/04\/39722_a337266b4410c77ba0bc3bade282540c204950c9c2bc61e0afdb0dcac7491eae374a6cbd.jpeg","contentUrl":"https:\/\/www.koonings.com\/wp-content\/uploads\/2025\/04\/39722_a337266b4410c77ba0bc3bade282540c204950c9c2bc61e0afdb0dcac7491eae374a6cbd.jpeg","width":1334,"height":2000},{"@type":"BreadcrumbList","@id":"https:\/\/www.koonings.com\/fr\/product\/abrazi-o5-dc-jet-3\/#breadcrumb","itemListElement":[{"@type":"ListItem","position":1,"name":"Home","item":"https:\/\/www.koonings.com\/fr\/"},{"@type":"ListItem","position":2,"name":"Abrazi O5-DC Jet"}]},{"@type":"WebSite","@id":"https:\/\/www.koonings.com\/fr\/#website","url":"https:\/\/www.koonings.com\/fr\/","name":"Koonings","description":"De grootste bruidsmodewinkel ter wereld","publisher":{"@id":"https:\/\/www.koonings.com\/fr\/#organization"},"potentialAction":[{"@type":"SearchAction","target":{"@type":"EntryPoint","urlTemplate":"https:\/\/www.koonings.com\/fr\/?s={search_term_string}"},"query-input":{"@type":"PropertyValueSpecification","valueRequired":true,"valueName":"search_term_string"}}],"inLanguage":"fr-FR"},{"@type":"Organization","@id":"https:\/\/www.koonings.com\/fr\/#organization","name":"Koonings","url":"https:\/\/www.koonings.com\/fr\/","logo":{"@type":"ImageObject","inLanguage":"fr-FR","@id":"https:\/\/www.koonings.com\/fr\/#\/schema\/logo\/image\/","url":"https:\/\/www.koonings.com\/wp-content\/uploads\/2024\/07\/logo.png","contentUrl":"https:\/\/www.koonings.com\/wp-content\/uploads\/2024\/07\/logo.png","width":600,"height":428,"caption":"Koonings"},"image":{"@id":"https:\/\/www.koonings.com\/fr\/#\/schema\/logo\/image\/"},"sameAs":["https:\/\/www.facebook.com\/kooningstheweddingpalace","https:\/\/www.instagram.com\/kooningstheweddingpalace","https:\/\/www.pinterest.com\/koonings","https:\/\/www.youtube.com\/kooningstheweddingpalace"]}]}},"_links":{"self":[{"href":"https:\/\/www.koonings.com\/fr\/wp-json\/wp\/v2\/product\/84738","targetHints":{"allow":["GET"]}}],"collection":[{"href":"https:\/\/www.koonings.com\/fr\/wp-json\/wp\/v2\/product"}],"about":[{"href":"https:\/\/www.koonings.com\/fr\/wp-json\/wp\/v2\/types\/product"}],"wp:featuredmedia":[{"embeddable":true,"href":"https:\/\/www.koonings.com\/fr\/wp-json\/wp\/v2\/media\/84360"}],"wp:attachment":[{"href":"https:\/\/www.koonings.com\/fr\/wp-json\/wp\/v2\/media?parent=84738"}],"wp:term":[{"taxonomy":"productdetails","embeddable":true,"href":"https:\/\/www.koonings.com\/fr\/wp-json\/wp\/v2\/productdetails?post=84738"},{"taxonomy":"productneck","embeddable":true,"href":"https:\/\/www.koonings.com\/fr\/wp-json\/wp\/v2\/productneck?post=84738"},{"taxonomy":"productcolor","embeddable":true,"href":"https:\/\/www.koonings.com\/fr\/wp-json\/wp\/v2\/productcolor?post=84738"},{"taxonomy":"maat","embeddable":true,"href":"https:\/\/www.koonings.com\/fr\/wp-json\/wp\/v2\/maat?post=84738"},{"taxonomy":"productsupplier","embeddable":true,"href":"https:\/\/www.koonings.com\/fr\/wp-json\/wp\/v2\/productsupplier?post=84738"},{"taxonomy":"productsleeve","embeddable":true,"href":"https:\/\/www.koonings.com\/fr\/wp-json\/wp\/v2\/productsleeve?post=84738"},{"taxonomy":"productcategory","embeddable":true,"href":"https:\/\/www.koonings.com\/fr\/wp-json\/wp\/v2\/productcategory?post=84738"},{"taxonomy":"productsilhouette","embeddable":true,"href":"https:\/\/www.koonings.com\/fr\/wp-json\/wp\/v2\/productsilhouette?post=84738"},{"taxonomy":"productstyle","embeddable":true,"href":"https:\/\/www.koonings.com\/fr\/wp-json\/wp\/v2\/productstyle?post=84738"}],"curies":[{"name":"wp","href":"https:\/\/api.w.org\/{rel}","templated":true}]}}