{"id":84735,"date":"2026-04-14T16:10:32","date_gmt":"2026-04-14T14:10:32","guid":{"rendered":"https:\/\/www.koonings.com\/product\/abrazi-o6-rnd-skt\/"},"modified":"2026-02-16T15:18:23","modified_gmt":"2026-02-16T14:18:23","slug":"abrazi-o6-rnd-skt","status":"publish","type":"product","link":"https:\/\/www.koonings.com\/fr\/product\/abrazi-o6-rnd-skt\/","title":{"rendered":"Abrazi O6-RND-SKT Adele"},"content":{"rendered":"<p>Les boucles d&#8217;oreilles Adele sont de v\u00e9ritables pi\u00e8ces d&#8217;apparat pour votre mariage, fabriqu\u00e9es avec des cristaux Swarovski et du laiton durable. Ces magnifiques boucles d&#8217;oreilles de mariage sont disponibles avec un rev\u00eatement en rhodium, en or 14kt ou en or rose. Si vous cherchez une taille plus petite, nous l&#8217;avons aussi.  <\/p>\n","protected":false},"featured_media":84420,"template":"","meta":{"_acf_changed":false,"ghostkit_customizer_options":"","ghostkit_custom_css":"","ghostkit_custom_js_head":"","ghostkit_custom_js_foot":"","ghostkit_typography":""},"productdetails":[],"productneck":[],"productcolor":[],"maat":[],"productsupplier":[510],"productsleeve":[],"productcategory":[511],"productsilhouette":[],"productstyle":[],"class_list":["post-84735","product","type-product","status-publish","has-post-thumbnail","hentry","productsupplier-abrazi","productcategory-sieraden"],"acf":[],"yoast_head":"<!-- This site is optimized with the Yoast SEO plugin v27.3 - https:\/\/yoast.com\/product\/yoast-seo-wordpress\/ -->\n<title>Abrazi O6-RND-SKT Adele | Koonings<\/title>\n<meta name=\"description\" content=\"Les boucles d&#039;oreilles Adele sont de v\u00e9ritables pi\u00e8ces d&#039;apparat pour votre mariage, fabriqu\u00e9es avec des cristaux Swarovski et du laiton durable. Ces magnifiques boucles d&#039;oreilles de mariage sont disponibles avec un rev\u00eatement en rhodium, en or 14kt ou en or rose. Si vous cherchez une taille plus petite, nous l&#039;avons aussi.\" \/>\n<meta name=\"robots\" content=\"index, follow, max-snippet:-1, max-image-preview:large, max-video-preview:-1\" \/>\n<link rel=\"canonical\" href=\"https:\/\/www.koonings.com\/fr\/product\/abrazi-o6-rnd-skt\/\" \/>\n<meta property=\"og:locale\" content=\"fr_FR\" \/>\n<meta property=\"og:type\" content=\"article\" \/>\n<meta property=\"og:title\" content=\"Abrazi O6-RND-SKT Adele | Koonings\" \/>\n<meta property=\"og:description\" content=\"Les boucles d&#039;oreilles Adele sont de v\u00e9ritables pi\u00e8ces d&#039;apparat pour votre mariage, fabriqu\u00e9es avec des cristaux Swarovski et du laiton durable. Ces magnifiques boucles d&#039;oreilles de mariage sont disponibles avec un rev\u00eatement en rhodium, en or 14kt ou en or rose. Si vous cherchez une taille plus petite, nous l&#039;avons aussi.\" \/>\n<meta property=\"og:url\" content=\"https:\/\/www.koonings.com\/fr\/product\/abrazi-o6-rnd-skt\/\" \/>\n<meta property=\"og:site_name\" content=\"Koonings\" \/>\n<meta property=\"article:publisher\" content=\"https:\/\/www.facebook.com\/kooningstheweddingpalace\" \/>\n<meta property=\"og:image\" content=\"https:\/\/www.koonings.com\/wp-content\/uploads\/2025\/04\/38031_72e47389aae05c437847161b1c2da2112f4aa51ec7a66ac2f44b6ab284ced10dfbff29e4.jpeg\" \/>\n\t<meta property=\"og:image:width\" content=\"800\" \/>\n\t<meta property=\"og:image:height\" content=\"1200\" \/>\n\t<meta property=\"og:image:type\" content=\"image\/jpeg\" \/>\n<meta name=\"twitter:card\" content=\"summary_large_image\" \/>\n<script type=\"application\/ld+json\" class=\"yoast-schema-graph\">{\"@context\":\"https:\\\/\\\/schema.org\",\"@graph\":[{\"@type\":\"WebPage\",\"@id\":\"https:\\\/\\\/www.koonings.com\\\/fr\\\/product\\\/abrazi-o6-rnd-skt\\\/\",\"url\":\"https:\\\/\\\/www.koonings.com\\\/fr\\\/product\\\/abrazi-o6-rnd-skt\\\/\",\"name\":\"Abrazi O6-RND-SKT Adele | Koonings\",\"isPartOf\":{\"@id\":\"https:\\\/\\\/www.koonings.com\\\/fr\\\/#website\"},\"primaryImageOfPage\":{\"@id\":\"https:\\\/\\\/www.koonings.com\\\/fr\\\/product\\\/abrazi-o6-rnd-skt\\\/#primaryimage\"},\"image\":{\"@id\":\"https:\\\/\\\/www.koonings.com\\\/fr\\\/product\\\/abrazi-o6-rnd-skt\\\/#primaryimage\"},\"thumbnailUrl\":\"https:\\\/\\\/www.koonings.com\\\/wp-content\\\/uploads\\\/2025\\\/04\\\/38031_72e47389aae05c437847161b1c2da2112f4aa51ec7a66ac2f44b6ab284ced10dfbff29e4.jpeg\",\"datePublished\":\"2026-04-14T14:10:32+00:00\",\"description\":\"Les boucles d'oreilles Adele sont de v\u00e9ritables pi\u00e8ces d'apparat pour votre mariage, fabriqu\u00e9es avec des cristaux Swarovski et du laiton durable. Ces magnifiques boucles d'oreilles de mariage sont disponibles avec un rev\u00eatement en rhodium, en or 14kt ou en or rose. Si vous cherchez une taille plus petite, nous l'avons aussi.\",\"breadcrumb\":{\"@id\":\"https:\\\/\\\/www.koonings.com\\\/fr\\\/product\\\/abrazi-o6-rnd-skt\\\/#breadcrumb\"},\"inLanguage\":\"fr-FR\",\"potentialAction\":[{\"@type\":\"ReadAction\",\"target\":[\"https:\\\/\\\/www.koonings.com\\\/fr\\\/product\\\/abrazi-o6-rnd-skt\\\/\"]}]},{\"@type\":\"ImageObject\",\"inLanguage\":\"fr-FR\",\"@id\":\"https:\\\/\\\/www.koonings.com\\\/fr\\\/product\\\/abrazi-o6-rnd-skt\\\/#primaryimage\",\"url\":\"https:\\\/\\\/www.koonings.com\\\/wp-content\\\/uploads\\\/2025\\\/04\\\/38031_72e47389aae05c437847161b1c2da2112f4aa51ec7a66ac2f44b6ab284ced10dfbff29e4.jpeg\",\"contentUrl\":\"https:\\\/\\\/www.koonings.com\\\/wp-content\\\/uploads\\\/2025\\\/04\\\/38031_72e47389aae05c437847161b1c2da2112f4aa51ec7a66ac2f44b6ab284ced10dfbff29e4.jpeg\",\"width\":800,\"height\":1200},{\"@type\":\"BreadcrumbList\",\"@id\":\"https:\\\/\\\/www.koonings.com\\\/fr\\\/product\\\/abrazi-o6-rnd-skt\\\/#breadcrumb\",\"itemListElement\":[{\"@type\":\"ListItem\",\"position\":1,\"name\":\"Home\",\"item\":\"https:\\\/\\\/www.koonings.com\\\/fr\\\/\"},{\"@type\":\"ListItem\",\"position\":2,\"name\":\"Abrazi O6-RND-SKT Adele\"}]},{\"@type\":\"WebSite\",\"@id\":\"https:\\\/\\\/www.koonings.com\\\/fr\\\/#website\",\"url\":\"https:\\\/\\\/www.koonings.com\\\/fr\\\/\",\"name\":\"Koonings\",\"description\":\"De grootste bruidsmodewinkel ter wereld\",\"publisher\":{\"@id\":\"https:\\\/\\\/www.koonings.com\\\/fr\\\/#organization\"},\"potentialAction\":[{\"@type\":\"SearchAction\",\"target\":{\"@type\":\"EntryPoint\",\"urlTemplate\":\"https:\\\/\\\/www.koonings.com\\\/fr\\\/?s={search_term_string}\"},\"query-input\":{\"@type\":\"PropertyValueSpecification\",\"valueRequired\":true,\"valueName\":\"search_term_string\"}}],\"inLanguage\":\"fr-FR\"},{\"@type\":\"Organization\",\"@id\":\"https:\\\/\\\/www.koonings.com\\\/fr\\\/#organization\",\"name\":\"Koonings\",\"url\":\"https:\\\/\\\/www.koonings.com\\\/fr\\\/\",\"logo\":{\"@type\":\"ImageObject\",\"inLanguage\":\"fr-FR\",\"@id\":\"https:\\\/\\\/www.koonings.com\\\/fr\\\/#\\\/schema\\\/logo\\\/image\\\/\",\"url\":\"https:\\\/\\\/www.koonings.com\\\/wp-content\\\/uploads\\\/2024\\\/07\\\/logo.png\",\"contentUrl\":\"https:\\\/\\\/www.koonings.com\\\/wp-content\\\/uploads\\\/2024\\\/07\\\/logo.png\",\"width\":600,\"height\":428,\"caption\":\"Koonings\"},\"image\":{\"@id\":\"https:\\\/\\\/www.koonings.com\\\/fr\\\/#\\\/schema\\\/logo\\\/image\\\/\"},\"sameAs\":[\"https:\\\/\\\/www.facebook.com\\\/kooningstheweddingpalace\",\"https:\\\/\\\/www.instagram.com\\\/kooningstheweddingpalace\",\"https:\\\/\\\/www.pinterest.com\\\/koonings\",\"https:\\\/\\\/www.youtube.com\\\/kooningstheweddingpalace\"]}]}<\/script>\n<!-- \/ Yoast SEO plugin. -->","yoast_head_json":{"title":"Abrazi O6-RND-SKT Adele | Koonings","description":"Les boucles d'oreilles Adele sont de v\u00e9ritables pi\u00e8ces d'apparat pour votre mariage, fabriqu\u00e9es avec des cristaux Swarovski et du laiton durable. Ces magnifiques boucles d'oreilles de mariage sont disponibles avec un rev\u00eatement en rhodium, en or 14kt ou en or rose. Si vous cherchez une taille plus petite, nous l'avons aussi.","robots":{"index":"index","follow":"follow","max-snippet":"max-snippet:-1","max-image-preview":"max-image-preview:large","max-video-preview":"max-video-preview:-1"},"canonical":"https:\/\/www.koonings.com\/fr\/product\/abrazi-o6-rnd-skt\/","og_locale":"fr_FR","og_type":"article","og_title":"Abrazi O6-RND-SKT Adele | Koonings","og_description":"Les boucles d'oreilles Adele sont de v\u00e9ritables pi\u00e8ces d'apparat pour votre mariage, fabriqu\u00e9es avec des cristaux Swarovski et du laiton durable. Ces magnifiques boucles d'oreilles de mariage sont disponibles avec un rev\u00eatement en rhodium, en or 14kt ou en or rose. Si vous cherchez une taille plus petite, nous l'avons aussi.","og_url":"https:\/\/www.koonings.com\/fr\/product\/abrazi-o6-rnd-skt\/","og_site_name":"Koonings","article_publisher":"https:\/\/www.facebook.com\/kooningstheweddingpalace","og_image":[{"width":800,"height":1200,"url":"https:\/\/www.koonings.com\/wp-content\/uploads\/2025\/04\/38031_72e47389aae05c437847161b1c2da2112f4aa51ec7a66ac2f44b6ab284ced10dfbff29e4.jpeg","type":"image\/jpeg"}],"twitter_card":"summary_large_image","schema":{"@context":"https:\/\/schema.org","@graph":[{"@type":"WebPage","@id":"https:\/\/www.koonings.com\/fr\/product\/abrazi-o6-rnd-skt\/","url":"https:\/\/www.koonings.com\/fr\/product\/abrazi-o6-rnd-skt\/","name":"Abrazi O6-RND-SKT Adele | Koonings","isPartOf":{"@id":"https:\/\/www.koonings.com\/fr\/#website"},"primaryImageOfPage":{"@id":"https:\/\/www.koonings.com\/fr\/product\/abrazi-o6-rnd-skt\/#primaryimage"},"image":{"@id":"https:\/\/www.koonings.com\/fr\/product\/abrazi-o6-rnd-skt\/#primaryimage"},"thumbnailUrl":"https:\/\/www.koonings.com\/wp-content\/uploads\/2025\/04\/38031_72e47389aae05c437847161b1c2da2112f4aa51ec7a66ac2f44b6ab284ced10dfbff29e4.jpeg","datePublished":"2026-04-14T14:10:32+00:00","description":"Les boucles d'oreilles Adele sont de v\u00e9ritables pi\u00e8ces d'apparat pour votre mariage, fabriqu\u00e9es avec des cristaux Swarovski et du laiton durable. Ces magnifiques boucles d'oreilles de mariage sont disponibles avec un rev\u00eatement en rhodium, en or 14kt ou en or rose. Si vous cherchez une taille plus petite, nous l'avons aussi.","breadcrumb":{"@id":"https:\/\/www.koonings.com\/fr\/product\/abrazi-o6-rnd-skt\/#breadcrumb"},"inLanguage":"fr-FR","potentialAction":[{"@type":"ReadAction","target":["https:\/\/www.koonings.com\/fr\/product\/abrazi-o6-rnd-skt\/"]}]},{"@type":"ImageObject","inLanguage":"fr-FR","@id":"https:\/\/www.koonings.com\/fr\/product\/abrazi-o6-rnd-skt\/#primaryimage","url":"https:\/\/www.koonings.com\/wp-content\/uploads\/2025\/04\/38031_72e47389aae05c437847161b1c2da2112f4aa51ec7a66ac2f44b6ab284ced10dfbff29e4.jpeg","contentUrl":"https:\/\/www.koonings.com\/wp-content\/uploads\/2025\/04\/38031_72e47389aae05c437847161b1c2da2112f4aa51ec7a66ac2f44b6ab284ced10dfbff29e4.jpeg","width":800,"height":1200},{"@type":"BreadcrumbList","@id":"https:\/\/www.koonings.com\/fr\/product\/abrazi-o6-rnd-skt\/#breadcrumb","itemListElement":[{"@type":"ListItem","position":1,"name":"Home","item":"https:\/\/www.koonings.com\/fr\/"},{"@type":"ListItem","position":2,"name":"Abrazi O6-RND-SKT Adele"}]},{"@type":"WebSite","@id":"https:\/\/www.koonings.com\/fr\/#website","url":"https:\/\/www.koonings.com\/fr\/","name":"Koonings","description":"De grootste bruidsmodewinkel ter wereld","publisher":{"@id":"https:\/\/www.koonings.com\/fr\/#organization"},"potentialAction":[{"@type":"SearchAction","target":{"@type":"EntryPoint","urlTemplate":"https:\/\/www.koonings.com\/fr\/?s={search_term_string}"},"query-input":{"@type":"PropertyValueSpecification","valueRequired":true,"valueName":"search_term_string"}}],"inLanguage":"fr-FR"},{"@type":"Organization","@id":"https:\/\/www.koonings.com\/fr\/#organization","name":"Koonings","url":"https:\/\/www.koonings.com\/fr\/","logo":{"@type":"ImageObject","inLanguage":"fr-FR","@id":"https:\/\/www.koonings.com\/fr\/#\/schema\/logo\/image\/","url":"https:\/\/www.koonings.com\/wp-content\/uploads\/2024\/07\/logo.png","contentUrl":"https:\/\/www.koonings.com\/wp-content\/uploads\/2024\/07\/logo.png","width":600,"height":428,"caption":"Koonings"},"image":{"@id":"https:\/\/www.koonings.com\/fr\/#\/schema\/logo\/image\/"},"sameAs":["https:\/\/www.facebook.com\/kooningstheweddingpalace","https:\/\/www.instagram.com\/kooningstheweddingpalace","https:\/\/www.pinterest.com\/koonings","https:\/\/www.youtube.com\/kooningstheweddingpalace"]}]}},"_links":{"self":[{"href":"https:\/\/www.koonings.com\/fr\/wp-json\/wp\/v2\/product\/84735","targetHints":{"allow":["GET"]}}],"collection":[{"href":"https:\/\/www.koonings.com\/fr\/wp-json\/wp\/v2\/product"}],"about":[{"href":"https:\/\/www.koonings.com\/fr\/wp-json\/wp\/v2\/types\/product"}],"wp:featuredmedia":[{"embeddable":true,"href":"https:\/\/www.koonings.com\/fr\/wp-json\/wp\/v2\/media\/84420"}],"wp:attachment":[{"href":"https:\/\/www.koonings.com\/fr\/wp-json\/wp\/v2\/media?parent=84735"}],"wp:term":[{"taxonomy":"productdetails","embeddable":true,"href":"https:\/\/www.koonings.com\/fr\/wp-json\/wp\/v2\/productdetails?post=84735"},{"taxonomy":"productneck","embeddable":true,"href":"https:\/\/www.koonings.com\/fr\/wp-json\/wp\/v2\/productneck?post=84735"},{"taxonomy":"productcolor","embeddable":true,"href":"https:\/\/www.koonings.com\/fr\/wp-json\/wp\/v2\/productcolor?post=84735"},{"taxonomy":"maat","embeddable":true,"href":"https:\/\/www.koonings.com\/fr\/wp-json\/wp\/v2\/maat?post=84735"},{"taxonomy":"productsupplier","embeddable":true,"href":"https:\/\/www.koonings.com\/fr\/wp-json\/wp\/v2\/productsupplier?post=84735"},{"taxonomy":"productsleeve","embeddable":true,"href":"https:\/\/www.koonings.com\/fr\/wp-json\/wp\/v2\/productsleeve?post=84735"},{"taxonomy":"productcategory","embeddable":true,"href":"https:\/\/www.koonings.com\/fr\/wp-json\/wp\/v2\/productcategory?post=84735"},{"taxonomy":"productsilhouette","embeddable":true,"href":"https:\/\/www.koonings.com\/fr\/wp-json\/wp\/v2\/productsilhouette?post=84735"},{"taxonomy":"productstyle","embeddable":true,"href":"https:\/\/www.koonings.com\/fr\/wp-json\/wp\/v2\/productstyle?post=84735"}],"curies":[{"name":"wp","href":"https:\/\/api.w.org\/{rel}","templated":true}]}}