{"id":84719,"date":"2026-04-14T16:16:15","date_gmt":"2026-04-14T14:16:15","guid":{"rendered":"https:\/\/www.koonings.com\/product\/abrazi-k1s-rnd-ava\/"},"modified":"2025-06-05T14:01:14","modified_gmt":"2025-06-05T12:01:14","slug":"abrazi-k1s-rnd-ava","status":"publish","type":"product","link":"https:\/\/www.koonings.com\/fr\/product\/abrazi-k1s-rnd-ava\/","title":{"rendered":"Abrazi K1S-RND Ava"},"content":{"rendered":"<p>Le collier Ava est un pur mod\u00e8le intemporel. Il s&#8217;agit d&#8217;un magnifique bijou de tous les jours, compos\u00e9 d&#8217;un pendentif en cristal sur une cha\u00eene \u00e0 maillons subtile, en argent 925. Disponible avec un placage en rhodium, or 14ct ou or rose, et en deux longueurs : 42cm et 50cm.  <\/p>\n","protected":false},"featured_media":84329,"template":"","meta":{"_acf_changed":false,"ghostkit_customizer_options":"","ghostkit_custom_css":"","ghostkit_custom_js_head":"","ghostkit_custom_js_foot":"","ghostkit_typography":""},"productdetails":[],"productneck":[],"productcolor":[],"maat":[],"productsupplier":[510],"productsleeve":[],"productcategory":[511],"productsilhouette":[],"productstyle":[],"class_list":["post-84719","product","type-product","status-publish","has-post-thumbnail","hentry","productsupplier-abrazi","productcategory-sieraden"],"acf":[],"yoast_head":"<!-- This site is optimized with the Yoast SEO plugin v27.3 - https:\/\/yoast.com\/product\/yoast-seo-wordpress\/ -->\n<title>Abrazi K1S-RND Ava | Koonings<\/title>\n<meta name=\"description\" content=\"Le collier Ava est un pur mod\u00e8le intemporel. Il s&#039;agit d&#039;un magnifique bijou de tous les jours, compos\u00e9 d&#039;un pendentif en cristal sur une cha\u00eene \u00e0 maillons subtile, en argent 925. Disponible avec un placage en rhodium, or 14ct ou or rose, et en deux longueurs : 42cm et 50cm.\" \/>\n<meta name=\"robots\" content=\"index, follow, max-snippet:-1, max-image-preview:large, max-video-preview:-1\" \/>\n<link rel=\"canonical\" href=\"https:\/\/www.koonings.com\/fr\/product\/abrazi-k1s-rnd-ava\/\" \/>\n<meta property=\"og:locale\" content=\"fr_FR\" \/>\n<meta property=\"og:type\" content=\"article\" \/>\n<meta property=\"og:title\" content=\"Abrazi K1S-RND Ava | Koonings\" \/>\n<meta property=\"og:description\" content=\"Le collier Ava est un pur mod\u00e8le intemporel. Il s&#039;agit d&#039;un magnifique bijou de tous les jours, compos\u00e9 d&#039;un pendentif en cristal sur une cha\u00eene \u00e0 maillons subtile, en argent 925. Disponible avec un placage en rhodium, or 14ct ou or rose, et en deux longueurs : 42cm et 50cm.\" \/>\n<meta property=\"og:url\" content=\"https:\/\/www.koonings.com\/fr\/product\/abrazi-k1s-rnd-ava\/\" \/>\n<meta property=\"og:site_name\" content=\"Koonings\" \/>\n<meta property=\"article:publisher\" content=\"https:\/\/www.facebook.com\/kooningstheweddingpalace\" \/>\n<meta property=\"og:image\" content=\"https:\/\/www.koonings.com\/wp-content\/uploads\/2025\/04\/39719_76fa5eec6b289a698b1dc31c6bc498be29dfca468489f11ddf1bec67ee44919b65834529.jpeg\" \/>\n\t<meta property=\"og:image:width\" content=\"533\" \/>\n\t<meta property=\"og:image:height\" content=\"800\" \/>\n\t<meta property=\"og:image:type\" content=\"image\/jpeg\" \/>\n<meta name=\"twitter:card\" content=\"summary_large_image\" \/>\n<script type=\"application\/ld+json\" class=\"yoast-schema-graph\">{\"@context\":\"https:\\\/\\\/schema.org\",\"@graph\":[{\"@type\":\"WebPage\",\"@id\":\"https:\\\/\\\/www.koonings.com\\\/fr\\\/product\\\/abrazi-k1s-rnd-ava\\\/\",\"url\":\"https:\\\/\\\/www.koonings.com\\\/fr\\\/product\\\/abrazi-k1s-rnd-ava\\\/\",\"name\":\"Abrazi K1S-RND Ava | Koonings\",\"isPartOf\":{\"@id\":\"https:\\\/\\\/www.koonings.com\\\/fr\\\/#website\"},\"primaryImageOfPage\":{\"@id\":\"https:\\\/\\\/www.koonings.com\\\/fr\\\/product\\\/abrazi-k1s-rnd-ava\\\/#primaryimage\"},\"image\":{\"@id\":\"https:\\\/\\\/www.koonings.com\\\/fr\\\/product\\\/abrazi-k1s-rnd-ava\\\/#primaryimage\"},\"thumbnailUrl\":\"https:\\\/\\\/www.koonings.com\\\/wp-content\\\/uploads\\\/2025\\\/04\\\/39719_76fa5eec6b289a698b1dc31c6bc498be29dfca468489f11ddf1bec67ee44919b65834529.jpeg\",\"datePublished\":\"2026-04-14T14:16:15+00:00\",\"description\":\"Le collier Ava est un pur mod\u00e8le intemporel. Il s'agit d'un magnifique bijou de tous les jours, compos\u00e9 d'un pendentif en cristal sur une cha\u00eene \u00e0 maillons subtile, en argent 925. Disponible avec un placage en rhodium, or 14ct ou or rose, et en deux longueurs : 42cm et 50cm.\",\"breadcrumb\":{\"@id\":\"https:\\\/\\\/www.koonings.com\\\/fr\\\/product\\\/abrazi-k1s-rnd-ava\\\/#breadcrumb\"},\"inLanguage\":\"fr-FR\",\"potentialAction\":[{\"@type\":\"ReadAction\",\"target\":[\"https:\\\/\\\/www.koonings.com\\\/fr\\\/product\\\/abrazi-k1s-rnd-ava\\\/\"]}]},{\"@type\":\"ImageObject\",\"inLanguage\":\"fr-FR\",\"@id\":\"https:\\\/\\\/www.koonings.com\\\/fr\\\/product\\\/abrazi-k1s-rnd-ava\\\/#primaryimage\",\"url\":\"https:\\\/\\\/www.koonings.com\\\/wp-content\\\/uploads\\\/2025\\\/04\\\/39719_76fa5eec6b289a698b1dc31c6bc498be29dfca468489f11ddf1bec67ee44919b65834529.jpeg\",\"contentUrl\":\"https:\\\/\\\/www.koonings.com\\\/wp-content\\\/uploads\\\/2025\\\/04\\\/39719_76fa5eec6b289a698b1dc31c6bc498be29dfca468489f11ddf1bec67ee44919b65834529.jpeg\",\"width\":533,\"height\":800},{\"@type\":\"BreadcrumbList\",\"@id\":\"https:\\\/\\\/www.koonings.com\\\/fr\\\/product\\\/abrazi-k1s-rnd-ava\\\/#breadcrumb\",\"itemListElement\":[{\"@type\":\"ListItem\",\"position\":1,\"name\":\"Home\",\"item\":\"https:\\\/\\\/www.koonings.com\\\/fr\\\/\"},{\"@type\":\"ListItem\",\"position\":2,\"name\":\"Abrazi K1S-RND Ava\"}]},{\"@type\":\"WebSite\",\"@id\":\"https:\\\/\\\/www.koonings.com\\\/fr\\\/#website\",\"url\":\"https:\\\/\\\/www.koonings.com\\\/fr\\\/\",\"name\":\"Koonings\",\"description\":\"De grootste bruidsmodewinkel ter wereld\",\"publisher\":{\"@id\":\"https:\\\/\\\/www.koonings.com\\\/fr\\\/#organization\"},\"potentialAction\":[{\"@type\":\"SearchAction\",\"target\":{\"@type\":\"EntryPoint\",\"urlTemplate\":\"https:\\\/\\\/www.koonings.com\\\/fr\\\/?s={search_term_string}\"},\"query-input\":{\"@type\":\"PropertyValueSpecification\",\"valueRequired\":true,\"valueName\":\"search_term_string\"}}],\"inLanguage\":\"fr-FR\"},{\"@type\":\"Organization\",\"@id\":\"https:\\\/\\\/www.koonings.com\\\/fr\\\/#organization\",\"name\":\"Koonings\",\"url\":\"https:\\\/\\\/www.koonings.com\\\/fr\\\/\",\"logo\":{\"@type\":\"ImageObject\",\"inLanguage\":\"fr-FR\",\"@id\":\"https:\\\/\\\/www.koonings.com\\\/fr\\\/#\\\/schema\\\/logo\\\/image\\\/\",\"url\":\"https:\\\/\\\/www.koonings.com\\\/wp-content\\\/uploads\\\/2024\\\/07\\\/logo.png\",\"contentUrl\":\"https:\\\/\\\/www.koonings.com\\\/wp-content\\\/uploads\\\/2024\\\/07\\\/logo.png\",\"width\":600,\"height\":428,\"caption\":\"Koonings\"},\"image\":{\"@id\":\"https:\\\/\\\/www.koonings.com\\\/fr\\\/#\\\/schema\\\/logo\\\/image\\\/\"},\"sameAs\":[\"https:\\\/\\\/www.facebook.com\\\/kooningstheweddingpalace\",\"https:\\\/\\\/www.instagram.com\\\/kooningstheweddingpalace\",\"https:\\\/\\\/www.pinterest.com\\\/koonings\",\"https:\\\/\\\/www.youtube.com\\\/kooningstheweddingpalace\"]}]}<\/script>\n<!-- \/ Yoast SEO plugin. -->","yoast_head_json":{"title":"Abrazi K1S-RND Ava | Koonings","description":"Le collier Ava est un pur mod\u00e8le intemporel. Il s'agit d'un magnifique bijou de tous les jours, compos\u00e9 d'un pendentif en cristal sur une cha\u00eene \u00e0 maillons subtile, en argent 925. Disponible avec un placage en rhodium, or 14ct ou or rose, et en deux longueurs : 42cm et 50cm.","robots":{"index":"index","follow":"follow","max-snippet":"max-snippet:-1","max-image-preview":"max-image-preview:large","max-video-preview":"max-video-preview:-1"},"canonical":"https:\/\/www.koonings.com\/fr\/product\/abrazi-k1s-rnd-ava\/","og_locale":"fr_FR","og_type":"article","og_title":"Abrazi K1S-RND Ava | Koonings","og_description":"Le collier Ava est un pur mod\u00e8le intemporel. Il s'agit d'un magnifique bijou de tous les jours, compos\u00e9 d'un pendentif en cristal sur une cha\u00eene \u00e0 maillons subtile, en argent 925. Disponible avec un placage en rhodium, or 14ct ou or rose, et en deux longueurs : 42cm et 50cm.","og_url":"https:\/\/www.koonings.com\/fr\/product\/abrazi-k1s-rnd-ava\/","og_site_name":"Koonings","article_publisher":"https:\/\/www.facebook.com\/kooningstheweddingpalace","og_image":[{"width":533,"height":800,"url":"https:\/\/www.koonings.com\/wp-content\/uploads\/2025\/04\/39719_76fa5eec6b289a698b1dc31c6bc498be29dfca468489f11ddf1bec67ee44919b65834529.jpeg","type":"image\/jpeg"}],"twitter_card":"summary_large_image","schema":{"@context":"https:\/\/schema.org","@graph":[{"@type":"WebPage","@id":"https:\/\/www.koonings.com\/fr\/product\/abrazi-k1s-rnd-ava\/","url":"https:\/\/www.koonings.com\/fr\/product\/abrazi-k1s-rnd-ava\/","name":"Abrazi K1S-RND Ava | Koonings","isPartOf":{"@id":"https:\/\/www.koonings.com\/fr\/#website"},"primaryImageOfPage":{"@id":"https:\/\/www.koonings.com\/fr\/product\/abrazi-k1s-rnd-ava\/#primaryimage"},"image":{"@id":"https:\/\/www.koonings.com\/fr\/product\/abrazi-k1s-rnd-ava\/#primaryimage"},"thumbnailUrl":"https:\/\/www.koonings.com\/wp-content\/uploads\/2025\/04\/39719_76fa5eec6b289a698b1dc31c6bc498be29dfca468489f11ddf1bec67ee44919b65834529.jpeg","datePublished":"2026-04-14T14:16:15+00:00","description":"Le collier Ava est un pur mod\u00e8le intemporel. Il s'agit d'un magnifique bijou de tous les jours, compos\u00e9 d'un pendentif en cristal sur une cha\u00eene \u00e0 maillons subtile, en argent 925. Disponible avec un placage en rhodium, or 14ct ou or rose, et en deux longueurs : 42cm et 50cm.","breadcrumb":{"@id":"https:\/\/www.koonings.com\/fr\/product\/abrazi-k1s-rnd-ava\/#breadcrumb"},"inLanguage":"fr-FR","potentialAction":[{"@type":"ReadAction","target":["https:\/\/www.koonings.com\/fr\/product\/abrazi-k1s-rnd-ava\/"]}]},{"@type":"ImageObject","inLanguage":"fr-FR","@id":"https:\/\/www.koonings.com\/fr\/product\/abrazi-k1s-rnd-ava\/#primaryimage","url":"https:\/\/www.koonings.com\/wp-content\/uploads\/2025\/04\/39719_76fa5eec6b289a698b1dc31c6bc498be29dfca468489f11ddf1bec67ee44919b65834529.jpeg","contentUrl":"https:\/\/www.koonings.com\/wp-content\/uploads\/2025\/04\/39719_76fa5eec6b289a698b1dc31c6bc498be29dfca468489f11ddf1bec67ee44919b65834529.jpeg","width":533,"height":800},{"@type":"BreadcrumbList","@id":"https:\/\/www.koonings.com\/fr\/product\/abrazi-k1s-rnd-ava\/#breadcrumb","itemListElement":[{"@type":"ListItem","position":1,"name":"Home","item":"https:\/\/www.koonings.com\/fr\/"},{"@type":"ListItem","position":2,"name":"Abrazi K1S-RND Ava"}]},{"@type":"WebSite","@id":"https:\/\/www.koonings.com\/fr\/#website","url":"https:\/\/www.koonings.com\/fr\/","name":"Koonings","description":"De grootste bruidsmodewinkel ter wereld","publisher":{"@id":"https:\/\/www.koonings.com\/fr\/#organization"},"potentialAction":[{"@type":"SearchAction","target":{"@type":"EntryPoint","urlTemplate":"https:\/\/www.koonings.com\/fr\/?s={search_term_string}"},"query-input":{"@type":"PropertyValueSpecification","valueRequired":true,"valueName":"search_term_string"}}],"inLanguage":"fr-FR"},{"@type":"Organization","@id":"https:\/\/www.koonings.com\/fr\/#organization","name":"Koonings","url":"https:\/\/www.koonings.com\/fr\/","logo":{"@type":"ImageObject","inLanguage":"fr-FR","@id":"https:\/\/www.koonings.com\/fr\/#\/schema\/logo\/image\/","url":"https:\/\/www.koonings.com\/wp-content\/uploads\/2024\/07\/logo.png","contentUrl":"https:\/\/www.koonings.com\/wp-content\/uploads\/2024\/07\/logo.png","width":600,"height":428,"caption":"Koonings"},"image":{"@id":"https:\/\/www.koonings.com\/fr\/#\/schema\/logo\/image\/"},"sameAs":["https:\/\/www.facebook.com\/kooningstheweddingpalace","https:\/\/www.instagram.com\/kooningstheweddingpalace","https:\/\/www.pinterest.com\/koonings","https:\/\/www.youtube.com\/kooningstheweddingpalace"]}]}},"_links":{"self":[{"href":"https:\/\/www.koonings.com\/fr\/wp-json\/wp\/v2\/product\/84719","targetHints":{"allow":["GET"]}}],"collection":[{"href":"https:\/\/www.koonings.com\/fr\/wp-json\/wp\/v2\/product"}],"about":[{"href":"https:\/\/www.koonings.com\/fr\/wp-json\/wp\/v2\/types\/product"}],"wp:featuredmedia":[{"embeddable":true,"href":"https:\/\/www.koonings.com\/fr\/wp-json\/wp\/v2\/media\/84329"}],"wp:attachment":[{"href":"https:\/\/www.koonings.com\/fr\/wp-json\/wp\/v2\/media?parent=84719"}],"wp:term":[{"taxonomy":"productdetails","embeddable":true,"href":"https:\/\/www.koonings.com\/fr\/wp-json\/wp\/v2\/productdetails?post=84719"},{"taxonomy":"productneck","embeddable":true,"href":"https:\/\/www.koonings.com\/fr\/wp-json\/wp\/v2\/productneck?post=84719"},{"taxonomy":"productcolor","embeddable":true,"href":"https:\/\/www.koonings.com\/fr\/wp-json\/wp\/v2\/productcolor?post=84719"},{"taxonomy":"maat","embeddable":true,"href":"https:\/\/www.koonings.com\/fr\/wp-json\/wp\/v2\/maat?post=84719"},{"taxonomy":"productsupplier","embeddable":true,"href":"https:\/\/www.koonings.com\/fr\/wp-json\/wp\/v2\/productsupplier?post=84719"},{"taxonomy":"productsleeve","embeddable":true,"href":"https:\/\/www.koonings.com\/fr\/wp-json\/wp\/v2\/productsleeve?post=84719"},{"taxonomy":"productcategory","embeddable":true,"href":"https:\/\/www.koonings.com\/fr\/wp-json\/wp\/v2\/productcategory?post=84719"},{"taxonomy":"productsilhouette","embeddable":true,"href":"https:\/\/www.koonings.com\/fr\/wp-json\/wp\/v2\/productsilhouette?post=84719"},{"taxonomy":"productstyle","embeddable":true,"href":"https:\/\/www.koonings.com\/fr\/wp-json\/wp\/v2\/productstyle?post=84719"}],"curies":[{"name":"wp","href":"https:\/\/api.w.org\/{rel}","templated":true}]}}