{"id":84703,"date":"2026-04-14T16:10:32","date_gmt":"2026-04-14T14:10:32","guid":{"rendered":"https:\/\/www.koonings.com\/product\/abrazi-kc-dc-jet\/"},"modified":"2026-02-16T15:18:31","modified_gmt":"2026-02-16T14:18:31","slug":"abrazi-kc-dc-jet","status":"publish","type":"product","link":"https:\/\/www.koonings.com\/fr\/product\/abrazi-kc-dc-jet\/","title":{"rendered":"Abrazi KC-DC Jet"},"content":{"rendered":"<p>Le collier Jet est un collier sophistiqu\u00e9 avec une seule rang\u00e9e de cristaux. C&#8217;est le bijou id\u00e9al pour la mari\u00e9e moderne. Le collier Jet est disponible avec un rev\u00eatement en rhodium ou en or 14kt. Si vous \u00eates \u00e0 la recherche d&#8217;une parure de mariage, n&#8217;oubliez pas de jeter un coup d&#8217;\u0153il aux boucles d&#8217;oreilles Jet.   <\/p>\n","protected":false},"featured_media":84429,"template":"","meta":{"_acf_changed":false,"ghostkit_customizer_options":"","ghostkit_custom_css":"","ghostkit_custom_js_head":"","ghostkit_custom_js_foot":"","ghostkit_typography":""},"productdetails":[],"productneck":[],"productcolor":[],"maat":[],"productsupplier":[510],"productsleeve":[],"productcategory":[511],"productsilhouette":[],"productstyle":[],"class_list":["post-84703","product","type-product","status-publish","has-post-thumbnail","hentry","productsupplier-abrazi","productcategory-sieraden"],"acf":[],"yoast_head":"<!-- This site is optimized with the Yoast SEO plugin v27.3 - https:\/\/yoast.com\/product\/yoast-seo-wordpress\/ -->\n<title>Abrazi KC-DC Jet | Koonings<\/title>\n<meta name=\"description\" content=\"Le collier Jet est un collier sophistiqu\u00e9 avec une seule rang\u00e9e de cristaux. C&#039;est le bijou id\u00e9al pour la mari\u00e9e moderne. Le collier Jet est disponible avec un rev\u00eatement en rhodium ou en or 14kt. Si vous \u00eates \u00e0 la recherche d&#039;une parure de mariage, n&#039;oubliez pas de jeter un coup d&#039;\u0153il aux boucles d&#039;oreilles Jet.\" \/>\n<meta name=\"robots\" content=\"index, follow, max-snippet:-1, max-image-preview:large, max-video-preview:-1\" \/>\n<link rel=\"canonical\" href=\"https:\/\/www.koonings.com\/fr\/product\/abrazi-kc-dc-jet\/\" \/>\n<meta property=\"og:locale\" content=\"fr_FR\" \/>\n<meta property=\"og:type\" content=\"article\" \/>\n<meta property=\"og:title\" content=\"Abrazi KC-DC Jet | Koonings\" \/>\n<meta property=\"og:description\" content=\"Le collier Jet est un collier sophistiqu\u00e9 avec une seule rang\u00e9e de cristaux. C&#039;est le bijou id\u00e9al pour la mari\u00e9e moderne. Le collier Jet est disponible avec un rev\u00eatement en rhodium ou en or 14kt. Si vous \u00eates \u00e0 la recherche d&#039;une parure de mariage, n&#039;oubliez pas de jeter un coup d&#039;\u0153il aux boucles d&#039;oreilles Jet.\" \/>\n<meta property=\"og:url\" content=\"https:\/\/www.koonings.com\/fr\/product\/abrazi-kc-dc-jet\/\" \/>\n<meta property=\"og:site_name\" content=\"Koonings\" \/>\n<meta property=\"article:publisher\" content=\"https:\/\/www.facebook.com\/kooningstheweddingpalace\" \/>\n<meta property=\"og:image\" content=\"https:\/\/www.koonings.com\/wp-content\/uploads\/2025\/04\/38041_93c621d05ee128eee174d1065b217b14742f5db5f9ab6b7e0bcb6cb3fbf29f764169de9a.jpeg\" \/>\n\t<meta property=\"og:image:width\" content=\"1334\" \/>\n\t<meta property=\"og:image:height\" content=\"2000\" \/>\n\t<meta property=\"og:image:type\" content=\"image\/jpeg\" \/>\n<meta name=\"twitter:card\" content=\"summary_large_image\" \/>\n<script type=\"application\/ld+json\" class=\"yoast-schema-graph\">{\"@context\":\"https:\\\/\\\/schema.org\",\"@graph\":[{\"@type\":\"WebPage\",\"@id\":\"https:\\\/\\\/www.koonings.com\\\/fr\\\/product\\\/abrazi-kc-dc-jet\\\/\",\"url\":\"https:\\\/\\\/www.koonings.com\\\/fr\\\/product\\\/abrazi-kc-dc-jet\\\/\",\"name\":\"Abrazi KC-DC Jet | Koonings\",\"isPartOf\":{\"@id\":\"https:\\\/\\\/www.koonings.com\\\/fr\\\/#website\"},\"primaryImageOfPage\":{\"@id\":\"https:\\\/\\\/www.koonings.com\\\/fr\\\/product\\\/abrazi-kc-dc-jet\\\/#primaryimage\"},\"image\":{\"@id\":\"https:\\\/\\\/www.koonings.com\\\/fr\\\/product\\\/abrazi-kc-dc-jet\\\/#primaryimage\"},\"thumbnailUrl\":\"https:\\\/\\\/www.koonings.com\\\/wp-content\\\/uploads\\\/2025\\\/04\\\/38041_93c621d05ee128eee174d1065b217b14742f5db5f9ab6b7e0bcb6cb3fbf29f764169de9a.jpeg\",\"datePublished\":\"2026-04-14T14:10:32+00:00\",\"description\":\"Le collier Jet est un collier sophistiqu\u00e9 avec une seule rang\u00e9e de cristaux. C'est le bijou id\u00e9al pour la mari\u00e9e moderne. Le collier Jet est disponible avec un rev\u00eatement en rhodium ou en or 14kt. Si vous \u00eates \u00e0 la recherche d'une parure de mariage, n'oubliez pas de jeter un coup d'\u0153il aux boucles d'oreilles Jet.\",\"breadcrumb\":{\"@id\":\"https:\\\/\\\/www.koonings.com\\\/fr\\\/product\\\/abrazi-kc-dc-jet\\\/#breadcrumb\"},\"inLanguage\":\"fr-FR\",\"potentialAction\":[{\"@type\":\"ReadAction\",\"target\":[\"https:\\\/\\\/www.koonings.com\\\/fr\\\/product\\\/abrazi-kc-dc-jet\\\/\"]}]},{\"@type\":\"ImageObject\",\"inLanguage\":\"fr-FR\",\"@id\":\"https:\\\/\\\/www.koonings.com\\\/fr\\\/product\\\/abrazi-kc-dc-jet\\\/#primaryimage\",\"url\":\"https:\\\/\\\/www.koonings.com\\\/wp-content\\\/uploads\\\/2025\\\/04\\\/38041_93c621d05ee128eee174d1065b217b14742f5db5f9ab6b7e0bcb6cb3fbf29f764169de9a.jpeg\",\"contentUrl\":\"https:\\\/\\\/www.koonings.com\\\/wp-content\\\/uploads\\\/2025\\\/04\\\/38041_93c621d05ee128eee174d1065b217b14742f5db5f9ab6b7e0bcb6cb3fbf29f764169de9a.jpeg\",\"width\":1334,\"height\":2000},{\"@type\":\"BreadcrumbList\",\"@id\":\"https:\\\/\\\/www.koonings.com\\\/fr\\\/product\\\/abrazi-kc-dc-jet\\\/#breadcrumb\",\"itemListElement\":[{\"@type\":\"ListItem\",\"position\":1,\"name\":\"Home\",\"item\":\"https:\\\/\\\/www.koonings.com\\\/fr\\\/\"},{\"@type\":\"ListItem\",\"position\":2,\"name\":\"Abrazi KC-DC Jet\"}]},{\"@type\":\"WebSite\",\"@id\":\"https:\\\/\\\/www.koonings.com\\\/fr\\\/#website\",\"url\":\"https:\\\/\\\/www.koonings.com\\\/fr\\\/\",\"name\":\"Koonings\",\"description\":\"De grootste bruidsmodewinkel ter wereld\",\"publisher\":{\"@id\":\"https:\\\/\\\/www.koonings.com\\\/fr\\\/#organization\"},\"potentialAction\":[{\"@type\":\"SearchAction\",\"target\":{\"@type\":\"EntryPoint\",\"urlTemplate\":\"https:\\\/\\\/www.koonings.com\\\/fr\\\/?s={search_term_string}\"},\"query-input\":{\"@type\":\"PropertyValueSpecification\",\"valueRequired\":true,\"valueName\":\"search_term_string\"}}],\"inLanguage\":\"fr-FR\"},{\"@type\":\"Organization\",\"@id\":\"https:\\\/\\\/www.koonings.com\\\/fr\\\/#organization\",\"name\":\"Koonings\",\"url\":\"https:\\\/\\\/www.koonings.com\\\/fr\\\/\",\"logo\":{\"@type\":\"ImageObject\",\"inLanguage\":\"fr-FR\",\"@id\":\"https:\\\/\\\/www.koonings.com\\\/fr\\\/#\\\/schema\\\/logo\\\/image\\\/\",\"url\":\"https:\\\/\\\/www.koonings.com\\\/wp-content\\\/uploads\\\/2024\\\/07\\\/logo.png\",\"contentUrl\":\"https:\\\/\\\/www.koonings.com\\\/wp-content\\\/uploads\\\/2024\\\/07\\\/logo.png\",\"width\":600,\"height\":428,\"caption\":\"Koonings\"},\"image\":{\"@id\":\"https:\\\/\\\/www.koonings.com\\\/fr\\\/#\\\/schema\\\/logo\\\/image\\\/\"},\"sameAs\":[\"https:\\\/\\\/www.facebook.com\\\/kooningstheweddingpalace\",\"https:\\\/\\\/www.instagram.com\\\/kooningstheweddingpalace\",\"https:\\\/\\\/www.pinterest.com\\\/koonings\",\"https:\\\/\\\/www.youtube.com\\\/kooningstheweddingpalace\"]}]}<\/script>\n<!-- \/ Yoast SEO plugin. -->","yoast_head_json":{"title":"Abrazi KC-DC Jet | Koonings","description":"Le collier Jet est un collier sophistiqu\u00e9 avec une seule rang\u00e9e de cristaux. C'est le bijou id\u00e9al pour la mari\u00e9e moderne. Le collier Jet est disponible avec un rev\u00eatement en rhodium ou en or 14kt. Si vous \u00eates \u00e0 la recherche d'une parure de mariage, n'oubliez pas de jeter un coup d'\u0153il aux boucles d'oreilles Jet.","robots":{"index":"index","follow":"follow","max-snippet":"max-snippet:-1","max-image-preview":"max-image-preview:large","max-video-preview":"max-video-preview:-1"},"canonical":"https:\/\/www.koonings.com\/fr\/product\/abrazi-kc-dc-jet\/","og_locale":"fr_FR","og_type":"article","og_title":"Abrazi KC-DC Jet | Koonings","og_description":"Le collier Jet est un collier sophistiqu\u00e9 avec une seule rang\u00e9e de cristaux. C'est le bijou id\u00e9al pour la mari\u00e9e moderne. Le collier Jet est disponible avec un rev\u00eatement en rhodium ou en or 14kt. Si vous \u00eates \u00e0 la recherche d'une parure de mariage, n'oubliez pas de jeter un coup d'\u0153il aux boucles d'oreilles Jet.","og_url":"https:\/\/www.koonings.com\/fr\/product\/abrazi-kc-dc-jet\/","og_site_name":"Koonings","article_publisher":"https:\/\/www.facebook.com\/kooningstheweddingpalace","og_image":[{"width":1334,"height":2000,"url":"https:\/\/www.koonings.com\/wp-content\/uploads\/2025\/04\/38041_93c621d05ee128eee174d1065b217b14742f5db5f9ab6b7e0bcb6cb3fbf29f764169de9a.jpeg","type":"image\/jpeg"}],"twitter_card":"summary_large_image","schema":{"@context":"https:\/\/schema.org","@graph":[{"@type":"WebPage","@id":"https:\/\/www.koonings.com\/fr\/product\/abrazi-kc-dc-jet\/","url":"https:\/\/www.koonings.com\/fr\/product\/abrazi-kc-dc-jet\/","name":"Abrazi KC-DC Jet | Koonings","isPartOf":{"@id":"https:\/\/www.koonings.com\/fr\/#website"},"primaryImageOfPage":{"@id":"https:\/\/www.koonings.com\/fr\/product\/abrazi-kc-dc-jet\/#primaryimage"},"image":{"@id":"https:\/\/www.koonings.com\/fr\/product\/abrazi-kc-dc-jet\/#primaryimage"},"thumbnailUrl":"https:\/\/www.koonings.com\/wp-content\/uploads\/2025\/04\/38041_93c621d05ee128eee174d1065b217b14742f5db5f9ab6b7e0bcb6cb3fbf29f764169de9a.jpeg","datePublished":"2026-04-14T14:10:32+00:00","description":"Le collier Jet est un collier sophistiqu\u00e9 avec une seule rang\u00e9e de cristaux. C'est le bijou id\u00e9al pour la mari\u00e9e moderne. Le collier Jet est disponible avec un rev\u00eatement en rhodium ou en or 14kt. Si vous \u00eates \u00e0 la recherche d'une parure de mariage, n'oubliez pas de jeter un coup d'\u0153il aux boucles d'oreilles Jet.","breadcrumb":{"@id":"https:\/\/www.koonings.com\/fr\/product\/abrazi-kc-dc-jet\/#breadcrumb"},"inLanguage":"fr-FR","potentialAction":[{"@type":"ReadAction","target":["https:\/\/www.koonings.com\/fr\/product\/abrazi-kc-dc-jet\/"]}]},{"@type":"ImageObject","inLanguage":"fr-FR","@id":"https:\/\/www.koonings.com\/fr\/product\/abrazi-kc-dc-jet\/#primaryimage","url":"https:\/\/www.koonings.com\/wp-content\/uploads\/2025\/04\/38041_93c621d05ee128eee174d1065b217b14742f5db5f9ab6b7e0bcb6cb3fbf29f764169de9a.jpeg","contentUrl":"https:\/\/www.koonings.com\/wp-content\/uploads\/2025\/04\/38041_93c621d05ee128eee174d1065b217b14742f5db5f9ab6b7e0bcb6cb3fbf29f764169de9a.jpeg","width":1334,"height":2000},{"@type":"BreadcrumbList","@id":"https:\/\/www.koonings.com\/fr\/product\/abrazi-kc-dc-jet\/#breadcrumb","itemListElement":[{"@type":"ListItem","position":1,"name":"Home","item":"https:\/\/www.koonings.com\/fr\/"},{"@type":"ListItem","position":2,"name":"Abrazi KC-DC Jet"}]},{"@type":"WebSite","@id":"https:\/\/www.koonings.com\/fr\/#website","url":"https:\/\/www.koonings.com\/fr\/","name":"Koonings","description":"De grootste bruidsmodewinkel ter wereld","publisher":{"@id":"https:\/\/www.koonings.com\/fr\/#organization"},"potentialAction":[{"@type":"SearchAction","target":{"@type":"EntryPoint","urlTemplate":"https:\/\/www.koonings.com\/fr\/?s={search_term_string}"},"query-input":{"@type":"PropertyValueSpecification","valueRequired":true,"valueName":"search_term_string"}}],"inLanguage":"fr-FR"},{"@type":"Organization","@id":"https:\/\/www.koonings.com\/fr\/#organization","name":"Koonings","url":"https:\/\/www.koonings.com\/fr\/","logo":{"@type":"ImageObject","inLanguage":"fr-FR","@id":"https:\/\/www.koonings.com\/fr\/#\/schema\/logo\/image\/","url":"https:\/\/www.koonings.com\/wp-content\/uploads\/2024\/07\/logo.png","contentUrl":"https:\/\/www.koonings.com\/wp-content\/uploads\/2024\/07\/logo.png","width":600,"height":428,"caption":"Koonings"},"image":{"@id":"https:\/\/www.koonings.com\/fr\/#\/schema\/logo\/image\/"},"sameAs":["https:\/\/www.facebook.com\/kooningstheweddingpalace","https:\/\/www.instagram.com\/kooningstheweddingpalace","https:\/\/www.pinterest.com\/koonings","https:\/\/www.youtube.com\/kooningstheweddingpalace"]}]}},"_links":{"self":[{"href":"https:\/\/www.koonings.com\/fr\/wp-json\/wp\/v2\/product\/84703","targetHints":{"allow":["GET"]}}],"collection":[{"href":"https:\/\/www.koonings.com\/fr\/wp-json\/wp\/v2\/product"}],"about":[{"href":"https:\/\/www.koonings.com\/fr\/wp-json\/wp\/v2\/types\/product"}],"wp:featuredmedia":[{"embeddable":true,"href":"https:\/\/www.koonings.com\/fr\/wp-json\/wp\/v2\/media\/84429"}],"wp:attachment":[{"href":"https:\/\/www.koonings.com\/fr\/wp-json\/wp\/v2\/media?parent=84703"}],"wp:term":[{"taxonomy":"productdetails","embeddable":true,"href":"https:\/\/www.koonings.com\/fr\/wp-json\/wp\/v2\/productdetails?post=84703"},{"taxonomy":"productneck","embeddable":true,"href":"https:\/\/www.koonings.com\/fr\/wp-json\/wp\/v2\/productneck?post=84703"},{"taxonomy":"productcolor","embeddable":true,"href":"https:\/\/www.koonings.com\/fr\/wp-json\/wp\/v2\/productcolor?post=84703"},{"taxonomy":"maat","embeddable":true,"href":"https:\/\/www.koonings.com\/fr\/wp-json\/wp\/v2\/maat?post=84703"},{"taxonomy":"productsupplier","embeddable":true,"href":"https:\/\/www.koonings.com\/fr\/wp-json\/wp\/v2\/productsupplier?post=84703"},{"taxonomy":"productsleeve","embeddable":true,"href":"https:\/\/www.koonings.com\/fr\/wp-json\/wp\/v2\/productsleeve?post=84703"},{"taxonomy":"productcategory","embeddable":true,"href":"https:\/\/www.koonings.com\/fr\/wp-json\/wp\/v2\/productcategory?post=84703"},{"taxonomy":"productsilhouette","embeddable":true,"href":"https:\/\/www.koonings.com\/fr\/wp-json\/wp\/v2\/productsilhouette?post=84703"},{"taxonomy":"productstyle","embeddable":true,"href":"https:\/\/www.koonings.com\/fr\/wp-json\/wp\/v2\/productstyle?post=84703"}],"curies":[{"name":"wp","href":"https:\/\/api.w.org\/{rel}","templated":true}]}}