{"id":84698,"date":"2026-04-14T16:16:14","date_gmt":"2026-04-14T14:16:14","guid":{"rendered":"https:\/\/www.koonings.com\/product\/abrazi-o6-nv-s-janey\/"},"modified":"2025-06-05T14:01:08","modified_gmt":"2025-06-05T12:01:08","slug":"abrazi-o6-nv-s-janey","status":"publish","type":"product","link":"https:\/\/www.koonings.com\/fr\/product\/abrazi-o6-nv-s-janey\/","title":{"rendered":"Abrazi O6-NV-S Janey"},"content":{"rendered":"<p>Les boucles d&#8217;oreilles Janey sont la version plus petite de nos boucles d&#8217;oreilles Jane : le m\u00eame design dans une taille plus petite &#8211; un favori absolu au sein de la collection Abrazi. Ces magnifiques boucles d&#8217;oreilles de mariage sont fabriqu\u00e9es \u00e0 la main en Italie \u00e0 partir de laiton durable et de cristaux Swarovski de diff\u00e9rentes formes et tailles. Les boucles d&#8217;oreilles Janey sont disponibles avec un placage de tr\u00e8s haute qualit\u00e9 en rhodium, or rose ou or 14kt.  <\/p>\n","protected":false},"featured_media":84294,"template":"","meta":{"_acf_changed":false,"ghostkit_customizer_options":"","ghostkit_custom_css":"","ghostkit_custom_js_head":"","ghostkit_custom_js_foot":"","ghostkit_typography":""},"productdetails":[],"productneck":[],"productcolor":[],"maat":[],"productsupplier":[510],"productsleeve":[],"productcategory":[511],"productsilhouette":[],"productstyle":[],"class_list":["post-84698","product","type-product","status-publish","has-post-thumbnail","hentry","productsupplier-abrazi","productcategory-sieraden"],"acf":[],"yoast_head":"<!-- This site is optimized with the Yoast SEO plugin v27.3 - https:\/\/yoast.com\/product\/yoast-seo-wordpress\/ -->\n<title>Abrazi O6-NV-S Janey | Koonings<\/title>\n<meta name=\"description\" content=\"Les boucles d&#039;oreilles Janey sont la version plus petite de nos boucles d&#039;oreilles Jane : le m\u00eame design dans une taille plus petite - un favori absolu au sein de la collection Abrazi. Ces magnifiques boucles d&#039;oreilles de mariage sont fabriqu\u00e9es \u00e0 la main en Italie \u00e0 partir de laiton durable et de cristaux Swarovski de diff\u00e9rentes formes et tailles. Les boucles d&#039;oreilles Janey sont disponibles avec un placage de tr\u00e8s haute qualit\u00e9 en rhodium, or rose ou or 14kt.\" \/>\n<meta name=\"robots\" content=\"index, follow, max-snippet:-1, max-image-preview:large, max-video-preview:-1\" \/>\n<link rel=\"canonical\" href=\"https:\/\/www.koonings.com\/fr\/product\/abrazi-o6-nv-s-janey\/\" \/>\n<meta property=\"og:locale\" content=\"fr_FR\" \/>\n<meta property=\"og:type\" content=\"article\" \/>\n<meta property=\"og:title\" content=\"Abrazi O6-NV-S Janey | Koonings\" \/>\n<meta property=\"og:description\" content=\"Les boucles d&#039;oreilles Janey sont la version plus petite de nos boucles d&#039;oreilles Jane : le m\u00eame design dans une taille plus petite - un favori absolu au sein de la collection Abrazi. Ces magnifiques boucles d&#039;oreilles de mariage sont fabriqu\u00e9es \u00e0 la main en Italie \u00e0 partir de laiton durable et de cristaux Swarovski de diff\u00e9rentes formes et tailles. Les boucles d&#039;oreilles Janey sont disponibles avec un placage de tr\u00e8s haute qualit\u00e9 en rhodium, or rose ou or 14kt.\" \/>\n<meta property=\"og:url\" content=\"https:\/\/www.koonings.com\/fr\/product\/abrazi-o6-nv-s-janey\/\" \/>\n<meta property=\"og:site_name\" content=\"Koonings\" \/>\n<meta property=\"article:publisher\" content=\"https:\/\/www.facebook.com\/kooningstheweddingpalace\" \/>\n<meta property=\"og:image\" content=\"https:\/\/www.koonings.com\/wp-content\/uploads\/2025\/04\/39714_a14dba707e7830e669becc8f271bd1e94df0f5d10f431b205d21645059f27a8b651017f1.jpeg\" \/>\n\t<meta property=\"og:image:width\" content=\"1054\" \/>\n\t<meta property=\"og:image:height\" content=\"1685\" \/>\n\t<meta property=\"og:image:type\" content=\"image\/jpeg\" \/>\n<meta name=\"twitter:card\" content=\"summary_large_image\" \/>\n<script type=\"application\/ld+json\" class=\"yoast-schema-graph\">{\"@context\":\"https:\\\/\\\/schema.org\",\"@graph\":[{\"@type\":\"WebPage\",\"@id\":\"https:\\\/\\\/www.koonings.com\\\/fr\\\/product\\\/abrazi-o6-nv-s-janey\\\/\",\"url\":\"https:\\\/\\\/www.koonings.com\\\/fr\\\/product\\\/abrazi-o6-nv-s-janey\\\/\",\"name\":\"Abrazi O6-NV-S Janey | Koonings\",\"isPartOf\":{\"@id\":\"https:\\\/\\\/www.koonings.com\\\/fr\\\/#website\"},\"primaryImageOfPage\":{\"@id\":\"https:\\\/\\\/www.koonings.com\\\/fr\\\/product\\\/abrazi-o6-nv-s-janey\\\/#primaryimage\"},\"image\":{\"@id\":\"https:\\\/\\\/www.koonings.com\\\/fr\\\/product\\\/abrazi-o6-nv-s-janey\\\/#primaryimage\"},\"thumbnailUrl\":\"https:\\\/\\\/www.koonings.com\\\/wp-content\\\/uploads\\\/2025\\\/04\\\/39714_a14dba707e7830e669becc8f271bd1e94df0f5d10f431b205d21645059f27a8b651017f1.jpeg\",\"datePublished\":\"2026-04-14T14:16:14+00:00\",\"description\":\"Les boucles d'oreilles Janey sont la version plus petite de nos boucles d'oreilles Jane : le m\u00eame design dans une taille plus petite - un favori absolu au sein de la collection Abrazi. Ces magnifiques boucles d'oreilles de mariage sont fabriqu\u00e9es \u00e0 la main en Italie \u00e0 partir de laiton durable et de cristaux Swarovski de diff\u00e9rentes formes et tailles. Les boucles d'oreilles Janey sont disponibles avec un placage de tr\u00e8s haute qualit\u00e9 en rhodium, or rose ou or 14kt.\",\"breadcrumb\":{\"@id\":\"https:\\\/\\\/www.koonings.com\\\/fr\\\/product\\\/abrazi-o6-nv-s-janey\\\/#breadcrumb\"},\"inLanguage\":\"fr-FR\",\"potentialAction\":[{\"@type\":\"ReadAction\",\"target\":[\"https:\\\/\\\/www.koonings.com\\\/fr\\\/product\\\/abrazi-o6-nv-s-janey\\\/\"]}]},{\"@type\":\"ImageObject\",\"inLanguage\":\"fr-FR\",\"@id\":\"https:\\\/\\\/www.koonings.com\\\/fr\\\/product\\\/abrazi-o6-nv-s-janey\\\/#primaryimage\",\"url\":\"https:\\\/\\\/www.koonings.com\\\/wp-content\\\/uploads\\\/2025\\\/04\\\/39714_a14dba707e7830e669becc8f271bd1e94df0f5d10f431b205d21645059f27a8b651017f1.jpeg\",\"contentUrl\":\"https:\\\/\\\/www.koonings.com\\\/wp-content\\\/uploads\\\/2025\\\/04\\\/39714_a14dba707e7830e669becc8f271bd1e94df0f5d10f431b205d21645059f27a8b651017f1.jpeg\",\"width\":1054,\"height\":1685},{\"@type\":\"BreadcrumbList\",\"@id\":\"https:\\\/\\\/www.koonings.com\\\/fr\\\/product\\\/abrazi-o6-nv-s-janey\\\/#breadcrumb\",\"itemListElement\":[{\"@type\":\"ListItem\",\"position\":1,\"name\":\"Home\",\"item\":\"https:\\\/\\\/www.koonings.com\\\/fr\\\/\"},{\"@type\":\"ListItem\",\"position\":2,\"name\":\"Abrazi O6-NV-S Janey\"}]},{\"@type\":\"WebSite\",\"@id\":\"https:\\\/\\\/www.koonings.com\\\/fr\\\/#website\",\"url\":\"https:\\\/\\\/www.koonings.com\\\/fr\\\/\",\"name\":\"Koonings\",\"description\":\"De grootste bruidsmodewinkel ter wereld\",\"publisher\":{\"@id\":\"https:\\\/\\\/www.koonings.com\\\/fr\\\/#organization\"},\"potentialAction\":[{\"@type\":\"SearchAction\",\"target\":{\"@type\":\"EntryPoint\",\"urlTemplate\":\"https:\\\/\\\/www.koonings.com\\\/fr\\\/?s={search_term_string}\"},\"query-input\":{\"@type\":\"PropertyValueSpecification\",\"valueRequired\":true,\"valueName\":\"search_term_string\"}}],\"inLanguage\":\"fr-FR\"},{\"@type\":\"Organization\",\"@id\":\"https:\\\/\\\/www.koonings.com\\\/fr\\\/#organization\",\"name\":\"Koonings\",\"url\":\"https:\\\/\\\/www.koonings.com\\\/fr\\\/\",\"logo\":{\"@type\":\"ImageObject\",\"inLanguage\":\"fr-FR\",\"@id\":\"https:\\\/\\\/www.koonings.com\\\/fr\\\/#\\\/schema\\\/logo\\\/image\\\/\",\"url\":\"https:\\\/\\\/www.koonings.com\\\/wp-content\\\/uploads\\\/2024\\\/07\\\/logo.png\",\"contentUrl\":\"https:\\\/\\\/www.koonings.com\\\/wp-content\\\/uploads\\\/2024\\\/07\\\/logo.png\",\"width\":600,\"height\":428,\"caption\":\"Koonings\"},\"image\":{\"@id\":\"https:\\\/\\\/www.koonings.com\\\/fr\\\/#\\\/schema\\\/logo\\\/image\\\/\"},\"sameAs\":[\"https:\\\/\\\/www.facebook.com\\\/kooningstheweddingpalace\",\"https:\\\/\\\/www.instagram.com\\\/kooningstheweddingpalace\",\"https:\\\/\\\/www.pinterest.com\\\/koonings\",\"https:\\\/\\\/www.youtube.com\\\/kooningstheweddingpalace\"]}]}<\/script>\n<!-- \/ Yoast SEO plugin. -->","yoast_head_json":{"title":"Abrazi O6-NV-S Janey | Koonings","description":"Les boucles d'oreilles Janey sont la version plus petite de nos boucles d'oreilles Jane : le m\u00eame design dans une taille plus petite - un favori absolu au sein de la collection Abrazi. Ces magnifiques boucles d'oreilles de mariage sont fabriqu\u00e9es \u00e0 la main en Italie \u00e0 partir de laiton durable et de cristaux Swarovski de diff\u00e9rentes formes et tailles. Les boucles d'oreilles Janey sont disponibles avec un placage de tr\u00e8s haute qualit\u00e9 en rhodium, or rose ou or 14kt.","robots":{"index":"index","follow":"follow","max-snippet":"max-snippet:-1","max-image-preview":"max-image-preview:large","max-video-preview":"max-video-preview:-1"},"canonical":"https:\/\/www.koonings.com\/fr\/product\/abrazi-o6-nv-s-janey\/","og_locale":"fr_FR","og_type":"article","og_title":"Abrazi O6-NV-S Janey | Koonings","og_description":"Les boucles d'oreilles Janey sont la version plus petite de nos boucles d'oreilles Jane : le m\u00eame design dans une taille plus petite - un favori absolu au sein de la collection Abrazi. Ces magnifiques boucles d'oreilles de mariage sont fabriqu\u00e9es \u00e0 la main en Italie \u00e0 partir de laiton durable et de cristaux Swarovski de diff\u00e9rentes formes et tailles. Les boucles d'oreilles Janey sont disponibles avec un placage de tr\u00e8s haute qualit\u00e9 en rhodium, or rose ou or 14kt.","og_url":"https:\/\/www.koonings.com\/fr\/product\/abrazi-o6-nv-s-janey\/","og_site_name":"Koonings","article_publisher":"https:\/\/www.facebook.com\/kooningstheweddingpalace","og_image":[{"width":1054,"height":1685,"url":"https:\/\/www.koonings.com\/wp-content\/uploads\/2025\/04\/39714_a14dba707e7830e669becc8f271bd1e94df0f5d10f431b205d21645059f27a8b651017f1.jpeg","type":"image\/jpeg"}],"twitter_card":"summary_large_image","schema":{"@context":"https:\/\/schema.org","@graph":[{"@type":"WebPage","@id":"https:\/\/www.koonings.com\/fr\/product\/abrazi-o6-nv-s-janey\/","url":"https:\/\/www.koonings.com\/fr\/product\/abrazi-o6-nv-s-janey\/","name":"Abrazi O6-NV-S Janey | Koonings","isPartOf":{"@id":"https:\/\/www.koonings.com\/fr\/#website"},"primaryImageOfPage":{"@id":"https:\/\/www.koonings.com\/fr\/product\/abrazi-o6-nv-s-janey\/#primaryimage"},"image":{"@id":"https:\/\/www.koonings.com\/fr\/product\/abrazi-o6-nv-s-janey\/#primaryimage"},"thumbnailUrl":"https:\/\/www.koonings.com\/wp-content\/uploads\/2025\/04\/39714_a14dba707e7830e669becc8f271bd1e94df0f5d10f431b205d21645059f27a8b651017f1.jpeg","datePublished":"2026-04-14T14:16:14+00:00","description":"Les boucles d'oreilles Janey sont la version plus petite de nos boucles d'oreilles Jane : le m\u00eame design dans une taille plus petite - un favori absolu au sein de la collection Abrazi. Ces magnifiques boucles d'oreilles de mariage sont fabriqu\u00e9es \u00e0 la main en Italie \u00e0 partir de laiton durable et de cristaux Swarovski de diff\u00e9rentes formes et tailles. Les boucles d'oreilles Janey sont disponibles avec un placage de tr\u00e8s haute qualit\u00e9 en rhodium, or rose ou or 14kt.","breadcrumb":{"@id":"https:\/\/www.koonings.com\/fr\/product\/abrazi-o6-nv-s-janey\/#breadcrumb"},"inLanguage":"fr-FR","potentialAction":[{"@type":"ReadAction","target":["https:\/\/www.koonings.com\/fr\/product\/abrazi-o6-nv-s-janey\/"]}]},{"@type":"ImageObject","inLanguage":"fr-FR","@id":"https:\/\/www.koonings.com\/fr\/product\/abrazi-o6-nv-s-janey\/#primaryimage","url":"https:\/\/www.koonings.com\/wp-content\/uploads\/2025\/04\/39714_a14dba707e7830e669becc8f271bd1e94df0f5d10f431b205d21645059f27a8b651017f1.jpeg","contentUrl":"https:\/\/www.koonings.com\/wp-content\/uploads\/2025\/04\/39714_a14dba707e7830e669becc8f271bd1e94df0f5d10f431b205d21645059f27a8b651017f1.jpeg","width":1054,"height":1685},{"@type":"BreadcrumbList","@id":"https:\/\/www.koonings.com\/fr\/product\/abrazi-o6-nv-s-janey\/#breadcrumb","itemListElement":[{"@type":"ListItem","position":1,"name":"Home","item":"https:\/\/www.koonings.com\/fr\/"},{"@type":"ListItem","position":2,"name":"Abrazi O6-NV-S Janey"}]},{"@type":"WebSite","@id":"https:\/\/www.koonings.com\/fr\/#website","url":"https:\/\/www.koonings.com\/fr\/","name":"Koonings","description":"De grootste bruidsmodewinkel ter wereld","publisher":{"@id":"https:\/\/www.koonings.com\/fr\/#organization"},"potentialAction":[{"@type":"SearchAction","target":{"@type":"EntryPoint","urlTemplate":"https:\/\/www.koonings.com\/fr\/?s={search_term_string}"},"query-input":{"@type":"PropertyValueSpecification","valueRequired":true,"valueName":"search_term_string"}}],"inLanguage":"fr-FR"},{"@type":"Organization","@id":"https:\/\/www.koonings.com\/fr\/#organization","name":"Koonings","url":"https:\/\/www.koonings.com\/fr\/","logo":{"@type":"ImageObject","inLanguage":"fr-FR","@id":"https:\/\/www.koonings.com\/fr\/#\/schema\/logo\/image\/","url":"https:\/\/www.koonings.com\/wp-content\/uploads\/2024\/07\/logo.png","contentUrl":"https:\/\/www.koonings.com\/wp-content\/uploads\/2024\/07\/logo.png","width":600,"height":428,"caption":"Koonings"},"image":{"@id":"https:\/\/www.koonings.com\/fr\/#\/schema\/logo\/image\/"},"sameAs":["https:\/\/www.facebook.com\/kooningstheweddingpalace","https:\/\/www.instagram.com\/kooningstheweddingpalace","https:\/\/www.pinterest.com\/koonings","https:\/\/www.youtube.com\/kooningstheweddingpalace"]}]}},"_links":{"self":[{"href":"https:\/\/www.koonings.com\/fr\/wp-json\/wp\/v2\/product\/84698","targetHints":{"allow":["GET"]}}],"collection":[{"href":"https:\/\/www.koonings.com\/fr\/wp-json\/wp\/v2\/product"}],"about":[{"href":"https:\/\/www.koonings.com\/fr\/wp-json\/wp\/v2\/types\/product"}],"wp:featuredmedia":[{"embeddable":true,"href":"https:\/\/www.koonings.com\/fr\/wp-json\/wp\/v2\/media\/84294"}],"wp:attachment":[{"href":"https:\/\/www.koonings.com\/fr\/wp-json\/wp\/v2\/media?parent=84698"}],"wp:term":[{"taxonomy":"productdetails","embeddable":true,"href":"https:\/\/www.koonings.com\/fr\/wp-json\/wp\/v2\/productdetails?post=84698"},{"taxonomy":"productneck","embeddable":true,"href":"https:\/\/www.koonings.com\/fr\/wp-json\/wp\/v2\/productneck?post=84698"},{"taxonomy":"productcolor","embeddable":true,"href":"https:\/\/www.koonings.com\/fr\/wp-json\/wp\/v2\/productcolor?post=84698"},{"taxonomy":"maat","embeddable":true,"href":"https:\/\/www.koonings.com\/fr\/wp-json\/wp\/v2\/maat?post=84698"},{"taxonomy":"productsupplier","embeddable":true,"href":"https:\/\/www.koonings.com\/fr\/wp-json\/wp\/v2\/productsupplier?post=84698"},{"taxonomy":"productsleeve","embeddable":true,"href":"https:\/\/www.koonings.com\/fr\/wp-json\/wp\/v2\/productsleeve?post=84698"},{"taxonomy":"productcategory","embeddable":true,"href":"https:\/\/www.koonings.com\/fr\/wp-json\/wp\/v2\/productcategory?post=84698"},{"taxonomy":"productsilhouette","embeddable":true,"href":"https:\/\/www.koonings.com\/fr\/wp-json\/wp\/v2\/productsilhouette?post=84698"},{"taxonomy":"productstyle","embeddable":true,"href":"https:\/\/www.koonings.com\/fr\/wp-json\/wp\/v2\/productstyle?post=84698"}],"curies":[{"name":"wp","href":"https:\/\/api.w.org\/{rel}","templated":true}]}}