{"id":84693,"date":"2026-04-14T16:30:24","date_gmt":"2026-04-14T14:30:24","guid":{"rendered":"https:\/\/www.koonings.com\/product\/michela-ferriero-eridania\/"},"modified":"2025-06-05T13:57:41","modified_gmt":"2025-06-05T11:57:41","slug":"michela-ferriero-eridania","status":"publish","type":"product","link":"https:\/\/www.koonings.com\/fr\/product\/michela-ferriero-eridania\/","title":{"rendered":"Michela Ferriero Eridania"},"content":{"rendered":"<p>La robe de mari\u00e9e Eridania de Michela Ferriero est une v\u00e9ritable robe d&#8217;apparat qui respire l&#8217;\u00e9l\u00e9gance et la sophistication dans toutes ses fibres. Elle allie une beaut\u00e9 classique \u00e0 des d\u00e9tails modernes et sophistiqu\u00e9s. Le corsage est magnifiquement d\u00e9cor\u00e9 d&#8217;un somptueux m\u00e9lange de dentelle et de subtiles applications de cristal, ce qui lui conf\u00e8re une allure sophistiqu\u00e9e et luxueuse. L&#8217;encolure et l&#8217;\u00e9l\u00e9gance du dos soulignent subtilement la silhouette f\u00e9minine, tandis que la jupe en ligne A tombe majestueusement, cr\u00e9ant un mouvement enchanteur pendant la c\u00e9r\u00e9monie.   <\/p>\n<p>L&#8217;Eridania est une robe qui enveloppe la mari\u00e9e dans une atmosph\u00e8re romantique et \u00e9poustouflante, tandis que la dentelle moderne ajoute une touche contemporaine. Le design est intemporel, avec une finition luxueuse qui convient \u00e0 un mariage \u00e0 la fois \u00e9l\u00e9gant et inoubliable. <\/p>\n<p>Cette robe unique est parfaite pour les mari\u00e9es qui recherchent un look luxueux sans faire de compromis sur le confort. Avec l&#8217;Eridania, vous rayonnerez d&#8217;un glamour pur, tandis que les d\u00e9tails d\u00e9licats et le design sophistiqu\u00e9 feront de vous la star de la journ\u00e9e. <\/p>\n","protected":false},"featured_media":82291,"template":"","meta":{"_acf_changed":false,"ghostkit_customizer_options":"","ghostkit_custom_css":"","ghostkit_custom_js_head":"","ghostkit_custom_js_foot":"","ghostkit_typography":""},"productdetails":[379,378],"productneck":[350,356],"productcolor":[392],"maat":[],"productsupplier":[445],"productsleeve":[],"productcategory":[18],"productsilhouette":[387],"productstyle":[366,370],"class_list":["post-84693","product","type-product","status-publish","has-post-thumbnail","hentry","productdetails-379","productdetails-378","productneck-350","productneck-356","productcolor-392","productsupplier-michela-ferriero","productcategory-trouwjurken","productsilhouette-387","productstyle-366","productstyle-370"],"acf":[],"yoast_head":"<!-- This site is optimized with the Yoast SEO plugin v27.3 - https:\/\/yoast.com\/product\/yoast-seo-wordpress\/ -->\n<title>Michela Ferriero Eridania | Koonings<\/title>\n<meta name=\"description\" content=\"La robe de mari\u00e9e Eridania de Michela Ferriero est une v\u00e9ritable robe d&#039;apparat qui respire l&#039;\u00e9l\u00e9gance et la sophistication dans toutes ses fibres. Elle allie une beaut\u00e9 classique \u00e0 des d\u00e9tails modernes et sophistiqu\u00e9s. Le corsage est magnifiquement d\u00e9cor\u00e9 d&#039;un somptueux m\u00e9lange de dentelle et de subtiles applications de cristal, ce qui lui conf\u00e8re une allure sophistiqu\u00e9e et luxueuse. L&#039;encolure et l&#039;\u00e9l\u00e9gance du dos soulignent subtilement la silhouette f\u00e9minine, tandis que la jupe en ligne A tombe majestueusement, cr\u00e9ant un mouvement enchanteur pendant la c\u00e9r\u00e9monie. L&#039;Eridania est une robe qui enveloppe la mari\u00e9e dans une atmosph\u00e8re romantique et \u00e9poustouflante, tandis que la dentelle moderne ajoute une touche contemporaine. Le design est intemporel, avec une finition luxueuse qui convient \u00e0 un mariage \u00e0 la fois \u00e9l\u00e9gant et inoubliable. Cette robe unique est parfaite pour les mari\u00e9es qui recherchent un look luxueux sans faire de compromis sur le confort. Avec l&#039;Eridania, vous rayonnerez d&#039;un glamour pur, tandis que les d\u00e9tails d\u00e9licats et le design sophistiqu\u00e9 feront de vous la star de la journ\u00e9e.\" \/>\n<meta name=\"robots\" content=\"index, follow, max-snippet:-1, max-image-preview:large, max-video-preview:-1\" \/>\n<link rel=\"canonical\" href=\"https:\/\/www.koonings.com\/fr\/product\/michela-ferriero-eridania\/\" \/>\n<meta property=\"og:locale\" content=\"fr_FR\" \/>\n<meta property=\"og:type\" content=\"article\" \/>\n<meta property=\"og:title\" content=\"Michela Ferriero Eridania | Koonings\" \/>\n<meta property=\"og:description\" content=\"La robe de mari\u00e9e Eridania de Michela Ferriero est une v\u00e9ritable robe d&#039;apparat qui respire l&#039;\u00e9l\u00e9gance et la sophistication dans toutes ses fibres. Elle allie une beaut\u00e9 classique \u00e0 des d\u00e9tails modernes et sophistiqu\u00e9s. Le corsage est magnifiquement d\u00e9cor\u00e9 d&#039;un somptueux m\u00e9lange de dentelle et de subtiles applications de cristal, ce qui lui conf\u00e8re une allure sophistiqu\u00e9e et luxueuse. L&#039;encolure et l&#039;\u00e9l\u00e9gance du dos soulignent subtilement la silhouette f\u00e9minine, tandis que la jupe en ligne A tombe majestueusement, cr\u00e9ant un mouvement enchanteur pendant la c\u00e9r\u00e9monie. L&#039;Eridania est une robe qui enveloppe la mari\u00e9e dans une atmosph\u00e8re romantique et \u00e9poustouflante, tandis que la dentelle moderne ajoute une touche contemporaine. Le design est intemporel, avec une finition luxueuse qui convient \u00e0 un mariage \u00e0 la fois \u00e9l\u00e9gant et inoubliable. Cette robe unique est parfaite pour les mari\u00e9es qui recherchent un look luxueux sans faire de compromis sur le confort. Avec l&#039;Eridania, vous rayonnerez d&#039;un glamour pur, tandis que les d\u00e9tails d\u00e9licats et le design sophistiqu\u00e9 feront de vous la star de la journ\u00e9e.\" \/>\n<meta property=\"og:url\" content=\"https:\/\/www.koonings.com\/fr\/product\/michela-ferriero-eridania\/\" \/>\n<meta property=\"og:site_name\" content=\"Koonings\" \/>\n<meta property=\"article:publisher\" content=\"https:\/\/www.facebook.com\/kooningstheweddingpalace\" \/>\n<meta property=\"og:image\" content=\"https:\/\/www.koonings.com\/wp-content\/uploads\/2025\/03\/49177_99e22aa61a321420d319c9c897eb1a63605ea38805c3eec7151b6e8cee9f503ae4f86db9-scaled.jpeg\" \/>\n\t<meta property=\"og:image:width\" content=\"1810\" \/>\n\t<meta property=\"og:image:height\" content=\"2560\" \/>\n\t<meta property=\"og:image:type\" content=\"image\/jpeg\" \/>\n<meta name=\"twitter:card\" content=\"summary_large_image\" \/>\n<meta name=\"twitter:label1\" content=\"Dur\u00e9e de lecture estim\u00e9e\" \/>\n\t<meta name=\"twitter:data1\" content=\"1 minute\" \/>\n<script type=\"application\/ld+json\" class=\"yoast-schema-graph\">{\"@context\":\"https:\\\/\\\/schema.org\",\"@graph\":[{\"@type\":\"WebPage\",\"@id\":\"https:\\\/\\\/www.koonings.com\\\/fr\\\/product\\\/michela-ferriero-eridania\\\/\",\"url\":\"https:\\\/\\\/www.koonings.com\\\/fr\\\/product\\\/michela-ferriero-eridania\\\/\",\"name\":\"Michela Ferriero Eridania | Koonings\",\"isPartOf\":{\"@id\":\"https:\\\/\\\/www.koonings.com\\\/fr\\\/#website\"},\"primaryImageOfPage\":{\"@id\":\"https:\\\/\\\/www.koonings.com\\\/fr\\\/product\\\/michela-ferriero-eridania\\\/#primaryimage\"},\"image\":{\"@id\":\"https:\\\/\\\/www.koonings.com\\\/fr\\\/product\\\/michela-ferriero-eridania\\\/#primaryimage\"},\"thumbnailUrl\":\"https:\\\/\\\/www.koonings.com\\\/wp-content\\\/uploads\\\/2025\\\/03\\\/49177_99e22aa61a321420d319c9c897eb1a63605ea38805c3eec7151b6e8cee9f503ae4f86db9-scaled.jpeg\",\"datePublished\":\"2026-04-14T14:30:24+00:00\",\"description\":\"La robe de mari\u00e9e Eridania de Michela Ferriero est une v\u00e9ritable robe d'apparat qui respire l'\u00e9l\u00e9gance et la sophistication dans toutes ses fibres. Elle allie une beaut\u00e9 classique \u00e0 des d\u00e9tails modernes et sophistiqu\u00e9s. Le corsage est magnifiquement d\u00e9cor\u00e9 d'un somptueux m\u00e9lange de dentelle et de subtiles applications de cristal, ce qui lui conf\u00e8re une allure sophistiqu\u00e9e et luxueuse. L'encolure et l'\u00e9l\u00e9gance du dos soulignent subtilement la silhouette f\u00e9minine, tandis que la jupe en ligne A tombe majestueusement, cr\u00e9ant un mouvement enchanteur pendant la c\u00e9r\u00e9monie. L'Eridania est une robe qui enveloppe la mari\u00e9e dans une atmosph\u00e8re romantique et \u00e9poustouflante, tandis que la dentelle moderne ajoute une touche contemporaine. Le design est intemporel, avec une finition luxueuse qui convient \u00e0 un mariage \u00e0 la fois \u00e9l\u00e9gant et inoubliable. Cette robe unique est parfaite pour les mari\u00e9es qui recherchent un look luxueux sans faire de compromis sur le confort. Avec l'Eridania, vous rayonnerez d'un glamour pur, tandis que les d\u00e9tails d\u00e9licats et le design sophistiqu\u00e9 feront de vous la star de la journ\u00e9e.\",\"breadcrumb\":{\"@id\":\"https:\\\/\\\/www.koonings.com\\\/fr\\\/product\\\/michela-ferriero-eridania\\\/#breadcrumb\"},\"inLanguage\":\"fr-FR\",\"potentialAction\":[{\"@type\":\"ReadAction\",\"target\":[\"https:\\\/\\\/www.koonings.com\\\/fr\\\/product\\\/michela-ferriero-eridania\\\/\"]}]},{\"@type\":\"ImageObject\",\"inLanguage\":\"fr-FR\",\"@id\":\"https:\\\/\\\/www.koonings.com\\\/fr\\\/product\\\/michela-ferriero-eridania\\\/#primaryimage\",\"url\":\"https:\\\/\\\/www.koonings.com\\\/wp-content\\\/uploads\\\/2025\\\/03\\\/49177_99e22aa61a321420d319c9c897eb1a63605ea38805c3eec7151b6e8cee9f503ae4f86db9-scaled.jpeg\",\"contentUrl\":\"https:\\\/\\\/www.koonings.com\\\/wp-content\\\/uploads\\\/2025\\\/03\\\/49177_99e22aa61a321420d319c9c897eb1a63605ea38805c3eec7151b6e8cee9f503ae4f86db9-scaled.jpeg\",\"width\":1810,\"height\":2560},{\"@type\":\"BreadcrumbList\",\"@id\":\"https:\\\/\\\/www.koonings.com\\\/fr\\\/product\\\/michela-ferriero-eridania\\\/#breadcrumb\",\"itemListElement\":[{\"@type\":\"ListItem\",\"position\":1,\"name\":\"Home\",\"item\":\"https:\\\/\\\/www.koonings.com\\\/fr\\\/\"},{\"@type\":\"ListItem\",\"position\":2,\"name\":\"Michela Ferriero Eridania\"}]},{\"@type\":\"WebSite\",\"@id\":\"https:\\\/\\\/www.koonings.com\\\/fr\\\/#website\",\"url\":\"https:\\\/\\\/www.koonings.com\\\/fr\\\/\",\"name\":\"Koonings\",\"description\":\"De grootste bruidsmodewinkel ter wereld\",\"publisher\":{\"@id\":\"https:\\\/\\\/www.koonings.com\\\/fr\\\/#organization\"},\"potentialAction\":[{\"@type\":\"SearchAction\",\"target\":{\"@type\":\"EntryPoint\",\"urlTemplate\":\"https:\\\/\\\/www.koonings.com\\\/fr\\\/?s={search_term_string}\"},\"query-input\":{\"@type\":\"PropertyValueSpecification\",\"valueRequired\":true,\"valueName\":\"search_term_string\"}}],\"inLanguage\":\"fr-FR\"},{\"@type\":\"Organization\",\"@id\":\"https:\\\/\\\/www.koonings.com\\\/fr\\\/#organization\",\"name\":\"Koonings\",\"url\":\"https:\\\/\\\/www.koonings.com\\\/fr\\\/\",\"logo\":{\"@type\":\"ImageObject\",\"inLanguage\":\"fr-FR\",\"@id\":\"https:\\\/\\\/www.koonings.com\\\/fr\\\/#\\\/schema\\\/logo\\\/image\\\/\",\"url\":\"https:\\\/\\\/www.koonings.com\\\/wp-content\\\/uploads\\\/2024\\\/07\\\/logo.png\",\"contentUrl\":\"https:\\\/\\\/www.koonings.com\\\/wp-content\\\/uploads\\\/2024\\\/07\\\/logo.png\",\"width\":600,\"height\":428,\"caption\":\"Koonings\"},\"image\":{\"@id\":\"https:\\\/\\\/www.koonings.com\\\/fr\\\/#\\\/schema\\\/logo\\\/image\\\/\"},\"sameAs\":[\"https:\\\/\\\/www.facebook.com\\\/kooningstheweddingpalace\",\"https:\\\/\\\/www.instagram.com\\\/kooningstheweddingpalace\",\"https:\\\/\\\/www.pinterest.com\\\/koonings\",\"https:\\\/\\\/www.youtube.com\\\/kooningstheweddingpalace\"]}]}<\/script>\n<!-- \/ Yoast SEO plugin. -->","yoast_head_json":{"title":"Michela Ferriero Eridania | Koonings","description":"La robe de mari\u00e9e Eridania de Michela Ferriero est une v\u00e9ritable robe d'apparat qui respire l'\u00e9l\u00e9gance et la sophistication dans toutes ses fibres. Elle allie une beaut\u00e9 classique \u00e0 des d\u00e9tails modernes et sophistiqu\u00e9s. Le corsage est magnifiquement d\u00e9cor\u00e9 d'un somptueux m\u00e9lange de dentelle et de subtiles applications de cristal, ce qui lui conf\u00e8re une allure sophistiqu\u00e9e et luxueuse. L'encolure et l'\u00e9l\u00e9gance du dos soulignent subtilement la silhouette f\u00e9minine, tandis que la jupe en ligne A tombe majestueusement, cr\u00e9ant un mouvement enchanteur pendant la c\u00e9r\u00e9monie. L'Eridania est une robe qui enveloppe la mari\u00e9e dans une atmosph\u00e8re romantique et \u00e9poustouflante, tandis que la dentelle moderne ajoute une touche contemporaine. Le design est intemporel, avec une finition luxueuse qui convient \u00e0 un mariage \u00e0 la fois \u00e9l\u00e9gant et inoubliable. Cette robe unique est parfaite pour les mari\u00e9es qui recherchent un look luxueux sans faire de compromis sur le confort. Avec l'Eridania, vous rayonnerez d'un glamour pur, tandis que les d\u00e9tails d\u00e9licats et le design sophistiqu\u00e9 feront de vous la star de la journ\u00e9e.","robots":{"index":"index","follow":"follow","max-snippet":"max-snippet:-1","max-image-preview":"max-image-preview:large","max-video-preview":"max-video-preview:-1"},"canonical":"https:\/\/www.koonings.com\/fr\/product\/michela-ferriero-eridania\/","og_locale":"fr_FR","og_type":"article","og_title":"Michela Ferriero Eridania | Koonings","og_description":"La robe de mari\u00e9e Eridania de Michela Ferriero est une v\u00e9ritable robe d'apparat qui respire l'\u00e9l\u00e9gance et la sophistication dans toutes ses fibres. Elle allie une beaut\u00e9 classique \u00e0 des d\u00e9tails modernes et sophistiqu\u00e9s. Le corsage est magnifiquement d\u00e9cor\u00e9 d'un somptueux m\u00e9lange de dentelle et de subtiles applications de cristal, ce qui lui conf\u00e8re une allure sophistiqu\u00e9e et luxueuse. L'encolure et l'\u00e9l\u00e9gance du dos soulignent subtilement la silhouette f\u00e9minine, tandis que la jupe en ligne A tombe majestueusement, cr\u00e9ant un mouvement enchanteur pendant la c\u00e9r\u00e9monie. L'Eridania est une robe qui enveloppe la mari\u00e9e dans une atmosph\u00e8re romantique et \u00e9poustouflante, tandis que la dentelle moderne ajoute une touche contemporaine. Le design est intemporel, avec une finition luxueuse qui convient \u00e0 un mariage \u00e0 la fois \u00e9l\u00e9gant et inoubliable. Cette robe unique est parfaite pour les mari\u00e9es qui recherchent un look luxueux sans faire de compromis sur le confort. Avec l'Eridania, vous rayonnerez d'un glamour pur, tandis que les d\u00e9tails d\u00e9licats et le design sophistiqu\u00e9 feront de vous la star de la journ\u00e9e.","og_url":"https:\/\/www.koonings.com\/fr\/product\/michela-ferriero-eridania\/","og_site_name":"Koonings","article_publisher":"https:\/\/www.facebook.com\/kooningstheweddingpalace","og_image":[{"width":1810,"height":2560,"url":"https:\/\/www.koonings.com\/wp-content\/uploads\/2025\/03\/49177_99e22aa61a321420d319c9c897eb1a63605ea38805c3eec7151b6e8cee9f503ae4f86db9-scaled.jpeg","type":"image\/jpeg"}],"twitter_card":"summary_large_image","twitter_misc":{"Dur\u00e9e de lecture estim\u00e9e":"1 minute"},"schema":{"@context":"https:\/\/schema.org","@graph":[{"@type":"WebPage","@id":"https:\/\/www.koonings.com\/fr\/product\/michela-ferriero-eridania\/","url":"https:\/\/www.koonings.com\/fr\/product\/michela-ferriero-eridania\/","name":"Michela Ferriero Eridania | Koonings","isPartOf":{"@id":"https:\/\/www.koonings.com\/fr\/#website"},"primaryImageOfPage":{"@id":"https:\/\/www.koonings.com\/fr\/product\/michela-ferriero-eridania\/#primaryimage"},"image":{"@id":"https:\/\/www.koonings.com\/fr\/product\/michela-ferriero-eridania\/#primaryimage"},"thumbnailUrl":"https:\/\/www.koonings.com\/wp-content\/uploads\/2025\/03\/49177_99e22aa61a321420d319c9c897eb1a63605ea38805c3eec7151b6e8cee9f503ae4f86db9-scaled.jpeg","datePublished":"2026-04-14T14:30:24+00:00","description":"La robe de mari\u00e9e Eridania de Michela Ferriero est une v\u00e9ritable robe d'apparat qui respire l'\u00e9l\u00e9gance et la sophistication dans toutes ses fibres. Elle allie une beaut\u00e9 classique \u00e0 des d\u00e9tails modernes et sophistiqu\u00e9s. Le corsage est magnifiquement d\u00e9cor\u00e9 d'un somptueux m\u00e9lange de dentelle et de subtiles applications de cristal, ce qui lui conf\u00e8re une allure sophistiqu\u00e9e et luxueuse. L'encolure et l'\u00e9l\u00e9gance du dos soulignent subtilement la silhouette f\u00e9minine, tandis que la jupe en ligne A tombe majestueusement, cr\u00e9ant un mouvement enchanteur pendant la c\u00e9r\u00e9monie. L'Eridania est une robe qui enveloppe la mari\u00e9e dans une atmosph\u00e8re romantique et \u00e9poustouflante, tandis que la dentelle moderne ajoute une touche contemporaine. Le design est intemporel, avec une finition luxueuse qui convient \u00e0 un mariage \u00e0 la fois \u00e9l\u00e9gant et inoubliable. Cette robe unique est parfaite pour les mari\u00e9es qui recherchent un look luxueux sans faire de compromis sur le confort. Avec l'Eridania, vous rayonnerez d'un glamour pur, tandis que les d\u00e9tails d\u00e9licats et le design sophistiqu\u00e9 feront de vous la star de la journ\u00e9e.","breadcrumb":{"@id":"https:\/\/www.koonings.com\/fr\/product\/michela-ferriero-eridania\/#breadcrumb"},"inLanguage":"fr-FR","potentialAction":[{"@type":"ReadAction","target":["https:\/\/www.koonings.com\/fr\/product\/michela-ferriero-eridania\/"]}]},{"@type":"ImageObject","inLanguage":"fr-FR","@id":"https:\/\/www.koonings.com\/fr\/product\/michela-ferriero-eridania\/#primaryimage","url":"https:\/\/www.koonings.com\/wp-content\/uploads\/2025\/03\/49177_99e22aa61a321420d319c9c897eb1a63605ea38805c3eec7151b6e8cee9f503ae4f86db9-scaled.jpeg","contentUrl":"https:\/\/www.koonings.com\/wp-content\/uploads\/2025\/03\/49177_99e22aa61a321420d319c9c897eb1a63605ea38805c3eec7151b6e8cee9f503ae4f86db9-scaled.jpeg","width":1810,"height":2560},{"@type":"BreadcrumbList","@id":"https:\/\/www.koonings.com\/fr\/product\/michela-ferriero-eridania\/#breadcrumb","itemListElement":[{"@type":"ListItem","position":1,"name":"Home","item":"https:\/\/www.koonings.com\/fr\/"},{"@type":"ListItem","position":2,"name":"Michela Ferriero Eridania"}]},{"@type":"WebSite","@id":"https:\/\/www.koonings.com\/fr\/#website","url":"https:\/\/www.koonings.com\/fr\/","name":"Koonings","description":"De grootste bruidsmodewinkel ter wereld","publisher":{"@id":"https:\/\/www.koonings.com\/fr\/#organization"},"potentialAction":[{"@type":"SearchAction","target":{"@type":"EntryPoint","urlTemplate":"https:\/\/www.koonings.com\/fr\/?s={search_term_string}"},"query-input":{"@type":"PropertyValueSpecification","valueRequired":true,"valueName":"search_term_string"}}],"inLanguage":"fr-FR"},{"@type":"Organization","@id":"https:\/\/www.koonings.com\/fr\/#organization","name":"Koonings","url":"https:\/\/www.koonings.com\/fr\/","logo":{"@type":"ImageObject","inLanguage":"fr-FR","@id":"https:\/\/www.koonings.com\/fr\/#\/schema\/logo\/image\/","url":"https:\/\/www.koonings.com\/wp-content\/uploads\/2024\/07\/logo.png","contentUrl":"https:\/\/www.koonings.com\/wp-content\/uploads\/2024\/07\/logo.png","width":600,"height":428,"caption":"Koonings"},"image":{"@id":"https:\/\/www.koonings.com\/fr\/#\/schema\/logo\/image\/"},"sameAs":["https:\/\/www.facebook.com\/kooningstheweddingpalace","https:\/\/www.instagram.com\/kooningstheweddingpalace","https:\/\/www.pinterest.com\/koonings","https:\/\/www.youtube.com\/kooningstheweddingpalace"]}]}},"_links":{"self":[{"href":"https:\/\/www.koonings.com\/fr\/wp-json\/wp\/v2\/product\/84693","targetHints":{"allow":["GET"]}}],"collection":[{"href":"https:\/\/www.koonings.com\/fr\/wp-json\/wp\/v2\/product"}],"about":[{"href":"https:\/\/www.koonings.com\/fr\/wp-json\/wp\/v2\/types\/product"}],"wp:featuredmedia":[{"embeddable":true,"href":"https:\/\/www.koonings.com\/fr\/wp-json\/wp\/v2\/media\/82291"}],"wp:attachment":[{"href":"https:\/\/www.koonings.com\/fr\/wp-json\/wp\/v2\/media?parent=84693"}],"wp:term":[{"taxonomy":"productdetails","embeddable":true,"href":"https:\/\/www.koonings.com\/fr\/wp-json\/wp\/v2\/productdetails?post=84693"},{"taxonomy":"productneck","embeddable":true,"href":"https:\/\/www.koonings.com\/fr\/wp-json\/wp\/v2\/productneck?post=84693"},{"taxonomy":"productcolor","embeddable":true,"href":"https:\/\/www.koonings.com\/fr\/wp-json\/wp\/v2\/productcolor?post=84693"},{"taxonomy":"maat","embeddable":true,"href":"https:\/\/www.koonings.com\/fr\/wp-json\/wp\/v2\/maat?post=84693"},{"taxonomy":"productsupplier","embeddable":true,"href":"https:\/\/www.koonings.com\/fr\/wp-json\/wp\/v2\/productsupplier?post=84693"},{"taxonomy":"productsleeve","embeddable":true,"href":"https:\/\/www.koonings.com\/fr\/wp-json\/wp\/v2\/productsleeve?post=84693"},{"taxonomy":"productcategory","embeddable":true,"href":"https:\/\/www.koonings.com\/fr\/wp-json\/wp\/v2\/productcategory?post=84693"},{"taxonomy":"productsilhouette","embeddable":true,"href":"https:\/\/www.koonings.com\/fr\/wp-json\/wp\/v2\/productsilhouette?post=84693"},{"taxonomy":"productstyle","embeddable":true,"href":"https:\/\/www.koonings.com\/fr\/wp-json\/wp\/v2\/productstyle?post=84693"}],"curies":[{"name":"wp","href":"https:\/\/api.w.org\/{rel}","templated":true}]}}