{"id":84686,"date":"2026-04-28T18:16:23","date_gmt":"2026-04-28T16:16:23","guid":{"rendered":"https:\/\/www.koonings.com\/product\/ramona-koonings-couture-kn2530-mata\/"},"modified":"2026-02-16T15:13:07","modified_gmt":"2026-02-16T14:13:07","slug":"ramona-koonings-couture-kn2530-mata","status":"publish","type":"product","link":"https:\/\/www.koonings.com\/fr\/product\/ramona-koonings-couture-kn2530-mata\/","title":{"rendered":"Ramona Koonings Couture KN2530 Mata"},"content":{"rendered":"<p>La robe de mari\u00e9e intemporelle Mata de Ramona Koonings Couture.<br \/>\nLa robe de mari\u00e9e Mata de Ramona Koonings Couture, disponible exclusivement chez Koonings The Wedding Palace, est un choix parfait pour la mari\u00e9e qui aime l&#8217;\u00e9l\u00e9gance classique et la couture sophistiqu\u00e9e. Cette robe de couture combine un design intemporel avec des d\u00e9tails luxueux, vous donnant un look \u00e0 couper le souffle pour votre grand jour.<br \/>\nAvec sa coupe A-line, la robe tombe flatteusement le long du corps, cr\u00e9ant un look gracieux et sophistiqu\u00e9. Le d\u00e9collet\u00e9 en c\u0153ur sans bretelles met en valeur le d\u00e9collet\u00e9 d&#8217;une mani\u00e8re subtile et romantique. Les manches longues ajoutent une touche d&#8217;\u00e9l\u00e9gance suppl\u00e9mentaire, donnant \u00e0 la robe une allure classique et chic.<br \/>\nLa couleur ivoire rend la robe particuli\u00e8rement douce et romantique, tandis que la finition couture de haute qualit\u00e9 garantit une allure luxueuse et sophistiqu\u00e9e. Cette robe est parfaite pour la mari\u00e9e qui recherche un look intemporel et sophistiqu\u00e9, \u00e0 la fois romantique et classique.<br \/>\nD\u00e9couvrez la robe de mari\u00e9e Mata de Ramona Koonings Couture chez Koonings The Wedding Palace et sentez-vous comme une vraie reine lors de votre plus beau jour.    <\/p>\n","protected":false},"featured_media":83101,"template":"","meta":{"_acf_changed":false,"ghostkit_customizer_options":"","ghostkit_custom_css":"","ghostkit_custom_js_head":"","ghostkit_custom_js_foot":"","ghostkit_typography":""},"productdetails":[],"productneck":[354,355],"productcolor":[392],"maat":[],"productsupplier":[419],"productsleeve":[362],"productcategory":[18],"productsilhouette":[384],"productstyle":[367,369],"class_list":["post-84686","product","type-product","status-publish","has-post-thumbnail","hentry","productneck-354","productneck-355","productcolor-392","productsupplier-ramona-koonings-couture","productsleeve-362","productcategory-trouwjurken","productsilhouette-384","productstyle-367","productstyle-369"],"acf":[],"yoast_head":"<!-- This site is optimized with the Yoast SEO plugin v27.3 - https:\/\/yoast.com\/product\/yoast-seo-wordpress\/ -->\n<title>Ramona Koonings Couture KN2530 Mata | Koonings<\/title>\n<meta name=\"description\" content=\"La robe de mari\u00e9e intemporelle Mata de Ramona Koonings Couture. La robe de mari\u00e9e Mata de Ramona Koonings Couture, disponible exclusivement chez Koonings The Wedding Palace, est un choix parfait pour la mari\u00e9e qui aime l&#039;\u00e9l\u00e9gance classique et la couture sophistiqu\u00e9e. Cette robe de couture combine un design intemporel avec des d\u00e9tails luxueux, vous donnant un look \u00e0 couper le souffle pour votre grand jour. Avec sa coupe A-line, la robe tombe flatteusement le long du corps, cr\u00e9ant un look gracieux et sophistiqu\u00e9. Le d\u00e9collet\u00e9 en c\u0153ur sans bretelles met en valeur le d\u00e9collet\u00e9 d&#039;une mani\u00e8re subtile et romantique. Les manches longues ajoutent une touche d&#039;\u00e9l\u00e9gance suppl\u00e9mentaire, donnant \u00e0 la robe une allure classique et chic. La couleur ivoire rend la robe particuli\u00e8rement douce et romantique, tandis que la finition couture de haute qualit\u00e9 garantit une allure luxueuse et sophistiqu\u00e9e. Cette robe est parfaite pour la mari\u00e9e qui recherche un look intemporel et sophistiqu\u00e9, \u00e0 la fois romantique et classique. D\u00e9couvrez la robe de mari\u00e9e Mata de Ramona Koonings Couture chez Koonings The Wedding Palace et sentez-vous comme une vraie reine lors de votre plus beau jour.\" \/>\n<meta name=\"robots\" content=\"index, follow, max-snippet:-1, max-image-preview:large, max-video-preview:-1\" \/>\n<link rel=\"canonical\" href=\"https:\/\/www.koonings.com\/fr\/product\/ramona-koonings-couture-kn2530-mata\/\" \/>\n<meta property=\"og:locale\" content=\"fr_FR\" \/>\n<meta property=\"og:type\" content=\"article\" \/>\n<meta property=\"og:title\" content=\"Ramona Koonings Couture KN2530 Mata | Koonings\" \/>\n<meta property=\"og:description\" content=\"La robe de mari\u00e9e intemporelle Mata de Ramona Koonings Couture. La robe de mari\u00e9e Mata de Ramona Koonings Couture, disponible exclusivement chez Koonings The Wedding Palace, est un choix parfait pour la mari\u00e9e qui aime l&#039;\u00e9l\u00e9gance classique et la couture sophistiqu\u00e9e. Cette robe de couture combine un design intemporel avec des d\u00e9tails luxueux, vous donnant un look \u00e0 couper le souffle pour votre grand jour. Avec sa coupe A-line, la robe tombe flatteusement le long du corps, cr\u00e9ant un look gracieux et sophistiqu\u00e9. Le d\u00e9collet\u00e9 en c\u0153ur sans bretelles met en valeur le d\u00e9collet\u00e9 d&#039;une mani\u00e8re subtile et romantique. Les manches longues ajoutent une touche d&#039;\u00e9l\u00e9gance suppl\u00e9mentaire, donnant \u00e0 la robe une allure classique et chic. La couleur ivoire rend la robe particuli\u00e8rement douce et romantique, tandis que la finition couture de haute qualit\u00e9 garantit une allure luxueuse et sophistiqu\u00e9e. Cette robe est parfaite pour la mari\u00e9e qui recherche un look intemporel et sophistiqu\u00e9, \u00e0 la fois romantique et classique. D\u00e9couvrez la robe de mari\u00e9e Mata de Ramona Koonings Couture chez Koonings The Wedding Palace et sentez-vous comme une vraie reine lors de votre plus beau jour.\" \/>\n<meta property=\"og:url\" content=\"https:\/\/www.koonings.com\/fr\/product\/ramona-koonings-couture-kn2530-mata\/\" \/>\n<meta property=\"og:site_name\" content=\"Koonings\" \/>\n<meta property=\"article:publisher\" content=\"https:\/\/www.facebook.com\/kooningstheweddingpalace\" \/>\n<meta property=\"og:image\" content=\"https:\/\/www.koonings.com\/wp-content\/uploads\/2025\/03\/40021_cca72f6b1be5e36e3ddf5c745c2a8b8ba4143b6b723cfa280fec0ce6fefc31a6d999d8df-scaled.jpeg\" \/>\n\t<meta property=\"og:image:width\" content=\"1810\" \/>\n\t<meta property=\"og:image:height\" content=\"2560\" \/>\n\t<meta property=\"og:image:type\" content=\"image\/jpeg\" \/>\n<meta name=\"twitter:card\" content=\"summary_large_image\" \/>\n<meta name=\"twitter:label1\" content=\"Dur\u00e9e de lecture estim\u00e9e\" \/>\n\t<meta name=\"twitter:data1\" content=\"1 minute\" \/>\n<script type=\"application\/ld+json\" class=\"yoast-schema-graph\">{\"@context\":\"https:\\\/\\\/schema.org\",\"@graph\":[{\"@type\":\"WebPage\",\"@id\":\"https:\\\/\\\/www.koonings.com\\\/fr\\\/product\\\/ramona-koonings-couture-kn2530-mata\\\/\",\"url\":\"https:\\\/\\\/www.koonings.com\\\/fr\\\/product\\\/ramona-koonings-couture-kn2530-mata\\\/\",\"name\":\"Ramona Koonings Couture KN2530 Mata | Koonings\",\"isPartOf\":{\"@id\":\"https:\\\/\\\/www.koonings.com\\\/fr\\\/#website\"},\"primaryImageOfPage\":{\"@id\":\"https:\\\/\\\/www.koonings.com\\\/fr\\\/product\\\/ramona-koonings-couture-kn2530-mata\\\/#primaryimage\"},\"image\":{\"@id\":\"https:\\\/\\\/www.koonings.com\\\/fr\\\/product\\\/ramona-koonings-couture-kn2530-mata\\\/#primaryimage\"},\"thumbnailUrl\":\"https:\\\/\\\/www.koonings.com\\\/wp-content\\\/uploads\\\/2025\\\/03\\\/40021_cca72f6b1be5e36e3ddf5c745c2a8b8ba4143b6b723cfa280fec0ce6fefc31a6d999d8df-scaled.jpeg\",\"datePublished\":\"2026-04-28T16:16:23+00:00\",\"description\":\"La robe de mari\u00e9e intemporelle Mata de Ramona Koonings Couture. La robe de mari\u00e9e Mata de Ramona Koonings Couture, disponible exclusivement chez Koonings The Wedding Palace, est un choix parfait pour la mari\u00e9e qui aime l'\u00e9l\u00e9gance classique et la couture sophistiqu\u00e9e. Cette robe de couture combine un design intemporel avec des d\u00e9tails luxueux, vous donnant un look \u00e0 couper le souffle pour votre grand jour. Avec sa coupe A-line, la robe tombe flatteusement le long du corps, cr\u00e9ant un look gracieux et sophistiqu\u00e9. Le d\u00e9collet\u00e9 en c\u0153ur sans bretelles met en valeur le d\u00e9collet\u00e9 d'une mani\u00e8re subtile et romantique. Les manches longues ajoutent une touche d'\u00e9l\u00e9gance suppl\u00e9mentaire, donnant \u00e0 la robe une allure classique et chic. La couleur ivoire rend la robe particuli\u00e8rement douce et romantique, tandis que la finition couture de haute qualit\u00e9 garantit une allure luxueuse et sophistiqu\u00e9e. Cette robe est parfaite pour la mari\u00e9e qui recherche un look intemporel et sophistiqu\u00e9, \u00e0 la fois romantique et classique. D\u00e9couvrez la robe de mari\u00e9e Mata de Ramona Koonings Couture chez Koonings The Wedding Palace et sentez-vous comme une vraie reine lors de votre plus beau jour.\",\"breadcrumb\":{\"@id\":\"https:\\\/\\\/www.koonings.com\\\/fr\\\/product\\\/ramona-koonings-couture-kn2530-mata\\\/#breadcrumb\"},\"inLanguage\":\"fr-FR\",\"potentialAction\":[{\"@type\":\"ReadAction\",\"target\":[\"https:\\\/\\\/www.koonings.com\\\/fr\\\/product\\\/ramona-koonings-couture-kn2530-mata\\\/\"]}]},{\"@type\":\"ImageObject\",\"inLanguage\":\"fr-FR\",\"@id\":\"https:\\\/\\\/www.koonings.com\\\/fr\\\/product\\\/ramona-koonings-couture-kn2530-mata\\\/#primaryimage\",\"url\":\"https:\\\/\\\/www.koonings.com\\\/wp-content\\\/uploads\\\/2025\\\/03\\\/40021_cca72f6b1be5e36e3ddf5c745c2a8b8ba4143b6b723cfa280fec0ce6fefc31a6d999d8df-scaled.jpeg\",\"contentUrl\":\"https:\\\/\\\/www.koonings.com\\\/wp-content\\\/uploads\\\/2025\\\/03\\\/40021_cca72f6b1be5e36e3ddf5c745c2a8b8ba4143b6b723cfa280fec0ce6fefc31a6d999d8df-scaled.jpeg\",\"width\":1810,\"height\":2560},{\"@type\":\"BreadcrumbList\",\"@id\":\"https:\\\/\\\/www.koonings.com\\\/fr\\\/product\\\/ramona-koonings-couture-kn2530-mata\\\/#breadcrumb\",\"itemListElement\":[{\"@type\":\"ListItem\",\"position\":1,\"name\":\"Home\",\"item\":\"https:\\\/\\\/www.koonings.com\\\/fr\\\/\"},{\"@type\":\"ListItem\",\"position\":2,\"name\":\"Ramona Koonings Couture KN2530 Mata\"}]},{\"@type\":\"WebSite\",\"@id\":\"https:\\\/\\\/www.koonings.com\\\/fr\\\/#website\",\"url\":\"https:\\\/\\\/www.koonings.com\\\/fr\\\/\",\"name\":\"Koonings\",\"description\":\"De grootste bruidsmodewinkel ter wereld\",\"publisher\":{\"@id\":\"https:\\\/\\\/www.koonings.com\\\/fr\\\/#organization\"},\"potentialAction\":[{\"@type\":\"SearchAction\",\"target\":{\"@type\":\"EntryPoint\",\"urlTemplate\":\"https:\\\/\\\/www.koonings.com\\\/fr\\\/?s={search_term_string}\"},\"query-input\":{\"@type\":\"PropertyValueSpecification\",\"valueRequired\":true,\"valueName\":\"search_term_string\"}}],\"inLanguage\":\"fr-FR\"},{\"@type\":\"Organization\",\"@id\":\"https:\\\/\\\/www.koonings.com\\\/fr\\\/#organization\",\"name\":\"Koonings\",\"url\":\"https:\\\/\\\/www.koonings.com\\\/fr\\\/\",\"logo\":{\"@type\":\"ImageObject\",\"inLanguage\":\"fr-FR\",\"@id\":\"https:\\\/\\\/www.koonings.com\\\/fr\\\/#\\\/schema\\\/logo\\\/image\\\/\",\"url\":\"https:\\\/\\\/www.koonings.com\\\/wp-content\\\/uploads\\\/2024\\\/07\\\/logo.png\",\"contentUrl\":\"https:\\\/\\\/www.koonings.com\\\/wp-content\\\/uploads\\\/2024\\\/07\\\/logo.png\",\"width\":600,\"height\":428,\"caption\":\"Koonings\"},\"image\":{\"@id\":\"https:\\\/\\\/www.koonings.com\\\/fr\\\/#\\\/schema\\\/logo\\\/image\\\/\"},\"sameAs\":[\"https:\\\/\\\/www.facebook.com\\\/kooningstheweddingpalace\",\"https:\\\/\\\/www.instagram.com\\\/kooningstheweddingpalace\",\"https:\\\/\\\/www.pinterest.com\\\/koonings\",\"https:\\\/\\\/www.youtube.com\\\/kooningstheweddingpalace\"]}]}<\/script>\n<!-- \/ Yoast SEO plugin. -->","yoast_head_json":{"title":"Ramona Koonings Couture KN2530 Mata | Koonings","description":"La robe de mari\u00e9e intemporelle Mata de Ramona Koonings Couture. La robe de mari\u00e9e Mata de Ramona Koonings Couture, disponible exclusivement chez Koonings The Wedding Palace, est un choix parfait pour la mari\u00e9e qui aime l'\u00e9l\u00e9gance classique et la couture sophistiqu\u00e9e. Cette robe de couture combine un design intemporel avec des d\u00e9tails luxueux, vous donnant un look \u00e0 couper le souffle pour votre grand jour. Avec sa coupe A-line, la robe tombe flatteusement le long du corps, cr\u00e9ant un look gracieux et sophistiqu\u00e9. Le d\u00e9collet\u00e9 en c\u0153ur sans bretelles met en valeur le d\u00e9collet\u00e9 d'une mani\u00e8re subtile et romantique. Les manches longues ajoutent une touche d'\u00e9l\u00e9gance suppl\u00e9mentaire, donnant \u00e0 la robe une allure classique et chic. La couleur ivoire rend la robe particuli\u00e8rement douce et romantique, tandis que la finition couture de haute qualit\u00e9 garantit une allure luxueuse et sophistiqu\u00e9e. Cette robe est parfaite pour la mari\u00e9e qui recherche un look intemporel et sophistiqu\u00e9, \u00e0 la fois romantique et classique. D\u00e9couvrez la robe de mari\u00e9e Mata de Ramona Koonings Couture chez Koonings The Wedding Palace et sentez-vous comme une vraie reine lors de votre plus beau jour.","robots":{"index":"index","follow":"follow","max-snippet":"max-snippet:-1","max-image-preview":"max-image-preview:large","max-video-preview":"max-video-preview:-1"},"canonical":"https:\/\/www.koonings.com\/fr\/product\/ramona-koonings-couture-kn2530-mata\/","og_locale":"fr_FR","og_type":"article","og_title":"Ramona Koonings Couture KN2530 Mata | Koonings","og_description":"La robe de mari\u00e9e intemporelle Mata de Ramona Koonings Couture. La robe de mari\u00e9e Mata de Ramona Koonings Couture, disponible exclusivement chez Koonings The Wedding Palace, est un choix parfait pour la mari\u00e9e qui aime l'\u00e9l\u00e9gance classique et la couture sophistiqu\u00e9e. Cette robe de couture combine un design intemporel avec des d\u00e9tails luxueux, vous donnant un look \u00e0 couper le souffle pour votre grand jour. Avec sa coupe A-line, la robe tombe flatteusement le long du corps, cr\u00e9ant un look gracieux et sophistiqu\u00e9. Le d\u00e9collet\u00e9 en c\u0153ur sans bretelles met en valeur le d\u00e9collet\u00e9 d'une mani\u00e8re subtile et romantique. Les manches longues ajoutent une touche d'\u00e9l\u00e9gance suppl\u00e9mentaire, donnant \u00e0 la robe une allure classique et chic. La couleur ivoire rend la robe particuli\u00e8rement douce et romantique, tandis que la finition couture de haute qualit\u00e9 garantit une allure luxueuse et sophistiqu\u00e9e. Cette robe est parfaite pour la mari\u00e9e qui recherche un look intemporel et sophistiqu\u00e9, \u00e0 la fois romantique et classique. D\u00e9couvrez la robe de mari\u00e9e Mata de Ramona Koonings Couture chez Koonings The Wedding Palace et sentez-vous comme une vraie reine lors de votre plus beau jour.","og_url":"https:\/\/www.koonings.com\/fr\/product\/ramona-koonings-couture-kn2530-mata\/","og_site_name":"Koonings","article_publisher":"https:\/\/www.facebook.com\/kooningstheweddingpalace","og_image":[{"width":1810,"height":2560,"url":"https:\/\/www.koonings.com\/wp-content\/uploads\/2025\/03\/40021_cca72f6b1be5e36e3ddf5c745c2a8b8ba4143b6b723cfa280fec0ce6fefc31a6d999d8df-scaled.jpeg","type":"image\/jpeg"}],"twitter_card":"summary_large_image","twitter_misc":{"Dur\u00e9e de lecture estim\u00e9e":"1 minute"},"schema":{"@context":"https:\/\/schema.org","@graph":[{"@type":"WebPage","@id":"https:\/\/www.koonings.com\/fr\/product\/ramona-koonings-couture-kn2530-mata\/","url":"https:\/\/www.koonings.com\/fr\/product\/ramona-koonings-couture-kn2530-mata\/","name":"Ramona Koonings Couture KN2530 Mata | Koonings","isPartOf":{"@id":"https:\/\/www.koonings.com\/fr\/#website"},"primaryImageOfPage":{"@id":"https:\/\/www.koonings.com\/fr\/product\/ramona-koonings-couture-kn2530-mata\/#primaryimage"},"image":{"@id":"https:\/\/www.koonings.com\/fr\/product\/ramona-koonings-couture-kn2530-mata\/#primaryimage"},"thumbnailUrl":"https:\/\/www.koonings.com\/wp-content\/uploads\/2025\/03\/40021_cca72f6b1be5e36e3ddf5c745c2a8b8ba4143b6b723cfa280fec0ce6fefc31a6d999d8df-scaled.jpeg","datePublished":"2026-04-28T16:16:23+00:00","description":"La robe de mari\u00e9e intemporelle Mata de Ramona Koonings Couture. La robe de mari\u00e9e Mata de Ramona Koonings Couture, disponible exclusivement chez Koonings The Wedding Palace, est un choix parfait pour la mari\u00e9e qui aime l'\u00e9l\u00e9gance classique et la couture sophistiqu\u00e9e. Cette robe de couture combine un design intemporel avec des d\u00e9tails luxueux, vous donnant un look \u00e0 couper le souffle pour votre grand jour. Avec sa coupe A-line, la robe tombe flatteusement le long du corps, cr\u00e9ant un look gracieux et sophistiqu\u00e9. Le d\u00e9collet\u00e9 en c\u0153ur sans bretelles met en valeur le d\u00e9collet\u00e9 d'une mani\u00e8re subtile et romantique. Les manches longues ajoutent une touche d'\u00e9l\u00e9gance suppl\u00e9mentaire, donnant \u00e0 la robe une allure classique et chic. La couleur ivoire rend la robe particuli\u00e8rement douce et romantique, tandis que la finition couture de haute qualit\u00e9 garantit une allure luxueuse et sophistiqu\u00e9e. Cette robe est parfaite pour la mari\u00e9e qui recherche un look intemporel et sophistiqu\u00e9, \u00e0 la fois romantique et classique. D\u00e9couvrez la robe de mari\u00e9e Mata de Ramona Koonings Couture chez Koonings The Wedding Palace et sentez-vous comme une vraie reine lors de votre plus beau jour.","breadcrumb":{"@id":"https:\/\/www.koonings.com\/fr\/product\/ramona-koonings-couture-kn2530-mata\/#breadcrumb"},"inLanguage":"fr-FR","potentialAction":[{"@type":"ReadAction","target":["https:\/\/www.koonings.com\/fr\/product\/ramona-koonings-couture-kn2530-mata\/"]}]},{"@type":"ImageObject","inLanguage":"fr-FR","@id":"https:\/\/www.koonings.com\/fr\/product\/ramona-koonings-couture-kn2530-mata\/#primaryimage","url":"https:\/\/www.koonings.com\/wp-content\/uploads\/2025\/03\/40021_cca72f6b1be5e36e3ddf5c745c2a8b8ba4143b6b723cfa280fec0ce6fefc31a6d999d8df-scaled.jpeg","contentUrl":"https:\/\/www.koonings.com\/wp-content\/uploads\/2025\/03\/40021_cca72f6b1be5e36e3ddf5c745c2a8b8ba4143b6b723cfa280fec0ce6fefc31a6d999d8df-scaled.jpeg","width":1810,"height":2560},{"@type":"BreadcrumbList","@id":"https:\/\/www.koonings.com\/fr\/product\/ramona-koonings-couture-kn2530-mata\/#breadcrumb","itemListElement":[{"@type":"ListItem","position":1,"name":"Home","item":"https:\/\/www.koonings.com\/fr\/"},{"@type":"ListItem","position":2,"name":"Ramona Koonings Couture KN2530 Mata"}]},{"@type":"WebSite","@id":"https:\/\/www.koonings.com\/fr\/#website","url":"https:\/\/www.koonings.com\/fr\/","name":"Koonings","description":"De grootste bruidsmodewinkel ter wereld","publisher":{"@id":"https:\/\/www.koonings.com\/fr\/#organization"},"potentialAction":[{"@type":"SearchAction","target":{"@type":"EntryPoint","urlTemplate":"https:\/\/www.koonings.com\/fr\/?s={search_term_string}"},"query-input":{"@type":"PropertyValueSpecification","valueRequired":true,"valueName":"search_term_string"}}],"inLanguage":"fr-FR"},{"@type":"Organization","@id":"https:\/\/www.koonings.com\/fr\/#organization","name":"Koonings","url":"https:\/\/www.koonings.com\/fr\/","logo":{"@type":"ImageObject","inLanguage":"fr-FR","@id":"https:\/\/www.koonings.com\/fr\/#\/schema\/logo\/image\/","url":"https:\/\/www.koonings.com\/wp-content\/uploads\/2024\/07\/logo.png","contentUrl":"https:\/\/www.koonings.com\/wp-content\/uploads\/2024\/07\/logo.png","width":600,"height":428,"caption":"Koonings"},"image":{"@id":"https:\/\/www.koonings.com\/fr\/#\/schema\/logo\/image\/"},"sameAs":["https:\/\/www.facebook.com\/kooningstheweddingpalace","https:\/\/www.instagram.com\/kooningstheweddingpalace","https:\/\/www.pinterest.com\/koonings","https:\/\/www.youtube.com\/kooningstheweddingpalace"]}]}},"_links":{"self":[{"href":"https:\/\/www.koonings.com\/fr\/wp-json\/wp\/v2\/product\/84686","targetHints":{"allow":["GET"]}}],"collection":[{"href":"https:\/\/www.koonings.com\/fr\/wp-json\/wp\/v2\/product"}],"about":[{"href":"https:\/\/www.koonings.com\/fr\/wp-json\/wp\/v2\/types\/product"}],"wp:featuredmedia":[{"embeddable":true,"href":"https:\/\/www.koonings.com\/fr\/wp-json\/wp\/v2\/media\/83101"}],"wp:attachment":[{"href":"https:\/\/www.koonings.com\/fr\/wp-json\/wp\/v2\/media?parent=84686"}],"wp:term":[{"taxonomy":"productdetails","embeddable":true,"href":"https:\/\/www.koonings.com\/fr\/wp-json\/wp\/v2\/productdetails?post=84686"},{"taxonomy":"productneck","embeddable":true,"href":"https:\/\/www.koonings.com\/fr\/wp-json\/wp\/v2\/productneck?post=84686"},{"taxonomy":"productcolor","embeddable":true,"href":"https:\/\/www.koonings.com\/fr\/wp-json\/wp\/v2\/productcolor?post=84686"},{"taxonomy":"maat","embeddable":true,"href":"https:\/\/www.koonings.com\/fr\/wp-json\/wp\/v2\/maat?post=84686"},{"taxonomy":"productsupplier","embeddable":true,"href":"https:\/\/www.koonings.com\/fr\/wp-json\/wp\/v2\/productsupplier?post=84686"},{"taxonomy":"productsleeve","embeddable":true,"href":"https:\/\/www.koonings.com\/fr\/wp-json\/wp\/v2\/productsleeve?post=84686"},{"taxonomy":"productcategory","embeddable":true,"href":"https:\/\/www.koonings.com\/fr\/wp-json\/wp\/v2\/productcategory?post=84686"},{"taxonomy":"productsilhouette","embeddable":true,"href":"https:\/\/www.koonings.com\/fr\/wp-json\/wp\/v2\/productsilhouette?post=84686"},{"taxonomy":"productstyle","embeddable":true,"href":"https:\/\/www.koonings.com\/fr\/wp-json\/wp\/v2\/productstyle?post=84686"}],"curies":[{"name":"wp","href":"https:\/\/api.w.org\/{rel}","templated":true}]}}