{"id":84654,"date":"2026-04-14T16:18:17","date_gmt":"2026-04-14T14:18:17","guid":{"rendered":"https:\/\/www.koonings.com\/product\/guglielmo-g-g24w25x20-33bbs\/"},"modified":"2025-06-05T13:56:40","modified_gmt":"2025-06-05T11:56:40","slug":"guglielmo-g-g24w25x20-33bbs","status":"publish","type":"product","link":"https:\/\/www.koonings.com\/fr\/product\/guglielmo-g-g24w25x20-33bbs\/","title":{"rendered":"Guglielmo G G24W25X20 33BBS"},"content":{"rendered":"<p>Costumes de mariage Guglielmo G. chez Koonings The Wedding Palace<\/p>\n<p>La marque italienne Guglielmo G. est synonyme de classe, de style et de perfection. Des lignes \u00e9pur\u00e9es, des tissus luxueux et une coupe parfaite cr\u00e9ent un look moderne et cool pour le mari\u00e9 qui veut briller de fa\u00e7on unique le jour de son mariage. Les tissus brillants et les boutons d\u00e9coratifs conf\u00e8rent aux costumes un aspect exclusif.  <\/p>\n<p>D\u00e9couvrez l&#8217;art de l&#8217;artisanat italien et portez les tissus et les mod\u00e8les les plus raffin\u00e9s. Notre site web pr\u00e9sente une s\u00e9lection de la collection ; pour des mod\u00e8les sp\u00e9cifiques, nous vous recommandons de nous contacter \u00e0 l&#8217;avance. Passez nous voir et d\u00e9couvrez l&#8217;\u00e9l\u00e9gance intemporelle de Guglielmo G. !  <\/p>\n","protected":false},"featured_media":81467,"template":"","meta":{"_acf_changed":false,"ghostkit_customizer_options":"","ghostkit_custom_css":"","ghostkit_custom_js_head":"","ghostkit_custom_js_foot":"","ghostkit_typography":""},"productdetails":[],"productneck":[],"productcolor":[448],"maat":[],"productsupplier":[502],"productsleeve":[],"productcategory":[227],"productsilhouette":[],"productstyle":[],"class_list":["post-84654","product","type-product","status-publish","has-post-thumbnail","hentry","productcolor-448","productsupplier-guglielmo-g","productcategory-kostuum"],"acf":[],"yoast_head":"<!-- This site is optimized with the Yoast SEO plugin v27.3 - https:\/\/yoast.com\/product\/yoast-seo-wordpress\/ -->\n<title>Guglielmo G G24W25X20 33BBS | Koonings<\/title>\n<meta name=\"description\" content=\"Costumes de mariage Guglielmo G. chez Koonings The Wedding Palace La marque italienne Guglielmo G. est synonyme de classe, de style et de perfection. Des lignes \u00e9pur\u00e9es, des tissus luxueux et une coupe parfaite cr\u00e9ent un look moderne et cool pour le mari\u00e9 qui veut briller de fa\u00e7on unique le jour de son mariage. Les tissus brillants et les boutons d\u00e9coratifs conf\u00e8rent aux costumes un aspect exclusif. D\u00e9couvrez l&#039;art de l&#039;artisanat italien et portez les tissus et les mod\u00e8les les plus raffin\u00e9s. Notre site web pr\u00e9sente une s\u00e9lection de la collection ; pour des mod\u00e8les sp\u00e9cifiques, nous vous recommandons de nous contacter \u00e0 l&#039;avance. Passez nous voir et d\u00e9couvrez l&#039;\u00e9l\u00e9gance intemporelle de Guglielmo G. !\" \/>\n<meta name=\"robots\" content=\"index, follow, max-snippet:-1, max-image-preview:large, max-video-preview:-1\" \/>\n<link rel=\"canonical\" href=\"https:\/\/www.koonings.com\/fr\/product\/guglielmo-g-g24w25x20-33bbs\/\" \/>\n<meta property=\"og:locale\" content=\"fr_FR\" \/>\n<meta property=\"og:type\" content=\"article\" \/>\n<meta property=\"og:title\" content=\"Guglielmo G G24W25X20 33BBS | Koonings\" \/>\n<meta property=\"og:description\" content=\"Costumes de mariage Guglielmo G. chez Koonings The Wedding Palace La marque italienne Guglielmo G. est synonyme de classe, de style et de perfection. Des lignes \u00e9pur\u00e9es, des tissus luxueux et une coupe parfaite cr\u00e9ent un look moderne et cool pour le mari\u00e9 qui veut briller de fa\u00e7on unique le jour de son mariage. Les tissus brillants et les boutons d\u00e9coratifs conf\u00e8rent aux costumes un aspect exclusif. D\u00e9couvrez l&#039;art de l&#039;artisanat italien et portez les tissus et les mod\u00e8les les plus raffin\u00e9s. Notre site web pr\u00e9sente une s\u00e9lection de la collection ; pour des mod\u00e8les sp\u00e9cifiques, nous vous recommandons de nous contacter \u00e0 l&#039;avance. Passez nous voir et d\u00e9couvrez l&#039;\u00e9l\u00e9gance intemporelle de Guglielmo G. !\" \/>\n<meta property=\"og:url\" content=\"https:\/\/www.koonings.com\/fr\/product\/guglielmo-g-g24w25x20-33bbs\/\" \/>\n<meta property=\"og:site_name\" content=\"Koonings\" \/>\n<meta property=\"article:publisher\" content=\"https:\/\/www.facebook.com\/kooningstheweddingpalace\" \/>\n<meta property=\"og:image\" content=\"https:\/\/www.koonings.com\/wp-content\/uploads\/2025\/02\/40188_06c350c613c634f7fb2bde4ddd6239036fa9cd76bf3a17f5cc7aa6ee550d4653706d8b0d-scaled.jpeg\" \/>\n\t<meta property=\"og:image:width\" content=\"1809\" \/>\n\t<meta property=\"og:image:height\" content=\"2560\" \/>\n\t<meta property=\"og:image:type\" content=\"image\/jpeg\" \/>\n<meta name=\"twitter:card\" content=\"summary_large_image\" \/>\n<meta name=\"twitter:label1\" content=\"Dur\u00e9e de lecture estim\u00e9e\" \/>\n\t<meta name=\"twitter:data1\" content=\"1 minute\" \/>\n<script type=\"application\/ld+json\" class=\"yoast-schema-graph\">{\"@context\":\"https:\\\/\\\/schema.org\",\"@graph\":[{\"@type\":\"WebPage\",\"@id\":\"https:\\\/\\\/www.koonings.com\\\/fr\\\/product\\\/guglielmo-g-g24w25x20-33bbs\\\/\",\"url\":\"https:\\\/\\\/www.koonings.com\\\/fr\\\/product\\\/guglielmo-g-g24w25x20-33bbs\\\/\",\"name\":\"Guglielmo G G24W25X20 33BBS | Koonings\",\"isPartOf\":{\"@id\":\"https:\\\/\\\/www.koonings.com\\\/fr\\\/#website\"},\"primaryImageOfPage\":{\"@id\":\"https:\\\/\\\/www.koonings.com\\\/fr\\\/product\\\/guglielmo-g-g24w25x20-33bbs\\\/#primaryimage\"},\"image\":{\"@id\":\"https:\\\/\\\/www.koonings.com\\\/fr\\\/product\\\/guglielmo-g-g24w25x20-33bbs\\\/#primaryimage\"},\"thumbnailUrl\":\"https:\\\/\\\/www.koonings.com\\\/wp-content\\\/uploads\\\/2025\\\/02\\\/40188_06c350c613c634f7fb2bde4ddd6239036fa9cd76bf3a17f5cc7aa6ee550d4653706d8b0d-scaled.jpeg\",\"datePublished\":\"2026-04-14T14:18:17+00:00\",\"description\":\"Costumes de mariage Guglielmo G. chez Koonings The Wedding Palace La marque italienne Guglielmo G. est synonyme de classe, de style et de perfection. Des lignes \u00e9pur\u00e9es, des tissus luxueux et une coupe parfaite cr\u00e9ent un look moderne et cool pour le mari\u00e9 qui veut briller de fa\u00e7on unique le jour de son mariage. Les tissus brillants et les boutons d\u00e9coratifs conf\u00e8rent aux costumes un aspect exclusif. D\u00e9couvrez l'art de l'artisanat italien et portez les tissus et les mod\u00e8les les plus raffin\u00e9s. Notre site web pr\u00e9sente une s\u00e9lection de la collection ; pour des mod\u00e8les sp\u00e9cifiques, nous vous recommandons de nous contacter \u00e0 l'avance. Passez nous voir et d\u00e9couvrez l'\u00e9l\u00e9gance intemporelle de Guglielmo G. !\",\"breadcrumb\":{\"@id\":\"https:\\\/\\\/www.koonings.com\\\/fr\\\/product\\\/guglielmo-g-g24w25x20-33bbs\\\/#breadcrumb\"},\"inLanguage\":\"fr-FR\",\"potentialAction\":[{\"@type\":\"ReadAction\",\"target\":[\"https:\\\/\\\/www.koonings.com\\\/fr\\\/product\\\/guglielmo-g-g24w25x20-33bbs\\\/\"]}]},{\"@type\":\"ImageObject\",\"inLanguage\":\"fr-FR\",\"@id\":\"https:\\\/\\\/www.koonings.com\\\/fr\\\/product\\\/guglielmo-g-g24w25x20-33bbs\\\/#primaryimage\",\"url\":\"https:\\\/\\\/www.koonings.com\\\/wp-content\\\/uploads\\\/2025\\\/02\\\/40188_06c350c613c634f7fb2bde4ddd6239036fa9cd76bf3a17f5cc7aa6ee550d4653706d8b0d-scaled.jpeg\",\"contentUrl\":\"https:\\\/\\\/www.koonings.com\\\/wp-content\\\/uploads\\\/2025\\\/02\\\/40188_06c350c613c634f7fb2bde4ddd6239036fa9cd76bf3a17f5cc7aa6ee550d4653706d8b0d-scaled.jpeg\",\"width\":1809,\"height\":2560},{\"@type\":\"BreadcrumbList\",\"@id\":\"https:\\\/\\\/www.koonings.com\\\/fr\\\/product\\\/guglielmo-g-g24w25x20-33bbs\\\/#breadcrumb\",\"itemListElement\":[{\"@type\":\"ListItem\",\"position\":1,\"name\":\"Home\",\"item\":\"https:\\\/\\\/www.koonings.com\\\/fr\\\/\"},{\"@type\":\"ListItem\",\"position\":2,\"name\":\"Guglielmo G G24W25X20 33BBS\"}]},{\"@type\":\"WebSite\",\"@id\":\"https:\\\/\\\/www.koonings.com\\\/fr\\\/#website\",\"url\":\"https:\\\/\\\/www.koonings.com\\\/fr\\\/\",\"name\":\"Koonings\",\"description\":\"De grootste bruidsmodewinkel ter wereld\",\"publisher\":{\"@id\":\"https:\\\/\\\/www.koonings.com\\\/fr\\\/#organization\"},\"potentialAction\":[{\"@type\":\"SearchAction\",\"target\":{\"@type\":\"EntryPoint\",\"urlTemplate\":\"https:\\\/\\\/www.koonings.com\\\/fr\\\/?s={search_term_string}\"},\"query-input\":{\"@type\":\"PropertyValueSpecification\",\"valueRequired\":true,\"valueName\":\"search_term_string\"}}],\"inLanguage\":\"fr-FR\"},{\"@type\":\"Organization\",\"@id\":\"https:\\\/\\\/www.koonings.com\\\/fr\\\/#organization\",\"name\":\"Koonings\",\"url\":\"https:\\\/\\\/www.koonings.com\\\/fr\\\/\",\"logo\":{\"@type\":\"ImageObject\",\"inLanguage\":\"fr-FR\",\"@id\":\"https:\\\/\\\/www.koonings.com\\\/fr\\\/#\\\/schema\\\/logo\\\/image\\\/\",\"url\":\"https:\\\/\\\/www.koonings.com\\\/wp-content\\\/uploads\\\/2024\\\/07\\\/logo.png\",\"contentUrl\":\"https:\\\/\\\/www.koonings.com\\\/wp-content\\\/uploads\\\/2024\\\/07\\\/logo.png\",\"width\":600,\"height\":428,\"caption\":\"Koonings\"},\"image\":{\"@id\":\"https:\\\/\\\/www.koonings.com\\\/fr\\\/#\\\/schema\\\/logo\\\/image\\\/\"},\"sameAs\":[\"https:\\\/\\\/www.facebook.com\\\/kooningstheweddingpalace\",\"https:\\\/\\\/www.instagram.com\\\/kooningstheweddingpalace\",\"https:\\\/\\\/www.pinterest.com\\\/koonings\",\"https:\\\/\\\/www.youtube.com\\\/kooningstheweddingpalace\"]}]}<\/script>\n<!-- \/ Yoast SEO plugin. -->","yoast_head_json":{"title":"Guglielmo G G24W25X20 33BBS | Koonings","description":"Costumes de mariage Guglielmo G. chez Koonings The Wedding Palace La marque italienne Guglielmo G. est synonyme de classe, de style et de perfection. Des lignes \u00e9pur\u00e9es, des tissus luxueux et une coupe parfaite cr\u00e9ent un look moderne et cool pour le mari\u00e9 qui veut briller de fa\u00e7on unique le jour de son mariage. Les tissus brillants et les boutons d\u00e9coratifs conf\u00e8rent aux costumes un aspect exclusif. D\u00e9couvrez l'art de l'artisanat italien et portez les tissus et les mod\u00e8les les plus raffin\u00e9s. Notre site web pr\u00e9sente une s\u00e9lection de la collection ; pour des mod\u00e8les sp\u00e9cifiques, nous vous recommandons de nous contacter \u00e0 l'avance. Passez nous voir et d\u00e9couvrez l'\u00e9l\u00e9gance intemporelle de Guglielmo G. !","robots":{"index":"index","follow":"follow","max-snippet":"max-snippet:-1","max-image-preview":"max-image-preview:large","max-video-preview":"max-video-preview:-1"},"canonical":"https:\/\/www.koonings.com\/fr\/product\/guglielmo-g-g24w25x20-33bbs\/","og_locale":"fr_FR","og_type":"article","og_title":"Guglielmo G G24W25X20 33BBS | Koonings","og_description":"Costumes de mariage Guglielmo G. chez Koonings The Wedding Palace La marque italienne Guglielmo G. est synonyme de classe, de style et de perfection. Des lignes \u00e9pur\u00e9es, des tissus luxueux et une coupe parfaite cr\u00e9ent un look moderne et cool pour le mari\u00e9 qui veut briller de fa\u00e7on unique le jour de son mariage. Les tissus brillants et les boutons d\u00e9coratifs conf\u00e8rent aux costumes un aspect exclusif. D\u00e9couvrez l'art de l'artisanat italien et portez les tissus et les mod\u00e8les les plus raffin\u00e9s. Notre site web pr\u00e9sente une s\u00e9lection de la collection ; pour des mod\u00e8les sp\u00e9cifiques, nous vous recommandons de nous contacter \u00e0 l'avance. Passez nous voir et d\u00e9couvrez l'\u00e9l\u00e9gance intemporelle de Guglielmo G. !","og_url":"https:\/\/www.koonings.com\/fr\/product\/guglielmo-g-g24w25x20-33bbs\/","og_site_name":"Koonings","article_publisher":"https:\/\/www.facebook.com\/kooningstheweddingpalace","og_image":[{"width":1809,"height":2560,"url":"https:\/\/www.koonings.com\/wp-content\/uploads\/2025\/02\/40188_06c350c613c634f7fb2bde4ddd6239036fa9cd76bf3a17f5cc7aa6ee550d4653706d8b0d-scaled.jpeg","type":"image\/jpeg"}],"twitter_card":"summary_large_image","twitter_misc":{"Dur\u00e9e de lecture estim\u00e9e":"1 minute"},"schema":{"@context":"https:\/\/schema.org","@graph":[{"@type":"WebPage","@id":"https:\/\/www.koonings.com\/fr\/product\/guglielmo-g-g24w25x20-33bbs\/","url":"https:\/\/www.koonings.com\/fr\/product\/guglielmo-g-g24w25x20-33bbs\/","name":"Guglielmo G G24W25X20 33BBS | Koonings","isPartOf":{"@id":"https:\/\/www.koonings.com\/fr\/#website"},"primaryImageOfPage":{"@id":"https:\/\/www.koonings.com\/fr\/product\/guglielmo-g-g24w25x20-33bbs\/#primaryimage"},"image":{"@id":"https:\/\/www.koonings.com\/fr\/product\/guglielmo-g-g24w25x20-33bbs\/#primaryimage"},"thumbnailUrl":"https:\/\/www.koonings.com\/wp-content\/uploads\/2025\/02\/40188_06c350c613c634f7fb2bde4ddd6239036fa9cd76bf3a17f5cc7aa6ee550d4653706d8b0d-scaled.jpeg","datePublished":"2026-04-14T14:18:17+00:00","description":"Costumes de mariage Guglielmo G. chez Koonings The Wedding Palace La marque italienne Guglielmo G. est synonyme de classe, de style et de perfection. Des lignes \u00e9pur\u00e9es, des tissus luxueux et une coupe parfaite cr\u00e9ent un look moderne et cool pour le mari\u00e9 qui veut briller de fa\u00e7on unique le jour de son mariage. Les tissus brillants et les boutons d\u00e9coratifs conf\u00e8rent aux costumes un aspect exclusif. D\u00e9couvrez l'art de l'artisanat italien et portez les tissus et les mod\u00e8les les plus raffin\u00e9s. Notre site web pr\u00e9sente une s\u00e9lection de la collection ; pour des mod\u00e8les sp\u00e9cifiques, nous vous recommandons de nous contacter \u00e0 l'avance. Passez nous voir et d\u00e9couvrez l'\u00e9l\u00e9gance intemporelle de Guglielmo G. !","breadcrumb":{"@id":"https:\/\/www.koonings.com\/fr\/product\/guglielmo-g-g24w25x20-33bbs\/#breadcrumb"},"inLanguage":"fr-FR","potentialAction":[{"@type":"ReadAction","target":["https:\/\/www.koonings.com\/fr\/product\/guglielmo-g-g24w25x20-33bbs\/"]}]},{"@type":"ImageObject","inLanguage":"fr-FR","@id":"https:\/\/www.koonings.com\/fr\/product\/guglielmo-g-g24w25x20-33bbs\/#primaryimage","url":"https:\/\/www.koonings.com\/wp-content\/uploads\/2025\/02\/40188_06c350c613c634f7fb2bde4ddd6239036fa9cd76bf3a17f5cc7aa6ee550d4653706d8b0d-scaled.jpeg","contentUrl":"https:\/\/www.koonings.com\/wp-content\/uploads\/2025\/02\/40188_06c350c613c634f7fb2bde4ddd6239036fa9cd76bf3a17f5cc7aa6ee550d4653706d8b0d-scaled.jpeg","width":1809,"height":2560},{"@type":"BreadcrumbList","@id":"https:\/\/www.koonings.com\/fr\/product\/guglielmo-g-g24w25x20-33bbs\/#breadcrumb","itemListElement":[{"@type":"ListItem","position":1,"name":"Home","item":"https:\/\/www.koonings.com\/fr\/"},{"@type":"ListItem","position":2,"name":"Guglielmo G G24W25X20 33BBS"}]},{"@type":"WebSite","@id":"https:\/\/www.koonings.com\/fr\/#website","url":"https:\/\/www.koonings.com\/fr\/","name":"Koonings","description":"De grootste bruidsmodewinkel ter wereld","publisher":{"@id":"https:\/\/www.koonings.com\/fr\/#organization"},"potentialAction":[{"@type":"SearchAction","target":{"@type":"EntryPoint","urlTemplate":"https:\/\/www.koonings.com\/fr\/?s={search_term_string}"},"query-input":{"@type":"PropertyValueSpecification","valueRequired":true,"valueName":"search_term_string"}}],"inLanguage":"fr-FR"},{"@type":"Organization","@id":"https:\/\/www.koonings.com\/fr\/#organization","name":"Koonings","url":"https:\/\/www.koonings.com\/fr\/","logo":{"@type":"ImageObject","inLanguage":"fr-FR","@id":"https:\/\/www.koonings.com\/fr\/#\/schema\/logo\/image\/","url":"https:\/\/www.koonings.com\/wp-content\/uploads\/2024\/07\/logo.png","contentUrl":"https:\/\/www.koonings.com\/wp-content\/uploads\/2024\/07\/logo.png","width":600,"height":428,"caption":"Koonings"},"image":{"@id":"https:\/\/www.koonings.com\/fr\/#\/schema\/logo\/image\/"},"sameAs":["https:\/\/www.facebook.com\/kooningstheweddingpalace","https:\/\/www.instagram.com\/kooningstheweddingpalace","https:\/\/www.pinterest.com\/koonings","https:\/\/www.youtube.com\/kooningstheweddingpalace"]}]}},"_links":{"self":[{"href":"https:\/\/www.koonings.com\/fr\/wp-json\/wp\/v2\/product\/84654","targetHints":{"allow":["GET"]}}],"collection":[{"href":"https:\/\/www.koonings.com\/fr\/wp-json\/wp\/v2\/product"}],"about":[{"href":"https:\/\/www.koonings.com\/fr\/wp-json\/wp\/v2\/types\/product"}],"wp:featuredmedia":[{"embeddable":true,"href":"https:\/\/www.koonings.com\/fr\/wp-json\/wp\/v2\/media\/81467"}],"wp:attachment":[{"href":"https:\/\/www.koonings.com\/fr\/wp-json\/wp\/v2\/media?parent=84654"}],"wp:term":[{"taxonomy":"productdetails","embeddable":true,"href":"https:\/\/www.koonings.com\/fr\/wp-json\/wp\/v2\/productdetails?post=84654"},{"taxonomy":"productneck","embeddable":true,"href":"https:\/\/www.koonings.com\/fr\/wp-json\/wp\/v2\/productneck?post=84654"},{"taxonomy":"productcolor","embeddable":true,"href":"https:\/\/www.koonings.com\/fr\/wp-json\/wp\/v2\/productcolor?post=84654"},{"taxonomy":"maat","embeddable":true,"href":"https:\/\/www.koonings.com\/fr\/wp-json\/wp\/v2\/maat?post=84654"},{"taxonomy":"productsupplier","embeddable":true,"href":"https:\/\/www.koonings.com\/fr\/wp-json\/wp\/v2\/productsupplier?post=84654"},{"taxonomy":"productsleeve","embeddable":true,"href":"https:\/\/www.koonings.com\/fr\/wp-json\/wp\/v2\/productsleeve?post=84654"},{"taxonomy":"productcategory","embeddable":true,"href":"https:\/\/www.koonings.com\/fr\/wp-json\/wp\/v2\/productcategory?post=84654"},{"taxonomy":"productsilhouette","embeddable":true,"href":"https:\/\/www.koonings.com\/fr\/wp-json\/wp\/v2\/productsilhouette?post=84654"},{"taxonomy":"productstyle","embeddable":true,"href":"https:\/\/www.koonings.com\/fr\/wp-json\/wp\/v2\/productstyle?post=84654"}],"curies":[{"name":"wp","href":"https:\/\/api.w.org\/{rel}","templated":true}]}}