{"id":82581,"date":"2025-09-09T15:50:40","date_gmt":"2025-09-09T13:50:40","guid":{"rendered":"https:\/\/www.koonings.com\/product\/disney-by-allure-d417-snow-white\/"},"modified":"2026-02-03T20:18:06","modified_gmt":"2026-02-03T19:18:06","slug":"disney-by-allure-d417-snow-white","status":"publish","type":"product","link":"https:\/\/www.koonings.com\/fr\/product\/disney-by-allure-d417-snow-white\/","title":{"rendered":"Disney by Allure D417 Blanche-Neige"},"content":{"rendered":"<p>Inspir\u00e9e par Blanche-Neige de la collection Disney Fairy Tale Weddings d&#8217;Allure Bridals, la robe de mari\u00e9e D417 exsude une \u00e9l\u00e9gance enchanteresse. Confectionn\u00e9e en tulle chatoyant, cette robe souple de ligne A est orn\u00e9e de centaines d&#8217;appliques de fleurs de pommier tridimensionnelles. Les manches capuchon flottantes et les accents perl\u00e9s \u00e9tincelants ajoutent une sophistication suppl\u00e9mentaire.<br \/>\nCette magnifique robe est disponible chez Koonings The Wedding Palace \u00e0 Deurne, o\u00f9 vous pouvez choisir parmi une vaste collection de robes de mari\u00e9e dans diff\u00e9rents styles, tailles et gammes de prix.<\/p>\n","protected":false},"featured_media":81659,"template":"","meta":{"_acf_changed":false,"ghostkit_customizer_options":"","ghostkit_custom_css":"","ghostkit_custom_js_head":"","ghostkit_custom_js_foot":"","ghostkit_typography":""},"productdetails":[379,381],"productneck":[356],"productcolor":[393,392],"maat":[],"productsupplier":[477],"productsleeve":[359],"productcategory":[18],"productsilhouette":[384,388],"productstyle":[372,366],"class_list":["post-82581","product","type-product","status-publish","has-post-thumbnail","hentry","productdetails-379","productdetails-381","productneck-356","productcolor-393","productcolor-392","productsupplier-disney-by-allure","productsleeve-359","productcategory-trouwjurken","productsilhouette-384","productsilhouette-388","productstyle-372","productstyle-366"],"acf":[],"yoast_head":"<!-- This site is optimized with the Yoast SEO plugin v27.3 - https:\/\/yoast.com\/product\/yoast-seo-wordpress\/ -->\n<title>Disney by Allure D417 Blanche-Neige | Koonings<\/title>\n<meta name=\"description\" content=\"Inspir\u00e9e par Blanche-Neige de la collection Disney Fairy Tale Weddings d&#039;Allure Bridals, la robe de mari\u00e9e D417 exsude une \u00e9l\u00e9gance enchanteresse. Confectionn\u00e9e en tulle chatoyant, cette robe souple de ligne A est orn\u00e9e de centaines d&#039;appliques de fleurs de pommier tridimensionnelles. Les manches capuchon flottantes et les accents perl\u00e9s \u00e9tincelants ajoutent une sophistication suppl\u00e9mentaire. Cette magnifique robe est disponible chez Koonings The Wedding Palace \u00e0 Deurne, o\u00f9 vous pouvez choisir parmi une vaste collection de robes de mari\u00e9e dans diff\u00e9rents styles, tailles et gammes de prix.\" \/>\n<meta name=\"robots\" content=\"index, follow, max-snippet:-1, max-image-preview:large, max-video-preview:-1\" \/>\n<link rel=\"canonical\" href=\"https:\/\/www.koonings.com\/fr\/product\/disney-by-allure-d417-snow-white\/\" \/>\n<meta property=\"og:locale\" content=\"fr_FR\" \/>\n<meta property=\"og:type\" content=\"article\" \/>\n<meta property=\"og:title\" content=\"Disney by Allure D417 Blanche-Neige | Koonings\" \/>\n<meta property=\"og:description\" content=\"Inspir\u00e9e par Blanche-Neige de la collection Disney Fairy Tale Weddings d&#039;Allure Bridals, la robe de mari\u00e9e D417 exsude une \u00e9l\u00e9gance enchanteresse. Confectionn\u00e9e en tulle chatoyant, cette robe souple de ligne A est orn\u00e9e de centaines d&#039;appliques de fleurs de pommier tridimensionnelles. Les manches capuchon flottantes et les accents perl\u00e9s \u00e9tincelants ajoutent une sophistication suppl\u00e9mentaire. Cette magnifique robe est disponible chez Koonings The Wedding Palace \u00e0 Deurne, o\u00f9 vous pouvez choisir parmi une vaste collection de robes de mari\u00e9e dans diff\u00e9rents styles, tailles et gammes de prix.\" \/>\n<meta property=\"og:url\" content=\"https:\/\/www.koonings.com\/fr\/product\/disney-by-allure-d417-snow-white\/\" \/>\n<meta property=\"og:site_name\" content=\"Koonings\" \/>\n<meta property=\"article:publisher\" content=\"https:\/\/www.facebook.com\/kooningstheweddingpalace\" \/>\n<meta property=\"article:modified_time\" content=\"2026-02-03T19:18:06+00:00\" \/>\n<meta property=\"og:image\" content=\"https:\/\/www.koonings.com\/wp-content\/uploads\/2025\/03\/49823_17a79b4f1a6cc1056e15ae51e931807a3092e73b9aa68592336d6ef8a4b709a765daa546-scaled.jpeg\" \/>\n\t<meta property=\"og:image:width\" content=\"1920\" \/>\n\t<meta property=\"og:image:height\" content=\"2560\" \/>\n\t<meta property=\"og:image:type\" content=\"image\/jpeg\" \/>\n<meta name=\"twitter:card\" content=\"summary_large_image\" \/>\n<script type=\"application\/ld+json\" class=\"yoast-schema-graph\">{\"@context\":\"https:\\\/\\\/schema.org\",\"@graph\":[{\"@type\":\"WebPage\",\"@id\":\"https:\\\/\\\/www.koonings.com\\\/fr\\\/product\\\/disney-by-allure-d417-snow-white\\\/\",\"url\":\"https:\\\/\\\/www.koonings.com\\\/fr\\\/product\\\/disney-by-allure-d417-snow-white\\\/\",\"name\":\"Disney by Allure D417 Blanche-Neige | Koonings\",\"isPartOf\":{\"@id\":\"https:\\\/\\\/www.koonings.com\\\/fr\\\/#website\"},\"primaryImageOfPage\":{\"@id\":\"https:\\\/\\\/www.koonings.com\\\/fr\\\/product\\\/disney-by-allure-d417-snow-white\\\/#primaryimage\"},\"image\":{\"@id\":\"https:\\\/\\\/www.koonings.com\\\/fr\\\/product\\\/disney-by-allure-d417-snow-white\\\/#primaryimage\"},\"thumbnailUrl\":\"https:\\\/\\\/www.koonings.com\\\/wp-content\\\/uploads\\\/2025\\\/03\\\/49823_17a79b4f1a6cc1056e15ae51e931807a3092e73b9aa68592336d6ef8a4b709a765daa546-scaled.jpeg\",\"datePublished\":\"2025-09-09T13:50:40+00:00\",\"dateModified\":\"2026-02-03T19:18:06+00:00\",\"description\":\"Inspir\u00e9e par Blanche-Neige de la collection Disney Fairy Tale Weddings d'Allure Bridals, la robe de mari\u00e9e D417 exsude une \u00e9l\u00e9gance enchanteresse. Confectionn\u00e9e en tulle chatoyant, cette robe souple de ligne A est orn\u00e9e de centaines d'appliques de fleurs de pommier tridimensionnelles. Les manches capuchon flottantes et les accents perl\u00e9s \u00e9tincelants ajoutent une sophistication suppl\u00e9mentaire. Cette magnifique robe est disponible chez Koonings The Wedding Palace \u00e0 Deurne, o\u00f9 vous pouvez choisir parmi une vaste collection de robes de mari\u00e9e dans diff\u00e9rents styles, tailles et gammes de prix.\",\"breadcrumb\":{\"@id\":\"https:\\\/\\\/www.koonings.com\\\/fr\\\/product\\\/disney-by-allure-d417-snow-white\\\/#breadcrumb\"},\"inLanguage\":\"fr-FR\",\"potentialAction\":[{\"@type\":\"ReadAction\",\"target\":[\"https:\\\/\\\/www.koonings.com\\\/fr\\\/product\\\/disney-by-allure-d417-snow-white\\\/\"]}]},{\"@type\":\"ImageObject\",\"inLanguage\":\"fr-FR\",\"@id\":\"https:\\\/\\\/www.koonings.com\\\/fr\\\/product\\\/disney-by-allure-d417-snow-white\\\/#primaryimage\",\"url\":\"https:\\\/\\\/www.koonings.com\\\/wp-content\\\/uploads\\\/2025\\\/03\\\/49823_17a79b4f1a6cc1056e15ae51e931807a3092e73b9aa68592336d6ef8a4b709a765daa546-scaled.jpeg\",\"contentUrl\":\"https:\\\/\\\/www.koonings.com\\\/wp-content\\\/uploads\\\/2025\\\/03\\\/49823_17a79b4f1a6cc1056e15ae51e931807a3092e73b9aa68592336d6ef8a4b709a765daa546-scaled.jpeg\",\"width\":1920,\"height\":2560},{\"@type\":\"BreadcrumbList\",\"@id\":\"https:\\\/\\\/www.koonings.com\\\/fr\\\/product\\\/disney-by-allure-d417-snow-white\\\/#breadcrumb\",\"itemListElement\":[{\"@type\":\"ListItem\",\"position\":1,\"name\":\"Home\",\"item\":\"https:\\\/\\\/www.koonings.com\\\/fr\\\/\"},{\"@type\":\"ListItem\",\"position\":2,\"name\":\"Disney by Allure D417 Blanche-Neige\"}]},{\"@type\":\"WebSite\",\"@id\":\"https:\\\/\\\/www.koonings.com\\\/fr\\\/#website\",\"url\":\"https:\\\/\\\/www.koonings.com\\\/fr\\\/\",\"name\":\"Koonings\",\"description\":\"De grootste bruidsmodewinkel ter wereld\",\"publisher\":{\"@id\":\"https:\\\/\\\/www.koonings.com\\\/fr\\\/#organization\"},\"potentialAction\":[{\"@type\":\"SearchAction\",\"target\":{\"@type\":\"EntryPoint\",\"urlTemplate\":\"https:\\\/\\\/www.koonings.com\\\/fr\\\/?s={search_term_string}\"},\"query-input\":{\"@type\":\"PropertyValueSpecification\",\"valueRequired\":true,\"valueName\":\"search_term_string\"}}],\"inLanguage\":\"fr-FR\"},{\"@type\":\"Organization\",\"@id\":\"https:\\\/\\\/www.koonings.com\\\/fr\\\/#organization\",\"name\":\"Koonings\",\"url\":\"https:\\\/\\\/www.koonings.com\\\/fr\\\/\",\"logo\":{\"@type\":\"ImageObject\",\"inLanguage\":\"fr-FR\",\"@id\":\"https:\\\/\\\/www.koonings.com\\\/fr\\\/#\\\/schema\\\/logo\\\/image\\\/\",\"url\":\"https:\\\/\\\/www.koonings.com\\\/wp-content\\\/uploads\\\/2024\\\/07\\\/logo.png\",\"contentUrl\":\"https:\\\/\\\/www.koonings.com\\\/wp-content\\\/uploads\\\/2024\\\/07\\\/logo.png\",\"width\":600,\"height\":428,\"caption\":\"Koonings\"},\"image\":{\"@id\":\"https:\\\/\\\/www.koonings.com\\\/fr\\\/#\\\/schema\\\/logo\\\/image\\\/\"},\"sameAs\":[\"https:\\\/\\\/www.facebook.com\\\/kooningstheweddingpalace\",\"https:\\\/\\\/www.instagram.com\\\/kooningstheweddingpalace\",\"https:\\\/\\\/www.pinterest.com\\\/koonings\",\"https:\\\/\\\/www.youtube.com\\\/kooningstheweddingpalace\"]}]}<\/script>\n<!-- \/ Yoast SEO plugin. -->","yoast_head_json":{"title":"Disney by Allure D417 Blanche-Neige | Koonings","description":"Inspir\u00e9e par Blanche-Neige de la collection Disney Fairy Tale Weddings d'Allure Bridals, la robe de mari\u00e9e D417 exsude une \u00e9l\u00e9gance enchanteresse. Confectionn\u00e9e en tulle chatoyant, cette robe souple de ligne A est orn\u00e9e de centaines d'appliques de fleurs de pommier tridimensionnelles. Les manches capuchon flottantes et les accents perl\u00e9s \u00e9tincelants ajoutent une sophistication suppl\u00e9mentaire. Cette magnifique robe est disponible chez Koonings The Wedding Palace \u00e0 Deurne, o\u00f9 vous pouvez choisir parmi une vaste collection de robes de mari\u00e9e dans diff\u00e9rents styles, tailles et gammes de prix.","robots":{"index":"index","follow":"follow","max-snippet":"max-snippet:-1","max-image-preview":"max-image-preview:large","max-video-preview":"max-video-preview:-1"},"canonical":"https:\/\/www.koonings.com\/fr\/product\/disney-by-allure-d417-snow-white\/","og_locale":"fr_FR","og_type":"article","og_title":"Disney by Allure D417 Blanche-Neige | Koonings","og_description":"Inspir\u00e9e par Blanche-Neige de la collection Disney Fairy Tale Weddings d'Allure Bridals, la robe de mari\u00e9e D417 exsude une \u00e9l\u00e9gance enchanteresse. Confectionn\u00e9e en tulle chatoyant, cette robe souple de ligne A est orn\u00e9e de centaines d'appliques de fleurs de pommier tridimensionnelles. Les manches capuchon flottantes et les accents perl\u00e9s \u00e9tincelants ajoutent une sophistication suppl\u00e9mentaire. Cette magnifique robe est disponible chez Koonings The Wedding Palace \u00e0 Deurne, o\u00f9 vous pouvez choisir parmi une vaste collection de robes de mari\u00e9e dans diff\u00e9rents styles, tailles et gammes de prix.","og_url":"https:\/\/www.koonings.com\/fr\/product\/disney-by-allure-d417-snow-white\/","og_site_name":"Koonings","article_publisher":"https:\/\/www.facebook.com\/kooningstheweddingpalace","article_modified_time":"2026-02-03T19:18:06+00:00","og_image":[{"width":1920,"height":2560,"url":"https:\/\/www.koonings.com\/wp-content\/uploads\/2025\/03\/49823_17a79b4f1a6cc1056e15ae51e931807a3092e73b9aa68592336d6ef8a4b709a765daa546-scaled.jpeg","type":"image\/jpeg"}],"twitter_card":"summary_large_image","schema":{"@context":"https:\/\/schema.org","@graph":[{"@type":"WebPage","@id":"https:\/\/www.koonings.com\/fr\/product\/disney-by-allure-d417-snow-white\/","url":"https:\/\/www.koonings.com\/fr\/product\/disney-by-allure-d417-snow-white\/","name":"Disney by Allure D417 Blanche-Neige | Koonings","isPartOf":{"@id":"https:\/\/www.koonings.com\/fr\/#website"},"primaryImageOfPage":{"@id":"https:\/\/www.koonings.com\/fr\/product\/disney-by-allure-d417-snow-white\/#primaryimage"},"image":{"@id":"https:\/\/www.koonings.com\/fr\/product\/disney-by-allure-d417-snow-white\/#primaryimage"},"thumbnailUrl":"https:\/\/www.koonings.com\/wp-content\/uploads\/2025\/03\/49823_17a79b4f1a6cc1056e15ae51e931807a3092e73b9aa68592336d6ef8a4b709a765daa546-scaled.jpeg","datePublished":"2025-09-09T13:50:40+00:00","dateModified":"2026-02-03T19:18:06+00:00","description":"Inspir\u00e9e par Blanche-Neige de la collection Disney Fairy Tale Weddings d'Allure Bridals, la robe de mari\u00e9e D417 exsude une \u00e9l\u00e9gance enchanteresse. Confectionn\u00e9e en tulle chatoyant, cette robe souple de ligne A est orn\u00e9e de centaines d'appliques de fleurs de pommier tridimensionnelles. Les manches capuchon flottantes et les accents perl\u00e9s \u00e9tincelants ajoutent une sophistication suppl\u00e9mentaire. Cette magnifique robe est disponible chez Koonings The Wedding Palace \u00e0 Deurne, o\u00f9 vous pouvez choisir parmi une vaste collection de robes de mari\u00e9e dans diff\u00e9rents styles, tailles et gammes de prix.","breadcrumb":{"@id":"https:\/\/www.koonings.com\/fr\/product\/disney-by-allure-d417-snow-white\/#breadcrumb"},"inLanguage":"fr-FR","potentialAction":[{"@type":"ReadAction","target":["https:\/\/www.koonings.com\/fr\/product\/disney-by-allure-d417-snow-white\/"]}]},{"@type":"ImageObject","inLanguage":"fr-FR","@id":"https:\/\/www.koonings.com\/fr\/product\/disney-by-allure-d417-snow-white\/#primaryimage","url":"https:\/\/www.koonings.com\/wp-content\/uploads\/2025\/03\/49823_17a79b4f1a6cc1056e15ae51e931807a3092e73b9aa68592336d6ef8a4b709a765daa546-scaled.jpeg","contentUrl":"https:\/\/www.koonings.com\/wp-content\/uploads\/2025\/03\/49823_17a79b4f1a6cc1056e15ae51e931807a3092e73b9aa68592336d6ef8a4b709a765daa546-scaled.jpeg","width":1920,"height":2560},{"@type":"BreadcrumbList","@id":"https:\/\/www.koonings.com\/fr\/product\/disney-by-allure-d417-snow-white\/#breadcrumb","itemListElement":[{"@type":"ListItem","position":1,"name":"Home","item":"https:\/\/www.koonings.com\/fr\/"},{"@type":"ListItem","position":2,"name":"Disney by Allure D417 Blanche-Neige"}]},{"@type":"WebSite","@id":"https:\/\/www.koonings.com\/fr\/#website","url":"https:\/\/www.koonings.com\/fr\/","name":"Koonings","description":"De grootste bruidsmodewinkel ter wereld","publisher":{"@id":"https:\/\/www.koonings.com\/fr\/#organization"},"potentialAction":[{"@type":"SearchAction","target":{"@type":"EntryPoint","urlTemplate":"https:\/\/www.koonings.com\/fr\/?s={search_term_string}"},"query-input":{"@type":"PropertyValueSpecification","valueRequired":true,"valueName":"search_term_string"}}],"inLanguage":"fr-FR"},{"@type":"Organization","@id":"https:\/\/www.koonings.com\/fr\/#organization","name":"Koonings","url":"https:\/\/www.koonings.com\/fr\/","logo":{"@type":"ImageObject","inLanguage":"fr-FR","@id":"https:\/\/www.koonings.com\/fr\/#\/schema\/logo\/image\/","url":"https:\/\/www.koonings.com\/wp-content\/uploads\/2024\/07\/logo.png","contentUrl":"https:\/\/www.koonings.com\/wp-content\/uploads\/2024\/07\/logo.png","width":600,"height":428,"caption":"Koonings"},"image":{"@id":"https:\/\/www.koonings.com\/fr\/#\/schema\/logo\/image\/"},"sameAs":["https:\/\/www.facebook.com\/kooningstheweddingpalace","https:\/\/www.instagram.com\/kooningstheweddingpalace","https:\/\/www.pinterest.com\/koonings","https:\/\/www.youtube.com\/kooningstheweddingpalace"]}]}},"_links":{"self":[{"href":"https:\/\/www.koonings.com\/fr\/wp-json\/wp\/v2\/product\/82581","targetHints":{"allow":["GET"]}}],"collection":[{"href":"https:\/\/www.koonings.com\/fr\/wp-json\/wp\/v2\/product"}],"about":[{"href":"https:\/\/www.koonings.com\/fr\/wp-json\/wp\/v2\/types\/product"}],"wp:featuredmedia":[{"embeddable":true,"href":"https:\/\/www.koonings.com\/fr\/wp-json\/wp\/v2\/media\/81659"}],"wp:attachment":[{"href":"https:\/\/www.koonings.com\/fr\/wp-json\/wp\/v2\/media?parent=82581"}],"wp:term":[{"taxonomy":"productdetails","embeddable":true,"href":"https:\/\/www.koonings.com\/fr\/wp-json\/wp\/v2\/productdetails?post=82581"},{"taxonomy":"productneck","embeddable":true,"href":"https:\/\/www.koonings.com\/fr\/wp-json\/wp\/v2\/productneck?post=82581"},{"taxonomy":"productcolor","embeddable":true,"href":"https:\/\/www.koonings.com\/fr\/wp-json\/wp\/v2\/productcolor?post=82581"},{"taxonomy":"maat","embeddable":true,"href":"https:\/\/www.koonings.com\/fr\/wp-json\/wp\/v2\/maat?post=82581"},{"taxonomy":"productsupplier","embeddable":true,"href":"https:\/\/www.koonings.com\/fr\/wp-json\/wp\/v2\/productsupplier?post=82581"},{"taxonomy":"productsleeve","embeddable":true,"href":"https:\/\/www.koonings.com\/fr\/wp-json\/wp\/v2\/productsleeve?post=82581"},{"taxonomy":"productcategory","embeddable":true,"href":"https:\/\/www.koonings.com\/fr\/wp-json\/wp\/v2\/productcategory?post=82581"},{"taxonomy":"productsilhouette","embeddable":true,"href":"https:\/\/www.koonings.com\/fr\/wp-json\/wp\/v2\/productsilhouette?post=82581"},{"taxonomy":"productstyle","embeddable":true,"href":"https:\/\/www.koonings.com\/fr\/wp-json\/wp\/v2\/productstyle?post=82581"}],"curies":[{"name":"wp","href":"https:\/\/api.w.org\/{rel}","templated":true}]}}