{"id":80640,"date":"2026-04-28T18:18:25","date_gmt":"2026-04-28T16:18:25","guid":{"rendered":"https:\/\/www.koonings.com\/product\/rosa-clara-amani\/"},"modified":"2026-02-16T14:59:56","modified_gmt":"2026-02-16T13:59:56","slug":"rosa-clara-amani","status":"publish","type":"product","link":"https:\/\/www.koonings.com\/fr\/product\/rosa-clara-amani\/","title":{"rendered":"Rosa Clara Amani"},"content":{"rendered":"<p>Robe de mari\u00e9e romantique de style robe de bal en tulle doux combin\u00e9 \u00e0 de la dentelle et des perles. D\u00e9collet\u00e9 bateau, dos \u00e9chancr\u00e9, manches longues et jupe avec fente lat\u00e9rale. Un look de mari\u00e9e sign\u00e9 Rosa Clar\u00e1.  <\/p>\n","protected":false},"featured_media":75198,"template":"","meta":{"_acf_changed":false,"ghostkit_customizer_options":"","ghostkit_custom_css":"","ghostkit_custom_js_head":"","ghostkit_custom_js_foot":"","ghostkit_typography":""},"productdetails":[378,381],"productneck":[349],"productcolor":[393,392],"maat":[],"productsupplier":[396],"productsleeve":[362],"productcategory":[18],"productsilhouette":[388],"productstyle":[369,370],"class_list":["post-80640","product","type-product","status-publish","has-post-thumbnail","hentry","productdetails-378","productdetails-381","productneck-349","productcolor-393","productcolor-392","productsupplier-rosa-clara","productsleeve-362","productcategory-trouwjurken","productsilhouette-388","productstyle-369","productstyle-370"],"acf":[],"yoast_head":"<!-- This site is optimized with the Yoast SEO plugin v27.3 - https:\/\/yoast.com\/product\/yoast-seo-wordpress\/ -->\n<title>Rosa Clara Amani | Koonings<\/title>\n<meta name=\"description\" content=\"Robe de mari\u00e9e romantique de style robe de bal en tulle doux combin\u00e9 \u00e0 de la dentelle et des perles. D\u00e9collet\u00e9 bateau, dos \u00e9chancr\u00e9, manches longues et jupe avec fente lat\u00e9rale. Un look de mari\u00e9e sign\u00e9 Rosa Clar\u00e1.\" \/>\n<meta name=\"robots\" content=\"index, follow, max-snippet:-1, max-image-preview:large, max-video-preview:-1\" \/>\n<link rel=\"canonical\" href=\"https:\/\/www.koonings.com\/fr\/product\/rosa-clara-amani\/\" \/>\n<meta property=\"og:locale\" content=\"fr_FR\" \/>\n<meta property=\"og:type\" content=\"article\" \/>\n<meta property=\"og:title\" content=\"Rosa Clara Amani | Koonings\" \/>\n<meta property=\"og:description\" content=\"Robe de mari\u00e9e romantique de style robe de bal en tulle doux combin\u00e9 \u00e0 de la dentelle et des perles. D\u00e9collet\u00e9 bateau, dos \u00e9chancr\u00e9, manches longues et jupe avec fente lat\u00e9rale. Un look de mari\u00e9e sign\u00e9 Rosa Clar\u00e1.\" \/>\n<meta property=\"og:url\" content=\"https:\/\/www.koonings.com\/fr\/product\/rosa-clara-amani\/\" \/>\n<meta property=\"og:site_name\" content=\"Koonings\" \/>\n<meta property=\"article:publisher\" content=\"https:\/\/www.facebook.com\/kooningstheweddingpalace\" \/>\n<meta property=\"og:image\" content=\"https:\/\/www.koonings.com\/wp-content\/uploads\/2024\/11\/40460_3b59f63365c53d0e8e16805172c0b52fb0bbca84fc78f436eb4f329bdff2c9cf31f9f7db.jpeg\" \/>\n\t<meta property=\"og:image:width\" content=\"1296\" \/>\n\t<meta property=\"og:image:height\" content=\"1834\" \/>\n\t<meta property=\"og:image:type\" content=\"image\/jpeg\" \/>\n<meta name=\"twitter:card\" content=\"summary_large_image\" \/>\n<script type=\"application\/ld+json\" class=\"yoast-schema-graph\">{\"@context\":\"https:\\\/\\\/schema.org\",\"@graph\":[{\"@type\":\"WebPage\",\"@id\":\"https:\\\/\\\/www.koonings.com\\\/fr\\\/product\\\/rosa-clara-amani\\\/\",\"url\":\"https:\\\/\\\/www.koonings.com\\\/fr\\\/product\\\/rosa-clara-amani\\\/\",\"name\":\"Rosa Clara Amani | Koonings\",\"isPartOf\":{\"@id\":\"https:\\\/\\\/www.koonings.com\\\/fr\\\/#website\"},\"primaryImageOfPage\":{\"@id\":\"https:\\\/\\\/www.koonings.com\\\/fr\\\/product\\\/rosa-clara-amani\\\/#primaryimage\"},\"image\":{\"@id\":\"https:\\\/\\\/www.koonings.com\\\/fr\\\/product\\\/rosa-clara-amani\\\/#primaryimage\"},\"thumbnailUrl\":\"https:\\\/\\\/www.koonings.com\\\/wp-content\\\/uploads\\\/2024\\\/11\\\/40460_3b59f63365c53d0e8e16805172c0b52fb0bbca84fc78f436eb4f329bdff2c9cf31f9f7db.jpeg\",\"datePublished\":\"2026-04-28T16:18:25+00:00\",\"description\":\"Robe de mari\u00e9e romantique de style robe de bal en tulle doux combin\u00e9 \u00e0 de la dentelle et des perles. D\u00e9collet\u00e9 bateau, dos \u00e9chancr\u00e9, manches longues et jupe avec fente lat\u00e9rale. Un look de mari\u00e9e sign\u00e9 Rosa Clar\u00e1.\",\"breadcrumb\":{\"@id\":\"https:\\\/\\\/www.koonings.com\\\/fr\\\/product\\\/rosa-clara-amani\\\/#breadcrumb\"},\"inLanguage\":\"fr-FR\",\"potentialAction\":[{\"@type\":\"ReadAction\",\"target\":[\"https:\\\/\\\/www.koonings.com\\\/fr\\\/product\\\/rosa-clara-amani\\\/\"]}]},{\"@type\":\"ImageObject\",\"inLanguage\":\"fr-FR\",\"@id\":\"https:\\\/\\\/www.koonings.com\\\/fr\\\/product\\\/rosa-clara-amani\\\/#primaryimage\",\"url\":\"https:\\\/\\\/www.koonings.com\\\/wp-content\\\/uploads\\\/2024\\\/11\\\/40460_3b59f63365c53d0e8e16805172c0b52fb0bbca84fc78f436eb4f329bdff2c9cf31f9f7db.jpeg\",\"contentUrl\":\"https:\\\/\\\/www.koonings.com\\\/wp-content\\\/uploads\\\/2024\\\/11\\\/40460_3b59f63365c53d0e8e16805172c0b52fb0bbca84fc78f436eb4f329bdff2c9cf31f9f7db.jpeg\",\"width\":1296,\"height\":1834},{\"@type\":\"BreadcrumbList\",\"@id\":\"https:\\\/\\\/www.koonings.com\\\/fr\\\/product\\\/rosa-clara-amani\\\/#breadcrumb\",\"itemListElement\":[{\"@type\":\"ListItem\",\"position\":1,\"name\":\"Home\",\"item\":\"https:\\\/\\\/www.koonings.com\\\/fr\\\/\"},{\"@type\":\"ListItem\",\"position\":2,\"name\":\"Rosa Clara Amani\"}]},{\"@type\":\"WebSite\",\"@id\":\"https:\\\/\\\/www.koonings.com\\\/fr\\\/#website\",\"url\":\"https:\\\/\\\/www.koonings.com\\\/fr\\\/\",\"name\":\"Koonings\",\"description\":\"De grootste bruidsmodewinkel ter wereld\",\"publisher\":{\"@id\":\"https:\\\/\\\/www.koonings.com\\\/fr\\\/#organization\"},\"potentialAction\":[{\"@type\":\"SearchAction\",\"target\":{\"@type\":\"EntryPoint\",\"urlTemplate\":\"https:\\\/\\\/www.koonings.com\\\/fr\\\/?s={search_term_string}\"},\"query-input\":{\"@type\":\"PropertyValueSpecification\",\"valueRequired\":true,\"valueName\":\"search_term_string\"}}],\"inLanguage\":\"fr-FR\"},{\"@type\":\"Organization\",\"@id\":\"https:\\\/\\\/www.koonings.com\\\/fr\\\/#organization\",\"name\":\"Koonings\",\"url\":\"https:\\\/\\\/www.koonings.com\\\/fr\\\/\",\"logo\":{\"@type\":\"ImageObject\",\"inLanguage\":\"fr-FR\",\"@id\":\"https:\\\/\\\/www.koonings.com\\\/fr\\\/#\\\/schema\\\/logo\\\/image\\\/\",\"url\":\"https:\\\/\\\/www.koonings.com\\\/wp-content\\\/uploads\\\/2024\\\/07\\\/logo.png\",\"contentUrl\":\"https:\\\/\\\/www.koonings.com\\\/wp-content\\\/uploads\\\/2024\\\/07\\\/logo.png\",\"width\":600,\"height\":428,\"caption\":\"Koonings\"},\"image\":{\"@id\":\"https:\\\/\\\/www.koonings.com\\\/fr\\\/#\\\/schema\\\/logo\\\/image\\\/\"},\"sameAs\":[\"https:\\\/\\\/www.facebook.com\\\/kooningstheweddingpalace\",\"https:\\\/\\\/www.instagram.com\\\/kooningstheweddingpalace\",\"https:\\\/\\\/www.pinterest.com\\\/koonings\",\"https:\\\/\\\/www.youtube.com\\\/kooningstheweddingpalace\"]}]}<\/script>\n<!-- \/ Yoast SEO plugin. -->","yoast_head_json":{"title":"Rosa Clara Amani | Koonings","description":"Robe de mari\u00e9e romantique de style robe de bal en tulle doux combin\u00e9 \u00e0 de la dentelle et des perles. D\u00e9collet\u00e9 bateau, dos \u00e9chancr\u00e9, manches longues et jupe avec fente lat\u00e9rale. Un look de mari\u00e9e sign\u00e9 Rosa Clar\u00e1.","robots":{"index":"index","follow":"follow","max-snippet":"max-snippet:-1","max-image-preview":"max-image-preview:large","max-video-preview":"max-video-preview:-1"},"canonical":"https:\/\/www.koonings.com\/fr\/product\/rosa-clara-amani\/","og_locale":"fr_FR","og_type":"article","og_title":"Rosa Clara Amani | Koonings","og_description":"Robe de mari\u00e9e romantique de style robe de bal en tulle doux combin\u00e9 \u00e0 de la dentelle et des perles. D\u00e9collet\u00e9 bateau, dos \u00e9chancr\u00e9, manches longues et jupe avec fente lat\u00e9rale. Un look de mari\u00e9e sign\u00e9 Rosa Clar\u00e1.","og_url":"https:\/\/www.koonings.com\/fr\/product\/rosa-clara-amani\/","og_site_name":"Koonings","article_publisher":"https:\/\/www.facebook.com\/kooningstheweddingpalace","og_image":[{"width":1296,"height":1834,"url":"https:\/\/www.koonings.com\/wp-content\/uploads\/2024\/11\/40460_3b59f63365c53d0e8e16805172c0b52fb0bbca84fc78f436eb4f329bdff2c9cf31f9f7db.jpeg","type":"image\/jpeg"}],"twitter_card":"summary_large_image","schema":{"@context":"https:\/\/schema.org","@graph":[{"@type":"WebPage","@id":"https:\/\/www.koonings.com\/fr\/product\/rosa-clara-amani\/","url":"https:\/\/www.koonings.com\/fr\/product\/rosa-clara-amani\/","name":"Rosa Clara Amani | Koonings","isPartOf":{"@id":"https:\/\/www.koonings.com\/fr\/#website"},"primaryImageOfPage":{"@id":"https:\/\/www.koonings.com\/fr\/product\/rosa-clara-amani\/#primaryimage"},"image":{"@id":"https:\/\/www.koonings.com\/fr\/product\/rosa-clara-amani\/#primaryimage"},"thumbnailUrl":"https:\/\/www.koonings.com\/wp-content\/uploads\/2024\/11\/40460_3b59f63365c53d0e8e16805172c0b52fb0bbca84fc78f436eb4f329bdff2c9cf31f9f7db.jpeg","datePublished":"2026-04-28T16:18:25+00:00","description":"Robe de mari\u00e9e romantique de style robe de bal en tulle doux combin\u00e9 \u00e0 de la dentelle et des perles. D\u00e9collet\u00e9 bateau, dos \u00e9chancr\u00e9, manches longues et jupe avec fente lat\u00e9rale. Un look de mari\u00e9e sign\u00e9 Rosa Clar\u00e1.","breadcrumb":{"@id":"https:\/\/www.koonings.com\/fr\/product\/rosa-clara-amani\/#breadcrumb"},"inLanguage":"fr-FR","potentialAction":[{"@type":"ReadAction","target":["https:\/\/www.koonings.com\/fr\/product\/rosa-clara-amani\/"]}]},{"@type":"ImageObject","inLanguage":"fr-FR","@id":"https:\/\/www.koonings.com\/fr\/product\/rosa-clara-amani\/#primaryimage","url":"https:\/\/www.koonings.com\/wp-content\/uploads\/2024\/11\/40460_3b59f63365c53d0e8e16805172c0b52fb0bbca84fc78f436eb4f329bdff2c9cf31f9f7db.jpeg","contentUrl":"https:\/\/www.koonings.com\/wp-content\/uploads\/2024\/11\/40460_3b59f63365c53d0e8e16805172c0b52fb0bbca84fc78f436eb4f329bdff2c9cf31f9f7db.jpeg","width":1296,"height":1834},{"@type":"BreadcrumbList","@id":"https:\/\/www.koonings.com\/fr\/product\/rosa-clara-amani\/#breadcrumb","itemListElement":[{"@type":"ListItem","position":1,"name":"Home","item":"https:\/\/www.koonings.com\/fr\/"},{"@type":"ListItem","position":2,"name":"Rosa Clara Amani"}]},{"@type":"WebSite","@id":"https:\/\/www.koonings.com\/fr\/#website","url":"https:\/\/www.koonings.com\/fr\/","name":"Koonings","description":"De grootste bruidsmodewinkel ter wereld","publisher":{"@id":"https:\/\/www.koonings.com\/fr\/#organization"},"potentialAction":[{"@type":"SearchAction","target":{"@type":"EntryPoint","urlTemplate":"https:\/\/www.koonings.com\/fr\/?s={search_term_string}"},"query-input":{"@type":"PropertyValueSpecification","valueRequired":true,"valueName":"search_term_string"}}],"inLanguage":"fr-FR"},{"@type":"Organization","@id":"https:\/\/www.koonings.com\/fr\/#organization","name":"Koonings","url":"https:\/\/www.koonings.com\/fr\/","logo":{"@type":"ImageObject","inLanguage":"fr-FR","@id":"https:\/\/www.koonings.com\/fr\/#\/schema\/logo\/image\/","url":"https:\/\/www.koonings.com\/wp-content\/uploads\/2024\/07\/logo.png","contentUrl":"https:\/\/www.koonings.com\/wp-content\/uploads\/2024\/07\/logo.png","width":600,"height":428,"caption":"Koonings"},"image":{"@id":"https:\/\/www.koonings.com\/fr\/#\/schema\/logo\/image\/"},"sameAs":["https:\/\/www.facebook.com\/kooningstheweddingpalace","https:\/\/www.instagram.com\/kooningstheweddingpalace","https:\/\/www.pinterest.com\/koonings","https:\/\/www.youtube.com\/kooningstheweddingpalace"]}]}},"_links":{"self":[{"href":"https:\/\/www.koonings.com\/fr\/wp-json\/wp\/v2\/product\/80640","targetHints":{"allow":["GET"]}}],"collection":[{"href":"https:\/\/www.koonings.com\/fr\/wp-json\/wp\/v2\/product"}],"about":[{"href":"https:\/\/www.koonings.com\/fr\/wp-json\/wp\/v2\/types\/product"}],"wp:featuredmedia":[{"embeddable":true,"href":"https:\/\/www.koonings.com\/fr\/wp-json\/wp\/v2\/media\/75198"}],"wp:attachment":[{"href":"https:\/\/www.koonings.com\/fr\/wp-json\/wp\/v2\/media?parent=80640"}],"wp:term":[{"taxonomy":"productdetails","embeddable":true,"href":"https:\/\/www.koonings.com\/fr\/wp-json\/wp\/v2\/productdetails?post=80640"},{"taxonomy":"productneck","embeddable":true,"href":"https:\/\/www.koonings.com\/fr\/wp-json\/wp\/v2\/productneck?post=80640"},{"taxonomy":"productcolor","embeddable":true,"href":"https:\/\/www.koonings.com\/fr\/wp-json\/wp\/v2\/productcolor?post=80640"},{"taxonomy":"maat","embeddable":true,"href":"https:\/\/www.koonings.com\/fr\/wp-json\/wp\/v2\/maat?post=80640"},{"taxonomy":"productsupplier","embeddable":true,"href":"https:\/\/www.koonings.com\/fr\/wp-json\/wp\/v2\/productsupplier?post=80640"},{"taxonomy":"productsleeve","embeddable":true,"href":"https:\/\/www.koonings.com\/fr\/wp-json\/wp\/v2\/productsleeve?post=80640"},{"taxonomy":"productcategory","embeddable":true,"href":"https:\/\/www.koonings.com\/fr\/wp-json\/wp\/v2\/productcategory?post=80640"},{"taxonomy":"productsilhouette","embeddable":true,"href":"https:\/\/www.koonings.com\/fr\/wp-json\/wp\/v2\/productsilhouette?post=80640"},{"taxonomy":"productstyle","embeddable":true,"href":"https:\/\/www.koonings.com\/fr\/wp-json\/wp\/v2\/productstyle?post=80640"}],"curies":[{"name":"wp","href":"https:\/\/api.w.org\/{rel}","templated":true}]}}