{"id":80626,"date":"2026-04-28T18:18:06","date_gmt":"2026-04-28T16:18:06","guid":{"rendered":"https:\/\/www.koonings.com\/product\/modeca-debra-2\/"},"modified":"2025-06-05T13:52:41","modified_gmt":"2025-06-05T11:52:41","slug":"modeca-debra-2","status":"publish","type":"product","link":"https:\/\/www.koonings.com\/fr\/product\/modeca-debra-2\/","title":{"rendered":"Modeca Debra"},"content":{"rendered":"<p>Entrez dans l&#8217;\u00e9l\u00e9gance avec notre robe Debra. Orn\u00e9 de dentelle complexe et de paillettes scintillantes, le corsage illusionnant donne un ton enchanteur \u00e0 votre journ\u00e9e sp\u00e9ciale. Avec sa silhouette flatteuse en ligne A et sa d\u00e9licate jupe en mousseline de soie, cette robe d\u00e9gage un charme intemporel. Dot\u00e9e d&#8217;une tra\u00eene longueur chapelle subtilement orn\u00e9e de dentelle, la robe Debra ne manquera pas de faire chavirer les c\u0153urs et de laisser une impression durable lors de votre passage \u00e0 l&#8217;autel. Cette robe est \u00e9galement disponible sans dentelle dans la tra\u00eene &#8211; Debra-B.    <\/p>\n","protected":false},"featured_media":75627,"template":"","meta":{"_acf_changed":false,"ghostkit_customizer_options":"","ghostkit_custom_css":"","ghostkit_custom_js_head":"","ghostkit_custom_js_foot":"","ghostkit_typography":""},"productdetails":[377,376],"productneck":[355],"productcolor":[393,392],"maat":[],"productsupplier":[434],"productsleeve":[359],"productcategory":[18],"productsilhouette":[384],"productstyle":[366],"class_list":["post-80626","product","type-product","status-publish","has-post-thumbnail","hentry","productdetails-377","productdetails-376","productneck-355","productcolor-393","productcolor-392","productsupplier-modeca","productsleeve-359","productcategory-trouwjurken","productsilhouette-384","productstyle-366"],"acf":[],"yoast_head":"<!-- This site is optimized with the Yoast SEO plugin v27.3 - https:\/\/yoast.com\/product\/yoast-seo-wordpress\/ -->\n<title>Modeca Debra | Koonings<\/title>\n<meta name=\"description\" content=\"Entrez dans l&#039;\u00e9l\u00e9gance avec notre robe Debra. Orn\u00e9 de dentelle complexe et de paillettes scintillantes, le corsage illusionnant donne un ton enchanteur \u00e0 votre journ\u00e9e sp\u00e9ciale. Avec sa silhouette flatteuse en ligne A et sa d\u00e9licate jupe en mousseline de soie, cette robe d\u00e9gage un charme intemporel. Dot\u00e9e d&#039;une tra\u00eene longueur chapelle subtilement orn\u00e9e de dentelle, la robe Debra ne manquera pas de faire chavirer les c\u0153urs et de laisser une impression durable lors de votre passage \u00e0 l&#039;autel. Cette robe est \u00e9galement disponible sans dentelle dans la tra\u00eene - Debra-B.\" \/>\n<meta name=\"robots\" content=\"index, follow, max-snippet:-1, max-image-preview:large, max-video-preview:-1\" \/>\n<link rel=\"canonical\" href=\"https:\/\/www.koonings.com\/fr\/product\/modeca-debra-2\/\" \/>\n<meta property=\"og:locale\" content=\"fr_FR\" \/>\n<meta property=\"og:type\" content=\"article\" \/>\n<meta property=\"og:title\" content=\"Modeca Debra | Koonings\" \/>\n<meta property=\"og:description\" content=\"Entrez dans l&#039;\u00e9l\u00e9gance avec notre robe Debra. Orn\u00e9 de dentelle complexe et de paillettes scintillantes, le corsage illusionnant donne un ton enchanteur \u00e0 votre journ\u00e9e sp\u00e9ciale. Avec sa silhouette flatteuse en ligne A et sa d\u00e9licate jupe en mousseline de soie, cette robe d\u00e9gage un charme intemporel. Dot\u00e9e d&#039;une tra\u00eene longueur chapelle subtilement orn\u00e9e de dentelle, la robe Debra ne manquera pas de faire chavirer les c\u0153urs et de laisser une impression durable lors de votre passage \u00e0 l&#039;autel. Cette robe est \u00e9galement disponible sans dentelle dans la tra\u00eene - Debra-B.\" \/>\n<meta property=\"og:url\" content=\"https:\/\/www.koonings.com\/fr\/product\/modeca-debra-2\/\" \/>\n<meta property=\"og:site_name\" content=\"Koonings\" \/>\n<meta property=\"article:publisher\" content=\"https:\/\/www.facebook.com\/kooningstheweddingpalace\" \/>\n<meta property=\"og:image\" content=\"https:\/\/www.koonings.com\/wp-content\/uploads\/2024\/11\/40381_f185c9457104e6987ed16db04cb8d9e6ecdc7e3683bf74c08b561f475a587d1e5f404cd9.jpeg\" \/>\n\t<meta property=\"og:image:width\" content=\"854\" \/>\n\t<meta property=\"og:image:height\" content=\"1206\" \/>\n\t<meta property=\"og:image:type\" content=\"image\/jpeg\" \/>\n<meta name=\"twitter:card\" content=\"summary_large_image\" \/>\n<meta name=\"twitter:label1\" content=\"Dur\u00e9e de lecture estim\u00e9e\" \/>\n\t<meta name=\"twitter:data1\" content=\"1 minute\" \/>\n<script type=\"application\/ld+json\" class=\"yoast-schema-graph\">{\"@context\":\"https:\\\/\\\/schema.org\",\"@graph\":[{\"@type\":\"WebPage\",\"@id\":\"https:\\\/\\\/www.koonings.com\\\/fr\\\/product\\\/modeca-debra-2\\\/\",\"url\":\"https:\\\/\\\/www.koonings.com\\\/fr\\\/product\\\/modeca-debra-2\\\/\",\"name\":\"Modeca Debra | Koonings\",\"isPartOf\":{\"@id\":\"https:\\\/\\\/www.koonings.com\\\/fr\\\/#website\"},\"primaryImageOfPage\":{\"@id\":\"https:\\\/\\\/www.koonings.com\\\/fr\\\/product\\\/modeca-debra-2\\\/#primaryimage\"},\"image\":{\"@id\":\"https:\\\/\\\/www.koonings.com\\\/fr\\\/product\\\/modeca-debra-2\\\/#primaryimage\"},\"thumbnailUrl\":\"https:\\\/\\\/www.koonings.com\\\/wp-content\\\/uploads\\\/2024\\\/11\\\/40381_f185c9457104e6987ed16db04cb8d9e6ecdc7e3683bf74c08b561f475a587d1e5f404cd9.jpeg\",\"datePublished\":\"2026-04-28T16:18:06+00:00\",\"description\":\"Entrez dans l'\u00e9l\u00e9gance avec notre robe Debra. Orn\u00e9 de dentelle complexe et de paillettes scintillantes, le corsage illusionnant donne un ton enchanteur \u00e0 votre journ\u00e9e sp\u00e9ciale. Avec sa silhouette flatteuse en ligne A et sa d\u00e9licate jupe en mousseline de soie, cette robe d\u00e9gage un charme intemporel. Dot\u00e9e d'une tra\u00eene longueur chapelle subtilement orn\u00e9e de dentelle, la robe Debra ne manquera pas de faire chavirer les c\u0153urs et de laisser une impression durable lors de votre passage \u00e0 l'autel. Cette robe est \u00e9galement disponible sans dentelle dans la tra\u00eene - Debra-B.\",\"breadcrumb\":{\"@id\":\"https:\\\/\\\/www.koonings.com\\\/fr\\\/product\\\/modeca-debra-2\\\/#breadcrumb\"},\"inLanguage\":\"fr-FR\",\"potentialAction\":[{\"@type\":\"ReadAction\",\"target\":[\"https:\\\/\\\/www.koonings.com\\\/fr\\\/product\\\/modeca-debra-2\\\/\"]}]},{\"@type\":\"ImageObject\",\"inLanguage\":\"fr-FR\",\"@id\":\"https:\\\/\\\/www.koonings.com\\\/fr\\\/product\\\/modeca-debra-2\\\/#primaryimage\",\"url\":\"https:\\\/\\\/www.koonings.com\\\/wp-content\\\/uploads\\\/2024\\\/11\\\/40381_f185c9457104e6987ed16db04cb8d9e6ecdc7e3683bf74c08b561f475a587d1e5f404cd9.jpeg\",\"contentUrl\":\"https:\\\/\\\/www.koonings.com\\\/wp-content\\\/uploads\\\/2024\\\/11\\\/40381_f185c9457104e6987ed16db04cb8d9e6ecdc7e3683bf74c08b561f475a587d1e5f404cd9.jpeg\",\"width\":854,\"height\":1206},{\"@type\":\"BreadcrumbList\",\"@id\":\"https:\\\/\\\/www.koonings.com\\\/fr\\\/product\\\/modeca-debra-2\\\/#breadcrumb\",\"itemListElement\":[{\"@type\":\"ListItem\",\"position\":1,\"name\":\"Home\",\"item\":\"https:\\\/\\\/www.koonings.com\\\/fr\\\/\"},{\"@type\":\"ListItem\",\"position\":2,\"name\":\"Modeca Debra\"}]},{\"@type\":\"WebSite\",\"@id\":\"https:\\\/\\\/www.koonings.com\\\/fr\\\/#website\",\"url\":\"https:\\\/\\\/www.koonings.com\\\/fr\\\/\",\"name\":\"Koonings\",\"description\":\"De grootste bruidsmodewinkel ter wereld\",\"publisher\":{\"@id\":\"https:\\\/\\\/www.koonings.com\\\/fr\\\/#organization\"},\"potentialAction\":[{\"@type\":\"SearchAction\",\"target\":{\"@type\":\"EntryPoint\",\"urlTemplate\":\"https:\\\/\\\/www.koonings.com\\\/fr\\\/?s={search_term_string}\"},\"query-input\":{\"@type\":\"PropertyValueSpecification\",\"valueRequired\":true,\"valueName\":\"search_term_string\"}}],\"inLanguage\":\"fr-FR\"},{\"@type\":\"Organization\",\"@id\":\"https:\\\/\\\/www.koonings.com\\\/fr\\\/#organization\",\"name\":\"Koonings\",\"url\":\"https:\\\/\\\/www.koonings.com\\\/fr\\\/\",\"logo\":{\"@type\":\"ImageObject\",\"inLanguage\":\"fr-FR\",\"@id\":\"https:\\\/\\\/www.koonings.com\\\/fr\\\/#\\\/schema\\\/logo\\\/image\\\/\",\"url\":\"https:\\\/\\\/www.koonings.com\\\/wp-content\\\/uploads\\\/2024\\\/07\\\/logo.png\",\"contentUrl\":\"https:\\\/\\\/www.koonings.com\\\/wp-content\\\/uploads\\\/2024\\\/07\\\/logo.png\",\"width\":600,\"height\":428,\"caption\":\"Koonings\"},\"image\":{\"@id\":\"https:\\\/\\\/www.koonings.com\\\/fr\\\/#\\\/schema\\\/logo\\\/image\\\/\"},\"sameAs\":[\"https:\\\/\\\/www.facebook.com\\\/kooningstheweddingpalace\",\"https:\\\/\\\/www.instagram.com\\\/kooningstheweddingpalace\",\"https:\\\/\\\/www.pinterest.com\\\/koonings\",\"https:\\\/\\\/www.youtube.com\\\/kooningstheweddingpalace\"]}]}<\/script>\n<!-- \/ Yoast SEO plugin. -->","yoast_head_json":{"title":"Modeca Debra | Koonings","description":"Entrez dans l'\u00e9l\u00e9gance avec notre robe Debra. Orn\u00e9 de dentelle complexe et de paillettes scintillantes, le corsage illusionnant donne un ton enchanteur \u00e0 votre journ\u00e9e sp\u00e9ciale. Avec sa silhouette flatteuse en ligne A et sa d\u00e9licate jupe en mousseline de soie, cette robe d\u00e9gage un charme intemporel. Dot\u00e9e d'une tra\u00eene longueur chapelle subtilement orn\u00e9e de dentelle, la robe Debra ne manquera pas de faire chavirer les c\u0153urs et de laisser une impression durable lors de votre passage \u00e0 l'autel. Cette robe est \u00e9galement disponible sans dentelle dans la tra\u00eene - Debra-B.","robots":{"index":"index","follow":"follow","max-snippet":"max-snippet:-1","max-image-preview":"max-image-preview:large","max-video-preview":"max-video-preview:-1"},"canonical":"https:\/\/www.koonings.com\/fr\/product\/modeca-debra-2\/","og_locale":"fr_FR","og_type":"article","og_title":"Modeca Debra | Koonings","og_description":"Entrez dans l'\u00e9l\u00e9gance avec notre robe Debra. Orn\u00e9 de dentelle complexe et de paillettes scintillantes, le corsage illusionnant donne un ton enchanteur \u00e0 votre journ\u00e9e sp\u00e9ciale. Avec sa silhouette flatteuse en ligne A et sa d\u00e9licate jupe en mousseline de soie, cette robe d\u00e9gage un charme intemporel. Dot\u00e9e d'une tra\u00eene longueur chapelle subtilement orn\u00e9e de dentelle, la robe Debra ne manquera pas de faire chavirer les c\u0153urs et de laisser une impression durable lors de votre passage \u00e0 l'autel. Cette robe est \u00e9galement disponible sans dentelle dans la tra\u00eene - Debra-B.","og_url":"https:\/\/www.koonings.com\/fr\/product\/modeca-debra-2\/","og_site_name":"Koonings","article_publisher":"https:\/\/www.facebook.com\/kooningstheweddingpalace","og_image":[{"width":854,"height":1206,"url":"https:\/\/www.koonings.com\/wp-content\/uploads\/2024\/11\/40381_f185c9457104e6987ed16db04cb8d9e6ecdc7e3683bf74c08b561f475a587d1e5f404cd9.jpeg","type":"image\/jpeg"}],"twitter_card":"summary_large_image","twitter_misc":{"Dur\u00e9e de lecture estim\u00e9e":"1 minute"},"schema":{"@context":"https:\/\/schema.org","@graph":[{"@type":"WebPage","@id":"https:\/\/www.koonings.com\/fr\/product\/modeca-debra-2\/","url":"https:\/\/www.koonings.com\/fr\/product\/modeca-debra-2\/","name":"Modeca Debra | Koonings","isPartOf":{"@id":"https:\/\/www.koonings.com\/fr\/#website"},"primaryImageOfPage":{"@id":"https:\/\/www.koonings.com\/fr\/product\/modeca-debra-2\/#primaryimage"},"image":{"@id":"https:\/\/www.koonings.com\/fr\/product\/modeca-debra-2\/#primaryimage"},"thumbnailUrl":"https:\/\/www.koonings.com\/wp-content\/uploads\/2024\/11\/40381_f185c9457104e6987ed16db04cb8d9e6ecdc7e3683bf74c08b561f475a587d1e5f404cd9.jpeg","datePublished":"2026-04-28T16:18:06+00:00","description":"Entrez dans l'\u00e9l\u00e9gance avec notre robe Debra. Orn\u00e9 de dentelle complexe et de paillettes scintillantes, le corsage illusionnant donne un ton enchanteur \u00e0 votre journ\u00e9e sp\u00e9ciale. Avec sa silhouette flatteuse en ligne A et sa d\u00e9licate jupe en mousseline de soie, cette robe d\u00e9gage un charme intemporel. Dot\u00e9e d'une tra\u00eene longueur chapelle subtilement orn\u00e9e de dentelle, la robe Debra ne manquera pas de faire chavirer les c\u0153urs et de laisser une impression durable lors de votre passage \u00e0 l'autel. Cette robe est \u00e9galement disponible sans dentelle dans la tra\u00eene - Debra-B.","breadcrumb":{"@id":"https:\/\/www.koonings.com\/fr\/product\/modeca-debra-2\/#breadcrumb"},"inLanguage":"fr-FR","potentialAction":[{"@type":"ReadAction","target":["https:\/\/www.koonings.com\/fr\/product\/modeca-debra-2\/"]}]},{"@type":"ImageObject","inLanguage":"fr-FR","@id":"https:\/\/www.koonings.com\/fr\/product\/modeca-debra-2\/#primaryimage","url":"https:\/\/www.koonings.com\/wp-content\/uploads\/2024\/11\/40381_f185c9457104e6987ed16db04cb8d9e6ecdc7e3683bf74c08b561f475a587d1e5f404cd9.jpeg","contentUrl":"https:\/\/www.koonings.com\/wp-content\/uploads\/2024\/11\/40381_f185c9457104e6987ed16db04cb8d9e6ecdc7e3683bf74c08b561f475a587d1e5f404cd9.jpeg","width":854,"height":1206},{"@type":"BreadcrumbList","@id":"https:\/\/www.koonings.com\/fr\/product\/modeca-debra-2\/#breadcrumb","itemListElement":[{"@type":"ListItem","position":1,"name":"Home","item":"https:\/\/www.koonings.com\/fr\/"},{"@type":"ListItem","position":2,"name":"Modeca Debra"}]},{"@type":"WebSite","@id":"https:\/\/www.koonings.com\/fr\/#website","url":"https:\/\/www.koonings.com\/fr\/","name":"Koonings","description":"De grootste bruidsmodewinkel ter wereld","publisher":{"@id":"https:\/\/www.koonings.com\/fr\/#organization"},"potentialAction":[{"@type":"SearchAction","target":{"@type":"EntryPoint","urlTemplate":"https:\/\/www.koonings.com\/fr\/?s={search_term_string}"},"query-input":{"@type":"PropertyValueSpecification","valueRequired":true,"valueName":"search_term_string"}}],"inLanguage":"fr-FR"},{"@type":"Organization","@id":"https:\/\/www.koonings.com\/fr\/#organization","name":"Koonings","url":"https:\/\/www.koonings.com\/fr\/","logo":{"@type":"ImageObject","inLanguage":"fr-FR","@id":"https:\/\/www.koonings.com\/fr\/#\/schema\/logo\/image\/","url":"https:\/\/www.koonings.com\/wp-content\/uploads\/2024\/07\/logo.png","contentUrl":"https:\/\/www.koonings.com\/wp-content\/uploads\/2024\/07\/logo.png","width":600,"height":428,"caption":"Koonings"},"image":{"@id":"https:\/\/www.koonings.com\/fr\/#\/schema\/logo\/image\/"},"sameAs":["https:\/\/www.facebook.com\/kooningstheweddingpalace","https:\/\/www.instagram.com\/kooningstheweddingpalace","https:\/\/www.pinterest.com\/koonings","https:\/\/www.youtube.com\/kooningstheweddingpalace"]}]}},"_links":{"self":[{"href":"https:\/\/www.koonings.com\/fr\/wp-json\/wp\/v2\/product\/80626","targetHints":{"allow":["GET"]}}],"collection":[{"href":"https:\/\/www.koonings.com\/fr\/wp-json\/wp\/v2\/product"}],"about":[{"href":"https:\/\/www.koonings.com\/fr\/wp-json\/wp\/v2\/types\/product"}],"wp:featuredmedia":[{"embeddable":true,"href":"https:\/\/www.koonings.com\/fr\/wp-json\/wp\/v2\/media\/75627"}],"wp:attachment":[{"href":"https:\/\/www.koonings.com\/fr\/wp-json\/wp\/v2\/media?parent=80626"}],"wp:term":[{"taxonomy":"productdetails","embeddable":true,"href":"https:\/\/www.koonings.com\/fr\/wp-json\/wp\/v2\/productdetails?post=80626"},{"taxonomy":"productneck","embeddable":true,"href":"https:\/\/www.koonings.com\/fr\/wp-json\/wp\/v2\/productneck?post=80626"},{"taxonomy":"productcolor","embeddable":true,"href":"https:\/\/www.koonings.com\/fr\/wp-json\/wp\/v2\/productcolor?post=80626"},{"taxonomy":"maat","embeddable":true,"href":"https:\/\/www.koonings.com\/fr\/wp-json\/wp\/v2\/maat?post=80626"},{"taxonomy":"productsupplier","embeddable":true,"href":"https:\/\/www.koonings.com\/fr\/wp-json\/wp\/v2\/productsupplier?post=80626"},{"taxonomy":"productsleeve","embeddable":true,"href":"https:\/\/www.koonings.com\/fr\/wp-json\/wp\/v2\/productsleeve?post=80626"},{"taxonomy":"productcategory","embeddable":true,"href":"https:\/\/www.koonings.com\/fr\/wp-json\/wp\/v2\/productcategory?post=80626"},{"taxonomy":"productsilhouette","embeddable":true,"href":"https:\/\/www.koonings.com\/fr\/wp-json\/wp\/v2\/productsilhouette?post=80626"},{"taxonomy":"productstyle","embeddable":true,"href":"https:\/\/www.koonings.com\/fr\/wp-json\/wp\/v2\/productstyle?post=80626"}],"curies":[{"name":"wp","href":"https:\/\/api.w.org\/{rel}","templated":true}]}}