{"id":80620,"date":"2026-04-28T18:18:07","date_gmt":"2026-04-28T16:18:07","guid":{"rendered":"https:\/\/www.koonings.com\/product\/modeca-didianne-2\/"},"modified":"2026-02-16T15:01:31","modified_gmt":"2026-02-16T14:01:31","slug":"modeca-didianne-2","status":"publish","type":"product","link":"https:\/\/www.koonings.com\/fr\/product\/modeca-didianne-2\/","title":{"rendered":"Modeca Didianne"},"content":{"rendered":"<p>La robe Didianne a un design \u00e9pur\u00e9 et minimaliste. Cette robe de mari\u00e9e en cr\u00eape pr\u00e9sente un dos carr\u00e9 bas qui ajoute une touche de modernit\u00e9 \u00e0 ce look, tandis qu&#8217;une bande ventrale resserre la taille pour une silhouette flatteuse. Une fente haute audacieuse ajoute une touche de drame, vous permettant de vous d\u00e9placer sans effort.  <\/p>\n","protected":false},"featured_media":75644,"template":"","meta":{"_acf_changed":false,"ghostkit_customizer_options":"","ghostkit_custom_css":"","ghostkit_custom_js_head":"","ghostkit_custom_js_foot":"","ghostkit_typography":""},"productdetails":[378],"productneck":[356],"productcolor":[392],"maat":[],"productsupplier":[434],"productsleeve":[359],"productcategory":[18],"productsilhouette":[384,389],"productstyle":[365,370],"class_list":["post-80620","product","type-product","status-publish","has-post-thumbnail","hentry","productdetails-378","productneck-356","productcolor-392","productsupplier-modeca","productsleeve-359","productcategory-trouwjurken","productsilhouette-384","productsilhouette-389","productstyle-365","productstyle-370"],"acf":[],"yoast_head":"<!-- This site is optimized with the Yoast SEO plugin v27.3 - https:\/\/yoast.com\/product\/yoast-seo-wordpress\/ -->\n<title>Modeca Didianne | Koonings<\/title>\n<meta name=\"description\" content=\"La robe Didianne a un design \u00e9pur\u00e9 et minimaliste. Cette robe de mari\u00e9e en cr\u00eape pr\u00e9sente un dos carr\u00e9 bas qui ajoute une touche de modernit\u00e9 \u00e0 ce look, tandis qu&#039;une bande ventrale resserre la taille pour une silhouette flatteuse. Une fente haute audacieuse ajoute une touche de drame, vous permettant de vous d\u00e9placer sans effort.\" \/>\n<meta name=\"robots\" content=\"index, follow, max-snippet:-1, max-image-preview:large, max-video-preview:-1\" \/>\n<link rel=\"canonical\" href=\"https:\/\/www.koonings.com\/fr\/product\/modeca-didianne-2\/\" \/>\n<meta property=\"og:locale\" content=\"fr_FR\" \/>\n<meta property=\"og:type\" content=\"article\" \/>\n<meta property=\"og:title\" content=\"Modeca Didianne | Koonings\" \/>\n<meta property=\"og:description\" content=\"La robe Didianne a un design \u00e9pur\u00e9 et minimaliste. Cette robe de mari\u00e9e en cr\u00eape pr\u00e9sente un dos carr\u00e9 bas qui ajoute une touche de modernit\u00e9 \u00e0 ce look, tandis qu&#039;une bande ventrale resserre la taille pour une silhouette flatteuse. Une fente haute audacieuse ajoute une touche de drame, vous permettant de vous d\u00e9placer sans effort.\" \/>\n<meta property=\"og:url\" content=\"https:\/\/www.koonings.com\/fr\/product\/modeca-didianne-2\/\" \/>\n<meta property=\"og:site_name\" content=\"Koonings\" \/>\n<meta property=\"article:publisher\" content=\"https:\/\/www.facebook.com\/kooningstheweddingpalace\" \/>\n<meta property=\"og:image\" content=\"https:\/\/www.koonings.com\/wp-content\/uploads\/2024\/11\/40383_17160f3cff121397b19c60e9855a2eae5143354d29d09bfa4d48c3a21d17eae7a13a9009.jpeg\" \/>\n\t<meta property=\"og:image:width\" content=\"938\" \/>\n\t<meta property=\"og:image:height\" content=\"1323\" \/>\n\t<meta property=\"og:image:type\" content=\"image\/jpeg\" \/>\n<meta name=\"twitter:card\" content=\"summary_large_image\" \/>\n<script type=\"application\/ld+json\" class=\"yoast-schema-graph\">{\"@context\":\"https:\\\/\\\/schema.org\",\"@graph\":[{\"@type\":\"WebPage\",\"@id\":\"https:\\\/\\\/www.koonings.com\\\/fr\\\/product\\\/modeca-didianne-2\\\/\",\"url\":\"https:\\\/\\\/www.koonings.com\\\/fr\\\/product\\\/modeca-didianne-2\\\/\",\"name\":\"Modeca Didianne | Koonings\",\"isPartOf\":{\"@id\":\"https:\\\/\\\/www.koonings.com\\\/fr\\\/#website\"},\"primaryImageOfPage\":{\"@id\":\"https:\\\/\\\/www.koonings.com\\\/fr\\\/product\\\/modeca-didianne-2\\\/#primaryimage\"},\"image\":{\"@id\":\"https:\\\/\\\/www.koonings.com\\\/fr\\\/product\\\/modeca-didianne-2\\\/#primaryimage\"},\"thumbnailUrl\":\"https:\\\/\\\/www.koonings.com\\\/wp-content\\\/uploads\\\/2024\\\/11\\\/40383_17160f3cff121397b19c60e9855a2eae5143354d29d09bfa4d48c3a21d17eae7a13a9009.jpeg\",\"datePublished\":\"2026-04-28T16:18:07+00:00\",\"description\":\"La robe Didianne a un design \u00e9pur\u00e9 et minimaliste. Cette robe de mari\u00e9e en cr\u00eape pr\u00e9sente un dos carr\u00e9 bas qui ajoute une touche de modernit\u00e9 \u00e0 ce look, tandis qu'une bande ventrale resserre la taille pour une silhouette flatteuse. Une fente haute audacieuse ajoute une touche de drame, vous permettant de vous d\u00e9placer sans effort.\",\"breadcrumb\":{\"@id\":\"https:\\\/\\\/www.koonings.com\\\/fr\\\/product\\\/modeca-didianne-2\\\/#breadcrumb\"},\"inLanguage\":\"fr-FR\",\"potentialAction\":[{\"@type\":\"ReadAction\",\"target\":[\"https:\\\/\\\/www.koonings.com\\\/fr\\\/product\\\/modeca-didianne-2\\\/\"]}]},{\"@type\":\"ImageObject\",\"inLanguage\":\"fr-FR\",\"@id\":\"https:\\\/\\\/www.koonings.com\\\/fr\\\/product\\\/modeca-didianne-2\\\/#primaryimage\",\"url\":\"https:\\\/\\\/www.koonings.com\\\/wp-content\\\/uploads\\\/2024\\\/11\\\/40383_17160f3cff121397b19c60e9855a2eae5143354d29d09bfa4d48c3a21d17eae7a13a9009.jpeg\",\"contentUrl\":\"https:\\\/\\\/www.koonings.com\\\/wp-content\\\/uploads\\\/2024\\\/11\\\/40383_17160f3cff121397b19c60e9855a2eae5143354d29d09bfa4d48c3a21d17eae7a13a9009.jpeg\",\"width\":938,\"height\":1323},{\"@type\":\"BreadcrumbList\",\"@id\":\"https:\\\/\\\/www.koonings.com\\\/fr\\\/product\\\/modeca-didianne-2\\\/#breadcrumb\",\"itemListElement\":[{\"@type\":\"ListItem\",\"position\":1,\"name\":\"Home\",\"item\":\"https:\\\/\\\/www.koonings.com\\\/fr\\\/\"},{\"@type\":\"ListItem\",\"position\":2,\"name\":\"Modeca Didianne\"}]},{\"@type\":\"WebSite\",\"@id\":\"https:\\\/\\\/www.koonings.com\\\/fr\\\/#website\",\"url\":\"https:\\\/\\\/www.koonings.com\\\/fr\\\/\",\"name\":\"Koonings\",\"description\":\"De grootste bruidsmodewinkel ter wereld\",\"publisher\":{\"@id\":\"https:\\\/\\\/www.koonings.com\\\/fr\\\/#organization\"},\"potentialAction\":[{\"@type\":\"SearchAction\",\"target\":{\"@type\":\"EntryPoint\",\"urlTemplate\":\"https:\\\/\\\/www.koonings.com\\\/fr\\\/?s={search_term_string}\"},\"query-input\":{\"@type\":\"PropertyValueSpecification\",\"valueRequired\":true,\"valueName\":\"search_term_string\"}}],\"inLanguage\":\"fr-FR\"},{\"@type\":\"Organization\",\"@id\":\"https:\\\/\\\/www.koonings.com\\\/fr\\\/#organization\",\"name\":\"Koonings\",\"url\":\"https:\\\/\\\/www.koonings.com\\\/fr\\\/\",\"logo\":{\"@type\":\"ImageObject\",\"inLanguage\":\"fr-FR\",\"@id\":\"https:\\\/\\\/www.koonings.com\\\/fr\\\/#\\\/schema\\\/logo\\\/image\\\/\",\"url\":\"https:\\\/\\\/www.koonings.com\\\/wp-content\\\/uploads\\\/2024\\\/07\\\/logo.png\",\"contentUrl\":\"https:\\\/\\\/www.koonings.com\\\/wp-content\\\/uploads\\\/2024\\\/07\\\/logo.png\",\"width\":600,\"height\":428,\"caption\":\"Koonings\"},\"image\":{\"@id\":\"https:\\\/\\\/www.koonings.com\\\/fr\\\/#\\\/schema\\\/logo\\\/image\\\/\"},\"sameAs\":[\"https:\\\/\\\/www.facebook.com\\\/kooningstheweddingpalace\",\"https:\\\/\\\/www.instagram.com\\\/kooningstheweddingpalace\",\"https:\\\/\\\/www.pinterest.com\\\/koonings\",\"https:\\\/\\\/www.youtube.com\\\/kooningstheweddingpalace\"]}]}<\/script>\n<!-- \/ Yoast SEO plugin. -->","yoast_head_json":{"title":"Modeca Didianne | Koonings","description":"La robe Didianne a un design \u00e9pur\u00e9 et minimaliste. Cette robe de mari\u00e9e en cr\u00eape pr\u00e9sente un dos carr\u00e9 bas qui ajoute une touche de modernit\u00e9 \u00e0 ce look, tandis qu'une bande ventrale resserre la taille pour une silhouette flatteuse. Une fente haute audacieuse ajoute une touche de drame, vous permettant de vous d\u00e9placer sans effort.","robots":{"index":"index","follow":"follow","max-snippet":"max-snippet:-1","max-image-preview":"max-image-preview:large","max-video-preview":"max-video-preview:-1"},"canonical":"https:\/\/www.koonings.com\/fr\/product\/modeca-didianne-2\/","og_locale":"fr_FR","og_type":"article","og_title":"Modeca Didianne | Koonings","og_description":"La robe Didianne a un design \u00e9pur\u00e9 et minimaliste. Cette robe de mari\u00e9e en cr\u00eape pr\u00e9sente un dos carr\u00e9 bas qui ajoute une touche de modernit\u00e9 \u00e0 ce look, tandis qu'une bande ventrale resserre la taille pour une silhouette flatteuse. Une fente haute audacieuse ajoute une touche de drame, vous permettant de vous d\u00e9placer sans effort.","og_url":"https:\/\/www.koonings.com\/fr\/product\/modeca-didianne-2\/","og_site_name":"Koonings","article_publisher":"https:\/\/www.facebook.com\/kooningstheweddingpalace","og_image":[{"width":938,"height":1323,"url":"https:\/\/www.koonings.com\/wp-content\/uploads\/2024\/11\/40383_17160f3cff121397b19c60e9855a2eae5143354d29d09bfa4d48c3a21d17eae7a13a9009.jpeg","type":"image\/jpeg"}],"twitter_card":"summary_large_image","schema":{"@context":"https:\/\/schema.org","@graph":[{"@type":"WebPage","@id":"https:\/\/www.koonings.com\/fr\/product\/modeca-didianne-2\/","url":"https:\/\/www.koonings.com\/fr\/product\/modeca-didianne-2\/","name":"Modeca Didianne | Koonings","isPartOf":{"@id":"https:\/\/www.koonings.com\/fr\/#website"},"primaryImageOfPage":{"@id":"https:\/\/www.koonings.com\/fr\/product\/modeca-didianne-2\/#primaryimage"},"image":{"@id":"https:\/\/www.koonings.com\/fr\/product\/modeca-didianne-2\/#primaryimage"},"thumbnailUrl":"https:\/\/www.koonings.com\/wp-content\/uploads\/2024\/11\/40383_17160f3cff121397b19c60e9855a2eae5143354d29d09bfa4d48c3a21d17eae7a13a9009.jpeg","datePublished":"2026-04-28T16:18:07+00:00","description":"La robe Didianne a un design \u00e9pur\u00e9 et minimaliste. Cette robe de mari\u00e9e en cr\u00eape pr\u00e9sente un dos carr\u00e9 bas qui ajoute une touche de modernit\u00e9 \u00e0 ce look, tandis qu'une bande ventrale resserre la taille pour une silhouette flatteuse. Une fente haute audacieuse ajoute une touche de drame, vous permettant de vous d\u00e9placer sans effort.","breadcrumb":{"@id":"https:\/\/www.koonings.com\/fr\/product\/modeca-didianne-2\/#breadcrumb"},"inLanguage":"fr-FR","potentialAction":[{"@type":"ReadAction","target":["https:\/\/www.koonings.com\/fr\/product\/modeca-didianne-2\/"]}]},{"@type":"ImageObject","inLanguage":"fr-FR","@id":"https:\/\/www.koonings.com\/fr\/product\/modeca-didianne-2\/#primaryimage","url":"https:\/\/www.koonings.com\/wp-content\/uploads\/2024\/11\/40383_17160f3cff121397b19c60e9855a2eae5143354d29d09bfa4d48c3a21d17eae7a13a9009.jpeg","contentUrl":"https:\/\/www.koonings.com\/wp-content\/uploads\/2024\/11\/40383_17160f3cff121397b19c60e9855a2eae5143354d29d09bfa4d48c3a21d17eae7a13a9009.jpeg","width":938,"height":1323},{"@type":"BreadcrumbList","@id":"https:\/\/www.koonings.com\/fr\/product\/modeca-didianne-2\/#breadcrumb","itemListElement":[{"@type":"ListItem","position":1,"name":"Home","item":"https:\/\/www.koonings.com\/fr\/"},{"@type":"ListItem","position":2,"name":"Modeca Didianne"}]},{"@type":"WebSite","@id":"https:\/\/www.koonings.com\/fr\/#website","url":"https:\/\/www.koonings.com\/fr\/","name":"Koonings","description":"De grootste bruidsmodewinkel ter wereld","publisher":{"@id":"https:\/\/www.koonings.com\/fr\/#organization"},"potentialAction":[{"@type":"SearchAction","target":{"@type":"EntryPoint","urlTemplate":"https:\/\/www.koonings.com\/fr\/?s={search_term_string}"},"query-input":{"@type":"PropertyValueSpecification","valueRequired":true,"valueName":"search_term_string"}}],"inLanguage":"fr-FR"},{"@type":"Organization","@id":"https:\/\/www.koonings.com\/fr\/#organization","name":"Koonings","url":"https:\/\/www.koonings.com\/fr\/","logo":{"@type":"ImageObject","inLanguage":"fr-FR","@id":"https:\/\/www.koonings.com\/fr\/#\/schema\/logo\/image\/","url":"https:\/\/www.koonings.com\/wp-content\/uploads\/2024\/07\/logo.png","contentUrl":"https:\/\/www.koonings.com\/wp-content\/uploads\/2024\/07\/logo.png","width":600,"height":428,"caption":"Koonings"},"image":{"@id":"https:\/\/www.koonings.com\/fr\/#\/schema\/logo\/image\/"},"sameAs":["https:\/\/www.facebook.com\/kooningstheweddingpalace","https:\/\/www.instagram.com\/kooningstheweddingpalace","https:\/\/www.pinterest.com\/koonings","https:\/\/www.youtube.com\/kooningstheweddingpalace"]}]}},"_links":{"self":[{"href":"https:\/\/www.koonings.com\/fr\/wp-json\/wp\/v2\/product\/80620","targetHints":{"allow":["GET"]}}],"collection":[{"href":"https:\/\/www.koonings.com\/fr\/wp-json\/wp\/v2\/product"}],"about":[{"href":"https:\/\/www.koonings.com\/fr\/wp-json\/wp\/v2\/types\/product"}],"wp:featuredmedia":[{"embeddable":true,"href":"https:\/\/www.koonings.com\/fr\/wp-json\/wp\/v2\/media\/75644"}],"wp:attachment":[{"href":"https:\/\/www.koonings.com\/fr\/wp-json\/wp\/v2\/media?parent=80620"}],"wp:term":[{"taxonomy":"productdetails","embeddable":true,"href":"https:\/\/www.koonings.com\/fr\/wp-json\/wp\/v2\/productdetails?post=80620"},{"taxonomy":"productneck","embeddable":true,"href":"https:\/\/www.koonings.com\/fr\/wp-json\/wp\/v2\/productneck?post=80620"},{"taxonomy":"productcolor","embeddable":true,"href":"https:\/\/www.koonings.com\/fr\/wp-json\/wp\/v2\/productcolor?post=80620"},{"taxonomy":"maat","embeddable":true,"href":"https:\/\/www.koonings.com\/fr\/wp-json\/wp\/v2\/maat?post=80620"},{"taxonomy":"productsupplier","embeddable":true,"href":"https:\/\/www.koonings.com\/fr\/wp-json\/wp\/v2\/productsupplier?post=80620"},{"taxonomy":"productsleeve","embeddable":true,"href":"https:\/\/www.koonings.com\/fr\/wp-json\/wp\/v2\/productsleeve?post=80620"},{"taxonomy":"productcategory","embeddable":true,"href":"https:\/\/www.koonings.com\/fr\/wp-json\/wp\/v2\/productcategory?post=80620"},{"taxonomy":"productsilhouette","embeddable":true,"href":"https:\/\/www.koonings.com\/fr\/wp-json\/wp\/v2\/productsilhouette?post=80620"},{"taxonomy":"productstyle","embeddable":true,"href":"https:\/\/www.koonings.com\/fr\/wp-json\/wp\/v2\/productstyle?post=80620"}],"curies":[{"name":"wp","href":"https:\/\/api.w.org\/{rel}","templated":true}]}}