{"id":80612,"date":"2026-05-06T15:18:09","date_gmt":"2026-05-06T13:18:09","guid":{"rendered":"https:\/\/www.koonings.com\/product\/modeca-dovi\/"},"modified":"2025-06-05T13:52:52","modified_gmt":"2025-06-05T11:52:52","slug":"modeca-dovi","status":"publish","type":"product","link":"https:\/\/www.koonings.com\/fr\/product\/modeca-dovi\/","title":{"rendered":"Modeca Dovi"},"content":{"rendered":"<p>Dovin, une robe \u00e9l\u00e9gante et sophistiqu\u00e9e de mikado qui respire l&#8217;\u00e9l\u00e9gance discr\u00e8te. Son design simple et \u00e9l\u00e9gant est accentu\u00e9 par une encolure en V intemporelle et le dos en V profond vole la vedette, orn\u00e9 d&#8217;un gros n\u0153ud qui fait sensation, ajoutant une touche de drame et de romantisme \u00e0 ce look de mari\u00e9e chic. <\/p>\n","protected":false},"featured_media":75701,"template":"","meta":{"_acf_changed":false,"ghostkit_customizer_options":"","ghostkit_custom_css":"","ghostkit_custom_js_head":"","ghostkit_custom_js_foot":"","ghostkit_typography":""},"productdetails":[382,383],"productneck":[356],"productcolor":[393,392],"maat":[],"productsupplier":[434],"productsleeve":[359],"productcategory":[18],"productsilhouette":[384],"productstyle":[365,366],"class_list":["post-80612","product","type-product","status-publish","has-post-thumbnail","hentry","productdetails-382","productdetails-383","productneck-356","productcolor-393","productcolor-392","productsupplier-modeca","productsleeve-359","productcategory-trouwjurken","productsilhouette-384","productstyle-365","productstyle-366"],"acf":[],"yoast_head":"<!-- This site is optimized with the Yoast SEO plugin v27.3 - https:\/\/yoast.com\/product\/yoast-seo-wordpress\/ -->\n<title>Modeca Dovi | Koonings<\/title>\n<meta name=\"description\" content=\"Dovin, une robe \u00e9l\u00e9gante et sophistiqu\u00e9e de mikado qui respire l&#039;\u00e9l\u00e9gance discr\u00e8te. Son design simple et \u00e9l\u00e9gant est accentu\u00e9 par une encolure en V intemporelle et le dos en V profond vole la vedette, orn\u00e9 d&#039;un gros n\u0153ud qui fait sensation, ajoutant une touche de drame et de romantisme \u00e0 ce look de mari\u00e9e chic.\" \/>\n<meta name=\"robots\" content=\"index, follow, max-snippet:-1, max-image-preview:large, max-video-preview:-1\" \/>\n<link rel=\"canonical\" href=\"https:\/\/www.koonings.com\/fr\/product\/modeca-dovi\/\" \/>\n<meta property=\"og:locale\" content=\"fr_FR\" \/>\n<meta property=\"og:type\" content=\"article\" \/>\n<meta property=\"og:title\" content=\"Modeca Dovi | Koonings\" \/>\n<meta property=\"og:description\" content=\"Dovin, une robe \u00e9l\u00e9gante et sophistiqu\u00e9e de mikado qui respire l&#039;\u00e9l\u00e9gance discr\u00e8te. Son design simple et \u00e9l\u00e9gant est accentu\u00e9 par une encolure en V intemporelle et le dos en V profond vole la vedette, orn\u00e9 d&#039;un gros n\u0153ud qui fait sensation, ajoutant une touche de drame et de romantisme \u00e0 ce look de mari\u00e9e chic.\" \/>\n<meta property=\"og:url\" content=\"https:\/\/www.koonings.com\/fr\/product\/modeca-dovi\/\" \/>\n<meta property=\"og:site_name\" content=\"Koonings\" \/>\n<meta property=\"article:publisher\" content=\"https:\/\/www.facebook.com\/kooningstheweddingpalace\" \/>\n<meta property=\"og:image\" content=\"https:\/\/www.koonings.com\/wp-content\/uploads\/2024\/11\/40335_f5f56ac85092f114a03fd5dd62b85d2dc5cebc39d24bfb9c681d980aaa8468ac67e3ac11.jpeg\" \/>\n\t<meta property=\"og:image:width\" content=\"769\" \/>\n\t<meta property=\"og:image:height\" content=\"1087\" \/>\n\t<meta property=\"og:image:type\" content=\"image\/jpeg\" \/>\n<meta name=\"twitter:card\" content=\"summary_large_image\" \/>\n<script type=\"application\/ld+json\" class=\"yoast-schema-graph\">{\"@context\":\"https:\\\/\\\/schema.org\",\"@graph\":[{\"@type\":\"WebPage\",\"@id\":\"https:\\\/\\\/www.koonings.com\\\/fr\\\/product\\\/modeca-dovi\\\/\",\"url\":\"https:\\\/\\\/www.koonings.com\\\/fr\\\/product\\\/modeca-dovi\\\/\",\"name\":\"Modeca Dovi | Koonings\",\"isPartOf\":{\"@id\":\"https:\\\/\\\/www.koonings.com\\\/fr\\\/#website\"},\"primaryImageOfPage\":{\"@id\":\"https:\\\/\\\/www.koonings.com\\\/fr\\\/product\\\/modeca-dovi\\\/#primaryimage\"},\"image\":{\"@id\":\"https:\\\/\\\/www.koonings.com\\\/fr\\\/product\\\/modeca-dovi\\\/#primaryimage\"},\"thumbnailUrl\":\"https:\\\/\\\/www.koonings.com\\\/wp-content\\\/uploads\\\/2024\\\/11\\\/40335_f5f56ac85092f114a03fd5dd62b85d2dc5cebc39d24bfb9c681d980aaa8468ac67e3ac11.jpeg\",\"datePublished\":\"2026-05-06T13:18:09+00:00\",\"description\":\"Dovin, une robe \u00e9l\u00e9gante et sophistiqu\u00e9e de mikado qui respire l'\u00e9l\u00e9gance discr\u00e8te. Son design simple et \u00e9l\u00e9gant est accentu\u00e9 par une encolure en V intemporelle et le dos en V profond vole la vedette, orn\u00e9 d'un gros n\u0153ud qui fait sensation, ajoutant une touche de drame et de romantisme \u00e0 ce look de mari\u00e9e chic.\",\"breadcrumb\":{\"@id\":\"https:\\\/\\\/www.koonings.com\\\/fr\\\/product\\\/modeca-dovi\\\/#breadcrumb\"},\"inLanguage\":\"fr-FR\",\"potentialAction\":[{\"@type\":\"ReadAction\",\"target\":[\"https:\\\/\\\/www.koonings.com\\\/fr\\\/product\\\/modeca-dovi\\\/\"]}]},{\"@type\":\"ImageObject\",\"inLanguage\":\"fr-FR\",\"@id\":\"https:\\\/\\\/www.koonings.com\\\/fr\\\/product\\\/modeca-dovi\\\/#primaryimage\",\"url\":\"https:\\\/\\\/www.koonings.com\\\/wp-content\\\/uploads\\\/2024\\\/11\\\/40335_f5f56ac85092f114a03fd5dd62b85d2dc5cebc39d24bfb9c681d980aaa8468ac67e3ac11.jpeg\",\"contentUrl\":\"https:\\\/\\\/www.koonings.com\\\/wp-content\\\/uploads\\\/2024\\\/11\\\/40335_f5f56ac85092f114a03fd5dd62b85d2dc5cebc39d24bfb9c681d980aaa8468ac67e3ac11.jpeg\",\"width\":769,\"height\":1087},{\"@type\":\"BreadcrumbList\",\"@id\":\"https:\\\/\\\/www.koonings.com\\\/fr\\\/product\\\/modeca-dovi\\\/#breadcrumb\",\"itemListElement\":[{\"@type\":\"ListItem\",\"position\":1,\"name\":\"Home\",\"item\":\"https:\\\/\\\/www.koonings.com\\\/fr\\\/\"},{\"@type\":\"ListItem\",\"position\":2,\"name\":\"Modeca Dovi\"}]},{\"@type\":\"WebSite\",\"@id\":\"https:\\\/\\\/www.koonings.com\\\/fr\\\/#website\",\"url\":\"https:\\\/\\\/www.koonings.com\\\/fr\\\/\",\"name\":\"Koonings\",\"description\":\"De grootste bruidsmodewinkel ter wereld\",\"publisher\":{\"@id\":\"https:\\\/\\\/www.koonings.com\\\/fr\\\/#organization\"},\"potentialAction\":[{\"@type\":\"SearchAction\",\"target\":{\"@type\":\"EntryPoint\",\"urlTemplate\":\"https:\\\/\\\/www.koonings.com\\\/fr\\\/?s={search_term_string}\"},\"query-input\":{\"@type\":\"PropertyValueSpecification\",\"valueRequired\":true,\"valueName\":\"search_term_string\"}}],\"inLanguage\":\"fr-FR\"},{\"@type\":\"Organization\",\"@id\":\"https:\\\/\\\/www.koonings.com\\\/fr\\\/#organization\",\"name\":\"Koonings\",\"url\":\"https:\\\/\\\/www.koonings.com\\\/fr\\\/\",\"logo\":{\"@type\":\"ImageObject\",\"inLanguage\":\"fr-FR\",\"@id\":\"https:\\\/\\\/www.koonings.com\\\/fr\\\/#\\\/schema\\\/logo\\\/image\\\/\",\"url\":\"https:\\\/\\\/www.koonings.com\\\/wp-content\\\/uploads\\\/2024\\\/07\\\/logo.png\",\"contentUrl\":\"https:\\\/\\\/www.koonings.com\\\/wp-content\\\/uploads\\\/2024\\\/07\\\/logo.png\",\"width\":600,\"height\":428,\"caption\":\"Koonings\"},\"image\":{\"@id\":\"https:\\\/\\\/www.koonings.com\\\/fr\\\/#\\\/schema\\\/logo\\\/image\\\/\"},\"sameAs\":[\"https:\\\/\\\/www.facebook.com\\\/kooningstheweddingpalace\",\"https:\\\/\\\/www.instagram.com\\\/kooningstheweddingpalace\",\"https:\\\/\\\/www.pinterest.com\\\/koonings\",\"https:\\\/\\\/www.youtube.com\\\/kooningstheweddingpalace\"]}]}<\/script>\n<!-- \/ Yoast SEO plugin. -->","yoast_head_json":{"title":"Modeca Dovi | Koonings","description":"Dovin, une robe \u00e9l\u00e9gante et sophistiqu\u00e9e de mikado qui respire l'\u00e9l\u00e9gance discr\u00e8te. Son design simple et \u00e9l\u00e9gant est accentu\u00e9 par une encolure en V intemporelle et le dos en V profond vole la vedette, orn\u00e9 d'un gros n\u0153ud qui fait sensation, ajoutant une touche de drame et de romantisme \u00e0 ce look de mari\u00e9e chic.","robots":{"index":"index","follow":"follow","max-snippet":"max-snippet:-1","max-image-preview":"max-image-preview:large","max-video-preview":"max-video-preview:-1"},"canonical":"https:\/\/www.koonings.com\/fr\/product\/modeca-dovi\/","og_locale":"fr_FR","og_type":"article","og_title":"Modeca Dovi | Koonings","og_description":"Dovin, une robe \u00e9l\u00e9gante et sophistiqu\u00e9e de mikado qui respire l'\u00e9l\u00e9gance discr\u00e8te. Son design simple et \u00e9l\u00e9gant est accentu\u00e9 par une encolure en V intemporelle et le dos en V profond vole la vedette, orn\u00e9 d'un gros n\u0153ud qui fait sensation, ajoutant une touche de drame et de romantisme \u00e0 ce look de mari\u00e9e chic.","og_url":"https:\/\/www.koonings.com\/fr\/product\/modeca-dovi\/","og_site_name":"Koonings","article_publisher":"https:\/\/www.facebook.com\/kooningstheweddingpalace","og_image":[{"width":769,"height":1087,"url":"https:\/\/www.koonings.com\/wp-content\/uploads\/2024\/11\/40335_f5f56ac85092f114a03fd5dd62b85d2dc5cebc39d24bfb9c681d980aaa8468ac67e3ac11.jpeg","type":"image\/jpeg"}],"twitter_card":"summary_large_image","schema":{"@context":"https:\/\/schema.org","@graph":[{"@type":"WebPage","@id":"https:\/\/www.koonings.com\/fr\/product\/modeca-dovi\/","url":"https:\/\/www.koonings.com\/fr\/product\/modeca-dovi\/","name":"Modeca Dovi | Koonings","isPartOf":{"@id":"https:\/\/www.koonings.com\/fr\/#website"},"primaryImageOfPage":{"@id":"https:\/\/www.koonings.com\/fr\/product\/modeca-dovi\/#primaryimage"},"image":{"@id":"https:\/\/www.koonings.com\/fr\/product\/modeca-dovi\/#primaryimage"},"thumbnailUrl":"https:\/\/www.koonings.com\/wp-content\/uploads\/2024\/11\/40335_f5f56ac85092f114a03fd5dd62b85d2dc5cebc39d24bfb9c681d980aaa8468ac67e3ac11.jpeg","datePublished":"2026-05-06T13:18:09+00:00","description":"Dovin, une robe \u00e9l\u00e9gante et sophistiqu\u00e9e de mikado qui respire l'\u00e9l\u00e9gance discr\u00e8te. Son design simple et \u00e9l\u00e9gant est accentu\u00e9 par une encolure en V intemporelle et le dos en V profond vole la vedette, orn\u00e9 d'un gros n\u0153ud qui fait sensation, ajoutant une touche de drame et de romantisme \u00e0 ce look de mari\u00e9e chic.","breadcrumb":{"@id":"https:\/\/www.koonings.com\/fr\/product\/modeca-dovi\/#breadcrumb"},"inLanguage":"fr-FR","potentialAction":[{"@type":"ReadAction","target":["https:\/\/www.koonings.com\/fr\/product\/modeca-dovi\/"]}]},{"@type":"ImageObject","inLanguage":"fr-FR","@id":"https:\/\/www.koonings.com\/fr\/product\/modeca-dovi\/#primaryimage","url":"https:\/\/www.koonings.com\/wp-content\/uploads\/2024\/11\/40335_f5f56ac85092f114a03fd5dd62b85d2dc5cebc39d24bfb9c681d980aaa8468ac67e3ac11.jpeg","contentUrl":"https:\/\/www.koonings.com\/wp-content\/uploads\/2024\/11\/40335_f5f56ac85092f114a03fd5dd62b85d2dc5cebc39d24bfb9c681d980aaa8468ac67e3ac11.jpeg","width":769,"height":1087},{"@type":"BreadcrumbList","@id":"https:\/\/www.koonings.com\/fr\/product\/modeca-dovi\/#breadcrumb","itemListElement":[{"@type":"ListItem","position":1,"name":"Home","item":"https:\/\/www.koonings.com\/fr\/"},{"@type":"ListItem","position":2,"name":"Modeca Dovi"}]},{"@type":"WebSite","@id":"https:\/\/www.koonings.com\/fr\/#website","url":"https:\/\/www.koonings.com\/fr\/","name":"Koonings","description":"De grootste bruidsmodewinkel ter wereld","publisher":{"@id":"https:\/\/www.koonings.com\/fr\/#organization"},"potentialAction":[{"@type":"SearchAction","target":{"@type":"EntryPoint","urlTemplate":"https:\/\/www.koonings.com\/fr\/?s={search_term_string}"},"query-input":{"@type":"PropertyValueSpecification","valueRequired":true,"valueName":"search_term_string"}}],"inLanguage":"fr-FR"},{"@type":"Organization","@id":"https:\/\/www.koonings.com\/fr\/#organization","name":"Koonings","url":"https:\/\/www.koonings.com\/fr\/","logo":{"@type":"ImageObject","inLanguage":"fr-FR","@id":"https:\/\/www.koonings.com\/fr\/#\/schema\/logo\/image\/","url":"https:\/\/www.koonings.com\/wp-content\/uploads\/2024\/07\/logo.png","contentUrl":"https:\/\/www.koonings.com\/wp-content\/uploads\/2024\/07\/logo.png","width":600,"height":428,"caption":"Koonings"},"image":{"@id":"https:\/\/www.koonings.com\/fr\/#\/schema\/logo\/image\/"},"sameAs":["https:\/\/www.facebook.com\/kooningstheweddingpalace","https:\/\/www.instagram.com\/kooningstheweddingpalace","https:\/\/www.pinterest.com\/koonings","https:\/\/www.youtube.com\/kooningstheweddingpalace"]}]}},"_links":{"self":[{"href":"https:\/\/www.koonings.com\/fr\/wp-json\/wp\/v2\/product\/80612","targetHints":{"allow":["GET"]}}],"collection":[{"href":"https:\/\/www.koonings.com\/fr\/wp-json\/wp\/v2\/product"}],"about":[{"href":"https:\/\/www.koonings.com\/fr\/wp-json\/wp\/v2\/types\/product"}],"wp:featuredmedia":[{"embeddable":true,"href":"https:\/\/www.koonings.com\/fr\/wp-json\/wp\/v2\/media\/75701"}],"wp:attachment":[{"href":"https:\/\/www.koonings.com\/fr\/wp-json\/wp\/v2\/media?parent=80612"}],"wp:term":[{"taxonomy":"productdetails","embeddable":true,"href":"https:\/\/www.koonings.com\/fr\/wp-json\/wp\/v2\/productdetails?post=80612"},{"taxonomy":"productneck","embeddable":true,"href":"https:\/\/www.koonings.com\/fr\/wp-json\/wp\/v2\/productneck?post=80612"},{"taxonomy":"productcolor","embeddable":true,"href":"https:\/\/www.koonings.com\/fr\/wp-json\/wp\/v2\/productcolor?post=80612"},{"taxonomy":"maat","embeddable":true,"href":"https:\/\/www.koonings.com\/fr\/wp-json\/wp\/v2\/maat?post=80612"},{"taxonomy":"productsupplier","embeddable":true,"href":"https:\/\/www.koonings.com\/fr\/wp-json\/wp\/v2\/productsupplier?post=80612"},{"taxonomy":"productsleeve","embeddable":true,"href":"https:\/\/www.koonings.com\/fr\/wp-json\/wp\/v2\/productsleeve?post=80612"},{"taxonomy":"productcategory","embeddable":true,"href":"https:\/\/www.koonings.com\/fr\/wp-json\/wp\/v2\/productcategory?post=80612"},{"taxonomy":"productsilhouette","embeddable":true,"href":"https:\/\/www.koonings.com\/fr\/wp-json\/wp\/v2\/productsilhouette?post=80612"},{"taxonomy":"productstyle","embeddable":true,"href":"https:\/\/www.koonings.com\/fr\/wp-json\/wp\/v2\/productstyle?post=80612"}],"curies":[{"name":"wp","href":"https:\/\/api.w.org\/{rel}","templated":true}]}}