{"id":80597,"date":"2026-04-14T16:18:31","date_gmt":"2026-04-14T14:18:31","guid":{"rendered":"https:\/\/www.koonings.com\/product\/le-papillon-by-modeca-ermaine\/"},"modified":"2025-06-05T13:54:56","modified_gmt":"2025-06-05T11:54:56","slug":"le-papillon-by-modeca-ermaine","status":"publish","type":"product","link":"https:\/\/www.koonings.com\/fr\/product\/le-papillon-by-modeca-ermaine\/","title":{"rendered":"Le Papillon by Modeca Ermaine"},"content":{"rendered":"<p>Ermaine est une ravissante robe ajust\u00e9e et \u00e9vas\u00e9e qui respire l&#8217;\u00e9l\u00e9gance contemporaine. Confectionn\u00e9e en mikado extensible, cette pi\u00e8ce ma\u00eetresse sans bretelles pr\u00e9sente une silhouette \u00e9lanc\u00e9e qui \u00e9pouse vos courbes aux bons endroits. L&#8217;encolure \u00e0 revers ajoute une touche de sophistication, cr\u00e9ant une touche moderne sur un mod\u00e8le classique. Avec ses lignes \u00e9pur\u00e9es, Ermaine est parfaite pour les mari\u00e9es qui appr\u00e9cient le style intemporel avec une touche de modernit\u00e9.   <\/p>\n","protected":false},"featured_media":76707,"template":"","meta":{"_acf_changed":false,"ghostkit_customizer_options":"","ghostkit_custom_css":"","ghostkit_custom_js_head":"","ghostkit_custom_js_foot":"","ghostkit_typography":""},"productdetails":[],"productneck":[354],"productcolor":[392],"maat":[],"productsupplier":[411],"productsleeve":[],"productcategory":[18],"productsilhouette":[386,389],"productstyle":[365,371],"class_list":["post-80597","product","type-product","status-publish","has-post-thumbnail","hentry","productneck-354","productcolor-392","productsupplier-le-papillon-by-modeca","productcategory-trouwjurken","productsilhouette-386","productsilhouette-389","productstyle-365","productstyle-371"],"acf":[],"yoast_head":"<!-- This site is optimized with the Yoast SEO plugin v27.3 - https:\/\/yoast.com\/product\/yoast-seo-wordpress\/ -->\n<title>Le Papillon by Modeca Ermaine | Koonings<\/title>\n<meta name=\"description\" content=\"Ermaine est une ravissante robe ajust\u00e9e et \u00e9vas\u00e9e qui respire l&#039;\u00e9l\u00e9gance contemporaine. Confectionn\u00e9e en mikado extensible, cette pi\u00e8ce ma\u00eetresse sans bretelles pr\u00e9sente une silhouette \u00e9lanc\u00e9e qui \u00e9pouse vos courbes aux bons endroits. L&#039;encolure \u00e0 revers ajoute une touche de sophistication, cr\u00e9ant une touche moderne sur un mod\u00e8le classique. Avec ses lignes \u00e9pur\u00e9es, Ermaine est parfaite pour les mari\u00e9es qui appr\u00e9cient le style intemporel avec une touche de modernit\u00e9.\" \/>\n<meta name=\"robots\" content=\"index, follow, max-snippet:-1, max-image-preview:large, max-video-preview:-1\" \/>\n<link rel=\"canonical\" href=\"https:\/\/www.koonings.com\/fr\/product\/le-papillon-by-modeca-ermaine\/\" \/>\n<meta property=\"og:locale\" content=\"fr_FR\" \/>\n<meta property=\"og:type\" content=\"article\" \/>\n<meta property=\"og:title\" content=\"Le Papillon by Modeca Ermaine | Koonings\" \/>\n<meta property=\"og:description\" content=\"Ermaine est une ravissante robe ajust\u00e9e et \u00e9vas\u00e9e qui respire l&#039;\u00e9l\u00e9gance contemporaine. Confectionn\u00e9e en mikado extensible, cette pi\u00e8ce ma\u00eetresse sans bretelles pr\u00e9sente une silhouette \u00e9lanc\u00e9e qui \u00e9pouse vos courbes aux bons endroits. L&#039;encolure \u00e0 revers ajoute une touche de sophistication, cr\u00e9ant une touche moderne sur un mod\u00e8le classique. Avec ses lignes \u00e9pur\u00e9es, Ermaine est parfaite pour les mari\u00e9es qui appr\u00e9cient le style intemporel avec une touche de modernit\u00e9.\" \/>\n<meta property=\"og:url\" content=\"https:\/\/www.koonings.com\/fr\/product\/le-papillon-by-modeca-ermaine\/\" \/>\n<meta property=\"og:site_name\" content=\"Koonings\" \/>\n<meta property=\"article:publisher\" content=\"https:\/\/www.facebook.com\/kooningstheweddingpalace\" \/>\n<meta property=\"og:image\" content=\"https:\/\/www.koonings.com\/wp-content\/uploads\/2024\/11\/40328_039969b8628cb0a16460942cfdccfb0ddbd98e88907c3cbb002454e2ad5ee30c16f83e1f.jpeg\" \/>\n\t<meta property=\"og:image:width\" content=\"747\" \/>\n\t<meta property=\"og:image:height\" content=\"1054\" \/>\n\t<meta property=\"og:image:type\" content=\"image\/jpeg\" \/>\n<meta name=\"twitter:card\" content=\"summary_large_image\" \/>\n<script type=\"application\/ld+json\" class=\"yoast-schema-graph\">{\"@context\":\"https:\\\/\\\/schema.org\",\"@graph\":[{\"@type\":\"WebPage\",\"@id\":\"https:\\\/\\\/www.koonings.com\\\/fr\\\/product\\\/le-papillon-by-modeca-ermaine\\\/\",\"url\":\"https:\\\/\\\/www.koonings.com\\\/fr\\\/product\\\/le-papillon-by-modeca-ermaine\\\/\",\"name\":\"Le Papillon by Modeca Ermaine | Koonings\",\"isPartOf\":{\"@id\":\"https:\\\/\\\/www.koonings.com\\\/fr\\\/#website\"},\"primaryImageOfPage\":{\"@id\":\"https:\\\/\\\/www.koonings.com\\\/fr\\\/product\\\/le-papillon-by-modeca-ermaine\\\/#primaryimage\"},\"image\":{\"@id\":\"https:\\\/\\\/www.koonings.com\\\/fr\\\/product\\\/le-papillon-by-modeca-ermaine\\\/#primaryimage\"},\"thumbnailUrl\":\"https:\\\/\\\/www.koonings.com\\\/wp-content\\\/uploads\\\/2024\\\/11\\\/40328_039969b8628cb0a16460942cfdccfb0ddbd98e88907c3cbb002454e2ad5ee30c16f83e1f.jpeg\",\"datePublished\":\"2026-04-14T14:18:31+00:00\",\"description\":\"Ermaine est une ravissante robe ajust\u00e9e et \u00e9vas\u00e9e qui respire l'\u00e9l\u00e9gance contemporaine. Confectionn\u00e9e en mikado extensible, cette pi\u00e8ce ma\u00eetresse sans bretelles pr\u00e9sente une silhouette \u00e9lanc\u00e9e qui \u00e9pouse vos courbes aux bons endroits. L'encolure \u00e0 revers ajoute une touche de sophistication, cr\u00e9ant une touche moderne sur un mod\u00e8le classique. Avec ses lignes \u00e9pur\u00e9es, Ermaine est parfaite pour les mari\u00e9es qui appr\u00e9cient le style intemporel avec une touche de modernit\u00e9.\",\"breadcrumb\":{\"@id\":\"https:\\\/\\\/www.koonings.com\\\/fr\\\/product\\\/le-papillon-by-modeca-ermaine\\\/#breadcrumb\"},\"inLanguage\":\"fr-FR\",\"potentialAction\":[{\"@type\":\"ReadAction\",\"target\":[\"https:\\\/\\\/www.koonings.com\\\/fr\\\/product\\\/le-papillon-by-modeca-ermaine\\\/\"]}]},{\"@type\":\"ImageObject\",\"inLanguage\":\"fr-FR\",\"@id\":\"https:\\\/\\\/www.koonings.com\\\/fr\\\/product\\\/le-papillon-by-modeca-ermaine\\\/#primaryimage\",\"url\":\"https:\\\/\\\/www.koonings.com\\\/wp-content\\\/uploads\\\/2024\\\/11\\\/40328_039969b8628cb0a16460942cfdccfb0ddbd98e88907c3cbb002454e2ad5ee30c16f83e1f.jpeg\",\"contentUrl\":\"https:\\\/\\\/www.koonings.com\\\/wp-content\\\/uploads\\\/2024\\\/11\\\/40328_039969b8628cb0a16460942cfdccfb0ddbd98e88907c3cbb002454e2ad5ee30c16f83e1f.jpeg\",\"width\":747,\"height\":1054},{\"@type\":\"BreadcrumbList\",\"@id\":\"https:\\\/\\\/www.koonings.com\\\/fr\\\/product\\\/le-papillon-by-modeca-ermaine\\\/#breadcrumb\",\"itemListElement\":[{\"@type\":\"ListItem\",\"position\":1,\"name\":\"Home\",\"item\":\"https:\\\/\\\/www.koonings.com\\\/fr\\\/\"},{\"@type\":\"ListItem\",\"position\":2,\"name\":\"Le Papillon by Modeca Ermaine\"}]},{\"@type\":\"WebSite\",\"@id\":\"https:\\\/\\\/www.koonings.com\\\/fr\\\/#website\",\"url\":\"https:\\\/\\\/www.koonings.com\\\/fr\\\/\",\"name\":\"Koonings\",\"description\":\"De grootste bruidsmodewinkel ter wereld\",\"publisher\":{\"@id\":\"https:\\\/\\\/www.koonings.com\\\/fr\\\/#organization\"},\"potentialAction\":[{\"@type\":\"SearchAction\",\"target\":{\"@type\":\"EntryPoint\",\"urlTemplate\":\"https:\\\/\\\/www.koonings.com\\\/fr\\\/?s={search_term_string}\"},\"query-input\":{\"@type\":\"PropertyValueSpecification\",\"valueRequired\":true,\"valueName\":\"search_term_string\"}}],\"inLanguage\":\"fr-FR\"},{\"@type\":\"Organization\",\"@id\":\"https:\\\/\\\/www.koonings.com\\\/fr\\\/#organization\",\"name\":\"Koonings\",\"url\":\"https:\\\/\\\/www.koonings.com\\\/fr\\\/\",\"logo\":{\"@type\":\"ImageObject\",\"inLanguage\":\"fr-FR\",\"@id\":\"https:\\\/\\\/www.koonings.com\\\/fr\\\/#\\\/schema\\\/logo\\\/image\\\/\",\"url\":\"https:\\\/\\\/www.koonings.com\\\/wp-content\\\/uploads\\\/2024\\\/07\\\/logo.png\",\"contentUrl\":\"https:\\\/\\\/www.koonings.com\\\/wp-content\\\/uploads\\\/2024\\\/07\\\/logo.png\",\"width\":600,\"height\":428,\"caption\":\"Koonings\"},\"image\":{\"@id\":\"https:\\\/\\\/www.koonings.com\\\/fr\\\/#\\\/schema\\\/logo\\\/image\\\/\"},\"sameAs\":[\"https:\\\/\\\/www.facebook.com\\\/kooningstheweddingpalace\",\"https:\\\/\\\/www.instagram.com\\\/kooningstheweddingpalace\",\"https:\\\/\\\/www.pinterest.com\\\/koonings\",\"https:\\\/\\\/www.youtube.com\\\/kooningstheweddingpalace\"]}]}<\/script>\n<!-- \/ Yoast SEO plugin. -->","yoast_head_json":{"title":"Le Papillon by Modeca Ermaine | Koonings","description":"Ermaine est une ravissante robe ajust\u00e9e et \u00e9vas\u00e9e qui respire l'\u00e9l\u00e9gance contemporaine. Confectionn\u00e9e en mikado extensible, cette pi\u00e8ce ma\u00eetresse sans bretelles pr\u00e9sente une silhouette \u00e9lanc\u00e9e qui \u00e9pouse vos courbes aux bons endroits. L'encolure \u00e0 revers ajoute une touche de sophistication, cr\u00e9ant une touche moderne sur un mod\u00e8le classique. Avec ses lignes \u00e9pur\u00e9es, Ermaine est parfaite pour les mari\u00e9es qui appr\u00e9cient le style intemporel avec une touche de modernit\u00e9.","robots":{"index":"index","follow":"follow","max-snippet":"max-snippet:-1","max-image-preview":"max-image-preview:large","max-video-preview":"max-video-preview:-1"},"canonical":"https:\/\/www.koonings.com\/fr\/product\/le-papillon-by-modeca-ermaine\/","og_locale":"fr_FR","og_type":"article","og_title":"Le Papillon by Modeca Ermaine | Koonings","og_description":"Ermaine est une ravissante robe ajust\u00e9e et \u00e9vas\u00e9e qui respire l'\u00e9l\u00e9gance contemporaine. Confectionn\u00e9e en mikado extensible, cette pi\u00e8ce ma\u00eetresse sans bretelles pr\u00e9sente une silhouette \u00e9lanc\u00e9e qui \u00e9pouse vos courbes aux bons endroits. L'encolure \u00e0 revers ajoute une touche de sophistication, cr\u00e9ant une touche moderne sur un mod\u00e8le classique. Avec ses lignes \u00e9pur\u00e9es, Ermaine est parfaite pour les mari\u00e9es qui appr\u00e9cient le style intemporel avec une touche de modernit\u00e9.","og_url":"https:\/\/www.koonings.com\/fr\/product\/le-papillon-by-modeca-ermaine\/","og_site_name":"Koonings","article_publisher":"https:\/\/www.facebook.com\/kooningstheweddingpalace","og_image":[{"width":747,"height":1054,"url":"https:\/\/www.koonings.com\/wp-content\/uploads\/2024\/11\/40328_039969b8628cb0a16460942cfdccfb0ddbd98e88907c3cbb002454e2ad5ee30c16f83e1f.jpeg","type":"image\/jpeg"}],"twitter_card":"summary_large_image","schema":{"@context":"https:\/\/schema.org","@graph":[{"@type":"WebPage","@id":"https:\/\/www.koonings.com\/fr\/product\/le-papillon-by-modeca-ermaine\/","url":"https:\/\/www.koonings.com\/fr\/product\/le-papillon-by-modeca-ermaine\/","name":"Le Papillon by Modeca Ermaine | Koonings","isPartOf":{"@id":"https:\/\/www.koonings.com\/fr\/#website"},"primaryImageOfPage":{"@id":"https:\/\/www.koonings.com\/fr\/product\/le-papillon-by-modeca-ermaine\/#primaryimage"},"image":{"@id":"https:\/\/www.koonings.com\/fr\/product\/le-papillon-by-modeca-ermaine\/#primaryimage"},"thumbnailUrl":"https:\/\/www.koonings.com\/wp-content\/uploads\/2024\/11\/40328_039969b8628cb0a16460942cfdccfb0ddbd98e88907c3cbb002454e2ad5ee30c16f83e1f.jpeg","datePublished":"2026-04-14T14:18:31+00:00","description":"Ermaine est une ravissante robe ajust\u00e9e et \u00e9vas\u00e9e qui respire l'\u00e9l\u00e9gance contemporaine. Confectionn\u00e9e en mikado extensible, cette pi\u00e8ce ma\u00eetresse sans bretelles pr\u00e9sente une silhouette \u00e9lanc\u00e9e qui \u00e9pouse vos courbes aux bons endroits. L'encolure \u00e0 revers ajoute une touche de sophistication, cr\u00e9ant une touche moderne sur un mod\u00e8le classique. Avec ses lignes \u00e9pur\u00e9es, Ermaine est parfaite pour les mari\u00e9es qui appr\u00e9cient le style intemporel avec une touche de modernit\u00e9.","breadcrumb":{"@id":"https:\/\/www.koonings.com\/fr\/product\/le-papillon-by-modeca-ermaine\/#breadcrumb"},"inLanguage":"fr-FR","potentialAction":[{"@type":"ReadAction","target":["https:\/\/www.koonings.com\/fr\/product\/le-papillon-by-modeca-ermaine\/"]}]},{"@type":"ImageObject","inLanguage":"fr-FR","@id":"https:\/\/www.koonings.com\/fr\/product\/le-papillon-by-modeca-ermaine\/#primaryimage","url":"https:\/\/www.koonings.com\/wp-content\/uploads\/2024\/11\/40328_039969b8628cb0a16460942cfdccfb0ddbd98e88907c3cbb002454e2ad5ee30c16f83e1f.jpeg","contentUrl":"https:\/\/www.koonings.com\/wp-content\/uploads\/2024\/11\/40328_039969b8628cb0a16460942cfdccfb0ddbd98e88907c3cbb002454e2ad5ee30c16f83e1f.jpeg","width":747,"height":1054},{"@type":"BreadcrumbList","@id":"https:\/\/www.koonings.com\/fr\/product\/le-papillon-by-modeca-ermaine\/#breadcrumb","itemListElement":[{"@type":"ListItem","position":1,"name":"Home","item":"https:\/\/www.koonings.com\/fr\/"},{"@type":"ListItem","position":2,"name":"Le Papillon by Modeca Ermaine"}]},{"@type":"WebSite","@id":"https:\/\/www.koonings.com\/fr\/#website","url":"https:\/\/www.koonings.com\/fr\/","name":"Koonings","description":"De grootste bruidsmodewinkel ter wereld","publisher":{"@id":"https:\/\/www.koonings.com\/fr\/#organization"},"potentialAction":[{"@type":"SearchAction","target":{"@type":"EntryPoint","urlTemplate":"https:\/\/www.koonings.com\/fr\/?s={search_term_string}"},"query-input":{"@type":"PropertyValueSpecification","valueRequired":true,"valueName":"search_term_string"}}],"inLanguage":"fr-FR"},{"@type":"Organization","@id":"https:\/\/www.koonings.com\/fr\/#organization","name":"Koonings","url":"https:\/\/www.koonings.com\/fr\/","logo":{"@type":"ImageObject","inLanguage":"fr-FR","@id":"https:\/\/www.koonings.com\/fr\/#\/schema\/logo\/image\/","url":"https:\/\/www.koonings.com\/wp-content\/uploads\/2024\/07\/logo.png","contentUrl":"https:\/\/www.koonings.com\/wp-content\/uploads\/2024\/07\/logo.png","width":600,"height":428,"caption":"Koonings"},"image":{"@id":"https:\/\/www.koonings.com\/fr\/#\/schema\/logo\/image\/"},"sameAs":["https:\/\/www.facebook.com\/kooningstheweddingpalace","https:\/\/www.instagram.com\/kooningstheweddingpalace","https:\/\/www.pinterest.com\/koonings","https:\/\/www.youtube.com\/kooningstheweddingpalace"]}]}},"_links":{"self":[{"href":"https:\/\/www.koonings.com\/fr\/wp-json\/wp\/v2\/product\/80597","targetHints":{"allow":["GET"]}}],"collection":[{"href":"https:\/\/www.koonings.com\/fr\/wp-json\/wp\/v2\/product"}],"about":[{"href":"https:\/\/www.koonings.com\/fr\/wp-json\/wp\/v2\/types\/product"}],"wp:featuredmedia":[{"embeddable":true,"href":"https:\/\/www.koonings.com\/fr\/wp-json\/wp\/v2\/media\/76707"}],"wp:attachment":[{"href":"https:\/\/www.koonings.com\/fr\/wp-json\/wp\/v2\/media?parent=80597"}],"wp:term":[{"taxonomy":"productdetails","embeddable":true,"href":"https:\/\/www.koonings.com\/fr\/wp-json\/wp\/v2\/productdetails?post=80597"},{"taxonomy":"productneck","embeddable":true,"href":"https:\/\/www.koonings.com\/fr\/wp-json\/wp\/v2\/productneck?post=80597"},{"taxonomy":"productcolor","embeddable":true,"href":"https:\/\/www.koonings.com\/fr\/wp-json\/wp\/v2\/productcolor?post=80597"},{"taxonomy":"maat","embeddable":true,"href":"https:\/\/www.koonings.com\/fr\/wp-json\/wp\/v2\/maat?post=80597"},{"taxonomy":"productsupplier","embeddable":true,"href":"https:\/\/www.koonings.com\/fr\/wp-json\/wp\/v2\/productsupplier?post=80597"},{"taxonomy":"productsleeve","embeddable":true,"href":"https:\/\/www.koonings.com\/fr\/wp-json\/wp\/v2\/productsleeve?post=80597"},{"taxonomy":"productcategory","embeddable":true,"href":"https:\/\/www.koonings.com\/fr\/wp-json\/wp\/v2\/productcategory?post=80597"},{"taxonomy":"productsilhouette","embeddable":true,"href":"https:\/\/www.koonings.com\/fr\/wp-json\/wp\/v2\/productsilhouette?post=80597"},{"taxonomy":"productstyle","embeddable":true,"href":"https:\/\/www.koonings.com\/fr\/wp-json\/wp\/v2\/productstyle?post=80597"}],"curies":[{"name":"wp","href":"https:\/\/api.w.org\/{rel}","templated":true}]}}