{"id":80591,"date":"2026-05-06T15:18:10","date_gmt":"2026-05-06T13:18:10","guid":{"rendered":"https:\/\/www.koonings.com\/product\/modeca-fuchsia\/"},"modified":"2025-06-05T13:54:59","modified_gmt":"2025-06-05T11:54:59","slug":"modeca-fuchsia","status":"publish","type":"product","link":"https:\/\/www.koonings.com\/fr\/product\/modeca-fuchsia\/","title":{"rendered":"Modeca Fuchsia"},"content":{"rendered":"<p>Boostez votre style nuptial avec la robe de mari\u00e9e Fuchsia, une silhouette sir\u00e8ne captivante avec un d\u00e9collet\u00e9 romantique en forme de c\u0153ur. Au c\u0153ur de la robe Fuchsia se trouve un ravissant corsage en dentelle illusion orn\u00e9 de paillettes d\u00e9licates, ajoutant une touche d&#8217;\u00e9clat \u00e0 votre look de mari\u00e9e. Pour plus de polyvalence, les manches amovibles en dentelle transparente vous permettent de personnaliser facilement votre look.  <\/p>\n","protected":false},"featured_media":76724,"template":"","meta":{"_acf_changed":false,"ghostkit_customizer_options":"","ghostkit_custom_css":"","ghostkit_custom_js_head":"","ghostkit_custom_js_foot":"","ghostkit_typography":""},"productdetails":[379,376,381],"productneck":[354,355],"productcolor":[393,392],"maat":[],"productsupplier":[434],"productsleeve":[],"productcategory":[18],"productsilhouette":[384,387],"productstyle":[366],"class_list":["post-80591","product","type-product","status-publish","has-post-thumbnail","hentry","productdetails-379","productdetails-376","productdetails-381","productneck-354","productneck-355","productcolor-393","productcolor-392","productsupplier-modeca","productcategory-trouwjurken","productsilhouette-384","productsilhouette-387","productstyle-366"],"acf":[],"yoast_head":"<!-- This site is optimized with the Yoast SEO plugin v27.3 - https:\/\/yoast.com\/product\/yoast-seo-wordpress\/ -->\n<title>Modeca Fuchsia | Koonings<\/title>\n<meta name=\"description\" content=\"Boostez votre style nuptial avec la robe de mari\u00e9e Fuchsia, une silhouette sir\u00e8ne captivante avec un d\u00e9collet\u00e9 romantique en forme de c\u0153ur. Au c\u0153ur de la robe Fuchsia se trouve un ravissant corsage en dentelle illusion orn\u00e9 de paillettes d\u00e9licates, ajoutant une touche d&#039;\u00e9clat \u00e0 votre look de mari\u00e9e. Pour plus de polyvalence, les manches amovibles en dentelle transparente vous permettent de personnaliser facilement votre look.\" \/>\n<meta name=\"robots\" content=\"index, follow, max-snippet:-1, max-image-preview:large, max-video-preview:-1\" \/>\n<link rel=\"canonical\" href=\"https:\/\/www.koonings.com\/fr\/product\/modeca-fuchsia\/\" \/>\n<meta property=\"og:locale\" content=\"fr_FR\" \/>\n<meta property=\"og:type\" content=\"article\" \/>\n<meta property=\"og:title\" content=\"Modeca Fuchsia | Koonings\" \/>\n<meta property=\"og:description\" content=\"Boostez votre style nuptial avec la robe de mari\u00e9e Fuchsia, une silhouette sir\u00e8ne captivante avec un d\u00e9collet\u00e9 romantique en forme de c\u0153ur. Au c\u0153ur de la robe Fuchsia se trouve un ravissant corsage en dentelle illusion orn\u00e9 de paillettes d\u00e9licates, ajoutant une touche d&#039;\u00e9clat \u00e0 votre look de mari\u00e9e. Pour plus de polyvalence, les manches amovibles en dentelle transparente vous permettent de personnaliser facilement votre look.\" \/>\n<meta property=\"og:url\" content=\"https:\/\/www.koonings.com\/fr\/product\/modeca-fuchsia\/\" \/>\n<meta property=\"og:site_name\" content=\"Koonings\" \/>\n<meta property=\"article:publisher\" content=\"https:\/\/www.facebook.com\/kooningstheweddingpalace\" \/>\n<meta property=\"og:image\" content=\"https:\/\/www.koonings.com\/wp-content\/uploads\/2024\/11\/40337_ab46a5c96cccec72fd025221205d26774cd58657cab1ce923952f6949f75e61a01535946.jpeg\" \/>\n\t<meta property=\"og:image:width\" content=\"909\" \/>\n\t<meta property=\"og:image:height\" content=\"1283\" \/>\n\t<meta property=\"og:image:type\" content=\"image\/jpeg\" \/>\n<meta name=\"twitter:card\" content=\"summary_large_image\" \/>\n<script type=\"application\/ld+json\" class=\"yoast-schema-graph\">{\"@context\":\"https:\\\/\\\/schema.org\",\"@graph\":[{\"@type\":\"WebPage\",\"@id\":\"https:\\\/\\\/www.koonings.com\\\/fr\\\/product\\\/modeca-fuchsia\\\/\",\"url\":\"https:\\\/\\\/www.koonings.com\\\/fr\\\/product\\\/modeca-fuchsia\\\/\",\"name\":\"Modeca Fuchsia | Koonings\",\"isPartOf\":{\"@id\":\"https:\\\/\\\/www.koonings.com\\\/fr\\\/#website\"},\"primaryImageOfPage\":{\"@id\":\"https:\\\/\\\/www.koonings.com\\\/fr\\\/product\\\/modeca-fuchsia\\\/#primaryimage\"},\"image\":{\"@id\":\"https:\\\/\\\/www.koonings.com\\\/fr\\\/product\\\/modeca-fuchsia\\\/#primaryimage\"},\"thumbnailUrl\":\"https:\\\/\\\/www.koonings.com\\\/wp-content\\\/uploads\\\/2024\\\/11\\\/40337_ab46a5c96cccec72fd025221205d26774cd58657cab1ce923952f6949f75e61a01535946.jpeg\",\"datePublished\":\"2026-05-06T13:18:10+00:00\",\"description\":\"Boostez votre style nuptial avec la robe de mari\u00e9e Fuchsia, une silhouette sir\u00e8ne captivante avec un d\u00e9collet\u00e9 romantique en forme de c\u0153ur. Au c\u0153ur de la robe Fuchsia se trouve un ravissant corsage en dentelle illusion orn\u00e9 de paillettes d\u00e9licates, ajoutant une touche d'\u00e9clat \u00e0 votre look de mari\u00e9e. Pour plus de polyvalence, les manches amovibles en dentelle transparente vous permettent de personnaliser facilement votre look.\",\"breadcrumb\":{\"@id\":\"https:\\\/\\\/www.koonings.com\\\/fr\\\/product\\\/modeca-fuchsia\\\/#breadcrumb\"},\"inLanguage\":\"fr-FR\",\"potentialAction\":[{\"@type\":\"ReadAction\",\"target\":[\"https:\\\/\\\/www.koonings.com\\\/fr\\\/product\\\/modeca-fuchsia\\\/\"]}]},{\"@type\":\"ImageObject\",\"inLanguage\":\"fr-FR\",\"@id\":\"https:\\\/\\\/www.koonings.com\\\/fr\\\/product\\\/modeca-fuchsia\\\/#primaryimage\",\"url\":\"https:\\\/\\\/www.koonings.com\\\/wp-content\\\/uploads\\\/2024\\\/11\\\/40337_ab46a5c96cccec72fd025221205d26774cd58657cab1ce923952f6949f75e61a01535946.jpeg\",\"contentUrl\":\"https:\\\/\\\/www.koonings.com\\\/wp-content\\\/uploads\\\/2024\\\/11\\\/40337_ab46a5c96cccec72fd025221205d26774cd58657cab1ce923952f6949f75e61a01535946.jpeg\",\"width\":909,\"height\":1283},{\"@type\":\"BreadcrumbList\",\"@id\":\"https:\\\/\\\/www.koonings.com\\\/fr\\\/product\\\/modeca-fuchsia\\\/#breadcrumb\",\"itemListElement\":[{\"@type\":\"ListItem\",\"position\":1,\"name\":\"Home\",\"item\":\"https:\\\/\\\/www.koonings.com\\\/fr\\\/\"},{\"@type\":\"ListItem\",\"position\":2,\"name\":\"Modeca Fuchsia\"}]},{\"@type\":\"WebSite\",\"@id\":\"https:\\\/\\\/www.koonings.com\\\/fr\\\/#website\",\"url\":\"https:\\\/\\\/www.koonings.com\\\/fr\\\/\",\"name\":\"Koonings\",\"description\":\"De grootste bruidsmodewinkel ter wereld\",\"publisher\":{\"@id\":\"https:\\\/\\\/www.koonings.com\\\/fr\\\/#organization\"},\"potentialAction\":[{\"@type\":\"SearchAction\",\"target\":{\"@type\":\"EntryPoint\",\"urlTemplate\":\"https:\\\/\\\/www.koonings.com\\\/fr\\\/?s={search_term_string}\"},\"query-input\":{\"@type\":\"PropertyValueSpecification\",\"valueRequired\":true,\"valueName\":\"search_term_string\"}}],\"inLanguage\":\"fr-FR\"},{\"@type\":\"Organization\",\"@id\":\"https:\\\/\\\/www.koonings.com\\\/fr\\\/#organization\",\"name\":\"Koonings\",\"url\":\"https:\\\/\\\/www.koonings.com\\\/fr\\\/\",\"logo\":{\"@type\":\"ImageObject\",\"inLanguage\":\"fr-FR\",\"@id\":\"https:\\\/\\\/www.koonings.com\\\/fr\\\/#\\\/schema\\\/logo\\\/image\\\/\",\"url\":\"https:\\\/\\\/www.koonings.com\\\/wp-content\\\/uploads\\\/2024\\\/07\\\/logo.png\",\"contentUrl\":\"https:\\\/\\\/www.koonings.com\\\/wp-content\\\/uploads\\\/2024\\\/07\\\/logo.png\",\"width\":600,\"height\":428,\"caption\":\"Koonings\"},\"image\":{\"@id\":\"https:\\\/\\\/www.koonings.com\\\/fr\\\/#\\\/schema\\\/logo\\\/image\\\/\"},\"sameAs\":[\"https:\\\/\\\/www.facebook.com\\\/kooningstheweddingpalace\",\"https:\\\/\\\/www.instagram.com\\\/kooningstheweddingpalace\",\"https:\\\/\\\/www.pinterest.com\\\/koonings\",\"https:\\\/\\\/www.youtube.com\\\/kooningstheweddingpalace\"]}]}<\/script>\n<!-- \/ Yoast SEO plugin. -->","yoast_head_json":{"title":"Modeca Fuchsia | Koonings","description":"Boostez votre style nuptial avec la robe de mari\u00e9e Fuchsia, une silhouette sir\u00e8ne captivante avec un d\u00e9collet\u00e9 romantique en forme de c\u0153ur. Au c\u0153ur de la robe Fuchsia se trouve un ravissant corsage en dentelle illusion orn\u00e9 de paillettes d\u00e9licates, ajoutant une touche d'\u00e9clat \u00e0 votre look de mari\u00e9e. Pour plus de polyvalence, les manches amovibles en dentelle transparente vous permettent de personnaliser facilement votre look.","robots":{"index":"index","follow":"follow","max-snippet":"max-snippet:-1","max-image-preview":"max-image-preview:large","max-video-preview":"max-video-preview:-1"},"canonical":"https:\/\/www.koonings.com\/fr\/product\/modeca-fuchsia\/","og_locale":"fr_FR","og_type":"article","og_title":"Modeca Fuchsia | Koonings","og_description":"Boostez votre style nuptial avec la robe de mari\u00e9e Fuchsia, une silhouette sir\u00e8ne captivante avec un d\u00e9collet\u00e9 romantique en forme de c\u0153ur. Au c\u0153ur de la robe Fuchsia se trouve un ravissant corsage en dentelle illusion orn\u00e9 de paillettes d\u00e9licates, ajoutant une touche d'\u00e9clat \u00e0 votre look de mari\u00e9e. Pour plus de polyvalence, les manches amovibles en dentelle transparente vous permettent de personnaliser facilement votre look.","og_url":"https:\/\/www.koonings.com\/fr\/product\/modeca-fuchsia\/","og_site_name":"Koonings","article_publisher":"https:\/\/www.facebook.com\/kooningstheweddingpalace","og_image":[{"width":909,"height":1283,"url":"https:\/\/www.koonings.com\/wp-content\/uploads\/2024\/11\/40337_ab46a5c96cccec72fd025221205d26774cd58657cab1ce923952f6949f75e61a01535946.jpeg","type":"image\/jpeg"}],"twitter_card":"summary_large_image","schema":{"@context":"https:\/\/schema.org","@graph":[{"@type":"WebPage","@id":"https:\/\/www.koonings.com\/fr\/product\/modeca-fuchsia\/","url":"https:\/\/www.koonings.com\/fr\/product\/modeca-fuchsia\/","name":"Modeca Fuchsia | Koonings","isPartOf":{"@id":"https:\/\/www.koonings.com\/fr\/#website"},"primaryImageOfPage":{"@id":"https:\/\/www.koonings.com\/fr\/product\/modeca-fuchsia\/#primaryimage"},"image":{"@id":"https:\/\/www.koonings.com\/fr\/product\/modeca-fuchsia\/#primaryimage"},"thumbnailUrl":"https:\/\/www.koonings.com\/wp-content\/uploads\/2024\/11\/40337_ab46a5c96cccec72fd025221205d26774cd58657cab1ce923952f6949f75e61a01535946.jpeg","datePublished":"2026-05-06T13:18:10+00:00","description":"Boostez votre style nuptial avec la robe de mari\u00e9e Fuchsia, une silhouette sir\u00e8ne captivante avec un d\u00e9collet\u00e9 romantique en forme de c\u0153ur. Au c\u0153ur de la robe Fuchsia se trouve un ravissant corsage en dentelle illusion orn\u00e9 de paillettes d\u00e9licates, ajoutant une touche d'\u00e9clat \u00e0 votre look de mari\u00e9e. Pour plus de polyvalence, les manches amovibles en dentelle transparente vous permettent de personnaliser facilement votre look.","breadcrumb":{"@id":"https:\/\/www.koonings.com\/fr\/product\/modeca-fuchsia\/#breadcrumb"},"inLanguage":"fr-FR","potentialAction":[{"@type":"ReadAction","target":["https:\/\/www.koonings.com\/fr\/product\/modeca-fuchsia\/"]}]},{"@type":"ImageObject","inLanguage":"fr-FR","@id":"https:\/\/www.koonings.com\/fr\/product\/modeca-fuchsia\/#primaryimage","url":"https:\/\/www.koonings.com\/wp-content\/uploads\/2024\/11\/40337_ab46a5c96cccec72fd025221205d26774cd58657cab1ce923952f6949f75e61a01535946.jpeg","contentUrl":"https:\/\/www.koonings.com\/wp-content\/uploads\/2024\/11\/40337_ab46a5c96cccec72fd025221205d26774cd58657cab1ce923952f6949f75e61a01535946.jpeg","width":909,"height":1283},{"@type":"BreadcrumbList","@id":"https:\/\/www.koonings.com\/fr\/product\/modeca-fuchsia\/#breadcrumb","itemListElement":[{"@type":"ListItem","position":1,"name":"Home","item":"https:\/\/www.koonings.com\/fr\/"},{"@type":"ListItem","position":2,"name":"Modeca Fuchsia"}]},{"@type":"WebSite","@id":"https:\/\/www.koonings.com\/fr\/#website","url":"https:\/\/www.koonings.com\/fr\/","name":"Koonings","description":"De grootste bruidsmodewinkel ter wereld","publisher":{"@id":"https:\/\/www.koonings.com\/fr\/#organization"},"potentialAction":[{"@type":"SearchAction","target":{"@type":"EntryPoint","urlTemplate":"https:\/\/www.koonings.com\/fr\/?s={search_term_string}"},"query-input":{"@type":"PropertyValueSpecification","valueRequired":true,"valueName":"search_term_string"}}],"inLanguage":"fr-FR"},{"@type":"Organization","@id":"https:\/\/www.koonings.com\/fr\/#organization","name":"Koonings","url":"https:\/\/www.koonings.com\/fr\/","logo":{"@type":"ImageObject","inLanguage":"fr-FR","@id":"https:\/\/www.koonings.com\/fr\/#\/schema\/logo\/image\/","url":"https:\/\/www.koonings.com\/wp-content\/uploads\/2024\/07\/logo.png","contentUrl":"https:\/\/www.koonings.com\/wp-content\/uploads\/2024\/07\/logo.png","width":600,"height":428,"caption":"Koonings"},"image":{"@id":"https:\/\/www.koonings.com\/fr\/#\/schema\/logo\/image\/"},"sameAs":["https:\/\/www.facebook.com\/kooningstheweddingpalace","https:\/\/www.instagram.com\/kooningstheweddingpalace","https:\/\/www.pinterest.com\/koonings","https:\/\/www.youtube.com\/kooningstheweddingpalace"]}]}},"_links":{"self":[{"href":"https:\/\/www.koonings.com\/fr\/wp-json\/wp\/v2\/product\/80591","targetHints":{"allow":["GET"]}}],"collection":[{"href":"https:\/\/www.koonings.com\/fr\/wp-json\/wp\/v2\/product"}],"about":[{"href":"https:\/\/www.koonings.com\/fr\/wp-json\/wp\/v2\/types\/product"}],"wp:featuredmedia":[{"embeddable":true,"href":"https:\/\/www.koonings.com\/fr\/wp-json\/wp\/v2\/media\/76724"}],"wp:attachment":[{"href":"https:\/\/www.koonings.com\/fr\/wp-json\/wp\/v2\/media?parent=80591"}],"wp:term":[{"taxonomy":"productdetails","embeddable":true,"href":"https:\/\/www.koonings.com\/fr\/wp-json\/wp\/v2\/productdetails?post=80591"},{"taxonomy":"productneck","embeddable":true,"href":"https:\/\/www.koonings.com\/fr\/wp-json\/wp\/v2\/productneck?post=80591"},{"taxonomy":"productcolor","embeddable":true,"href":"https:\/\/www.koonings.com\/fr\/wp-json\/wp\/v2\/productcolor?post=80591"},{"taxonomy":"maat","embeddable":true,"href":"https:\/\/www.koonings.com\/fr\/wp-json\/wp\/v2\/maat?post=80591"},{"taxonomy":"productsupplier","embeddable":true,"href":"https:\/\/www.koonings.com\/fr\/wp-json\/wp\/v2\/productsupplier?post=80591"},{"taxonomy":"productsleeve","embeddable":true,"href":"https:\/\/www.koonings.com\/fr\/wp-json\/wp\/v2\/productsleeve?post=80591"},{"taxonomy":"productcategory","embeddable":true,"href":"https:\/\/www.koonings.com\/fr\/wp-json\/wp\/v2\/productcategory?post=80591"},{"taxonomy":"productsilhouette","embeddable":true,"href":"https:\/\/www.koonings.com\/fr\/wp-json\/wp\/v2\/productsilhouette?post=80591"},{"taxonomy":"productstyle","embeddable":true,"href":"https:\/\/www.koonings.com\/fr\/wp-json\/wp\/v2\/productstyle?post=80591"}],"curies":[{"name":"wp","href":"https:\/\/api.w.org\/{rel}","templated":true}]}}