{"id":80580,"date":"2025-12-15T00:28:49","date_gmt":"2025-12-14T23:28:49","guid":{"rendered":"https:\/\/www.koonings.com\/product\/le-papillon-by-modeca-ethera\/"},"modified":"2026-02-03T20:16:47","modified_gmt":"2026-02-03T19:16:47","slug":"le-papillon-by-modeca-ethera","status":"publish","type":"product","link":"https:\/\/www.koonings.com\/fr\/product\/le-papillon-by-modeca-ethera\/","title":{"rendered":"Le Papillon par Modeca Ethera"},"content":{"rendered":"<p>Ethera est une magnifique robe ajust\u00e9e et \u00e9vas\u00e9e qui incarne l&#8217;\u00e9l\u00e9gance intemporelle avec une touche de modernit\u00e9. Cette robe en dentelle est dot\u00e9e d&#8217;un d\u00e9collet\u00e9 licou chic qui flattera magnifiquement votre silhouette. L&#8217;illusion du dos cr\u00e9e un effet de tatouage enchanteur qui laissera une impression durable lorsque vous descendrez l&#8217;all\u00e9e.  <\/p>\n","protected":false},"featured_media":76758,"template":"","meta":{"_acf_changed":false,"ghostkit_customizer_options":"","ghostkit_custom_css":"","ghostkit_custom_js_head":"","ghostkit_custom_js_foot":"","ghostkit_typography":""},"productdetails":[382,376,378],"productneck":[350],"productcolor":[393,392],"maat":[],"productsupplier":[411],"productsleeve":[360],"productcategory":[18],"productsilhouette":[387],"productstyle":[366,370],"class_list":["post-80580","product","type-product","status-publish","has-post-thumbnail","hentry","productdetails-382","productdetails-376","productdetails-378","productneck-350","productcolor-393","productcolor-392","productsupplier-le-papillon-by-modeca","productsleeve-360","productcategory-trouwjurken","productsilhouette-387","productstyle-366","productstyle-370"],"acf":[],"yoast_head":"<!-- This site is optimized with the Yoast SEO plugin v27.3 - https:\/\/yoast.com\/product\/yoast-seo-wordpress\/ -->\n<title>Le Papillon par Modeca Ethera | Koonings<\/title>\n<meta name=\"description\" content=\"Ethera est une magnifique robe ajust\u00e9e et \u00e9vas\u00e9e qui incarne l&#039;\u00e9l\u00e9gance intemporelle avec une touche de modernit\u00e9. Cette robe en dentelle est dot\u00e9e d&#039;un d\u00e9collet\u00e9 licou chic qui flattera magnifiquement votre silhouette. L&#039;illusion du dos cr\u00e9e un effet de tatouage enchanteur qui laissera une impression durable lorsque vous descendrez l&#039;all\u00e9e.\" \/>\n<meta name=\"robots\" content=\"index, follow, max-snippet:-1, max-image-preview:large, max-video-preview:-1\" \/>\n<link rel=\"canonical\" href=\"https:\/\/www.koonings.com\/fr\/product\/le-papillon-by-modeca-ethera\/\" \/>\n<meta property=\"og:locale\" content=\"fr_FR\" \/>\n<meta property=\"og:type\" content=\"article\" \/>\n<meta property=\"og:title\" content=\"Le Papillon par Modeca Ethera | Koonings\" \/>\n<meta property=\"og:description\" content=\"Ethera est une magnifique robe ajust\u00e9e et \u00e9vas\u00e9e qui incarne l&#039;\u00e9l\u00e9gance intemporelle avec une touche de modernit\u00e9. Cette robe en dentelle est dot\u00e9e d&#039;un d\u00e9collet\u00e9 licou chic qui flattera magnifiquement votre silhouette. L&#039;illusion du dos cr\u00e9e un effet de tatouage enchanteur qui laissera une impression durable lorsque vous descendrez l&#039;all\u00e9e.\" \/>\n<meta property=\"og:url\" content=\"https:\/\/www.koonings.com\/fr\/product\/le-papillon-by-modeca-ethera\/\" \/>\n<meta property=\"og:site_name\" content=\"Koonings\" \/>\n<meta property=\"article:publisher\" content=\"https:\/\/www.facebook.com\/kooningstheweddingpalace\" \/>\n<meta property=\"article:modified_time\" content=\"2026-02-03T19:16:47+00:00\" \/>\n<meta property=\"og:image\" content=\"https:\/\/www.koonings.com\/wp-content\/uploads\/2024\/11\/40345_8287afae3fdc280998b289822623df8676d91af01c5e20d9384dd0f7af4895878969e407.jpeg\" \/>\n\t<meta property=\"og:image:width\" content=\"834\" \/>\n\t<meta property=\"og:image:height\" content=\"1179\" \/>\n\t<meta property=\"og:image:type\" content=\"image\/jpeg\" \/>\n<meta name=\"twitter:card\" content=\"summary_large_image\" \/>\n<script type=\"application\/ld+json\" class=\"yoast-schema-graph\">{\"@context\":\"https:\\\/\\\/schema.org\",\"@graph\":[{\"@type\":\"WebPage\",\"@id\":\"https:\\\/\\\/www.koonings.com\\\/fr\\\/product\\\/le-papillon-by-modeca-ethera\\\/\",\"url\":\"https:\\\/\\\/www.koonings.com\\\/fr\\\/product\\\/le-papillon-by-modeca-ethera\\\/\",\"name\":\"Le Papillon par Modeca Ethera | Koonings\",\"isPartOf\":{\"@id\":\"https:\\\/\\\/www.koonings.com\\\/fr\\\/#website\"},\"primaryImageOfPage\":{\"@id\":\"https:\\\/\\\/www.koonings.com\\\/fr\\\/product\\\/le-papillon-by-modeca-ethera\\\/#primaryimage\"},\"image\":{\"@id\":\"https:\\\/\\\/www.koonings.com\\\/fr\\\/product\\\/le-papillon-by-modeca-ethera\\\/#primaryimage\"},\"thumbnailUrl\":\"https:\\\/\\\/www.koonings.com\\\/wp-content\\\/uploads\\\/2024\\\/11\\\/40345_8287afae3fdc280998b289822623df8676d91af01c5e20d9384dd0f7af4895878969e407.jpeg\",\"datePublished\":\"2025-12-14T23:28:49+00:00\",\"dateModified\":\"2026-02-03T19:16:47+00:00\",\"description\":\"Ethera est une magnifique robe ajust\u00e9e et \u00e9vas\u00e9e qui incarne l'\u00e9l\u00e9gance intemporelle avec une touche de modernit\u00e9. Cette robe en dentelle est dot\u00e9e d'un d\u00e9collet\u00e9 licou chic qui flattera magnifiquement votre silhouette. L'illusion du dos cr\u00e9e un effet de tatouage enchanteur qui laissera une impression durable lorsque vous descendrez l'all\u00e9e.\",\"breadcrumb\":{\"@id\":\"https:\\\/\\\/www.koonings.com\\\/fr\\\/product\\\/le-papillon-by-modeca-ethera\\\/#breadcrumb\"},\"inLanguage\":\"fr-FR\",\"potentialAction\":[{\"@type\":\"ReadAction\",\"target\":[\"https:\\\/\\\/www.koonings.com\\\/fr\\\/product\\\/le-papillon-by-modeca-ethera\\\/\"]}]},{\"@type\":\"ImageObject\",\"inLanguage\":\"fr-FR\",\"@id\":\"https:\\\/\\\/www.koonings.com\\\/fr\\\/product\\\/le-papillon-by-modeca-ethera\\\/#primaryimage\",\"url\":\"https:\\\/\\\/www.koonings.com\\\/wp-content\\\/uploads\\\/2024\\\/11\\\/40345_8287afae3fdc280998b289822623df8676d91af01c5e20d9384dd0f7af4895878969e407.jpeg\",\"contentUrl\":\"https:\\\/\\\/www.koonings.com\\\/wp-content\\\/uploads\\\/2024\\\/11\\\/40345_8287afae3fdc280998b289822623df8676d91af01c5e20d9384dd0f7af4895878969e407.jpeg\",\"width\":834,\"height\":1179},{\"@type\":\"BreadcrumbList\",\"@id\":\"https:\\\/\\\/www.koonings.com\\\/fr\\\/product\\\/le-papillon-by-modeca-ethera\\\/#breadcrumb\",\"itemListElement\":[{\"@type\":\"ListItem\",\"position\":1,\"name\":\"Home\",\"item\":\"https:\\\/\\\/www.koonings.com\\\/fr\\\/\"},{\"@type\":\"ListItem\",\"position\":2,\"name\":\"Le Papillon par Modeca Ethera\"}]},{\"@type\":\"WebSite\",\"@id\":\"https:\\\/\\\/www.koonings.com\\\/fr\\\/#website\",\"url\":\"https:\\\/\\\/www.koonings.com\\\/fr\\\/\",\"name\":\"Koonings\",\"description\":\"De grootste bruidsmodewinkel ter wereld\",\"publisher\":{\"@id\":\"https:\\\/\\\/www.koonings.com\\\/fr\\\/#organization\"},\"potentialAction\":[{\"@type\":\"SearchAction\",\"target\":{\"@type\":\"EntryPoint\",\"urlTemplate\":\"https:\\\/\\\/www.koonings.com\\\/fr\\\/?s={search_term_string}\"},\"query-input\":{\"@type\":\"PropertyValueSpecification\",\"valueRequired\":true,\"valueName\":\"search_term_string\"}}],\"inLanguage\":\"fr-FR\"},{\"@type\":\"Organization\",\"@id\":\"https:\\\/\\\/www.koonings.com\\\/fr\\\/#organization\",\"name\":\"Koonings\",\"url\":\"https:\\\/\\\/www.koonings.com\\\/fr\\\/\",\"logo\":{\"@type\":\"ImageObject\",\"inLanguage\":\"fr-FR\",\"@id\":\"https:\\\/\\\/www.koonings.com\\\/fr\\\/#\\\/schema\\\/logo\\\/image\\\/\",\"url\":\"https:\\\/\\\/www.koonings.com\\\/wp-content\\\/uploads\\\/2024\\\/07\\\/logo.png\",\"contentUrl\":\"https:\\\/\\\/www.koonings.com\\\/wp-content\\\/uploads\\\/2024\\\/07\\\/logo.png\",\"width\":600,\"height\":428,\"caption\":\"Koonings\"},\"image\":{\"@id\":\"https:\\\/\\\/www.koonings.com\\\/fr\\\/#\\\/schema\\\/logo\\\/image\\\/\"},\"sameAs\":[\"https:\\\/\\\/www.facebook.com\\\/kooningstheweddingpalace\",\"https:\\\/\\\/www.instagram.com\\\/kooningstheweddingpalace\",\"https:\\\/\\\/www.pinterest.com\\\/koonings\",\"https:\\\/\\\/www.youtube.com\\\/kooningstheweddingpalace\"]}]}<\/script>\n<!-- \/ Yoast SEO plugin. -->","yoast_head_json":{"title":"Le Papillon par Modeca Ethera | Koonings","description":"Ethera est une magnifique robe ajust\u00e9e et \u00e9vas\u00e9e qui incarne l'\u00e9l\u00e9gance intemporelle avec une touche de modernit\u00e9. Cette robe en dentelle est dot\u00e9e d'un d\u00e9collet\u00e9 licou chic qui flattera magnifiquement votre silhouette. L'illusion du dos cr\u00e9e un effet de tatouage enchanteur qui laissera une impression durable lorsque vous descendrez l'all\u00e9e.","robots":{"index":"index","follow":"follow","max-snippet":"max-snippet:-1","max-image-preview":"max-image-preview:large","max-video-preview":"max-video-preview:-1"},"canonical":"https:\/\/www.koonings.com\/fr\/product\/le-papillon-by-modeca-ethera\/","og_locale":"fr_FR","og_type":"article","og_title":"Le Papillon par Modeca Ethera | Koonings","og_description":"Ethera est une magnifique robe ajust\u00e9e et \u00e9vas\u00e9e qui incarne l'\u00e9l\u00e9gance intemporelle avec une touche de modernit\u00e9. Cette robe en dentelle est dot\u00e9e d'un d\u00e9collet\u00e9 licou chic qui flattera magnifiquement votre silhouette. L'illusion du dos cr\u00e9e un effet de tatouage enchanteur qui laissera une impression durable lorsque vous descendrez l'all\u00e9e.","og_url":"https:\/\/www.koonings.com\/fr\/product\/le-papillon-by-modeca-ethera\/","og_site_name":"Koonings","article_publisher":"https:\/\/www.facebook.com\/kooningstheweddingpalace","article_modified_time":"2026-02-03T19:16:47+00:00","og_image":[{"width":834,"height":1179,"url":"https:\/\/www.koonings.com\/wp-content\/uploads\/2024\/11\/40345_8287afae3fdc280998b289822623df8676d91af01c5e20d9384dd0f7af4895878969e407.jpeg","type":"image\/jpeg"}],"twitter_card":"summary_large_image","schema":{"@context":"https:\/\/schema.org","@graph":[{"@type":"WebPage","@id":"https:\/\/www.koonings.com\/fr\/product\/le-papillon-by-modeca-ethera\/","url":"https:\/\/www.koonings.com\/fr\/product\/le-papillon-by-modeca-ethera\/","name":"Le Papillon par Modeca Ethera | Koonings","isPartOf":{"@id":"https:\/\/www.koonings.com\/fr\/#website"},"primaryImageOfPage":{"@id":"https:\/\/www.koonings.com\/fr\/product\/le-papillon-by-modeca-ethera\/#primaryimage"},"image":{"@id":"https:\/\/www.koonings.com\/fr\/product\/le-papillon-by-modeca-ethera\/#primaryimage"},"thumbnailUrl":"https:\/\/www.koonings.com\/wp-content\/uploads\/2024\/11\/40345_8287afae3fdc280998b289822623df8676d91af01c5e20d9384dd0f7af4895878969e407.jpeg","datePublished":"2025-12-14T23:28:49+00:00","dateModified":"2026-02-03T19:16:47+00:00","description":"Ethera est une magnifique robe ajust\u00e9e et \u00e9vas\u00e9e qui incarne l'\u00e9l\u00e9gance intemporelle avec une touche de modernit\u00e9. Cette robe en dentelle est dot\u00e9e d'un d\u00e9collet\u00e9 licou chic qui flattera magnifiquement votre silhouette. L'illusion du dos cr\u00e9e un effet de tatouage enchanteur qui laissera une impression durable lorsque vous descendrez l'all\u00e9e.","breadcrumb":{"@id":"https:\/\/www.koonings.com\/fr\/product\/le-papillon-by-modeca-ethera\/#breadcrumb"},"inLanguage":"fr-FR","potentialAction":[{"@type":"ReadAction","target":["https:\/\/www.koonings.com\/fr\/product\/le-papillon-by-modeca-ethera\/"]}]},{"@type":"ImageObject","inLanguage":"fr-FR","@id":"https:\/\/www.koonings.com\/fr\/product\/le-papillon-by-modeca-ethera\/#primaryimage","url":"https:\/\/www.koonings.com\/wp-content\/uploads\/2024\/11\/40345_8287afae3fdc280998b289822623df8676d91af01c5e20d9384dd0f7af4895878969e407.jpeg","contentUrl":"https:\/\/www.koonings.com\/wp-content\/uploads\/2024\/11\/40345_8287afae3fdc280998b289822623df8676d91af01c5e20d9384dd0f7af4895878969e407.jpeg","width":834,"height":1179},{"@type":"BreadcrumbList","@id":"https:\/\/www.koonings.com\/fr\/product\/le-papillon-by-modeca-ethera\/#breadcrumb","itemListElement":[{"@type":"ListItem","position":1,"name":"Home","item":"https:\/\/www.koonings.com\/fr\/"},{"@type":"ListItem","position":2,"name":"Le Papillon par Modeca Ethera"}]},{"@type":"WebSite","@id":"https:\/\/www.koonings.com\/fr\/#website","url":"https:\/\/www.koonings.com\/fr\/","name":"Koonings","description":"De grootste bruidsmodewinkel ter wereld","publisher":{"@id":"https:\/\/www.koonings.com\/fr\/#organization"},"potentialAction":[{"@type":"SearchAction","target":{"@type":"EntryPoint","urlTemplate":"https:\/\/www.koonings.com\/fr\/?s={search_term_string}"},"query-input":{"@type":"PropertyValueSpecification","valueRequired":true,"valueName":"search_term_string"}}],"inLanguage":"fr-FR"},{"@type":"Organization","@id":"https:\/\/www.koonings.com\/fr\/#organization","name":"Koonings","url":"https:\/\/www.koonings.com\/fr\/","logo":{"@type":"ImageObject","inLanguage":"fr-FR","@id":"https:\/\/www.koonings.com\/fr\/#\/schema\/logo\/image\/","url":"https:\/\/www.koonings.com\/wp-content\/uploads\/2024\/07\/logo.png","contentUrl":"https:\/\/www.koonings.com\/wp-content\/uploads\/2024\/07\/logo.png","width":600,"height":428,"caption":"Koonings"},"image":{"@id":"https:\/\/www.koonings.com\/fr\/#\/schema\/logo\/image\/"},"sameAs":["https:\/\/www.facebook.com\/kooningstheweddingpalace","https:\/\/www.instagram.com\/kooningstheweddingpalace","https:\/\/www.pinterest.com\/koonings","https:\/\/www.youtube.com\/kooningstheweddingpalace"]}]}},"_links":{"self":[{"href":"https:\/\/www.koonings.com\/fr\/wp-json\/wp\/v2\/product\/80580","targetHints":{"allow":["GET"]}}],"collection":[{"href":"https:\/\/www.koonings.com\/fr\/wp-json\/wp\/v2\/product"}],"about":[{"href":"https:\/\/www.koonings.com\/fr\/wp-json\/wp\/v2\/types\/product"}],"wp:featuredmedia":[{"embeddable":true,"href":"https:\/\/www.koonings.com\/fr\/wp-json\/wp\/v2\/media\/76758"}],"wp:attachment":[{"href":"https:\/\/www.koonings.com\/fr\/wp-json\/wp\/v2\/media?parent=80580"}],"wp:term":[{"taxonomy":"productdetails","embeddable":true,"href":"https:\/\/www.koonings.com\/fr\/wp-json\/wp\/v2\/productdetails?post=80580"},{"taxonomy":"productneck","embeddable":true,"href":"https:\/\/www.koonings.com\/fr\/wp-json\/wp\/v2\/productneck?post=80580"},{"taxonomy":"productcolor","embeddable":true,"href":"https:\/\/www.koonings.com\/fr\/wp-json\/wp\/v2\/productcolor?post=80580"},{"taxonomy":"maat","embeddable":true,"href":"https:\/\/www.koonings.com\/fr\/wp-json\/wp\/v2\/maat?post=80580"},{"taxonomy":"productsupplier","embeddable":true,"href":"https:\/\/www.koonings.com\/fr\/wp-json\/wp\/v2\/productsupplier?post=80580"},{"taxonomy":"productsleeve","embeddable":true,"href":"https:\/\/www.koonings.com\/fr\/wp-json\/wp\/v2\/productsleeve?post=80580"},{"taxonomy":"productcategory","embeddable":true,"href":"https:\/\/www.koonings.com\/fr\/wp-json\/wp\/v2\/productcategory?post=80580"},{"taxonomy":"productsilhouette","embeddable":true,"href":"https:\/\/www.koonings.com\/fr\/wp-json\/wp\/v2\/productsilhouette?post=80580"},{"taxonomy":"productstyle","embeddable":true,"href":"https:\/\/www.koonings.com\/fr\/wp-json\/wp\/v2\/productstyle?post=80580"}],"curies":[{"name":"wp","href":"https:\/\/api.w.org\/{rel}","templated":true}]}}