{"id":80578,"date":"2026-04-28T18:18:03","date_gmt":"2026-04-28T16:18:03","guid":{"rendered":"https:\/\/www.koonings.com\/product\/le-papillon-by-modeca-eryss\/"},"modified":"2025-06-05T13:55:11","modified_gmt":"2025-06-05T11:55:11","slug":"le-papillon-by-modeca-eryss","status":"publish","type":"product","link":"https:\/\/www.koonings.com\/fr\/product\/le-papillon-by-modeca-eryss\/","title":{"rendered":"Le Papillon by Modeca Eryss"},"content":{"rendered":"<p>Eryss est une superbe robe de bal en mikado qui d\u00e9gage un glamour intemporel. L&#8217;encolure en forme de c\u0153ur met joliment en valeur votre d\u00e9collet\u00e9, tandis que le corsage, orn\u00e9 de dentelle \u00e0 paillettes, ajoute une touche d&#8217;enchantement. Mais l&#8217;attrait de la robe Eryss ne s&#8217;arr\u00eate pas l\u00e0 : des poches cach\u00e9es, discr\u00e8tement dissimul\u00e9es dans la jupe volumineuse, ajoutent une touche de modernit\u00e9 \u00e0 cette silhouette classique.  <\/p>\n","protected":false},"featured_media":76788,"template":"","meta":{"_acf_changed":false,"ghostkit_customizer_options":"","ghostkit_custom_css":"","ghostkit_custom_js_head":"","ghostkit_custom_js_foot":"","ghostkit_typography":""},"productdetails":[],"productneck":[354],"productcolor":[392],"maat":[],"productsupplier":[411],"productsleeve":[],"productcategory":[18],"productsilhouette":[384,388],"productstyle":[372,366],"class_list":["post-80578","product","type-product","status-publish","has-post-thumbnail","hentry","productneck-354","productcolor-392","productsupplier-le-papillon-by-modeca","productcategory-trouwjurken","productsilhouette-384","productsilhouette-388","productstyle-372","productstyle-366"],"acf":[],"yoast_head":"<!-- This site is optimized with the Yoast SEO plugin v27.3 - https:\/\/yoast.com\/product\/yoast-seo-wordpress\/ -->\n<title>Le Papillon by Modeca Eryss | Koonings<\/title>\n<meta name=\"description\" content=\"Eryss est une superbe robe de bal en mikado qui d\u00e9gage un glamour intemporel. L&#039;encolure en forme de c\u0153ur met joliment en valeur votre d\u00e9collet\u00e9, tandis que le corsage, orn\u00e9 de dentelle \u00e0 paillettes, ajoute une touche d&#039;enchantement. Mais l&#039;attrait de la robe Eryss ne s&#039;arr\u00eate pas l\u00e0 : des poches cach\u00e9es, discr\u00e8tement dissimul\u00e9es dans la jupe volumineuse, ajoutent une touche de modernit\u00e9 \u00e0 cette silhouette classique.\" \/>\n<meta name=\"robots\" content=\"index, follow, max-snippet:-1, max-image-preview:large, max-video-preview:-1\" \/>\n<link rel=\"canonical\" href=\"https:\/\/www.koonings.com\/fr\/product\/le-papillon-by-modeca-eryss\/\" \/>\n<meta property=\"og:locale\" content=\"fr_FR\" \/>\n<meta property=\"og:type\" content=\"article\" \/>\n<meta property=\"og:title\" content=\"Le Papillon by Modeca Eryss | Koonings\" \/>\n<meta property=\"og:description\" content=\"Eryss est une superbe robe de bal en mikado qui d\u00e9gage un glamour intemporel. L&#039;encolure en forme de c\u0153ur met joliment en valeur votre d\u00e9collet\u00e9, tandis que le corsage, orn\u00e9 de dentelle \u00e0 paillettes, ajoute une touche d&#039;enchantement. Mais l&#039;attrait de la robe Eryss ne s&#039;arr\u00eate pas l\u00e0 : des poches cach\u00e9es, discr\u00e8tement dissimul\u00e9es dans la jupe volumineuse, ajoutent une touche de modernit\u00e9 \u00e0 cette silhouette classique.\" \/>\n<meta property=\"og:url\" content=\"https:\/\/www.koonings.com\/fr\/product\/le-papillon-by-modeca-eryss\/\" \/>\n<meta property=\"og:site_name\" content=\"Koonings\" \/>\n<meta property=\"article:publisher\" content=\"https:\/\/www.facebook.com\/kooningstheweddingpalace\" \/>\n<meta property=\"og:image\" content=\"https:\/\/www.koonings.com\/wp-content\/uploads\/2024\/11\/40356_159982bf987113287ab57bdf278d04cf8ded76a70f8cdfc236f32ded0b5d155bfbb21185.jpeg\" \/>\n\t<meta property=\"og:image:width\" content=\"824\" \/>\n\t<meta property=\"og:image:height\" content=\"1164\" \/>\n\t<meta property=\"og:image:type\" content=\"image\/jpeg\" \/>\n<meta name=\"twitter:card\" content=\"summary_large_image\" \/>\n<script type=\"application\/ld+json\" class=\"yoast-schema-graph\">{\"@context\":\"https:\\\/\\\/schema.org\",\"@graph\":[{\"@type\":\"WebPage\",\"@id\":\"https:\\\/\\\/www.koonings.com\\\/fr\\\/product\\\/le-papillon-by-modeca-eryss\\\/\",\"url\":\"https:\\\/\\\/www.koonings.com\\\/fr\\\/product\\\/le-papillon-by-modeca-eryss\\\/\",\"name\":\"Le Papillon by Modeca Eryss | Koonings\",\"isPartOf\":{\"@id\":\"https:\\\/\\\/www.koonings.com\\\/fr\\\/#website\"},\"primaryImageOfPage\":{\"@id\":\"https:\\\/\\\/www.koonings.com\\\/fr\\\/product\\\/le-papillon-by-modeca-eryss\\\/#primaryimage\"},\"image\":{\"@id\":\"https:\\\/\\\/www.koonings.com\\\/fr\\\/product\\\/le-papillon-by-modeca-eryss\\\/#primaryimage\"},\"thumbnailUrl\":\"https:\\\/\\\/www.koonings.com\\\/wp-content\\\/uploads\\\/2024\\\/11\\\/40356_159982bf987113287ab57bdf278d04cf8ded76a70f8cdfc236f32ded0b5d155bfbb21185.jpeg\",\"datePublished\":\"2026-04-28T16:18:03+00:00\",\"description\":\"Eryss est une superbe robe de bal en mikado qui d\u00e9gage un glamour intemporel. L'encolure en forme de c\u0153ur met joliment en valeur votre d\u00e9collet\u00e9, tandis que le corsage, orn\u00e9 de dentelle \u00e0 paillettes, ajoute une touche d'enchantement. Mais l'attrait de la robe Eryss ne s'arr\u00eate pas l\u00e0 : des poches cach\u00e9es, discr\u00e8tement dissimul\u00e9es dans la jupe volumineuse, ajoutent une touche de modernit\u00e9 \u00e0 cette silhouette classique.\",\"breadcrumb\":{\"@id\":\"https:\\\/\\\/www.koonings.com\\\/fr\\\/product\\\/le-papillon-by-modeca-eryss\\\/#breadcrumb\"},\"inLanguage\":\"fr-FR\",\"potentialAction\":[{\"@type\":\"ReadAction\",\"target\":[\"https:\\\/\\\/www.koonings.com\\\/fr\\\/product\\\/le-papillon-by-modeca-eryss\\\/\"]}]},{\"@type\":\"ImageObject\",\"inLanguage\":\"fr-FR\",\"@id\":\"https:\\\/\\\/www.koonings.com\\\/fr\\\/product\\\/le-papillon-by-modeca-eryss\\\/#primaryimage\",\"url\":\"https:\\\/\\\/www.koonings.com\\\/wp-content\\\/uploads\\\/2024\\\/11\\\/40356_159982bf987113287ab57bdf278d04cf8ded76a70f8cdfc236f32ded0b5d155bfbb21185.jpeg\",\"contentUrl\":\"https:\\\/\\\/www.koonings.com\\\/wp-content\\\/uploads\\\/2024\\\/11\\\/40356_159982bf987113287ab57bdf278d04cf8ded76a70f8cdfc236f32ded0b5d155bfbb21185.jpeg\",\"width\":824,\"height\":1164},{\"@type\":\"BreadcrumbList\",\"@id\":\"https:\\\/\\\/www.koonings.com\\\/fr\\\/product\\\/le-papillon-by-modeca-eryss\\\/#breadcrumb\",\"itemListElement\":[{\"@type\":\"ListItem\",\"position\":1,\"name\":\"Home\",\"item\":\"https:\\\/\\\/www.koonings.com\\\/fr\\\/\"},{\"@type\":\"ListItem\",\"position\":2,\"name\":\"Le Papillon by Modeca Eryss\"}]},{\"@type\":\"WebSite\",\"@id\":\"https:\\\/\\\/www.koonings.com\\\/fr\\\/#website\",\"url\":\"https:\\\/\\\/www.koonings.com\\\/fr\\\/\",\"name\":\"Koonings\",\"description\":\"De grootste bruidsmodewinkel ter wereld\",\"publisher\":{\"@id\":\"https:\\\/\\\/www.koonings.com\\\/fr\\\/#organization\"},\"potentialAction\":[{\"@type\":\"SearchAction\",\"target\":{\"@type\":\"EntryPoint\",\"urlTemplate\":\"https:\\\/\\\/www.koonings.com\\\/fr\\\/?s={search_term_string}\"},\"query-input\":{\"@type\":\"PropertyValueSpecification\",\"valueRequired\":true,\"valueName\":\"search_term_string\"}}],\"inLanguage\":\"fr-FR\"},{\"@type\":\"Organization\",\"@id\":\"https:\\\/\\\/www.koonings.com\\\/fr\\\/#organization\",\"name\":\"Koonings\",\"url\":\"https:\\\/\\\/www.koonings.com\\\/fr\\\/\",\"logo\":{\"@type\":\"ImageObject\",\"inLanguage\":\"fr-FR\",\"@id\":\"https:\\\/\\\/www.koonings.com\\\/fr\\\/#\\\/schema\\\/logo\\\/image\\\/\",\"url\":\"https:\\\/\\\/www.koonings.com\\\/wp-content\\\/uploads\\\/2024\\\/07\\\/logo.png\",\"contentUrl\":\"https:\\\/\\\/www.koonings.com\\\/wp-content\\\/uploads\\\/2024\\\/07\\\/logo.png\",\"width\":600,\"height\":428,\"caption\":\"Koonings\"},\"image\":{\"@id\":\"https:\\\/\\\/www.koonings.com\\\/fr\\\/#\\\/schema\\\/logo\\\/image\\\/\"},\"sameAs\":[\"https:\\\/\\\/www.facebook.com\\\/kooningstheweddingpalace\",\"https:\\\/\\\/www.instagram.com\\\/kooningstheweddingpalace\",\"https:\\\/\\\/www.pinterest.com\\\/koonings\",\"https:\\\/\\\/www.youtube.com\\\/kooningstheweddingpalace\"]}]}<\/script>\n<!-- \/ Yoast SEO plugin. -->","yoast_head_json":{"title":"Le Papillon by Modeca Eryss | Koonings","description":"Eryss est une superbe robe de bal en mikado qui d\u00e9gage un glamour intemporel. L'encolure en forme de c\u0153ur met joliment en valeur votre d\u00e9collet\u00e9, tandis que le corsage, orn\u00e9 de dentelle \u00e0 paillettes, ajoute une touche d'enchantement. Mais l'attrait de la robe Eryss ne s'arr\u00eate pas l\u00e0 : des poches cach\u00e9es, discr\u00e8tement dissimul\u00e9es dans la jupe volumineuse, ajoutent une touche de modernit\u00e9 \u00e0 cette silhouette classique.","robots":{"index":"index","follow":"follow","max-snippet":"max-snippet:-1","max-image-preview":"max-image-preview:large","max-video-preview":"max-video-preview:-1"},"canonical":"https:\/\/www.koonings.com\/fr\/product\/le-papillon-by-modeca-eryss\/","og_locale":"fr_FR","og_type":"article","og_title":"Le Papillon by Modeca Eryss | Koonings","og_description":"Eryss est une superbe robe de bal en mikado qui d\u00e9gage un glamour intemporel. L'encolure en forme de c\u0153ur met joliment en valeur votre d\u00e9collet\u00e9, tandis que le corsage, orn\u00e9 de dentelle \u00e0 paillettes, ajoute une touche d'enchantement. Mais l'attrait de la robe Eryss ne s'arr\u00eate pas l\u00e0 : des poches cach\u00e9es, discr\u00e8tement dissimul\u00e9es dans la jupe volumineuse, ajoutent une touche de modernit\u00e9 \u00e0 cette silhouette classique.","og_url":"https:\/\/www.koonings.com\/fr\/product\/le-papillon-by-modeca-eryss\/","og_site_name":"Koonings","article_publisher":"https:\/\/www.facebook.com\/kooningstheweddingpalace","og_image":[{"width":824,"height":1164,"url":"https:\/\/www.koonings.com\/wp-content\/uploads\/2024\/11\/40356_159982bf987113287ab57bdf278d04cf8ded76a70f8cdfc236f32ded0b5d155bfbb21185.jpeg","type":"image\/jpeg"}],"twitter_card":"summary_large_image","schema":{"@context":"https:\/\/schema.org","@graph":[{"@type":"WebPage","@id":"https:\/\/www.koonings.com\/fr\/product\/le-papillon-by-modeca-eryss\/","url":"https:\/\/www.koonings.com\/fr\/product\/le-papillon-by-modeca-eryss\/","name":"Le Papillon by Modeca Eryss | Koonings","isPartOf":{"@id":"https:\/\/www.koonings.com\/fr\/#website"},"primaryImageOfPage":{"@id":"https:\/\/www.koonings.com\/fr\/product\/le-papillon-by-modeca-eryss\/#primaryimage"},"image":{"@id":"https:\/\/www.koonings.com\/fr\/product\/le-papillon-by-modeca-eryss\/#primaryimage"},"thumbnailUrl":"https:\/\/www.koonings.com\/wp-content\/uploads\/2024\/11\/40356_159982bf987113287ab57bdf278d04cf8ded76a70f8cdfc236f32ded0b5d155bfbb21185.jpeg","datePublished":"2026-04-28T16:18:03+00:00","description":"Eryss est une superbe robe de bal en mikado qui d\u00e9gage un glamour intemporel. L'encolure en forme de c\u0153ur met joliment en valeur votre d\u00e9collet\u00e9, tandis que le corsage, orn\u00e9 de dentelle \u00e0 paillettes, ajoute une touche d'enchantement. Mais l'attrait de la robe Eryss ne s'arr\u00eate pas l\u00e0 : des poches cach\u00e9es, discr\u00e8tement dissimul\u00e9es dans la jupe volumineuse, ajoutent une touche de modernit\u00e9 \u00e0 cette silhouette classique.","breadcrumb":{"@id":"https:\/\/www.koonings.com\/fr\/product\/le-papillon-by-modeca-eryss\/#breadcrumb"},"inLanguage":"fr-FR","potentialAction":[{"@type":"ReadAction","target":["https:\/\/www.koonings.com\/fr\/product\/le-papillon-by-modeca-eryss\/"]}]},{"@type":"ImageObject","inLanguage":"fr-FR","@id":"https:\/\/www.koonings.com\/fr\/product\/le-papillon-by-modeca-eryss\/#primaryimage","url":"https:\/\/www.koonings.com\/wp-content\/uploads\/2024\/11\/40356_159982bf987113287ab57bdf278d04cf8ded76a70f8cdfc236f32ded0b5d155bfbb21185.jpeg","contentUrl":"https:\/\/www.koonings.com\/wp-content\/uploads\/2024\/11\/40356_159982bf987113287ab57bdf278d04cf8ded76a70f8cdfc236f32ded0b5d155bfbb21185.jpeg","width":824,"height":1164},{"@type":"BreadcrumbList","@id":"https:\/\/www.koonings.com\/fr\/product\/le-papillon-by-modeca-eryss\/#breadcrumb","itemListElement":[{"@type":"ListItem","position":1,"name":"Home","item":"https:\/\/www.koonings.com\/fr\/"},{"@type":"ListItem","position":2,"name":"Le Papillon by Modeca Eryss"}]},{"@type":"WebSite","@id":"https:\/\/www.koonings.com\/fr\/#website","url":"https:\/\/www.koonings.com\/fr\/","name":"Koonings","description":"De grootste bruidsmodewinkel ter wereld","publisher":{"@id":"https:\/\/www.koonings.com\/fr\/#organization"},"potentialAction":[{"@type":"SearchAction","target":{"@type":"EntryPoint","urlTemplate":"https:\/\/www.koonings.com\/fr\/?s={search_term_string}"},"query-input":{"@type":"PropertyValueSpecification","valueRequired":true,"valueName":"search_term_string"}}],"inLanguage":"fr-FR"},{"@type":"Organization","@id":"https:\/\/www.koonings.com\/fr\/#organization","name":"Koonings","url":"https:\/\/www.koonings.com\/fr\/","logo":{"@type":"ImageObject","inLanguage":"fr-FR","@id":"https:\/\/www.koonings.com\/fr\/#\/schema\/logo\/image\/","url":"https:\/\/www.koonings.com\/wp-content\/uploads\/2024\/07\/logo.png","contentUrl":"https:\/\/www.koonings.com\/wp-content\/uploads\/2024\/07\/logo.png","width":600,"height":428,"caption":"Koonings"},"image":{"@id":"https:\/\/www.koonings.com\/fr\/#\/schema\/logo\/image\/"},"sameAs":["https:\/\/www.facebook.com\/kooningstheweddingpalace","https:\/\/www.instagram.com\/kooningstheweddingpalace","https:\/\/www.pinterest.com\/koonings","https:\/\/www.youtube.com\/kooningstheweddingpalace"]}]}},"_links":{"self":[{"href":"https:\/\/www.koonings.com\/fr\/wp-json\/wp\/v2\/product\/80578","targetHints":{"allow":["GET"]}}],"collection":[{"href":"https:\/\/www.koonings.com\/fr\/wp-json\/wp\/v2\/product"}],"about":[{"href":"https:\/\/www.koonings.com\/fr\/wp-json\/wp\/v2\/types\/product"}],"wp:featuredmedia":[{"embeddable":true,"href":"https:\/\/www.koonings.com\/fr\/wp-json\/wp\/v2\/media\/76788"}],"wp:attachment":[{"href":"https:\/\/www.koonings.com\/fr\/wp-json\/wp\/v2\/media?parent=80578"}],"wp:term":[{"taxonomy":"productdetails","embeddable":true,"href":"https:\/\/www.koonings.com\/fr\/wp-json\/wp\/v2\/productdetails?post=80578"},{"taxonomy":"productneck","embeddable":true,"href":"https:\/\/www.koonings.com\/fr\/wp-json\/wp\/v2\/productneck?post=80578"},{"taxonomy":"productcolor","embeddable":true,"href":"https:\/\/www.koonings.com\/fr\/wp-json\/wp\/v2\/productcolor?post=80578"},{"taxonomy":"maat","embeddable":true,"href":"https:\/\/www.koonings.com\/fr\/wp-json\/wp\/v2\/maat?post=80578"},{"taxonomy":"productsupplier","embeddable":true,"href":"https:\/\/www.koonings.com\/fr\/wp-json\/wp\/v2\/productsupplier?post=80578"},{"taxonomy":"productsleeve","embeddable":true,"href":"https:\/\/www.koonings.com\/fr\/wp-json\/wp\/v2\/productsleeve?post=80578"},{"taxonomy":"productcategory","embeddable":true,"href":"https:\/\/www.koonings.com\/fr\/wp-json\/wp\/v2\/productcategory?post=80578"},{"taxonomy":"productsilhouette","embeddable":true,"href":"https:\/\/www.koonings.com\/fr\/wp-json\/wp\/v2\/productsilhouette?post=80578"},{"taxonomy":"productstyle","embeddable":true,"href":"https:\/\/www.koonings.com\/fr\/wp-json\/wp\/v2\/productstyle?post=80578"}],"curies":[{"name":"wp","href":"https:\/\/api.w.org\/{rel}","templated":true}]}}