{"id":80569,"date":"2026-04-14T16:18:43","date_gmt":"2026-04-14T14:18:43","guid":{"rendered":"https:\/\/www.koonings.com\/product\/le-papillon-by-modeca-emmy\/"},"modified":"2025-06-05T13:55:21","modified_gmt":"2025-06-05T11:55:21","slug":"le-papillon-by-modeca-emmy","status":"publish","type":"product","link":"https:\/\/www.koonings.com\/fr\/product\/le-papillon-by-modeca-emmy\/","title":{"rendered":"Le Papillon by Modeca Emmy"},"content":{"rendered":"<p>Emmy est une ravissante robe ajust\u00e9e et \u00e9vas\u00e9e, con\u00e7ue pour captiver par son \u00e9l\u00e9gance discr\u00e8te et son charme moderne. Le corsage est subtilement orn\u00e9 de dentelle complexe et de paillettes scintillantes, ajoutant une touche d&#8217;\u00e9clat \u00e0 ce look. Les manches en dentelle transparente ajoutent une touche subtile mais enchanteresse. Le dos illusion, orn\u00e9 d&#8217;une rang\u00e9e de boutons, ajoute une touche de drame et de sophistication \u00e0 cette robe.   <\/p>\n","protected":false},"featured_media":76819,"template":"","meta":{"_acf_changed":false,"ghostkit_customizer_options":"","ghostkit_custom_css":"","ghostkit_custom_js_head":"","ghostkit_custom_js_foot":"","ghostkit_typography":""},"productdetails":[376],"productneck":[350],"productcolor":[392],"maat":[],"productsupplier":[411],"productsleeve":[362],"productcategory":[18],"productsilhouette":[387,389],"productstyle":[366,370],"class_list":["post-80569","product","type-product","status-publish","has-post-thumbnail","hentry","productdetails-376","productneck-350","productcolor-392","productsupplier-le-papillon-by-modeca","productsleeve-362","productcategory-trouwjurken","productsilhouette-387","productsilhouette-389","productstyle-366","productstyle-370"],"acf":[],"yoast_head":"<!-- This site is optimized with the Yoast SEO plugin v27.3 - https:\/\/yoast.com\/product\/yoast-seo-wordpress\/ -->\n<title>Le Papillon by Modeca Emmy | Koonings<\/title>\n<meta name=\"description\" content=\"Emmy est une ravissante robe ajust\u00e9e et \u00e9vas\u00e9e, con\u00e7ue pour captiver par son \u00e9l\u00e9gance discr\u00e8te et son charme moderne. Le corsage est subtilement orn\u00e9 de dentelle complexe et de paillettes scintillantes, ajoutant une touche d&#039;\u00e9clat \u00e0 ce look. Les manches en dentelle transparente ajoutent une touche subtile mais enchanteresse. Le dos illusion, orn\u00e9 d&#039;une rang\u00e9e de boutons, ajoute une touche de drame et de sophistication \u00e0 cette robe.\" \/>\n<meta name=\"robots\" content=\"index, follow, max-snippet:-1, max-image-preview:large, max-video-preview:-1\" \/>\n<link rel=\"canonical\" href=\"https:\/\/www.koonings.com\/fr\/product\/le-papillon-by-modeca-emmy\/\" \/>\n<meta property=\"og:locale\" content=\"fr_FR\" \/>\n<meta property=\"og:type\" content=\"article\" \/>\n<meta property=\"og:title\" content=\"Le Papillon by Modeca Emmy | Koonings\" \/>\n<meta property=\"og:description\" content=\"Emmy est une ravissante robe ajust\u00e9e et \u00e9vas\u00e9e, con\u00e7ue pour captiver par son \u00e9l\u00e9gance discr\u00e8te et son charme moderne. Le corsage est subtilement orn\u00e9 de dentelle complexe et de paillettes scintillantes, ajoutant une touche d&#039;\u00e9clat \u00e0 ce look. Les manches en dentelle transparente ajoutent une touche subtile mais enchanteresse. Le dos illusion, orn\u00e9 d&#039;une rang\u00e9e de boutons, ajoute une touche de drame et de sophistication \u00e0 cette robe.\" \/>\n<meta property=\"og:url\" content=\"https:\/\/www.koonings.com\/fr\/product\/le-papillon-by-modeca-emmy\/\" \/>\n<meta property=\"og:site_name\" content=\"Koonings\" \/>\n<meta property=\"article:publisher\" content=\"https:\/\/www.facebook.com\/kooningstheweddingpalace\" \/>\n<meta property=\"og:image\" content=\"https:\/\/www.koonings.com\/wp-content\/uploads\/2024\/11\/40380_cd64e1da2f56898446f1332fb8b78fab7cf527b500eda0767a8828d8a5110134d4fccd0f.jpeg\" \/>\n\t<meta property=\"og:image:width\" content=\"721\" \/>\n\t<meta property=\"og:image:height\" content=\"1018\" \/>\n\t<meta property=\"og:image:type\" content=\"image\/jpeg\" \/>\n<meta name=\"twitter:card\" content=\"summary_large_image\" \/>\n<script type=\"application\/ld+json\" class=\"yoast-schema-graph\">{\"@context\":\"https:\\\/\\\/schema.org\",\"@graph\":[{\"@type\":\"WebPage\",\"@id\":\"https:\\\/\\\/www.koonings.com\\\/fr\\\/product\\\/le-papillon-by-modeca-emmy\\\/\",\"url\":\"https:\\\/\\\/www.koonings.com\\\/fr\\\/product\\\/le-papillon-by-modeca-emmy\\\/\",\"name\":\"Le Papillon by Modeca Emmy | Koonings\",\"isPartOf\":{\"@id\":\"https:\\\/\\\/www.koonings.com\\\/fr\\\/#website\"},\"primaryImageOfPage\":{\"@id\":\"https:\\\/\\\/www.koonings.com\\\/fr\\\/product\\\/le-papillon-by-modeca-emmy\\\/#primaryimage\"},\"image\":{\"@id\":\"https:\\\/\\\/www.koonings.com\\\/fr\\\/product\\\/le-papillon-by-modeca-emmy\\\/#primaryimage\"},\"thumbnailUrl\":\"https:\\\/\\\/www.koonings.com\\\/wp-content\\\/uploads\\\/2024\\\/11\\\/40380_cd64e1da2f56898446f1332fb8b78fab7cf527b500eda0767a8828d8a5110134d4fccd0f.jpeg\",\"datePublished\":\"2026-04-14T14:18:43+00:00\",\"description\":\"Emmy est une ravissante robe ajust\u00e9e et \u00e9vas\u00e9e, con\u00e7ue pour captiver par son \u00e9l\u00e9gance discr\u00e8te et son charme moderne. Le corsage est subtilement orn\u00e9 de dentelle complexe et de paillettes scintillantes, ajoutant une touche d'\u00e9clat \u00e0 ce look. Les manches en dentelle transparente ajoutent une touche subtile mais enchanteresse. Le dos illusion, orn\u00e9 d'une rang\u00e9e de boutons, ajoute une touche de drame et de sophistication \u00e0 cette robe.\",\"breadcrumb\":{\"@id\":\"https:\\\/\\\/www.koonings.com\\\/fr\\\/product\\\/le-papillon-by-modeca-emmy\\\/#breadcrumb\"},\"inLanguage\":\"fr-FR\",\"potentialAction\":[{\"@type\":\"ReadAction\",\"target\":[\"https:\\\/\\\/www.koonings.com\\\/fr\\\/product\\\/le-papillon-by-modeca-emmy\\\/\"]}]},{\"@type\":\"ImageObject\",\"inLanguage\":\"fr-FR\",\"@id\":\"https:\\\/\\\/www.koonings.com\\\/fr\\\/product\\\/le-papillon-by-modeca-emmy\\\/#primaryimage\",\"url\":\"https:\\\/\\\/www.koonings.com\\\/wp-content\\\/uploads\\\/2024\\\/11\\\/40380_cd64e1da2f56898446f1332fb8b78fab7cf527b500eda0767a8828d8a5110134d4fccd0f.jpeg\",\"contentUrl\":\"https:\\\/\\\/www.koonings.com\\\/wp-content\\\/uploads\\\/2024\\\/11\\\/40380_cd64e1da2f56898446f1332fb8b78fab7cf527b500eda0767a8828d8a5110134d4fccd0f.jpeg\",\"width\":721,\"height\":1018},{\"@type\":\"BreadcrumbList\",\"@id\":\"https:\\\/\\\/www.koonings.com\\\/fr\\\/product\\\/le-papillon-by-modeca-emmy\\\/#breadcrumb\",\"itemListElement\":[{\"@type\":\"ListItem\",\"position\":1,\"name\":\"Home\",\"item\":\"https:\\\/\\\/www.koonings.com\\\/fr\\\/\"},{\"@type\":\"ListItem\",\"position\":2,\"name\":\"Le Papillon by Modeca Emmy\"}]},{\"@type\":\"WebSite\",\"@id\":\"https:\\\/\\\/www.koonings.com\\\/fr\\\/#website\",\"url\":\"https:\\\/\\\/www.koonings.com\\\/fr\\\/\",\"name\":\"Koonings\",\"description\":\"De grootste bruidsmodewinkel ter wereld\",\"publisher\":{\"@id\":\"https:\\\/\\\/www.koonings.com\\\/fr\\\/#organization\"},\"potentialAction\":[{\"@type\":\"SearchAction\",\"target\":{\"@type\":\"EntryPoint\",\"urlTemplate\":\"https:\\\/\\\/www.koonings.com\\\/fr\\\/?s={search_term_string}\"},\"query-input\":{\"@type\":\"PropertyValueSpecification\",\"valueRequired\":true,\"valueName\":\"search_term_string\"}}],\"inLanguage\":\"fr-FR\"},{\"@type\":\"Organization\",\"@id\":\"https:\\\/\\\/www.koonings.com\\\/fr\\\/#organization\",\"name\":\"Koonings\",\"url\":\"https:\\\/\\\/www.koonings.com\\\/fr\\\/\",\"logo\":{\"@type\":\"ImageObject\",\"inLanguage\":\"fr-FR\",\"@id\":\"https:\\\/\\\/www.koonings.com\\\/fr\\\/#\\\/schema\\\/logo\\\/image\\\/\",\"url\":\"https:\\\/\\\/www.koonings.com\\\/wp-content\\\/uploads\\\/2024\\\/07\\\/logo.png\",\"contentUrl\":\"https:\\\/\\\/www.koonings.com\\\/wp-content\\\/uploads\\\/2024\\\/07\\\/logo.png\",\"width\":600,\"height\":428,\"caption\":\"Koonings\"},\"image\":{\"@id\":\"https:\\\/\\\/www.koonings.com\\\/fr\\\/#\\\/schema\\\/logo\\\/image\\\/\"},\"sameAs\":[\"https:\\\/\\\/www.facebook.com\\\/kooningstheweddingpalace\",\"https:\\\/\\\/www.instagram.com\\\/kooningstheweddingpalace\",\"https:\\\/\\\/www.pinterest.com\\\/koonings\",\"https:\\\/\\\/www.youtube.com\\\/kooningstheweddingpalace\"]}]}<\/script>\n<!-- \/ Yoast SEO plugin. -->","yoast_head_json":{"title":"Le Papillon by Modeca Emmy | Koonings","description":"Emmy est une ravissante robe ajust\u00e9e et \u00e9vas\u00e9e, con\u00e7ue pour captiver par son \u00e9l\u00e9gance discr\u00e8te et son charme moderne. Le corsage est subtilement orn\u00e9 de dentelle complexe et de paillettes scintillantes, ajoutant une touche d'\u00e9clat \u00e0 ce look. Les manches en dentelle transparente ajoutent une touche subtile mais enchanteresse. Le dos illusion, orn\u00e9 d'une rang\u00e9e de boutons, ajoute une touche de drame et de sophistication \u00e0 cette robe.","robots":{"index":"index","follow":"follow","max-snippet":"max-snippet:-1","max-image-preview":"max-image-preview:large","max-video-preview":"max-video-preview:-1"},"canonical":"https:\/\/www.koonings.com\/fr\/product\/le-papillon-by-modeca-emmy\/","og_locale":"fr_FR","og_type":"article","og_title":"Le Papillon by Modeca Emmy | Koonings","og_description":"Emmy est une ravissante robe ajust\u00e9e et \u00e9vas\u00e9e, con\u00e7ue pour captiver par son \u00e9l\u00e9gance discr\u00e8te et son charme moderne. Le corsage est subtilement orn\u00e9 de dentelle complexe et de paillettes scintillantes, ajoutant une touche d'\u00e9clat \u00e0 ce look. Les manches en dentelle transparente ajoutent une touche subtile mais enchanteresse. Le dos illusion, orn\u00e9 d'une rang\u00e9e de boutons, ajoute une touche de drame et de sophistication \u00e0 cette robe.","og_url":"https:\/\/www.koonings.com\/fr\/product\/le-papillon-by-modeca-emmy\/","og_site_name":"Koonings","article_publisher":"https:\/\/www.facebook.com\/kooningstheweddingpalace","og_image":[{"width":721,"height":1018,"url":"https:\/\/www.koonings.com\/wp-content\/uploads\/2024\/11\/40380_cd64e1da2f56898446f1332fb8b78fab7cf527b500eda0767a8828d8a5110134d4fccd0f.jpeg","type":"image\/jpeg"}],"twitter_card":"summary_large_image","schema":{"@context":"https:\/\/schema.org","@graph":[{"@type":"WebPage","@id":"https:\/\/www.koonings.com\/fr\/product\/le-papillon-by-modeca-emmy\/","url":"https:\/\/www.koonings.com\/fr\/product\/le-papillon-by-modeca-emmy\/","name":"Le Papillon by Modeca Emmy | Koonings","isPartOf":{"@id":"https:\/\/www.koonings.com\/fr\/#website"},"primaryImageOfPage":{"@id":"https:\/\/www.koonings.com\/fr\/product\/le-papillon-by-modeca-emmy\/#primaryimage"},"image":{"@id":"https:\/\/www.koonings.com\/fr\/product\/le-papillon-by-modeca-emmy\/#primaryimage"},"thumbnailUrl":"https:\/\/www.koonings.com\/wp-content\/uploads\/2024\/11\/40380_cd64e1da2f56898446f1332fb8b78fab7cf527b500eda0767a8828d8a5110134d4fccd0f.jpeg","datePublished":"2026-04-14T14:18:43+00:00","description":"Emmy est une ravissante robe ajust\u00e9e et \u00e9vas\u00e9e, con\u00e7ue pour captiver par son \u00e9l\u00e9gance discr\u00e8te et son charme moderne. Le corsage est subtilement orn\u00e9 de dentelle complexe et de paillettes scintillantes, ajoutant une touche d'\u00e9clat \u00e0 ce look. Les manches en dentelle transparente ajoutent une touche subtile mais enchanteresse. Le dos illusion, orn\u00e9 d'une rang\u00e9e de boutons, ajoute une touche de drame et de sophistication \u00e0 cette robe.","breadcrumb":{"@id":"https:\/\/www.koonings.com\/fr\/product\/le-papillon-by-modeca-emmy\/#breadcrumb"},"inLanguage":"fr-FR","potentialAction":[{"@type":"ReadAction","target":["https:\/\/www.koonings.com\/fr\/product\/le-papillon-by-modeca-emmy\/"]}]},{"@type":"ImageObject","inLanguage":"fr-FR","@id":"https:\/\/www.koonings.com\/fr\/product\/le-papillon-by-modeca-emmy\/#primaryimage","url":"https:\/\/www.koonings.com\/wp-content\/uploads\/2024\/11\/40380_cd64e1da2f56898446f1332fb8b78fab7cf527b500eda0767a8828d8a5110134d4fccd0f.jpeg","contentUrl":"https:\/\/www.koonings.com\/wp-content\/uploads\/2024\/11\/40380_cd64e1da2f56898446f1332fb8b78fab7cf527b500eda0767a8828d8a5110134d4fccd0f.jpeg","width":721,"height":1018},{"@type":"BreadcrumbList","@id":"https:\/\/www.koonings.com\/fr\/product\/le-papillon-by-modeca-emmy\/#breadcrumb","itemListElement":[{"@type":"ListItem","position":1,"name":"Home","item":"https:\/\/www.koonings.com\/fr\/"},{"@type":"ListItem","position":2,"name":"Le Papillon by Modeca Emmy"}]},{"@type":"WebSite","@id":"https:\/\/www.koonings.com\/fr\/#website","url":"https:\/\/www.koonings.com\/fr\/","name":"Koonings","description":"De grootste bruidsmodewinkel ter wereld","publisher":{"@id":"https:\/\/www.koonings.com\/fr\/#organization"},"potentialAction":[{"@type":"SearchAction","target":{"@type":"EntryPoint","urlTemplate":"https:\/\/www.koonings.com\/fr\/?s={search_term_string}"},"query-input":{"@type":"PropertyValueSpecification","valueRequired":true,"valueName":"search_term_string"}}],"inLanguage":"fr-FR"},{"@type":"Organization","@id":"https:\/\/www.koonings.com\/fr\/#organization","name":"Koonings","url":"https:\/\/www.koonings.com\/fr\/","logo":{"@type":"ImageObject","inLanguage":"fr-FR","@id":"https:\/\/www.koonings.com\/fr\/#\/schema\/logo\/image\/","url":"https:\/\/www.koonings.com\/wp-content\/uploads\/2024\/07\/logo.png","contentUrl":"https:\/\/www.koonings.com\/wp-content\/uploads\/2024\/07\/logo.png","width":600,"height":428,"caption":"Koonings"},"image":{"@id":"https:\/\/www.koonings.com\/fr\/#\/schema\/logo\/image\/"},"sameAs":["https:\/\/www.facebook.com\/kooningstheweddingpalace","https:\/\/www.instagram.com\/kooningstheweddingpalace","https:\/\/www.pinterest.com\/koonings","https:\/\/www.youtube.com\/kooningstheweddingpalace"]}]}},"_links":{"self":[{"href":"https:\/\/www.koonings.com\/fr\/wp-json\/wp\/v2\/product\/80569","targetHints":{"allow":["GET"]}}],"collection":[{"href":"https:\/\/www.koonings.com\/fr\/wp-json\/wp\/v2\/product"}],"about":[{"href":"https:\/\/www.koonings.com\/fr\/wp-json\/wp\/v2\/types\/product"}],"wp:featuredmedia":[{"embeddable":true,"href":"https:\/\/www.koonings.com\/fr\/wp-json\/wp\/v2\/media\/76819"}],"wp:attachment":[{"href":"https:\/\/www.koonings.com\/fr\/wp-json\/wp\/v2\/media?parent=80569"}],"wp:term":[{"taxonomy":"productdetails","embeddable":true,"href":"https:\/\/www.koonings.com\/fr\/wp-json\/wp\/v2\/productdetails?post=80569"},{"taxonomy":"productneck","embeddable":true,"href":"https:\/\/www.koonings.com\/fr\/wp-json\/wp\/v2\/productneck?post=80569"},{"taxonomy":"productcolor","embeddable":true,"href":"https:\/\/www.koonings.com\/fr\/wp-json\/wp\/v2\/productcolor?post=80569"},{"taxonomy":"maat","embeddable":true,"href":"https:\/\/www.koonings.com\/fr\/wp-json\/wp\/v2\/maat?post=80569"},{"taxonomy":"productsupplier","embeddable":true,"href":"https:\/\/www.koonings.com\/fr\/wp-json\/wp\/v2\/productsupplier?post=80569"},{"taxonomy":"productsleeve","embeddable":true,"href":"https:\/\/www.koonings.com\/fr\/wp-json\/wp\/v2\/productsleeve?post=80569"},{"taxonomy":"productcategory","embeddable":true,"href":"https:\/\/www.koonings.com\/fr\/wp-json\/wp\/v2\/productcategory?post=80569"},{"taxonomy":"productsilhouette","embeddable":true,"href":"https:\/\/www.koonings.com\/fr\/wp-json\/wp\/v2\/productsilhouette?post=80569"},{"taxonomy":"productstyle","embeddable":true,"href":"https:\/\/www.koonings.com\/fr\/wp-json\/wp\/v2\/productstyle?post=80569"}],"curies":[{"name":"wp","href":"https:\/\/api.w.org\/{rel}","templated":true}]}}