{"id":80535,"date":"2026-04-28T18:16:41","date_gmt":"2026-04-28T16:16:41","guid":{"rendered":"https:\/\/www.koonings.com\/product\/muse-by-berta-24-p107\/"},"modified":"2025-06-05T13:53:33","modified_gmt":"2025-06-05T11:53:33","slug":"muse-by-berta-24-p107","status":"publish","type":"product","link":"https:\/\/www.koonings.com\/fr\/product\/muse-by-berta-24-p107\/","title":{"rendered":"Muse by Berta 24-P107"},"content":{"rendered":"<p>L&#8217;\u00e9poustouflante collection Berta &#8211; Priv\u00e9e, disponible chez Koonings The Wedding Palace, combine l&#8217;approche unique et audacieuse de Berta en mati\u00e8re de design nuptial avec une inspiration nuptiale intemporelle. Les silhouettes classiques sont rehauss\u00e9es de d\u00e9tails diaphanes, de dentelle sophistiqu\u00e9e et autres, cr\u00e9ant une ligne de robes de mari\u00e9e \u00e9tonnante et de haute qualit\u00e9 qui allie sans effort la mode moderne \u00e0 l&#8217;\u00e9l\u00e9gance traditionnelle. <\/p>\n","protected":false},"featured_media":76083,"template":"","meta":{"_acf_changed":false,"ghostkit_customizer_options":"","ghostkit_custom_css":"","ghostkit_custom_js_head":"","ghostkit_custom_js_foot":"","ghostkit_typography":""},"productdetails":[376],"productneck":[355],"productcolor":[392],"maat":[],"productsupplier":[399],"productsleeve":[359],"productcategory":[18],"productsilhouette":[389],"productstyle":[367,370],"class_list":["post-80535","product","type-product","status-publish","has-post-thumbnail","hentry","productdetails-376","productneck-355","productcolor-392","productsupplier-muse-by-berta","productsleeve-359","productcategory-trouwjurken","productsilhouette-389","productstyle-367","productstyle-370"],"acf":[],"yoast_head":"<!-- This site is optimized with the Yoast SEO plugin v27.3 - https:\/\/yoast.com\/product\/yoast-seo-wordpress\/ -->\n<title>Muse by Berta 24-P107 | Koonings<\/title>\n<meta name=\"description\" content=\"L&#039;\u00e9poustouflante collection Berta - Priv\u00e9e, disponible chez Koonings The Wedding Palace, combine l&#039;approche unique et audacieuse de Berta en mati\u00e8re de design nuptial avec une inspiration nuptiale intemporelle. Les silhouettes classiques sont rehauss\u00e9es de d\u00e9tails diaphanes, de dentelle sophistiqu\u00e9e et autres, cr\u00e9ant une ligne de robes de mari\u00e9e \u00e9tonnante et de haute qualit\u00e9 qui allie sans effort la mode moderne \u00e0 l&#039;\u00e9l\u00e9gance traditionnelle.\" \/>\n<meta name=\"robots\" content=\"index, follow, max-snippet:-1, max-image-preview:large, max-video-preview:-1\" \/>\n<link rel=\"canonical\" href=\"https:\/\/www.koonings.com\/fr\/product\/muse-by-berta-24-p107\/\" \/>\n<meta property=\"og:locale\" content=\"fr_FR\" \/>\n<meta property=\"og:type\" content=\"article\" \/>\n<meta property=\"og:title\" content=\"Muse by Berta 24-P107 | Koonings\" \/>\n<meta property=\"og:description\" content=\"L&#039;\u00e9poustouflante collection Berta - Priv\u00e9e, disponible chez Koonings The Wedding Palace, combine l&#039;approche unique et audacieuse de Berta en mati\u00e8re de design nuptial avec une inspiration nuptiale intemporelle. Les silhouettes classiques sont rehauss\u00e9es de d\u00e9tails diaphanes, de dentelle sophistiqu\u00e9e et autres, cr\u00e9ant une ligne de robes de mari\u00e9e \u00e9tonnante et de haute qualit\u00e9 qui allie sans effort la mode moderne \u00e0 l&#039;\u00e9l\u00e9gance traditionnelle.\" \/>\n<meta property=\"og:url\" content=\"https:\/\/www.koonings.com\/fr\/product\/muse-by-berta-24-p107\/\" \/>\n<meta property=\"og:site_name\" content=\"Koonings\" \/>\n<meta property=\"article:publisher\" content=\"https:\/\/www.facebook.com\/kooningstheweddingpalace\" \/>\n<meta property=\"og:image\" content=\"https:\/\/www.koonings.com\/wp-content\/uploads\/2024\/11\/40288_97007f13460e6ee3ced5678051176509fe7b78bb9babe1ebb44e2915a25af7e9ba18b9c1.jpeg\" \/>\n\t<meta property=\"og:image:width\" content=\"1250\" \/>\n\t<meta property=\"og:image:height\" content=\"1768\" \/>\n\t<meta property=\"og:image:type\" content=\"image\/jpeg\" \/>\n<meta name=\"twitter:card\" content=\"summary_large_image\" \/>\n<script type=\"application\/ld+json\" class=\"yoast-schema-graph\">{\"@context\":\"https:\\\/\\\/schema.org\",\"@graph\":[{\"@type\":\"WebPage\",\"@id\":\"https:\\\/\\\/www.koonings.com\\\/fr\\\/product\\\/muse-by-berta-24-p107\\\/\",\"url\":\"https:\\\/\\\/www.koonings.com\\\/fr\\\/product\\\/muse-by-berta-24-p107\\\/\",\"name\":\"Muse by Berta 24-P107 | Koonings\",\"isPartOf\":{\"@id\":\"https:\\\/\\\/www.koonings.com\\\/fr\\\/#website\"},\"primaryImageOfPage\":{\"@id\":\"https:\\\/\\\/www.koonings.com\\\/fr\\\/product\\\/muse-by-berta-24-p107\\\/#primaryimage\"},\"image\":{\"@id\":\"https:\\\/\\\/www.koonings.com\\\/fr\\\/product\\\/muse-by-berta-24-p107\\\/#primaryimage\"},\"thumbnailUrl\":\"https:\\\/\\\/www.koonings.com\\\/wp-content\\\/uploads\\\/2024\\\/11\\\/40288_97007f13460e6ee3ced5678051176509fe7b78bb9babe1ebb44e2915a25af7e9ba18b9c1.jpeg\",\"datePublished\":\"2026-04-28T16:16:41+00:00\",\"description\":\"L'\u00e9poustouflante collection Berta - Priv\u00e9e, disponible chez Koonings The Wedding Palace, combine l'approche unique et audacieuse de Berta en mati\u00e8re de design nuptial avec une inspiration nuptiale intemporelle. Les silhouettes classiques sont rehauss\u00e9es de d\u00e9tails diaphanes, de dentelle sophistiqu\u00e9e et autres, cr\u00e9ant une ligne de robes de mari\u00e9e \u00e9tonnante et de haute qualit\u00e9 qui allie sans effort la mode moderne \u00e0 l'\u00e9l\u00e9gance traditionnelle.\",\"breadcrumb\":{\"@id\":\"https:\\\/\\\/www.koonings.com\\\/fr\\\/product\\\/muse-by-berta-24-p107\\\/#breadcrumb\"},\"inLanguage\":\"fr-FR\",\"potentialAction\":[{\"@type\":\"ReadAction\",\"target\":[\"https:\\\/\\\/www.koonings.com\\\/fr\\\/product\\\/muse-by-berta-24-p107\\\/\"]}]},{\"@type\":\"ImageObject\",\"inLanguage\":\"fr-FR\",\"@id\":\"https:\\\/\\\/www.koonings.com\\\/fr\\\/product\\\/muse-by-berta-24-p107\\\/#primaryimage\",\"url\":\"https:\\\/\\\/www.koonings.com\\\/wp-content\\\/uploads\\\/2024\\\/11\\\/40288_97007f13460e6ee3ced5678051176509fe7b78bb9babe1ebb44e2915a25af7e9ba18b9c1.jpeg\",\"contentUrl\":\"https:\\\/\\\/www.koonings.com\\\/wp-content\\\/uploads\\\/2024\\\/11\\\/40288_97007f13460e6ee3ced5678051176509fe7b78bb9babe1ebb44e2915a25af7e9ba18b9c1.jpeg\",\"width\":1250,\"height\":1768},{\"@type\":\"BreadcrumbList\",\"@id\":\"https:\\\/\\\/www.koonings.com\\\/fr\\\/product\\\/muse-by-berta-24-p107\\\/#breadcrumb\",\"itemListElement\":[{\"@type\":\"ListItem\",\"position\":1,\"name\":\"Home\",\"item\":\"https:\\\/\\\/www.koonings.com\\\/fr\\\/\"},{\"@type\":\"ListItem\",\"position\":2,\"name\":\"Muse by Berta 24-P107\"}]},{\"@type\":\"WebSite\",\"@id\":\"https:\\\/\\\/www.koonings.com\\\/fr\\\/#website\",\"url\":\"https:\\\/\\\/www.koonings.com\\\/fr\\\/\",\"name\":\"Koonings\",\"description\":\"De grootste bruidsmodewinkel ter wereld\",\"publisher\":{\"@id\":\"https:\\\/\\\/www.koonings.com\\\/fr\\\/#organization\"},\"potentialAction\":[{\"@type\":\"SearchAction\",\"target\":{\"@type\":\"EntryPoint\",\"urlTemplate\":\"https:\\\/\\\/www.koonings.com\\\/fr\\\/?s={search_term_string}\"},\"query-input\":{\"@type\":\"PropertyValueSpecification\",\"valueRequired\":true,\"valueName\":\"search_term_string\"}}],\"inLanguage\":\"fr-FR\"},{\"@type\":\"Organization\",\"@id\":\"https:\\\/\\\/www.koonings.com\\\/fr\\\/#organization\",\"name\":\"Koonings\",\"url\":\"https:\\\/\\\/www.koonings.com\\\/fr\\\/\",\"logo\":{\"@type\":\"ImageObject\",\"inLanguage\":\"fr-FR\",\"@id\":\"https:\\\/\\\/www.koonings.com\\\/fr\\\/#\\\/schema\\\/logo\\\/image\\\/\",\"url\":\"https:\\\/\\\/www.koonings.com\\\/wp-content\\\/uploads\\\/2024\\\/07\\\/logo.png\",\"contentUrl\":\"https:\\\/\\\/www.koonings.com\\\/wp-content\\\/uploads\\\/2024\\\/07\\\/logo.png\",\"width\":600,\"height\":428,\"caption\":\"Koonings\"},\"image\":{\"@id\":\"https:\\\/\\\/www.koonings.com\\\/fr\\\/#\\\/schema\\\/logo\\\/image\\\/\"},\"sameAs\":[\"https:\\\/\\\/www.facebook.com\\\/kooningstheweddingpalace\",\"https:\\\/\\\/www.instagram.com\\\/kooningstheweddingpalace\",\"https:\\\/\\\/www.pinterest.com\\\/koonings\",\"https:\\\/\\\/www.youtube.com\\\/kooningstheweddingpalace\"]}]}<\/script>\n<!-- \/ Yoast SEO plugin. -->","yoast_head_json":{"title":"Muse by Berta 24-P107 | Koonings","description":"L'\u00e9poustouflante collection Berta - Priv\u00e9e, disponible chez Koonings The Wedding Palace, combine l'approche unique et audacieuse de Berta en mati\u00e8re de design nuptial avec une inspiration nuptiale intemporelle. Les silhouettes classiques sont rehauss\u00e9es de d\u00e9tails diaphanes, de dentelle sophistiqu\u00e9e et autres, cr\u00e9ant une ligne de robes de mari\u00e9e \u00e9tonnante et de haute qualit\u00e9 qui allie sans effort la mode moderne \u00e0 l'\u00e9l\u00e9gance traditionnelle.","robots":{"index":"index","follow":"follow","max-snippet":"max-snippet:-1","max-image-preview":"max-image-preview:large","max-video-preview":"max-video-preview:-1"},"canonical":"https:\/\/www.koonings.com\/fr\/product\/muse-by-berta-24-p107\/","og_locale":"fr_FR","og_type":"article","og_title":"Muse by Berta 24-P107 | Koonings","og_description":"L'\u00e9poustouflante collection Berta - Priv\u00e9e, disponible chez Koonings The Wedding Palace, combine l'approche unique et audacieuse de Berta en mati\u00e8re de design nuptial avec une inspiration nuptiale intemporelle. Les silhouettes classiques sont rehauss\u00e9es de d\u00e9tails diaphanes, de dentelle sophistiqu\u00e9e et autres, cr\u00e9ant une ligne de robes de mari\u00e9e \u00e9tonnante et de haute qualit\u00e9 qui allie sans effort la mode moderne \u00e0 l'\u00e9l\u00e9gance traditionnelle.","og_url":"https:\/\/www.koonings.com\/fr\/product\/muse-by-berta-24-p107\/","og_site_name":"Koonings","article_publisher":"https:\/\/www.facebook.com\/kooningstheweddingpalace","og_image":[{"width":1250,"height":1768,"url":"https:\/\/www.koonings.com\/wp-content\/uploads\/2024\/11\/40288_97007f13460e6ee3ced5678051176509fe7b78bb9babe1ebb44e2915a25af7e9ba18b9c1.jpeg","type":"image\/jpeg"}],"twitter_card":"summary_large_image","schema":{"@context":"https:\/\/schema.org","@graph":[{"@type":"WebPage","@id":"https:\/\/www.koonings.com\/fr\/product\/muse-by-berta-24-p107\/","url":"https:\/\/www.koonings.com\/fr\/product\/muse-by-berta-24-p107\/","name":"Muse by Berta 24-P107 | Koonings","isPartOf":{"@id":"https:\/\/www.koonings.com\/fr\/#website"},"primaryImageOfPage":{"@id":"https:\/\/www.koonings.com\/fr\/product\/muse-by-berta-24-p107\/#primaryimage"},"image":{"@id":"https:\/\/www.koonings.com\/fr\/product\/muse-by-berta-24-p107\/#primaryimage"},"thumbnailUrl":"https:\/\/www.koonings.com\/wp-content\/uploads\/2024\/11\/40288_97007f13460e6ee3ced5678051176509fe7b78bb9babe1ebb44e2915a25af7e9ba18b9c1.jpeg","datePublished":"2026-04-28T16:16:41+00:00","description":"L'\u00e9poustouflante collection Berta - Priv\u00e9e, disponible chez Koonings The Wedding Palace, combine l'approche unique et audacieuse de Berta en mati\u00e8re de design nuptial avec une inspiration nuptiale intemporelle. Les silhouettes classiques sont rehauss\u00e9es de d\u00e9tails diaphanes, de dentelle sophistiqu\u00e9e et autres, cr\u00e9ant une ligne de robes de mari\u00e9e \u00e9tonnante et de haute qualit\u00e9 qui allie sans effort la mode moderne \u00e0 l'\u00e9l\u00e9gance traditionnelle.","breadcrumb":{"@id":"https:\/\/www.koonings.com\/fr\/product\/muse-by-berta-24-p107\/#breadcrumb"},"inLanguage":"fr-FR","potentialAction":[{"@type":"ReadAction","target":["https:\/\/www.koonings.com\/fr\/product\/muse-by-berta-24-p107\/"]}]},{"@type":"ImageObject","inLanguage":"fr-FR","@id":"https:\/\/www.koonings.com\/fr\/product\/muse-by-berta-24-p107\/#primaryimage","url":"https:\/\/www.koonings.com\/wp-content\/uploads\/2024\/11\/40288_97007f13460e6ee3ced5678051176509fe7b78bb9babe1ebb44e2915a25af7e9ba18b9c1.jpeg","contentUrl":"https:\/\/www.koonings.com\/wp-content\/uploads\/2024\/11\/40288_97007f13460e6ee3ced5678051176509fe7b78bb9babe1ebb44e2915a25af7e9ba18b9c1.jpeg","width":1250,"height":1768},{"@type":"BreadcrumbList","@id":"https:\/\/www.koonings.com\/fr\/product\/muse-by-berta-24-p107\/#breadcrumb","itemListElement":[{"@type":"ListItem","position":1,"name":"Home","item":"https:\/\/www.koonings.com\/fr\/"},{"@type":"ListItem","position":2,"name":"Muse by Berta 24-P107"}]},{"@type":"WebSite","@id":"https:\/\/www.koonings.com\/fr\/#website","url":"https:\/\/www.koonings.com\/fr\/","name":"Koonings","description":"De grootste bruidsmodewinkel ter wereld","publisher":{"@id":"https:\/\/www.koonings.com\/fr\/#organization"},"potentialAction":[{"@type":"SearchAction","target":{"@type":"EntryPoint","urlTemplate":"https:\/\/www.koonings.com\/fr\/?s={search_term_string}"},"query-input":{"@type":"PropertyValueSpecification","valueRequired":true,"valueName":"search_term_string"}}],"inLanguage":"fr-FR"},{"@type":"Organization","@id":"https:\/\/www.koonings.com\/fr\/#organization","name":"Koonings","url":"https:\/\/www.koonings.com\/fr\/","logo":{"@type":"ImageObject","inLanguage":"fr-FR","@id":"https:\/\/www.koonings.com\/fr\/#\/schema\/logo\/image\/","url":"https:\/\/www.koonings.com\/wp-content\/uploads\/2024\/07\/logo.png","contentUrl":"https:\/\/www.koonings.com\/wp-content\/uploads\/2024\/07\/logo.png","width":600,"height":428,"caption":"Koonings"},"image":{"@id":"https:\/\/www.koonings.com\/fr\/#\/schema\/logo\/image\/"},"sameAs":["https:\/\/www.facebook.com\/kooningstheweddingpalace","https:\/\/www.instagram.com\/kooningstheweddingpalace","https:\/\/www.pinterest.com\/koonings","https:\/\/www.youtube.com\/kooningstheweddingpalace"]}]}},"_links":{"self":[{"href":"https:\/\/www.koonings.com\/fr\/wp-json\/wp\/v2\/product\/80535","targetHints":{"allow":["GET"]}}],"collection":[{"href":"https:\/\/www.koonings.com\/fr\/wp-json\/wp\/v2\/product"}],"about":[{"href":"https:\/\/www.koonings.com\/fr\/wp-json\/wp\/v2\/types\/product"}],"wp:featuredmedia":[{"embeddable":true,"href":"https:\/\/www.koonings.com\/fr\/wp-json\/wp\/v2\/media\/76083"}],"wp:attachment":[{"href":"https:\/\/www.koonings.com\/fr\/wp-json\/wp\/v2\/media?parent=80535"}],"wp:term":[{"taxonomy":"productdetails","embeddable":true,"href":"https:\/\/www.koonings.com\/fr\/wp-json\/wp\/v2\/productdetails?post=80535"},{"taxonomy":"productneck","embeddable":true,"href":"https:\/\/www.koonings.com\/fr\/wp-json\/wp\/v2\/productneck?post=80535"},{"taxonomy":"productcolor","embeddable":true,"href":"https:\/\/www.koonings.com\/fr\/wp-json\/wp\/v2\/productcolor?post=80535"},{"taxonomy":"maat","embeddable":true,"href":"https:\/\/www.koonings.com\/fr\/wp-json\/wp\/v2\/maat?post=80535"},{"taxonomy":"productsupplier","embeddable":true,"href":"https:\/\/www.koonings.com\/fr\/wp-json\/wp\/v2\/productsupplier?post=80535"},{"taxonomy":"productsleeve","embeddable":true,"href":"https:\/\/www.koonings.com\/fr\/wp-json\/wp\/v2\/productsleeve?post=80535"},{"taxonomy":"productcategory","embeddable":true,"href":"https:\/\/www.koonings.com\/fr\/wp-json\/wp\/v2\/productcategory?post=80535"},{"taxonomy":"productsilhouette","embeddable":true,"href":"https:\/\/www.koonings.com\/fr\/wp-json\/wp\/v2\/productsilhouette?post=80535"},{"taxonomy":"productstyle","embeddable":true,"href":"https:\/\/www.koonings.com\/fr\/wp-json\/wp\/v2\/productstyle?post=80535"}],"curies":[{"name":"wp","href":"https:\/\/api.w.org\/{rel}","templated":true}]}}