{"id":80521,"date":"2026-05-06T15:30:13","date_gmt":"2026-05-06T13:30:13","guid":{"rendered":"https:\/\/www.koonings.com\/product\/berta-bridal-25-08\/"},"modified":"2025-06-05T13:53:45","modified_gmt":"2025-06-05T11:53:45","slug":"berta-bridal-25-08","status":"publish","type":"product","link":"https:\/\/www.koonings.com\/fr\/product\/berta-bridal-25-08\/","title":{"rendered":"Berta Bridal 25-08"},"content":{"rendered":"<p>La collection 2025 Berta Bridal allie luxe sophistiqu\u00e9 et modernit\u00e9. Cette collection est connue pour ses designs audacieux, ses tissus somptueux et ses finitions d\u00e9taill\u00e9es. Chaque robe est une \u0153uvre d&#8217;art en soi, qu&#8217;il s&#8217;agisse des manches ou des tissus paillet\u00e9s \u00e0 couper le souffle. Les mari\u00e9es de Berta 2025 peuvent compter sur une \u00e9l\u00e9gance intemporelle avec une touche contemporaine, parfaite pour la femme qui veut se d\u00e9marquer le jour de son mariage. C&#8217;est le choix ultime pour la mari\u00e9e qui respire le style, le luxe et la confiance.    <\/p>\n","protected":false},"featured_media":76173,"template":"","meta":{"_acf_changed":false,"ghostkit_customizer_options":"","ghostkit_custom_css":"","ghostkit_custom_js_head":"","ghostkit_custom_js_foot":"","ghostkit_typography":""},"productdetails":[377],"productneck":[353,355],"productcolor":[392],"maat":[],"productsupplier":[463],"productsleeve":[359],"productcategory":[18],"productsilhouette":[384],"productstyle":[367,366],"class_list":["post-80521","product","type-product","status-publish","has-post-thumbnail","hentry","productdetails-377","productneck-353","productneck-355","productcolor-392","productsupplier-berta-bridal","productsleeve-359","productcategory-trouwjurken","productsilhouette-384","productstyle-367","productstyle-366"],"acf":[],"yoast_head":"<!-- This site is optimized with the Yoast SEO plugin v27.3 - https:\/\/yoast.com\/product\/yoast-seo-wordpress\/ -->\n<title>Berta Bridal 25-08 | Koonings<\/title>\n<meta name=\"description\" content=\"La collection 2025 Berta Bridal allie luxe sophistiqu\u00e9 et modernit\u00e9. Cette collection est connue pour ses designs audacieux, ses tissus somptueux et ses finitions d\u00e9taill\u00e9es. Chaque robe est une \u0153uvre d&#039;art en soi, qu&#039;il s&#039;agisse des manches ou des tissus paillet\u00e9s \u00e0 couper le souffle. Les mari\u00e9es de Berta 2025 peuvent compter sur une \u00e9l\u00e9gance intemporelle avec une touche contemporaine, parfaite pour la femme qui veut se d\u00e9marquer le jour de son mariage. C&#039;est le choix ultime pour la mari\u00e9e qui respire le style, le luxe et la confiance.\" \/>\n<meta name=\"robots\" content=\"index, follow, max-snippet:-1, max-image-preview:large, max-video-preview:-1\" \/>\n<link rel=\"canonical\" href=\"https:\/\/www.koonings.com\/fr\/product\/berta-bridal-25-08\/\" \/>\n<meta property=\"og:locale\" content=\"fr_FR\" \/>\n<meta property=\"og:type\" content=\"article\" \/>\n<meta property=\"og:title\" content=\"Berta Bridal 25-08 | Koonings\" \/>\n<meta property=\"og:description\" content=\"La collection 2025 Berta Bridal allie luxe sophistiqu\u00e9 et modernit\u00e9. Cette collection est connue pour ses designs audacieux, ses tissus somptueux et ses finitions d\u00e9taill\u00e9es. Chaque robe est une \u0153uvre d&#039;art en soi, qu&#039;il s&#039;agisse des manches ou des tissus paillet\u00e9s \u00e0 couper le souffle. Les mari\u00e9es de Berta 2025 peuvent compter sur une \u00e9l\u00e9gance intemporelle avec une touche contemporaine, parfaite pour la femme qui veut se d\u00e9marquer le jour de son mariage. C&#039;est le choix ultime pour la mari\u00e9e qui respire le style, le luxe et la confiance.\" \/>\n<meta property=\"og:url\" content=\"https:\/\/www.koonings.com\/fr\/product\/berta-bridal-25-08\/\" \/>\n<meta property=\"og:site_name\" content=\"Koonings\" \/>\n<meta property=\"article:publisher\" content=\"https:\/\/www.facebook.com\/kooningstheweddingpalace\" \/>\n<meta property=\"og:image\" content=\"https:\/\/www.koonings.com\/wp-content\/uploads\/2024\/11\/49294_ac89f74b44451be28d7db0906948bee90ee78d2755c85328b7163df8bf4d1cbb2a5d83df.jpeg\" \/>\n\t<meta property=\"og:image:width\" content=\"1080\" \/>\n\t<meta property=\"og:image:height\" content=\"1530\" \/>\n\t<meta property=\"og:image:type\" content=\"image\/jpeg\" \/>\n<meta name=\"twitter:card\" content=\"summary_large_image\" \/>\n<script type=\"application\/ld+json\" class=\"yoast-schema-graph\">{\"@context\":\"https:\\\/\\\/schema.org\",\"@graph\":[{\"@type\":\"WebPage\",\"@id\":\"https:\\\/\\\/www.koonings.com\\\/fr\\\/product\\\/berta-bridal-25-08\\\/\",\"url\":\"https:\\\/\\\/www.koonings.com\\\/fr\\\/product\\\/berta-bridal-25-08\\\/\",\"name\":\"Berta Bridal 25-08 | Koonings\",\"isPartOf\":{\"@id\":\"https:\\\/\\\/www.koonings.com\\\/fr\\\/#website\"},\"primaryImageOfPage\":{\"@id\":\"https:\\\/\\\/www.koonings.com\\\/fr\\\/product\\\/berta-bridal-25-08\\\/#primaryimage\"},\"image\":{\"@id\":\"https:\\\/\\\/www.koonings.com\\\/fr\\\/product\\\/berta-bridal-25-08\\\/#primaryimage\"},\"thumbnailUrl\":\"https:\\\/\\\/www.koonings.com\\\/wp-content\\\/uploads\\\/2024\\\/11\\\/49294_ac89f74b44451be28d7db0906948bee90ee78d2755c85328b7163df8bf4d1cbb2a5d83df.jpeg\",\"datePublished\":\"2026-05-06T13:30:13+00:00\",\"description\":\"La collection 2025 Berta Bridal allie luxe sophistiqu\u00e9 et modernit\u00e9. Cette collection est connue pour ses designs audacieux, ses tissus somptueux et ses finitions d\u00e9taill\u00e9es. Chaque robe est une \u0153uvre d'art en soi, qu'il s'agisse des manches ou des tissus paillet\u00e9s \u00e0 couper le souffle. Les mari\u00e9es de Berta 2025 peuvent compter sur une \u00e9l\u00e9gance intemporelle avec une touche contemporaine, parfaite pour la femme qui veut se d\u00e9marquer le jour de son mariage. C'est le choix ultime pour la mari\u00e9e qui respire le style, le luxe et la confiance.\",\"breadcrumb\":{\"@id\":\"https:\\\/\\\/www.koonings.com\\\/fr\\\/product\\\/berta-bridal-25-08\\\/#breadcrumb\"},\"inLanguage\":\"fr-FR\",\"potentialAction\":[{\"@type\":\"ReadAction\",\"target\":[\"https:\\\/\\\/www.koonings.com\\\/fr\\\/product\\\/berta-bridal-25-08\\\/\"]}]},{\"@type\":\"ImageObject\",\"inLanguage\":\"fr-FR\",\"@id\":\"https:\\\/\\\/www.koonings.com\\\/fr\\\/product\\\/berta-bridal-25-08\\\/#primaryimage\",\"url\":\"https:\\\/\\\/www.koonings.com\\\/wp-content\\\/uploads\\\/2024\\\/11\\\/49294_ac89f74b44451be28d7db0906948bee90ee78d2755c85328b7163df8bf4d1cbb2a5d83df.jpeg\",\"contentUrl\":\"https:\\\/\\\/www.koonings.com\\\/wp-content\\\/uploads\\\/2024\\\/11\\\/49294_ac89f74b44451be28d7db0906948bee90ee78d2755c85328b7163df8bf4d1cbb2a5d83df.jpeg\",\"width\":1080,\"height\":1530},{\"@type\":\"BreadcrumbList\",\"@id\":\"https:\\\/\\\/www.koonings.com\\\/fr\\\/product\\\/berta-bridal-25-08\\\/#breadcrumb\",\"itemListElement\":[{\"@type\":\"ListItem\",\"position\":1,\"name\":\"Home\",\"item\":\"https:\\\/\\\/www.koonings.com\\\/fr\\\/\"},{\"@type\":\"ListItem\",\"position\":2,\"name\":\"Berta Bridal 25-08\"}]},{\"@type\":\"WebSite\",\"@id\":\"https:\\\/\\\/www.koonings.com\\\/fr\\\/#website\",\"url\":\"https:\\\/\\\/www.koonings.com\\\/fr\\\/\",\"name\":\"Koonings\",\"description\":\"De grootste bruidsmodewinkel ter wereld\",\"publisher\":{\"@id\":\"https:\\\/\\\/www.koonings.com\\\/fr\\\/#organization\"},\"potentialAction\":[{\"@type\":\"SearchAction\",\"target\":{\"@type\":\"EntryPoint\",\"urlTemplate\":\"https:\\\/\\\/www.koonings.com\\\/fr\\\/?s={search_term_string}\"},\"query-input\":{\"@type\":\"PropertyValueSpecification\",\"valueRequired\":true,\"valueName\":\"search_term_string\"}}],\"inLanguage\":\"fr-FR\"},{\"@type\":\"Organization\",\"@id\":\"https:\\\/\\\/www.koonings.com\\\/fr\\\/#organization\",\"name\":\"Koonings\",\"url\":\"https:\\\/\\\/www.koonings.com\\\/fr\\\/\",\"logo\":{\"@type\":\"ImageObject\",\"inLanguage\":\"fr-FR\",\"@id\":\"https:\\\/\\\/www.koonings.com\\\/fr\\\/#\\\/schema\\\/logo\\\/image\\\/\",\"url\":\"https:\\\/\\\/www.koonings.com\\\/wp-content\\\/uploads\\\/2024\\\/07\\\/logo.png\",\"contentUrl\":\"https:\\\/\\\/www.koonings.com\\\/wp-content\\\/uploads\\\/2024\\\/07\\\/logo.png\",\"width\":600,\"height\":428,\"caption\":\"Koonings\"},\"image\":{\"@id\":\"https:\\\/\\\/www.koonings.com\\\/fr\\\/#\\\/schema\\\/logo\\\/image\\\/\"},\"sameAs\":[\"https:\\\/\\\/www.facebook.com\\\/kooningstheweddingpalace\",\"https:\\\/\\\/www.instagram.com\\\/kooningstheweddingpalace\",\"https:\\\/\\\/www.pinterest.com\\\/koonings\",\"https:\\\/\\\/www.youtube.com\\\/kooningstheweddingpalace\"]}]}<\/script>\n<!-- \/ Yoast SEO plugin. -->","yoast_head_json":{"title":"Berta Bridal 25-08 | Koonings","description":"La collection 2025 Berta Bridal allie luxe sophistiqu\u00e9 et modernit\u00e9. Cette collection est connue pour ses designs audacieux, ses tissus somptueux et ses finitions d\u00e9taill\u00e9es. Chaque robe est une \u0153uvre d'art en soi, qu'il s'agisse des manches ou des tissus paillet\u00e9s \u00e0 couper le souffle. Les mari\u00e9es de Berta 2025 peuvent compter sur une \u00e9l\u00e9gance intemporelle avec une touche contemporaine, parfaite pour la femme qui veut se d\u00e9marquer le jour de son mariage. C'est le choix ultime pour la mari\u00e9e qui respire le style, le luxe et la confiance.","robots":{"index":"index","follow":"follow","max-snippet":"max-snippet:-1","max-image-preview":"max-image-preview:large","max-video-preview":"max-video-preview:-1"},"canonical":"https:\/\/www.koonings.com\/fr\/product\/berta-bridal-25-08\/","og_locale":"fr_FR","og_type":"article","og_title":"Berta Bridal 25-08 | Koonings","og_description":"La collection 2025 Berta Bridal allie luxe sophistiqu\u00e9 et modernit\u00e9. Cette collection est connue pour ses designs audacieux, ses tissus somptueux et ses finitions d\u00e9taill\u00e9es. Chaque robe est une \u0153uvre d'art en soi, qu'il s'agisse des manches ou des tissus paillet\u00e9s \u00e0 couper le souffle. Les mari\u00e9es de Berta 2025 peuvent compter sur une \u00e9l\u00e9gance intemporelle avec une touche contemporaine, parfaite pour la femme qui veut se d\u00e9marquer le jour de son mariage. C'est le choix ultime pour la mari\u00e9e qui respire le style, le luxe et la confiance.","og_url":"https:\/\/www.koonings.com\/fr\/product\/berta-bridal-25-08\/","og_site_name":"Koonings","article_publisher":"https:\/\/www.facebook.com\/kooningstheweddingpalace","og_image":[{"width":1080,"height":1530,"url":"https:\/\/www.koonings.com\/wp-content\/uploads\/2024\/11\/49294_ac89f74b44451be28d7db0906948bee90ee78d2755c85328b7163df8bf4d1cbb2a5d83df.jpeg","type":"image\/jpeg"}],"twitter_card":"summary_large_image","schema":{"@context":"https:\/\/schema.org","@graph":[{"@type":"WebPage","@id":"https:\/\/www.koonings.com\/fr\/product\/berta-bridal-25-08\/","url":"https:\/\/www.koonings.com\/fr\/product\/berta-bridal-25-08\/","name":"Berta Bridal 25-08 | Koonings","isPartOf":{"@id":"https:\/\/www.koonings.com\/fr\/#website"},"primaryImageOfPage":{"@id":"https:\/\/www.koonings.com\/fr\/product\/berta-bridal-25-08\/#primaryimage"},"image":{"@id":"https:\/\/www.koonings.com\/fr\/product\/berta-bridal-25-08\/#primaryimage"},"thumbnailUrl":"https:\/\/www.koonings.com\/wp-content\/uploads\/2024\/11\/49294_ac89f74b44451be28d7db0906948bee90ee78d2755c85328b7163df8bf4d1cbb2a5d83df.jpeg","datePublished":"2026-05-06T13:30:13+00:00","description":"La collection 2025 Berta Bridal allie luxe sophistiqu\u00e9 et modernit\u00e9. Cette collection est connue pour ses designs audacieux, ses tissus somptueux et ses finitions d\u00e9taill\u00e9es. Chaque robe est une \u0153uvre d'art en soi, qu'il s'agisse des manches ou des tissus paillet\u00e9s \u00e0 couper le souffle. Les mari\u00e9es de Berta 2025 peuvent compter sur une \u00e9l\u00e9gance intemporelle avec une touche contemporaine, parfaite pour la femme qui veut se d\u00e9marquer le jour de son mariage. C'est le choix ultime pour la mari\u00e9e qui respire le style, le luxe et la confiance.","breadcrumb":{"@id":"https:\/\/www.koonings.com\/fr\/product\/berta-bridal-25-08\/#breadcrumb"},"inLanguage":"fr-FR","potentialAction":[{"@type":"ReadAction","target":["https:\/\/www.koonings.com\/fr\/product\/berta-bridal-25-08\/"]}]},{"@type":"ImageObject","inLanguage":"fr-FR","@id":"https:\/\/www.koonings.com\/fr\/product\/berta-bridal-25-08\/#primaryimage","url":"https:\/\/www.koonings.com\/wp-content\/uploads\/2024\/11\/49294_ac89f74b44451be28d7db0906948bee90ee78d2755c85328b7163df8bf4d1cbb2a5d83df.jpeg","contentUrl":"https:\/\/www.koonings.com\/wp-content\/uploads\/2024\/11\/49294_ac89f74b44451be28d7db0906948bee90ee78d2755c85328b7163df8bf4d1cbb2a5d83df.jpeg","width":1080,"height":1530},{"@type":"BreadcrumbList","@id":"https:\/\/www.koonings.com\/fr\/product\/berta-bridal-25-08\/#breadcrumb","itemListElement":[{"@type":"ListItem","position":1,"name":"Home","item":"https:\/\/www.koonings.com\/fr\/"},{"@type":"ListItem","position":2,"name":"Berta Bridal 25-08"}]},{"@type":"WebSite","@id":"https:\/\/www.koonings.com\/fr\/#website","url":"https:\/\/www.koonings.com\/fr\/","name":"Koonings","description":"De grootste bruidsmodewinkel ter wereld","publisher":{"@id":"https:\/\/www.koonings.com\/fr\/#organization"},"potentialAction":[{"@type":"SearchAction","target":{"@type":"EntryPoint","urlTemplate":"https:\/\/www.koonings.com\/fr\/?s={search_term_string}"},"query-input":{"@type":"PropertyValueSpecification","valueRequired":true,"valueName":"search_term_string"}}],"inLanguage":"fr-FR"},{"@type":"Organization","@id":"https:\/\/www.koonings.com\/fr\/#organization","name":"Koonings","url":"https:\/\/www.koonings.com\/fr\/","logo":{"@type":"ImageObject","inLanguage":"fr-FR","@id":"https:\/\/www.koonings.com\/fr\/#\/schema\/logo\/image\/","url":"https:\/\/www.koonings.com\/wp-content\/uploads\/2024\/07\/logo.png","contentUrl":"https:\/\/www.koonings.com\/wp-content\/uploads\/2024\/07\/logo.png","width":600,"height":428,"caption":"Koonings"},"image":{"@id":"https:\/\/www.koonings.com\/fr\/#\/schema\/logo\/image\/"},"sameAs":["https:\/\/www.facebook.com\/kooningstheweddingpalace","https:\/\/www.instagram.com\/kooningstheweddingpalace","https:\/\/www.pinterest.com\/koonings","https:\/\/www.youtube.com\/kooningstheweddingpalace"]}]}},"_links":{"self":[{"href":"https:\/\/www.koonings.com\/fr\/wp-json\/wp\/v2\/product\/80521","targetHints":{"allow":["GET"]}}],"collection":[{"href":"https:\/\/www.koonings.com\/fr\/wp-json\/wp\/v2\/product"}],"about":[{"href":"https:\/\/www.koonings.com\/fr\/wp-json\/wp\/v2\/types\/product"}],"wp:featuredmedia":[{"embeddable":true,"href":"https:\/\/www.koonings.com\/fr\/wp-json\/wp\/v2\/media\/76173"}],"wp:attachment":[{"href":"https:\/\/www.koonings.com\/fr\/wp-json\/wp\/v2\/media?parent=80521"}],"wp:term":[{"taxonomy":"productdetails","embeddable":true,"href":"https:\/\/www.koonings.com\/fr\/wp-json\/wp\/v2\/productdetails?post=80521"},{"taxonomy":"productneck","embeddable":true,"href":"https:\/\/www.koonings.com\/fr\/wp-json\/wp\/v2\/productneck?post=80521"},{"taxonomy":"productcolor","embeddable":true,"href":"https:\/\/www.koonings.com\/fr\/wp-json\/wp\/v2\/productcolor?post=80521"},{"taxonomy":"maat","embeddable":true,"href":"https:\/\/www.koonings.com\/fr\/wp-json\/wp\/v2\/maat?post=80521"},{"taxonomy":"productsupplier","embeddable":true,"href":"https:\/\/www.koonings.com\/fr\/wp-json\/wp\/v2\/productsupplier?post=80521"},{"taxonomy":"productsleeve","embeddable":true,"href":"https:\/\/www.koonings.com\/fr\/wp-json\/wp\/v2\/productsleeve?post=80521"},{"taxonomy":"productcategory","embeddable":true,"href":"https:\/\/www.koonings.com\/fr\/wp-json\/wp\/v2\/productcategory?post=80521"},{"taxonomy":"productsilhouette","embeddable":true,"href":"https:\/\/www.koonings.com\/fr\/wp-json\/wp\/v2\/productsilhouette?post=80521"},{"taxonomy":"productstyle","embeddable":true,"href":"https:\/\/www.koonings.com\/fr\/wp-json\/wp\/v2\/productstyle?post=80521"}],"curies":[{"name":"wp","href":"https:\/\/api.w.org\/{rel}","templated":true}]}}