{"id":80519,"date":"2026-04-14T16:30:50","date_gmt":"2026-04-14T14:30:50","guid":{"rendered":"https:\/\/www.koonings.com\/product\/muse-by-berta-25-35-oksana\/"},"modified":"2025-06-05T13:53:51","modified_gmt":"2025-06-05T11:53:51","slug":"muse-by-berta-25-35-oksana","status":"publish","type":"product","link":"https:\/\/www.koonings.com\/fr\/product\/muse-by-berta-25-35-oksana\/","title":{"rendered":"Muse by Berta 25-35 Oksana"},"content":{"rendered":"<p>Muse by Berta propose une collection de robes de mari\u00e9e unique et sophistiqu\u00e9e, qui se distingue par une combinaison d&#8217;\u00e9l\u00e9ments romantiques et modernes. Les robes de cette collection sont con\u00e7ues pour les mari\u00e9es \u00e0 la recherche de quelque chose de sp\u00e9cial, avec des coupes audacieuses, des tissus luxueux et des d\u00e9tails sophistiqu\u00e9s. Les robes Muse by Berta ont souvent une allure sensuelle et \u00e9l\u00e9gante, avec des lignes fluides, des appliqu\u00e9s radieux et des finitions d\u00e9taill\u00e9es qui donnent \u00e0 la mari\u00e9e une allure impressionnante et s\u00fbre d&#8217;elle. La collection offre un \u00e9quilibre parfait entre le classique et le contemporain, ce qui en fait un excellent choix pour les mari\u00e9es qui veulent exsuder \u00e0 la fois le style et le glamour le jour de leur mariage.   <\/p>\n","protected":false},"featured_media":76187,"template":"","meta":{"_acf_changed":false,"ghostkit_customizer_options":"","ghostkit_custom_css":"","ghostkit_custom_js_head":"","ghostkit_custom_js_foot":"","ghostkit_typography":""},"productdetails":[379,378,381],"productneck":[356],"productcolor":[392],"maat":[],"productsupplier":[399],"productsleeve":[359],"productcategory":[18],"productsilhouette":[386,391],"productstyle":[367,370],"class_list":["post-80519","product","type-product","status-publish","has-post-thumbnail","hentry","productdetails-379","productdetails-378","productdetails-381","productneck-356","productcolor-392","productsupplier-muse-by-berta","productsleeve-359","productcategory-trouwjurken","productsilhouette-386","productsilhouette-391","productstyle-367","productstyle-370"],"acf":[],"yoast_head":"<!-- This site is optimized with the Yoast SEO plugin v27.3 - https:\/\/yoast.com\/product\/yoast-seo-wordpress\/ -->\n<title>Muse by Berta 25-35 Oksana | Koonings<\/title>\n<meta name=\"description\" content=\"Muse by Berta propose une collection de robes de mari\u00e9e unique et sophistiqu\u00e9e, qui se distingue par une combinaison d&#039;\u00e9l\u00e9ments romantiques et modernes. Les robes de cette collection sont con\u00e7ues pour les mari\u00e9es \u00e0 la recherche de quelque chose de sp\u00e9cial, avec des coupes audacieuses, des tissus luxueux et des d\u00e9tails sophistiqu\u00e9s. Les robes Muse by Berta ont souvent une allure sensuelle et \u00e9l\u00e9gante, avec des lignes fluides, des appliqu\u00e9s radieux et des finitions d\u00e9taill\u00e9es qui donnent \u00e0 la mari\u00e9e une allure impressionnante et s\u00fbre d&#039;elle. La collection offre un \u00e9quilibre parfait entre le classique et le contemporain, ce qui en fait un excellent choix pour les mari\u00e9es qui veulent exsuder \u00e0 la fois le style et le glamour le jour de leur mariage.\" \/>\n<meta name=\"robots\" content=\"index, follow, max-snippet:-1, max-image-preview:large, max-video-preview:-1\" \/>\n<link rel=\"canonical\" href=\"https:\/\/www.koonings.com\/fr\/product\/muse-by-berta-25-35-oksana\/\" \/>\n<meta property=\"og:locale\" content=\"fr_FR\" \/>\n<meta property=\"og:type\" content=\"article\" \/>\n<meta property=\"og:title\" content=\"Muse by Berta 25-35 Oksana | Koonings\" \/>\n<meta property=\"og:description\" content=\"Muse by Berta propose une collection de robes de mari\u00e9e unique et sophistiqu\u00e9e, qui se distingue par une combinaison d&#039;\u00e9l\u00e9ments romantiques et modernes. Les robes de cette collection sont con\u00e7ues pour les mari\u00e9es \u00e0 la recherche de quelque chose de sp\u00e9cial, avec des coupes audacieuses, des tissus luxueux et des d\u00e9tails sophistiqu\u00e9s. Les robes Muse by Berta ont souvent une allure sensuelle et \u00e9l\u00e9gante, avec des lignes fluides, des appliqu\u00e9s radieux et des finitions d\u00e9taill\u00e9es qui donnent \u00e0 la mari\u00e9e une allure impressionnante et s\u00fbre d&#039;elle. La collection offre un \u00e9quilibre parfait entre le classique et le contemporain, ce qui en fait un excellent choix pour les mari\u00e9es qui veulent exsuder \u00e0 la fois le style et le glamour le jour de leur mariage.\" \/>\n<meta property=\"og:url\" content=\"https:\/\/www.koonings.com\/fr\/product\/muse-by-berta-25-35-oksana\/\" \/>\n<meta property=\"og:site_name\" content=\"Koonings\" \/>\n<meta property=\"article:publisher\" content=\"https:\/\/www.facebook.com\/kooningstheweddingpalace\" \/>\n<meta property=\"og:image\" content=\"https:\/\/www.koonings.com\/wp-content\/uploads\/2024\/11\/49296_3fc381819fbccd69146022653f6b93d75d3c6e927577344ae56dee1a8ec5d97133e9acde.jpeg\" \/>\n\t<meta property=\"og:image:width\" content=\"1155\" \/>\n\t<meta property=\"og:image:height\" content=\"1630\" \/>\n\t<meta property=\"og:image:type\" content=\"image\/jpeg\" \/>\n<meta name=\"twitter:card\" content=\"summary_large_image\" \/>\n<meta name=\"twitter:label1\" content=\"Dur\u00e9e de lecture estim\u00e9e\" \/>\n\t<meta name=\"twitter:data1\" content=\"1 minute\" \/>\n<script type=\"application\/ld+json\" class=\"yoast-schema-graph\">{\"@context\":\"https:\\\/\\\/schema.org\",\"@graph\":[{\"@type\":\"WebPage\",\"@id\":\"https:\\\/\\\/www.koonings.com\\\/fr\\\/product\\\/muse-by-berta-25-35-oksana\\\/\",\"url\":\"https:\\\/\\\/www.koonings.com\\\/fr\\\/product\\\/muse-by-berta-25-35-oksana\\\/\",\"name\":\"Muse by Berta 25-35 Oksana | Koonings\",\"isPartOf\":{\"@id\":\"https:\\\/\\\/www.koonings.com\\\/fr\\\/#website\"},\"primaryImageOfPage\":{\"@id\":\"https:\\\/\\\/www.koonings.com\\\/fr\\\/product\\\/muse-by-berta-25-35-oksana\\\/#primaryimage\"},\"image\":{\"@id\":\"https:\\\/\\\/www.koonings.com\\\/fr\\\/product\\\/muse-by-berta-25-35-oksana\\\/#primaryimage\"},\"thumbnailUrl\":\"https:\\\/\\\/www.koonings.com\\\/wp-content\\\/uploads\\\/2024\\\/11\\\/49296_3fc381819fbccd69146022653f6b93d75d3c6e927577344ae56dee1a8ec5d97133e9acde.jpeg\",\"datePublished\":\"2026-04-14T14:30:50+00:00\",\"description\":\"Muse by Berta propose une collection de robes de mari\u00e9e unique et sophistiqu\u00e9e, qui se distingue par une combinaison d'\u00e9l\u00e9ments romantiques et modernes. Les robes de cette collection sont con\u00e7ues pour les mari\u00e9es \u00e0 la recherche de quelque chose de sp\u00e9cial, avec des coupes audacieuses, des tissus luxueux et des d\u00e9tails sophistiqu\u00e9s. Les robes Muse by Berta ont souvent une allure sensuelle et \u00e9l\u00e9gante, avec des lignes fluides, des appliqu\u00e9s radieux et des finitions d\u00e9taill\u00e9es qui donnent \u00e0 la mari\u00e9e une allure impressionnante et s\u00fbre d'elle. La collection offre un \u00e9quilibre parfait entre le classique et le contemporain, ce qui en fait un excellent choix pour les mari\u00e9es qui veulent exsuder \u00e0 la fois le style et le glamour le jour de leur mariage.\",\"breadcrumb\":{\"@id\":\"https:\\\/\\\/www.koonings.com\\\/fr\\\/product\\\/muse-by-berta-25-35-oksana\\\/#breadcrumb\"},\"inLanguage\":\"fr-FR\",\"potentialAction\":[{\"@type\":\"ReadAction\",\"target\":[\"https:\\\/\\\/www.koonings.com\\\/fr\\\/product\\\/muse-by-berta-25-35-oksana\\\/\"]}]},{\"@type\":\"ImageObject\",\"inLanguage\":\"fr-FR\",\"@id\":\"https:\\\/\\\/www.koonings.com\\\/fr\\\/product\\\/muse-by-berta-25-35-oksana\\\/#primaryimage\",\"url\":\"https:\\\/\\\/www.koonings.com\\\/wp-content\\\/uploads\\\/2024\\\/11\\\/49296_3fc381819fbccd69146022653f6b93d75d3c6e927577344ae56dee1a8ec5d97133e9acde.jpeg\",\"contentUrl\":\"https:\\\/\\\/www.koonings.com\\\/wp-content\\\/uploads\\\/2024\\\/11\\\/49296_3fc381819fbccd69146022653f6b93d75d3c6e927577344ae56dee1a8ec5d97133e9acde.jpeg\",\"width\":1155,\"height\":1630},{\"@type\":\"BreadcrumbList\",\"@id\":\"https:\\\/\\\/www.koonings.com\\\/fr\\\/product\\\/muse-by-berta-25-35-oksana\\\/#breadcrumb\",\"itemListElement\":[{\"@type\":\"ListItem\",\"position\":1,\"name\":\"Home\",\"item\":\"https:\\\/\\\/www.koonings.com\\\/fr\\\/\"},{\"@type\":\"ListItem\",\"position\":2,\"name\":\"Muse by Berta 25-35 Oksana\"}]},{\"@type\":\"WebSite\",\"@id\":\"https:\\\/\\\/www.koonings.com\\\/fr\\\/#website\",\"url\":\"https:\\\/\\\/www.koonings.com\\\/fr\\\/\",\"name\":\"Koonings\",\"description\":\"De grootste bruidsmodewinkel ter wereld\",\"publisher\":{\"@id\":\"https:\\\/\\\/www.koonings.com\\\/fr\\\/#organization\"},\"potentialAction\":[{\"@type\":\"SearchAction\",\"target\":{\"@type\":\"EntryPoint\",\"urlTemplate\":\"https:\\\/\\\/www.koonings.com\\\/fr\\\/?s={search_term_string}\"},\"query-input\":{\"@type\":\"PropertyValueSpecification\",\"valueRequired\":true,\"valueName\":\"search_term_string\"}}],\"inLanguage\":\"fr-FR\"},{\"@type\":\"Organization\",\"@id\":\"https:\\\/\\\/www.koonings.com\\\/fr\\\/#organization\",\"name\":\"Koonings\",\"url\":\"https:\\\/\\\/www.koonings.com\\\/fr\\\/\",\"logo\":{\"@type\":\"ImageObject\",\"inLanguage\":\"fr-FR\",\"@id\":\"https:\\\/\\\/www.koonings.com\\\/fr\\\/#\\\/schema\\\/logo\\\/image\\\/\",\"url\":\"https:\\\/\\\/www.koonings.com\\\/wp-content\\\/uploads\\\/2024\\\/07\\\/logo.png\",\"contentUrl\":\"https:\\\/\\\/www.koonings.com\\\/wp-content\\\/uploads\\\/2024\\\/07\\\/logo.png\",\"width\":600,\"height\":428,\"caption\":\"Koonings\"},\"image\":{\"@id\":\"https:\\\/\\\/www.koonings.com\\\/fr\\\/#\\\/schema\\\/logo\\\/image\\\/\"},\"sameAs\":[\"https:\\\/\\\/www.facebook.com\\\/kooningstheweddingpalace\",\"https:\\\/\\\/www.instagram.com\\\/kooningstheweddingpalace\",\"https:\\\/\\\/www.pinterest.com\\\/koonings\",\"https:\\\/\\\/www.youtube.com\\\/kooningstheweddingpalace\"]}]}<\/script>\n<!-- \/ Yoast SEO plugin. -->","yoast_head_json":{"title":"Muse by Berta 25-35 Oksana | Koonings","description":"Muse by Berta propose une collection de robes de mari\u00e9e unique et sophistiqu\u00e9e, qui se distingue par une combinaison d'\u00e9l\u00e9ments romantiques et modernes. Les robes de cette collection sont con\u00e7ues pour les mari\u00e9es \u00e0 la recherche de quelque chose de sp\u00e9cial, avec des coupes audacieuses, des tissus luxueux et des d\u00e9tails sophistiqu\u00e9s. Les robes Muse by Berta ont souvent une allure sensuelle et \u00e9l\u00e9gante, avec des lignes fluides, des appliqu\u00e9s radieux et des finitions d\u00e9taill\u00e9es qui donnent \u00e0 la mari\u00e9e une allure impressionnante et s\u00fbre d'elle. La collection offre un \u00e9quilibre parfait entre le classique et le contemporain, ce qui en fait un excellent choix pour les mari\u00e9es qui veulent exsuder \u00e0 la fois le style et le glamour le jour de leur mariage.","robots":{"index":"index","follow":"follow","max-snippet":"max-snippet:-1","max-image-preview":"max-image-preview:large","max-video-preview":"max-video-preview:-1"},"canonical":"https:\/\/www.koonings.com\/fr\/product\/muse-by-berta-25-35-oksana\/","og_locale":"fr_FR","og_type":"article","og_title":"Muse by Berta 25-35 Oksana | Koonings","og_description":"Muse by Berta propose une collection de robes de mari\u00e9e unique et sophistiqu\u00e9e, qui se distingue par une combinaison d'\u00e9l\u00e9ments romantiques et modernes. Les robes de cette collection sont con\u00e7ues pour les mari\u00e9es \u00e0 la recherche de quelque chose de sp\u00e9cial, avec des coupes audacieuses, des tissus luxueux et des d\u00e9tails sophistiqu\u00e9s. Les robes Muse by Berta ont souvent une allure sensuelle et \u00e9l\u00e9gante, avec des lignes fluides, des appliqu\u00e9s radieux et des finitions d\u00e9taill\u00e9es qui donnent \u00e0 la mari\u00e9e une allure impressionnante et s\u00fbre d'elle. La collection offre un \u00e9quilibre parfait entre le classique et le contemporain, ce qui en fait un excellent choix pour les mari\u00e9es qui veulent exsuder \u00e0 la fois le style et le glamour le jour de leur mariage.","og_url":"https:\/\/www.koonings.com\/fr\/product\/muse-by-berta-25-35-oksana\/","og_site_name":"Koonings","article_publisher":"https:\/\/www.facebook.com\/kooningstheweddingpalace","og_image":[{"width":1155,"height":1630,"url":"https:\/\/www.koonings.com\/wp-content\/uploads\/2024\/11\/49296_3fc381819fbccd69146022653f6b93d75d3c6e927577344ae56dee1a8ec5d97133e9acde.jpeg","type":"image\/jpeg"}],"twitter_card":"summary_large_image","twitter_misc":{"Dur\u00e9e de lecture estim\u00e9e":"1 minute"},"schema":{"@context":"https:\/\/schema.org","@graph":[{"@type":"WebPage","@id":"https:\/\/www.koonings.com\/fr\/product\/muse-by-berta-25-35-oksana\/","url":"https:\/\/www.koonings.com\/fr\/product\/muse-by-berta-25-35-oksana\/","name":"Muse by Berta 25-35 Oksana | Koonings","isPartOf":{"@id":"https:\/\/www.koonings.com\/fr\/#website"},"primaryImageOfPage":{"@id":"https:\/\/www.koonings.com\/fr\/product\/muse-by-berta-25-35-oksana\/#primaryimage"},"image":{"@id":"https:\/\/www.koonings.com\/fr\/product\/muse-by-berta-25-35-oksana\/#primaryimage"},"thumbnailUrl":"https:\/\/www.koonings.com\/wp-content\/uploads\/2024\/11\/49296_3fc381819fbccd69146022653f6b93d75d3c6e927577344ae56dee1a8ec5d97133e9acde.jpeg","datePublished":"2026-04-14T14:30:50+00:00","description":"Muse by Berta propose une collection de robes de mari\u00e9e unique et sophistiqu\u00e9e, qui se distingue par une combinaison d'\u00e9l\u00e9ments romantiques et modernes. Les robes de cette collection sont con\u00e7ues pour les mari\u00e9es \u00e0 la recherche de quelque chose de sp\u00e9cial, avec des coupes audacieuses, des tissus luxueux et des d\u00e9tails sophistiqu\u00e9s. Les robes Muse by Berta ont souvent une allure sensuelle et \u00e9l\u00e9gante, avec des lignes fluides, des appliqu\u00e9s radieux et des finitions d\u00e9taill\u00e9es qui donnent \u00e0 la mari\u00e9e une allure impressionnante et s\u00fbre d'elle. La collection offre un \u00e9quilibre parfait entre le classique et le contemporain, ce qui en fait un excellent choix pour les mari\u00e9es qui veulent exsuder \u00e0 la fois le style et le glamour le jour de leur mariage.","breadcrumb":{"@id":"https:\/\/www.koonings.com\/fr\/product\/muse-by-berta-25-35-oksana\/#breadcrumb"},"inLanguage":"fr-FR","potentialAction":[{"@type":"ReadAction","target":["https:\/\/www.koonings.com\/fr\/product\/muse-by-berta-25-35-oksana\/"]}]},{"@type":"ImageObject","inLanguage":"fr-FR","@id":"https:\/\/www.koonings.com\/fr\/product\/muse-by-berta-25-35-oksana\/#primaryimage","url":"https:\/\/www.koonings.com\/wp-content\/uploads\/2024\/11\/49296_3fc381819fbccd69146022653f6b93d75d3c6e927577344ae56dee1a8ec5d97133e9acde.jpeg","contentUrl":"https:\/\/www.koonings.com\/wp-content\/uploads\/2024\/11\/49296_3fc381819fbccd69146022653f6b93d75d3c6e927577344ae56dee1a8ec5d97133e9acde.jpeg","width":1155,"height":1630},{"@type":"BreadcrumbList","@id":"https:\/\/www.koonings.com\/fr\/product\/muse-by-berta-25-35-oksana\/#breadcrumb","itemListElement":[{"@type":"ListItem","position":1,"name":"Home","item":"https:\/\/www.koonings.com\/fr\/"},{"@type":"ListItem","position":2,"name":"Muse by Berta 25-35 Oksana"}]},{"@type":"WebSite","@id":"https:\/\/www.koonings.com\/fr\/#website","url":"https:\/\/www.koonings.com\/fr\/","name":"Koonings","description":"De grootste bruidsmodewinkel ter wereld","publisher":{"@id":"https:\/\/www.koonings.com\/fr\/#organization"},"potentialAction":[{"@type":"SearchAction","target":{"@type":"EntryPoint","urlTemplate":"https:\/\/www.koonings.com\/fr\/?s={search_term_string}"},"query-input":{"@type":"PropertyValueSpecification","valueRequired":true,"valueName":"search_term_string"}}],"inLanguage":"fr-FR"},{"@type":"Organization","@id":"https:\/\/www.koonings.com\/fr\/#organization","name":"Koonings","url":"https:\/\/www.koonings.com\/fr\/","logo":{"@type":"ImageObject","inLanguage":"fr-FR","@id":"https:\/\/www.koonings.com\/fr\/#\/schema\/logo\/image\/","url":"https:\/\/www.koonings.com\/wp-content\/uploads\/2024\/07\/logo.png","contentUrl":"https:\/\/www.koonings.com\/wp-content\/uploads\/2024\/07\/logo.png","width":600,"height":428,"caption":"Koonings"},"image":{"@id":"https:\/\/www.koonings.com\/fr\/#\/schema\/logo\/image\/"},"sameAs":["https:\/\/www.facebook.com\/kooningstheweddingpalace","https:\/\/www.instagram.com\/kooningstheweddingpalace","https:\/\/www.pinterest.com\/koonings","https:\/\/www.youtube.com\/kooningstheweddingpalace"]}]}},"_links":{"self":[{"href":"https:\/\/www.koonings.com\/fr\/wp-json\/wp\/v2\/product\/80519","targetHints":{"allow":["GET"]}}],"collection":[{"href":"https:\/\/www.koonings.com\/fr\/wp-json\/wp\/v2\/product"}],"about":[{"href":"https:\/\/www.koonings.com\/fr\/wp-json\/wp\/v2\/types\/product"}],"wp:featuredmedia":[{"embeddable":true,"href":"https:\/\/www.koonings.com\/fr\/wp-json\/wp\/v2\/media\/76187"}],"wp:attachment":[{"href":"https:\/\/www.koonings.com\/fr\/wp-json\/wp\/v2\/media?parent=80519"}],"wp:term":[{"taxonomy":"productdetails","embeddable":true,"href":"https:\/\/www.koonings.com\/fr\/wp-json\/wp\/v2\/productdetails?post=80519"},{"taxonomy":"productneck","embeddable":true,"href":"https:\/\/www.koonings.com\/fr\/wp-json\/wp\/v2\/productneck?post=80519"},{"taxonomy":"productcolor","embeddable":true,"href":"https:\/\/www.koonings.com\/fr\/wp-json\/wp\/v2\/productcolor?post=80519"},{"taxonomy":"maat","embeddable":true,"href":"https:\/\/www.koonings.com\/fr\/wp-json\/wp\/v2\/maat?post=80519"},{"taxonomy":"productsupplier","embeddable":true,"href":"https:\/\/www.koonings.com\/fr\/wp-json\/wp\/v2\/productsupplier?post=80519"},{"taxonomy":"productsleeve","embeddable":true,"href":"https:\/\/www.koonings.com\/fr\/wp-json\/wp\/v2\/productsleeve?post=80519"},{"taxonomy":"productcategory","embeddable":true,"href":"https:\/\/www.koonings.com\/fr\/wp-json\/wp\/v2\/productcategory?post=80519"},{"taxonomy":"productsilhouette","embeddable":true,"href":"https:\/\/www.koonings.com\/fr\/wp-json\/wp\/v2\/productsilhouette?post=80519"},{"taxonomy":"productstyle","embeddable":true,"href":"https:\/\/www.koonings.com\/fr\/wp-json\/wp\/v2\/productstyle?post=80519"}],"curies":[{"name":"wp","href":"https:\/\/api.w.org\/{rel}","templated":true}]}}