{"id":80513,"date":"2025-12-15T00:46:55","date_gmt":"2025-12-14T23:46:55","guid":{"rendered":"https:\/\/www.koonings.com\/product\/berta-bridal-25-p09\/"},"modified":"2026-02-03T20:13:52","modified_gmt":"2026-02-03T19:13:52","slug":"berta-bridal-25-p09","status":"publish","type":"product","link":"https:\/\/www.koonings.com\/fr\/product\/berta-bridal-25-p09\/","title":{"rendered":"Berta Bridal 25-P09"},"content":{"rendered":"<p>La collection exclusive 2025 Berta Bridal Priv\u00e9e est l&#8217;incarnation du luxe et de la sophistication. En mettant l&#8217;accent sur des coupes sur mesure et une qualit\u00e9 in\u00e9gal\u00e9e, cette collection propose des robes \u00e0 couper le souffle qui mettent parfaitement en valeur la beaut\u00e9 f\u00e9minine. Les mod\u00e8les sont un m\u00e9lange unique d&#8217;\u00e9l\u00e9gance romantique et d&#8217;\u00e9l\u00e9ments audacieux et modernes, faisant de chaque robe une d\u00e9claration. Pour la mari\u00e9e qui recherche un look vraiment exclusif et intemporel, la collection Berta Bridal Priv\u00e9e 2025 est le choix ultime.   <\/p>\n","protected":false},"featured_media":76295,"template":"","meta":{"_acf_changed":false,"ghostkit_customizer_options":"","ghostkit_custom_css":"","ghostkit_custom_js_head":"","ghostkit_custom_js_foot":"","ghostkit_typography":""},"productdetails":[379,376],"productneck":[355],"productcolor":[392],"maat":[],"productsupplier":[463],"productsleeve":[357,362],"productcategory":[18],"productsilhouette":[389],"productstyle":[367,370],"class_list":["post-80513","product","type-product","status-publish","has-post-thumbnail","hentry","productdetails-379","productdetails-376","productneck-355","productcolor-392","productsupplier-berta-bridal","productsleeve-357","productsleeve-362","productcategory-trouwjurken","productsilhouette-389","productstyle-367","productstyle-370"],"acf":[],"yoast_head":"<!-- This site is optimized with the Yoast SEO plugin v27.3 - https:\/\/yoast.com\/product\/yoast-seo-wordpress\/ -->\n<title>Berta Bridal 25-P09 | Koonings<\/title>\n<meta name=\"description\" content=\"La collection exclusive 2025 Berta Bridal Priv\u00e9e est l&#039;incarnation du luxe et de la sophistication. En mettant l&#039;accent sur des coupes sur mesure et une qualit\u00e9 in\u00e9gal\u00e9e, cette collection propose des robes \u00e0 couper le souffle qui mettent parfaitement en valeur la beaut\u00e9 f\u00e9minine. Les mod\u00e8les sont un m\u00e9lange unique d&#039;\u00e9l\u00e9gance romantique et d&#039;\u00e9l\u00e9ments audacieux et modernes, faisant de chaque robe une d\u00e9claration. Pour la mari\u00e9e qui recherche un look vraiment exclusif et intemporel, la collection Berta Bridal Priv\u00e9e 2025 est le choix ultime.\" \/>\n<meta name=\"robots\" content=\"index, follow, max-snippet:-1, max-image-preview:large, max-video-preview:-1\" \/>\n<link rel=\"canonical\" href=\"https:\/\/www.koonings.com\/fr\/product\/berta-bridal-25-p09\/\" \/>\n<meta property=\"og:locale\" content=\"fr_FR\" \/>\n<meta property=\"og:type\" content=\"article\" \/>\n<meta property=\"og:title\" content=\"Berta Bridal 25-P09 | Koonings\" \/>\n<meta property=\"og:description\" content=\"La collection exclusive 2025 Berta Bridal Priv\u00e9e est l&#039;incarnation du luxe et de la sophistication. En mettant l&#039;accent sur des coupes sur mesure et une qualit\u00e9 in\u00e9gal\u00e9e, cette collection propose des robes \u00e0 couper le souffle qui mettent parfaitement en valeur la beaut\u00e9 f\u00e9minine. Les mod\u00e8les sont un m\u00e9lange unique d&#039;\u00e9l\u00e9gance romantique et d&#039;\u00e9l\u00e9ments audacieux et modernes, faisant de chaque robe une d\u00e9claration. Pour la mari\u00e9e qui recherche un look vraiment exclusif et intemporel, la collection Berta Bridal Priv\u00e9e 2025 est le choix ultime.\" \/>\n<meta property=\"og:url\" content=\"https:\/\/www.koonings.com\/fr\/product\/berta-bridal-25-p09\/\" \/>\n<meta property=\"og:site_name\" content=\"Koonings\" \/>\n<meta property=\"article:publisher\" content=\"https:\/\/www.facebook.com\/kooningstheweddingpalace\" \/>\n<meta property=\"article:modified_time\" content=\"2026-02-03T19:13:52+00:00\" \/>\n<meta property=\"og:image\" content=\"https:\/\/www.koonings.com\/wp-content\/uploads\/2024\/11\/49299_2a8bfcf9ae806b593236baa53facd62fd396b2bde3af4281656a5218d1f2d7d16d0aca22.jpeg\" \/>\n\t<meta property=\"og:image:width\" content=\"1206\" \/>\n\t<meta property=\"og:image:height\" content=\"1708\" \/>\n\t<meta property=\"og:image:type\" content=\"image\/jpeg\" \/>\n<meta name=\"twitter:card\" content=\"summary_large_image\" \/>\n<script type=\"application\/ld+json\" class=\"yoast-schema-graph\">{\"@context\":\"https:\\\/\\\/schema.org\",\"@graph\":[{\"@type\":\"WebPage\",\"@id\":\"https:\\\/\\\/www.koonings.com\\\/fr\\\/product\\\/berta-bridal-25-p09\\\/\",\"url\":\"https:\\\/\\\/www.koonings.com\\\/fr\\\/product\\\/berta-bridal-25-p09\\\/\",\"name\":\"Berta Bridal 25-P09 | Koonings\",\"isPartOf\":{\"@id\":\"https:\\\/\\\/www.koonings.com\\\/fr\\\/#website\"},\"primaryImageOfPage\":{\"@id\":\"https:\\\/\\\/www.koonings.com\\\/fr\\\/product\\\/berta-bridal-25-p09\\\/#primaryimage\"},\"image\":{\"@id\":\"https:\\\/\\\/www.koonings.com\\\/fr\\\/product\\\/berta-bridal-25-p09\\\/#primaryimage\"},\"thumbnailUrl\":\"https:\\\/\\\/www.koonings.com\\\/wp-content\\\/uploads\\\/2024\\\/11\\\/49299_2a8bfcf9ae806b593236baa53facd62fd396b2bde3af4281656a5218d1f2d7d16d0aca22.jpeg\",\"datePublished\":\"2025-12-14T23:46:55+00:00\",\"dateModified\":\"2026-02-03T19:13:52+00:00\",\"description\":\"La collection exclusive 2025 Berta Bridal Priv\u00e9e est l'incarnation du luxe et de la sophistication. En mettant l'accent sur des coupes sur mesure et une qualit\u00e9 in\u00e9gal\u00e9e, cette collection propose des robes \u00e0 couper le souffle qui mettent parfaitement en valeur la beaut\u00e9 f\u00e9minine. Les mod\u00e8les sont un m\u00e9lange unique d'\u00e9l\u00e9gance romantique et d'\u00e9l\u00e9ments audacieux et modernes, faisant de chaque robe une d\u00e9claration. Pour la mari\u00e9e qui recherche un look vraiment exclusif et intemporel, la collection Berta Bridal Priv\u00e9e 2025 est le choix ultime.\",\"breadcrumb\":{\"@id\":\"https:\\\/\\\/www.koonings.com\\\/fr\\\/product\\\/berta-bridal-25-p09\\\/#breadcrumb\"},\"inLanguage\":\"fr-FR\",\"potentialAction\":[{\"@type\":\"ReadAction\",\"target\":[\"https:\\\/\\\/www.koonings.com\\\/fr\\\/product\\\/berta-bridal-25-p09\\\/\"]}]},{\"@type\":\"ImageObject\",\"inLanguage\":\"fr-FR\",\"@id\":\"https:\\\/\\\/www.koonings.com\\\/fr\\\/product\\\/berta-bridal-25-p09\\\/#primaryimage\",\"url\":\"https:\\\/\\\/www.koonings.com\\\/wp-content\\\/uploads\\\/2024\\\/11\\\/49299_2a8bfcf9ae806b593236baa53facd62fd396b2bde3af4281656a5218d1f2d7d16d0aca22.jpeg\",\"contentUrl\":\"https:\\\/\\\/www.koonings.com\\\/wp-content\\\/uploads\\\/2024\\\/11\\\/49299_2a8bfcf9ae806b593236baa53facd62fd396b2bde3af4281656a5218d1f2d7d16d0aca22.jpeg\",\"width\":1206,\"height\":1708},{\"@type\":\"BreadcrumbList\",\"@id\":\"https:\\\/\\\/www.koonings.com\\\/fr\\\/product\\\/berta-bridal-25-p09\\\/#breadcrumb\",\"itemListElement\":[{\"@type\":\"ListItem\",\"position\":1,\"name\":\"Home\",\"item\":\"https:\\\/\\\/www.koonings.com\\\/fr\\\/\"},{\"@type\":\"ListItem\",\"position\":2,\"name\":\"Berta Bridal 25-P09\"}]},{\"@type\":\"WebSite\",\"@id\":\"https:\\\/\\\/www.koonings.com\\\/fr\\\/#website\",\"url\":\"https:\\\/\\\/www.koonings.com\\\/fr\\\/\",\"name\":\"Koonings\",\"description\":\"De grootste bruidsmodewinkel ter wereld\",\"publisher\":{\"@id\":\"https:\\\/\\\/www.koonings.com\\\/fr\\\/#organization\"},\"potentialAction\":[{\"@type\":\"SearchAction\",\"target\":{\"@type\":\"EntryPoint\",\"urlTemplate\":\"https:\\\/\\\/www.koonings.com\\\/fr\\\/?s={search_term_string}\"},\"query-input\":{\"@type\":\"PropertyValueSpecification\",\"valueRequired\":true,\"valueName\":\"search_term_string\"}}],\"inLanguage\":\"fr-FR\"},{\"@type\":\"Organization\",\"@id\":\"https:\\\/\\\/www.koonings.com\\\/fr\\\/#organization\",\"name\":\"Koonings\",\"url\":\"https:\\\/\\\/www.koonings.com\\\/fr\\\/\",\"logo\":{\"@type\":\"ImageObject\",\"inLanguage\":\"fr-FR\",\"@id\":\"https:\\\/\\\/www.koonings.com\\\/fr\\\/#\\\/schema\\\/logo\\\/image\\\/\",\"url\":\"https:\\\/\\\/www.koonings.com\\\/wp-content\\\/uploads\\\/2024\\\/07\\\/logo.png\",\"contentUrl\":\"https:\\\/\\\/www.koonings.com\\\/wp-content\\\/uploads\\\/2024\\\/07\\\/logo.png\",\"width\":600,\"height\":428,\"caption\":\"Koonings\"},\"image\":{\"@id\":\"https:\\\/\\\/www.koonings.com\\\/fr\\\/#\\\/schema\\\/logo\\\/image\\\/\"},\"sameAs\":[\"https:\\\/\\\/www.facebook.com\\\/kooningstheweddingpalace\",\"https:\\\/\\\/www.instagram.com\\\/kooningstheweddingpalace\",\"https:\\\/\\\/www.pinterest.com\\\/koonings\",\"https:\\\/\\\/www.youtube.com\\\/kooningstheweddingpalace\"]}]}<\/script>\n<!-- \/ Yoast SEO plugin. -->","yoast_head_json":{"title":"Berta Bridal 25-P09 | Koonings","description":"La collection exclusive 2025 Berta Bridal Priv\u00e9e est l'incarnation du luxe et de la sophistication. En mettant l'accent sur des coupes sur mesure et une qualit\u00e9 in\u00e9gal\u00e9e, cette collection propose des robes \u00e0 couper le souffle qui mettent parfaitement en valeur la beaut\u00e9 f\u00e9minine. Les mod\u00e8les sont un m\u00e9lange unique d'\u00e9l\u00e9gance romantique et d'\u00e9l\u00e9ments audacieux et modernes, faisant de chaque robe une d\u00e9claration. Pour la mari\u00e9e qui recherche un look vraiment exclusif et intemporel, la collection Berta Bridal Priv\u00e9e 2025 est le choix ultime.","robots":{"index":"index","follow":"follow","max-snippet":"max-snippet:-1","max-image-preview":"max-image-preview:large","max-video-preview":"max-video-preview:-1"},"canonical":"https:\/\/www.koonings.com\/fr\/product\/berta-bridal-25-p09\/","og_locale":"fr_FR","og_type":"article","og_title":"Berta Bridal 25-P09 | Koonings","og_description":"La collection exclusive 2025 Berta Bridal Priv\u00e9e est l'incarnation du luxe et de la sophistication. En mettant l'accent sur des coupes sur mesure et une qualit\u00e9 in\u00e9gal\u00e9e, cette collection propose des robes \u00e0 couper le souffle qui mettent parfaitement en valeur la beaut\u00e9 f\u00e9minine. Les mod\u00e8les sont un m\u00e9lange unique d'\u00e9l\u00e9gance romantique et d'\u00e9l\u00e9ments audacieux et modernes, faisant de chaque robe une d\u00e9claration. Pour la mari\u00e9e qui recherche un look vraiment exclusif et intemporel, la collection Berta Bridal Priv\u00e9e 2025 est le choix ultime.","og_url":"https:\/\/www.koonings.com\/fr\/product\/berta-bridal-25-p09\/","og_site_name":"Koonings","article_publisher":"https:\/\/www.facebook.com\/kooningstheweddingpalace","article_modified_time":"2026-02-03T19:13:52+00:00","og_image":[{"width":1206,"height":1708,"url":"https:\/\/www.koonings.com\/wp-content\/uploads\/2024\/11\/49299_2a8bfcf9ae806b593236baa53facd62fd396b2bde3af4281656a5218d1f2d7d16d0aca22.jpeg","type":"image\/jpeg"}],"twitter_card":"summary_large_image","schema":{"@context":"https:\/\/schema.org","@graph":[{"@type":"WebPage","@id":"https:\/\/www.koonings.com\/fr\/product\/berta-bridal-25-p09\/","url":"https:\/\/www.koonings.com\/fr\/product\/berta-bridal-25-p09\/","name":"Berta Bridal 25-P09 | Koonings","isPartOf":{"@id":"https:\/\/www.koonings.com\/fr\/#website"},"primaryImageOfPage":{"@id":"https:\/\/www.koonings.com\/fr\/product\/berta-bridal-25-p09\/#primaryimage"},"image":{"@id":"https:\/\/www.koonings.com\/fr\/product\/berta-bridal-25-p09\/#primaryimage"},"thumbnailUrl":"https:\/\/www.koonings.com\/wp-content\/uploads\/2024\/11\/49299_2a8bfcf9ae806b593236baa53facd62fd396b2bde3af4281656a5218d1f2d7d16d0aca22.jpeg","datePublished":"2025-12-14T23:46:55+00:00","dateModified":"2026-02-03T19:13:52+00:00","description":"La collection exclusive 2025 Berta Bridal Priv\u00e9e est l'incarnation du luxe et de la sophistication. En mettant l'accent sur des coupes sur mesure et une qualit\u00e9 in\u00e9gal\u00e9e, cette collection propose des robes \u00e0 couper le souffle qui mettent parfaitement en valeur la beaut\u00e9 f\u00e9minine. Les mod\u00e8les sont un m\u00e9lange unique d'\u00e9l\u00e9gance romantique et d'\u00e9l\u00e9ments audacieux et modernes, faisant de chaque robe une d\u00e9claration. Pour la mari\u00e9e qui recherche un look vraiment exclusif et intemporel, la collection Berta Bridal Priv\u00e9e 2025 est le choix ultime.","breadcrumb":{"@id":"https:\/\/www.koonings.com\/fr\/product\/berta-bridal-25-p09\/#breadcrumb"},"inLanguage":"fr-FR","potentialAction":[{"@type":"ReadAction","target":["https:\/\/www.koonings.com\/fr\/product\/berta-bridal-25-p09\/"]}]},{"@type":"ImageObject","inLanguage":"fr-FR","@id":"https:\/\/www.koonings.com\/fr\/product\/berta-bridal-25-p09\/#primaryimage","url":"https:\/\/www.koonings.com\/wp-content\/uploads\/2024\/11\/49299_2a8bfcf9ae806b593236baa53facd62fd396b2bde3af4281656a5218d1f2d7d16d0aca22.jpeg","contentUrl":"https:\/\/www.koonings.com\/wp-content\/uploads\/2024\/11\/49299_2a8bfcf9ae806b593236baa53facd62fd396b2bde3af4281656a5218d1f2d7d16d0aca22.jpeg","width":1206,"height":1708},{"@type":"BreadcrumbList","@id":"https:\/\/www.koonings.com\/fr\/product\/berta-bridal-25-p09\/#breadcrumb","itemListElement":[{"@type":"ListItem","position":1,"name":"Home","item":"https:\/\/www.koonings.com\/fr\/"},{"@type":"ListItem","position":2,"name":"Berta Bridal 25-P09"}]},{"@type":"WebSite","@id":"https:\/\/www.koonings.com\/fr\/#website","url":"https:\/\/www.koonings.com\/fr\/","name":"Koonings","description":"De grootste bruidsmodewinkel ter wereld","publisher":{"@id":"https:\/\/www.koonings.com\/fr\/#organization"},"potentialAction":[{"@type":"SearchAction","target":{"@type":"EntryPoint","urlTemplate":"https:\/\/www.koonings.com\/fr\/?s={search_term_string}"},"query-input":{"@type":"PropertyValueSpecification","valueRequired":true,"valueName":"search_term_string"}}],"inLanguage":"fr-FR"},{"@type":"Organization","@id":"https:\/\/www.koonings.com\/fr\/#organization","name":"Koonings","url":"https:\/\/www.koonings.com\/fr\/","logo":{"@type":"ImageObject","inLanguage":"fr-FR","@id":"https:\/\/www.koonings.com\/fr\/#\/schema\/logo\/image\/","url":"https:\/\/www.koonings.com\/wp-content\/uploads\/2024\/07\/logo.png","contentUrl":"https:\/\/www.koonings.com\/wp-content\/uploads\/2024\/07\/logo.png","width":600,"height":428,"caption":"Koonings"},"image":{"@id":"https:\/\/www.koonings.com\/fr\/#\/schema\/logo\/image\/"},"sameAs":["https:\/\/www.facebook.com\/kooningstheweddingpalace","https:\/\/www.instagram.com\/kooningstheweddingpalace","https:\/\/www.pinterest.com\/koonings","https:\/\/www.youtube.com\/kooningstheweddingpalace"]}]}},"_links":{"self":[{"href":"https:\/\/www.koonings.com\/fr\/wp-json\/wp\/v2\/product\/80513","targetHints":{"allow":["GET"]}}],"collection":[{"href":"https:\/\/www.koonings.com\/fr\/wp-json\/wp\/v2\/product"}],"about":[{"href":"https:\/\/www.koonings.com\/fr\/wp-json\/wp\/v2\/types\/product"}],"wp:featuredmedia":[{"embeddable":true,"href":"https:\/\/www.koonings.com\/fr\/wp-json\/wp\/v2\/media\/76295"}],"wp:attachment":[{"href":"https:\/\/www.koonings.com\/fr\/wp-json\/wp\/v2\/media?parent=80513"}],"wp:term":[{"taxonomy":"productdetails","embeddable":true,"href":"https:\/\/www.koonings.com\/fr\/wp-json\/wp\/v2\/productdetails?post=80513"},{"taxonomy":"productneck","embeddable":true,"href":"https:\/\/www.koonings.com\/fr\/wp-json\/wp\/v2\/productneck?post=80513"},{"taxonomy":"productcolor","embeddable":true,"href":"https:\/\/www.koonings.com\/fr\/wp-json\/wp\/v2\/productcolor?post=80513"},{"taxonomy":"maat","embeddable":true,"href":"https:\/\/www.koonings.com\/fr\/wp-json\/wp\/v2\/maat?post=80513"},{"taxonomy":"productsupplier","embeddable":true,"href":"https:\/\/www.koonings.com\/fr\/wp-json\/wp\/v2\/productsupplier?post=80513"},{"taxonomy":"productsleeve","embeddable":true,"href":"https:\/\/www.koonings.com\/fr\/wp-json\/wp\/v2\/productsleeve?post=80513"},{"taxonomy":"productcategory","embeddable":true,"href":"https:\/\/www.koonings.com\/fr\/wp-json\/wp\/v2\/productcategory?post=80513"},{"taxonomy":"productsilhouette","embeddable":true,"href":"https:\/\/www.koonings.com\/fr\/wp-json\/wp\/v2\/productsilhouette?post=80513"},{"taxonomy":"productstyle","embeddable":true,"href":"https:\/\/www.koonings.com\/fr\/wp-json\/wp\/v2\/productstyle?post=80513"}],"curies":[{"name":"wp","href":"https:\/\/api.w.org\/{rel}","templated":true}]}}