{"id":80504,"date":"2026-04-21T18:02:11","date_gmt":"2026-04-21T16:02:11","guid":{"rendered":"https:\/\/www.koonings.com\/product\/berta-bridal-18-111\/"},"modified":"2026-02-16T15:02:46","modified_gmt":"2026-02-16T14:02:46","slug":"berta-bridal-18-111","status":"publish","type":"product","link":"https:\/\/www.koonings.com\/fr\/product\/berta-bridal-18-111\/","title":{"rendered":"Berta Bridal 18-111"},"content":{"rendered":"<p>Cette robe de mari\u00e9e de Berta Bridal est le choix id\u00e9al pour les mari\u00e9es qui veulent se faire remarquer. Cette sir\u00e8ne ivoire au d\u00e9collet\u00e9 en c\u0153ur est dot\u00e9e de bretelles \u00e9troites et d&#8217;un profond d\u00e9collet\u00e9 en V. Avec cette robe sexy en dentelle et ses pierres scintillantes, vous ne manquerez pas de faire tourner toutes les t\u00eates.  <\/p>\n","protected":false},"featured_media":76232,"template":"","meta":{"_acf_changed":false,"ghostkit_customizer_options":"","ghostkit_custom_css":"","ghostkit_custom_js_head":"","ghostkit_custom_js_foot":"","ghostkit_typography":""},"productdetails":[379],"productneck":[355,356],"productcolor":[392],"maat":[],"productsupplier":[463],"productsleeve":[359],"productcategory":[18],"productsilhouette":[387],"productstyle":[367],"class_list":["post-80504","product","type-product","status-publish","has-post-thumbnail","hentry","productdetails-379","productneck-355","productneck-356","productcolor-392","productsupplier-berta-bridal","productsleeve-359","productcategory-trouwjurken","productsilhouette-387","productstyle-367"],"acf":[],"yoast_head":"<!-- This site is optimized with the Yoast SEO plugin v27.3 - https:\/\/yoast.com\/product\/yoast-seo-wordpress\/ -->\n<title>Berta Bridal 18-111 | Koonings<\/title>\n<meta name=\"description\" content=\"Cette robe de mari\u00e9e de Berta Bridal est le choix id\u00e9al pour les mari\u00e9es qui veulent se faire remarquer. Cette sir\u00e8ne ivoire au d\u00e9collet\u00e9 en c\u0153ur est dot\u00e9e de bretelles \u00e9troites et d&#039;un profond d\u00e9collet\u00e9 en V. Avec cette robe sexy en dentelle et ses pierres scintillantes, vous ne manquerez pas de faire tourner toutes les t\u00eates.\" \/>\n<meta name=\"robots\" content=\"index, follow, max-snippet:-1, max-image-preview:large, max-video-preview:-1\" \/>\n<link rel=\"canonical\" href=\"https:\/\/www.koonings.com\/fr\/product\/berta-bridal-18-111\/\" \/>\n<meta property=\"og:locale\" content=\"fr_FR\" \/>\n<meta property=\"og:type\" content=\"article\" \/>\n<meta property=\"og:title\" content=\"Berta Bridal 18-111 | Koonings\" \/>\n<meta property=\"og:description\" content=\"Cette robe de mari\u00e9e de Berta Bridal est le choix id\u00e9al pour les mari\u00e9es qui veulent se faire remarquer. Cette sir\u00e8ne ivoire au d\u00e9collet\u00e9 en c\u0153ur est dot\u00e9e de bretelles \u00e9troites et d&#039;un profond d\u00e9collet\u00e9 en V. Avec cette robe sexy en dentelle et ses pierres scintillantes, vous ne manquerez pas de faire tourner toutes les t\u00eates.\" \/>\n<meta property=\"og:url\" content=\"https:\/\/www.koonings.com\/fr\/product\/berta-bridal-18-111\/\" \/>\n<meta property=\"og:site_name\" content=\"Koonings\" \/>\n<meta property=\"article:publisher\" content=\"https:\/\/www.facebook.com\/kooningstheweddingpalace\" \/>\n<meta property=\"og:image\" content=\"https:\/\/www.koonings.com\/wp-content\/uploads\/2024\/11\/1081_0a20b778424d85366fd8ffa772fe3cb4b8aa077ba4742a89361b0e0edf3e388e39e56dd8.jpeg\" \/>\n\t<meta property=\"og:image:width\" content=\"1231\" \/>\n\t<meta property=\"og:image:height\" content=\"1740\" \/>\n\t<meta property=\"og:image:type\" content=\"image\/jpeg\" \/>\n<meta name=\"twitter:card\" content=\"summary_large_image\" \/>\n<script type=\"application\/ld+json\" class=\"yoast-schema-graph\">{\"@context\":\"https:\\\/\\\/schema.org\",\"@graph\":[{\"@type\":\"WebPage\",\"@id\":\"https:\\\/\\\/www.koonings.com\\\/fr\\\/product\\\/berta-bridal-18-111\\\/\",\"url\":\"https:\\\/\\\/www.koonings.com\\\/fr\\\/product\\\/berta-bridal-18-111\\\/\",\"name\":\"Berta Bridal 18-111 | Koonings\",\"isPartOf\":{\"@id\":\"https:\\\/\\\/www.koonings.com\\\/fr\\\/#website\"},\"primaryImageOfPage\":{\"@id\":\"https:\\\/\\\/www.koonings.com\\\/fr\\\/product\\\/berta-bridal-18-111\\\/#primaryimage\"},\"image\":{\"@id\":\"https:\\\/\\\/www.koonings.com\\\/fr\\\/product\\\/berta-bridal-18-111\\\/#primaryimage\"},\"thumbnailUrl\":\"https:\\\/\\\/www.koonings.com\\\/wp-content\\\/uploads\\\/2024\\\/11\\\/1081_0a20b778424d85366fd8ffa772fe3cb4b8aa077ba4742a89361b0e0edf3e388e39e56dd8.jpeg\",\"datePublished\":\"2026-04-21T16:02:11+00:00\",\"description\":\"Cette robe de mari\u00e9e de Berta Bridal est le choix id\u00e9al pour les mari\u00e9es qui veulent se faire remarquer. Cette sir\u00e8ne ivoire au d\u00e9collet\u00e9 en c\u0153ur est dot\u00e9e de bretelles \u00e9troites et d'un profond d\u00e9collet\u00e9 en V. Avec cette robe sexy en dentelle et ses pierres scintillantes, vous ne manquerez pas de faire tourner toutes les t\u00eates.\",\"breadcrumb\":{\"@id\":\"https:\\\/\\\/www.koonings.com\\\/fr\\\/product\\\/berta-bridal-18-111\\\/#breadcrumb\"},\"inLanguage\":\"fr-FR\",\"potentialAction\":[{\"@type\":\"ReadAction\",\"target\":[\"https:\\\/\\\/www.koonings.com\\\/fr\\\/product\\\/berta-bridal-18-111\\\/\"]}]},{\"@type\":\"ImageObject\",\"inLanguage\":\"fr-FR\",\"@id\":\"https:\\\/\\\/www.koonings.com\\\/fr\\\/product\\\/berta-bridal-18-111\\\/#primaryimage\",\"url\":\"https:\\\/\\\/www.koonings.com\\\/wp-content\\\/uploads\\\/2024\\\/11\\\/1081_0a20b778424d85366fd8ffa772fe3cb4b8aa077ba4742a89361b0e0edf3e388e39e56dd8.jpeg\",\"contentUrl\":\"https:\\\/\\\/www.koonings.com\\\/wp-content\\\/uploads\\\/2024\\\/11\\\/1081_0a20b778424d85366fd8ffa772fe3cb4b8aa077ba4742a89361b0e0edf3e388e39e56dd8.jpeg\",\"width\":1231,\"height\":1740},{\"@type\":\"BreadcrumbList\",\"@id\":\"https:\\\/\\\/www.koonings.com\\\/fr\\\/product\\\/berta-bridal-18-111\\\/#breadcrumb\",\"itemListElement\":[{\"@type\":\"ListItem\",\"position\":1,\"name\":\"Home\",\"item\":\"https:\\\/\\\/www.koonings.com\\\/fr\\\/\"},{\"@type\":\"ListItem\",\"position\":2,\"name\":\"Berta Bridal 18-111\"}]},{\"@type\":\"WebSite\",\"@id\":\"https:\\\/\\\/www.koonings.com\\\/fr\\\/#website\",\"url\":\"https:\\\/\\\/www.koonings.com\\\/fr\\\/\",\"name\":\"Koonings\",\"description\":\"De grootste bruidsmodewinkel ter wereld\",\"publisher\":{\"@id\":\"https:\\\/\\\/www.koonings.com\\\/fr\\\/#organization\"},\"potentialAction\":[{\"@type\":\"SearchAction\",\"target\":{\"@type\":\"EntryPoint\",\"urlTemplate\":\"https:\\\/\\\/www.koonings.com\\\/fr\\\/?s={search_term_string}\"},\"query-input\":{\"@type\":\"PropertyValueSpecification\",\"valueRequired\":true,\"valueName\":\"search_term_string\"}}],\"inLanguage\":\"fr-FR\"},{\"@type\":\"Organization\",\"@id\":\"https:\\\/\\\/www.koonings.com\\\/fr\\\/#organization\",\"name\":\"Koonings\",\"url\":\"https:\\\/\\\/www.koonings.com\\\/fr\\\/\",\"logo\":{\"@type\":\"ImageObject\",\"inLanguage\":\"fr-FR\",\"@id\":\"https:\\\/\\\/www.koonings.com\\\/fr\\\/#\\\/schema\\\/logo\\\/image\\\/\",\"url\":\"https:\\\/\\\/www.koonings.com\\\/wp-content\\\/uploads\\\/2024\\\/07\\\/logo.png\",\"contentUrl\":\"https:\\\/\\\/www.koonings.com\\\/wp-content\\\/uploads\\\/2024\\\/07\\\/logo.png\",\"width\":600,\"height\":428,\"caption\":\"Koonings\"},\"image\":{\"@id\":\"https:\\\/\\\/www.koonings.com\\\/fr\\\/#\\\/schema\\\/logo\\\/image\\\/\"},\"sameAs\":[\"https:\\\/\\\/www.facebook.com\\\/kooningstheweddingpalace\",\"https:\\\/\\\/www.instagram.com\\\/kooningstheweddingpalace\",\"https:\\\/\\\/www.pinterest.com\\\/koonings\",\"https:\\\/\\\/www.youtube.com\\\/kooningstheweddingpalace\"]}]}<\/script>\n<!-- \/ Yoast SEO plugin. -->","yoast_head_json":{"title":"Berta Bridal 18-111 | Koonings","description":"Cette robe de mari\u00e9e de Berta Bridal est le choix id\u00e9al pour les mari\u00e9es qui veulent se faire remarquer. Cette sir\u00e8ne ivoire au d\u00e9collet\u00e9 en c\u0153ur est dot\u00e9e de bretelles \u00e9troites et d'un profond d\u00e9collet\u00e9 en V. Avec cette robe sexy en dentelle et ses pierres scintillantes, vous ne manquerez pas de faire tourner toutes les t\u00eates.","robots":{"index":"index","follow":"follow","max-snippet":"max-snippet:-1","max-image-preview":"max-image-preview:large","max-video-preview":"max-video-preview:-1"},"canonical":"https:\/\/www.koonings.com\/fr\/product\/berta-bridal-18-111\/","og_locale":"fr_FR","og_type":"article","og_title":"Berta Bridal 18-111 | Koonings","og_description":"Cette robe de mari\u00e9e de Berta Bridal est le choix id\u00e9al pour les mari\u00e9es qui veulent se faire remarquer. Cette sir\u00e8ne ivoire au d\u00e9collet\u00e9 en c\u0153ur est dot\u00e9e de bretelles \u00e9troites et d'un profond d\u00e9collet\u00e9 en V. Avec cette robe sexy en dentelle et ses pierres scintillantes, vous ne manquerez pas de faire tourner toutes les t\u00eates.","og_url":"https:\/\/www.koonings.com\/fr\/product\/berta-bridal-18-111\/","og_site_name":"Koonings","article_publisher":"https:\/\/www.facebook.com\/kooningstheweddingpalace","og_image":[{"width":1231,"height":1740,"url":"https:\/\/www.koonings.com\/wp-content\/uploads\/2024\/11\/1081_0a20b778424d85366fd8ffa772fe3cb4b8aa077ba4742a89361b0e0edf3e388e39e56dd8.jpeg","type":"image\/jpeg"}],"twitter_card":"summary_large_image","schema":{"@context":"https:\/\/schema.org","@graph":[{"@type":"WebPage","@id":"https:\/\/www.koonings.com\/fr\/product\/berta-bridal-18-111\/","url":"https:\/\/www.koonings.com\/fr\/product\/berta-bridal-18-111\/","name":"Berta Bridal 18-111 | Koonings","isPartOf":{"@id":"https:\/\/www.koonings.com\/fr\/#website"},"primaryImageOfPage":{"@id":"https:\/\/www.koonings.com\/fr\/product\/berta-bridal-18-111\/#primaryimage"},"image":{"@id":"https:\/\/www.koonings.com\/fr\/product\/berta-bridal-18-111\/#primaryimage"},"thumbnailUrl":"https:\/\/www.koonings.com\/wp-content\/uploads\/2024\/11\/1081_0a20b778424d85366fd8ffa772fe3cb4b8aa077ba4742a89361b0e0edf3e388e39e56dd8.jpeg","datePublished":"2026-04-21T16:02:11+00:00","description":"Cette robe de mari\u00e9e de Berta Bridal est le choix id\u00e9al pour les mari\u00e9es qui veulent se faire remarquer. Cette sir\u00e8ne ivoire au d\u00e9collet\u00e9 en c\u0153ur est dot\u00e9e de bretelles \u00e9troites et d'un profond d\u00e9collet\u00e9 en V. Avec cette robe sexy en dentelle et ses pierres scintillantes, vous ne manquerez pas de faire tourner toutes les t\u00eates.","breadcrumb":{"@id":"https:\/\/www.koonings.com\/fr\/product\/berta-bridal-18-111\/#breadcrumb"},"inLanguage":"fr-FR","potentialAction":[{"@type":"ReadAction","target":["https:\/\/www.koonings.com\/fr\/product\/berta-bridal-18-111\/"]}]},{"@type":"ImageObject","inLanguage":"fr-FR","@id":"https:\/\/www.koonings.com\/fr\/product\/berta-bridal-18-111\/#primaryimage","url":"https:\/\/www.koonings.com\/wp-content\/uploads\/2024\/11\/1081_0a20b778424d85366fd8ffa772fe3cb4b8aa077ba4742a89361b0e0edf3e388e39e56dd8.jpeg","contentUrl":"https:\/\/www.koonings.com\/wp-content\/uploads\/2024\/11\/1081_0a20b778424d85366fd8ffa772fe3cb4b8aa077ba4742a89361b0e0edf3e388e39e56dd8.jpeg","width":1231,"height":1740},{"@type":"BreadcrumbList","@id":"https:\/\/www.koonings.com\/fr\/product\/berta-bridal-18-111\/#breadcrumb","itemListElement":[{"@type":"ListItem","position":1,"name":"Home","item":"https:\/\/www.koonings.com\/fr\/"},{"@type":"ListItem","position":2,"name":"Berta Bridal 18-111"}]},{"@type":"WebSite","@id":"https:\/\/www.koonings.com\/fr\/#website","url":"https:\/\/www.koonings.com\/fr\/","name":"Koonings","description":"De grootste bruidsmodewinkel ter wereld","publisher":{"@id":"https:\/\/www.koonings.com\/fr\/#organization"},"potentialAction":[{"@type":"SearchAction","target":{"@type":"EntryPoint","urlTemplate":"https:\/\/www.koonings.com\/fr\/?s={search_term_string}"},"query-input":{"@type":"PropertyValueSpecification","valueRequired":true,"valueName":"search_term_string"}}],"inLanguage":"fr-FR"},{"@type":"Organization","@id":"https:\/\/www.koonings.com\/fr\/#organization","name":"Koonings","url":"https:\/\/www.koonings.com\/fr\/","logo":{"@type":"ImageObject","inLanguage":"fr-FR","@id":"https:\/\/www.koonings.com\/fr\/#\/schema\/logo\/image\/","url":"https:\/\/www.koonings.com\/wp-content\/uploads\/2024\/07\/logo.png","contentUrl":"https:\/\/www.koonings.com\/wp-content\/uploads\/2024\/07\/logo.png","width":600,"height":428,"caption":"Koonings"},"image":{"@id":"https:\/\/www.koonings.com\/fr\/#\/schema\/logo\/image\/"},"sameAs":["https:\/\/www.facebook.com\/kooningstheweddingpalace","https:\/\/www.instagram.com\/kooningstheweddingpalace","https:\/\/www.pinterest.com\/koonings","https:\/\/www.youtube.com\/kooningstheweddingpalace"]}]}},"_links":{"self":[{"href":"https:\/\/www.koonings.com\/fr\/wp-json\/wp\/v2\/product\/80504","targetHints":{"allow":["GET"]}}],"collection":[{"href":"https:\/\/www.koonings.com\/fr\/wp-json\/wp\/v2\/product"}],"about":[{"href":"https:\/\/www.koonings.com\/fr\/wp-json\/wp\/v2\/types\/product"}],"wp:featuredmedia":[{"embeddable":true,"href":"https:\/\/www.koonings.com\/fr\/wp-json\/wp\/v2\/media\/76232"}],"wp:attachment":[{"href":"https:\/\/www.koonings.com\/fr\/wp-json\/wp\/v2\/media?parent=80504"}],"wp:term":[{"taxonomy":"productdetails","embeddable":true,"href":"https:\/\/www.koonings.com\/fr\/wp-json\/wp\/v2\/productdetails?post=80504"},{"taxonomy":"productneck","embeddable":true,"href":"https:\/\/www.koonings.com\/fr\/wp-json\/wp\/v2\/productneck?post=80504"},{"taxonomy":"productcolor","embeddable":true,"href":"https:\/\/www.koonings.com\/fr\/wp-json\/wp\/v2\/productcolor?post=80504"},{"taxonomy":"maat","embeddable":true,"href":"https:\/\/www.koonings.com\/fr\/wp-json\/wp\/v2\/maat?post=80504"},{"taxonomy":"productsupplier","embeddable":true,"href":"https:\/\/www.koonings.com\/fr\/wp-json\/wp\/v2\/productsupplier?post=80504"},{"taxonomy":"productsleeve","embeddable":true,"href":"https:\/\/www.koonings.com\/fr\/wp-json\/wp\/v2\/productsleeve?post=80504"},{"taxonomy":"productcategory","embeddable":true,"href":"https:\/\/www.koonings.com\/fr\/wp-json\/wp\/v2\/productcategory?post=80504"},{"taxonomy":"productsilhouette","embeddable":true,"href":"https:\/\/www.koonings.com\/fr\/wp-json\/wp\/v2\/productsilhouette?post=80504"},{"taxonomy":"productstyle","embeddable":true,"href":"https:\/\/www.koonings.com\/fr\/wp-json\/wp\/v2\/productstyle?post=80504"}],"curies":[{"name":"wp","href":"https:\/\/api.w.org\/{rel}","templated":true}]}}