{"id":80411,"date":"2026-05-06T15:22:57","date_gmt":"2026-05-06T13:22:57","guid":{"rendered":"https:\/\/www.koonings.com\/product\/demetrios-by-you-dr400t\/"},"modified":"2025-06-05T13:50:45","modified_gmt":"2025-06-05T11:50:45","slug":"demetrios-by-you-dr400t","status":"publish","type":"product","link":"https:\/\/www.koonings.com\/fr\/product\/demetrios-by-you-dr400t\/","title":{"rendered":"Demetrios By You DR400T"},"content":{"rendered":"<p>Cet ensemble deux pi\u00e8ces pr\u00e9sente un motif en tulle imprim\u00e9 de fa\u00e7on complexe qui ressemble \u00e0 un jardin magique en pleine floraison, \u00e9voquant un sentiment de beaut\u00e9 fantaisiste. Le haut d\u00e9licat et la jupe souple s&#8217;associent pour cr\u00e9er une version moderne et ludique de la tenue de mariage traditionnelle, parfaite pour les mari\u00e9es \u00e0 l&#8217;esprit libre. <\/p>\n","protected":false},"featured_media":74536,"template":"","meta":{"_acf_changed":false,"ghostkit_customizer_options":"","ghostkit_custom_css":"","ghostkit_custom_js_head":"","ghostkit_custom_js_foot":"","ghostkit_typography":""},"productdetails":[381],"productneck":[356],"productcolor":[392],"maat":[],"productsupplier":[467],"productsleeve":[359],"productcategory":[18],"productsilhouette":[391],"productstyle":[364,366],"class_list":["post-80411","product","type-product","status-publish","has-post-thumbnail","hentry","productdetails-381","productneck-356","productcolor-392","productsupplier-demetrios-by-you","productsleeve-359","productcategory-trouwjurken","productsilhouette-391","productstyle-364","productstyle-366"],"acf":[],"yoast_head":"<!-- This site is optimized with the Yoast SEO plugin v27.3 - https:\/\/yoast.com\/product\/yoast-seo-wordpress\/ -->\n<title>Demetrios By You DR400T | Koonings<\/title>\n<meta name=\"description\" content=\"Cet ensemble deux pi\u00e8ces pr\u00e9sente un motif en tulle imprim\u00e9 de fa\u00e7on complexe qui ressemble \u00e0 un jardin magique en pleine floraison, \u00e9voquant un sentiment de beaut\u00e9 fantaisiste. Le haut d\u00e9licat et la jupe souple s&#039;associent pour cr\u00e9er une version moderne et ludique de la tenue de mariage traditionnelle, parfaite pour les mari\u00e9es \u00e0 l&#039;esprit libre.\" \/>\n<meta name=\"robots\" content=\"index, follow, max-snippet:-1, max-image-preview:large, max-video-preview:-1\" \/>\n<link rel=\"canonical\" href=\"https:\/\/www.koonings.com\/fr\/product\/demetrios-by-you-dr400t\/\" \/>\n<meta property=\"og:locale\" content=\"fr_FR\" \/>\n<meta property=\"og:type\" content=\"article\" \/>\n<meta property=\"og:title\" content=\"Demetrios By You DR400T | Koonings\" \/>\n<meta property=\"og:description\" content=\"Cet ensemble deux pi\u00e8ces pr\u00e9sente un motif en tulle imprim\u00e9 de fa\u00e7on complexe qui ressemble \u00e0 un jardin magique en pleine floraison, \u00e9voquant un sentiment de beaut\u00e9 fantaisiste. Le haut d\u00e9licat et la jupe souple s&#039;associent pour cr\u00e9er une version moderne et ludique de la tenue de mariage traditionnelle, parfaite pour les mari\u00e9es \u00e0 l&#039;esprit libre.\" \/>\n<meta property=\"og:url\" content=\"https:\/\/www.koonings.com\/fr\/product\/demetrios-by-you-dr400t\/\" \/>\n<meta property=\"og:site_name\" content=\"Koonings\" \/>\n<meta property=\"article:publisher\" content=\"https:\/\/www.facebook.com\/kooningstheweddingpalace\" \/>\n<meta property=\"og:image\" content=\"https:\/\/www.koonings.com\/wp-content\/uploads\/2024\/11\/40878_f890168748a2d663e107bea23a9152cef498a1cd43eb22342c548519a739587a56231395-scaled.jpeg\" \/>\n\t<meta property=\"og:image:width\" content=\"1812\" \/>\n\t<meta property=\"og:image:height\" content=\"2560\" \/>\n\t<meta property=\"og:image:type\" content=\"image\/jpeg\" \/>\n<meta name=\"twitter:card\" content=\"summary_large_image\" \/>\n<script type=\"application\/ld+json\" class=\"yoast-schema-graph\">{\"@context\":\"https:\\\/\\\/schema.org\",\"@graph\":[{\"@type\":\"WebPage\",\"@id\":\"https:\\\/\\\/www.koonings.com\\\/fr\\\/product\\\/demetrios-by-you-dr400t\\\/\",\"url\":\"https:\\\/\\\/www.koonings.com\\\/fr\\\/product\\\/demetrios-by-you-dr400t\\\/\",\"name\":\"Demetrios By You DR400T | Koonings\",\"isPartOf\":{\"@id\":\"https:\\\/\\\/www.koonings.com\\\/fr\\\/#website\"},\"primaryImageOfPage\":{\"@id\":\"https:\\\/\\\/www.koonings.com\\\/fr\\\/product\\\/demetrios-by-you-dr400t\\\/#primaryimage\"},\"image\":{\"@id\":\"https:\\\/\\\/www.koonings.com\\\/fr\\\/product\\\/demetrios-by-you-dr400t\\\/#primaryimage\"},\"thumbnailUrl\":\"https:\\\/\\\/www.koonings.com\\\/wp-content\\\/uploads\\\/2024\\\/11\\\/40878_f890168748a2d663e107bea23a9152cef498a1cd43eb22342c548519a739587a56231395-scaled.jpeg\",\"datePublished\":\"2026-05-06T13:22:57+00:00\",\"description\":\"Cet ensemble deux pi\u00e8ces pr\u00e9sente un motif en tulle imprim\u00e9 de fa\u00e7on complexe qui ressemble \u00e0 un jardin magique en pleine floraison, \u00e9voquant un sentiment de beaut\u00e9 fantaisiste. Le haut d\u00e9licat et la jupe souple s'associent pour cr\u00e9er une version moderne et ludique de la tenue de mariage traditionnelle, parfaite pour les mari\u00e9es \u00e0 l'esprit libre.\",\"breadcrumb\":{\"@id\":\"https:\\\/\\\/www.koonings.com\\\/fr\\\/product\\\/demetrios-by-you-dr400t\\\/#breadcrumb\"},\"inLanguage\":\"fr-FR\",\"potentialAction\":[{\"@type\":\"ReadAction\",\"target\":[\"https:\\\/\\\/www.koonings.com\\\/fr\\\/product\\\/demetrios-by-you-dr400t\\\/\"]}]},{\"@type\":\"ImageObject\",\"inLanguage\":\"fr-FR\",\"@id\":\"https:\\\/\\\/www.koonings.com\\\/fr\\\/product\\\/demetrios-by-you-dr400t\\\/#primaryimage\",\"url\":\"https:\\\/\\\/www.koonings.com\\\/wp-content\\\/uploads\\\/2024\\\/11\\\/40878_f890168748a2d663e107bea23a9152cef498a1cd43eb22342c548519a739587a56231395-scaled.jpeg\",\"contentUrl\":\"https:\\\/\\\/www.koonings.com\\\/wp-content\\\/uploads\\\/2024\\\/11\\\/40878_f890168748a2d663e107bea23a9152cef498a1cd43eb22342c548519a739587a56231395-scaled.jpeg\",\"width\":1812,\"height\":2560},{\"@type\":\"BreadcrumbList\",\"@id\":\"https:\\\/\\\/www.koonings.com\\\/fr\\\/product\\\/demetrios-by-you-dr400t\\\/#breadcrumb\",\"itemListElement\":[{\"@type\":\"ListItem\",\"position\":1,\"name\":\"Home\",\"item\":\"https:\\\/\\\/www.koonings.com\\\/fr\\\/\"},{\"@type\":\"ListItem\",\"position\":2,\"name\":\"Demetrios By You DR400T\"}]},{\"@type\":\"WebSite\",\"@id\":\"https:\\\/\\\/www.koonings.com\\\/fr\\\/#website\",\"url\":\"https:\\\/\\\/www.koonings.com\\\/fr\\\/\",\"name\":\"Koonings\",\"description\":\"De grootste bruidsmodewinkel ter wereld\",\"publisher\":{\"@id\":\"https:\\\/\\\/www.koonings.com\\\/fr\\\/#organization\"},\"potentialAction\":[{\"@type\":\"SearchAction\",\"target\":{\"@type\":\"EntryPoint\",\"urlTemplate\":\"https:\\\/\\\/www.koonings.com\\\/fr\\\/?s={search_term_string}\"},\"query-input\":{\"@type\":\"PropertyValueSpecification\",\"valueRequired\":true,\"valueName\":\"search_term_string\"}}],\"inLanguage\":\"fr-FR\"},{\"@type\":\"Organization\",\"@id\":\"https:\\\/\\\/www.koonings.com\\\/fr\\\/#organization\",\"name\":\"Koonings\",\"url\":\"https:\\\/\\\/www.koonings.com\\\/fr\\\/\",\"logo\":{\"@type\":\"ImageObject\",\"inLanguage\":\"fr-FR\",\"@id\":\"https:\\\/\\\/www.koonings.com\\\/fr\\\/#\\\/schema\\\/logo\\\/image\\\/\",\"url\":\"https:\\\/\\\/www.koonings.com\\\/wp-content\\\/uploads\\\/2024\\\/07\\\/logo.png\",\"contentUrl\":\"https:\\\/\\\/www.koonings.com\\\/wp-content\\\/uploads\\\/2024\\\/07\\\/logo.png\",\"width\":600,\"height\":428,\"caption\":\"Koonings\"},\"image\":{\"@id\":\"https:\\\/\\\/www.koonings.com\\\/fr\\\/#\\\/schema\\\/logo\\\/image\\\/\"},\"sameAs\":[\"https:\\\/\\\/www.facebook.com\\\/kooningstheweddingpalace\",\"https:\\\/\\\/www.instagram.com\\\/kooningstheweddingpalace\",\"https:\\\/\\\/www.pinterest.com\\\/koonings\",\"https:\\\/\\\/www.youtube.com\\\/kooningstheweddingpalace\"]}]}<\/script>\n<!-- \/ Yoast SEO plugin. -->","yoast_head_json":{"title":"Demetrios By You DR400T | Koonings","description":"Cet ensemble deux pi\u00e8ces pr\u00e9sente un motif en tulle imprim\u00e9 de fa\u00e7on complexe qui ressemble \u00e0 un jardin magique en pleine floraison, \u00e9voquant un sentiment de beaut\u00e9 fantaisiste. Le haut d\u00e9licat et la jupe souple s'associent pour cr\u00e9er une version moderne et ludique de la tenue de mariage traditionnelle, parfaite pour les mari\u00e9es \u00e0 l'esprit libre.","robots":{"index":"index","follow":"follow","max-snippet":"max-snippet:-1","max-image-preview":"max-image-preview:large","max-video-preview":"max-video-preview:-1"},"canonical":"https:\/\/www.koonings.com\/fr\/product\/demetrios-by-you-dr400t\/","og_locale":"fr_FR","og_type":"article","og_title":"Demetrios By You DR400T | Koonings","og_description":"Cet ensemble deux pi\u00e8ces pr\u00e9sente un motif en tulle imprim\u00e9 de fa\u00e7on complexe qui ressemble \u00e0 un jardin magique en pleine floraison, \u00e9voquant un sentiment de beaut\u00e9 fantaisiste. Le haut d\u00e9licat et la jupe souple s'associent pour cr\u00e9er une version moderne et ludique de la tenue de mariage traditionnelle, parfaite pour les mari\u00e9es \u00e0 l'esprit libre.","og_url":"https:\/\/www.koonings.com\/fr\/product\/demetrios-by-you-dr400t\/","og_site_name":"Koonings","article_publisher":"https:\/\/www.facebook.com\/kooningstheweddingpalace","og_image":[{"width":1812,"height":2560,"url":"https:\/\/www.koonings.com\/wp-content\/uploads\/2024\/11\/40878_f890168748a2d663e107bea23a9152cef498a1cd43eb22342c548519a739587a56231395-scaled.jpeg","type":"image\/jpeg"}],"twitter_card":"summary_large_image","schema":{"@context":"https:\/\/schema.org","@graph":[{"@type":"WebPage","@id":"https:\/\/www.koonings.com\/fr\/product\/demetrios-by-you-dr400t\/","url":"https:\/\/www.koonings.com\/fr\/product\/demetrios-by-you-dr400t\/","name":"Demetrios By You DR400T | Koonings","isPartOf":{"@id":"https:\/\/www.koonings.com\/fr\/#website"},"primaryImageOfPage":{"@id":"https:\/\/www.koonings.com\/fr\/product\/demetrios-by-you-dr400t\/#primaryimage"},"image":{"@id":"https:\/\/www.koonings.com\/fr\/product\/demetrios-by-you-dr400t\/#primaryimage"},"thumbnailUrl":"https:\/\/www.koonings.com\/wp-content\/uploads\/2024\/11\/40878_f890168748a2d663e107bea23a9152cef498a1cd43eb22342c548519a739587a56231395-scaled.jpeg","datePublished":"2026-05-06T13:22:57+00:00","description":"Cet ensemble deux pi\u00e8ces pr\u00e9sente un motif en tulle imprim\u00e9 de fa\u00e7on complexe qui ressemble \u00e0 un jardin magique en pleine floraison, \u00e9voquant un sentiment de beaut\u00e9 fantaisiste. Le haut d\u00e9licat et la jupe souple s'associent pour cr\u00e9er une version moderne et ludique de la tenue de mariage traditionnelle, parfaite pour les mari\u00e9es \u00e0 l'esprit libre.","breadcrumb":{"@id":"https:\/\/www.koonings.com\/fr\/product\/demetrios-by-you-dr400t\/#breadcrumb"},"inLanguage":"fr-FR","potentialAction":[{"@type":"ReadAction","target":["https:\/\/www.koonings.com\/fr\/product\/demetrios-by-you-dr400t\/"]}]},{"@type":"ImageObject","inLanguage":"fr-FR","@id":"https:\/\/www.koonings.com\/fr\/product\/demetrios-by-you-dr400t\/#primaryimage","url":"https:\/\/www.koonings.com\/wp-content\/uploads\/2024\/11\/40878_f890168748a2d663e107bea23a9152cef498a1cd43eb22342c548519a739587a56231395-scaled.jpeg","contentUrl":"https:\/\/www.koonings.com\/wp-content\/uploads\/2024\/11\/40878_f890168748a2d663e107bea23a9152cef498a1cd43eb22342c548519a739587a56231395-scaled.jpeg","width":1812,"height":2560},{"@type":"BreadcrumbList","@id":"https:\/\/www.koonings.com\/fr\/product\/demetrios-by-you-dr400t\/#breadcrumb","itemListElement":[{"@type":"ListItem","position":1,"name":"Home","item":"https:\/\/www.koonings.com\/fr\/"},{"@type":"ListItem","position":2,"name":"Demetrios By You DR400T"}]},{"@type":"WebSite","@id":"https:\/\/www.koonings.com\/fr\/#website","url":"https:\/\/www.koonings.com\/fr\/","name":"Koonings","description":"De grootste bruidsmodewinkel ter wereld","publisher":{"@id":"https:\/\/www.koonings.com\/fr\/#organization"},"potentialAction":[{"@type":"SearchAction","target":{"@type":"EntryPoint","urlTemplate":"https:\/\/www.koonings.com\/fr\/?s={search_term_string}"},"query-input":{"@type":"PropertyValueSpecification","valueRequired":true,"valueName":"search_term_string"}}],"inLanguage":"fr-FR"},{"@type":"Organization","@id":"https:\/\/www.koonings.com\/fr\/#organization","name":"Koonings","url":"https:\/\/www.koonings.com\/fr\/","logo":{"@type":"ImageObject","inLanguage":"fr-FR","@id":"https:\/\/www.koonings.com\/fr\/#\/schema\/logo\/image\/","url":"https:\/\/www.koonings.com\/wp-content\/uploads\/2024\/07\/logo.png","contentUrl":"https:\/\/www.koonings.com\/wp-content\/uploads\/2024\/07\/logo.png","width":600,"height":428,"caption":"Koonings"},"image":{"@id":"https:\/\/www.koonings.com\/fr\/#\/schema\/logo\/image\/"},"sameAs":["https:\/\/www.facebook.com\/kooningstheweddingpalace","https:\/\/www.instagram.com\/kooningstheweddingpalace","https:\/\/www.pinterest.com\/koonings","https:\/\/www.youtube.com\/kooningstheweddingpalace"]}]}},"_links":{"self":[{"href":"https:\/\/www.koonings.com\/fr\/wp-json\/wp\/v2\/product\/80411","targetHints":{"allow":["GET"]}}],"collection":[{"href":"https:\/\/www.koonings.com\/fr\/wp-json\/wp\/v2\/product"}],"about":[{"href":"https:\/\/www.koonings.com\/fr\/wp-json\/wp\/v2\/types\/product"}],"wp:featuredmedia":[{"embeddable":true,"href":"https:\/\/www.koonings.com\/fr\/wp-json\/wp\/v2\/media\/74536"}],"wp:attachment":[{"href":"https:\/\/www.koonings.com\/fr\/wp-json\/wp\/v2\/media?parent=80411"}],"wp:term":[{"taxonomy":"productdetails","embeddable":true,"href":"https:\/\/www.koonings.com\/fr\/wp-json\/wp\/v2\/productdetails?post=80411"},{"taxonomy":"productneck","embeddable":true,"href":"https:\/\/www.koonings.com\/fr\/wp-json\/wp\/v2\/productneck?post=80411"},{"taxonomy":"productcolor","embeddable":true,"href":"https:\/\/www.koonings.com\/fr\/wp-json\/wp\/v2\/productcolor?post=80411"},{"taxonomy":"maat","embeddable":true,"href":"https:\/\/www.koonings.com\/fr\/wp-json\/wp\/v2\/maat?post=80411"},{"taxonomy":"productsupplier","embeddable":true,"href":"https:\/\/www.koonings.com\/fr\/wp-json\/wp\/v2\/productsupplier?post=80411"},{"taxonomy":"productsleeve","embeddable":true,"href":"https:\/\/www.koonings.com\/fr\/wp-json\/wp\/v2\/productsleeve?post=80411"},{"taxonomy":"productcategory","embeddable":true,"href":"https:\/\/www.koonings.com\/fr\/wp-json\/wp\/v2\/productcategory?post=80411"},{"taxonomy":"productsilhouette","embeddable":true,"href":"https:\/\/www.koonings.com\/fr\/wp-json\/wp\/v2\/productsilhouette?post=80411"},{"taxonomy":"productstyle","embeddable":true,"href":"https:\/\/www.koonings.com\/fr\/wp-json\/wp\/v2\/productstyle?post=80411"}],"curies":[{"name":"wp","href":"https:\/\/api.w.org\/{rel}","templated":true}]}}