{"id":80389,"date":"2026-05-06T15:16:59","date_gmt":"2026-05-06T13:16:59","guid":{"rendered":"https:\/\/www.koonings.com\/product\/viktor-and-rolf-vrm411\/"},"modified":"2025-06-05T13:54:40","modified_gmt":"2025-06-05T11:54:40","slug":"viktor-and-rolf-vrm411","status":"publish","type":"product","link":"https:\/\/www.koonings.com\/fr\/product\/viktor-and-rolf-vrm411\/","title":{"rendered":"Viktor and Rolf VRM411"},"content":{"rendered":"<p>Cette robe de bal pr\u00e9sente une jupe en tulle combin\u00e9e \u00e0 un corsage en organza, le tout compl\u00e9t\u00e9 par une \u00e9l\u00e9gante encolure en forme de c\u0153ur et des manches d\u00e9collet\u00e9es. Le corsage en organza est orn\u00e9 d&#8217;une ceinture drap\u00e9e en cr\u00eape extensible et de fleurs de jardin romantiques, qui s&#8217;\u00e9coulent gracieusement sur la jupe volumineuse en tulle pour former une tra\u00eene dans le dos. <\/p>\n","protected":false},"featured_media":76518,"template":"","meta":{"_acf_changed":false,"ghostkit_customizer_options":"","ghostkit_custom_css":"","ghostkit_custom_js_head":"","ghostkit_custom_js_foot":"","ghostkit_typography":""},"productdetails":[379,381],"productneck":[355],"productcolor":[392],"maat":[],"productsupplier":[440],"productsleeve":[363],"productcategory":[18],"productsilhouette":[388],"productstyle":[367,366],"class_list":["post-80389","product","type-product","status-publish","has-post-thumbnail","hentry","productdetails-379","productdetails-381","productneck-355","productcolor-392","productsupplier-viktor-and-rolf","productsleeve-363","productcategory-trouwjurken","productsilhouette-388","productstyle-367","productstyle-366"],"acf":[],"yoast_head":"<!-- This site is optimized with the Yoast SEO plugin v27.3 - https:\/\/yoast.com\/product\/yoast-seo-wordpress\/ -->\n<title>Viktor and Rolf VRM411 | Koonings<\/title>\n<meta name=\"description\" content=\"Cette robe de bal pr\u00e9sente une jupe en tulle combin\u00e9e \u00e0 un corsage en organza, le tout compl\u00e9t\u00e9 par une \u00e9l\u00e9gante encolure en forme de c\u0153ur et des manches d\u00e9collet\u00e9es. Le corsage en organza est orn\u00e9 d&#039;une ceinture drap\u00e9e en cr\u00eape extensible et de fleurs de jardin romantiques, qui s&#039;\u00e9coulent gracieusement sur la jupe volumineuse en tulle pour former une tra\u00eene dans le dos.\" \/>\n<meta name=\"robots\" content=\"index, follow, max-snippet:-1, max-image-preview:large, max-video-preview:-1\" \/>\n<link rel=\"canonical\" href=\"https:\/\/www.koonings.com\/fr\/product\/viktor-and-rolf-vrm411\/\" \/>\n<meta property=\"og:locale\" content=\"fr_FR\" \/>\n<meta property=\"og:type\" content=\"article\" \/>\n<meta property=\"og:title\" content=\"Viktor and Rolf VRM411 | Koonings\" \/>\n<meta property=\"og:description\" content=\"Cette robe de bal pr\u00e9sente une jupe en tulle combin\u00e9e \u00e0 un corsage en organza, le tout compl\u00e9t\u00e9 par une \u00e9l\u00e9gante encolure en forme de c\u0153ur et des manches d\u00e9collet\u00e9es. Le corsage en organza est orn\u00e9 d&#039;une ceinture drap\u00e9e en cr\u00eape extensible et de fleurs de jardin romantiques, qui s&#039;\u00e9coulent gracieusement sur la jupe volumineuse en tulle pour former une tra\u00eene dans le dos.\" \/>\n<meta property=\"og:url\" content=\"https:\/\/www.koonings.com\/fr\/product\/viktor-and-rolf-vrm411\/\" \/>\n<meta property=\"og:site_name\" content=\"Koonings\" \/>\n<meta property=\"article:publisher\" content=\"https:\/\/www.facebook.com\/kooningstheweddingpalace\" \/>\n<meta property=\"og:image\" content=\"https:\/\/www.koonings.com\/wp-content\/uploads\/2024\/11\/40303_f9f48bc09c42b24d66f5700c9a9e16a6599538f5258689a52331c6b9a46c9c13e8836bb0-scaled.webp\" \/>\n\t<meta property=\"og:image:width\" content=\"2048\" \/>\n\t<meta property=\"og:image:height\" content=\"2560\" \/>\n\t<meta property=\"og:image:type\" content=\"image\/webp\" \/>\n<meta name=\"twitter:card\" content=\"summary_large_image\" \/>\n<script type=\"application\/ld+json\" class=\"yoast-schema-graph\">{\"@context\":\"https:\\\/\\\/schema.org\",\"@graph\":[{\"@type\":\"WebPage\",\"@id\":\"https:\\\/\\\/www.koonings.com\\\/fr\\\/product\\\/viktor-and-rolf-vrm411\\\/\",\"url\":\"https:\\\/\\\/www.koonings.com\\\/fr\\\/product\\\/viktor-and-rolf-vrm411\\\/\",\"name\":\"Viktor and Rolf VRM411 | Koonings\",\"isPartOf\":{\"@id\":\"https:\\\/\\\/www.koonings.com\\\/fr\\\/#website\"},\"primaryImageOfPage\":{\"@id\":\"https:\\\/\\\/www.koonings.com\\\/fr\\\/product\\\/viktor-and-rolf-vrm411\\\/#primaryimage\"},\"image\":{\"@id\":\"https:\\\/\\\/www.koonings.com\\\/fr\\\/product\\\/viktor-and-rolf-vrm411\\\/#primaryimage\"},\"thumbnailUrl\":\"https:\\\/\\\/www.koonings.com\\\/wp-content\\\/uploads\\\/2024\\\/11\\\/40303_f9f48bc09c42b24d66f5700c9a9e16a6599538f5258689a52331c6b9a46c9c13e8836bb0-scaled.webp\",\"datePublished\":\"2026-05-06T13:16:59+00:00\",\"description\":\"Cette robe de bal pr\u00e9sente une jupe en tulle combin\u00e9e \u00e0 un corsage en organza, le tout compl\u00e9t\u00e9 par une \u00e9l\u00e9gante encolure en forme de c\u0153ur et des manches d\u00e9collet\u00e9es. Le corsage en organza est orn\u00e9 d'une ceinture drap\u00e9e en cr\u00eape extensible et de fleurs de jardin romantiques, qui s'\u00e9coulent gracieusement sur la jupe volumineuse en tulle pour former une tra\u00eene dans le dos.\",\"breadcrumb\":{\"@id\":\"https:\\\/\\\/www.koonings.com\\\/fr\\\/product\\\/viktor-and-rolf-vrm411\\\/#breadcrumb\"},\"inLanguage\":\"fr-FR\",\"potentialAction\":[{\"@type\":\"ReadAction\",\"target\":[\"https:\\\/\\\/www.koonings.com\\\/fr\\\/product\\\/viktor-and-rolf-vrm411\\\/\"]}]},{\"@type\":\"ImageObject\",\"inLanguage\":\"fr-FR\",\"@id\":\"https:\\\/\\\/www.koonings.com\\\/fr\\\/product\\\/viktor-and-rolf-vrm411\\\/#primaryimage\",\"url\":\"https:\\\/\\\/www.koonings.com\\\/wp-content\\\/uploads\\\/2024\\\/11\\\/40303_f9f48bc09c42b24d66f5700c9a9e16a6599538f5258689a52331c6b9a46c9c13e8836bb0-scaled.webp\",\"contentUrl\":\"https:\\\/\\\/www.koonings.com\\\/wp-content\\\/uploads\\\/2024\\\/11\\\/40303_f9f48bc09c42b24d66f5700c9a9e16a6599538f5258689a52331c6b9a46c9c13e8836bb0-scaled.webp\",\"width\":2048,\"height\":2560},{\"@type\":\"BreadcrumbList\",\"@id\":\"https:\\\/\\\/www.koonings.com\\\/fr\\\/product\\\/viktor-and-rolf-vrm411\\\/#breadcrumb\",\"itemListElement\":[{\"@type\":\"ListItem\",\"position\":1,\"name\":\"Home\",\"item\":\"https:\\\/\\\/www.koonings.com\\\/fr\\\/\"},{\"@type\":\"ListItem\",\"position\":2,\"name\":\"Viktor and Rolf VRM411\"}]},{\"@type\":\"WebSite\",\"@id\":\"https:\\\/\\\/www.koonings.com\\\/fr\\\/#website\",\"url\":\"https:\\\/\\\/www.koonings.com\\\/fr\\\/\",\"name\":\"Koonings\",\"description\":\"De grootste bruidsmodewinkel ter wereld\",\"publisher\":{\"@id\":\"https:\\\/\\\/www.koonings.com\\\/fr\\\/#organization\"},\"potentialAction\":[{\"@type\":\"SearchAction\",\"target\":{\"@type\":\"EntryPoint\",\"urlTemplate\":\"https:\\\/\\\/www.koonings.com\\\/fr\\\/?s={search_term_string}\"},\"query-input\":{\"@type\":\"PropertyValueSpecification\",\"valueRequired\":true,\"valueName\":\"search_term_string\"}}],\"inLanguage\":\"fr-FR\"},{\"@type\":\"Organization\",\"@id\":\"https:\\\/\\\/www.koonings.com\\\/fr\\\/#organization\",\"name\":\"Koonings\",\"url\":\"https:\\\/\\\/www.koonings.com\\\/fr\\\/\",\"logo\":{\"@type\":\"ImageObject\",\"inLanguage\":\"fr-FR\",\"@id\":\"https:\\\/\\\/www.koonings.com\\\/fr\\\/#\\\/schema\\\/logo\\\/image\\\/\",\"url\":\"https:\\\/\\\/www.koonings.com\\\/wp-content\\\/uploads\\\/2024\\\/07\\\/logo.png\",\"contentUrl\":\"https:\\\/\\\/www.koonings.com\\\/wp-content\\\/uploads\\\/2024\\\/07\\\/logo.png\",\"width\":600,\"height\":428,\"caption\":\"Koonings\"},\"image\":{\"@id\":\"https:\\\/\\\/www.koonings.com\\\/fr\\\/#\\\/schema\\\/logo\\\/image\\\/\"},\"sameAs\":[\"https:\\\/\\\/www.facebook.com\\\/kooningstheweddingpalace\",\"https:\\\/\\\/www.instagram.com\\\/kooningstheweddingpalace\",\"https:\\\/\\\/www.pinterest.com\\\/koonings\",\"https:\\\/\\\/www.youtube.com\\\/kooningstheweddingpalace\"]}]}<\/script>\n<!-- \/ Yoast SEO plugin. -->","yoast_head_json":{"title":"Viktor and Rolf VRM411 | Koonings","description":"Cette robe de bal pr\u00e9sente une jupe en tulle combin\u00e9e \u00e0 un corsage en organza, le tout compl\u00e9t\u00e9 par une \u00e9l\u00e9gante encolure en forme de c\u0153ur et des manches d\u00e9collet\u00e9es. Le corsage en organza est orn\u00e9 d'une ceinture drap\u00e9e en cr\u00eape extensible et de fleurs de jardin romantiques, qui s'\u00e9coulent gracieusement sur la jupe volumineuse en tulle pour former une tra\u00eene dans le dos.","robots":{"index":"index","follow":"follow","max-snippet":"max-snippet:-1","max-image-preview":"max-image-preview:large","max-video-preview":"max-video-preview:-1"},"canonical":"https:\/\/www.koonings.com\/fr\/product\/viktor-and-rolf-vrm411\/","og_locale":"fr_FR","og_type":"article","og_title":"Viktor and Rolf VRM411 | Koonings","og_description":"Cette robe de bal pr\u00e9sente une jupe en tulle combin\u00e9e \u00e0 un corsage en organza, le tout compl\u00e9t\u00e9 par une \u00e9l\u00e9gante encolure en forme de c\u0153ur et des manches d\u00e9collet\u00e9es. Le corsage en organza est orn\u00e9 d'une ceinture drap\u00e9e en cr\u00eape extensible et de fleurs de jardin romantiques, qui s'\u00e9coulent gracieusement sur la jupe volumineuse en tulle pour former une tra\u00eene dans le dos.","og_url":"https:\/\/www.koonings.com\/fr\/product\/viktor-and-rolf-vrm411\/","og_site_name":"Koonings","article_publisher":"https:\/\/www.facebook.com\/kooningstheweddingpalace","og_image":[{"width":2048,"height":2560,"url":"https:\/\/www.koonings.com\/wp-content\/uploads\/2024\/11\/40303_f9f48bc09c42b24d66f5700c9a9e16a6599538f5258689a52331c6b9a46c9c13e8836bb0-scaled.webp","type":"image\/webp"}],"twitter_card":"summary_large_image","schema":{"@context":"https:\/\/schema.org","@graph":[{"@type":"WebPage","@id":"https:\/\/www.koonings.com\/fr\/product\/viktor-and-rolf-vrm411\/","url":"https:\/\/www.koonings.com\/fr\/product\/viktor-and-rolf-vrm411\/","name":"Viktor and Rolf VRM411 | Koonings","isPartOf":{"@id":"https:\/\/www.koonings.com\/fr\/#website"},"primaryImageOfPage":{"@id":"https:\/\/www.koonings.com\/fr\/product\/viktor-and-rolf-vrm411\/#primaryimage"},"image":{"@id":"https:\/\/www.koonings.com\/fr\/product\/viktor-and-rolf-vrm411\/#primaryimage"},"thumbnailUrl":"https:\/\/www.koonings.com\/wp-content\/uploads\/2024\/11\/40303_f9f48bc09c42b24d66f5700c9a9e16a6599538f5258689a52331c6b9a46c9c13e8836bb0-scaled.webp","datePublished":"2026-05-06T13:16:59+00:00","description":"Cette robe de bal pr\u00e9sente une jupe en tulle combin\u00e9e \u00e0 un corsage en organza, le tout compl\u00e9t\u00e9 par une \u00e9l\u00e9gante encolure en forme de c\u0153ur et des manches d\u00e9collet\u00e9es. Le corsage en organza est orn\u00e9 d'une ceinture drap\u00e9e en cr\u00eape extensible et de fleurs de jardin romantiques, qui s'\u00e9coulent gracieusement sur la jupe volumineuse en tulle pour former une tra\u00eene dans le dos.","breadcrumb":{"@id":"https:\/\/www.koonings.com\/fr\/product\/viktor-and-rolf-vrm411\/#breadcrumb"},"inLanguage":"fr-FR","potentialAction":[{"@type":"ReadAction","target":["https:\/\/www.koonings.com\/fr\/product\/viktor-and-rolf-vrm411\/"]}]},{"@type":"ImageObject","inLanguage":"fr-FR","@id":"https:\/\/www.koonings.com\/fr\/product\/viktor-and-rolf-vrm411\/#primaryimage","url":"https:\/\/www.koonings.com\/wp-content\/uploads\/2024\/11\/40303_f9f48bc09c42b24d66f5700c9a9e16a6599538f5258689a52331c6b9a46c9c13e8836bb0-scaled.webp","contentUrl":"https:\/\/www.koonings.com\/wp-content\/uploads\/2024\/11\/40303_f9f48bc09c42b24d66f5700c9a9e16a6599538f5258689a52331c6b9a46c9c13e8836bb0-scaled.webp","width":2048,"height":2560},{"@type":"BreadcrumbList","@id":"https:\/\/www.koonings.com\/fr\/product\/viktor-and-rolf-vrm411\/#breadcrumb","itemListElement":[{"@type":"ListItem","position":1,"name":"Home","item":"https:\/\/www.koonings.com\/fr\/"},{"@type":"ListItem","position":2,"name":"Viktor and Rolf VRM411"}]},{"@type":"WebSite","@id":"https:\/\/www.koonings.com\/fr\/#website","url":"https:\/\/www.koonings.com\/fr\/","name":"Koonings","description":"De grootste bruidsmodewinkel ter wereld","publisher":{"@id":"https:\/\/www.koonings.com\/fr\/#organization"},"potentialAction":[{"@type":"SearchAction","target":{"@type":"EntryPoint","urlTemplate":"https:\/\/www.koonings.com\/fr\/?s={search_term_string}"},"query-input":{"@type":"PropertyValueSpecification","valueRequired":true,"valueName":"search_term_string"}}],"inLanguage":"fr-FR"},{"@type":"Organization","@id":"https:\/\/www.koonings.com\/fr\/#organization","name":"Koonings","url":"https:\/\/www.koonings.com\/fr\/","logo":{"@type":"ImageObject","inLanguage":"fr-FR","@id":"https:\/\/www.koonings.com\/fr\/#\/schema\/logo\/image\/","url":"https:\/\/www.koonings.com\/wp-content\/uploads\/2024\/07\/logo.png","contentUrl":"https:\/\/www.koonings.com\/wp-content\/uploads\/2024\/07\/logo.png","width":600,"height":428,"caption":"Koonings"},"image":{"@id":"https:\/\/www.koonings.com\/fr\/#\/schema\/logo\/image\/"},"sameAs":["https:\/\/www.facebook.com\/kooningstheweddingpalace","https:\/\/www.instagram.com\/kooningstheweddingpalace","https:\/\/www.pinterest.com\/koonings","https:\/\/www.youtube.com\/kooningstheweddingpalace"]}]}},"_links":{"self":[{"href":"https:\/\/www.koonings.com\/fr\/wp-json\/wp\/v2\/product\/80389","targetHints":{"allow":["GET"]}}],"collection":[{"href":"https:\/\/www.koonings.com\/fr\/wp-json\/wp\/v2\/product"}],"about":[{"href":"https:\/\/www.koonings.com\/fr\/wp-json\/wp\/v2\/types\/product"}],"wp:featuredmedia":[{"embeddable":true,"href":"https:\/\/www.koonings.com\/fr\/wp-json\/wp\/v2\/media\/76518"}],"wp:attachment":[{"href":"https:\/\/www.koonings.com\/fr\/wp-json\/wp\/v2\/media?parent=80389"}],"wp:term":[{"taxonomy":"productdetails","embeddable":true,"href":"https:\/\/www.koonings.com\/fr\/wp-json\/wp\/v2\/productdetails?post=80389"},{"taxonomy":"productneck","embeddable":true,"href":"https:\/\/www.koonings.com\/fr\/wp-json\/wp\/v2\/productneck?post=80389"},{"taxonomy":"productcolor","embeddable":true,"href":"https:\/\/www.koonings.com\/fr\/wp-json\/wp\/v2\/productcolor?post=80389"},{"taxonomy":"maat","embeddable":true,"href":"https:\/\/www.koonings.com\/fr\/wp-json\/wp\/v2\/maat?post=80389"},{"taxonomy":"productsupplier","embeddable":true,"href":"https:\/\/www.koonings.com\/fr\/wp-json\/wp\/v2\/productsupplier?post=80389"},{"taxonomy":"productsleeve","embeddable":true,"href":"https:\/\/www.koonings.com\/fr\/wp-json\/wp\/v2\/productsleeve?post=80389"},{"taxonomy":"productcategory","embeddable":true,"href":"https:\/\/www.koonings.com\/fr\/wp-json\/wp\/v2\/productcategory?post=80389"},{"taxonomy":"productsilhouette","embeddable":true,"href":"https:\/\/www.koonings.com\/fr\/wp-json\/wp\/v2\/productsilhouette?post=80389"},{"taxonomy":"productstyle","embeddable":true,"href":"https:\/\/www.koonings.com\/fr\/wp-json\/wp\/v2\/productstyle?post=80389"}],"curies":[{"name":"wp","href":"https:\/\/api.w.org\/{rel}","templated":true}]}}