{"id":80385,"date":"2026-04-14T16:18:25","date_gmt":"2026-04-14T14:18:25","guid":{"rendered":"https:\/\/www.koonings.com\/product\/viktor-and-rolf-vrm403\/"},"modified":"2025-06-05T13:54:36","modified_gmt":"2025-06-05T11:54:36","slug":"viktor-and-rolf-vrm403","status":"publish","type":"product","link":"https:\/\/www.koonings.com\/fr\/product\/viktor-and-rolf-vrm403\/","title":{"rendered":"Viktor and Rolf VRM403"},"content":{"rendered":"<p>Robe de r\u00eave en tulle ligne A avec un corsage orn\u00e9 de d\u00e9licates fleurs de jardin en cr\u00eape. L&#8217;encolure d\u00e9collet\u00e9e en forme de c\u0153ur est compl\u00e9t\u00e9e par de longues manches drap\u00e9es amovibles en tulle. La robe se termine par une jupe captivante en tulle qui se termine par un dos long et \u00e9l\u00e9gant.  <\/p>\n","protected":false},"featured_media":76509,"template":"","meta":{"_acf_changed":false,"ghostkit_customizer_options":"","ghostkit_custom_css":"","ghostkit_custom_js_head":"","ghostkit_custom_js_foot":"","ghostkit_typography":""},"productdetails":[379,381],"productneck":[355],"productcolor":[392],"maat":[],"productsupplier":[440],"productsleeve":[363],"productcategory":[18],"productsilhouette":[384],"productstyle":[367,366],"class_list":["post-80385","product","type-product","status-publish","has-post-thumbnail","hentry","productdetails-379","productdetails-381","productneck-355","productcolor-392","productsupplier-viktor-and-rolf","productsleeve-363","productcategory-trouwjurken","productsilhouette-384","productstyle-367","productstyle-366"],"acf":[],"yoast_head":"<!-- This site is optimized with the Yoast SEO plugin v27.3 - https:\/\/yoast.com\/product\/yoast-seo-wordpress\/ -->\n<title>Viktor and Rolf VRM403 | Koonings<\/title>\n<meta name=\"description\" content=\"Robe de r\u00eave en tulle ligne A avec un corsage orn\u00e9 de d\u00e9licates fleurs de jardin en cr\u00eape. L&#039;encolure d\u00e9collet\u00e9e en forme de c\u0153ur est compl\u00e9t\u00e9e par de longues manches drap\u00e9es amovibles en tulle. La robe se termine par une jupe captivante en tulle qui se termine par un dos long et \u00e9l\u00e9gant.\" \/>\n<meta name=\"robots\" content=\"index, follow, max-snippet:-1, max-image-preview:large, max-video-preview:-1\" \/>\n<link rel=\"canonical\" href=\"https:\/\/www.koonings.com\/fr\/product\/viktor-and-rolf-vrm403\/\" \/>\n<meta property=\"og:locale\" content=\"fr_FR\" \/>\n<meta property=\"og:type\" content=\"article\" \/>\n<meta property=\"og:title\" content=\"Viktor and Rolf VRM403 | Koonings\" \/>\n<meta property=\"og:description\" content=\"Robe de r\u00eave en tulle ligne A avec un corsage orn\u00e9 de d\u00e9licates fleurs de jardin en cr\u00eape. L&#039;encolure d\u00e9collet\u00e9e en forme de c\u0153ur est compl\u00e9t\u00e9e par de longues manches drap\u00e9es amovibles en tulle. La robe se termine par une jupe captivante en tulle qui se termine par un dos long et \u00e9l\u00e9gant.\" \/>\n<meta property=\"og:url\" content=\"https:\/\/www.koonings.com\/fr\/product\/viktor-and-rolf-vrm403\/\" \/>\n<meta property=\"og:site_name\" content=\"Koonings\" \/>\n<meta property=\"article:publisher\" content=\"https:\/\/www.facebook.com\/kooningstheweddingpalace\" \/>\n<meta property=\"og:image\" content=\"https:\/\/www.koonings.com\/wp-content\/uploads\/2024\/11\/40302_9ec40d7b6ea9237b2488093a32af71ebd8473872c2caa341128af3f8a897c2541e4466be-scaled.webp\" \/>\n\t<meta property=\"og:image:width\" content=\"2048\" \/>\n\t<meta property=\"og:image:height\" content=\"2560\" \/>\n\t<meta property=\"og:image:type\" content=\"image\/webp\" \/>\n<meta name=\"twitter:card\" content=\"summary_large_image\" \/>\n<script type=\"application\/ld+json\" class=\"yoast-schema-graph\">{\"@context\":\"https:\\\/\\\/schema.org\",\"@graph\":[{\"@type\":\"WebPage\",\"@id\":\"https:\\\/\\\/www.koonings.com\\\/fr\\\/product\\\/viktor-and-rolf-vrm403\\\/\",\"url\":\"https:\\\/\\\/www.koonings.com\\\/fr\\\/product\\\/viktor-and-rolf-vrm403\\\/\",\"name\":\"Viktor and Rolf VRM403 | Koonings\",\"isPartOf\":{\"@id\":\"https:\\\/\\\/www.koonings.com\\\/fr\\\/#website\"},\"primaryImageOfPage\":{\"@id\":\"https:\\\/\\\/www.koonings.com\\\/fr\\\/product\\\/viktor-and-rolf-vrm403\\\/#primaryimage\"},\"image\":{\"@id\":\"https:\\\/\\\/www.koonings.com\\\/fr\\\/product\\\/viktor-and-rolf-vrm403\\\/#primaryimage\"},\"thumbnailUrl\":\"https:\\\/\\\/www.koonings.com\\\/wp-content\\\/uploads\\\/2024\\\/11\\\/40302_9ec40d7b6ea9237b2488093a32af71ebd8473872c2caa341128af3f8a897c2541e4466be-scaled.webp\",\"datePublished\":\"2026-04-14T14:18:25+00:00\",\"description\":\"Robe de r\u00eave en tulle ligne A avec un corsage orn\u00e9 de d\u00e9licates fleurs de jardin en cr\u00eape. L'encolure d\u00e9collet\u00e9e en forme de c\u0153ur est compl\u00e9t\u00e9e par de longues manches drap\u00e9es amovibles en tulle. La robe se termine par une jupe captivante en tulle qui se termine par un dos long et \u00e9l\u00e9gant.\",\"breadcrumb\":{\"@id\":\"https:\\\/\\\/www.koonings.com\\\/fr\\\/product\\\/viktor-and-rolf-vrm403\\\/#breadcrumb\"},\"inLanguage\":\"fr-FR\",\"potentialAction\":[{\"@type\":\"ReadAction\",\"target\":[\"https:\\\/\\\/www.koonings.com\\\/fr\\\/product\\\/viktor-and-rolf-vrm403\\\/\"]}]},{\"@type\":\"ImageObject\",\"inLanguage\":\"fr-FR\",\"@id\":\"https:\\\/\\\/www.koonings.com\\\/fr\\\/product\\\/viktor-and-rolf-vrm403\\\/#primaryimage\",\"url\":\"https:\\\/\\\/www.koonings.com\\\/wp-content\\\/uploads\\\/2024\\\/11\\\/40302_9ec40d7b6ea9237b2488093a32af71ebd8473872c2caa341128af3f8a897c2541e4466be-scaled.webp\",\"contentUrl\":\"https:\\\/\\\/www.koonings.com\\\/wp-content\\\/uploads\\\/2024\\\/11\\\/40302_9ec40d7b6ea9237b2488093a32af71ebd8473872c2caa341128af3f8a897c2541e4466be-scaled.webp\",\"width\":2048,\"height\":2560},{\"@type\":\"BreadcrumbList\",\"@id\":\"https:\\\/\\\/www.koonings.com\\\/fr\\\/product\\\/viktor-and-rolf-vrm403\\\/#breadcrumb\",\"itemListElement\":[{\"@type\":\"ListItem\",\"position\":1,\"name\":\"Home\",\"item\":\"https:\\\/\\\/www.koonings.com\\\/fr\\\/\"},{\"@type\":\"ListItem\",\"position\":2,\"name\":\"Viktor and Rolf VRM403\"}]},{\"@type\":\"WebSite\",\"@id\":\"https:\\\/\\\/www.koonings.com\\\/fr\\\/#website\",\"url\":\"https:\\\/\\\/www.koonings.com\\\/fr\\\/\",\"name\":\"Koonings\",\"description\":\"De grootste bruidsmodewinkel ter wereld\",\"publisher\":{\"@id\":\"https:\\\/\\\/www.koonings.com\\\/fr\\\/#organization\"},\"potentialAction\":[{\"@type\":\"SearchAction\",\"target\":{\"@type\":\"EntryPoint\",\"urlTemplate\":\"https:\\\/\\\/www.koonings.com\\\/fr\\\/?s={search_term_string}\"},\"query-input\":{\"@type\":\"PropertyValueSpecification\",\"valueRequired\":true,\"valueName\":\"search_term_string\"}}],\"inLanguage\":\"fr-FR\"},{\"@type\":\"Organization\",\"@id\":\"https:\\\/\\\/www.koonings.com\\\/fr\\\/#organization\",\"name\":\"Koonings\",\"url\":\"https:\\\/\\\/www.koonings.com\\\/fr\\\/\",\"logo\":{\"@type\":\"ImageObject\",\"inLanguage\":\"fr-FR\",\"@id\":\"https:\\\/\\\/www.koonings.com\\\/fr\\\/#\\\/schema\\\/logo\\\/image\\\/\",\"url\":\"https:\\\/\\\/www.koonings.com\\\/wp-content\\\/uploads\\\/2024\\\/07\\\/logo.png\",\"contentUrl\":\"https:\\\/\\\/www.koonings.com\\\/wp-content\\\/uploads\\\/2024\\\/07\\\/logo.png\",\"width\":600,\"height\":428,\"caption\":\"Koonings\"},\"image\":{\"@id\":\"https:\\\/\\\/www.koonings.com\\\/fr\\\/#\\\/schema\\\/logo\\\/image\\\/\"},\"sameAs\":[\"https:\\\/\\\/www.facebook.com\\\/kooningstheweddingpalace\",\"https:\\\/\\\/www.instagram.com\\\/kooningstheweddingpalace\",\"https:\\\/\\\/www.pinterest.com\\\/koonings\",\"https:\\\/\\\/www.youtube.com\\\/kooningstheweddingpalace\"]}]}<\/script>\n<!-- \/ Yoast SEO plugin. -->","yoast_head_json":{"title":"Viktor and Rolf VRM403 | Koonings","description":"Robe de r\u00eave en tulle ligne A avec un corsage orn\u00e9 de d\u00e9licates fleurs de jardin en cr\u00eape. L'encolure d\u00e9collet\u00e9e en forme de c\u0153ur est compl\u00e9t\u00e9e par de longues manches drap\u00e9es amovibles en tulle. La robe se termine par une jupe captivante en tulle qui se termine par un dos long et \u00e9l\u00e9gant.","robots":{"index":"index","follow":"follow","max-snippet":"max-snippet:-1","max-image-preview":"max-image-preview:large","max-video-preview":"max-video-preview:-1"},"canonical":"https:\/\/www.koonings.com\/fr\/product\/viktor-and-rolf-vrm403\/","og_locale":"fr_FR","og_type":"article","og_title":"Viktor and Rolf VRM403 | Koonings","og_description":"Robe de r\u00eave en tulle ligne A avec un corsage orn\u00e9 de d\u00e9licates fleurs de jardin en cr\u00eape. L'encolure d\u00e9collet\u00e9e en forme de c\u0153ur est compl\u00e9t\u00e9e par de longues manches drap\u00e9es amovibles en tulle. La robe se termine par une jupe captivante en tulle qui se termine par un dos long et \u00e9l\u00e9gant.","og_url":"https:\/\/www.koonings.com\/fr\/product\/viktor-and-rolf-vrm403\/","og_site_name":"Koonings","article_publisher":"https:\/\/www.facebook.com\/kooningstheweddingpalace","og_image":[{"width":2048,"height":2560,"url":"https:\/\/www.koonings.com\/wp-content\/uploads\/2024\/11\/40302_9ec40d7b6ea9237b2488093a32af71ebd8473872c2caa341128af3f8a897c2541e4466be-scaled.webp","type":"image\/webp"}],"twitter_card":"summary_large_image","schema":{"@context":"https:\/\/schema.org","@graph":[{"@type":"WebPage","@id":"https:\/\/www.koonings.com\/fr\/product\/viktor-and-rolf-vrm403\/","url":"https:\/\/www.koonings.com\/fr\/product\/viktor-and-rolf-vrm403\/","name":"Viktor and Rolf VRM403 | Koonings","isPartOf":{"@id":"https:\/\/www.koonings.com\/fr\/#website"},"primaryImageOfPage":{"@id":"https:\/\/www.koonings.com\/fr\/product\/viktor-and-rolf-vrm403\/#primaryimage"},"image":{"@id":"https:\/\/www.koonings.com\/fr\/product\/viktor-and-rolf-vrm403\/#primaryimage"},"thumbnailUrl":"https:\/\/www.koonings.com\/wp-content\/uploads\/2024\/11\/40302_9ec40d7b6ea9237b2488093a32af71ebd8473872c2caa341128af3f8a897c2541e4466be-scaled.webp","datePublished":"2026-04-14T14:18:25+00:00","description":"Robe de r\u00eave en tulle ligne A avec un corsage orn\u00e9 de d\u00e9licates fleurs de jardin en cr\u00eape. L'encolure d\u00e9collet\u00e9e en forme de c\u0153ur est compl\u00e9t\u00e9e par de longues manches drap\u00e9es amovibles en tulle. La robe se termine par une jupe captivante en tulle qui se termine par un dos long et \u00e9l\u00e9gant.","breadcrumb":{"@id":"https:\/\/www.koonings.com\/fr\/product\/viktor-and-rolf-vrm403\/#breadcrumb"},"inLanguage":"fr-FR","potentialAction":[{"@type":"ReadAction","target":["https:\/\/www.koonings.com\/fr\/product\/viktor-and-rolf-vrm403\/"]}]},{"@type":"ImageObject","inLanguage":"fr-FR","@id":"https:\/\/www.koonings.com\/fr\/product\/viktor-and-rolf-vrm403\/#primaryimage","url":"https:\/\/www.koonings.com\/wp-content\/uploads\/2024\/11\/40302_9ec40d7b6ea9237b2488093a32af71ebd8473872c2caa341128af3f8a897c2541e4466be-scaled.webp","contentUrl":"https:\/\/www.koonings.com\/wp-content\/uploads\/2024\/11\/40302_9ec40d7b6ea9237b2488093a32af71ebd8473872c2caa341128af3f8a897c2541e4466be-scaled.webp","width":2048,"height":2560},{"@type":"BreadcrumbList","@id":"https:\/\/www.koonings.com\/fr\/product\/viktor-and-rolf-vrm403\/#breadcrumb","itemListElement":[{"@type":"ListItem","position":1,"name":"Home","item":"https:\/\/www.koonings.com\/fr\/"},{"@type":"ListItem","position":2,"name":"Viktor and Rolf VRM403"}]},{"@type":"WebSite","@id":"https:\/\/www.koonings.com\/fr\/#website","url":"https:\/\/www.koonings.com\/fr\/","name":"Koonings","description":"De grootste bruidsmodewinkel ter wereld","publisher":{"@id":"https:\/\/www.koonings.com\/fr\/#organization"},"potentialAction":[{"@type":"SearchAction","target":{"@type":"EntryPoint","urlTemplate":"https:\/\/www.koonings.com\/fr\/?s={search_term_string}"},"query-input":{"@type":"PropertyValueSpecification","valueRequired":true,"valueName":"search_term_string"}}],"inLanguage":"fr-FR"},{"@type":"Organization","@id":"https:\/\/www.koonings.com\/fr\/#organization","name":"Koonings","url":"https:\/\/www.koonings.com\/fr\/","logo":{"@type":"ImageObject","inLanguage":"fr-FR","@id":"https:\/\/www.koonings.com\/fr\/#\/schema\/logo\/image\/","url":"https:\/\/www.koonings.com\/wp-content\/uploads\/2024\/07\/logo.png","contentUrl":"https:\/\/www.koonings.com\/wp-content\/uploads\/2024\/07\/logo.png","width":600,"height":428,"caption":"Koonings"},"image":{"@id":"https:\/\/www.koonings.com\/fr\/#\/schema\/logo\/image\/"},"sameAs":["https:\/\/www.facebook.com\/kooningstheweddingpalace","https:\/\/www.instagram.com\/kooningstheweddingpalace","https:\/\/www.pinterest.com\/koonings","https:\/\/www.youtube.com\/kooningstheweddingpalace"]}]}},"_links":{"self":[{"href":"https:\/\/www.koonings.com\/fr\/wp-json\/wp\/v2\/product\/80385","targetHints":{"allow":["GET"]}}],"collection":[{"href":"https:\/\/www.koonings.com\/fr\/wp-json\/wp\/v2\/product"}],"about":[{"href":"https:\/\/www.koonings.com\/fr\/wp-json\/wp\/v2\/types\/product"}],"wp:featuredmedia":[{"embeddable":true,"href":"https:\/\/www.koonings.com\/fr\/wp-json\/wp\/v2\/media\/76509"}],"wp:attachment":[{"href":"https:\/\/www.koonings.com\/fr\/wp-json\/wp\/v2\/media?parent=80385"}],"wp:term":[{"taxonomy":"productdetails","embeddable":true,"href":"https:\/\/www.koonings.com\/fr\/wp-json\/wp\/v2\/productdetails?post=80385"},{"taxonomy":"productneck","embeddable":true,"href":"https:\/\/www.koonings.com\/fr\/wp-json\/wp\/v2\/productneck?post=80385"},{"taxonomy":"productcolor","embeddable":true,"href":"https:\/\/www.koonings.com\/fr\/wp-json\/wp\/v2\/productcolor?post=80385"},{"taxonomy":"maat","embeddable":true,"href":"https:\/\/www.koonings.com\/fr\/wp-json\/wp\/v2\/maat?post=80385"},{"taxonomy":"productsupplier","embeddable":true,"href":"https:\/\/www.koonings.com\/fr\/wp-json\/wp\/v2\/productsupplier?post=80385"},{"taxonomy":"productsleeve","embeddable":true,"href":"https:\/\/www.koonings.com\/fr\/wp-json\/wp\/v2\/productsleeve?post=80385"},{"taxonomy":"productcategory","embeddable":true,"href":"https:\/\/www.koonings.com\/fr\/wp-json\/wp\/v2\/productcategory?post=80385"},{"taxonomy":"productsilhouette","embeddable":true,"href":"https:\/\/www.koonings.com\/fr\/wp-json\/wp\/v2\/productsilhouette?post=80385"},{"taxonomy":"productstyle","embeddable":true,"href":"https:\/\/www.koonings.com\/fr\/wp-json\/wp\/v2\/productstyle?post=80385"}],"curies":[{"name":"wp","href":"https:\/\/api.w.org\/{rel}","templated":true}]}}