{"id":80384,"date":"2026-05-06T15:17:00","date_gmt":"2026-05-06T13:17:00","guid":{"rendered":"https:\/\/www.koonings.com\/product\/viktor-and-rolf-vrm413\/"},"modified":"2025-06-05T13:54:36","modified_gmt":"2025-06-05T11:54:36","slug":"viktor-and-rolf-vrm413","status":"publish","type":"product","link":"https:\/\/www.koonings.com\/fr\/product\/viktor-and-rolf-vrm413\/","title":{"rendered":"Viktor and Rolf VRM413"},"content":{"rendered":"<p>Une \u00e9l\u00e9gante robe de bal sans bretelles avec un corsage en mikado combin\u00e9 \u00e0 une jupe en tulle orn\u00e9e de roses en tulle textur\u00e9. Ces roses tombent gracieusement le long de la jupe de tulle a\u00e9r\u00e9e et superpos\u00e9e et s&#8217;\u00e9panouissent en une tra\u00eene volumineuse qui d\u00e9gage une impression de drame. Le corsage graphique, dot\u00e9 d&#8217;une bande serr\u00e9e, d&#8217;un n\u0153ud caract\u00e9ristique dans le dos et de boutons, met magnifiquement en valeur la silhouette de celle qui le porte.  <\/p>\n","protected":false},"featured_media":76527,"template":"","meta":{"_acf_changed":false,"ghostkit_customizer_options":"","ghostkit_custom_css":"","ghostkit_custom_js_head":"","ghostkit_custom_js_foot":"","ghostkit_typography":""},"productdetails":[379,381],"productneck":[354],"productcolor":[392],"maat":[],"productsupplier":[440],"productsleeve":[],"productcategory":[18],"productsilhouette":[388],"productstyle":[367,366],"class_list":["post-80384","product","type-product","status-publish","has-post-thumbnail","hentry","productdetails-379","productdetails-381","productneck-354","productcolor-392","productsupplier-viktor-and-rolf","productcategory-trouwjurken","productsilhouette-388","productstyle-367","productstyle-366"],"acf":[],"yoast_head":"<!-- This site is optimized with the Yoast SEO plugin v27.3 - https:\/\/yoast.com\/product\/yoast-seo-wordpress\/ -->\n<title>Viktor and Rolf VRM413 | Koonings<\/title>\n<meta name=\"description\" content=\"Une \u00e9l\u00e9gante robe de bal sans bretelles avec un corsage en mikado combin\u00e9 \u00e0 une jupe en tulle orn\u00e9e de roses en tulle textur\u00e9. Ces roses tombent gracieusement le long de la jupe de tulle a\u00e9r\u00e9e et superpos\u00e9e et s&#039;\u00e9panouissent en une tra\u00eene volumineuse qui d\u00e9gage une impression de drame. Le corsage graphique, dot\u00e9 d&#039;une bande serr\u00e9e, d&#039;un n\u0153ud caract\u00e9ristique dans le dos et de boutons, met magnifiquement en valeur la silhouette de celle qui le porte.\" \/>\n<meta name=\"robots\" content=\"index, follow, max-snippet:-1, max-image-preview:large, max-video-preview:-1\" \/>\n<link rel=\"canonical\" href=\"https:\/\/www.koonings.com\/fr\/product\/viktor-and-rolf-vrm413\/\" \/>\n<meta property=\"og:locale\" content=\"fr_FR\" \/>\n<meta property=\"og:type\" content=\"article\" \/>\n<meta property=\"og:title\" content=\"Viktor and Rolf VRM413 | Koonings\" \/>\n<meta property=\"og:description\" content=\"Une \u00e9l\u00e9gante robe de bal sans bretelles avec un corsage en mikado combin\u00e9 \u00e0 une jupe en tulle orn\u00e9e de roses en tulle textur\u00e9. Ces roses tombent gracieusement le long de la jupe de tulle a\u00e9r\u00e9e et superpos\u00e9e et s&#039;\u00e9panouissent en une tra\u00eene volumineuse qui d\u00e9gage une impression de drame. Le corsage graphique, dot\u00e9 d&#039;une bande serr\u00e9e, d&#039;un n\u0153ud caract\u00e9ristique dans le dos et de boutons, met magnifiquement en valeur la silhouette de celle qui le porte.\" \/>\n<meta property=\"og:url\" content=\"https:\/\/www.koonings.com\/fr\/product\/viktor-and-rolf-vrm413\/\" \/>\n<meta property=\"og:site_name\" content=\"Koonings\" \/>\n<meta property=\"article:publisher\" content=\"https:\/\/www.facebook.com\/kooningstheweddingpalace\" \/>\n<meta property=\"og:image\" content=\"https:\/\/www.koonings.com\/wp-content\/uploads\/2024\/11\/40304_5133da31b88f1e6f269f0d3633013f57ae67c8abccc5f61bca665677428d5eabb8179953-scaled.webp\" \/>\n\t<meta property=\"og:image:width\" content=\"2048\" \/>\n\t<meta property=\"og:image:height\" content=\"2560\" \/>\n\t<meta property=\"og:image:type\" content=\"image\/webp\" \/>\n<meta name=\"twitter:card\" content=\"summary_large_image\" \/>\n<script type=\"application\/ld+json\" class=\"yoast-schema-graph\">{\"@context\":\"https:\\\/\\\/schema.org\",\"@graph\":[{\"@type\":\"WebPage\",\"@id\":\"https:\\\/\\\/www.koonings.com\\\/fr\\\/product\\\/viktor-and-rolf-vrm413\\\/\",\"url\":\"https:\\\/\\\/www.koonings.com\\\/fr\\\/product\\\/viktor-and-rolf-vrm413\\\/\",\"name\":\"Viktor and Rolf VRM413 | Koonings\",\"isPartOf\":{\"@id\":\"https:\\\/\\\/www.koonings.com\\\/fr\\\/#website\"},\"primaryImageOfPage\":{\"@id\":\"https:\\\/\\\/www.koonings.com\\\/fr\\\/product\\\/viktor-and-rolf-vrm413\\\/#primaryimage\"},\"image\":{\"@id\":\"https:\\\/\\\/www.koonings.com\\\/fr\\\/product\\\/viktor-and-rolf-vrm413\\\/#primaryimage\"},\"thumbnailUrl\":\"https:\\\/\\\/www.koonings.com\\\/wp-content\\\/uploads\\\/2024\\\/11\\\/40304_5133da31b88f1e6f269f0d3633013f57ae67c8abccc5f61bca665677428d5eabb8179953-scaled.webp\",\"datePublished\":\"2026-05-06T13:17:00+00:00\",\"description\":\"Une \u00e9l\u00e9gante robe de bal sans bretelles avec un corsage en mikado combin\u00e9 \u00e0 une jupe en tulle orn\u00e9e de roses en tulle textur\u00e9. Ces roses tombent gracieusement le long de la jupe de tulle a\u00e9r\u00e9e et superpos\u00e9e et s'\u00e9panouissent en une tra\u00eene volumineuse qui d\u00e9gage une impression de drame. Le corsage graphique, dot\u00e9 d'une bande serr\u00e9e, d'un n\u0153ud caract\u00e9ristique dans le dos et de boutons, met magnifiquement en valeur la silhouette de celle qui le porte.\",\"breadcrumb\":{\"@id\":\"https:\\\/\\\/www.koonings.com\\\/fr\\\/product\\\/viktor-and-rolf-vrm413\\\/#breadcrumb\"},\"inLanguage\":\"fr-FR\",\"potentialAction\":[{\"@type\":\"ReadAction\",\"target\":[\"https:\\\/\\\/www.koonings.com\\\/fr\\\/product\\\/viktor-and-rolf-vrm413\\\/\"]}]},{\"@type\":\"ImageObject\",\"inLanguage\":\"fr-FR\",\"@id\":\"https:\\\/\\\/www.koonings.com\\\/fr\\\/product\\\/viktor-and-rolf-vrm413\\\/#primaryimage\",\"url\":\"https:\\\/\\\/www.koonings.com\\\/wp-content\\\/uploads\\\/2024\\\/11\\\/40304_5133da31b88f1e6f269f0d3633013f57ae67c8abccc5f61bca665677428d5eabb8179953-scaled.webp\",\"contentUrl\":\"https:\\\/\\\/www.koonings.com\\\/wp-content\\\/uploads\\\/2024\\\/11\\\/40304_5133da31b88f1e6f269f0d3633013f57ae67c8abccc5f61bca665677428d5eabb8179953-scaled.webp\",\"width\":2048,\"height\":2560},{\"@type\":\"BreadcrumbList\",\"@id\":\"https:\\\/\\\/www.koonings.com\\\/fr\\\/product\\\/viktor-and-rolf-vrm413\\\/#breadcrumb\",\"itemListElement\":[{\"@type\":\"ListItem\",\"position\":1,\"name\":\"Home\",\"item\":\"https:\\\/\\\/www.koonings.com\\\/fr\\\/\"},{\"@type\":\"ListItem\",\"position\":2,\"name\":\"Viktor and Rolf VRM413\"}]},{\"@type\":\"WebSite\",\"@id\":\"https:\\\/\\\/www.koonings.com\\\/fr\\\/#website\",\"url\":\"https:\\\/\\\/www.koonings.com\\\/fr\\\/\",\"name\":\"Koonings\",\"description\":\"De grootste bruidsmodewinkel ter wereld\",\"publisher\":{\"@id\":\"https:\\\/\\\/www.koonings.com\\\/fr\\\/#organization\"},\"potentialAction\":[{\"@type\":\"SearchAction\",\"target\":{\"@type\":\"EntryPoint\",\"urlTemplate\":\"https:\\\/\\\/www.koonings.com\\\/fr\\\/?s={search_term_string}\"},\"query-input\":{\"@type\":\"PropertyValueSpecification\",\"valueRequired\":true,\"valueName\":\"search_term_string\"}}],\"inLanguage\":\"fr-FR\"},{\"@type\":\"Organization\",\"@id\":\"https:\\\/\\\/www.koonings.com\\\/fr\\\/#organization\",\"name\":\"Koonings\",\"url\":\"https:\\\/\\\/www.koonings.com\\\/fr\\\/\",\"logo\":{\"@type\":\"ImageObject\",\"inLanguage\":\"fr-FR\",\"@id\":\"https:\\\/\\\/www.koonings.com\\\/fr\\\/#\\\/schema\\\/logo\\\/image\\\/\",\"url\":\"https:\\\/\\\/www.koonings.com\\\/wp-content\\\/uploads\\\/2024\\\/07\\\/logo.png\",\"contentUrl\":\"https:\\\/\\\/www.koonings.com\\\/wp-content\\\/uploads\\\/2024\\\/07\\\/logo.png\",\"width\":600,\"height\":428,\"caption\":\"Koonings\"},\"image\":{\"@id\":\"https:\\\/\\\/www.koonings.com\\\/fr\\\/#\\\/schema\\\/logo\\\/image\\\/\"},\"sameAs\":[\"https:\\\/\\\/www.facebook.com\\\/kooningstheweddingpalace\",\"https:\\\/\\\/www.instagram.com\\\/kooningstheweddingpalace\",\"https:\\\/\\\/www.pinterest.com\\\/koonings\",\"https:\\\/\\\/www.youtube.com\\\/kooningstheweddingpalace\"]}]}<\/script>\n<!-- \/ Yoast SEO plugin. -->","yoast_head_json":{"title":"Viktor and Rolf VRM413 | Koonings","description":"Une \u00e9l\u00e9gante robe de bal sans bretelles avec un corsage en mikado combin\u00e9 \u00e0 une jupe en tulle orn\u00e9e de roses en tulle textur\u00e9. Ces roses tombent gracieusement le long de la jupe de tulle a\u00e9r\u00e9e et superpos\u00e9e et s'\u00e9panouissent en une tra\u00eene volumineuse qui d\u00e9gage une impression de drame. Le corsage graphique, dot\u00e9 d'une bande serr\u00e9e, d'un n\u0153ud caract\u00e9ristique dans le dos et de boutons, met magnifiquement en valeur la silhouette de celle qui le porte.","robots":{"index":"index","follow":"follow","max-snippet":"max-snippet:-1","max-image-preview":"max-image-preview:large","max-video-preview":"max-video-preview:-1"},"canonical":"https:\/\/www.koonings.com\/fr\/product\/viktor-and-rolf-vrm413\/","og_locale":"fr_FR","og_type":"article","og_title":"Viktor and Rolf VRM413 | Koonings","og_description":"Une \u00e9l\u00e9gante robe de bal sans bretelles avec un corsage en mikado combin\u00e9 \u00e0 une jupe en tulle orn\u00e9e de roses en tulle textur\u00e9. Ces roses tombent gracieusement le long de la jupe de tulle a\u00e9r\u00e9e et superpos\u00e9e et s'\u00e9panouissent en une tra\u00eene volumineuse qui d\u00e9gage une impression de drame. Le corsage graphique, dot\u00e9 d'une bande serr\u00e9e, d'un n\u0153ud caract\u00e9ristique dans le dos et de boutons, met magnifiquement en valeur la silhouette de celle qui le porte.","og_url":"https:\/\/www.koonings.com\/fr\/product\/viktor-and-rolf-vrm413\/","og_site_name":"Koonings","article_publisher":"https:\/\/www.facebook.com\/kooningstheweddingpalace","og_image":[{"width":2048,"height":2560,"url":"https:\/\/www.koonings.com\/wp-content\/uploads\/2024\/11\/40304_5133da31b88f1e6f269f0d3633013f57ae67c8abccc5f61bca665677428d5eabb8179953-scaled.webp","type":"image\/webp"}],"twitter_card":"summary_large_image","schema":{"@context":"https:\/\/schema.org","@graph":[{"@type":"WebPage","@id":"https:\/\/www.koonings.com\/fr\/product\/viktor-and-rolf-vrm413\/","url":"https:\/\/www.koonings.com\/fr\/product\/viktor-and-rolf-vrm413\/","name":"Viktor and Rolf VRM413 | Koonings","isPartOf":{"@id":"https:\/\/www.koonings.com\/fr\/#website"},"primaryImageOfPage":{"@id":"https:\/\/www.koonings.com\/fr\/product\/viktor-and-rolf-vrm413\/#primaryimage"},"image":{"@id":"https:\/\/www.koonings.com\/fr\/product\/viktor-and-rolf-vrm413\/#primaryimage"},"thumbnailUrl":"https:\/\/www.koonings.com\/wp-content\/uploads\/2024\/11\/40304_5133da31b88f1e6f269f0d3633013f57ae67c8abccc5f61bca665677428d5eabb8179953-scaled.webp","datePublished":"2026-05-06T13:17:00+00:00","description":"Une \u00e9l\u00e9gante robe de bal sans bretelles avec un corsage en mikado combin\u00e9 \u00e0 une jupe en tulle orn\u00e9e de roses en tulle textur\u00e9. Ces roses tombent gracieusement le long de la jupe de tulle a\u00e9r\u00e9e et superpos\u00e9e et s'\u00e9panouissent en une tra\u00eene volumineuse qui d\u00e9gage une impression de drame. Le corsage graphique, dot\u00e9 d'une bande serr\u00e9e, d'un n\u0153ud caract\u00e9ristique dans le dos et de boutons, met magnifiquement en valeur la silhouette de celle qui le porte.","breadcrumb":{"@id":"https:\/\/www.koonings.com\/fr\/product\/viktor-and-rolf-vrm413\/#breadcrumb"},"inLanguage":"fr-FR","potentialAction":[{"@type":"ReadAction","target":["https:\/\/www.koonings.com\/fr\/product\/viktor-and-rolf-vrm413\/"]}]},{"@type":"ImageObject","inLanguage":"fr-FR","@id":"https:\/\/www.koonings.com\/fr\/product\/viktor-and-rolf-vrm413\/#primaryimage","url":"https:\/\/www.koonings.com\/wp-content\/uploads\/2024\/11\/40304_5133da31b88f1e6f269f0d3633013f57ae67c8abccc5f61bca665677428d5eabb8179953-scaled.webp","contentUrl":"https:\/\/www.koonings.com\/wp-content\/uploads\/2024\/11\/40304_5133da31b88f1e6f269f0d3633013f57ae67c8abccc5f61bca665677428d5eabb8179953-scaled.webp","width":2048,"height":2560},{"@type":"BreadcrumbList","@id":"https:\/\/www.koonings.com\/fr\/product\/viktor-and-rolf-vrm413\/#breadcrumb","itemListElement":[{"@type":"ListItem","position":1,"name":"Home","item":"https:\/\/www.koonings.com\/fr\/"},{"@type":"ListItem","position":2,"name":"Viktor and Rolf VRM413"}]},{"@type":"WebSite","@id":"https:\/\/www.koonings.com\/fr\/#website","url":"https:\/\/www.koonings.com\/fr\/","name":"Koonings","description":"De grootste bruidsmodewinkel ter wereld","publisher":{"@id":"https:\/\/www.koonings.com\/fr\/#organization"},"potentialAction":[{"@type":"SearchAction","target":{"@type":"EntryPoint","urlTemplate":"https:\/\/www.koonings.com\/fr\/?s={search_term_string}"},"query-input":{"@type":"PropertyValueSpecification","valueRequired":true,"valueName":"search_term_string"}}],"inLanguage":"fr-FR"},{"@type":"Organization","@id":"https:\/\/www.koonings.com\/fr\/#organization","name":"Koonings","url":"https:\/\/www.koonings.com\/fr\/","logo":{"@type":"ImageObject","inLanguage":"fr-FR","@id":"https:\/\/www.koonings.com\/fr\/#\/schema\/logo\/image\/","url":"https:\/\/www.koonings.com\/wp-content\/uploads\/2024\/07\/logo.png","contentUrl":"https:\/\/www.koonings.com\/wp-content\/uploads\/2024\/07\/logo.png","width":600,"height":428,"caption":"Koonings"},"image":{"@id":"https:\/\/www.koonings.com\/fr\/#\/schema\/logo\/image\/"},"sameAs":["https:\/\/www.facebook.com\/kooningstheweddingpalace","https:\/\/www.instagram.com\/kooningstheweddingpalace","https:\/\/www.pinterest.com\/koonings","https:\/\/www.youtube.com\/kooningstheweddingpalace"]}]}},"_links":{"self":[{"href":"https:\/\/www.koonings.com\/fr\/wp-json\/wp\/v2\/product\/80384","targetHints":{"allow":["GET"]}}],"collection":[{"href":"https:\/\/www.koonings.com\/fr\/wp-json\/wp\/v2\/product"}],"about":[{"href":"https:\/\/www.koonings.com\/fr\/wp-json\/wp\/v2\/types\/product"}],"wp:featuredmedia":[{"embeddable":true,"href":"https:\/\/www.koonings.com\/fr\/wp-json\/wp\/v2\/media\/76527"}],"wp:attachment":[{"href":"https:\/\/www.koonings.com\/fr\/wp-json\/wp\/v2\/media?parent=80384"}],"wp:term":[{"taxonomy":"productdetails","embeddable":true,"href":"https:\/\/www.koonings.com\/fr\/wp-json\/wp\/v2\/productdetails?post=80384"},{"taxonomy":"productneck","embeddable":true,"href":"https:\/\/www.koonings.com\/fr\/wp-json\/wp\/v2\/productneck?post=80384"},{"taxonomy":"productcolor","embeddable":true,"href":"https:\/\/www.koonings.com\/fr\/wp-json\/wp\/v2\/productcolor?post=80384"},{"taxonomy":"maat","embeddable":true,"href":"https:\/\/www.koonings.com\/fr\/wp-json\/wp\/v2\/maat?post=80384"},{"taxonomy":"productsupplier","embeddable":true,"href":"https:\/\/www.koonings.com\/fr\/wp-json\/wp\/v2\/productsupplier?post=80384"},{"taxonomy":"productsleeve","embeddable":true,"href":"https:\/\/www.koonings.com\/fr\/wp-json\/wp\/v2\/productsleeve?post=80384"},{"taxonomy":"productcategory","embeddable":true,"href":"https:\/\/www.koonings.com\/fr\/wp-json\/wp\/v2\/productcategory?post=80384"},{"taxonomy":"productsilhouette","embeddable":true,"href":"https:\/\/www.koonings.com\/fr\/wp-json\/wp\/v2\/productsilhouette?post=80384"},{"taxonomy":"productstyle","embeddable":true,"href":"https:\/\/www.koonings.com\/fr\/wp-json\/wp\/v2\/productstyle?post=80384"}],"curies":[{"name":"wp","href":"https:\/\/api.w.org\/{rel}","templated":true}]}}