{"id":80352,"date":"2026-04-14T16:12:06","date_gmt":"2026-04-14T14:12:06","guid":{"rendered":"https:\/\/www.koonings.com\/product\/modeca-zindaya\/"},"modified":"2026-02-16T15:04:33","modified_gmt":"2026-02-16T14:04:33","slug":"modeca-zindaya","status":"publish","type":"product","link":"https:\/\/www.koonings.com\/fr\/product\/modeca-zindaya\/","title":{"rendered":"Modeca Zindaya"},"content":{"rendered":"<p>Faites une entr\u00e9e remarqu\u00e9e avec cette robe noire Zindaya. Dot\u00e9e d&#8217;une silhouette de sir\u00e8ne et d&#8217;un d\u00e9collet\u00e9 romantique en forme de c\u0153ur, cette magnifique robe est un v\u00e9ritable coup de foudre. De magnifiques p\u00e9tales perl\u00e9s en 3D sont soigneusement plac\u00e9s sur toute la robe, lui conf\u00e9rant une touche \u00e9tincelante.  <\/p>\n","protected":false},"featured_media":76694,"template":"","meta":{"_acf_changed":false,"ghostkit_customizer_options":"","ghostkit_custom_css":"","ghostkit_custom_js_head":"","ghostkit_custom_js_foot":"","ghostkit_typography":""},"productdetails":[376,381],"productneck":[354,355],"productcolor":[394],"maat":[],"productsupplier":[434],"productsleeve":[],"productcategory":[18],"productsilhouette":[387],"productstyle":[366],"class_list":["post-80352","product","type-product","status-publish","has-post-thumbnail","hentry","productdetails-376","productdetails-381","productneck-354","productneck-355","productcolor-394","productsupplier-modeca","productcategory-trouwjurken","productsilhouette-387","productstyle-366"],"acf":[],"yoast_head":"<!-- This site is optimized with the Yoast SEO plugin v27.3 - https:\/\/yoast.com\/product\/yoast-seo-wordpress\/ -->\n<title>Modeca Zindaya | Koonings<\/title>\n<meta name=\"description\" content=\"Faites une entr\u00e9e remarqu\u00e9e avec cette robe noire Zindaya. Dot\u00e9e d&#039;une silhouette de sir\u00e8ne et d&#039;un d\u00e9collet\u00e9 romantique en forme de c\u0153ur, cette magnifique robe est un v\u00e9ritable coup de foudre. De magnifiques p\u00e9tales perl\u00e9s en 3D sont soigneusement plac\u00e9s sur toute la robe, lui conf\u00e9rant une touche \u00e9tincelante.\" \/>\n<meta name=\"robots\" content=\"index, follow, max-snippet:-1, max-image-preview:large, max-video-preview:-1\" \/>\n<link rel=\"canonical\" href=\"https:\/\/www.koonings.com\/fr\/product\/modeca-zindaya\/\" \/>\n<meta property=\"og:locale\" content=\"fr_FR\" \/>\n<meta property=\"og:type\" content=\"article\" \/>\n<meta property=\"og:title\" content=\"Modeca Zindaya | Koonings\" \/>\n<meta property=\"og:description\" content=\"Faites une entr\u00e9e remarqu\u00e9e avec cette robe noire Zindaya. Dot\u00e9e d&#039;une silhouette de sir\u00e8ne et d&#039;un d\u00e9collet\u00e9 romantique en forme de c\u0153ur, cette magnifique robe est un v\u00e9ritable coup de foudre. De magnifiques p\u00e9tales perl\u00e9s en 3D sont soigneusement plac\u00e9s sur toute la robe, lui conf\u00e9rant une touche \u00e9tincelante.\" \/>\n<meta property=\"og:url\" content=\"https:\/\/www.koonings.com\/fr\/product\/modeca-zindaya\/\" \/>\n<meta property=\"og:site_name\" content=\"Koonings\" \/>\n<meta property=\"article:publisher\" content=\"https:\/\/www.facebook.com\/kooningstheweddingpalace\" \/>\n<meta property=\"og:image\" content=\"https:\/\/www.koonings.com\/wp-content\/uploads\/2024\/11\/38493_39c32ea0665b963826daa3996caa6dc9e18a1fa7045f128f8b6eac829c3673867db750f0.jpeg\" \/>\n\t<meta property=\"og:image:width\" content=\"1356\" \/>\n\t<meta property=\"og:image:height\" content=\"1918\" \/>\n\t<meta property=\"og:image:type\" content=\"image\/jpeg\" \/>\n<meta name=\"twitter:card\" content=\"summary_large_image\" \/>\n<script type=\"application\/ld+json\" class=\"yoast-schema-graph\">{\"@context\":\"https:\\\/\\\/schema.org\",\"@graph\":[{\"@type\":\"WebPage\",\"@id\":\"https:\\\/\\\/www.koonings.com\\\/fr\\\/product\\\/modeca-zindaya\\\/\",\"url\":\"https:\\\/\\\/www.koonings.com\\\/fr\\\/product\\\/modeca-zindaya\\\/\",\"name\":\"Modeca Zindaya | Koonings\",\"isPartOf\":{\"@id\":\"https:\\\/\\\/www.koonings.com\\\/fr\\\/#website\"},\"primaryImageOfPage\":{\"@id\":\"https:\\\/\\\/www.koonings.com\\\/fr\\\/product\\\/modeca-zindaya\\\/#primaryimage\"},\"image\":{\"@id\":\"https:\\\/\\\/www.koonings.com\\\/fr\\\/product\\\/modeca-zindaya\\\/#primaryimage\"},\"thumbnailUrl\":\"https:\\\/\\\/www.koonings.com\\\/wp-content\\\/uploads\\\/2024\\\/11\\\/38493_39c32ea0665b963826daa3996caa6dc9e18a1fa7045f128f8b6eac829c3673867db750f0.jpeg\",\"datePublished\":\"2026-04-14T14:12:06+00:00\",\"description\":\"Faites une entr\u00e9e remarqu\u00e9e avec cette robe noire Zindaya. Dot\u00e9e d'une silhouette de sir\u00e8ne et d'un d\u00e9collet\u00e9 romantique en forme de c\u0153ur, cette magnifique robe est un v\u00e9ritable coup de foudre. De magnifiques p\u00e9tales perl\u00e9s en 3D sont soigneusement plac\u00e9s sur toute la robe, lui conf\u00e9rant une touche \u00e9tincelante.\",\"breadcrumb\":{\"@id\":\"https:\\\/\\\/www.koonings.com\\\/fr\\\/product\\\/modeca-zindaya\\\/#breadcrumb\"},\"inLanguage\":\"fr-FR\",\"potentialAction\":[{\"@type\":\"ReadAction\",\"target\":[\"https:\\\/\\\/www.koonings.com\\\/fr\\\/product\\\/modeca-zindaya\\\/\"]}]},{\"@type\":\"ImageObject\",\"inLanguage\":\"fr-FR\",\"@id\":\"https:\\\/\\\/www.koonings.com\\\/fr\\\/product\\\/modeca-zindaya\\\/#primaryimage\",\"url\":\"https:\\\/\\\/www.koonings.com\\\/wp-content\\\/uploads\\\/2024\\\/11\\\/38493_39c32ea0665b963826daa3996caa6dc9e18a1fa7045f128f8b6eac829c3673867db750f0.jpeg\",\"contentUrl\":\"https:\\\/\\\/www.koonings.com\\\/wp-content\\\/uploads\\\/2024\\\/11\\\/38493_39c32ea0665b963826daa3996caa6dc9e18a1fa7045f128f8b6eac829c3673867db750f0.jpeg\",\"width\":1356,\"height\":1918},{\"@type\":\"BreadcrumbList\",\"@id\":\"https:\\\/\\\/www.koonings.com\\\/fr\\\/product\\\/modeca-zindaya\\\/#breadcrumb\",\"itemListElement\":[{\"@type\":\"ListItem\",\"position\":1,\"name\":\"Home\",\"item\":\"https:\\\/\\\/www.koonings.com\\\/fr\\\/\"},{\"@type\":\"ListItem\",\"position\":2,\"name\":\"Modeca Zindaya\"}]},{\"@type\":\"WebSite\",\"@id\":\"https:\\\/\\\/www.koonings.com\\\/fr\\\/#website\",\"url\":\"https:\\\/\\\/www.koonings.com\\\/fr\\\/\",\"name\":\"Koonings\",\"description\":\"De grootste bruidsmodewinkel ter wereld\",\"publisher\":{\"@id\":\"https:\\\/\\\/www.koonings.com\\\/fr\\\/#organization\"},\"potentialAction\":[{\"@type\":\"SearchAction\",\"target\":{\"@type\":\"EntryPoint\",\"urlTemplate\":\"https:\\\/\\\/www.koonings.com\\\/fr\\\/?s={search_term_string}\"},\"query-input\":{\"@type\":\"PropertyValueSpecification\",\"valueRequired\":true,\"valueName\":\"search_term_string\"}}],\"inLanguage\":\"fr-FR\"},{\"@type\":\"Organization\",\"@id\":\"https:\\\/\\\/www.koonings.com\\\/fr\\\/#organization\",\"name\":\"Koonings\",\"url\":\"https:\\\/\\\/www.koonings.com\\\/fr\\\/\",\"logo\":{\"@type\":\"ImageObject\",\"inLanguage\":\"fr-FR\",\"@id\":\"https:\\\/\\\/www.koonings.com\\\/fr\\\/#\\\/schema\\\/logo\\\/image\\\/\",\"url\":\"https:\\\/\\\/www.koonings.com\\\/wp-content\\\/uploads\\\/2024\\\/07\\\/logo.png\",\"contentUrl\":\"https:\\\/\\\/www.koonings.com\\\/wp-content\\\/uploads\\\/2024\\\/07\\\/logo.png\",\"width\":600,\"height\":428,\"caption\":\"Koonings\"},\"image\":{\"@id\":\"https:\\\/\\\/www.koonings.com\\\/fr\\\/#\\\/schema\\\/logo\\\/image\\\/\"},\"sameAs\":[\"https:\\\/\\\/www.facebook.com\\\/kooningstheweddingpalace\",\"https:\\\/\\\/www.instagram.com\\\/kooningstheweddingpalace\",\"https:\\\/\\\/www.pinterest.com\\\/koonings\",\"https:\\\/\\\/www.youtube.com\\\/kooningstheweddingpalace\"]}]}<\/script>\n<!-- \/ Yoast SEO plugin. -->","yoast_head_json":{"title":"Modeca Zindaya | Koonings","description":"Faites une entr\u00e9e remarqu\u00e9e avec cette robe noire Zindaya. Dot\u00e9e d'une silhouette de sir\u00e8ne et d'un d\u00e9collet\u00e9 romantique en forme de c\u0153ur, cette magnifique robe est un v\u00e9ritable coup de foudre. De magnifiques p\u00e9tales perl\u00e9s en 3D sont soigneusement plac\u00e9s sur toute la robe, lui conf\u00e9rant une touche \u00e9tincelante.","robots":{"index":"index","follow":"follow","max-snippet":"max-snippet:-1","max-image-preview":"max-image-preview:large","max-video-preview":"max-video-preview:-1"},"canonical":"https:\/\/www.koonings.com\/fr\/product\/modeca-zindaya\/","og_locale":"fr_FR","og_type":"article","og_title":"Modeca Zindaya | Koonings","og_description":"Faites une entr\u00e9e remarqu\u00e9e avec cette robe noire Zindaya. Dot\u00e9e d'une silhouette de sir\u00e8ne et d'un d\u00e9collet\u00e9 romantique en forme de c\u0153ur, cette magnifique robe est un v\u00e9ritable coup de foudre. De magnifiques p\u00e9tales perl\u00e9s en 3D sont soigneusement plac\u00e9s sur toute la robe, lui conf\u00e9rant une touche \u00e9tincelante.","og_url":"https:\/\/www.koonings.com\/fr\/product\/modeca-zindaya\/","og_site_name":"Koonings","article_publisher":"https:\/\/www.facebook.com\/kooningstheweddingpalace","og_image":[{"width":1356,"height":1918,"url":"https:\/\/www.koonings.com\/wp-content\/uploads\/2024\/11\/38493_39c32ea0665b963826daa3996caa6dc9e18a1fa7045f128f8b6eac829c3673867db750f0.jpeg","type":"image\/jpeg"}],"twitter_card":"summary_large_image","schema":{"@context":"https:\/\/schema.org","@graph":[{"@type":"WebPage","@id":"https:\/\/www.koonings.com\/fr\/product\/modeca-zindaya\/","url":"https:\/\/www.koonings.com\/fr\/product\/modeca-zindaya\/","name":"Modeca Zindaya | Koonings","isPartOf":{"@id":"https:\/\/www.koonings.com\/fr\/#website"},"primaryImageOfPage":{"@id":"https:\/\/www.koonings.com\/fr\/product\/modeca-zindaya\/#primaryimage"},"image":{"@id":"https:\/\/www.koonings.com\/fr\/product\/modeca-zindaya\/#primaryimage"},"thumbnailUrl":"https:\/\/www.koonings.com\/wp-content\/uploads\/2024\/11\/38493_39c32ea0665b963826daa3996caa6dc9e18a1fa7045f128f8b6eac829c3673867db750f0.jpeg","datePublished":"2026-04-14T14:12:06+00:00","description":"Faites une entr\u00e9e remarqu\u00e9e avec cette robe noire Zindaya. Dot\u00e9e d'une silhouette de sir\u00e8ne et d'un d\u00e9collet\u00e9 romantique en forme de c\u0153ur, cette magnifique robe est un v\u00e9ritable coup de foudre. De magnifiques p\u00e9tales perl\u00e9s en 3D sont soigneusement plac\u00e9s sur toute la robe, lui conf\u00e9rant une touche \u00e9tincelante.","breadcrumb":{"@id":"https:\/\/www.koonings.com\/fr\/product\/modeca-zindaya\/#breadcrumb"},"inLanguage":"fr-FR","potentialAction":[{"@type":"ReadAction","target":["https:\/\/www.koonings.com\/fr\/product\/modeca-zindaya\/"]}]},{"@type":"ImageObject","inLanguage":"fr-FR","@id":"https:\/\/www.koonings.com\/fr\/product\/modeca-zindaya\/#primaryimage","url":"https:\/\/www.koonings.com\/wp-content\/uploads\/2024\/11\/38493_39c32ea0665b963826daa3996caa6dc9e18a1fa7045f128f8b6eac829c3673867db750f0.jpeg","contentUrl":"https:\/\/www.koonings.com\/wp-content\/uploads\/2024\/11\/38493_39c32ea0665b963826daa3996caa6dc9e18a1fa7045f128f8b6eac829c3673867db750f0.jpeg","width":1356,"height":1918},{"@type":"BreadcrumbList","@id":"https:\/\/www.koonings.com\/fr\/product\/modeca-zindaya\/#breadcrumb","itemListElement":[{"@type":"ListItem","position":1,"name":"Home","item":"https:\/\/www.koonings.com\/fr\/"},{"@type":"ListItem","position":2,"name":"Modeca Zindaya"}]},{"@type":"WebSite","@id":"https:\/\/www.koonings.com\/fr\/#website","url":"https:\/\/www.koonings.com\/fr\/","name":"Koonings","description":"De grootste bruidsmodewinkel ter wereld","publisher":{"@id":"https:\/\/www.koonings.com\/fr\/#organization"},"potentialAction":[{"@type":"SearchAction","target":{"@type":"EntryPoint","urlTemplate":"https:\/\/www.koonings.com\/fr\/?s={search_term_string}"},"query-input":{"@type":"PropertyValueSpecification","valueRequired":true,"valueName":"search_term_string"}}],"inLanguage":"fr-FR"},{"@type":"Organization","@id":"https:\/\/www.koonings.com\/fr\/#organization","name":"Koonings","url":"https:\/\/www.koonings.com\/fr\/","logo":{"@type":"ImageObject","inLanguage":"fr-FR","@id":"https:\/\/www.koonings.com\/fr\/#\/schema\/logo\/image\/","url":"https:\/\/www.koonings.com\/wp-content\/uploads\/2024\/07\/logo.png","contentUrl":"https:\/\/www.koonings.com\/wp-content\/uploads\/2024\/07\/logo.png","width":600,"height":428,"caption":"Koonings"},"image":{"@id":"https:\/\/www.koonings.com\/fr\/#\/schema\/logo\/image\/"},"sameAs":["https:\/\/www.facebook.com\/kooningstheweddingpalace","https:\/\/www.instagram.com\/kooningstheweddingpalace","https:\/\/www.pinterest.com\/koonings","https:\/\/www.youtube.com\/kooningstheweddingpalace"]}]}},"_links":{"self":[{"href":"https:\/\/www.koonings.com\/fr\/wp-json\/wp\/v2\/product\/80352","targetHints":{"allow":["GET"]}}],"collection":[{"href":"https:\/\/www.koonings.com\/fr\/wp-json\/wp\/v2\/product"}],"about":[{"href":"https:\/\/www.koonings.com\/fr\/wp-json\/wp\/v2\/types\/product"}],"wp:featuredmedia":[{"embeddable":true,"href":"https:\/\/www.koonings.com\/fr\/wp-json\/wp\/v2\/media\/76694"}],"wp:attachment":[{"href":"https:\/\/www.koonings.com\/fr\/wp-json\/wp\/v2\/media?parent=80352"}],"wp:term":[{"taxonomy":"productdetails","embeddable":true,"href":"https:\/\/www.koonings.com\/fr\/wp-json\/wp\/v2\/productdetails?post=80352"},{"taxonomy":"productneck","embeddable":true,"href":"https:\/\/www.koonings.com\/fr\/wp-json\/wp\/v2\/productneck?post=80352"},{"taxonomy":"productcolor","embeddable":true,"href":"https:\/\/www.koonings.com\/fr\/wp-json\/wp\/v2\/productcolor?post=80352"},{"taxonomy":"maat","embeddable":true,"href":"https:\/\/www.koonings.com\/fr\/wp-json\/wp\/v2\/maat?post=80352"},{"taxonomy":"productsupplier","embeddable":true,"href":"https:\/\/www.koonings.com\/fr\/wp-json\/wp\/v2\/productsupplier?post=80352"},{"taxonomy":"productsleeve","embeddable":true,"href":"https:\/\/www.koonings.com\/fr\/wp-json\/wp\/v2\/productsleeve?post=80352"},{"taxonomy":"productcategory","embeddable":true,"href":"https:\/\/www.koonings.com\/fr\/wp-json\/wp\/v2\/productcategory?post=80352"},{"taxonomy":"productsilhouette","embeddable":true,"href":"https:\/\/www.koonings.com\/fr\/wp-json\/wp\/v2\/productsilhouette?post=80352"},{"taxonomy":"productstyle","embeddable":true,"href":"https:\/\/www.koonings.com\/fr\/wp-json\/wp\/v2\/productstyle?post=80352"}],"curies":[{"name":"wp","href":"https:\/\/api.w.org\/{rel}","templated":true}]}}