{"id":80290,"date":"2026-04-28T18:28:24","date_gmt":"2026-04-28T16:28:24","guid":{"rendered":"https:\/\/www.koonings.com\/product\/aire-barcelona-ancor-9a136crelep1440\/"},"modified":"2025-06-05T13:51:35","modified_gmt":"2025-06-05T11:51:35","slug":"aire-barcelona-ancor-9a136crelep1440","status":"publish","type":"product","link":"https:\/\/www.koonings.com\/fr\/product\/aire-barcelona-ancor-9a136crelep1440\/","title":{"rendered":"Aire Barcelona Ancor 9A136CRELEP1440"},"content":{"rendered":"<p>\u00c9l\u00e9gante robe de mari\u00e9e de style sir\u00e8ne, confectionn\u00e9e en cr\u00eape extensible associ\u00e9 \u00e0 de la dentelle et \u00e0 des perles. Elle pr\u00e9sente une encolure d\u00e9collet\u00e9e et des manches longues. Une robe d\u00e9licate de Rosa Clar\u00e1.  <\/p>\n","protected":false},"featured_media":75108,"template":"","meta":{"_acf_changed":false,"ghostkit_customizer_options":"","ghostkit_custom_css":"","ghostkit_custom_js_head":"","ghostkit_custom_js_foot":"","ghostkit_typography":""},"productdetails":[376,381],"productneck":[356],"productcolor":[392],"maat":[],"productsupplier":[395],"productsleeve":[362,363],"productcategory":[18],"productsilhouette":[387],"productstyle":[369,366],"class_list":["post-80290","product","type-product","status-publish","has-post-thumbnail","hentry","productdetails-376","productdetails-381","productneck-356","productcolor-392","productsupplier-aire-barcelona","productsleeve-362","productsleeve-363","productcategory-trouwjurken","productsilhouette-387","productstyle-369","productstyle-366"],"acf":[],"yoast_head":"<!-- This site is optimized with the Yoast SEO plugin v27.3 - https:\/\/yoast.com\/product\/yoast-seo-wordpress\/ -->\n<title>Aire Barcelona Ancor 9A136CRELEP1440 | Koonings<\/title>\n<meta name=\"description\" content=\"\u00c9l\u00e9gante robe de mari\u00e9e de style sir\u00e8ne, confectionn\u00e9e en cr\u00eape extensible associ\u00e9 \u00e0 de la dentelle et \u00e0 des perles. Elle pr\u00e9sente une encolure d\u00e9collet\u00e9e et des manches longues. Une robe d\u00e9licate de Rosa Clar\u00e1.\" \/>\n<meta name=\"robots\" content=\"index, follow, max-snippet:-1, max-image-preview:large, max-video-preview:-1\" \/>\n<link rel=\"canonical\" href=\"https:\/\/www.koonings.com\/fr\/product\/aire-barcelona-ancor-9a136crelep1440\/\" \/>\n<meta property=\"og:locale\" content=\"fr_FR\" \/>\n<meta property=\"og:type\" content=\"article\" \/>\n<meta property=\"og:title\" content=\"Aire Barcelona Ancor 9A136CRELEP1440 | Koonings\" \/>\n<meta property=\"og:description\" content=\"\u00c9l\u00e9gante robe de mari\u00e9e de style sir\u00e8ne, confectionn\u00e9e en cr\u00eape extensible associ\u00e9 \u00e0 de la dentelle et \u00e0 des perles. Elle pr\u00e9sente une encolure d\u00e9collet\u00e9e et des manches longues. Une robe d\u00e9licate de Rosa Clar\u00e1.\" \/>\n<meta property=\"og:url\" content=\"https:\/\/www.koonings.com\/fr\/product\/aire-barcelona-ancor-9a136crelep1440\/\" \/>\n<meta property=\"og:site_name\" content=\"Koonings\" \/>\n<meta property=\"article:publisher\" content=\"https:\/\/www.facebook.com\/kooningstheweddingpalace\" \/>\n<meta property=\"og:image\" content=\"https:\/\/www.koonings.com\/wp-content\/uploads\/2024\/11\/49130_cac283284dc53361773fb2f0b794db1e90401e0f8b2b7f206ca9e3ecd6e465226bac6943.jpeg\" \/>\n\t<meta property=\"og:image:width\" content=\"1536\" \/>\n\t<meta property=\"og:image:height\" content=\"1920\" \/>\n\t<meta property=\"og:image:type\" content=\"image\/jpeg\" \/>\n<meta name=\"twitter:card\" content=\"summary_large_image\" \/>\n<script type=\"application\/ld+json\" class=\"yoast-schema-graph\">{\"@context\":\"https:\\\/\\\/schema.org\",\"@graph\":[{\"@type\":\"WebPage\",\"@id\":\"https:\\\/\\\/www.koonings.com\\\/fr\\\/product\\\/aire-barcelona-ancor-9a136crelep1440\\\/\",\"url\":\"https:\\\/\\\/www.koonings.com\\\/fr\\\/product\\\/aire-barcelona-ancor-9a136crelep1440\\\/\",\"name\":\"Aire Barcelona Ancor 9A136CRELEP1440 | Koonings\",\"isPartOf\":{\"@id\":\"https:\\\/\\\/www.koonings.com\\\/fr\\\/#website\"},\"primaryImageOfPage\":{\"@id\":\"https:\\\/\\\/www.koonings.com\\\/fr\\\/product\\\/aire-barcelona-ancor-9a136crelep1440\\\/#primaryimage\"},\"image\":{\"@id\":\"https:\\\/\\\/www.koonings.com\\\/fr\\\/product\\\/aire-barcelona-ancor-9a136crelep1440\\\/#primaryimage\"},\"thumbnailUrl\":\"https:\\\/\\\/www.koonings.com\\\/wp-content\\\/uploads\\\/2024\\\/11\\\/49130_cac283284dc53361773fb2f0b794db1e90401e0f8b2b7f206ca9e3ecd6e465226bac6943.jpeg\",\"datePublished\":\"2026-04-28T16:28:24+00:00\",\"description\":\"\u00c9l\u00e9gante robe de mari\u00e9e de style sir\u00e8ne, confectionn\u00e9e en cr\u00eape extensible associ\u00e9 \u00e0 de la dentelle et \u00e0 des perles. Elle pr\u00e9sente une encolure d\u00e9collet\u00e9e et des manches longues. Une robe d\u00e9licate de Rosa Clar\u00e1.\",\"breadcrumb\":{\"@id\":\"https:\\\/\\\/www.koonings.com\\\/fr\\\/product\\\/aire-barcelona-ancor-9a136crelep1440\\\/#breadcrumb\"},\"inLanguage\":\"fr-FR\",\"potentialAction\":[{\"@type\":\"ReadAction\",\"target\":[\"https:\\\/\\\/www.koonings.com\\\/fr\\\/product\\\/aire-barcelona-ancor-9a136crelep1440\\\/\"]}]},{\"@type\":\"ImageObject\",\"inLanguage\":\"fr-FR\",\"@id\":\"https:\\\/\\\/www.koonings.com\\\/fr\\\/product\\\/aire-barcelona-ancor-9a136crelep1440\\\/#primaryimage\",\"url\":\"https:\\\/\\\/www.koonings.com\\\/wp-content\\\/uploads\\\/2024\\\/11\\\/49130_cac283284dc53361773fb2f0b794db1e90401e0f8b2b7f206ca9e3ecd6e465226bac6943.jpeg\",\"contentUrl\":\"https:\\\/\\\/www.koonings.com\\\/wp-content\\\/uploads\\\/2024\\\/11\\\/49130_cac283284dc53361773fb2f0b794db1e90401e0f8b2b7f206ca9e3ecd6e465226bac6943.jpeg\",\"width\":1536,\"height\":1920},{\"@type\":\"BreadcrumbList\",\"@id\":\"https:\\\/\\\/www.koonings.com\\\/fr\\\/product\\\/aire-barcelona-ancor-9a136crelep1440\\\/#breadcrumb\",\"itemListElement\":[{\"@type\":\"ListItem\",\"position\":1,\"name\":\"Home\",\"item\":\"https:\\\/\\\/www.koonings.com\\\/fr\\\/\"},{\"@type\":\"ListItem\",\"position\":2,\"name\":\"Aire Barcelona Ancor 9A136CRELEP1440\"}]},{\"@type\":\"WebSite\",\"@id\":\"https:\\\/\\\/www.koonings.com\\\/fr\\\/#website\",\"url\":\"https:\\\/\\\/www.koonings.com\\\/fr\\\/\",\"name\":\"Koonings\",\"description\":\"De grootste bruidsmodewinkel ter wereld\",\"publisher\":{\"@id\":\"https:\\\/\\\/www.koonings.com\\\/fr\\\/#organization\"},\"potentialAction\":[{\"@type\":\"SearchAction\",\"target\":{\"@type\":\"EntryPoint\",\"urlTemplate\":\"https:\\\/\\\/www.koonings.com\\\/fr\\\/?s={search_term_string}\"},\"query-input\":{\"@type\":\"PropertyValueSpecification\",\"valueRequired\":true,\"valueName\":\"search_term_string\"}}],\"inLanguage\":\"fr-FR\"},{\"@type\":\"Organization\",\"@id\":\"https:\\\/\\\/www.koonings.com\\\/fr\\\/#organization\",\"name\":\"Koonings\",\"url\":\"https:\\\/\\\/www.koonings.com\\\/fr\\\/\",\"logo\":{\"@type\":\"ImageObject\",\"inLanguage\":\"fr-FR\",\"@id\":\"https:\\\/\\\/www.koonings.com\\\/fr\\\/#\\\/schema\\\/logo\\\/image\\\/\",\"url\":\"https:\\\/\\\/www.koonings.com\\\/wp-content\\\/uploads\\\/2024\\\/07\\\/logo.png\",\"contentUrl\":\"https:\\\/\\\/www.koonings.com\\\/wp-content\\\/uploads\\\/2024\\\/07\\\/logo.png\",\"width\":600,\"height\":428,\"caption\":\"Koonings\"},\"image\":{\"@id\":\"https:\\\/\\\/www.koonings.com\\\/fr\\\/#\\\/schema\\\/logo\\\/image\\\/\"},\"sameAs\":[\"https:\\\/\\\/www.facebook.com\\\/kooningstheweddingpalace\",\"https:\\\/\\\/www.instagram.com\\\/kooningstheweddingpalace\",\"https:\\\/\\\/www.pinterest.com\\\/koonings\",\"https:\\\/\\\/www.youtube.com\\\/kooningstheweddingpalace\"]}]}<\/script>\n<!-- \/ Yoast SEO plugin. -->","yoast_head_json":{"title":"Aire Barcelona Ancor 9A136CRELEP1440 | Koonings","description":"\u00c9l\u00e9gante robe de mari\u00e9e de style sir\u00e8ne, confectionn\u00e9e en cr\u00eape extensible associ\u00e9 \u00e0 de la dentelle et \u00e0 des perles. Elle pr\u00e9sente une encolure d\u00e9collet\u00e9e et des manches longues. Une robe d\u00e9licate de Rosa Clar\u00e1.","robots":{"index":"index","follow":"follow","max-snippet":"max-snippet:-1","max-image-preview":"max-image-preview:large","max-video-preview":"max-video-preview:-1"},"canonical":"https:\/\/www.koonings.com\/fr\/product\/aire-barcelona-ancor-9a136crelep1440\/","og_locale":"fr_FR","og_type":"article","og_title":"Aire Barcelona Ancor 9A136CRELEP1440 | Koonings","og_description":"\u00c9l\u00e9gante robe de mari\u00e9e de style sir\u00e8ne, confectionn\u00e9e en cr\u00eape extensible associ\u00e9 \u00e0 de la dentelle et \u00e0 des perles. Elle pr\u00e9sente une encolure d\u00e9collet\u00e9e et des manches longues. Une robe d\u00e9licate de Rosa Clar\u00e1.","og_url":"https:\/\/www.koonings.com\/fr\/product\/aire-barcelona-ancor-9a136crelep1440\/","og_site_name":"Koonings","article_publisher":"https:\/\/www.facebook.com\/kooningstheweddingpalace","og_image":[{"width":1536,"height":1920,"url":"https:\/\/www.koonings.com\/wp-content\/uploads\/2024\/11\/49130_cac283284dc53361773fb2f0b794db1e90401e0f8b2b7f206ca9e3ecd6e465226bac6943.jpeg","type":"image\/jpeg"}],"twitter_card":"summary_large_image","schema":{"@context":"https:\/\/schema.org","@graph":[{"@type":"WebPage","@id":"https:\/\/www.koonings.com\/fr\/product\/aire-barcelona-ancor-9a136crelep1440\/","url":"https:\/\/www.koonings.com\/fr\/product\/aire-barcelona-ancor-9a136crelep1440\/","name":"Aire Barcelona Ancor 9A136CRELEP1440 | Koonings","isPartOf":{"@id":"https:\/\/www.koonings.com\/fr\/#website"},"primaryImageOfPage":{"@id":"https:\/\/www.koonings.com\/fr\/product\/aire-barcelona-ancor-9a136crelep1440\/#primaryimage"},"image":{"@id":"https:\/\/www.koonings.com\/fr\/product\/aire-barcelona-ancor-9a136crelep1440\/#primaryimage"},"thumbnailUrl":"https:\/\/www.koonings.com\/wp-content\/uploads\/2024\/11\/49130_cac283284dc53361773fb2f0b794db1e90401e0f8b2b7f206ca9e3ecd6e465226bac6943.jpeg","datePublished":"2026-04-28T16:28:24+00:00","description":"\u00c9l\u00e9gante robe de mari\u00e9e de style sir\u00e8ne, confectionn\u00e9e en cr\u00eape extensible associ\u00e9 \u00e0 de la dentelle et \u00e0 des perles. Elle pr\u00e9sente une encolure d\u00e9collet\u00e9e et des manches longues. Une robe d\u00e9licate de Rosa Clar\u00e1.","breadcrumb":{"@id":"https:\/\/www.koonings.com\/fr\/product\/aire-barcelona-ancor-9a136crelep1440\/#breadcrumb"},"inLanguage":"fr-FR","potentialAction":[{"@type":"ReadAction","target":["https:\/\/www.koonings.com\/fr\/product\/aire-barcelona-ancor-9a136crelep1440\/"]}]},{"@type":"ImageObject","inLanguage":"fr-FR","@id":"https:\/\/www.koonings.com\/fr\/product\/aire-barcelona-ancor-9a136crelep1440\/#primaryimage","url":"https:\/\/www.koonings.com\/wp-content\/uploads\/2024\/11\/49130_cac283284dc53361773fb2f0b794db1e90401e0f8b2b7f206ca9e3ecd6e465226bac6943.jpeg","contentUrl":"https:\/\/www.koonings.com\/wp-content\/uploads\/2024\/11\/49130_cac283284dc53361773fb2f0b794db1e90401e0f8b2b7f206ca9e3ecd6e465226bac6943.jpeg","width":1536,"height":1920},{"@type":"BreadcrumbList","@id":"https:\/\/www.koonings.com\/fr\/product\/aire-barcelona-ancor-9a136crelep1440\/#breadcrumb","itemListElement":[{"@type":"ListItem","position":1,"name":"Home","item":"https:\/\/www.koonings.com\/fr\/"},{"@type":"ListItem","position":2,"name":"Aire Barcelona Ancor 9A136CRELEP1440"}]},{"@type":"WebSite","@id":"https:\/\/www.koonings.com\/fr\/#website","url":"https:\/\/www.koonings.com\/fr\/","name":"Koonings","description":"De grootste bruidsmodewinkel ter wereld","publisher":{"@id":"https:\/\/www.koonings.com\/fr\/#organization"},"potentialAction":[{"@type":"SearchAction","target":{"@type":"EntryPoint","urlTemplate":"https:\/\/www.koonings.com\/fr\/?s={search_term_string}"},"query-input":{"@type":"PropertyValueSpecification","valueRequired":true,"valueName":"search_term_string"}}],"inLanguage":"fr-FR"},{"@type":"Organization","@id":"https:\/\/www.koonings.com\/fr\/#organization","name":"Koonings","url":"https:\/\/www.koonings.com\/fr\/","logo":{"@type":"ImageObject","inLanguage":"fr-FR","@id":"https:\/\/www.koonings.com\/fr\/#\/schema\/logo\/image\/","url":"https:\/\/www.koonings.com\/wp-content\/uploads\/2024\/07\/logo.png","contentUrl":"https:\/\/www.koonings.com\/wp-content\/uploads\/2024\/07\/logo.png","width":600,"height":428,"caption":"Koonings"},"image":{"@id":"https:\/\/www.koonings.com\/fr\/#\/schema\/logo\/image\/"},"sameAs":["https:\/\/www.facebook.com\/kooningstheweddingpalace","https:\/\/www.instagram.com\/kooningstheweddingpalace","https:\/\/www.pinterest.com\/koonings","https:\/\/www.youtube.com\/kooningstheweddingpalace"]}]}},"_links":{"self":[{"href":"https:\/\/www.koonings.com\/fr\/wp-json\/wp\/v2\/product\/80290","targetHints":{"allow":["GET"]}}],"collection":[{"href":"https:\/\/www.koonings.com\/fr\/wp-json\/wp\/v2\/product"}],"about":[{"href":"https:\/\/www.koonings.com\/fr\/wp-json\/wp\/v2\/types\/product"}],"wp:featuredmedia":[{"embeddable":true,"href":"https:\/\/www.koonings.com\/fr\/wp-json\/wp\/v2\/media\/75108"}],"wp:attachment":[{"href":"https:\/\/www.koonings.com\/fr\/wp-json\/wp\/v2\/media?parent=80290"}],"wp:term":[{"taxonomy":"productdetails","embeddable":true,"href":"https:\/\/www.koonings.com\/fr\/wp-json\/wp\/v2\/productdetails?post=80290"},{"taxonomy":"productneck","embeddable":true,"href":"https:\/\/www.koonings.com\/fr\/wp-json\/wp\/v2\/productneck?post=80290"},{"taxonomy":"productcolor","embeddable":true,"href":"https:\/\/www.koonings.com\/fr\/wp-json\/wp\/v2\/productcolor?post=80290"},{"taxonomy":"maat","embeddable":true,"href":"https:\/\/www.koonings.com\/fr\/wp-json\/wp\/v2\/maat?post=80290"},{"taxonomy":"productsupplier","embeddable":true,"href":"https:\/\/www.koonings.com\/fr\/wp-json\/wp\/v2\/productsupplier?post=80290"},{"taxonomy":"productsleeve","embeddable":true,"href":"https:\/\/www.koonings.com\/fr\/wp-json\/wp\/v2\/productsleeve?post=80290"},{"taxonomy":"productcategory","embeddable":true,"href":"https:\/\/www.koonings.com\/fr\/wp-json\/wp\/v2\/productcategory?post=80290"},{"taxonomy":"productsilhouette","embeddable":true,"href":"https:\/\/www.koonings.com\/fr\/wp-json\/wp\/v2\/productsilhouette?post=80290"},{"taxonomy":"productstyle","embeddable":true,"href":"https:\/\/www.koonings.com\/fr\/wp-json\/wp\/v2\/productstyle?post=80290"}],"curies":[{"name":"wp","href":"https:\/\/api.w.org\/{rel}","templated":true}]}}