{"id":80261,"date":"2026-04-14T16:20:21","date_gmt":"2026-04-14T14:20:21","guid":{"rendered":"https:\/\/www.koonings.com\/product\/aire-barcelona-whitney\/"},"modified":"2025-06-05T13:51:49","modified_gmt":"2025-06-05T11:51:49","slug":"aire-barcelona-whitney","status":"publish","type":"product","link":"https:\/\/www.koonings.com\/fr\/product\/aire-barcelona-whitney\/","title":{"rendered":"Aire Barcelona Whitney"},"content":{"rendered":"<p>Robe de mari\u00e9e sir\u00e8ne \u00e9l\u00e9gante et romantique, confectionn\u00e9e en cr\u00eape et orn\u00e9e de fleurs en tissu. Elle met en valeur l&#8217;encolure d\u00e9collet\u00e9e, les manches longues et la jupe unie. Une d\u00e9licate robe Aire Atelier.  <\/p>\n","protected":false},"featured_media":75288,"template":"","meta":{"_acf_changed":false,"ghostkit_customizer_options":"","ghostkit_custom_css":"","ghostkit_custom_js_head":"","ghostkit_custom_js_foot":"","ghostkit_typography":""},"productdetails":[],"productneck":[352,354],"productcolor":[392],"maat":[],"productsupplier":[395],"productsleeve":[362,363],"productcategory":[18],"productsilhouette":[387,389],"productstyle":[369,366],"class_list":["post-80261","product","type-product","status-publish","has-post-thumbnail","hentry","productneck-352","productneck-354","productcolor-392","productsupplier-aire-barcelona","productsleeve-362","productsleeve-363","productcategory-trouwjurken","productsilhouette-387","productsilhouette-389","productstyle-369","productstyle-366"],"acf":[],"yoast_head":"<!-- This site is optimized with the Yoast SEO plugin v27.3 - https:\/\/yoast.com\/product\/yoast-seo-wordpress\/ -->\n<title>Aire Barcelona Whitney | Koonings<\/title>\n<meta name=\"description\" content=\"Robe de mari\u00e9e sir\u00e8ne \u00e9l\u00e9gante et romantique, confectionn\u00e9e en cr\u00eape et orn\u00e9e de fleurs en tissu. Elle met en valeur l&#039;encolure d\u00e9collet\u00e9e, les manches longues et la jupe unie. Une d\u00e9licate robe Aire Atelier.\" \/>\n<meta name=\"robots\" content=\"index, follow, max-snippet:-1, max-image-preview:large, max-video-preview:-1\" \/>\n<link rel=\"canonical\" href=\"https:\/\/www.koonings.com\/fr\/product\/aire-barcelona-whitney\/\" \/>\n<meta property=\"og:locale\" content=\"fr_FR\" \/>\n<meta property=\"og:type\" content=\"article\" \/>\n<meta property=\"og:title\" content=\"Aire Barcelona Whitney | Koonings\" \/>\n<meta property=\"og:description\" content=\"Robe de mari\u00e9e sir\u00e8ne \u00e9l\u00e9gante et romantique, confectionn\u00e9e en cr\u00eape et orn\u00e9e de fleurs en tissu. Elle met en valeur l&#039;encolure d\u00e9collet\u00e9e, les manches longues et la jupe unie. Une d\u00e9licate robe Aire Atelier.\" \/>\n<meta property=\"og:url\" content=\"https:\/\/www.koonings.com\/fr\/product\/aire-barcelona-whitney\/\" \/>\n<meta property=\"og:site_name\" content=\"Koonings\" \/>\n<meta property=\"article:publisher\" content=\"https:\/\/www.facebook.com\/kooningstheweddingpalace\" \/>\n<meta property=\"og:image\" content=\"https:\/\/www.koonings.com\/wp-content\/uploads\/2024\/11\/40530_d3987831ab9af2a9884c55e10153e8bf6678de09712b86b54096a7771da0f826791cfe64.jpeg\" \/>\n\t<meta property=\"og:image:width\" content=\"1536\" \/>\n\t<meta property=\"og:image:height\" content=\"1920\" \/>\n\t<meta property=\"og:image:type\" content=\"image\/jpeg\" \/>\n<meta name=\"twitter:card\" content=\"summary_large_image\" \/>\n<script type=\"application\/ld+json\" class=\"yoast-schema-graph\">{\"@context\":\"https:\\\/\\\/schema.org\",\"@graph\":[{\"@type\":\"WebPage\",\"@id\":\"https:\\\/\\\/www.koonings.com\\\/fr\\\/product\\\/aire-barcelona-whitney\\\/\",\"url\":\"https:\\\/\\\/www.koonings.com\\\/fr\\\/product\\\/aire-barcelona-whitney\\\/\",\"name\":\"Aire Barcelona Whitney | Koonings\",\"isPartOf\":{\"@id\":\"https:\\\/\\\/www.koonings.com\\\/fr\\\/#website\"},\"primaryImageOfPage\":{\"@id\":\"https:\\\/\\\/www.koonings.com\\\/fr\\\/product\\\/aire-barcelona-whitney\\\/#primaryimage\"},\"image\":{\"@id\":\"https:\\\/\\\/www.koonings.com\\\/fr\\\/product\\\/aire-barcelona-whitney\\\/#primaryimage\"},\"thumbnailUrl\":\"https:\\\/\\\/www.koonings.com\\\/wp-content\\\/uploads\\\/2024\\\/11\\\/40530_d3987831ab9af2a9884c55e10153e8bf6678de09712b86b54096a7771da0f826791cfe64.jpeg\",\"datePublished\":\"2026-04-14T14:20:21+00:00\",\"description\":\"Robe de mari\u00e9e sir\u00e8ne \u00e9l\u00e9gante et romantique, confectionn\u00e9e en cr\u00eape et orn\u00e9e de fleurs en tissu. Elle met en valeur l'encolure d\u00e9collet\u00e9e, les manches longues et la jupe unie. Une d\u00e9licate robe Aire Atelier.\",\"breadcrumb\":{\"@id\":\"https:\\\/\\\/www.koonings.com\\\/fr\\\/product\\\/aire-barcelona-whitney\\\/#breadcrumb\"},\"inLanguage\":\"fr-FR\",\"potentialAction\":[{\"@type\":\"ReadAction\",\"target\":[\"https:\\\/\\\/www.koonings.com\\\/fr\\\/product\\\/aire-barcelona-whitney\\\/\"]}]},{\"@type\":\"ImageObject\",\"inLanguage\":\"fr-FR\",\"@id\":\"https:\\\/\\\/www.koonings.com\\\/fr\\\/product\\\/aire-barcelona-whitney\\\/#primaryimage\",\"url\":\"https:\\\/\\\/www.koonings.com\\\/wp-content\\\/uploads\\\/2024\\\/11\\\/40530_d3987831ab9af2a9884c55e10153e8bf6678de09712b86b54096a7771da0f826791cfe64.jpeg\",\"contentUrl\":\"https:\\\/\\\/www.koonings.com\\\/wp-content\\\/uploads\\\/2024\\\/11\\\/40530_d3987831ab9af2a9884c55e10153e8bf6678de09712b86b54096a7771da0f826791cfe64.jpeg\",\"width\":1536,\"height\":1920},{\"@type\":\"BreadcrumbList\",\"@id\":\"https:\\\/\\\/www.koonings.com\\\/fr\\\/product\\\/aire-barcelona-whitney\\\/#breadcrumb\",\"itemListElement\":[{\"@type\":\"ListItem\",\"position\":1,\"name\":\"Home\",\"item\":\"https:\\\/\\\/www.koonings.com\\\/fr\\\/\"},{\"@type\":\"ListItem\",\"position\":2,\"name\":\"Aire Barcelona Whitney\"}]},{\"@type\":\"WebSite\",\"@id\":\"https:\\\/\\\/www.koonings.com\\\/fr\\\/#website\",\"url\":\"https:\\\/\\\/www.koonings.com\\\/fr\\\/\",\"name\":\"Koonings\",\"description\":\"De grootste bruidsmodewinkel ter wereld\",\"publisher\":{\"@id\":\"https:\\\/\\\/www.koonings.com\\\/fr\\\/#organization\"},\"potentialAction\":[{\"@type\":\"SearchAction\",\"target\":{\"@type\":\"EntryPoint\",\"urlTemplate\":\"https:\\\/\\\/www.koonings.com\\\/fr\\\/?s={search_term_string}\"},\"query-input\":{\"@type\":\"PropertyValueSpecification\",\"valueRequired\":true,\"valueName\":\"search_term_string\"}}],\"inLanguage\":\"fr-FR\"},{\"@type\":\"Organization\",\"@id\":\"https:\\\/\\\/www.koonings.com\\\/fr\\\/#organization\",\"name\":\"Koonings\",\"url\":\"https:\\\/\\\/www.koonings.com\\\/fr\\\/\",\"logo\":{\"@type\":\"ImageObject\",\"inLanguage\":\"fr-FR\",\"@id\":\"https:\\\/\\\/www.koonings.com\\\/fr\\\/#\\\/schema\\\/logo\\\/image\\\/\",\"url\":\"https:\\\/\\\/www.koonings.com\\\/wp-content\\\/uploads\\\/2024\\\/07\\\/logo.png\",\"contentUrl\":\"https:\\\/\\\/www.koonings.com\\\/wp-content\\\/uploads\\\/2024\\\/07\\\/logo.png\",\"width\":600,\"height\":428,\"caption\":\"Koonings\"},\"image\":{\"@id\":\"https:\\\/\\\/www.koonings.com\\\/fr\\\/#\\\/schema\\\/logo\\\/image\\\/\"},\"sameAs\":[\"https:\\\/\\\/www.facebook.com\\\/kooningstheweddingpalace\",\"https:\\\/\\\/www.instagram.com\\\/kooningstheweddingpalace\",\"https:\\\/\\\/www.pinterest.com\\\/koonings\",\"https:\\\/\\\/www.youtube.com\\\/kooningstheweddingpalace\"]}]}<\/script>\n<!-- \/ Yoast SEO plugin. -->","yoast_head_json":{"title":"Aire Barcelona Whitney | Koonings","description":"Robe de mari\u00e9e sir\u00e8ne \u00e9l\u00e9gante et romantique, confectionn\u00e9e en cr\u00eape et orn\u00e9e de fleurs en tissu. Elle met en valeur l'encolure d\u00e9collet\u00e9e, les manches longues et la jupe unie. Une d\u00e9licate robe Aire Atelier.","robots":{"index":"index","follow":"follow","max-snippet":"max-snippet:-1","max-image-preview":"max-image-preview:large","max-video-preview":"max-video-preview:-1"},"canonical":"https:\/\/www.koonings.com\/fr\/product\/aire-barcelona-whitney\/","og_locale":"fr_FR","og_type":"article","og_title":"Aire Barcelona Whitney | Koonings","og_description":"Robe de mari\u00e9e sir\u00e8ne \u00e9l\u00e9gante et romantique, confectionn\u00e9e en cr\u00eape et orn\u00e9e de fleurs en tissu. Elle met en valeur l'encolure d\u00e9collet\u00e9e, les manches longues et la jupe unie. Une d\u00e9licate robe Aire Atelier.","og_url":"https:\/\/www.koonings.com\/fr\/product\/aire-barcelona-whitney\/","og_site_name":"Koonings","article_publisher":"https:\/\/www.facebook.com\/kooningstheweddingpalace","og_image":[{"width":1536,"height":1920,"url":"https:\/\/www.koonings.com\/wp-content\/uploads\/2024\/11\/40530_d3987831ab9af2a9884c55e10153e8bf6678de09712b86b54096a7771da0f826791cfe64.jpeg","type":"image\/jpeg"}],"twitter_card":"summary_large_image","schema":{"@context":"https:\/\/schema.org","@graph":[{"@type":"WebPage","@id":"https:\/\/www.koonings.com\/fr\/product\/aire-barcelona-whitney\/","url":"https:\/\/www.koonings.com\/fr\/product\/aire-barcelona-whitney\/","name":"Aire Barcelona Whitney | Koonings","isPartOf":{"@id":"https:\/\/www.koonings.com\/fr\/#website"},"primaryImageOfPage":{"@id":"https:\/\/www.koonings.com\/fr\/product\/aire-barcelona-whitney\/#primaryimage"},"image":{"@id":"https:\/\/www.koonings.com\/fr\/product\/aire-barcelona-whitney\/#primaryimage"},"thumbnailUrl":"https:\/\/www.koonings.com\/wp-content\/uploads\/2024\/11\/40530_d3987831ab9af2a9884c55e10153e8bf6678de09712b86b54096a7771da0f826791cfe64.jpeg","datePublished":"2026-04-14T14:20:21+00:00","description":"Robe de mari\u00e9e sir\u00e8ne \u00e9l\u00e9gante et romantique, confectionn\u00e9e en cr\u00eape et orn\u00e9e de fleurs en tissu. Elle met en valeur l'encolure d\u00e9collet\u00e9e, les manches longues et la jupe unie. Une d\u00e9licate robe Aire Atelier.","breadcrumb":{"@id":"https:\/\/www.koonings.com\/fr\/product\/aire-barcelona-whitney\/#breadcrumb"},"inLanguage":"fr-FR","potentialAction":[{"@type":"ReadAction","target":["https:\/\/www.koonings.com\/fr\/product\/aire-barcelona-whitney\/"]}]},{"@type":"ImageObject","inLanguage":"fr-FR","@id":"https:\/\/www.koonings.com\/fr\/product\/aire-barcelona-whitney\/#primaryimage","url":"https:\/\/www.koonings.com\/wp-content\/uploads\/2024\/11\/40530_d3987831ab9af2a9884c55e10153e8bf6678de09712b86b54096a7771da0f826791cfe64.jpeg","contentUrl":"https:\/\/www.koonings.com\/wp-content\/uploads\/2024\/11\/40530_d3987831ab9af2a9884c55e10153e8bf6678de09712b86b54096a7771da0f826791cfe64.jpeg","width":1536,"height":1920},{"@type":"BreadcrumbList","@id":"https:\/\/www.koonings.com\/fr\/product\/aire-barcelona-whitney\/#breadcrumb","itemListElement":[{"@type":"ListItem","position":1,"name":"Home","item":"https:\/\/www.koonings.com\/fr\/"},{"@type":"ListItem","position":2,"name":"Aire Barcelona Whitney"}]},{"@type":"WebSite","@id":"https:\/\/www.koonings.com\/fr\/#website","url":"https:\/\/www.koonings.com\/fr\/","name":"Koonings","description":"De grootste bruidsmodewinkel ter wereld","publisher":{"@id":"https:\/\/www.koonings.com\/fr\/#organization"},"potentialAction":[{"@type":"SearchAction","target":{"@type":"EntryPoint","urlTemplate":"https:\/\/www.koonings.com\/fr\/?s={search_term_string}"},"query-input":{"@type":"PropertyValueSpecification","valueRequired":true,"valueName":"search_term_string"}}],"inLanguage":"fr-FR"},{"@type":"Organization","@id":"https:\/\/www.koonings.com\/fr\/#organization","name":"Koonings","url":"https:\/\/www.koonings.com\/fr\/","logo":{"@type":"ImageObject","inLanguage":"fr-FR","@id":"https:\/\/www.koonings.com\/fr\/#\/schema\/logo\/image\/","url":"https:\/\/www.koonings.com\/wp-content\/uploads\/2024\/07\/logo.png","contentUrl":"https:\/\/www.koonings.com\/wp-content\/uploads\/2024\/07\/logo.png","width":600,"height":428,"caption":"Koonings"},"image":{"@id":"https:\/\/www.koonings.com\/fr\/#\/schema\/logo\/image\/"},"sameAs":["https:\/\/www.facebook.com\/kooningstheweddingpalace","https:\/\/www.instagram.com\/kooningstheweddingpalace","https:\/\/www.pinterest.com\/koonings","https:\/\/www.youtube.com\/kooningstheweddingpalace"]}]}},"_links":{"self":[{"href":"https:\/\/www.koonings.com\/fr\/wp-json\/wp\/v2\/product\/80261","targetHints":{"allow":["GET"]}}],"collection":[{"href":"https:\/\/www.koonings.com\/fr\/wp-json\/wp\/v2\/product"}],"about":[{"href":"https:\/\/www.koonings.com\/fr\/wp-json\/wp\/v2\/types\/product"}],"wp:featuredmedia":[{"embeddable":true,"href":"https:\/\/www.koonings.com\/fr\/wp-json\/wp\/v2\/media\/75288"}],"wp:attachment":[{"href":"https:\/\/www.koonings.com\/fr\/wp-json\/wp\/v2\/media?parent=80261"}],"wp:term":[{"taxonomy":"productdetails","embeddable":true,"href":"https:\/\/www.koonings.com\/fr\/wp-json\/wp\/v2\/productdetails?post=80261"},{"taxonomy":"productneck","embeddable":true,"href":"https:\/\/www.koonings.com\/fr\/wp-json\/wp\/v2\/productneck?post=80261"},{"taxonomy":"productcolor","embeddable":true,"href":"https:\/\/www.koonings.com\/fr\/wp-json\/wp\/v2\/productcolor?post=80261"},{"taxonomy":"maat","embeddable":true,"href":"https:\/\/www.koonings.com\/fr\/wp-json\/wp\/v2\/maat?post=80261"},{"taxonomy":"productsupplier","embeddable":true,"href":"https:\/\/www.koonings.com\/fr\/wp-json\/wp\/v2\/productsupplier?post=80261"},{"taxonomy":"productsleeve","embeddable":true,"href":"https:\/\/www.koonings.com\/fr\/wp-json\/wp\/v2\/productsleeve?post=80261"},{"taxonomy":"productcategory","embeddable":true,"href":"https:\/\/www.koonings.com\/fr\/wp-json\/wp\/v2\/productcategory?post=80261"},{"taxonomy":"productsilhouette","embeddable":true,"href":"https:\/\/www.koonings.com\/fr\/wp-json\/wp\/v2\/productsilhouette?post=80261"},{"taxonomy":"productstyle","embeddable":true,"href":"https:\/\/www.koonings.com\/fr\/wp-json\/wp\/v2\/productstyle?post=80261"}],"curies":[{"name":"wp","href":"https:\/\/api.w.org\/{rel}","templated":true}]}}