{"id":80242,"date":"2026-04-14T16:18:31","date_gmt":"2026-04-14T14:18:31","guid":{"rendered":"https:\/\/www.koonings.com\/product\/modeca-donau-2\/"},"modified":"2026-02-16T15:00:53","modified_gmt":"2026-02-16T14:00:53","slug":"modeca-donau-2","status":"publish","type":"product","link":"https:\/\/www.koonings.com\/fr\/product\/modeca-donau-2\/","title":{"rendered":"Modeca Donau"},"content":{"rendered":"<p>Danube est une vision de l&#8217;\u00e9l\u00e9gance moderne et de la sophistication. La pi\u00e8ce ma\u00eetresse de ce mod\u00e8le est la large encolure d\u00e9collet\u00e9e avec poignets, rehauss\u00e9e de perles pour une touche de glamour intemporel. Donau est le choix parfait pour la mari\u00e9e qui recherche un m\u00e9lange de charme classique et de flair contemporain.  <\/p>\n","protected":false},"featured_media":75456,"template":"","meta":{"_acf_changed":false,"ghostkit_customizer_options":"","ghostkit_custom_css":"","ghostkit_custom_js_head":"","ghostkit_custom_js_foot":"","ghostkit_typography":""},"productdetails":[378],"productneck":[354],"productcolor":[392],"maat":[],"productsupplier":[434],"productsleeve":[363],"productcategory":[18],"productsilhouette":[384],"productstyle":[371,370],"class_list":["post-80242","product","type-product","status-publish","has-post-thumbnail","hentry","productdetails-378","productneck-354","productcolor-392","productsupplier-modeca","productsleeve-363","productcategory-trouwjurken","productsilhouette-384","productstyle-371","productstyle-370"],"acf":[],"yoast_head":"<!-- This site is optimized with the Yoast SEO plugin v27.3 - https:\/\/yoast.com\/product\/yoast-seo-wordpress\/ -->\n<title>Modeca Donau | Koonings<\/title>\n<meta name=\"description\" content=\"Danube est une vision de l&#039;\u00e9l\u00e9gance moderne et de la sophistication. La pi\u00e8ce ma\u00eetresse de ce mod\u00e8le est la large encolure d\u00e9collet\u00e9e avec poignets, rehauss\u00e9e de perles pour une touche de glamour intemporel. Donau est le choix parfait pour la mari\u00e9e qui recherche un m\u00e9lange de charme classique et de flair contemporain.\" \/>\n<meta name=\"robots\" content=\"index, follow, max-snippet:-1, max-image-preview:large, max-video-preview:-1\" \/>\n<link rel=\"canonical\" href=\"https:\/\/www.koonings.com\/fr\/product\/modeca-donau-2\/\" \/>\n<meta property=\"og:locale\" content=\"fr_FR\" \/>\n<meta property=\"og:type\" content=\"article\" \/>\n<meta property=\"og:title\" content=\"Modeca Donau | Koonings\" \/>\n<meta property=\"og:description\" content=\"Danube est une vision de l&#039;\u00e9l\u00e9gance moderne et de la sophistication. La pi\u00e8ce ma\u00eetresse de ce mod\u00e8le est la large encolure d\u00e9collet\u00e9e avec poignets, rehauss\u00e9e de perles pour une touche de glamour intemporel. Donau est le choix parfait pour la mari\u00e9e qui recherche un m\u00e9lange de charme classique et de flair contemporain.\" \/>\n<meta property=\"og:url\" content=\"https:\/\/www.koonings.com\/fr\/product\/modeca-donau-2\/\" \/>\n<meta property=\"og:site_name\" content=\"Koonings\" \/>\n<meta property=\"article:publisher\" content=\"https:\/\/www.facebook.com\/kooningstheweddingpalace\" \/>\n<meta property=\"og:image\" content=\"https:\/\/www.koonings.com\/wp-content\/uploads\/2024\/11\/40329_4fc8ea44c07c5b4aa06e281af9433f441198c91fee65df53b703d116f0bc01e19333ae10.jpeg\" \/>\n\t<meta property=\"og:image:width\" content=\"904\" \/>\n\t<meta property=\"og:image:height\" content=\"1279\" \/>\n\t<meta property=\"og:image:type\" content=\"image\/jpeg\" \/>\n<meta name=\"twitter:card\" content=\"summary_large_image\" \/>\n<script type=\"application\/ld+json\" class=\"yoast-schema-graph\">{\"@context\":\"https:\\\/\\\/schema.org\",\"@graph\":[{\"@type\":\"WebPage\",\"@id\":\"https:\\\/\\\/www.koonings.com\\\/fr\\\/product\\\/modeca-donau-2\\\/\",\"url\":\"https:\\\/\\\/www.koonings.com\\\/fr\\\/product\\\/modeca-donau-2\\\/\",\"name\":\"Modeca Donau | Koonings\",\"isPartOf\":{\"@id\":\"https:\\\/\\\/www.koonings.com\\\/fr\\\/#website\"},\"primaryImageOfPage\":{\"@id\":\"https:\\\/\\\/www.koonings.com\\\/fr\\\/product\\\/modeca-donau-2\\\/#primaryimage\"},\"image\":{\"@id\":\"https:\\\/\\\/www.koonings.com\\\/fr\\\/product\\\/modeca-donau-2\\\/#primaryimage\"},\"thumbnailUrl\":\"https:\\\/\\\/www.koonings.com\\\/wp-content\\\/uploads\\\/2024\\\/11\\\/40329_4fc8ea44c07c5b4aa06e281af9433f441198c91fee65df53b703d116f0bc01e19333ae10.jpeg\",\"datePublished\":\"2026-04-14T14:18:31+00:00\",\"description\":\"Danube est une vision de l'\u00e9l\u00e9gance moderne et de la sophistication. La pi\u00e8ce ma\u00eetresse de ce mod\u00e8le est la large encolure d\u00e9collet\u00e9e avec poignets, rehauss\u00e9e de perles pour une touche de glamour intemporel. Donau est le choix parfait pour la mari\u00e9e qui recherche un m\u00e9lange de charme classique et de flair contemporain.\",\"breadcrumb\":{\"@id\":\"https:\\\/\\\/www.koonings.com\\\/fr\\\/product\\\/modeca-donau-2\\\/#breadcrumb\"},\"inLanguage\":\"fr-FR\",\"potentialAction\":[{\"@type\":\"ReadAction\",\"target\":[\"https:\\\/\\\/www.koonings.com\\\/fr\\\/product\\\/modeca-donau-2\\\/\"]}]},{\"@type\":\"ImageObject\",\"inLanguage\":\"fr-FR\",\"@id\":\"https:\\\/\\\/www.koonings.com\\\/fr\\\/product\\\/modeca-donau-2\\\/#primaryimage\",\"url\":\"https:\\\/\\\/www.koonings.com\\\/wp-content\\\/uploads\\\/2024\\\/11\\\/40329_4fc8ea44c07c5b4aa06e281af9433f441198c91fee65df53b703d116f0bc01e19333ae10.jpeg\",\"contentUrl\":\"https:\\\/\\\/www.koonings.com\\\/wp-content\\\/uploads\\\/2024\\\/11\\\/40329_4fc8ea44c07c5b4aa06e281af9433f441198c91fee65df53b703d116f0bc01e19333ae10.jpeg\",\"width\":904,\"height\":1279},{\"@type\":\"BreadcrumbList\",\"@id\":\"https:\\\/\\\/www.koonings.com\\\/fr\\\/product\\\/modeca-donau-2\\\/#breadcrumb\",\"itemListElement\":[{\"@type\":\"ListItem\",\"position\":1,\"name\":\"Home\",\"item\":\"https:\\\/\\\/www.koonings.com\\\/fr\\\/\"},{\"@type\":\"ListItem\",\"position\":2,\"name\":\"Modeca Donau\"}]},{\"@type\":\"WebSite\",\"@id\":\"https:\\\/\\\/www.koonings.com\\\/fr\\\/#website\",\"url\":\"https:\\\/\\\/www.koonings.com\\\/fr\\\/\",\"name\":\"Koonings\",\"description\":\"De grootste bruidsmodewinkel ter wereld\",\"publisher\":{\"@id\":\"https:\\\/\\\/www.koonings.com\\\/fr\\\/#organization\"},\"potentialAction\":[{\"@type\":\"SearchAction\",\"target\":{\"@type\":\"EntryPoint\",\"urlTemplate\":\"https:\\\/\\\/www.koonings.com\\\/fr\\\/?s={search_term_string}\"},\"query-input\":{\"@type\":\"PropertyValueSpecification\",\"valueRequired\":true,\"valueName\":\"search_term_string\"}}],\"inLanguage\":\"fr-FR\"},{\"@type\":\"Organization\",\"@id\":\"https:\\\/\\\/www.koonings.com\\\/fr\\\/#organization\",\"name\":\"Koonings\",\"url\":\"https:\\\/\\\/www.koonings.com\\\/fr\\\/\",\"logo\":{\"@type\":\"ImageObject\",\"inLanguage\":\"fr-FR\",\"@id\":\"https:\\\/\\\/www.koonings.com\\\/fr\\\/#\\\/schema\\\/logo\\\/image\\\/\",\"url\":\"https:\\\/\\\/www.koonings.com\\\/wp-content\\\/uploads\\\/2024\\\/07\\\/logo.png\",\"contentUrl\":\"https:\\\/\\\/www.koonings.com\\\/wp-content\\\/uploads\\\/2024\\\/07\\\/logo.png\",\"width\":600,\"height\":428,\"caption\":\"Koonings\"},\"image\":{\"@id\":\"https:\\\/\\\/www.koonings.com\\\/fr\\\/#\\\/schema\\\/logo\\\/image\\\/\"},\"sameAs\":[\"https:\\\/\\\/www.facebook.com\\\/kooningstheweddingpalace\",\"https:\\\/\\\/www.instagram.com\\\/kooningstheweddingpalace\",\"https:\\\/\\\/www.pinterest.com\\\/koonings\",\"https:\\\/\\\/www.youtube.com\\\/kooningstheweddingpalace\"]}]}<\/script>\n<!-- \/ Yoast SEO plugin. -->","yoast_head_json":{"title":"Modeca Donau | Koonings","description":"Danube est une vision de l'\u00e9l\u00e9gance moderne et de la sophistication. La pi\u00e8ce ma\u00eetresse de ce mod\u00e8le est la large encolure d\u00e9collet\u00e9e avec poignets, rehauss\u00e9e de perles pour une touche de glamour intemporel. Donau est le choix parfait pour la mari\u00e9e qui recherche un m\u00e9lange de charme classique et de flair contemporain.","robots":{"index":"index","follow":"follow","max-snippet":"max-snippet:-1","max-image-preview":"max-image-preview:large","max-video-preview":"max-video-preview:-1"},"canonical":"https:\/\/www.koonings.com\/fr\/product\/modeca-donau-2\/","og_locale":"fr_FR","og_type":"article","og_title":"Modeca Donau | Koonings","og_description":"Danube est une vision de l'\u00e9l\u00e9gance moderne et de la sophistication. La pi\u00e8ce ma\u00eetresse de ce mod\u00e8le est la large encolure d\u00e9collet\u00e9e avec poignets, rehauss\u00e9e de perles pour une touche de glamour intemporel. Donau est le choix parfait pour la mari\u00e9e qui recherche un m\u00e9lange de charme classique et de flair contemporain.","og_url":"https:\/\/www.koonings.com\/fr\/product\/modeca-donau-2\/","og_site_name":"Koonings","article_publisher":"https:\/\/www.facebook.com\/kooningstheweddingpalace","og_image":[{"width":904,"height":1279,"url":"https:\/\/www.koonings.com\/wp-content\/uploads\/2024\/11\/40329_4fc8ea44c07c5b4aa06e281af9433f441198c91fee65df53b703d116f0bc01e19333ae10.jpeg","type":"image\/jpeg"}],"twitter_card":"summary_large_image","schema":{"@context":"https:\/\/schema.org","@graph":[{"@type":"WebPage","@id":"https:\/\/www.koonings.com\/fr\/product\/modeca-donau-2\/","url":"https:\/\/www.koonings.com\/fr\/product\/modeca-donau-2\/","name":"Modeca Donau | Koonings","isPartOf":{"@id":"https:\/\/www.koonings.com\/fr\/#website"},"primaryImageOfPage":{"@id":"https:\/\/www.koonings.com\/fr\/product\/modeca-donau-2\/#primaryimage"},"image":{"@id":"https:\/\/www.koonings.com\/fr\/product\/modeca-donau-2\/#primaryimage"},"thumbnailUrl":"https:\/\/www.koonings.com\/wp-content\/uploads\/2024\/11\/40329_4fc8ea44c07c5b4aa06e281af9433f441198c91fee65df53b703d116f0bc01e19333ae10.jpeg","datePublished":"2026-04-14T14:18:31+00:00","description":"Danube est une vision de l'\u00e9l\u00e9gance moderne et de la sophistication. La pi\u00e8ce ma\u00eetresse de ce mod\u00e8le est la large encolure d\u00e9collet\u00e9e avec poignets, rehauss\u00e9e de perles pour une touche de glamour intemporel. Donau est le choix parfait pour la mari\u00e9e qui recherche un m\u00e9lange de charme classique et de flair contemporain.","breadcrumb":{"@id":"https:\/\/www.koonings.com\/fr\/product\/modeca-donau-2\/#breadcrumb"},"inLanguage":"fr-FR","potentialAction":[{"@type":"ReadAction","target":["https:\/\/www.koonings.com\/fr\/product\/modeca-donau-2\/"]}]},{"@type":"ImageObject","inLanguage":"fr-FR","@id":"https:\/\/www.koonings.com\/fr\/product\/modeca-donau-2\/#primaryimage","url":"https:\/\/www.koonings.com\/wp-content\/uploads\/2024\/11\/40329_4fc8ea44c07c5b4aa06e281af9433f441198c91fee65df53b703d116f0bc01e19333ae10.jpeg","contentUrl":"https:\/\/www.koonings.com\/wp-content\/uploads\/2024\/11\/40329_4fc8ea44c07c5b4aa06e281af9433f441198c91fee65df53b703d116f0bc01e19333ae10.jpeg","width":904,"height":1279},{"@type":"BreadcrumbList","@id":"https:\/\/www.koonings.com\/fr\/product\/modeca-donau-2\/#breadcrumb","itemListElement":[{"@type":"ListItem","position":1,"name":"Home","item":"https:\/\/www.koonings.com\/fr\/"},{"@type":"ListItem","position":2,"name":"Modeca Donau"}]},{"@type":"WebSite","@id":"https:\/\/www.koonings.com\/fr\/#website","url":"https:\/\/www.koonings.com\/fr\/","name":"Koonings","description":"De grootste bruidsmodewinkel ter wereld","publisher":{"@id":"https:\/\/www.koonings.com\/fr\/#organization"},"potentialAction":[{"@type":"SearchAction","target":{"@type":"EntryPoint","urlTemplate":"https:\/\/www.koonings.com\/fr\/?s={search_term_string}"},"query-input":{"@type":"PropertyValueSpecification","valueRequired":true,"valueName":"search_term_string"}}],"inLanguage":"fr-FR"},{"@type":"Organization","@id":"https:\/\/www.koonings.com\/fr\/#organization","name":"Koonings","url":"https:\/\/www.koonings.com\/fr\/","logo":{"@type":"ImageObject","inLanguage":"fr-FR","@id":"https:\/\/www.koonings.com\/fr\/#\/schema\/logo\/image\/","url":"https:\/\/www.koonings.com\/wp-content\/uploads\/2024\/07\/logo.png","contentUrl":"https:\/\/www.koonings.com\/wp-content\/uploads\/2024\/07\/logo.png","width":600,"height":428,"caption":"Koonings"},"image":{"@id":"https:\/\/www.koonings.com\/fr\/#\/schema\/logo\/image\/"},"sameAs":["https:\/\/www.facebook.com\/kooningstheweddingpalace","https:\/\/www.instagram.com\/kooningstheweddingpalace","https:\/\/www.pinterest.com\/koonings","https:\/\/www.youtube.com\/kooningstheweddingpalace"]}]}},"_links":{"self":[{"href":"https:\/\/www.koonings.com\/fr\/wp-json\/wp\/v2\/product\/80242","targetHints":{"allow":["GET"]}}],"collection":[{"href":"https:\/\/www.koonings.com\/fr\/wp-json\/wp\/v2\/product"}],"about":[{"href":"https:\/\/www.koonings.com\/fr\/wp-json\/wp\/v2\/types\/product"}],"wp:featuredmedia":[{"embeddable":true,"href":"https:\/\/www.koonings.com\/fr\/wp-json\/wp\/v2\/media\/75456"}],"wp:attachment":[{"href":"https:\/\/www.koonings.com\/fr\/wp-json\/wp\/v2\/media?parent=80242"}],"wp:term":[{"taxonomy":"productdetails","embeddable":true,"href":"https:\/\/www.koonings.com\/fr\/wp-json\/wp\/v2\/productdetails?post=80242"},{"taxonomy":"productneck","embeddable":true,"href":"https:\/\/www.koonings.com\/fr\/wp-json\/wp\/v2\/productneck?post=80242"},{"taxonomy":"productcolor","embeddable":true,"href":"https:\/\/www.koonings.com\/fr\/wp-json\/wp\/v2\/productcolor?post=80242"},{"taxonomy":"maat","embeddable":true,"href":"https:\/\/www.koonings.com\/fr\/wp-json\/wp\/v2\/maat?post=80242"},{"taxonomy":"productsupplier","embeddable":true,"href":"https:\/\/www.koonings.com\/fr\/wp-json\/wp\/v2\/productsupplier?post=80242"},{"taxonomy":"productsleeve","embeddable":true,"href":"https:\/\/www.koonings.com\/fr\/wp-json\/wp\/v2\/productsleeve?post=80242"},{"taxonomy":"productcategory","embeddable":true,"href":"https:\/\/www.koonings.com\/fr\/wp-json\/wp\/v2\/productcategory?post=80242"},{"taxonomy":"productsilhouette","embeddable":true,"href":"https:\/\/www.koonings.com\/fr\/wp-json\/wp\/v2\/productsilhouette?post=80242"},{"taxonomy":"productstyle","embeddable":true,"href":"https:\/\/www.koonings.com\/fr\/wp-json\/wp\/v2\/productstyle?post=80242"}],"curies":[{"name":"wp","href":"https:\/\/api.w.org\/{rel}","templated":true}]}}