{"id":80227,"date":"2026-04-28T18:16:58","date_gmt":"2026-04-28T16:16:58","guid":{"rendered":"https:\/\/www.koonings.com\/product\/modeca-doan\/"},"modified":"2025-06-05T13:52:31","modified_gmt":"2025-06-05T11:52:31","slug":"modeca-doan","status":"publish","type":"product","link":"https:\/\/www.koonings.com\/fr\/product\/modeca-doan\/","title":{"rendered":"Modeca Doan"},"content":{"rendered":"<p>Embrassez votre \u00e9l\u00e9gance classique dans ce mod\u00e8le ajust\u00e9 pour le jour du mariage. Doan est une belle robe sans bretelles avec un doux d\u00e9collet\u00e9 en c\u0153ur pour une touche romantique. La simplicit\u00e9 de la silhouette est accentu\u00e9e par des lignes \u00e9pur\u00e9es et une fente haute. Pour plus de polyvalence, des manches bouffantes amovibles vous permettent de personnaliser votre look. Cette robe est \u00e9galement disponible sans les manches amovibles &#8211; Doan-D.    <\/p>\n","protected":false},"featured_media":75516,"template":"","meta":{"_acf_changed":false,"ghostkit_customizer_options":"","ghostkit_custom_css":"","ghostkit_custom_js_head":"","ghostkit_custom_js_foot":"","ghostkit_typography":""},"productdetails":[378],"productneck":[354,355],"productcolor":[392],"maat":[],"productsupplier":[434],"productsleeve":[],"productcategory":[18],"productsilhouette":[389],"productstyle":[365,366,370],"class_list":["post-80227","product","type-product","status-publish","has-post-thumbnail","hentry","productdetails-378","productneck-354","productneck-355","productcolor-392","productsupplier-modeca","productcategory-trouwjurken","productsilhouette-389","productstyle-365","productstyle-366","productstyle-370"],"acf":[],"yoast_head":"<!-- This site is optimized with the Yoast SEO plugin v27.3 - https:\/\/yoast.com\/product\/yoast-seo-wordpress\/ -->\n<title>Modeca Doan | Koonings<\/title>\n<meta name=\"description\" content=\"Embrassez votre \u00e9l\u00e9gance classique dans ce mod\u00e8le ajust\u00e9 pour le jour du mariage. Doan est une belle robe sans bretelles avec un doux d\u00e9collet\u00e9 en c\u0153ur pour une touche romantique. La simplicit\u00e9 de la silhouette est accentu\u00e9e par des lignes \u00e9pur\u00e9es et une fente haute. Pour plus de polyvalence, des manches bouffantes amovibles vous permettent de personnaliser votre look. Cette robe est \u00e9galement disponible sans les manches amovibles - Doan-D.\" \/>\n<meta name=\"robots\" content=\"index, follow, max-snippet:-1, max-image-preview:large, max-video-preview:-1\" \/>\n<link rel=\"canonical\" href=\"https:\/\/www.koonings.com\/fr\/product\/modeca-doan\/\" \/>\n<meta property=\"og:locale\" content=\"fr_FR\" \/>\n<meta property=\"og:type\" content=\"article\" \/>\n<meta property=\"og:title\" content=\"Modeca Doan | Koonings\" \/>\n<meta property=\"og:description\" content=\"Embrassez votre \u00e9l\u00e9gance classique dans ce mod\u00e8le ajust\u00e9 pour le jour du mariage. Doan est une belle robe sans bretelles avec un doux d\u00e9collet\u00e9 en c\u0153ur pour une touche romantique. La simplicit\u00e9 de la silhouette est accentu\u00e9e par des lignes \u00e9pur\u00e9es et une fente haute. Pour plus de polyvalence, des manches bouffantes amovibles vous permettent de personnaliser votre look. Cette robe est \u00e9galement disponible sans les manches amovibles - Doan-D.\" \/>\n<meta property=\"og:url\" content=\"https:\/\/www.koonings.com\/fr\/product\/modeca-doan\/\" \/>\n<meta property=\"og:site_name\" content=\"Koonings\" \/>\n<meta property=\"article:publisher\" content=\"https:\/\/www.facebook.com\/kooningstheweddingpalace\" \/>\n<meta property=\"og:image\" content=\"https:\/\/www.koonings.com\/wp-content\/uploads\/2024\/11\/40340_ca654ff9a97c96768670ea9b223223472fd9130eb7a1f204d92d62ed49e95a10a723d940.jpeg\" \/>\n\t<meta property=\"og:image:width\" content=\"868\" \/>\n\t<meta property=\"og:image:height\" content=\"1229\" \/>\n\t<meta property=\"og:image:type\" content=\"image\/jpeg\" \/>\n<meta name=\"twitter:card\" content=\"summary_large_image\" \/>\n<script type=\"application\/ld+json\" class=\"yoast-schema-graph\">{\"@context\":\"https:\\\/\\\/schema.org\",\"@graph\":[{\"@type\":\"WebPage\",\"@id\":\"https:\\\/\\\/www.koonings.com\\\/fr\\\/product\\\/modeca-doan\\\/\",\"url\":\"https:\\\/\\\/www.koonings.com\\\/fr\\\/product\\\/modeca-doan\\\/\",\"name\":\"Modeca Doan | Koonings\",\"isPartOf\":{\"@id\":\"https:\\\/\\\/www.koonings.com\\\/fr\\\/#website\"},\"primaryImageOfPage\":{\"@id\":\"https:\\\/\\\/www.koonings.com\\\/fr\\\/product\\\/modeca-doan\\\/#primaryimage\"},\"image\":{\"@id\":\"https:\\\/\\\/www.koonings.com\\\/fr\\\/product\\\/modeca-doan\\\/#primaryimage\"},\"thumbnailUrl\":\"https:\\\/\\\/www.koonings.com\\\/wp-content\\\/uploads\\\/2024\\\/11\\\/40340_ca654ff9a97c96768670ea9b223223472fd9130eb7a1f204d92d62ed49e95a10a723d940.jpeg\",\"datePublished\":\"2026-04-28T16:16:58+00:00\",\"description\":\"Embrassez votre \u00e9l\u00e9gance classique dans ce mod\u00e8le ajust\u00e9 pour le jour du mariage. Doan est une belle robe sans bretelles avec un doux d\u00e9collet\u00e9 en c\u0153ur pour une touche romantique. La simplicit\u00e9 de la silhouette est accentu\u00e9e par des lignes \u00e9pur\u00e9es et une fente haute. Pour plus de polyvalence, des manches bouffantes amovibles vous permettent de personnaliser votre look. Cette robe est \u00e9galement disponible sans les manches amovibles - Doan-D.\",\"breadcrumb\":{\"@id\":\"https:\\\/\\\/www.koonings.com\\\/fr\\\/product\\\/modeca-doan\\\/#breadcrumb\"},\"inLanguage\":\"fr-FR\",\"potentialAction\":[{\"@type\":\"ReadAction\",\"target\":[\"https:\\\/\\\/www.koonings.com\\\/fr\\\/product\\\/modeca-doan\\\/\"]}]},{\"@type\":\"ImageObject\",\"inLanguage\":\"fr-FR\",\"@id\":\"https:\\\/\\\/www.koonings.com\\\/fr\\\/product\\\/modeca-doan\\\/#primaryimage\",\"url\":\"https:\\\/\\\/www.koonings.com\\\/wp-content\\\/uploads\\\/2024\\\/11\\\/40340_ca654ff9a97c96768670ea9b223223472fd9130eb7a1f204d92d62ed49e95a10a723d940.jpeg\",\"contentUrl\":\"https:\\\/\\\/www.koonings.com\\\/wp-content\\\/uploads\\\/2024\\\/11\\\/40340_ca654ff9a97c96768670ea9b223223472fd9130eb7a1f204d92d62ed49e95a10a723d940.jpeg\",\"width\":868,\"height\":1229},{\"@type\":\"BreadcrumbList\",\"@id\":\"https:\\\/\\\/www.koonings.com\\\/fr\\\/product\\\/modeca-doan\\\/#breadcrumb\",\"itemListElement\":[{\"@type\":\"ListItem\",\"position\":1,\"name\":\"Home\",\"item\":\"https:\\\/\\\/www.koonings.com\\\/fr\\\/\"},{\"@type\":\"ListItem\",\"position\":2,\"name\":\"Modeca Doan\"}]},{\"@type\":\"WebSite\",\"@id\":\"https:\\\/\\\/www.koonings.com\\\/fr\\\/#website\",\"url\":\"https:\\\/\\\/www.koonings.com\\\/fr\\\/\",\"name\":\"Koonings\",\"description\":\"De grootste bruidsmodewinkel ter wereld\",\"publisher\":{\"@id\":\"https:\\\/\\\/www.koonings.com\\\/fr\\\/#organization\"},\"potentialAction\":[{\"@type\":\"SearchAction\",\"target\":{\"@type\":\"EntryPoint\",\"urlTemplate\":\"https:\\\/\\\/www.koonings.com\\\/fr\\\/?s={search_term_string}\"},\"query-input\":{\"@type\":\"PropertyValueSpecification\",\"valueRequired\":true,\"valueName\":\"search_term_string\"}}],\"inLanguage\":\"fr-FR\"},{\"@type\":\"Organization\",\"@id\":\"https:\\\/\\\/www.koonings.com\\\/fr\\\/#organization\",\"name\":\"Koonings\",\"url\":\"https:\\\/\\\/www.koonings.com\\\/fr\\\/\",\"logo\":{\"@type\":\"ImageObject\",\"inLanguage\":\"fr-FR\",\"@id\":\"https:\\\/\\\/www.koonings.com\\\/fr\\\/#\\\/schema\\\/logo\\\/image\\\/\",\"url\":\"https:\\\/\\\/www.koonings.com\\\/wp-content\\\/uploads\\\/2024\\\/07\\\/logo.png\",\"contentUrl\":\"https:\\\/\\\/www.koonings.com\\\/wp-content\\\/uploads\\\/2024\\\/07\\\/logo.png\",\"width\":600,\"height\":428,\"caption\":\"Koonings\"},\"image\":{\"@id\":\"https:\\\/\\\/www.koonings.com\\\/fr\\\/#\\\/schema\\\/logo\\\/image\\\/\"},\"sameAs\":[\"https:\\\/\\\/www.facebook.com\\\/kooningstheweddingpalace\",\"https:\\\/\\\/www.instagram.com\\\/kooningstheweddingpalace\",\"https:\\\/\\\/www.pinterest.com\\\/koonings\",\"https:\\\/\\\/www.youtube.com\\\/kooningstheweddingpalace\"]}]}<\/script>\n<!-- \/ Yoast SEO plugin. -->","yoast_head_json":{"title":"Modeca Doan | Koonings","description":"Embrassez votre \u00e9l\u00e9gance classique dans ce mod\u00e8le ajust\u00e9 pour le jour du mariage. Doan est une belle robe sans bretelles avec un doux d\u00e9collet\u00e9 en c\u0153ur pour une touche romantique. La simplicit\u00e9 de la silhouette est accentu\u00e9e par des lignes \u00e9pur\u00e9es et une fente haute. Pour plus de polyvalence, des manches bouffantes amovibles vous permettent de personnaliser votre look. Cette robe est \u00e9galement disponible sans les manches amovibles - Doan-D.","robots":{"index":"index","follow":"follow","max-snippet":"max-snippet:-1","max-image-preview":"max-image-preview:large","max-video-preview":"max-video-preview:-1"},"canonical":"https:\/\/www.koonings.com\/fr\/product\/modeca-doan\/","og_locale":"fr_FR","og_type":"article","og_title":"Modeca Doan | Koonings","og_description":"Embrassez votre \u00e9l\u00e9gance classique dans ce mod\u00e8le ajust\u00e9 pour le jour du mariage. Doan est une belle robe sans bretelles avec un doux d\u00e9collet\u00e9 en c\u0153ur pour une touche romantique. La simplicit\u00e9 de la silhouette est accentu\u00e9e par des lignes \u00e9pur\u00e9es et une fente haute. Pour plus de polyvalence, des manches bouffantes amovibles vous permettent de personnaliser votre look. Cette robe est \u00e9galement disponible sans les manches amovibles - Doan-D.","og_url":"https:\/\/www.koonings.com\/fr\/product\/modeca-doan\/","og_site_name":"Koonings","article_publisher":"https:\/\/www.facebook.com\/kooningstheweddingpalace","og_image":[{"width":868,"height":1229,"url":"https:\/\/www.koonings.com\/wp-content\/uploads\/2024\/11\/40340_ca654ff9a97c96768670ea9b223223472fd9130eb7a1f204d92d62ed49e95a10a723d940.jpeg","type":"image\/jpeg"}],"twitter_card":"summary_large_image","schema":{"@context":"https:\/\/schema.org","@graph":[{"@type":"WebPage","@id":"https:\/\/www.koonings.com\/fr\/product\/modeca-doan\/","url":"https:\/\/www.koonings.com\/fr\/product\/modeca-doan\/","name":"Modeca Doan | Koonings","isPartOf":{"@id":"https:\/\/www.koonings.com\/fr\/#website"},"primaryImageOfPage":{"@id":"https:\/\/www.koonings.com\/fr\/product\/modeca-doan\/#primaryimage"},"image":{"@id":"https:\/\/www.koonings.com\/fr\/product\/modeca-doan\/#primaryimage"},"thumbnailUrl":"https:\/\/www.koonings.com\/wp-content\/uploads\/2024\/11\/40340_ca654ff9a97c96768670ea9b223223472fd9130eb7a1f204d92d62ed49e95a10a723d940.jpeg","datePublished":"2026-04-28T16:16:58+00:00","description":"Embrassez votre \u00e9l\u00e9gance classique dans ce mod\u00e8le ajust\u00e9 pour le jour du mariage. Doan est une belle robe sans bretelles avec un doux d\u00e9collet\u00e9 en c\u0153ur pour une touche romantique. La simplicit\u00e9 de la silhouette est accentu\u00e9e par des lignes \u00e9pur\u00e9es et une fente haute. Pour plus de polyvalence, des manches bouffantes amovibles vous permettent de personnaliser votre look. Cette robe est \u00e9galement disponible sans les manches amovibles - Doan-D.","breadcrumb":{"@id":"https:\/\/www.koonings.com\/fr\/product\/modeca-doan\/#breadcrumb"},"inLanguage":"fr-FR","potentialAction":[{"@type":"ReadAction","target":["https:\/\/www.koonings.com\/fr\/product\/modeca-doan\/"]}]},{"@type":"ImageObject","inLanguage":"fr-FR","@id":"https:\/\/www.koonings.com\/fr\/product\/modeca-doan\/#primaryimage","url":"https:\/\/www.koonings.com\/wp-content\/uploads\/2024\/11\/40340_ca654ff9a97c96768670ea9b223223472fd9130eb7a1f204d92d62ed49e95a10a723d940.jpeg","contentUrl":"https:\/\/www.koonings.com\/wp-content\/uploads\/2024\/11\/40340_ca654ff9a97c96768670ea9b223223472fd9130eb7a1f204d92d62ed49e95a10a723d940.jpeg","width":868,"height":1229},{"@type":"BreadcrumbList","@id":"https:\/\/www.koonings.com\/fr\/product\/modeca-doan\/#breadcrumb","itemListElement":[{"@type":"ListItem","position":1,"name":"Home","item":"https:\/\/www.koonings.com\/fr\/"},{"@type":"ListItem","position":2,"name":"Modeca Doan"}]},{"@type":"WebSite","@id":"https:\/\/www.koonings.com\/fr\/#website","url":"https:\/\/www.koonings.com\/fr\/","name":"Koonings","description":"De grootste bruidsmodewinkel ter wereld","publisher":{"@id":"https:\/\/www.koonings.com\/fr\/#organization"},"potentialAction":[{"@type":"SearchAction","target":{"@type":"EntryPoint","urlTemplate":"https:\/\/www.koonings.com\/fr\/?s={search_term_string}"},"query-input":{"@type":"PropertyValueSpecification","valueRequired":true,"valueName":"search_term_string"}}],"inLanguage":"fr-FR"},{"@type":"Organization","@id":"https:\/\/www.koonings.com\/fr\/#organization","name":"Koonings","url":"https:\/\/www.koonings.com\/fr\/","logo":{"@type":"ImageObject","inLanguage":"fr-FR","@id":"https:\/\/www.koonings.com\/fr\/#\/schema\/logo\/image\/","url":"https:\/\/www.koonings.com\/wp-content\/uploads\/2024\/07\/logo.png","contentUrl":"https:\/\/www.koonings.com\/wp-content\/uploads\/2024\/07\/logo.png","width":600,"height":428,"caption":"Koonings"},"image":{"@id":"https:\/\/www.koonings.com\/fr\/#\/schema\/logo\/image\/"},"sameAs":["https:\/\/www.facebook.com\/kooningstheweddingpalace","https:\/\/www.instagram.com\/kooningstheweddingpalace","https:\/\/www.pinterest.com\/koonings","https:\/\/www.youtube.com\/kooningstheweddingpalace"]}]}},"_links":{"self":[{"href":"https:\/\/www.koonings.com\/fr\/wp-json\/wp\/v2\/product\/80227","targetHints":{"allow":["GET"]}}],"collection":[{"href":"https:\/\/www.koonings.com\/fr\/wp-json\/wp\/v2\/product"}],"about":[{"href":"https:\/\/www.koonings.com\/fr\/wp-json\/wp\/v2\/types\/product"}],"wp:featuredmedia":[{"embeddable":true,"href":"https:\/\/www.koonings.com\/fr\/wp-json\/wp\/v2\/media\/75516"}],"wp:attachment":[{"href":"https:\/\/www.koonings.com\/fr\/wp-json\/wp\/v2\/media?parent=80227"}],"wp:term":[{"taxonomy":"productdetails","embeddable":true,"href":"https:\/\/www.koonings.com\/fr\/wp-json\/wp\/v2\/productdetails?post=80227"},{"taxonomy":"productneck","embeddable":true,"href":"https:\/\/www.koonings.com\/fr\/wp-json\/wp\/v2\/productneck?post=80227"},{"taxonomy":"productcolor","embeddable":true,"href":"https:\/\/www.koonings.com\/fr\/wp-json\/wp\/v2\/productcolor?post=80227"},{"taxonomy":"maat","embeddable":true,"href":"https:\/\/www.koonings.com\/fr\/wp-json\/wp\/v2\/maat?post=80227"},{"taxonomy":"productsupplier","embeddable":true,"href":"https:\/\/www.koonings.com\/fr\/wp-json\/wp\/v2\/productsupplier?post=80227"},{"taxonomy":"productsleeve","embeddable":true,"href":"https:\/\/www.koonings.com\/fr\/wp-json\/wp\/v2\/productsleeve?post=80227"},{"taxonomy":"productcategory","embeddable":true,"href":"https:\/\/www.koonings.com\/fr\/wp-json\/wp\/v2\/productcategory?post=80227"},{"taxonomy":"productsilhouette","embeddable":true,"href":"https:\/\/www.koonings.com\/fr\/wp-json\/wp\/v2\/productsilhouette?post=80227"},{"taxonomy":"productstyle","embeddable":true,"href":"https:\/\/www.koonings.com\/fr\/wp-json\/wp\/v2\/productstyle?post=80227"}],"curies":[{"name":"wp","href":"https:\/\/api.w.org\/{rel}","templated":true}]}}