{"id":80222,"date":"2026-04-28T18:16:59","date_gmt":"2026-04-28T16:16:59","guid":{"rendered":"https:\/\/www.koonings.com\/product\/le-papillon-by-modeca-echo\/"},"modified":"2025-06-05T13:52:34","modified_gmt":"2025-06-05T11:52:34","slug":"le-papillon-by-modeca-echo","status":"publish","type":"product","link":"https:\/\/www.koonings.com\/fr\/product\/le-papillon-by-modeca-echo\/","title":{"rendered":"Le Papillon by Modeca Echo"},"content":{"rendered":"<p>Echo est une silhouette de sir\u00e8ne captivante qui incarne l&#8217;\u00e9l\u00e9gance intemporelle avec une touche de modernit\u00e9. Le corsage illusion est orn\u00e9 de dentelle complexe et de paillettes scintillantes, cr\u00e9ant un effet enchanteur alors qu&#8217;elles se fondent harmonieusement dans la jupe. De d\u00e9licates bretelles perl\u00e9es ornent les \u00e9paules et encadrent votre d\u00e9collet\u00e9 de paillettes subtiles.  <\/p>\n","protected":false},"featured_media":75533,"template":"","meta":{"_acf_changed":false,"ghostkit_customizer_options":"","ghostkit_custom_css":"","ghostkit_custom_js_head":"","ghostkit_custom_js_foot":"","ghostkit_typography":""},"productdetails":[376,381],"productneck":[355],"productcolor":[393,392],"maat":[],"productsupplier":[411],"productsleeve":[359],"productcategory":[18],"productsilhouette":[387],"productstyle":[366,370],"class_list":["post-80222","product","type-product","status-publish","has-post-thumbnail","hentry","productdetails-376","productdetails-381","productneck-355","productcolor-393","productcolor-392","productsupplier-le-papillon-by-modeca","productsleeve-359","productcategory-trouwjurken","productsilhouette-387","productstyle-366","productstyle-370"],"acf":[],"yoast_head":"<!-- This site is optimized with the Yoast SEO plugin v27.3 - https:\/\/yoast.com\/product\/yoast-seo-wordpress\/ -->\n<title>Le Papillon by Modeca Echo | Koonings<\/title>\n<meta name=\"description\" content=\"Echo est une silhouette de sir\u00e8ne captivante qui incarne l&#039;\u00e9l\u00e9gance intemporelle avec une touche de modernit\u00e9. Le corsage illusion est orn\u00e9 de dentelle complexe et de paillettes scintillantes, cr\u00e9ant un effet enchanteur alors qu&#039;elles se fondent harmonieusement dans la jupe. De d\u00e9licates bretelles perl\u00e9es ornent les \u00e9paules et encadrent votre d\u00e9collet\u00e9 de paillettes subtiles.\" \/>\n<meta name=\"robots\" content=\"index, follow, max-snippet:-1, max-image-preview:large, max-video-preview:-1\" \/>\n<link rel=\"canonical\" href=\"https:\/\/www.koonings.com\/fr\/product\/le-papillon-by-modeca-echo\/\" \/>\n<meta property=\"og:locale\" content=\"fr_FR\" \/>\n<meta property=\"og:type\" content=\"article\" \/>\n<meta property=\"og:title\" content=\"Le Papillon by Modeca Echo | Koonings\" \/>\n<meta property=\"og:description\" content=\"Echo est une silhouette de sir\u00e8ne captivante qui incarne l&#039;\u00e9l\u00e9gance intemporelle avec une touche de modernit\u00e9. Le corsage illusion est orn\u00e9 de dentelle complexe et de paillettes scintillantes, cr\u00e9ant un effet enchanteur alors qu&#039;elles se fondent harmonieusement dans la jupe. De d\u00e9licates bretelles perl\u00e9es ornent les \u00e9paules et encadrent votre d\u00e9collet\u00e9 de paillettes subtiles.\" \/>\n<meta property=\"og:url\" content=\"https:\/\/www.koonings.com\/fr\/product\/le-papillon-by-modeca-echo\/\" \/>\n<meta property=\"og:site_name\" content=\"Koonings\" \/>\n<meta property=\"article:publisher\" content=\"https:\/\/www.facebook.com\/kooningstheweddingpalace\" \/>\n<meta property=\"og:image\" content=\"https:\/\/www.koonings.com\/wp-content\/uploads\/2024\/11\/40346_8419a933eac78eb66f094531e0dab8e390db35462a20fe71ad32b33b506fdabb5bc1dbbd.jpeg\" \/>\n\t<meta property=\"og:image:width\" content=\"894\" \/>\n\t<meta property=\"og:image:height\" content=\"1264\" \/>\n\t<meta property=\"og:image:type\" content=\"image\/jpeg\" \/>\n<meta name=\"twitter:card\" content=\"summary_large_image\" \/>\n<script type=\"application\/ld+json\" class=\"yoast-schema-graph\">{\"@context\":\"https:\\\/\\\/schema.org\",\"@graph\":[{\"@type\":\"WebPage\",\"@id\":\"https:\\\/\\\/www.koonings.com\\\/fr\\\/product\\\/le-papillon-by-modeca-echo\\\/\",\"url\":\"https:\\\/\\\/www.koonings.com\\\/fr\\\/product\\\/le-papillon-by-modeca-echo\\\/\",\"name\":\"Le Papillon by Modeca Echo | Koonings\",\"isPartOf\":{\"@id\":\"https:\\\/\\\/www.koonings.com\\\/fr\\\/#website\"},\"primaryImageOfPage\":{\"@id\":\"https:\\\/\\\/www.koonings.com\\\/fr\\\/product\\\/le-papillon-by-modeca-echo\\\/#primaryimage\"},\"image\":{\"@id\":\"https:\\\/\\\/www.koonings.com\\\/fr\\\/product\\\/le-papillon-by-modeca-echo\\\/#primaryimage\"},\"thumbnailUrl\":\"https:\\\/\\\/www.koonings.com\\\/wp-content\\\/uploads\\\/2024\\\/11\\\/40346_8419a933eac78eb66f094531e0dab8e390db35462a20fe71ad32b33b506fdabb5bc1dbbd.jpeg\",\"datePublished\":\"2026-04-28T16:16:59+00:00\",\"description\":\"Echo est une silhouette de sir\u00e8ne captivante qui incarne l'\u00e9l\u00e9gance intemporelle avec une touche de modernit\u00e9. Le corsage illusion est orn\u00e9 de dentelle complexe et de paillettes scintillantes, cr\u00e9ant un effet enchanteur alors qu'elles se fondent harmonieusement dans la jupe. De d\u00e9licates bretelles perl\u00e9es ornent les \u00e9paules et encadrent votre d\u00e9collet\u00e9 de paillettes subtiles.\",\"breadcrumb\":{\"@id\":\"https:\\\/\\\/www.koonings.com\\\/fr\\\/product\\\/le-papillon-by-modeca-echo\\\/#breadcrumb\"},\"inLanguage\":\"fr-FR\",\"potentialAction\":[{\"@type\":\"ReadAction\",\"target\":[\"https:\\\/\\\/www.koonings.com\\\/fr\\\/product\\\/le-papillon-by-modeca-echo\\\/\"]}]},{\"@type\":\"ImageObject\",\"inLanguage\":\"fr-FR\",\"@id\":\"https:\\\/\\\/www.koonings.com\\\/fr\\\/product\\\/le-papillon-by-modeca-echo\\\/#primaryimage\",\"url\":\"https:\\\/\\\/www.koonings.com\\\/wp-content\\\/uploads\\\/2024\\\/11\\\/40346_8419a933eac78eb66f094531e0dab8e390db35462a20fe71ad32b33b506fdabb5bc1dbbd.jpeg\",\"contentUrl\":\"https:\\\/\\\/www.koonings.com\\\/wp-content\\\/uploads\\\/2024\\\/11\\\/40346_8419a933eac78eb66f094531e0dab8e390db35462a20fe71ad32b33b506fdabb5bc1dbbd.jpeg\",\"width\":894,\"height\":1264},{\"@type\":\"BreadcrumbList\",\"@id\":\"https:\\\/\\\/www.koonings.com\\\/fr\\\/product\\\/le-papillon-by-modeca-echo\\\/#breadcrumb\",\"itemListElement\":[{\"@type\":\"ListItem\",\"position\":1,\"name\":\"Home\",\"item\":\"https:\\\/\\\/www.koonings.com\\\/fr\\\/\"},{\"@type\":\"ListItem\",\"position\":2,\"name\":\"Le Papillon by Modeca Echo\"}]},{\"@type\":\"WebSite\",\"@id\":\"https:\\\/\\\/www.koonings.com\\\/fr\\\/#website\",\"url\":\"https:\\\/\\\/www.koonings.com\\\/fr\\\/\",\"name\":\"Koonings\",\"description\":\"De grootste bruidsmodewinkel ter wereld\",\"publisher\":{\"@id\":\"https:\\\/\\\/www.koonings.com\\\/fr\\\/#organization\"},\"potentialAction\":[{\"@type\":\"SearchAction\",\"target\":{\"@type\":\"EntryPoint\",\"urlTemplate\":\"https:\\\/\\\/www.koonings.com\\\/fr\\\/?s={search_term_string}\"},\"query-input\":{\"@type\":\"PropertyValueSpecification\",\"valueRequired\":true,\"valueName\":\"search_term_string\"}}],\"inLanguage\":\"fr-FR\"},{\"@type\":\"Organization\",\"@id\":\"https:\\\/\\\/www.koonings.com\\\/fr\\\/#organization\",\"name\":\"Koonings\",\"url\":\"https:\\\/\\\/www.koonings.com\\\/fr\\\/\",\"logo\":{\"@type\":\"ImageObject\",\"inLanguage\":\"fr-FR\",\"@id\":\"https:\\\/\\\/www.koonings.com\\\/fr\\\/#\\\/schema\\\/logo\\\/image\\\/\",\"url\":\"https:\\\/\\\/www.koonings.com\\\/wp-content\\\/uploads\\\/2024\\\/07\\\/logo.png\",\"contentUrl\":\"https:\\\/\\\/www.koonings.com\\\/wp-content\\\/uploads\\\/2024\\\/07\\\/logo.png\",\"width\":600,\"height\":428,\"caption\":\"Koonings\"},\"image\":{\"@id\":\"https:\\\/\\\/www.koonings.com\\\/fr\\\/#\\\/schema\\\/logo\\\/image\\\/\"},\"sameAs\":[\"https:\\\/\\\/www.facebook.com\\\/kooningstheweddingpalace\",\"https:\\\/\\\/www.instagram.com\\\/kooningstheweddingpalace\",\"https:\\\/\\\/www.pinterest.com\\\/koonings\",\"https:\\\/\\\/www.youtube.com\\\/kooningstheweddingpalace\"]}]}<\/script>\n<!-- \/ Yoast SEO plugin. -->","yoast_head_json":{"title":"Le Papillon by Modeca Echo | Koonings","description":"Echo est une silhouette de sir\u00e8ne captivante qui incarne l'\u00e9l\u00e9gance intemporelle avec une touche de modernit\u00e9. Le corsage illusion est orn\u00e9 de dentelle complexe et de paillettes scintillantes, cr\u00e9ant un effet enchanteur alors qu'elles se fondent harmonieusement dans la jupe. De d\u00e9licates bretelles perl\u00e9es ornent les \u00e9paules et encadrent votre d\u00e9collet\u00e9 de paillettes subtiles.","robots":{"index":"index","follow":"follow","max-snippet":"max-snippet:-1","max-image-preview":"max-image-preview:large","max-video-preview":"max-video-preview:-1"},"canonical":"https:\/\/www.koonings.com\/fr\/product\/le-papillon-by-modeca-echo\/","og_locale":"fr_FR","og_type":"article","og_title":"Le Papillon by Modeca Echo | Koonings","og_description":"Echo est une silhouette de sir\u00e8ne captivante qui incarne l'\u00e9l\u00e9gance intemporelle avec une touche de modernit\u00e9. Le corsage illusion est orn\u00e9 de dentelle complexe et de paillettes scintillantes, cr\u00e9ant un effet enchanteur alors qu'elles se fondent harmonieusement dans la jupe. De d\u00e9licates bretelles perl\u00e9es ornent les \u00e9paules et encadrent votre d\u00e9collet\u00e9 de paillettes subtiles.","og_url":"https:\/\/www.koonings.com\/fr\/product\/le-papillon-by-modeca-echo\/","og_site_name":"Koonings","article_publisher":"https:\/\/www.facebook.com\/kooningstheweddingpalace","og_image":[{"width":894,"height":1264,"url":"https:\/\/www.koonings.com\/wp-content\/uploads\/2024\/11\/40346_8419a933eac78eb66f094531e0dab8e390db35462a20fe71ad32b33b506fdabb5bc1dbbd.jpeg","type":"image\/jpeg"}],"twitter_card":"summary_large_image","schema":{"@context":"https:\/\/schema.org","@graph":[{"@type":"WebPage","@id":"https:\/\/www.koonings.com\/fr\/product\/le-papillon-by-modeca-echo\/","url":"https:\/\/www.koonings.com\/fr\/product\/le-papillon-by-modeca-echo\/","name":"Le Papillon by Modeca Echo | Koonings","isPartOf":{"@id":"https:\/\/www.koonings.com\/fr\/#website"},"primaryImageOfPage":{"@id":"https:\/\/www.koonings.com\/fr\/product\/le-papillon-by-modeca-echo\/#primaryimage"},"image":{"@id":"https:\/\/www.koonings.com\/fr\/product\/le-papillon-by-modeca-echo\/#primaryimage"},"thumbnailUrl":"https:\/\/www.koonings.com\/wp-content\/uploads\/2024\/11\/40346_8419a933eac78eb66f094531e0dab8e390db35462a20fe71ad32b33b506fdabb5bc1dbbd.jpeg","datePublished":"2026-04-28T16:16:59+00:00","description":"Echo est une silhouette de sir\u00e8ne captivante qui incarne l'\u00e9l\u00e9gance intemporelle avec une touche de modernit\u00e9. Le corsage illusion est orn\u00e9 de dentelle complexe et de paillettes scintillantes, cr\u00e9ant un effet enchanteur alors qu'elles se fondent harmonieusement dans la jupe. De d\u00e9licates bretelles perl\u00e9es ornent les \u00e9paules et encadrent votre d\u00e9collet\u00e9 de paillettes subtiles.","breadcrumb":{"@id":"https:\/\/www.koonings.com\/fr\/product\/le-papillon-by-modeca-echo\/#breadcrumb"},"inLanguage":"fr-FR","potentialAction":[{"@type":"ReadAction","target":["https:\/\/www.koonings.com\/fr\/product\/le-papillon-by-modeca-echo\/"]}]},{"@type":"ImageObject","inLanguage":"fr-FR","@id":"https:\/\/www.koonings.com\/fr\/product\/le-papillon-by-modeca-echo\/#primaryimage","url":"https:\/\/www.koonings.com\/wp-content\/uploads\/2024\/11\/40346_8419a933eac78eb66f094531e0dab8e390db35462a20fe71ad32b33b506fdabb5bc1dbbd.jpeg","contentUrl":"https:\/\/www.koonings.com\/wp-content\/uploads\/2024\/11\/40346_8419a933eac78eb66f094531e0dab8e390db35462a20fe71ad32b33b506fdabb5bc1dbbd.jpeg","width":894,"height":1264},{"@type":"BreadcrumbList","@id":"https:\/\/www.koonings.com\/fr\/product\/le-papillon-by-modeca-echo\/#breadcrumb","itemListElement":[{"@type":"ListItem","position":1,"name":"Home","item":"https:\/\/www.koonings.com\/fr\/"},{"@type":"ListItem","position":2,"name":"Le Papillon by Modeca Echo"}]},{"@type":"WebSite","@id":"https:\/\/www.koonings.com\/fr\/#website","url":"https:\/\/www.koonings.com\/fr\/","name":"Koonings","description":"De grootste bruidsmodewinkel ter wereld","publisher":{"@id":"https:\/\/www.koonings.com\/fr\/#organization"},"potentialAction":[{"@type":"SearchAction","target":{"@type":"EntryPoint","urlTemplate":"https:\/\/www.koonings.com\/fr\/?s={search_term_string}"},"query-input":{"@type":"PropertyValueSpecification","valueRequired":true,"valueName":"search_term_string"}}],"inLanguage":"fr-FR"},{"@type":"Organization","@id":"https:\/\/www.koonings.com\/fr\/#organization","name":"Koonings","url":"https:\/\/www.koonings.com\/fr\/","logo":{"@type":"ImageObject","inLanguage":"fr-FR","@id":"https:\/\/www.koonings.com\/fr\/#\/schema\/logo\/image\/","url":"https:\/\/www.koonings.com\/wp-content\/uploads\/2024\/07\/logo.png","contentUrl":"https:\/\/www.koonings.com\/wp-content\/uploads\/2024\/07\/logo.png","width":600,"height":428,"caption":"Koonings"},"image":{"@id":"https:\/\/www.koonings.com\/fr\/#\/schema\/logo\/image\/"},"sameAs":["https:\/\/www.facebook.com\/kooningstheweddingpalace","https:\/\/www.instagram.com\/kooningstheweddingpalace","https:\/\/www.pinterest.com\/koonings","https:\/\/www.youtube.com\/kooningstheweddingpalace"]}]}},"_links":{"self":[{"href":"https:\/\/www.koonings.com\/fr\/wp-json\/wp\/v2\/product\/80222","targetHints":{"allow":["GET"]}}],"collection":[{"href":"https:\/\/www.koonings.com\/fr\/wp-json\/wp\/v2\/product"}],"about":[{"href":"https:\/\/www.koonings.com\/fr\/wp-json\/wp\/v2\/types\/product"}],"wp:featuredmedia":[{"embeddable":true,"href":"https:\/\/www.koonings.com\/fr\/wp-json\/wp\/v2\/media\/75533"}],"wp:attachment":[{"href":"https:\/\/www.koonings.com\/fr\/wp-json\/wp\/v2\/media?parent=80222"}],"wp:term":[{"taxonomy":"productdetails","embeddable":true,"href":"https:\/\/www.koonings.com\/fr\/wp-json\/wp\/v2\/productdetails?post=80222"},{"taxonomy":"productneck","embeddable":true,"href":"https:\/\/www.koonings.com\/fr\/wp-json\/wp\/v2\/productneck?post=80222"},{"taxonomy":"productcolor","embeddable":true,"href":"https:\/\/www.koonings.com\/fr\/wp-json\/wp\/v2\/productcolor?post=80222"},{"taxonomy":"maat","embeddable":true,"href":"https:\/\/www.koonings.com\/fr\/wp-json\/wp\/v2\/maat?post=80222"},{"taxonomy":"productsupplier","embeddable":true,"href":"https:\/\/www.koonings.com\/fr\/wp-json\/wp\/v2\/productsupplier?post=80222"},{"taxonomy":"productsleeve","embeddable":true,"href":"https:\/\/www.koonings.com\/fr\/wp-json\/wp\/v2\/productsleeve?post=80222"},{"taxonomy":"productcategory","embeddable":true,"href":"https:\/\/www.koonings.com\/fr\/wp-json\/wp\/v2\/productcategory?post=80222"},{"taxonomy":"productsilhouette","embeddable":true,"href":"https:\/\/www.koonings.com\/fr\/wp-json\/wp\/v2\/productsilhouette?post=80222"},{"taxonomy":"productstyle","embeddable":true,"href":"https:\/\/www.koonings.com\/fr\/wp-json\/wp\/v2\/productstyle?post=80222"}],"curies":[{"name":"wp","href":"https:\/\/api.w.org\/{rel}","templated":true}]}}