{"id":80219,"date":"2026-03-27T16:16:27","date_gmt":"2026-03-27T15:16:27","guid":{"rendered":"https:\/\/www.koonings.com\/product\/modeca-devondra-2\/"},"modified":"2026-02-16T15:01:14","modified_gmt":"2026-02-16T14:01:14","slug":"modeca-devondra-2","status":"publish","type":"product","link":"https:\/\/www.koonings.com\/fr\/product\/modeca-devondra-2\/","title":{"rendered":"Modeca Devondra"},"content":{"rendered":"<p>Optez pour l&#8217;\u00e9ternit\u00e9 avec la robe Devondra. Le corsage en dentelle illusion est orn\u00e9 d&#8217;une dentelle florale 3D complexe, tandis que les bretelles perl\u00e9es ajoutent une touche d&#8217;\u00e9clat et de gr\u00e2ce. Cette robe romantique se termine par une jupe en tulle \u00e9tincelante d\u00e9cor\u00e9e d&#8217;appliques en dentelle. Cette robe est \u00e9galement disponible en tulle uni &#8211; Devondra-A.   <\/p>\n","protected":false},"featured_media":75601,"template":"","meta":{"_acf_changed":false,"ghostkit_customizer_options":"","ghostkit_custom_css":"","ghostkit_custom_js_head":"","ghostkit_custom_js_foot":"","ghostkit_typography":""},"productdetails":[379,376,381],"productneck":[355],"productcolor":[393,392],"maat":[],"productsupplier":[434],"productsleeve":[359],"productcategory":[18],"productsilhouette":[384],"productstyle":[366,370],"class_list":["post-80219","product","type-product","status-publish","has-post-thumbnail","hentry","productdetails-379","productdetails-376","productdetails-381","productneck-355","productcolor-393","productcolor-392","productsupplier-modeca","productsleeve-359","productcategory-trouwjurken","productsilhouette-384","productstyle-366","productstyle-370"],"acf":[],"yoast_head":"<!-- This site is optimized with the Yoast SEO plugin v26.8 - https:\/\/yoast.com\/product\/yoast-seo-wordpress\/ -->\n<title>Modeca Devondra | Koonings<\/title>\n<meta name=\"description\" content=\"Optez pour l&#039;\u00e9ternit\u00e9 avec la robe Devondra. Le corsage en dentelle illusion est orn\u00e9 d&#039;une dentelle florale 3D complexe, tandis que les bretelles perl\u00e9es ajoutent une touche d&#039;\u00e9clat et de gr\u00e2ce. Cette robe romantique se termine par une jupe en tulle \u00e9tincelante d\u00e9cor\u00e9e d&#039;appliques en dentelle. Cette robe est \u00e9galement disponible en tulle uni - Devondra-A.\" \/>\n<meta name=\"robots\" content=\"index, follow, max-snippet:-1, max-image-preview:large, max-video-preview:-1\" \/>\n<link rel=\"canonical\" href=\"https:\/\/www.koonings.com\/fr\/product\/modeca-devondra-2\/\" \/>\n<meta property=\"og:locale\" content=\"fr_FR\" \/>\n<meta property=\"og:type\" content=\"article\" \/>\n<meta property=\"og:title\" content=\"Modeca Devondra | Koonings\" \/>\n<meta property=\"og:description\" content=\"Optez pour l&#039;\u00e9ternit\u00e9 avec la robe Devondra. Le corsage en dentelle illusion est orn\u00e9 d&#039;une dentelle florale 3D complexe, tandis que les bretelles perl\u00e9es ajoutent une touche d&#039;\u00e9clat et de gr\u00e2ce. Cette robe romantique se termine par une jupe en tulle \u00e9tincelante d\u00e9cor\u00e9e d&#039;appliques en dentelle. Cette robe est \u00e9galement disponible en tulle uni - Devondra-A.\" \/>\n<meta property=\"og:url\" content=\"https:\/\/www.koonings.com\/fr\/product\/modeca-devondra-2\/\" \/>\n<meta property=\"og:site_name\" content=\"Koonings\" \/>\n<meta property=\"article:publisher\" content=\"https:\/\/www.facebook.com\/kooningstheweddingpalace\" \/>\n<meta property=\"og:image\" content=\"https:\/\/www.koonings.com\/wp-content\/uploads\/2024\/11\/40359_3750923d159bb8b1c51fb5db1de453ceb77cd17756d40c9615ba8c06d509e854446f9c35.jpeg\" \/>\n\t<meta property=\"og:image:width\" content=\"775\" \/>\n\t<meta property=\"og:image:height\" content=\"1093\" \/>\n\t<meta property=\"og:image:type\" content=\"image\/jpeg\" \/>\n<meta name=\"twitter:card\" content=\"summary_large_image\" \/>\n<script type=\"application\/ld+json\" class=\"yoast-schema-graph\">{\"@context\":\"https:\/\/schema.org\",\"@graph\":[{\"@type\":\"WebPage\",\"@id\":\"https:\/\/www.koonings.com\/fr\/product\/modeca-devondra-2\/\",\"url\":\"https:\/\/www.koonings.com\/fr\/product\/modeca-devondra-2\/\",\"name\":\"Modeca Devondra | Koonings\",\"isPartOf\":{\"@id\":\"https:\/\/www.koonings.com\/fr\/#website\"},\"primaryImageOfPage\":{\"@id\":\"https:\/\/www.koonings.com\/fr\/product\/modeca-devondra-2\/#primaryimage\"},\"image\":{\"@id\":\"https:\/\/www.koonings.com\/fr\/product\/modeca-devondra-2\/#primaryimage\"},\"thumbnailUrl\":\"https:\/\/www.koonings.com\/wp-content\/uploads\/2024\/11\/40359_3750923d159bb8b1c51fb5db1de453ceb77cd17756d40c9615ba8c06d509e854446f9c35.jpeg\",\"datePublished\":\"2026-03-27T15:16:27+00:00\",\"description\":\"Optez pour l'\u00e9ternit\u00e9 avec la robe Devondra. Le corsage en dentelle illusion est orn\u00e9 d'une dentelle florale 3D complexe, tandis que les bretelles perl\u00e9es ajoutent une touche d'\u00e9clat et de gr\u00e2ce. Cette robe romantique se termine par une jupe en tulle \u00e9tincelante d\u00e9cor\u00e9e d'appliques en dentelle. Cette robe est \u00e9galement disponible en tulle uni - Devondra-A.\",\"breadcrumb\":{\"@id\":\"https:\/\/www.koonings.com\/fr\/product\/modeca-devondra-2\/#breadcrumb\"},\"inLanguage\":\"fr-FR\",\"potentialAction\":[{\"@type\":\"ReadAction\",\"target\":[\"https:\/\/www.koonings.com\/fr\/product\/modeca-devondra-2\/\"]}]},{\"@type\":\"ImageObject\",\"inLanguage\":\"fr-FR\",\"@id\":\"https:\/\/www.koonings.com\/fr\/product\/modeca-devondra-2\/#primaryimage\",\"url\":\"https:\/\/www.koonings.com\/wp-content\/uploads\/2024\/11\/40359_3750923d159bb8b1c51fb5db1de453ceb77cd17756d40c9615ba8c06d509e854446f9c35.jpeg\",\"contentUrl\":\"https:\/\/www.koonings.com\/wp-content\/uploads\/2024\/11\/40359_3750923d159bb8b1c51fb5db1de453ceb77cd17756d40c9615ba8c06d509e854446f9c35.jpeg\",\"width\":775,\"height\":1093},{\"@type\":\"BreadcrumbList\",\"@id\":\"https:\/\/www.koonings.com\/fr\/product\/modeca-devondra-2\/#breadcrumb\",\"itemListElement\":[{\"@type\":\"ListItem\",\"position\":1,\"name\":\"Home\",\"item\":\"https:\/\/www.koonings.com\/fr\/\"},{\"@type\":\"ListItem\",\"position\":2,\"name\":\"Modeca Devondra\"}]},{\"@type\":\"WebSite\",\"@id\":\"https:\/\/www.koonings.com\/fr\/#website\",\"url\":\"https:\/\/www.koonings.com\/fr\/\",\"name\":\"Koonings\",\"description\":\"De grootste bruidsmodewinkel ter wereld\",\"publisher\":{\"@id\":\"https:\/\/www.koonings.com\/fr\/#organization\"},\"potentialAction\":[{\"@type\":\"SearchAction\",\"target\":{\"@type\":\"EntryPoint\",\"urlTemplate\":\"https:\/\/www.koonings.com\/fr\/?s={search_term_string}\"},\"query-input\":{\"@type\":\"PropertyValueSpecification\",\"valueRequired\":true,\"valueName\":\"search_term_string\"}}],\"inLanguage\":\"fr-FR\"},{\"@type\":\"Organization\",\"@id\":\"https:\/\/www.koonings.com\/fr\/#organization\",\"name\":\"Koonings\",\"url\":\"https:\/\/www.koonings.com\/fr\/\",\"logo\":{\"@type\":\"ImageObject\",\"inLanguage\":\"fr-FR\",\"@id\":\"https:\/\/www.koonings.com\/fr\/#\/schema\/logo\/image\/\",\"url\":\"https:\/\/www.koonings.com\/wp-content\/uploads\/2024\/07\/logo.png\",\"contentUrl\":\"https:\/\/www.koonings.com\/wp-content\/uploads\/2024\/07\/logo.png\",\"width\":600,\"height\":428,\"caption\":\"Koonings\"},\"image\":{\"@id\":\"https:\/\/www.koonings.com\/fr\/#\/schema\/logo\/image\/\"},\"sameAs\":[\"https:\/\/www.facebook.com\/kooningstheweddingpalace\",\"https:\/\/www.instagram.com\/kooningstheweddingpalace\",\"https:\/\/www.pinterest.com\/koonings\",\"https:\/\/www.youtube.com\/kooningstheweddingpalace\"]}]}<\/script>\n<!-- \/ Yoast SEO plugin. -->","yoast_head_json":{"title":"Modeca Devondra | Koonings","description":"Optez pour l'\u00e9ternit\u00e9 avec la robe Devondra. Le corsage en dentelle illusion est orn\u00e9 d'une dentelle florale 3D complexe, tandis que les bretelles perl\u00e9es ajoutent une touche d'\u00e9clat et de gr\u00e2ce. Cette robe romantique se termine par une jupe en tulle \u00e9tincelante d\u00e9cor\u00e9e d'appliques en dentelle. Cette robe est \u00e9galement disponible en tulle uni - Devondra-A.","robots":{"index":"index","follow":"follow","max-snippet":"max-snippet:-1","max-image-preview":"max-image-preview:large","max-video-preview":"max-video-preview:-1"},"canonical":"https:\/\/www.koonings.com\/fr\/product\/modeca-devondra-2\/","og_locale":"fr_FR","og_type":"article","og_title":"Modeca Devondra | Koonings","og_description":"Optez pour l'\u00e9ternit\u00e9 avec la robe Devondra. Le corsage en dentelle illusion est orn\u00e9 d'une dentelle florale 3D complexe, tandis que les bretelles perl\u00e9es ajoutent une touche d'\u00e9clat et de gr\u00e2ce. Cette robe romantique se termine par une jupe en tulle \u00e9tincelante d\u00e9cor\u00e9e d'appliques en dentelle. Cette robe est \u00e9galement disponible en tulle uni - Devondra-A.","og_url":"https:\/\/www.koonings.com\/fr\/product\/modeca-devondra-2\/","og_site_name":"Koonings","article_publisher":"https:\/\/www.facebook.com\/kooningstheweddingpalace","og_image":[{"width":775,"height":1093,"url":"https:\/\/www.koonings.com\/wp-content\/uploads\/2024\/11\/40359_3750923d159bb8b1c51fb5db1de453ceb77cd17756d40c9615ba8c06d509e854446f9c35.jpeg","type":"image\/jpeg"}],"twitter_card":"summary_large_image","schema":{"@context":"https:\/\/schema.org","@graph":[{"@type":"WebPage","@id":"https:\/\/www.koonings.com\/fr\/product\/modeca-devondra-2\/","url":"https:\/\/www.koonings.com\/fr\/product\/modeca-devondra-2\/","name":"Modeca Devondra | Koonings","isPartOf":{"@id":"https:\/\/www.koonings.com\/fr\/#website"},"primaryImageOfPage":{"@id":"https:\/\/www.koonings.com\/fr\/product\/modeca-devondra-2\/#primaryimage"},"image":{"@id":"https:\/\/www.koonings.com\/fr\/product\/modeca-devondra-2\/#primaryimage"},"thumbnailUrl":"https:\/\/www.koonings.com\/wp-content\/uploads\/2024\/11\/40359_3750923d159bb8b1c51fb5db1de453ceb77cd17756d40c9615ba8c06d509e854446f9c35.jpeg","datePublished":"2026-03-27T15:16:27+00:00","description":"Optez pour l'\u00e9ternit\u00e9 avec la robe Devondra. Le corsage en dentelle illusion est orn\u00e9 d'une dentelle florale 3D complexe, tandis que les bretelles perl\u00e9es ajoutent une touche d'\u00e9clat et de gr\u00e2ce. Cette robe romantique se termine par une jupe en tulle \u00e9tincelante d\u00e9cor\u00e9e d'appliques en dentelle. Cette robe est \u00e9galement disponible en tulle uni - Devondra-A.","breadcrumb":{"@id":"https:\/\/www.koonings.com\/fr\/product\/modeca-devondra-2\/#breadcrumb"},"inLanguage":"fr-FR","potentialAction":[{"@type":"ReadAction","target":["https:\/\/www.koonings.com\/fr\/product\/modeca-devondra-2\/"]}]},{"@type":"ImageObject","inLanguage":"fr-FR","@id":"https:\/\/www.koonings.com\/fr\/product\/modeca-devondra-2\/#primaryimage","url":"https:\/\/www.koonings.com\/wp-content\/uploads\/2024\/11\/40359_3750923d159bb8b1c51fb5db1de453ceb77cd17756d40c9615ba8c06d509e854446f9c35.jpeg","contentUrl":"https:\/\/www.koonings.com\/wp-content\/uploads\/2024\/11\/40359_3750923d159bb8b1c51fb5db1de453ceb77cd17756d40c9615ba8c06d509e854446f9c35.jpeg","width":775,"height":1093},{"@type":"BreadcrumbList","@id":"https:\/\/www.koonings.com\/fr\/product\/modeca-devondra-2\/#breadcrumb","itemListElement":[{"@type":"ListItem","position":1,"name":"Home","item":"https:\/\/www.koonings.com\/fr\/"},{"@type":"ListItem","position":2,"name":"Modeca Devondra"}]},{"@type":"WebSite","@id":"https:\/\/www.koonings.com\/fr\/#website","url":"https:\/\/www.koonings.com\/fr\/","name":"Koonings","description":"De grootste bruidsmodewinkel ter wereld","publisher":{"@id":"https:\/\/www.koonings.com\/fr\/#organization"},"potentialAction":[{"@type":"SearchAction","target":{"@type":"EntryPoint","urlTemplate":"https:\/\/www.koonings.com\/fr\/?s={search_term_string}"},"query-input":{"@type":"PropertyValueSpecification","valueRequired":true,"valueName":"search_term_string"}}],"inLanguage":"fr-FR"},{"@type":"Organization","@id":"https:\/\/www.koonings.com\/fr\/#organization","name":"Koonings","url":"https:\/\/www.koonings.com\/fr\/","logo":{"@type":"ImageObject","inLanguage":"fr-FR","@id":"https:\/\/www.koonings.com\/fr\/#\/schema\/logo\/image\/","url":"https:\/\/www.koonings.com\/wp-content\/uploads\/2024\/07\/logo.png","contentUrl":"https:\/\/www.koonings.com\/wp-content\/uploads\/2024\/07\/logo.png","width":600,"height":428,"caption":"Koonings"},"image":{"@id":"https:\/\/www.koonings.com\/fr\/#\/schema\/logo\/image\/"},"sameAs":["https:\/\/www.facebook.com\/kooningstheweddingpalace","https:\/\/www.instagram.com\/kooningstheweddingpalace","https:\/\/www.pinterest.com\/koonings","https:\/\/www.youtube.com\/kooningstheweddingpalace"]}]}},"_links":{"self":[{"href":"https:\/\/www.koonings.com\/fr\/wp-json\/wp\/v2\/product\/80219","targetHints":{"allow":["GET"]}}],"collection":[{"href":"https:\/\/www.koonings.com\/fr\/wp-json\/wp\/v2\/product"}],"about":[{"href":"https:\/\/www.koonings.com\/fr\/wp-json\/wp\/v2\/types\/product"}],"wp:featuredmedia":[{"embeddable":true,"href":"https:\/\/www.koonings.com\/fr\/wp-json\/wp\/v2\/media\/75601"}],"wp:attachment":[{"href":"https:\/\/www.koonings.com\/fr\/wp-json\/wp\/v2\/media?parent=80219"}],"wp:term":[{"taxonomy":"productdetails","embeddable":true,"href":"https:\/\/www.koonings.com\/fr\/wp-json\/wp\/v2\/productdetails?post=80219"},{"taxonomy":"productneck","embeddable":true,"href":"https:\/\/www.koonings.com\/fr\/wp-json\/wp\/v2\/productneck?post=80219"},{"taxonomy":"productcolor","embeddable":true,"href":"https:\/\/www.koonings.com\/fr\/wp-json\/wp\/v2\/productcolor?post=80219"},{"taxonomy":"maat","embeddable":true,"href":"https:\/\/www.koonings.com\/fr\/wp-json\/wp\/v2\/maat?post=80219"},{"taxonomy":"productsupplier","embeddable":true,"href":"https:\/\/www.koonings.com\/fr\/wp-json\/wp\/v2\/productsupplier?post=80219"},{"taxonomy":"productsleeve","embeddable":true,"href":"https:\/\/www.koonings.com\/fr\/wp-json\/wp\/v2\/productsleeve?post=80219"},{"taxonomy":"productcategory","embeddable":true,"href":"https:\/\/www.koonings.com\/fr\/wp-json\/wp\/v2\/productcategory?post=80219"},{"taxonomy":"productsilhouette","embeddable":true,"href":"https:\/\/www.koonings.com\/fr\/wp-json\/wp\/v2\/productsilhouette?post=80219"},{"taxonomy":"productstyle","embeddable":true,"href":"https:\/\/www.koonings.com\/fr\/wp-json\/wp\/v2\/productstyle?post=80219"}],"curies":[{"name":"wp","href":"https:\/\/api.w.org\/{rel}","templated":true}]}}